{"id":9809,"date":"2025-10-05T15:46:53","date_gmt":"2025-10-05T14:46:53","guid":{"rendered":"https:\/\/cloakmyads.com\/?post_type=product&#038;p=9809"},"modified":"2025-11-08T09:36:42","modified_gmt":"2025-11-08T14:36:42","slug":"xiaomi-getapps-gizleme","status":"publish","type":"product","link":"https:\/\/cloakmyads.com\/tr\/satin-al\/xiaomi-getapps-gizleme\/","title":{"rendered":"Xiaomi GetApps Gizleme"},"content":{"rendered":"<p data-start=\"1541\" data-end=\"1729\">Xiaomi GetApps ma\u011fazas\u0131 her g\u00f6nderimi \u015fu yolla do\u011frular <strong data-start=\"1605\" data-end=\"1629\">Mi Geli\u015ftirici Konsolu<\/strong>, Hem otomatik statik analiz hem de Xiaomi'nin b\u00f6lgesel moderasyon ekiplerinin manuel incelemelerini kullanarak.<\/p>\n<p data-start=\"1731\" data-end=\"1847\">\u0130zinsiz reklam, kripto para i\u00e7eri\u011fi veya izin gerektiren i\u015flevler i\u00e7eren herhangi bir APK an\u0131nda i\u015faretlenir.<\/p>\n<p data-start=\"1849\" data-end=\"2147\">Gizleyicimiz bunu etkisiz hale getirir. Orijinal APK'n\u0131z\u0131 uyumlu bir MIUI yard\u0131mc\u0131 program\u0131n\u0131n i\u00e7ine yerle\u015ftirir - genellikle bir \u201cdosya temizleyici\u201d, \u201ctema arac\u0131\u201d veya \u201cfoto\u011fraf d\u00fczenleyici\u201d. D\u0131\u015f katman t\u00fcm inceleme kriterlerini (izinler, SDK kullan\u0131m\u0131, kategori uyumu) ge\u00e7erken, as\u0131l mant\u0131\u011f\u0131n\u0131z etkinle\u015ftirilene kadar hareketsiz kal\u0131r.<\/p>\n<p data-start=\"2149\" data-end=\"2347\">Onaylan\u0131p yay\u0131na girdikten sonra, gizleyici orijinal uygulaman\u0131z\u0131 zaman, GEO, IP veya cihaz parmak izi gibi tetikleyicilere g\u00f6re uzaktan etkinle\u015ftirir. \u00c7evirme i\u015flemi, yeni bir y\u00fckleme veya yeniden do\u011frulama olmadan sessizce ger\u00e7ekle\u015fir.<\/p>\n<p data-start=\"2349\" data-end=\"2623\">Kendi hesab\u0131n\u0131z \u00fczerinden yay\u0131nlayabilirsiniz <strong data-start=\"2378\" data-end=\"2402\">Mi Geli\u015ftirici Hesab\u0131<\/strong>, ya da do\u011fru GetApps b\u00f6lgesine ba\u011fl\u0131 do\u011frulanm\u0131\u015f bir tane sa\u011flayaca\u011f\u0131z. Listeleme, inceleme s\u0131ras\u0131nda tamamen uyumlu kal\u0131r ancak daha sonra ger\u00e7ek uygulaman\u0131za d\u00f6n\u00fc\u015f\u00fcr - Xiaomi'nin politika filtreleri taraf\u0131ndan k\u0131s\u0131tlanan projeler i\u00e7in m\u00fckemmeldir.<\/p>","protected":false},"excerpt":{"rendered":"<p>Engellenmi\u015f veya k\u0131s\u0131tlanm\u0131\u015f Android uygulaman\u0131z\u0131 g\u00f6nderin - temiz bir Xiaomi GetApps derlemesi olarak gizliyoruz, MIUI incelemesini sorunsuz bir \u015fekilde ge\u00e7iyoruz ve onayland\u0131ktan sonra ger\u00e7ek uygulaman\u0131z\u0131 otomatik olarak etkinle\u015ftiriyoruz.<\/p>","protected":false},"featured_media":9556,"template":"","meta":{"_acf_changed":false},"product_brand":[],"product_cat":[326],"product_tag":[],"class_list":{"0":"post-9809","1":"product","2":"type-product","3":"status-publish","4":"has-post-thumbnail","6":"product_cat-app-cloaking","8":"first","9":"instock","10":"purchasable","11":"product-type-simple"},"acf":[],"yoast_head":"<!-- This site is optimized with the Yoast SEO Premium plugin v26.6 (Yoast SEO v26.7) - https:\/\/yoast.com\/wordpress\/plugins\/seo\/ -->\n<title>Buy Xiaomi GetApps Cloaking \u2013 Bypass MIUI Review &amp; Publish Safely<\/title>\n<meta name=\"description\" content=\"Submit your blocked Xiaomi APK. Our cloaker builds a compliant GetApps shell, passes review, and activates your real app silently after approval.\" \/>\n<meta name=\"robots\" content=\"index, follow, max-snippet:-1, max-image-preview:large, max-video-preview:-1\" \/>\n<link rel=\"canonical\" href=\"https:\/\/cloakmyads.com\/tr\/satin-al\/xiaomi-getapps-gizleme\/\" \/>\n<meta property=\"og:locale\" content=\"tr_TR\" \/>\n<meta property=\"og:type\" content=\"article\" \/>\n<meta property=\"og:title\" content=\"Xiaomi GetApps Cloaking\" \/>\n<meta property=\"og:description\" content=\"Submit your blocked Xiaomi APK. Our cloaker builds a compliant GetApps shell, passes review, and activates your real app silently after approval.\" \/>\n<meta property=\"og:url\" content=\"https:\/\/cloakmyads.com\/tr\/satin-al\/xiaomi-getapps-gizleme\/\" \/>\n<meta property=\"og:site_name\" content=\"CloakMyAds\" \/>\n<meta property=\"article:modified_time\" content=\"2025-11-08T14:36:42+00:00\" \/>\n<meta property=\"og:image\" content=\"https:\/\/cloakmyads.com\/wp-content\/uploads\/2025\/09\/cloaking-ads.jpg\" \/>\n\t<meta property=\"og:image:width\" content=\"605\" \/>\n\t<meta property=\"og:image:height\" content=\"400\" \/>\n\t<meta property=\"og:image:type\" content=\"image\/jpeg\" \/>\n<meta name=\"twitter:card\" content=\"summary_large_image\" \/>\n<meta name=\"twitter:label1\" content=\"Tahmini okuma s\u00fcresi\" \/>\n\t<meta name=\"twitter:data1\" content=\"1 dakika\" \/>\n<script type=\"application\/ld+json\" class=\"yoast-schema-graph\">{\"@context\":\"https:\/\/schema.org\",\"@graph\":[{\"@type\":\"WebPage\",\"@id\":\"https:\/\/cloakmyads.com\/buy\/xiaomi-getapps-cloaking\/\",\"url\":\"https:\/\/cloakmyads.com\/buy\/xiaomi-getapps-cloaking\/\",\"name\":\"Buy Xiaomi GetApps Cloaking \u2013 Bypass MIUI Review & Publish Safely\",\"isPartOf\":{\"@id\":\"https:\/\/cloakmyads.com\/#website\"},\"primaryImageOfPage\":{\"@id\":\"https:\/\/cloakmyads.com\/buy\/xiaomi-getapps-cloaking\/#primaryimage\"},\"image\":{\"@id\":\"https:\/\/cloakmyads.com\/buy\/xiaomi-getapps-cloaking\/#primaryimage\"},\"thumbnailUrl\":\"https:\/\/cloakmyads.com\/wp-content\/uploads\/2025\/09\/cloaking-ads.jpg\",\"datePublished\":\"2025-10-05T14:46:53+00:00\",\"dateModified\":\"2025-11-08T14:36:42+00:00\",\"description\":\"Submit your blocked Xiaomi APK. Our cloaker builds a compliant GetApps shell, passes review, and activates your real app silently after approval.\",\"breadcrumb\":{\"@id\":\"https:\/\/cloakmyads.com\/buy\/xiaomi-getapps-cloaking\/#breadcrumb\"},\"inLanguage\":\"tr\",\"potentialAction\":[{\"@type\":\"ReadAction\",\"target\":[\"https:\/\/cloakmyads.com\/buy\/xiaomi-getapps-cloaking\/\"]}]},{\"@type\":\"ImageObject\",\"inLanguage\":\"tr\",\"@id\":\"https:\/\/cloakmyads.com\/buy\/xiaomi-getapps-cloaking\/#primaryimage\",\"url\":\"https:\/\/cloakmyads.com\/wp-content\/uploads\/2025\/09\/cloaking-ads.jpg\",\"contentUrl\":\"https:\/\/cloakmyads.com\/wp-content\/uploads\/2025\/09\/cloaking-ads.jpg\",\"width\":605,\"height\":400,\"caption\":\"Ads cloaking\"},{\"@type\":\"BreadcrumbList\",\"@id\":\"https:\/\/cloakmyads.com\/buy\/xiaomi-getapps-cloaking\/#breadcrumb\",\"itemListElement\":[{\"@type\":\"ListItem\",\"position\":1,\"name\":\"Home\",\"item\":\"https:\/\/cloakmyads.com\/\"},{\"@type\":\"ListItem\",\"position\":2,\"name\":\"Shop\",\"item\":\"https:\/\/cloakmyads.com\/ar\/%d9%85%d8%aa%d8%ac%d8%b1\/\"},{\"@type\":\"ListItem\",\"position\":3,\"name\":\"Xiaomi GetApps Cloaking\"}]},{\"@type\":\"WebSite\",\"@id\":\"https:\/\/cloakmyads.com\/#website\",\"url\":\"https:\/\/cloakmyads.com\/\",\"name\":\"CloakMyAds\",\"description\":\"\",\"publisher\":{\"@id\":\"https:\/\/cloakmyads.com\/#organization\"},\"potentialAction\":[{\"@type\":\"SearchAction\",\"target\":{\"@type\":\"EntryPoint\",\"urlTemplate\":\"https:\/\/cloakmyads.com\/?s={search_term_string}\"},\"query-input\":{\"@type\":\"PropertyValueSpecification\",\"valueRequired\":true,\"valueName\":\"search_term_string\"}}],\"inLanguage\":\"tr\"},{\"@type\":\"Organization\",\"@id\":\"https:\/\/cloakmyads.com\/#organization\",\"name\":\"Buy Google Ads Accounts\",\"url\":\"https:\/\/cloakmyads.com\/\",\"logo\":{\"@type\":\"ImageObject\",\"inLanguage\":\"tr\",\"@id\":\"https:\/\/cloakmyads.com\/#\/schema\/logo\/image\/\",\"url\":\"https:\/\/cloakmyads.com\/wp-content\/uploads\/2025\/11\/fav-cloak.jpg\",\"contentUrl\":\"https:\/\/cloakmyads.com\/wp-content\/uploads\/2025\/11\/fav-cloak.jpg\",\"width\":512,\"height\":512,\"caption\":\"Buy Google Ads Accounts\"},\"image\":{\"@id\":\"https:\/\/cloakmyads.com\/#\/schema\/logo\/image\/\"}}]}<\/script>\n<!-- \/ Yoast SEO Premium plugin. -->","yoast_head_json":{"title":"Xiaomi GetApps Cloaking Sat\u0131n Al\u0131n - MIUI \u0130ncelemesini Atlay\u0131n ve G\u00fcvenle Yay\u0131nlay\u0131n","description":"Engellenen Xiaomi APK'n\u0131z\u0131 g\u00f6nderin. Gizleyicimiz uyumlu bir GetApps kabu\u011fu olu\u015fturur, incelemeyi ge\u00e7er ve onayland\u0131ktan sonra ger\u00e7ek uygulaman\u0131z\u0131 sessizce etkinle\u015ftirir.","robots":{"index":"index","follow":"follow","max-snippet":"max-snippet:-1","max-image-preview":"max-image-preview:large","max-video-preview":"max-video-preview:-1"},"canonical":"https:\/\/cloakmyads.com\/tr\/satin-al\/xiaomi-getapps-gizleme\/","og_locale":"tr_TR","og_type":"article","og_title":"Xiaomi GetApps Cloaking","og_description":"Submit your blocked Xiaomi APK. Our cloaker builds a compliant GetApps shell, passes review, and activates your real app silently after approval.","og_url":"https:\/\/cloakmyads.com\/tr\/satin-al\/xiaomi-getapps-gizleme\/","og_site_name":"CloakMyAds","article_modified_time":"2025-11-08T14:36:42+00:00","og_image":[{"width":605,"height":400,"url":"https:\/\/cloakmyads.com\/wp-content\/uploads\/2025\/09\/cloaking-ads.jpg","type":"image\/jpeg"}],"twitter_card":"summary_large_image","twitter_misc":{"Tahmini okuma s\u00fcresi":"1 dakika"},"schema":{"@context":"https:\/\/schema.org","@graph":[{"@type":"WebPage","@id":"https:\/\/cloakmyads.com\/buy\/xiaomi-getapps-cloaking\/","url":"https:\/\/cloakmyads.com\/buy\/xiaomi-getapps-cloaking\/","name":"Xiaomi GetApps Cloaking Sat\u0131n Al\u0131n - MIUI \u0130ncelemesini Atlay\u0131n ve G\u00fcvenle Yay\u0131nlay\u0131n","isPartOf":{"@id":"https:\/\/cloakmyads.com\/#website"},"primaryImageOfPage":{"@id":"https:\/\/cloakmyads.com\/buy\/xiaomi-getapps-cloaking\/#primaryimage"},"image":{"@id":"https:\/\/cloakmyads.com\/buy\/xiaomi-getapps-cloaking\/#primaryimage"},"thumbnailUrl":"https:\/\/cloakmyads.com\/wp-content\/uploads\/2025\/09\/cloaking-ads.jpg","datePublished":"2025-10-05T14:46:53+00:00","dateModified":"2025-11-08T14:36:42+00:00","description":"Engellenen Xiaomi APK'n\u0131z\u0131 g\u00f6nderin. Gizleyicimiz uyumlu bir GetApps kabu\u011fu olu\u015fturur, incelemeyi ge\u00e7er ve onayland\u0131ktan sonra ger\u00e7ek uygulaman\u0131z\u0131 sessizce etkinle\u015ftirir.","breadcrumb":{"@id":"https:\/\/cloakmyads.com\/buy\/xiaomi-getapps-cloaking\/#breadcrumb"},"inLanguage":"tr","potentialAction":[{"@type":"ReadAction","target":["https:\/\/cloakmyads.com\/buy\/xiaomi-getapps-cloaking\/"]}]},{"@type":"ImageObject","inLanguage":"tr","@id":"https:\/\/cloakmyads.com\/buy\/xiaomi-getapps-cloaking\/#primaryimage","url":"https:\/\/cloakmyads.com\/wp-content\/uploads\/2025\/09\/cloaking-ads.jpg","contentUrl":"https:\/\/cloakmyads.com\/wp-content\/uploads\/2025\/09\/cloaking-ads.jpg","width":605,"height":400,"caption":"Ads cloaking"},{"@type":"BreadcrumbList","@id":"https:\/\/cloakmyads.com\/buy\/xiaomi-getapps-cloaking\/#breadcrumb","itemListElement":[{"@type":"ListItem","position":1,"name":"Home","item":"https:\/\/cloakmyads.com\/"},{"@type":"ListItem","position":2,"name":"Shop","item":"https:\/\/cloakmyads.com\/ar\/%d9%85%d8%aa%d8%ac%d8%b1\/"},{"@type":"ListItem","position":3,"name":"Xiaomi GetApps Cloaking"}]},{"@type":"WebSite","@id":"https:\/\/cloakmyads.com\/#website","url":"https:\/\/cloakmyads.com\/","name":"CloakMyAds","description":"","publisher":{"@id":"https:\/\/cloakmyads.com\/#organization"},"potentialAction":[{"@type":"SearchAction","target":{"@type":"EntryPoint","urlTemplate":"https:\/\/cloakmyads.com\/?s={search_term_string}"},"query-input":{"@type":"PropertyValueSpecification","valueRequired":true,"valueName":"search_term_string"}}],"inLanguage":"tr"},{"@type":"Organization","@id":"https:\/\/cloakmyads.com\/#organization","name":"Google Ads Hesaplar\u0131 Sat\u0131n Al\u0131n","url":"https:\/\/cloakmyads.com\/","logo":{"@type":"ImageObject","inLanguage":"tr","@id":"https:\/\/cloakmyads.com\/#\/schema\/logo\/image\/","url":"https:\/\/cloakmyads.com\/wp-content\/uploads\/2025\/11\/fav-cloak.jpg","contentUrl":"https:\/\/cloakmyads.com\/wp-content\/uploads\/2025\/11\/fav-cloak.jpg","width":512,"height":512,"caption":"Buy Google Ads Accounts"},"image":{"@id":"https:\/\/cloakmyads.com\/#\/schema\/logo\/image\/"}}]}},"_links":{"self":[{"href":"https:\/\/cloakmyads.com\/tr\/wp-json\/wp\/v2\/product\/9809","targetHints":{"allow":["GET"]}}],"collection":[{"href":"https:\/\/cloakmyads.com\/tr\/wp-json\/wp\/v2\/product"}],"about":[{"href":"https:\/\/cloakmyads.com\/tr\/wp-json\/wp\/v2\/types\/product"}],"version-history":[{"count":2,"href":"https:\/\/cloakmyads.com\/tr\/wp-json\/wp\/v2\/product\/9809\/revisions"}],"predecessor-version":[{"id":9842,"href":"https:\/\/cloakmyads.com\/tr\/wp-json\/wp\/v2\/product\/9809\/revisions\/9842"}],"wp:featuredmedia":[{"embeddable":true,"href":"https:\/\/cloakmyads.com\/tr\/wp-json\/wp\/v2\/media\/9556"}],"wp:attachment":[{"href":"https:\/\/cloakmyads.com\/tr\/wp-json\/wp\/v2\/media?parent=9809"}],"wp:term":[{"taxonomy":"product_brand","embeddable":true,"href":"https:\/\/cloakmyads.com\/tr\/wp-json\/wp\/v2\/product_brand?post=9809"},{"taxonomy":"product_cat","embeddable":true,"href":"https:\/\/cloakmyads.com\/tr\/wp-json\/wp\/v2\/product_cat?post=9809"},{"taxonomy":"product_tag","embeddable":true,"href":"https:\/\/cloakmyads.com\/tr\/wp-json\/wp\/v2\/product_tag?post=9809"}],"curies":[{"name":"wp","href":"https:\/\/api.w.org\/{rel}","templated":true}]}}