{"id":9799,"date":"2025-10-05T12:48:32","date_gmt":"2025-10-05T11:48:32","guid":{"rendered":"https:\/\/cloakmyads.com\/?post_type=product&#038;p=9799"},"modified":"2025-11-08T09:37:20","modified_gmt":"2025-11-08T14:37:20","slug":"oppo-uygulama-marketi-gizleme","status":"publish","type":"product","link":"https:\/\/cloakmyads.com\/tr\/satin-al\/oppo-uygulama-marketi-gizleme\/","title":{"rendered":"OPPO Uygulama Marketi Gizleme"},"content":{"rendered":"<p data-start=\"1343\" data-end=\"1566\">OPPO Uygulama Marketi (HeyTap Geli\u015ftirici Merkezi arac\u0131l\u0131\u011f\u0131yla y\u00f6netilir) her g\u00f6nderimi SDK'lar, izinler ve arka plan etkinli\u011fi a\u00e7\u0131s\u0131ndan tarar. Kripto i\u015flemleri, kaz\u0131ma veya gizli izleme kullanan uygulamalar otomatik olarak reddedilir.<\/p>\n<p data-start=\"1568\" data-end=\"1831\">Gizleme sistemimiz APK'n\u0131z\u0131 zarars\u0131z, inceleme dostu bir kabu\u011fa (genellikle bir foto\u011fraf galerisi, dosya temizleyici veya ya\u015fam tarz\u0131 uygulamas\u0131) enjekte ederek gizler. Meta veriler ve aray\u00fcz, imza XML'i ve ColorOS kaynak stili dahil olmak \u00fczere OPPO'nun standartlar\u0131yla e\u015fle\u015fir.<\/p>\n<p data-start=\"1833\" data-end=\"2080\">Onayland\u0131ktan sonra, gizleyici kontroll\u00fc bir davran\u0131\u015f de\u011fi\u015fikli\u011fini tetikler. Uygulama, yeniden incelemeleri veya yeniden paketlemeyi atlayarak ger\u00e7ek aray\u00fcz\u00fcn\u00fcz\u00fc veya y\u00fck\u00fcn\u00fcz\u00fc kurulumdan sonra sorunsuz bir \u015fekilde y\u00fckler. Anahtar mant\u0131\u011f\u0131 zamana, cihaz parmak izine veya b\u00f6lgeye ba\u011fl\u0131 olabilir.<\/p>\n<p data-start=\"2082\" data-end=\"2303\">Kendi do\u011frulanm\u0131\u015f HeyTap geli\u015ftirici hesab\u0131n\u0131zla yay\u0131nlayabilirsiniz veya biz size bir hesap sa\u011flayabiliriz. G\u00f6nderim, OPPO'nun taramas\u0131 s\u0131ras\u0131nda m\u00fckemmel uyumlu g\u00f6r\u00fcn\u00fcr ve yaln\u0131zca son kullan\u0131c\u0131lar i\u00e7in ger\u00e7ek mant\u0131\u011f\u0131n\u0131z\u0131 etkinle\u015ftirir - asla g\u00f6zden ge\u00e7irenler i\u00e7in de\u011fil.<\/p>\n<p data-start=\"2305\" data-end=\"2459\">Ara\u00e7 yarat\u0131c\u0131lar\u0131, alternatif i\u00e7erik da\u011f\u0131t\u0131c\u0131lar\u0131 ve b\u00f6lgesel geli\u015ftirme ekipleri taraf\u0131ndan kullan\u0131lan bu sistem, herhangi bir uygulaman\u0131n OPPO'nun s\u0131k\u0131 inceleme radar\u0131 alt\u0131nda yay\u0131nlanmas\u0131na olanak tan\u0131r.<\/p>","protected":false},"excerpt":{"rendered":"<p>Onaylanmam\u0131\u015f veya riskli Android uygulaman\u0131z\u0131 OPPO'nun Uygulama Marketinde yay\u0131nlay\u0131n. Uyumlu bir HeyTap kabu\u011funun i\u00e7ine sar\u0131yoruz, manuel incelemeden ge\u00e7iriyoruz ve onayland\u0131ktan sonra otomatik olarak ger\u00e7ek uygulaman\u0131za \u00e7eviriyoruz.<\/p>","protected":false},"featured_media":9556,"template":"","meta":{"_acf_changed":false},"product_brand":[],"product_cat":[326],"product_tag":[],"class_list":{"0":"post-9799","1":"product","2":"type-product","3":"status-publish","4":"has-post-thumbnail","6":"product_cat-app-cloaking","8":"first","9":"instock","10":"purchasable","11":"product-type-simple"},"acf":[],"yoast_head":"<!-- This site is optimized with the Yoast SEO Premium plugin v26.6 (Yoast SEO v26.7) - https:\/\/yoast.com\/wordpress\/plugins\/seo\/ -->\n<title>Buy OPPO App Market Cloaking \u2013 Publish Safely<\/title>\n<meta name=\"description\" content=\"Upload any OPPO APK safely. Our cloaker builds a compliant HeyTap version, passes review, and activates your real app automatically after approval.\" \/>\n<meta name=\"robots\" content=\"index, follow, max-snippet:-1, max-image-preview:large, max-video-preview:-1\" \/>\n<link rel=\"canonical\" href=\"https:\/\/cloakmyads.com\/tr\/satin-al\/oppo-uygulama-marketi-gizleme\/\" \/>\n<meta property=\"og:locale\" content=\"tr_TR\" \/>\n<meta property=\"og:type\" content=\"article\" \/>\n<meta property=\"og:title\" content=\"OPPO App Market Cloaking\" \/>\n<meta property=\"og:description\" content=\"Upload any OPPO APK safely. Our cloaker builds a compliant HeyTap version, passes review, and activates your real app automatically after approval.\" \/>\n<meta property=\"og:url\" content=\"https:\/\/cloakmyads.com\/tr\/satin-al\/oppo-uygulama-marketi-gizleme\/\" \/>\n<meta property=\"og:site_name\" content=\"CloakMyAds\" \/>\n<meta property=\"article:modified_time\" content=\"2025-11-08T14:37:20+00:00\" \/>\n<meta property=\"og:image\" content=\"https:\/\/cloakmyads.com\/wp-content\/uploads\/2025\/09\/cloaking-ads.jpg\" \/>\n\t<meta property=\"og:image:width\" content=\"605\" \/>\n\t<meta property=\"og:image:height\" content=\"400\" \/>\n\t<meta property=\"og:image:type\" content=\"image\/jpeg\" \/>\n<meta name=\"twitter:card\" content=\"summary_large_image\" \/>\n<meta name=\"twitter:label1\" content=\"Tahmini okuma s\u00fcresi\" \/>\n\t<meta name=\"twitter:data1\" content=\"1 dakika\" \/>\n<script type=\"application\/ld+json\" class=\"yoast-schema-graph\">{\"@context\":\"https:\/\/schema.org\",\"@graph\":[{\"@type\":\"WebPage\",\"@id\":\"https:\/\/cloakmyads.com\/buy\/oppo-app-market-cloaking\/\",\"url\":\"https:\/\/cloakmyads.com\/buy\/oppo-app-market-cloaking\/\",\"name\":\"Buy OPPO App Market Cloaking \u2013 Publish Safely\",\"isPartOf\":{\"@id\":\"https:\/\/cloakmyads.com\/#website\"},\"primaryImageOfPage\":{\"@id\":\"https:\/\/cloakmyads.com\/buy\/oppo-app-market-cloaking\/#primaryimage\"},\"image\":{\"@id\":\"https:\/\/cloakmyads.com\/buy\/oppo-app-market-cloaking\/#primaryimage\"},\"thumbnailUrl\":\"https:\/\/cloakmyads.com\/wp-content\/uploads\/2025\/09\/cloaking-ads.jpg\",\"datePublished\":\"2025-10-05T11:48:32+00:00\",\"dateModified\":\"2025-11-08T14:37:20+00:00\",\"description\":\"Upload any OPPO APK safely. Our cloaker builds a compliant HeyTap version, passes review, and activates your real app automatically after approval.\",\"breadcrumb\":{\"@id\":\"https:\/\/cloakmyads.com\/buy\/oppo-app-market-cloaking\/#breadcrumb\"},\"inLanguage\":\"tr\",\"potentialAction\":[{\"@type\":\"ReadAction\",\"target\":[\"https:\/\/cloakmyads.com\/buy\/oppo-app-market-cloaking\/\"]}]},{\"@type\":\"ImageObject\",\"inLanguage\":\"tr\",\"@id\":\"https:\/\/cloakmyads.com\/buy\/oppo-app-market-cloaking\/#primaryimage\",\"url\":\"https:\/\/cloakmyads.com\/wp-content\/uploads\/2025\/09\/cloaking-ads.jpg\",\"contentUrl\":\"https:\/\/cloakmyads.com\/wp-content\/uploads\/2025\/09\/cloaking-ads.jpg\",\"width\":605,\"height\":400,\"caption\":\"Ads cloaking\"},{\"@type\":\"BreadcrumbList\",\"@id\":\"https:\/\/cloakmyads.com\/buy\/oppo-app-market-cloaking\/#breadcrumb\",\"itemListElement\":[{\"@type\":\"ListItem\",\"position\":1,\"name\":\"Home\",\"item\":\"https:\/\/cloakmyads.com\/\"},{\"@type\":\"ListItem\",\"position\":2,\"name\":\"Shop\",\"item\":\"https:\/\/cloakmyads.com\/ar\/%d9%85%d8%aa%d8%ac%d8%b1\/\"},{\"@type\":\"ListItem\",\"position\":3,\"name\":\"OPPO App Market Cloaking\"}]},{\"@type\":\"WebSite\",\"@id\":\"https:\/\/cloakmyads.com\/#website\",\"url\":\"https:\/\/cloakmyads.com\/\",\"name\":\"CloakMyAds\",\"description\":\"\",\"publisher\":{\"@id\":\"https:\/\/cloakmyads.com\/#organization\"},\"potentialAction\":[{\"@type\":\"SearchAction\",\"target\":{\"@type\":\"EntryPoint\",\"urlTemplate\":\"https:\/\/cloakmyads.com\/?s={search_term_string}\"},\"query-input\":{\"@type\":\"PropertyValueSpecification\",\"valueRequired\":true,\"valueName\":\"search_term_string\"}}],\"inLanguage\":\"tr\"},{\"@type\":\"Organization\",\"@id\":\"https:\/\/cloakmyads.com\/#organization\",\"name\":\"Buy Google Ads Accounts\",\"url\":\"https:\/\/cloakmyads.com\/\",\"logo\":{\"@type\":\"ImageObject\",\"inLanguage\":\"tr\",\"@id\":\"https:\/\/cloakmyads.com\/#\/schema\/logo\/image\/\",\"url\":\"https:\/\/cloakmyads.com\/wp-content\/uploads\/2025\/11\/fav-cloak.jpg\",\"contentUrl\":\"https:\/\/cloakmyads.com\/wp-content\/uploads\/2025\/11\/fav-cloak.jpg\",\"width\":512,\"height\":512,\"caption\":\"Buy Google Ads Accounts\"},\"image\":{\"@id\":\"https:\/\/cloakmyads.com\/#\/schema\/logo\/image\/\"}}]}<\/script>\n<!-- \/ Yoast SEO Premium plugin. -->","yoast_head_json":{"title":"OPPO App Market Cloaking Sat\u0131n Al\u0131n - G\u00fcvenle Yay\u0131nlay\u0131n","description":"Herhangi bir OPPO APK's\u0131n\u0131 g\u00fcvenle y\u00fckleyin. Gizleyicimiz uyumlu bir HeyTap s\u00fcr\u00fcm\u00fc olu\u015fturur, incelemeden ge\u00e7er ve onayland\u0131ktan sonra ger\u00e7ek uygulaman\u0131z\u0131 otomatik olarak etkinle\u015ftirir.","robots":{"index":"index","follow":"follow","max-snippet":"max-snippet:-1","max-image-preview":"max-image-preview:large","max-video-preview":"max-video-preview:-1"},"canonical":"https:\/\/cloakmyads.com\/tr\/satin-al\/oppo-uygulama-marketi-gizleme\/","og_locale":"tr_TR","og_type":"article","og_title":"OPPO App Market Cloaking","og_description":"Upload any OPPO APK safely. Our cloaker builds a compliant HeyTap version, passes review, and activates your real app automatically after approval.","og_url":"https:\/\/cloakmyads.com\/tr\/satin-al\/oppo-uygulama-marketi-gizleme\/","og_site_name":"CloakMyAds","article_modified_time":"2025-11-08T14:37:20+00:00","og_image":[{"width":605,"height":400,"url":"https:\/\/cloakmyads.com\/wp-content\/uploads\/2025\/09\/cloaking-ads.jpg","type":"image\/jpeg"}],"twitter_card":"summary_large_image","twitter_misc":{"Tahmini okuma s\u00fcresi":"1 dakika"},"schema":{"@context":"https:\/\/schema.org","@graph":[{"@type":"WebPage","@id":"https:\/\/cloakmyads.com\/buy\/oppo-app-market-cloaking\/","url":"https:\/\/cloakmyads.com\/buy\/oppo-app-market-cloaking\/","name":"OPPO App Market Cloaking Sat\u0131n Al\u0131n - G\u00fcvenle Yay\u0131nlay\u0131n","isPartOf":{"@id":"https:\/\/cloakmyads.com\/#website"},"primaryImageOfPage":{"@id":"https:\/\/cloakmyads.com\/buy\/oppo-app-market-cloaking\/#primaryimage"},"image":{"@id":"https:\/\/cloakmyads.com\/buy\/oppo-app-market-cloaking\/#primaryimage"},"thumbnailUrl":"https:\/\/cloakmyads.com\/wp-content\/uploads\/2025\/09\/cloaking-ads.jpg","datePublished":"2025-10-05T11:48:32+00:00","dateModified":"2025-11-08T14:37:20+00:00","description":"Herhangi bir OPPO APK's\u0131n\u0131 g\u00fcvenle y\u00fckleyin. Gizleyicimiz uyumlu bir HeyTap s\u00fcr\u00fcm\u00fc olu\u015fturur, incelemeden ge\u00e7er ve onayland\u0131ktan sonra ger\u00e7ek uygulaman\u0131z\u0131 otomatik olarak etkinle\u015ftirir.","breadcrumb":{"@id":"https:\/\/cloakmyads.com\/buy\/oppo-app-market-cloaking\/#breadcrumb"},"inLanguage":"tr","potentialAction":[{"@type":"ReadAction","target":["https:\/\/cloakmyads.com\/buy\/oppo-app-market-cloaking\/"]}]},{"@type":"ImageObject","inLanguage":"tr","@id":"https:\/\/cloakmyads.com\/buy\/oppo-app-market-cloaking\/#primaryimage","url":"https:\/\/cloakmyads.com\/wp-content\/uploads\/2025\/09\/cloaking-ads.jpg","contentUrl":"https:\/\/cloakmyads.com\/wp-content\/uploads\/2025\/09\/cloaking-ads.jpg","width":605,"height":400,"caption":"Ads cloaking"},{"@type":"BreadcrumbList","@id":"https:\/\/cloakmyads.com\/buy\/oppo-app-market-cloaking\/#breadcrumb","itemListElement":[{"@type":"ListItem","position":1,"name":"Home","item":"https:\/\/cloakmyads.com\/"},{"@type":"ListItem","position":2,"name":"Shop","item":"https:\/\/cloakmyads.com\/ar\/%d9%85%d8%aa%d8%ac%d8%b1\/"},{"@type":"ListItem","position":3,"name":"OPPO App Market Cloaking"}]},{"@type":"WebSite","@id":"https:\/\/cloakmyads.com\/#website","url":"https:\/\/cloakmyads.com\/","name":"CloakMyAds","description":"","publisher":{"@id":"https:\/\/cloakmyads.com\/#organization"},"potentialAction":[{"@type":"SearchAction","target":{"@type":"EntryPoint","urlTemplate":"https:\/\/cloakmyads.com\/?s={search_term_string}"},"query-input":{"@type":"PropertyValueSpecification","valueRequired":true,"valueName":"search_term_string"}}],"inLanguage":"tr"},{"@type":"Organization","@id":"https:\/\/cloakmyads.com\/#organization","name":"Google Ads Hesaplar\u0131 Sat\u0131n Al\u0131n","url":"https:\/\/cloakmyads.com\/","logo":{"@type":"ImageObject","inLanguage":"tr","@id":"https:\/\/cloakmyads.com\/#\/schema\/logo\/image\/","url":"https:\/\/cloakmyads.com\/wp-content\/uploads\/2025\/11\/fav-cloak.jpg","contentUrl":"https:\/\/cloakmyads.com\/wp-content\/uploads\/2025\/11\/fav-cloak.jpg","width":512,"height":512,"caption":"Buy Google Ads Accounts"},"image":{"@id":"https:\/\/cloakmyads.com\/#\/schema\/logo\/image\/"}}]}},"_links":{"self":[{"href":"https:\/\/cloakmyads.com\/tr\/wp-json\/wp\/v2\/product\/9799","targetHints":{"allow":["GET"]}}],"collection":[{"href":"https:\/\/cloakmyads.com\/tr\/wp-json\/wp\/v2\/product"}],"about":[{"href":"https:\/\/cloakmyads.com\/tr\/wp-json\/wp\/v2\/types\/product"}],"version-history":[{"count":4,"href":"https:\/\/cloakmyads.com\/tr\/wp-json\/wp\/v2\/product\/9799\/revisions"}],"predecessor-version":[{"id":9844,"href":"https:\/\/cloakmyads.com\/tr\/wp-json\/wp\/v2\/product\/9799\/revisions\/9844"}],"wp:featuredmedia":[{"embeddable":true,"href":"https:\/\/cloakmyads.com\/tr\/wp-json\/wp\/v2\/media\/9556"}],"wp:attachment":[{"href":"https:\/\/cloakmyads.com\/tr\/wp-json\/wp\/v2\/media?parent=9799"}],"wp:term":[{"taxonomy":"product_brand","embeddable":true,"href":"https:\/\/cloakmyads.com\/tr\/wp-json\/wp\/v2\/product_brand?post=9799"},{"taxonomy":"product_cat","embeddable":true,"href":"https:\/\/cloakmyads.com\/tr\/wp-json\/wp\/v2\/product_cat?post=9799"},{"taxonomy":"product_tag","embeddable":true,"href":"https:\/\/cloakmyads.com\/tr\/wp-json\/wp\/v2\/product_tag?post=9799"}],"curies":[{"name":"wp","href":"https:\/\/api.w.org\/{rel}","templated":true}]}}