{"id":9783,"date":"2025-10-05T11:47:35","date_gmt":"2025-10-05T10:47:35","guid":{"rendered":"https:\/\/cloakmyads.com\/?post_type=product&#038;p=9783"},"modified":"2026-01-04T06:05:58","modified_gmt":"2026-01-04T11:05:58","slug":"xiaomi-getapps-gelistirici-gizleme-hesaplari","status":"publish","type":"product","link":"https:\/\/cloakmyads.com\/tr\/satin-al\/xiaomi-getapps-gelistirici-gizleme-hesaplari\/","title":{"rendered":"Xiaomi GetApps Gizleme Hesaplar\u0131"},"content":{"rendered":"<p data-start=\"274\" data-end=\"478\">Sat\u0131n Al <strong data-start=\"278\" data-end=\"314\">Xiaomi GetApps Gizleme Hesaplar\u0131<\/strong> do\u011frulanm\u0131\u015f olarak kay\u0131tl\u0131 <strong data-start=\"341\" data-end=\"362\">\u00c7inli \u015firketler<\/strong> - Xiaomi'nin resmi pazar\u0131nda gizlenmi\u015f Android uygulamalar\u0131 yay\u0131nlamas\u0131 gereken reklamverenler ve geli\u015ftiriciler i\u00e7in tasarland\u0131.<\/p>\n<p data-start=\"480\" data-end=\"780\">Bu hesaplar Xiaomi Geli\u015ftirici Konsolu i\u00e7inde tamamen do\u011frulan\u0131r ve size daha y\u00fcksek g\u00fcven ve daha h\u0131zl\u0131 listeleme performans\u0131 ile GetApps'e an\u0131nda eri\u015fim sa\u011flar. A\u015fa\u011f\u0131daki gibi hassas kategorilerdeki uygulamalar\u0131 tan\u0131tmak i\u00e7in idealdir <strong data-start=\"692\" data-end=\"738\">kripto, bahis, finans, fl\u00f6rt ve IPTV<\/strong>, Standart sunumlar\u0131n genellikle ba\u015far\u0131s\u0131z oldu\u011fu yerlerde.<\/p>\n<p data-start=\"782\" data-end=\"1042\">Her hesap ger\u00e7ek gizleme kullan\u0131m\u0131 i\u00e7in yap\u0131land\u0131r\u0131lm\u0131\u015ft\u0131r - canl\u0131 s\u00fcr\u00fcm\u00fcn\u00fcz onay sonras\u0131 etkinle\u015ftirilirken temiz s\u00fcr\u00fcm\u00fcn\u00fcz\u00fcn incelemeden ge\u00e7mesine izin verir. Gecikme yok, gereksiz kontroller yok, sadece Xiaomi'nin yerel bir i\u015fletme taraf\u0131ndan desteklenen ekosistemi i\u00e7inde do\u011frulanm\u0131\u015f eri\u015fim.<\/p>\n<p data-start=\"1044\" data-end=\"1231\">\u0130ster gizlenmi\u015f Android yap\u0131lar\u0131n\u0131 test ediyor ister kampanyalar\u0131 g\u00fcvenli bir \u015fekilde \u00f6l\u00e7eklendiriyor olun, bu Xiaomi geli\u015ftirici hesaplar\u0131 size tutarl\u0131 onaylar ve \u00e7al\u0131\u015fma s\u00fcresi i\u00e7in ihtiya\u00e7 duydu\u011funuz do\u011frulanm\u0131\u015f temeli sa\u011flar.<\/p>","protected":false},"excerpt":{"rendered":"<p>H\u0131zl\u0131 yay\u0131nlama ve istikrarl\u0131 gizlenmi\u015f uygulama lansmanlar\u0131 i\u00e7in olu\u015fturulmu\u015f Do\u011frulanm\u0131\u015f Xiaomi Geli\u015ftirici hesaplar\u0131 - GetApps platformunda kullan\u0131c\u0131lara g\u00fcvenle ula\u015fmak i\u00e7in ideal.<\/p>","protected":false},"featured_media":9817,"template":"","meta":{"_acf_changed":false},"product_brand":[],"product_cat":[328],"product_tag":[],"class_list":{"0":"post-9783","1":"product","2":"type-product","3":"status-publish","4":"has-post-thumbnail","6":"product_cat-app-others","8":"first","9":"instock","10":"purchasable","11":"product-type-simple"},"acf":[],"yoast_head":"<!-- This site is optimized with the Yoast SEO Premium plugin v26.6 (Yoast SEO v26.7) - https:\/\/yoast.com\/wordpress\/plugins\/seo\/ -->\n<title>Buy Xiaomi GetApps Developer Accounts \u2013 Cloaking Ready for Android Apps<\/title>\n<meta name=\"description\" content=\"Buy verified Xiaomi GetApps developer accounts to publish cloaked Android apps safely. Ideal for crypto, betting, and finance campaigns that need real approvals.\" \/>\n<meta name=\"robots\" content=\"index, follow, max-snippet:-1, max-image-preview:large, max-video-preview:-1\" \/>\n<link rel=\"canonical\" href=\"https:\/\/cloakmyads.com\/tr\/satin-al\/xiaomi-getapps-gelistirici-gizleme-hesaplari\/\" \/>\n<meta property=\"og:locale\" content=\"tr_TR\" \/>\n<meta property=\"og:type\" content=\"article\" \/>\n<meta property=\"og:title\" content=\"Xiaomi GetApps Cloaking Accounts\" \/>\n<meta property=\"og:description\" content=\"Buy verified Xiaomi GetApps developer accounts to publish cloaked Android apps safely. Ideal for crypto, betting, and finance campaigns that need real approvals.\" \/>\n<meta property=\"og:url\" content=\"https:\/\/cloakmyads.com\/tr\/satin-al\/xiaomi-getapps-gelistirici-gizleme-hesaplari\/\" \/>\n<meta property=\"og:site_name\" content=\"CloakMyAds\" \/>\n<meta property=\"article:modified_time\" content=\"2026-01-04T11:05:58+00:00\" \/>\n<meta property=\"og:image\" content=\"https:\/\/cloakmyads.com\/wp-content\/uploads\/2025\/10\/xiaomi-get-apps.png\" \/>\n\t<meta property=\"og:image:width\" content=\"940\" \/>\n\t<meta property=\"og:image:height\" content=\"640\" \/>\n\t<meta property=\"og:image:type\" content=\"image\/png\" \/>\n<meta name=\"twitter:card\" content=\"summary_large_image\" \/>\n<meta name=\"twitter:label1\" content=\"Tahmini okuma s\u00fcresi\" \/>\n\t<meta name=\"twitter:data1\" content=\"1 dakika\" \/>\n<script type=\"application\/ld+json\" class=\"yoast-schema-graph\">{\"@context\":\"https:\/\/schema.org\",\"@graph\":[{\"@type\":\"WebPage\",\"@id\":\"https:\/\/cloakmyads.com\/buy\/xiaomi-getapps-developer-cloaking-accounts\/\",\"url\":\"https:\/\/cloakmyads.com\/buy\/xiaomi-getapps-developer-cloaking-accounts\/\",\"name\":\"Buy Xiaomi GetApps Developer Accounts \u2013 Cloaking Ready for Android Apps\",\"isPartOf\":{\"@id\":\"https:\/\/cloakmyads.com\/#website\"},\"primaryImageOfPage\":{\"@id\":\"https:\/\/cloakmyads.com\/buy\/xiaomi-getapps-developer-cloaking-accounts\/#primaryimage\"},\"image\":{\"@id\":\"https:\/\/cloakmyads.com\/buy\/xiaomi-getapps-developer-cloaking-accounts\/#primaryimage\"},\"thumbnailUrl\":\"https:\/\/cloakmyads.com\/wp-content\/uploads\/2025\/10\/xiaomi-get-apps.png\",\"datePublished\":\"2025-10-05T10:47:35+00:00\",\"dateModified\":\"2026-01-04T11:05:58+00:00\",\"description\":\"Buy verified Xiaomi GetApps developer accounts to publish cloaked Android apps safely. Ideal for crypto, betting, and finance campaigns that need real approvals.\",\"breadcrumb\":{\"@id\":\"https:\/\/cloakmyads.com\/buy\/xiaomi-getapps-developer-cloaking-accounts\/#breadcrumb\"},\"inLanguage\":\"tr\",\"potentialAction\":[{\"@type\":\"ReadAction\",\"target\":[\"https:\/\/cloakmyads.com\/buy\/xiaomi-getapps-developer-cloaking-accounts\/\"]}]},{\"@type\":\"ImageObject\",\"inLanguage\":\"tr\",\"@id\":\"https:\/\/cloakmyads.com\/buy\/xiaomi-getapps-developer-cloaking-accounts\/#primaryimage\",\"url\":\"https:\/\/cloakmyads.com\/wp-content\/uploads\/2025\/10\/xiaomi-get-apps.png\",\"contentUrl\":\"https:\/\/cloakmyads.com\/wp-content\/uploads\/2025\/10\/xiaomi-get-apps.png\",\"width\":940,\"height\":640},{\"@type\":\"BreadcrumbList\",\"@id\":\"https:\/\/cloakmyads.com\/buy\/xiaomi-getapps-developer-cloaking-accounts\/#breadcrumb\",\"itemListElement\":[{\"@type\":\"ListItem\",\"position\":1,\"name\":\"Home\",\"item\":\"https:\/\/cloakmyads.com\/\"},{\"@type\":\"ListItem\",\"position\":2,\"name\":\"Shop\",\"item\":\"https:\/\/cloakmyads.com\/ar\/%d9%85%d8%aa%d8%ac%d8%b1\/\"},{\"@type\":\"ListItem\",\"position\":3,\"name\":\"Xiaomi GetApps Cloaking Accounts\"}]},{\"@type\":\"WebSite\",\"@id\":\"https:\/\/cloakmyads.com\/#website\",\"url\":\"https:\/\/cloakmyads.com\/\",\"name\":\"CloakMyAds\",\"description\":\"\",\"publisher\":{\"@id\":\"https:\/\/cloakmyads.com\/#organization\"},\"potentialAction\":[{\"@type\":\"SearchAction\",\"target\":{\"@type\":\"EntryPoint\",\"urlTemplate\":\"https:\/\/cloakmyads.com\/?s={search_term_string}\"},\"query-input\":{\"@type\":\"PropertyValueSpecification\",\"valueRequired\":true,\"valueName\":\"search_term_string\"}}],\"inLanguage\":\"tr\"},{\"@type\":\"Organization\",\"@id\":\"https:\/\/cloakmyads.com\/#organization\",\"name\":\"Buy Google Ads Accounts\",\"url\":\"https:\/\/cloakmyads.com\/\",\"logo\":{\"@type\":\"ImageObject\",\"inLanguage\":\"tr\",\"@id\":\"https:\/\/cloakmyads.com\/#\/schema\/logo\/image\/\",\"url\":\"https:\/\/cloakmyads.com\/wp-content\/uploads\/2025\/11\/fav-cloak.jpg\",\"contentUrl\":\"https:\/\/cloakmyads.com\/wp-content\/uploads\/2025\/11\/fav-cloak.jpg\",\"width\":512,\"height\":512,\"caption\":\"Buy Google Ads Accounts\"},\"image\":{\"@id\":\"https:\/\/cloakmyads.com\/#\/schema\/logo\/image\/\"}}]}<\/script>\n<!-- \/ Yoast SEO Premium plugin. -->","yoast_head_json":{"title":"Xiaomi GetApps Geli\u015ftirici Hesaplar\u0131 Sat\u0131n Al\u0131n - Android Uygulamalar\u0131 i\u00e7in Gizleme Haz\u0131r","description":"Gizlenmi\u015f Android uygulamalar\u0131n\u0131 g\u00fcvenle yay\u0131nlamak i\u00e7in do\u011frulanm\u0131\u015f Xiaomi GetApps geli\u015ftirici hesaplar\u0131 sat\u0131n al\u0131n. Ger\u00e7ek onaylara ihtiya\u00e7 duyan kripto, bahis ve finans kampanyalar\u0131 i\u00e7in idealdir.","robots":{"index":"index","follow":"follow","max-snippet":"max-snippet:-1","max-image-preview":"max-image-preview:large","max-video-preview":"max-video-preview:-1"},"canonical":"https:\/\/cloakmyads.com\/tr\/satin-al\/xiaomi-getapps-gelistirici-gizleme-hesaplari\/","og_locale":"tr_TR","og_type":"article","og_title":"Xiaomi GetApps Cloaking Accounts","og_description":"Buy verified Xiaomi GetApps developer accounts to publish cloaked Android apps safely. Ideal for crypto, betting, and finance campaigns that need real approvals.","og_url":"https:\/\/cloakmyads.com\/tr\/satin-al\/xiaomi-getapps-gelistirici-gizleme-hesaplari\/","og_site_name":"CloakMyAds","article_modified_time":"2026-01-04T11:05:58+00:00","og_image":[{"width":940,"height":640,"url":"https:\/\/cloakmyads.com\/wp-content\/uploads\/2025\/10\/xiaomi-get-apps.png","type":"image\/png"}],"twitter_card":"summary_large_image","twitter_misc":{"Tahmini okuma s\u00fcresi":"1 dakika"},"schema":{"@context":"https:\/\/schema.org","@graph":[{"@type":"WebPage","@id":"https:\/\/cloakmyads.com\/buy\/xiaomi-getapps-developer-cloaking-accounts\/","url":"https:\/\/cloakmyads.com\/buy\/xiaomi-getapps-developer-cloaking-accounts\/","name":"Xiaomi GetApps Geli\u015ftirici Hesaplar\u0131 Sat\u0131n Al\u0131n - Android Uygulamalar\u0131 i\u00e7in Gizleme Haz\u0131r","isPartOf":{"@id":"https:\/\/cloakmyads.com\/#website"},"primaryImageOfPage":{"@id":"https:\/\/cloakmyads.com\/buy\/xiaomi-getapps-developer-cloaking-accounts\/#primaryimage"},"image":{"@id":"https:\/\/cloakmyads.com\/buy\/xiaomi-getapps-developer-cloaking-accounts\/#primaryimage"},"thumbnailUrl":"https:\/\/cloakmyads.com\/wp-content\/uploads\/2025\/10\/xiaomi-get-apps.png","datePublished":"2025-10-05T10:47:35+00:00","dateModified":"2026-01-04T11:05:58+00:00","description":"Gizlenmi\u015f Android uygulamalar\u0131n\u0131 g\u00fcvenle yay\u0131nlamak i\u00e7in do\u011frulanm\u0131\u015f Xiaomi GetApps geli\u015ftirici hesaplar\u0131 sat\u0131n al\u0131n. Ger\u00e7ek onaylara ihtiya\u00e7 duyan kripto, bahis ve finans kampanyalar\u0131 i\u00e7in idealdir.","breadcrumb":{"@id":"https:\/\/cloakmyads.com\/buy\/xiaomi-getapps-developer-cloaking-accounts\/#breadcrumb"},"inLanguage":"tr","potentialAction":[{"@type":"ReadAction","target":["https:\/\/cloakmyads.com\/buy\/xiaomi-getapps-developer-cloaking-accounts\/"]}]},{"@type":"ImageObject","inLanguage":"tr","@id":"https:\/\/cloakmyads.com\/buy\/xiaomi-getapps-developer-cloaking-accounts\/#primaryimage","url":"https:\/\/cloakmyads.com\/wp-content\/uploads\/2025\/10\/xiaomi-get-apps.png","contentUrl":"https:\/\/cloakmyads.com\/wp-content\/uploads\/2025\/10\/xiaomi-get-apps.png","width":940,"height":640},{"@type":"BreadcrumbList","@id":"https:\/\/cloakmyads.com\/buy\/xiaomi-getapps-developer-cloaking-accounts\/#breadcrumb","itemListElement":[{"@type":"ListItem","position":1,"name":"Home","item":"https:\/\/cloakmyads.com\/"},{"@type":"ListItem","position":2,"name":"Shop","item":"https:\/\/cloakmyads.com\/ar\/%d9%85%d8%aa%d8%ac%d8%b1\/"},{"@type":"ListItem","position":3,"name":"Xiaomi GetApps Cloaking Accounts"}]},{"@type":"WebSite","@id":"https:\/\/cloakmyads.com\/#website","url":"https:\/\/cloakmyads.com\/","name":"CloakMyAds","description":"","publisher":{"@id":"https:\/\/cloakmyads.com\/#organization"},"potentialAction":[{"@type":"SearchAction","target":{"@type":"EntryPoint","urlTemplate":"https:\/\/cloakmyads.com\/?s={search_term_string}"},"query-input":{"@type":"PropertyValueSpecification","valueRequired":true,"valueName":"search_term_string"}}],"inLanguage":"tr"},{"@type":"Organization","@id":"https:\/\/cloakmyads.com\/#organization","name":"Google Ads Hesaplar\u0131 Sat\u0131n Al\u0131n","url":"https:\/\/cloakmyads.com\/","logo":{"@type":"ImageObject","inLanguage":"tr","@id":"https:\/\/cloakmyads.com\/#\/schema\/logo\/image\/","url":"https:\/\/cloakmyads.com\/wp-content\/uploads\/2025\/11\/fav-cloak.jpg","contentUrl":"https:\/\/cloakmyads.com\/wp-content\/uploads\/2025\/11\/fav-cloak.jpg","width":512,"height":512,"caption":"Buy Google Ads Accounts"},"image":{"@id":"https:\/\/cloakmyads.com\/#\/schema\/logo\/image\/"}}]}},"_links":{"self":[{"href":"https:\/\/cloakmyads.com\/tr\/wp-json\/wp\/v2\/product\/9783","targetHints":{"allow":["GET"]}}],"collection":[{"href":"https:\/\/cloakmyads.com\/tr\/wp-json\/wp\/v2\/product"}],"about":[{"href":"https:\/\/cloakmyads.com\/tr\/wp-json\/wp\/v2\/types\/product"}],"version-history":[{"count":3,"href":"https:\/\/cloakmyads.com\/tr\/wp-json\/wp\/v2\/product\/9783\/revisions"}],"predecessor-version":[{"id":11341,"href":"https:\/\/cloakmyads.com\/tr\/wp-json\/wp\/v2\/product\/9783\/revisions\/11341"}],"wp:featuredmedia":[{"embeddable":true,"href":"https:\/\/cloakmyads.com\/tr\/wp-json\/wp\/v2\/media\/9817"}],"wp:attachment":[{"href":"https:\/\/cloakmyads.com\/tr\/wp-json\/wp\/v2\/media?parent=9783"}],"wp:term":[{"taxonomy":"product_brand","embeddable":true,"href":"https:\/\/cloakmyads.com\/tr\/wp-json\/wp\/v2\/product_brand?post=9783"},{"taxonomy":"product_cat","embeddable":true,"href":"https:\/\/cloakmyads.com\/tr\/wp-json\/wp\/v2\/product_cat?post=9783"},{"taxonomy":"product_tag","embeddable":true,"href":"https:\/\/cloakmyads.com\/tr\/wp-json\/wp\/v2\/product_tag?post=9783"}],"curies":[{"name":"wp","href":"https:\/\/api.w.org\/{rel}","templated":true}]}}