{"id":9771,"date":"2025-10-05T11:20:32","date_gmt":"2025-10-05T10:20:32","guid":{"rendered":"https:\/\/cloakmyads.com\/?post_type=product&#038;p=9771"},"modified":"2026-01-04T06:04:45","modified_gmt":"2026-01-04T11:04:45","slug":"huawei-gelistirici-gizleme-hesaplari","status":"publish","type":"product","link":"https:\/\/cloakmyads.com\/tr\/satin-al\/huawei-gelistirici-gizleme-hesaplari\/","title":{"rendered":"Huawei Geli\u015ftirici Gizleme Hesaplar\u0131"},"content":{"rendered":"<p data-start=\"340\" data-end=\"586\">Sat\u0131n Al <strong data-start=\"344\" data-end=\"383\">Huawei AppGallery Gizleme Hesaplar\u0131<\/strong> Android veya HarmonyOS uygulamalar\u0131n\u0131 g\u00fcvenli bir \u015fekilde yay\u0131nlamak ve y\u00f6netmek i\u00e7in. Bu hesaplar, Android veya <strong data-start=\"478\" data-end=\"506\">do\u011frulanm\u0131\u015f \u00c7inli \u015firket<\/strong>, Huawei'in AppGallery i\u00e7in tercih etti\u011fi geli\u015ftirici gereksinimleriyle tamamen uyumludur.<\/p>\n<p data-start=\"588\" data-end=\"833\">Her hesap, her iki alanda da uygulama y\u00fcklemenizi sa\u011flar <strong data-start=\"630\" data-end=\"647\">APK (Android)<\/strong> ve <strong data-start=\"652\" data-end=\"671\">HAP (HarmonyOS)<\/strong> formatlar. A\u015fa\u011f\u0131dakiler gibi y\u00fcksek riskli ni\u015flerdeki kampanyalar i\u00e7in m\u00fckemmeldir <strong data-start=\"731\" data-end=\"777\">kripto, bahis, finans, IPTV ve fl\u00f6rt<\/strong>, Di\u011fer ma\u011fazalarda onay almak neredeyse imkans\u0131zd\u0131r.<\/p>\n<p data-start=\"835\" data-end=\"1139\">Huawei AppGallery gizleme kurulumumuz, manuel veya otomatik inceleme s\u0131ras\u0131nda uyumlu uygulama i\u00e7eri\u011fi sunarken ger\u00e7ek reklamlar ve uygulama tan\u0131t\u0131mlar\u0131 yay\u0131nlaman\u0131za olanak tan\u0131r. Onayland\u0131ktan sonra, gizlenmi\u015f uygulaman\u0131z otomatik olarak canl\u0131 s\u00fcr\u00fcm\u00fcne ge\u00e7er ve size Huawei cihazlar\u0131nda tam kontrol ve \u00e7al\u0131\u015fma s\u00fcresi kararl\u0131l\u0131\u011f\u0131 sa\u011flar.<\/p>\n<p data-start=\"1141\" data-end=\"1464\">T\u00fcm hesaplar do\u011frulanm\u0131\u015ft\u0131r, AppGallery Connect i\u00e7in \u00f6nceden yap\u0131land\u0131r\u0131lm\u0131\u015ft\u0131r ve Huawei geli\u015ftirici ara\u00e7lar\u0131na, analizlerine ve push hizmetlerine eri\u015fim i\u00e7erir. \u0130ster yeni uygulama hunilerini test ediyor ister daha s\u0131k\u0131 denetim baypas\u0131 gerektiren kampanyalar\u0131 \u00f6l\u00e7eklendiriyor olun, bu hesaplar size Huawei ekosistemi i\u00e7inde g\u00fcvenli ve kullan\u0131ma haz\u0131r bir temel sa\u011flar.<\/p>","protected":false},"excerpt":{"rendered":"<p>AppGallery g\u00f6nderimleri, h\u0131zl\u0131 onaylar ve g\u00fcvenilir yay\u0131nc\u0131l\u0131k i\u00e7in haz\u0131r olan do\u011frulanm\u0131\u015f Huawei Geli\u015ftirici hesaplar\u0131; gizlenmi\u015f uygulamalar\u0131 ba\u015flatmak, k\u0131s\u0131tlamalar\u0131 a\u015fmak ve gizli da\u011f\u0131t\u0131m i\u00e7in m\u00fckemmeldir.<\/p>","protected":false},"featured_media":9816,"template":"","meta":{"_acf_changed":false},"product_brand":[],"product_cat":[328],"product_tag":[],"class_list":{"0":"post-9771","1":"product","2":"type-product","3":"status-publish","4":"has-post-thumbnail","6":"product_cat-app-others","8":"first","9":"instock","10":"purchasable","11":"product-type-simple"},"acf":[],"yoast_head":"<!-- This site is optimized with the Yoast SEO Premium plugin v26.6 (Yoast SEO v26.7) - https:\/\/yoast.com\/wordpress\/plugins\/seo\/ -->\n<title>Buy Huawei AppGallery Cloaking Accounts \u2013 Verified Accounts<\/title>\n<meta name=\"description\" content=\"Buy verified Huawei AppGallery developer accounts from Chinese-registered companies. Ideal for publishing crypto, betting, and finance apps safely.\" \/>\n<meta name=\"robots\" content=\"index, follow, max-snippet:-1, max-image-preview:large, max-video-preview:-1\" \/>\n<link rel=\"canonical\" href=\"https:\/\/cloakmyads.com\/tr\/satin-al\/huawei-gelistirici-gizleme-hesaplari\/\" \/>\n<meta property=\"og:locale\" content=\"tr_TR\" \/>\n<meta property=\"og:type\" content=\"article\" \/>\n<meta property=\"og:title\" content=\"Huawei Developer Cloaking Accounts\" \/>\n<meta property=\"og:description\" content=\"Buy verified Huawei AppGallery developer accounts from Chinese-registered companies. Ideal for publishing crypto, betting, and finance apps safely.\" \/>\n<meta property=\"og:url\" content=\"https:\/\/cloakmyads.com\/tr\/satin-al\/huawei-gelistirici-gizleme-hesaplari\/\" \/>\n<meta property=\"og:site_name\" content=\"CloakMyAds\" \/>\n<meta property=\"article:modified_time\" content=\"2026-01-04T11:04:45+00:00\" \/>\n<meta property=\"og:image\" content=\"https:\/\/cloakmyads.com\/wp-content\/uploads\/2025\/10\/huawei-appgallery-accounts.png\" \/>\n\t<meta property=\"og:image:width\" content=\"940\" \/>\n\t<meta property=\"og:image:height\" content=\"640\" \/>\n\t<meta property=\"og:image:type\" content=\"image\/png\" \/>\n<meta name=\"twitter:card\" content=\"summary_large_image\" \/>\n<meta name=\"twitter:label1\" content=\"Tahmini okuma s\u00fcresi\" \/>\n\t<meta name=\"twitter:data1\" content=\"1 dakika\" \/>\n<script type=\"application\/ld+json\" class=\"yoast-schema-graph\">{\"@context\":\"https:\/\/schema.org\",\"@graph\":[{\"@type\":\"WebPage\",\"@id\":\"https:\/\/cloakmyads.com\/buy\/huawei-developer-cloaking-accounts\/\",\"url\":\"https:\/\/cloakmyads.com\/buy\/huawei-developer-cloaking-accounts\/\",\"name\":\"Buy Huawei AppGallery Cloaking Accounts \u2013 Verified Accounts\",\"isPartOf\":{\"@id\":\"https:\/\/cloakmyads.com\/#website\"},\"primaryImageOfPage\":{\"@id\":\"https:\/\/cloakmyads.com\/buy\/huawei-developer-cloaking-accounts\/#primaryimage\"},\"image\":{\"@id\":\"https:\/\/cloakmyads.com\/buy\/huawei-developer-cloaking-accounts\/#primaryimage\"},\"thumbnailUrl\":\"https:\/\/cloakmyads.com\/wp-content\/uploads\/2025\/10\/huawei-appgallery-accounts.png\",\"datePublished\":\"2025-10-05T10:20:32+00:00\",\"dateModified\":\"2026-01-04T11:04:45+00:00\",\"description\":\"Buy verified Huawei AppGallery developer accounts from Chinese-registered companies. Ideal for publishing crypto, betting, and finance apps safely.\",\"breadcrumb\":{\"@id\":\"https:\/\/cloakmyads.com\/buy\/huawei-developer-cloaking-accounts\/#breadcrumb\"},\"inLanguage\":\"tr\",\"potentialAction\":[{\"@type\":\"ReadAction\",\"target\":[\"https:\/\/cloakmyads.com\/buy\/huawei-developer-cloaking-accounts\/\"]}]},{\"@type\":\"ImageObject\",\"inLanguage\":\"tr\",\"@id\":\"https:\/\/cloakmyads.com\/buy\/huawei-developer-cloaking-accounts\/#primaryimage\",\"url\":\"https:\/\/cloakmyads.com\/wp-content\/uploads\/2025\/10\/huawei-appgallery-accounts.png\",\"contentUrl\":\"https:\/\/cloakmyads.com\/wp-content\/uploads\/2025\/10\/huawei-appgallery-accounts.png\",\"width\":940,\"height\":640},{\"@type\":\"BreadcrumbList\",\"@id\":\"https:\/\/cloakmyads.com\/buy\/huawei-developer-cloaking-accounts\/#breadcrumb\",\"itemListElement\":[{\"@type\":\"ListItem\",\"position\":1,\"name\":\"Home\",\"item\":\"https:\/\/cloakmyads.com\/\"},{\"@type\":\"ListItem\",\"position\":2,\"name\":\"Shop\",\"item\":\"https:\/\/cloakmyads.com\/ar\/%d9%85%d8%aa%d8%ac%d8%b1\/\"},{\"@type\":\"ListItem\",\"position\":3,\"name\":\"Huawei Developer Cloaking Accounts\"}]},{\"@type\":\"WebSite\",\"@id\":\"https:\/\/cloakmyads.com\/#website\",\"url\":\"https:\/\/cloakmyads.com\/\",\"name\":\"CloakMyAds\",\"description\":\"\",\"publisher\":{\"@id\":\"https:\/\/cloakmyads.com\/#organization\"},\"potentialAction\":[{\"@type\":\"SearchAction\",\"target\":{\"@type\":\"EntryPoint\",\"urlTemplate\":\"https:\/\/cloakmyads.com\/?s={search_term_string}\"},\"query-input\":{\"@type\":\"PropertyValueSpecification\",\"valueRequired\":true,\"valueName\":\"search_term_string\"}}],\"inLanguage\":\"tr\"},{\"@type\":\"Organization\",\"@id\":\"https:\/\/cloakmyads.com\/#organization\",\"name\":\"Buy Google Ads Accounts\",\"url\":\"https:\/\/cloakmyads.com\/\",\"logo\":{\"@type\":\"ImageObject\",\"inLanguage\":\"tr\",\"@id\":\"https:\/\/cloakmyads.com\/#\/schema\/logo\/image\/\",\"url\":\"https:\/\/cloakmyads.com\/wp-content\/uploads\/2025\/11\/fav-cloak.jpg\",\"contentUrl\":\"https:\/\/cloakmyads.com\/wp-content\/uploads\/2025\/11\/fav-cloak.jpg\",\"width\":512,\"height\":512,\"caption\":\"Buy Google Ads Accounts\"},\"image\":{\"@id\":\"https:\/\/cloakmyads.com\/#\/schema\/logo\/image\/\"}}]}<\/script>\n<!-- \/ Yoast SEO Premium plugin. -->","yoast_head_json":{"title":"Huawei AppGallery Gizleme Hesaplar\u0131 Sat\u0131n Al\u0131n - Do\u011frulanm\u0131\u015f Hesaplar","description":"\u00c7in'de kay\u0131tl\u0131 \u015firketlerden do\u011frulanm\u0131\u015f Huawei AppGallery geli\u015ftirici hesaplar\u0131 sat\u0131n al\u0131n. Kripto, bahis ve finans uygulamalar\u0131n\u0131 g\u00fcvenle yay\u0131nlamak i\u00e7in idealdir.","robots":{"index":"index","follow":"follow","max-snippet":"max-snippet:-1","max-image-preview":"max-image-preview:large","max-video-preview":"max-video-preview:-1"},"canonical":"https:\/\/cloakmyads.com\/tr\/satin-al\/huawei-gelistirici-gizleme-hesaplari\/","og_locale":"tr_TR","og_type":"article","og_title":"Huawei Developer Cloaking Accounts","og_description":"Buy verified Huawei AppGallery developer accounts from Chinese-registered companies. Ideal for publishing crypto, betting, and finance apps safely.","og_url":"https:\/\/cloakmyads.com\/tr\/satin-al\/huawei-gelistirici-gizleme-hesaplari\/","og_site_name":"CloakMyAds","article_modified_time":"2026-01-04T11:04:45+00:00","og_image":[{"width":940,"height":640,"url":"https:\/\/cloakmyads.com\/wp-content\/uploads\/2025\/10\/huawei-appgallery-accounts.png","type":"image\/png"}],"twitter_card":"summary_large_image","twitter_misc":{"Tahmini okuma s\u00fcresi":"1 dakika"},"schema":{"@context":"https:\/\/schema.org","@graph":[{"@type":"WebPage","@id":"https:\/\/cloakmyads.com\/buy\/huawei-developer-cloaking-accounts\/","url":"https:\/\/cloakmyads.com\/buy\/huawei-developer-cloaking-accounts\/","name":"Huawei AppGallery Gizleme Hesaplar\u0131 Sat\u0131n Al\u0131n - Do\u011frulanm\u0131\u015f Hesaplar","isPartOf":{"@id":"https:\/\/cloakmyads.com\/#website"},"primaryImageOfPage":{"@id":"https:\/\/cloakmyads.com\/buy\/huawei-developer-cloaking-accounts\/#primaryimage"},"image":{"@id":"https:\/\/cloakmyads.com\/buy\/huawei-developer-cloaking-accounts\/#primaryimage"},"thumbnailUrl":"https:\/\/cloakmyads.com\/wp-content\/uploads\/2025\/10\/huawei-appgallery-accounts.png","datePublished":"2025-10-05T10:20:32+00:00","dateModified":"2026-01-04T11:04:45+00:00","description":"\u00c7in'de kay\u0131tl\u0131 \u015firketlerden do\u011frulanm\u0131\u015f Huawei AppGallery geli\u015ftirici hesaplar\u0131 sat\u0131n al\u0131n. Kripto, bahis ve finans uygulamalar\u0131n\u0131 g\u00fcvenle yay\u0131nlamak i\u00e7in idealdir.","breadcrumb":{"@id":"https:\/\/cloakmyads.com\/buy\/huawei-developer-cloaking-accounts\/#breadcrumb"},"inLanguage":"tr","potentialAction":[{"@type":"ReadAction","target":["https:\/\/cloakmyads.com\/buy\/huawei-developer-cloaking-accounts\/"]}]},{"@type":"ImageObject","inLanguage":"tr","@id":"https:\/\/cloakmyads.com\/buy\/huawei-developer-cloaking-accounts\/#primaryimage","url":"https:\/\/cloakmyads.com\/wp-content\/uploads\/2025\/10\/huawei-appgallery-accounts.png","contentUrl":"https:\/\/cloakmyads.com\/wp-content\/uploads\/2025\/10\/huawei-appgallery-accounts.png","width":940,"height":640},{"@type":"BreadcrumbList","@id":"https:\/\/cloakmyads.com\/buy\/huawei-developer-cloaking-accounts\/#breadcrumb","itemListElement":[{"@type":"ListItem","position":1,"name":"Home","item":"https:\/\/cloakmyads.com\/"},{"@type":"ListItem","position":2,"name":"Shop","item":"https:\/\/cloakmyads.com\/ar\/%d9%85%d8%aa%d8%ac%d8%b1\/"},{"@type":"ListItem","position":3,"name":"Huawei Developer Cloaking Accounts"}]},{"@type":"WebSite","@id":"https:\/\/cloakmyads.com\/#website","url":"https:\/\/cloakmyads.com\/","name":"CloakMyAds","description":"","publisher":{"@id":"https:\/\/cloakmyads.com\/#organization"},"potentialAction":[{"@type":"SearchAction","target":{"@type":"EntryPoint","urlTemplate":"https:\/\/cloakmyads.com\/?s={search_term_string}"},"query-input":{"@type":"PropertyValueSpecification","valueRequired":true,"valueName":"search_term_string"}}],"inLanguage":"tr"},{"@type":"Organization","@id":"https:\/\/cloakmyads.com\/#organization","name":"Google Ads Hesaplar\u0131 Sat\u0131n Al\u0131n","url":"https:\/\/cloakmyads.com\/","logo":{"@type":"ImageObject","inLanguage":"tr","@id":"https:\/\/cloakmyads.com\/#\/schema\/logo\/image\/","url":"https:\/\/cloakmyads.com\/wp-content\/uploads\/2025\/11\/fav-cloak.jpg","contentUrl":"https:\/\/cloakmyads.com\/wp-content\/uploads\/2025\/11\/fav-cloak.jpg","width":512,"height":512,"caption":"Buy Google Ads Accounts"},"image":{"@id":"https:\/\/cloakmyads.com\/#\/schema\/logo\/image\/"}}]}},"_links":{"self":[{"href":"https:\/\/cloakmyads.com\/tr\/wp-json\/wp\/v2\/product\/9771","targetHints":{"allow":["GET"]}}],"collection":[{"href":"https:\/\/cloakmyads.com\/tr\/wp-json\/wp\/v2\/product"}],"about":[{"href":"https:\/\/cloakmyads.com\/tr\/wp-json\/wp\/v2\/types\/product"}],"version-history":[{"count":9,"href":"https:\/\/cloakmyads.com\/tr\/wp-json\/wp\/v2\/product\/9771\/revisions"}],"predecessor-version":[{"id":11340,"href":"https:\/\/cloakmyads.com\/tr\/wp-json\/wp\/v2\/product\/9771\/revisions\/11340"}],"wp:featuredmedia":[{"embeddable":true,"href":"https:\/\/cloakmyads.com\/tr\/wp-json\/wp\/v2\/media\/9816"}],"wp:attachment":[{"href":"https:\/\/cloakmyads.com\/tr\/wp-json\/wp\/v2\/media?parent=9771"}],"wp:term":[{"taxonomy":"product_brand","embeddable":true,"href":"https:\/\/cloakmyads.com\/tr\/wp-json\/wp\/v2\/product_brand?post=9771"},{"taxonomy":"product_cat","embeddable":true,"href":"https:\/\/cloakmyads.com\/tr\/wp-json\/wp\/v2\/product_cat?post=9771"},{"taxonomy":"product_tag","embeddable":true,"href":"https:\/\/cloakmyads.com\/tr\/wp-json\/wp\/v2\/product_tag?post=9771"}],"curies":[{"name":"wp","href":"https:\/\/api.w.org\/{rel}","templated":true}]}}