{"id":9616,"date":"2025-09-22T17:17:29","date_gmt":"2025-09-22T16:17:29","guid":{"rendered":"https:\/\/cloakmyads.com\/?post_type=product&#038;p=9616"},"modified":"2025-11-08T09:38:05","modified_gmt":"2025-11-08T14:38:05","slug":"apple-uygulama-magazasi-gizleme","status":"publish","type":"product","link":"https:\/\/cloakmyads.com\/tr\/satin-al\/apple-uygulama-magazasi-gizleme\/","title":{"rendered":"Apple App Store Gizleme"},"content":{"rendered":"<p data-start=\"1403\" data-end=\"1598\">Apple'\u0131n App Store inceleme s\u00fcreci d\u00fcnyadaki en kat\u0131 s\u00fcre\u00e7lerden biridir. Uygulaman\u0131z izinsiz i\u00e7erik i\u00e7eriyorsa, TOS'u ihlal ediyorsa veya \u201chassas\u201d bir \u015fey yapmaya \u00e7al\u0131\u015f\u0131yorsa an\u0131nda reddedilir.<\/p>\n<p data-start=\"1600\" data-end=\"1798\">Ancak iOS gizleme \u00e7\u00f6z\u00fcm\u00fcm\u00fczle uygulaman\u0131z\u0131 de\u011fi\u015ftirmek zorunda de\u011filsiniz. Sadece orijinal IPA dosyan\u0131z\u0131 y\u00fckleyin - biz onu bir <strong data-start=\"1731\" data-end=\"1754\">uyumlu kabuk uygulamas\u0131<\/strong>, incelemeye g\u00f6nderin ve gerisini halledin.<\/p>\n<p data-start=\"1800\" data-end=\"2025\">Apple onaylad\u0131ktan sonra, uygulama <strong data-start=\"1832\" data-end=\"1869\">ger\u00e7ek cihazlarda anahtar davran\u0131\u015f\u0131<\/strong>. Ger\u00e7ek aray\u00fcz\u00fcn\u00fcz\u00fc y\u00fckleyebilir, k\u0131s\u0131tl\u0131 SDK'lar\u0131 etkinle\u015ftirebilir, arka plan eylemlerini etkinle\u015ftirebilir veya uzaktaki i\u00e7eri\u011fi \u00e7ekebilir - t\u00fcm bunlar\u0131 Apple'a yeniden g\u00f6ndermeden veya uyar\u0131 vermeden yapabilir.<\/p>\n<p data-start=\"2027\" data-end=\"2196\">Kendi Apple Geli\u015ftirici Hesab\u0131n\u0131z\u0131 kullanarak g\u00f6nderebilirsiniz veya sizin i\u00e7in bir tane sa\u011flayaca\u011f\u0131z. T\u00fcm s\u00fcre\u00e7, inceleme s\u0131ras\u0131nda temiz g\u00f6r\u00fcnecek ve onayland\u0131ktan sonra \u00e7evrilecek \u015fekilde paketlenmi\u015ftir.<\/p>\n<p data-start=\"2198\" data-end=\"2367\">Bu hizmete \u00f6zel ara\u00e7 sat\u0131c\u0131lar\u0131, takip uygulamas\u0131 a\u011flar\u0131, k\u0131s\u0131tl\u0131 i\u00e7erik da\u011f\u0131t\u0131c\u0131lar\u0131 ve App Store s\u0131n\u0131rlamalar\u0131 olmadan iOS uygulama eri\u015fimine ihtiya\u00e7 duyan herkes g\u00fcvenmektedir.<\/p>","protected":false},"excerpt":{"rendered":"<p>Yasakl\u0131 veya uyumlu olmayan iOS uygulaman\u0131z\u0131 y\u00fckleyin - temiz bir sahte uygulamaya sar\u0131yoruz, sizin (veya bizim) geli\u015ftirici hesab\u0131n\u0131z\u0131 kullanarak Apple'a g\u00f6nderiyoruz ve onayland\u0131ktan sonra davran\u0131\u015f\u0131 ger\u00e7ek uygulaman\u0131za ge\u00e7iriyoruz.<\/p>","protected":false},"featured_media":9556,"template":"","meta":{"_acf_changed":false},"product_brand":[],"product_cat":[326],"product_tag":[],"class_list":{"0":"post-9616","1":"product","2":"type-product","3":"status-publish","4":"has-post-thumbnail","6":"product_cat-app-cloaking","8":"first","9":"instock","10":"purchasable","11":"product-type-simple"},"acf":[],"yoast_head":"<!-- This site is optimized with the Yoast SEO Premium plugin v26.6 (Yoast SEO v26.7) - https:\/\/yoast.com\/wordpress\/plugins\/seo\/ -->\n<title>Buy Apple App Store Cloaking Services Online<\/title>\n<meta name=\"description\" content=\"Buy Apple App Store Cloaking and keep campaigns live. Advanced cloaking ensures approval and reduces bans. Get started now.\" \/>\n<meta name=\"robots\" content=\"index, follow, max-snippet:-1, max-image-preview:large, max-video-preview:-1\" \/>\n<link rel=\"canonical\" href=\"https:\/\/cloakmyads.com\/tr\/satin-al\/apple-uygulama-magazasi-gizleme\/\" \/>\n<meta property=\"og:locale\" content=\"tr_TR\" \/>\n<meta property=\"og:type\" content=\"article\" \/>\n<meta property=\"og:title\" content=\"Apple App Store Cloaking\" \/>\n<meta property=\"og:description\" content=\"Buy Apple App Store Cloaking and keep campaigns live. Advanced cloaking ensures approval and reduces bans. Get started now.\" \/>\n<meta property=\"og:url\" content=\"https:\/\/cloakmyads.com\/tr\/satin-al\/apple-uygulama-magazasi-gizleme\/\" \/>\n<meta property=\"og:site_name\" content=\"CloakMyAds\" \/>\n<meta property=\"article:modified_time\" content=\"2025-11-08T14:38:05+00:00\" \/>\n<meta property=\"og:image\" content=\"https:\/\/cloakmyads.com\/wp-content\/uploads\/2025\/09\/cloaking-ads.jpg\" \/>\n\t<meta property=\"og:image:width\" content=\"605\" \/>\n\t<meta property=\"og:image:height\" content=\"400\" \/>\n\t<meta property=\"og:image:type\" content=\"image\/jpeg\" \/>\n<meta name=\"twitter:card\" content=\"summary_large_image\" \/>\n<meta name=\"twitter:label1\" content=\"Tahmini okuma s\u00fcresi\" \/>\n\t<meta name=\"twitter:data1\" content=\"1 dakika\" \/>\n<script type=\"application\/ld+json\" class=\"yoast-schema-graph\">{\"@context\":\"https:\/\/schema.org\",\"@graph\":[{\"@type\":\"WebPage\",\"@id\":\"https:\/\/cloakmyads.com\/buy\/apple-app-store-cloaking\/\",\"url\":\"https:\/\/cloakmyads.com\/buy\/apple-app-store-cloaking\/\",\"name\":\"Buy Apple App Store Cloaking Services Online\",\"isPartOf\":{\"@id\":\"https:\/\/cloakmyads.com\/#website\"},\"primaryImageOfPage\":{\"@id\":\"https:\/\/cloakmyads.com\/buy\/apple-app-store-cloaking\/#primaryimage\"},\"image\":{\"@id\":\"https:\/\/cloakmyads.com\/buy\/apple-app-store-cloaking\/#primaryimage\"},\"thumbnailUrl\":\"https:\/\/cloakmyads.com\/wp-content\/uploads\/2025\/09\/cloaking-ads.jpg\",\"datePublished\":\"2025-09-22T16:17:29+00:00\",\"dateModified\":\"2025-11-08T14:38:05+00:00\",\"description\":\"Buy Apple App Store Cloaking and keep campaigns live. Advanced cloaking ensures approval and reduces bans. Get started now.\",\"breadcrumb\":{\"@id\":\"https:\/\/cloakmyads.com\/buy\/apple-app-store-cloaking\/#breadcrumb\"},\"inLanguage\":\"tr\",\"potentialAction\":[{\"@type\":\"ReadAction\",\"target\":[\"https:\/\/cloakmyads.com\/buy\/apple-app-store-cloaking\/\"]}]},{\"@type\":\"ImageObject\",\"inLanguage\":\"tr\",\"@id\":\"https:\/\/cloakmyads.com\/buy\/apple-app-store-cloaking\/#primaryimage\",\"url\":\"https:\/\/cloakmyads.com\/wp-content\/uploads\/2025\/09\/cloaking-ads.jpg\",\"contentUrl\":\"https:\/\/cloakmyads.com\/wp-content\/uploads\/2025\/09\/cloaking-ads.jpg\",\"width\":605,\"height\":400,\"caption\":\"Ads cloaking\"},{\"@type\":\"BreadcrumbList\",\"@id\":\"https:\/\/cloakmyads.com\/buy\/apple-app-store-cloaking\/#breadcrumb\",\"itemListElement\":[{\"@type\":\"ListItem\",\"position\":1,\"name\":\"Home\",\"item\":\"https:\/\/cloakmyads.com\/\"},{\"@type\":\"ListItem\",\"position\":2,\"name\":\"Shop\",\"item\":\"https:\/\/cloakmyads.com\/ar\/%d9%85%d8%aa%d8%ac%d8%b1\/\"},{\"@type\":\"ListItem\",\"position\":3,\"name\":\"Apple App Store Cloaking\"}]},{\"@type\":\"WebSite\",\"@id\":\"https:\/\/cloakmyads.com\/#website\",\"url\":\"https:\/\/cloakmyads.com\/\",\"name\":\"CloakMyAds\",\"description\":\"\",\"publisher\":{\"@id\":\"https:\/\/cloakmyads.com\/#organization\"},\"potentialAction\":[{\"@type\":\"SearchAction\",\"target\":{\"@type\":\"EntryPoint\",\"urlTemplate\":\"https:\/\/cloakmyads.com\/?s={search_term_string}\"},\"query-input\":{\"@type\":\"PropertyValueSpecification\",\"valueRequired\":true,\"valueName\":\"search_term_string\"}}],\"inLanguage\":\"tr\"},{\"@type\":\"Organization\",\"@id\":\"https:\/\/cloakmyads.com\/#organization\",\"name\":\"Buy Google Ads Accounts\",\"url\":\"https:\/\/cloakmyads.com\/\",\"logo\":{\"@type\":\"ImageObject\",\"inLanguage\":\"tr\",\"@id\":\"https:\/\/cloakmyads.com\/#\/schema\/logo\/image\/\",\"url\":\"https:\/\/cloakmyads.com\/wp-content\/uploads\/2025\/11\/fav-cloak.jpg\",\"contentUrl\":\"https:\/\/cloakmyads.com\/wp-content\/uploads\/2025\/11\/fav-cloak.jpg\",\"width\":512,\"height\":512,\"caption\":\"Buy Google Ads Accounts\"},\"image\":{\"@id\":\"https:\/\/cloakmyads.com\/#\/schema\/logo\/image\/\"}}]}<\/script>\n<!-- \/ Yoast SEO Premium plugin. -->","yoast_head_json":{"title":"Apple App Store Gizleme Hizmetlerini \u00c7evrimi\u00e7i Sat\u0131n Al\u0131n","description":"Apple App Store Gizleme sat\u0131n al\u0131n ve kampanyalar\u0131 canl\u0131 tutun. Geli\u015fmi\u015f gizleme, onaylanmay\u0131 sa\u011flar ve yasaklamalar\u0131 azalt\u0131r. \u015eimdi ba\u015flay\u0131n.","robots":{"index":"index","follow":"follow","max-snippet":"max-snippet:-1","max-image-preview":"max-image-preview:large","max-video-preview":"max-video-preview:-1"},"canonical":"https:\/\/cloakmyads.com\/tr\/satin-al\/apple-uygulama-magazasi-gizleme\/","og_locale":"tr_TR","og_type":"article","og_title":"Apple App Store Cloaking","og_description":"Buy Apple App Store Cloaking and keep campaigns live. Advanced cloaking ensures approval and reduces bans. Get started now.","og_url":"https:\/\/cloakmyads.com\/tr\/satin-al\/apple-uygulama-magazasi-gizleme\/","og_site_name":"CloakMyAds","article_modified_time":"2025-11-08T14:38:05+00:00","og_image":[{"width":605,"height":400,"url":"https:\/\/cloakmyads.com\/wp-content\/uploads\/2025\/09\/cloaking-ads.jpg","type":"image\/jpeg"}],"twitter_card":"summary_large_image","twitter_misc":{"Tahmini okuma s\u00fcresi":"1 dakika"},"schema":{"@context":"https:\/\/schema.org","@graph":[{"@type":"WebPage","@id":"https:\/\/cloakmyads.com\/buy\/apple-app-store-cloaking\/","url":"https:\/\/cloakmyads.com\/buy\/apple-app-store-cloaking\/","name":"Apple App Store Gizleme Hizmetlerini \u00c7evrimi\u00e7i Sat\u0131n Al\u0131n","isPartOf":{"@id":"https:\/\/cloakmyads.com\/#website"},"primaryImageOfPage":{"@id":"https:\/\/cloakmyads.com\/buy\/apple-app-store-cloaking\/#primaryimage"},"image":{"@id":"https:\/\/cloakmyads.com\/buy\/apple-app-store-cloaking\/#primaryimage"},"thumbnailUrl":"https:\/\/cloakmyads.com\/wp-content\/uploads\/2025\/09\/cloaking-ads.jpg","datePublished":"2025-09-22T16:17:29+00:00","dateModified":"2025-11-08T14:38:05+00:00","description":"Apple App Store Gizleme sat\u0131n al\u0131n ve kampanyalar\u0131 canl\u0131 tutun. Geli\u015fmi\u015f gizleme, onaylanmay\u0131 sa\u011flar ve yasaklamalar\u0131 azalt\u0131r. \u015eimdi ba\u015flay\u0131n.","breadcrumb":{"@id":"https:\/\/cloakmyads.com\/buy\/apple-app-store-cloaking\/#breadcrumb"},"inLanguage":"tr","potentialAction":[{"@type":"ReadAction","target":["https:\/\/cloakmyads.com\/buy\/apple-app-store-cloaking\/"]}]},{"@type":"ImageObject","inLanguage":"tr","@id":"https:\/\/cloakmyads.com\/buy\/apple-app-store-cloaking\/#primaryimage","url":"https:\/\/cloakmyads.com\/wp-content\/uploads\/2025\/09\/cloaking-ads.jpg","contentUrl":"https:\/\/cloakmyads.com\/wp-content\/uploads\/2025\/09\/cloaking-ads.jpg","width":605,"height":400,"caption":"Ads cloaking"},{"@type":"BreadcrumbList","@id":"https:\/\/cloakmyads.com\/buy\/apple-app-store-cloaking\/#breadcrumb","itemListElement":[{"@type":"ListItem","position":1,"name":"Home","item":"https:\/\/cloakmyads.com\/"},{"@type":"ListItem","position":2,"name":"Shop","item":"https:\/\/cloakmyads.com\/ar\/%d9%85%d8%aa%d8%ac%d8%b1\/"},{"@type":"ListItem","position":3,"name":"Apple App Store Cloaking"}]},{"@type":"WebSite","@id":"https:\/\/cloakmyads.com\/#website","url":"https:\/\/cloakmyads.com\/","name":"CloakMyAds","description":"","publisher":{"@id":"https:\/\/cloakmyads.com\/#organization"},"potentialAction":[{"@type":"SearchAction","target":{"@type":"EntryPoint","urlTemplate":"https:\/\/cloakmyads.com\/?s={search_term_string}"},"query-input":{"@type":"PropertyValueSpecification","valueRequired":true,"valueName":"search_term_string"}}],"inLanguage":"tr"},{"@type":"Organization","@id":"https:\/\/cloakmyads.com\/#organization","name":"Google Ads Hesaplar\u0131 Sat\u0131n Al\u0131n","url":"https:\/\/cloakmyads.com\/","logo":{"@type":"ImageObject","inLanguage":"tr","@id":"https:\/\/cloakmyads.com\/#\/schema\/logo\/image\/","url":"https:\/\/cloakmyads.com\/wp-content\/uploads\/2025\/11\/fav-cloak.jpg","contentUrl":"https:\/\/cloakmyads.com\/wp-content\/uploads\/2025\/11\/fav-cloak.jpg","width":512,"height":512,"caption":"Buy Google Ads Accounts"},"image":{"@id":"https:\/\/cloakmyads.com\/#\/schema\/logo\/image\/"}}]}},"_links":{"self":[{"href":"https:\/\/cloakmyads.com\/tr\/wp-json\/wp\/v2\/product\/9616","targetHints":{"allow":["GET"]}}],"collection":[{"href":"https:\/\/cloakmyads.com\/tr\/wp-json\/wp\/v2\/product"}],"about":[{"href":"https:\/\/cloakmyads.com\/tr\/wp-json\/wp\/v2\/types\/product"}],"version-history":[{"count":6,"href":"https:\/\/cloakmyads.com\/tr\/wp-json\/wp\/v2\/product\/9616\/revisions"}],"predecessor-version":[{"id":9846,"href":"https:\/\/cloakmyads.com\/tr\/wp-json\/wp\/v2\/product\/9616\/revisions\/9846"}],"wp:featuredmedia":[{"embeddable":true,"href":"https:\/\/cloakmyads.com\/tr\/wp-json\/wp\/v2\/media\/9556"}],"wp:attachment":[{"href":"https:\/\/cloakmyads.com\/tr\/wp-json\/wp\/v2\/media?parent=9616"}],"wp:term":[{"taxonomy":"product_brand","embeddable":true,"href":"https:\/\/cloakmyads.com\/tr\/wp-json\/wp\/v2\/product_brand?post=9616"},{"taxonomy":"product_cat","embeddable":true,"href":"https:\/\/cloakmyads.com\/tr\/wp-json\/wp\/v2\/product_cat?post=9616"},{"taxonomy":"product_tag","embeddable":true,"href":"https:\/\/cloakmyads.com\/tr\/wp-json\/wp\/v2\/product_tag?post=9616"}],"curies":[{"name":"wp","href":"https:\/\/api.w.org\/{rel}","templated":true}]}}