{"id":9611,"date":"2025-09-22T16:44:33","date_gmt":"2025-09-22T15:44:33","guid":{"rendered":"https:\/\/cloakmyads.com\/?post_type=product&#038;p=9611"},"modified":"2025-11-08T09:38:40","modified_gmt":"2025-11-08T14:38:40","slug":"dropshipping-ecom-reklamlari-gizleme","status":"publish","type":"product","link":"https:\/\/cloakmyads.com\/tr\/satin-al\/dropshipping-ecom-reklamlari-gizleme\/","title":{"rendered":"Dropshipping \/ Ecom Reklamlar\u0131 Gizleme"},"content":{"rendered":"<p data-start=\"906\" data-end=\"1248\">Facebook ve TikTok gibi platformlar, \u00f6zellikle stoksuz sat\u0131\u015fta neleri satabilece\u011finizi k\u0131s\u0131tlad\u0131. Replika spor ayakkab\u0131lar, silah aletleri, detoks malzemeleri ve sahte markal\u0131 elektronik e\u015fyalar gibi \u00fcr\u00fcnler genellikle g\u00f6r\u00fcld\u00fckleri yerde yasaklan\u0131yor. Sahte zamanlay\u0131c\u0131lar, k\u0131tl\u0131k hileleri veya cesur iddialar kullanan standart huniler bile onaylanmamalar\u0131 veya tam hesap yasaklar\u0131n\u0131 tetikleyecektir.<\/p>\n<p data-start=\"1250\" data-end=\"1529\">Gizleme sistemimiz bunu d\u00fczeltir. Yorumculara, botlara ve uyumluluk taray\u0131c\u0131lar\u0131na temiz bir sayfa g\u00f6sterilir - genellikle markal\u0131 bir ana sayfa, influencer tarz\u0131 blog veya genel \u00fcr\u00fcn bilgileri sayfas\u0131. Ger\u00e7ek kullan\u0131c\u0131lar ise an\u0131nda ger\u00e7ek ma\u011fazan\u0131za, teklifinize veya \u00f6deme sayfan\u0131za y\u00f6nlendirilir.<\/p>\n<p data-start=\"1531\" data-end=\"1736\">Kimin ne g\u00f6rece\u011fini tam olarak siz kontrol edersiniz: trafi\u011fi IP aral\u0131\u011f\u0131, \u00fclke, cihaz, taray\u0131c\u0131 parmak izi veya dile g\u00f6re filtreleyin. Kazanan \u00fcr\u00fcn\u00fcn\u00fcz\u00fc daha uzun s\u00fcre canl\u0131 tutun ve \u201cpolitika ihlalleri\u201d nedeniyle reklam hesaplar\u0131n\u0131 kaybetmeyi durdurun.\u201d<\/p>\n<p data-start=\"1738\" data-end=\"1915\">6 haneli dropshipper'lar, e-ticaret arbitraj ekipleri ve tek \u00fcr\u00fcnl\u00fc ma\u011fazalar i\u015fleten sat\u0131\u015f ortaklar\u0131 taraf\u0131ndan kullan\u0131lan bu gizleyici, normalde \u00f6l\u00e7eklenemeyen \u00fcr\u00fcnleri \u00f6l\u00e7eklendirmek i\u00e7in tercih edilen bir silaht\u0131r.<\/p>","protected":false},"excerpt":{"rendered":"<p>Replikalar, yasakl\u0131 \u00fcr\u00fcnler, silahlar, do\u011frulanmam\u0131\u015f kozmetikler ve sahte k\u0131tl\u0131k hunileri dahil olmak \u00fczere agresif dropshipping \u00fcr\u00fcnlerinin Facebook, Google, TikTok ve X Ads gibi platformlarda g\u00fcvenle \u00e7al\u0131\u015fmas\u0131 i\u00e7in olu\u015fturulmu\u015f geli\u015fmi\u015f gizleme sistemi.<\/p>","protected":false},"featured_media":9556,"template":"","meta":{"_acf_changed":false},"product_brand":[],"product_cat":[325],"product_tag":[],"class_list":{"0":"post-9611","1":"product","2":"type-product","3":"status-publish","4":"has-post-thumbnail","6":"product_cat-cloaking","8":"first","9":"instock","10":"purchasable","11":"product-type-simple"},"acf":[],"yoast_head":"<!-- This site is optimized with the Yoast SEO Premium plugin v26.6 (Yoast SEO v26.7) - https:\/\/yoast.com\/wordpress\/plugins\/seo\/ -->\n<title>Buy Dropshipping Ads Cloaking \u2013 Hide Blackhat Products<\/title>\n<meta name=\"description\" content=\"Buy Ecom Ads Cloaking to run dropshipping campaigns by showing safe content to reviewers and real offers to customers.\" \/>\n<meta name=\"robots\" content=\"index, follow, max-snippet:-1, max-image-preview:large, max-video-preview:-1\" \/>\n<link rel=\"canonical\" href=\"https:\/\/cloakmyads.com\/tr\/satin-al\/dropshipping-ecom-reklamlari-gizleme\/\" \/>\n<meta property=\"og:locale\" content=\"tr_TR\" \/>\n<meta property=\"og:type\" content=\"article\" \/>\n<meta property=\"og:title\" content=\"Dropshipping \/ Ecom Ads Cloaking\" \/>\n<meta property=\"og:description\" content=\"Buy Ecom Ads Cloaking to run dropshipping campaigns by showing safe content to reviewers and real offers to customers.\" \/>\n<meta property=\"og:url\" content=\"https:\/\/cloakmyads.com\/tr\/satin-al\/dropshipping-ecom-reklamlari-gizleme\/\" \/>\n<meta property=\"og:site_name\" content=\"CloakMyAds\" \/>\n<meta property=\"article:modified_time\" content=\"2025-11-08T14:38:40+00:00\" \/>\n<meta property=\"og:image\" content=\"https:\/\/cloakmyads.com\/wp-content\/uploads\/2025\/09\/cloaking-ads.jpg\" \/>\n\t<meta property=\"og:image:width\" content=\"605\" \/>\n\t<meta property=\"og:image:height\" content=\"400\" \/>\n\t<meta property=\"og:image:type\" content=\"image\/jpeg\" \/>\n<meta name=\"twitter:card\" content=\"summary_large_image\" \/>\n<meta name=\"twitter:label1\" content=\"Tahmini okuma s\u00fcresi\" \/>\n\t<meta name=\"twitter:data1\" content=\"1 dakika\" \/>\n<script type=\"application\/ld+json\" class=\"yoast-schema-graph\">{\"@context\":\"https:\/\/schema.org\",\"@graph\":[{\"@type\":\"WebPage\",\"@id\":\"https:\/\/cloakmyads.com\/buy\/dropshipping-ecom-ads-cloaking\/\",\"url\":\"https:\/\/cloakmyads.com\/buy\/dropshipping-ecom-ads-cloaking\/\",\"name\":\"Buy Dropshipping Ads Cloaking \u2013 Hide Blackhat Products\",\"isPartOf\":{\"@id\":\"https:\/\/cloakmyads.com\/#website\"},\"primaryImageOfPage\":{\"@id\":\"https:\/\/cloakmyads.com\/buy\/dropshipping-ecom-ads-cloaking\/#primaryimage\"},\"image\":{\"@id\":\"https:\/\/cloakmyads.com\/buy\/dropshipping-ecom-ads-cloaking\/#primaryimage\"},\"thumbnailUrl\":\"https:\/\/cloakmyads.com\/wp-content\/uploads\/2025\/09\/cloaking-ads.jpg\",\"datePublished\":\"2025-09-22T15:44:33+00:00\",\"dateModified\":\"2025-11-08T14:38:40+00:00\",\"description\":\"Buy Ecom Ads Cloaking to run dropshipping campaigns by showing safe content to reviewers and real offers to customers.\",\"breadcrumb\":{\"@id\":\"https:\/\/cloakmyads.com\/buy\/dropshipping-ecom-ads-cloaking\/#breadcrumb\"},\"inLanguage\":\"tr\",\"potentialAction\":[{\"@type\":\"ReadAction\",\"target\":[\"https:\/\/cloakmyads.com\/buy\/dropshipping-ecom-ads-cloaking\/\"]}]},{\"@type\":\"ImageObject\",\"inLanguage\":\"tr\",\"@id\":\"https:\/\/cloakmyads.com\/buy\/dropshipping-ecom-ads-cloaking\/#primaryimage\",\"url\":\"https:\/\/cloakmyads.com\/wp-content\/uploads\/2025\/09\/cloaking-ads.jpg\",\"contentUrl\":\"https:\/\/cloakmyads.com\/wp-content\/uploads\/2025\/09\/cloaking-ads.jpg\",\"width\":605,\"height\":400,\"caption\":\"Ads cloaking\"},{\"@type\":\"BreadcrumbList\",\"@id\":\"https:\/\/cloakmyads.com\/buy\/dropshipping-ecom-ads-cloaking\/#breadcrumb\",\"itemListElement\":[{\"@type\":\"ListItem\",\"position\":1,\"name\":\"Home\",\"item\":\"https:\/\/cloakmyads.com\/\"},{\"@type\":\"ListItem\",\"position\":2,\"name\":\"Shop\",\"item\":\"https:\/\/cloakmyads.com\/ar\/%d9%85%d8%aa%d8%ac%d8%b1\/\"},{\"@type\":\"ListItem\",\"position\":3,\"name\":\"Dropshipping \/ Ecom Ads Cloaking\"}]},{\"@type\":\"WebSite\",\"@id\":\"https:\/\/cloakmyads.com\/#website\",\"url\":\"https:\/\/cloakmyads.com\/\",\"name\":\"CloakMyAds\",\"description\":\"\",\"publisher\":{\"@id\":\"https:\/\/cloakmyads.com\/#organization\"},\"potentialAction\":[{\"@type\":\"SearchAction\",\"target\":{\"@type\":\"EntryPoint\",\"urlTemplate\":\"https:\/\/cloakmyads.com\/?s={search_term_string}\"},\"query-input\":{\"@type\":\"PropertyValueSpecification\",\"valueRequired\":true,\"valueName\":\"search_term_string\"}}],\"inLanguage\":\"tr\"},{\"@type\":\"Organization\",\"@id\":\"https:\/\/cloakmyads.com\/#organization\",\"name\":\"Buy Google Ads Accounts\",\"url\":\"https:\/\/cloakmyads.com\/\",\"logo\":{\"@type\":\"ImageObject\",\"inLanguage\":\"tr\",\"@id\":\"https:\/\/cloakmyads.com\/#\/schema\/logo\/image\/\",\"url\":\"https:\/\/cloakmyads.com\/wp-content\/uploads\/2025\/11\/fav-cloak.jpg\",\"contentUrl\":\"https:\/\/cloakmyads.com\/wp-content\/uploads\/2025\/11\/fav-cloak.jpg\",\"width\":512,\"height\":512,\"caption\":\"Buy Google Ads Accounts\"},\"image\":{\"@id\":\"https:\/\/cloakmyads.com\/#\/schema\/logo\/image\/\"}}]}<\/script>\n<!-- \/ Yoast SEO Premium plugin. -->","yoast_head_json":{"title":"Dropshipping Reklamlar\u0131 Gizleme Sat\u0131n Al\u0131n - Blackhat \u00dcr\u00fcnlerini Gizleyin","description":"\u0130nceleyenlere g\u00fcvenli i\u00e7erik ve m\u00fc\u015fterilere ger\u00e7ek teklifler g\u00f6stererek dropshipping kampanyalar\u0131 y\u00fcr\u00fctmek i\u00e7in Ecom Ads Cloaking sat\u0131n al\u0131n.","robots":{"index":"index","follow":"follow","max-snippet":"max-snippet:-1","max-image-preview":"max-image-preview:large","max-video-preview":"max-video-preview:-1"},"canonical":"https:\/\/cloakmyads.com\/tr\/satin-al\/dropshipping-ecom-reklamlari-gizleme\/","og_locale":"tr_TR","og_type":"article","og_title":"Dropshipping \/ Ecom Ads Cloaking","og_description":"Buy Ecom Ads Cloaking to run dropshipping campaigns by showing safe content to reviewers and real offers to customers.","og_url":"https:\/\/cloakmyads.com\/tr\/satin-al\/dropshipping-ecom-reklamlari-gizleme\/","og_site_name":"CloakMyAds","article_modified_time":"2025-11-08T14:38:40+00:00","og_image":[{"width":605,"height":400,"url":"https:\/\/cloakmyads.com\/wp-content\/uploads\/2025\/09\/cloaking-ads.jpg","type":"image\/jpeg"}],"twitter_card":"summary_large_image","twitter_misc":{"Tahmini okuma s\u00fcresi":"1 dakika"},"schema":{"@context":"https:\/\/schema.org","@graph":[{"@type":"WebPage","@id":"https:\/\/cloakmyads.com\/buy\/dropshipping-ecom-ads-cloaking\/","url":"https:\/\/cloakmyads.com\/buy\/dropshipping-ecom-ads-cloaking\/","name":"Dropshipping Reklamlar\u0131 Gizleme Sat\u0131n Al\u0131n - Blackhat \u00dcr\u00fcnlerini Gizleyin","isPartOf":{"@id":"https:\/\/cloakmyads.com\/#website"},"primaryImageOfPage":{"@id":"https:\/\/cloakmyads.com\/buy\/dropshipping-ecom-ads-cloaking\/#primaryimage"},"image":{"@id":"https:\/\/cloakmyads.com\/buy\/dropshipping-ecom-ads-cloaking\/#primaryimage"},"thumbnailUrl":"https:\/\/cloakmyads.com\/wp-content\/uploads\/2025\/09\/cloaking-ads.jpg","datePublished":"2025-09-22T15:44:33+00:00","dateModified":"2025-11-08T14:38:40+00:00","description":"\u0130nceleyenlere g\u00fcvenli i\u00e7erik ve m\u00fc\u015fterilere ger\u00e7ek teklifler g\u00f6stererek dropshipping kampanyalar\u0131 y\u00fcr\u00fctmek i\u00e7in Ecom Ads Cloaking sat\u0131n al\u0131n.","breadcrumb":{"@id":"https:\/\/cloakmyads.com\/buy\/dropshipping-ecom-ads-cloaking\/#breadcrumb"},"inLanguage":"tr","potentialAction":[{"@type":"ReadAction","target":["https:\/\/cloakmyads.com\/buy\/dropshipping-ecom-ads-cloaking\/"]}]},{"@type":"ImageObject","inLanguage":"tr","@id":"https:\/\/cloakmyads.com\/buy\/dropshipping-ecom-ads-cloaking\/#primaryimage","url":"https:\/\/cloakmyads.com\/wp-content\/uploads\/2025\/09\/cloaking-ads.jpg","contentUrl":"https:\/\/cloakmyads.com\/wp-content\/uploads\/2025\/09\/cloaking-ads.jpg","width":605,"height":400,"caption":"Ads cloaking"},{"@type":"BreadcrumbList","@id":"https:\/\/cloakmyads.com\/buy\/dropshipping-ecom-ads-cloaking\/#breadcrumb","itemListElement":[{"@type":"ListItem","position":1,"name":"Home","item":"https:\/\/cloakmyads.com\/"},{"@type":"ListItem","position":2,"name":"Shop","item":"https:\/\/cloakmyads.com\/ar\/%d9%85%d8%aa%d8%ac%d8%b1\/"},{"@type":"ListItem","position":3,"name":"Dropshipping \/ Ecom Ads Cloaking"}]},{"@type":"WebSite","@id":"https:\/\/cloakmyads.com\/#website","url":"https:\/\/cloakmyads.com\/","name":"CloakMyAds","description":"","publisher":{"@id":"https:\/\/cloakmyads.com\/#organization"},"potentialAction":[{"@type":"SearchAction","target":{"@type":"EntryPoint","urlTemplate":"https:\/\/cloakmyads.com\/?s={search_term_string}"},"query-input":{"@type":"PropertyValueSpecification","valueRequired":true,"valueName":"search_term_string"}}],"inLanguage":"tr"},{"@type":"Organization","@id":"https:\/\/cloakmyads.com\/#organization","name":"Google Ads Hesaplar\u0131 Sat\u0131n Al\u0131n","url":"https:\/\/cloakmyads.com\/","logo":{"@type":"ImageObject","inLanguage":"tr","@id":"https:\/\/cloakmyads.com\/#\/schema\/logo\/image\/","url":"https:\/\/cloakmyads.com\/wp-content\/uploads\/2025\/11\/fav-cloak.jpg","contentUrl":"https:\/\/cloakmyads.com\/wp-content\/uploads\/2025\/11\/fav-cloak.jpg","width":512,"height":512,"caption":"Buy Google Ads Accounts"},"image":{"@id":"https:\/\/cloakmyads.com\/#\/schema\/logo\/image\/"}}]}},"_links":{"self":[{"href":"https:\/\/cloakmyads.com\/tr\/wp-json\/wp\/v2\/product\/9611","targetHints":{"allow":["GET"]}}],"collection":[{"href":"https:\/\/cloakmyads.com\/tr\/wp-json\/wp\/v2\/product"}],"about":[{"href":"https:\/\/cloakmyads.com\/tr\/wp-json\/wp\/v2\/types\/product"}],"version-history":[{"count":3,"href":"https:\/\/cloakmyads.com\/tr\/wp-json\/wp\/v2\/product\/9611\/revisions"}],"predecessor-version":[{"id":9850,"href":"https:\/\/cloakmyads.com\/tr\/wp-json\/wp\/v2\/product\/9611\/revisions\/9850"}],"wp:featuredmedia":[{"embeddable":true,"href":"https:\/\/cloakmyads.com\/tr\/wp-json\/wp\/v2\/media\/9556"}],"wp:attachment":[{"href":"https:\/\/cloakmyads.com\/tr\/wp-json\/wp\/v2\/media?parent=9611"}],"wp:term":[{"taxonomy":"product_brand","embeddable":true,"href":"https:\/\/cloakmyads.com\/tr\/wp-json\/wp\/v2\/product_brand?post=9611"},{"taxonomy":"product_cat","embeddable":true,"href":"https:\/\/cloakmyads.com\/tr\/wp-json\/wp\/v2\/product_cat?post=9611"},{"taxonomy":"product_tag","embeddable":true,"href":"https:\/\/cloakmyads.com\/tr\/wp-json\/wp\/v2\/product_tag?post=9611"}],"curies":[{"name":"wp","href":"https:\/\/api.w.org\/{rel}","templated":true}]}}