{"id":9608,"date":"2025-09-22T16:36:33","date_gmt":"2025-09-22T15:36:33","guid":{"rendered":"https:\/\/cloakmyads.com\/?post_type=product&#038;p=9608"},"modified":"2025-11-08T09:39:00","modified_gmt":"2025-11-08T14:39:00","slug":"satis-ortakligi-cpa-teklifleri-reklam-gizleme","status":"publish","type":"product","link":"https:\/\/cloakmyads.com\/tr\/satin-al\/satis-ortakligi-cpa-teklifleri-reklam-gizleme\/","title":{"rendered":"Sat\u0131\u015f Ortakl\u0131\u011f\u0131 \/ CPA Teklifleri Reklam Gizleme"},"content":{"rendered":"<p data-start=\"960\" data-end=\"1191\">Sat\u0131\u015f ortakl\u0131\u011f\u0131 g\u00fc\u00e7l\u00fcd\u00fcr - ancak d\u00f6n\u00fc\u015f\u00fcm sa\u011flayanlar\u0131n \u00e7o\u011fu yasaklan\u0131r. \u0130ster nutra denemeleri, ister finansal lead-gen, sweeps, ikili opsiyonlar veya agresif dropshipping lander'lar\u0131 yay\u0131nl\u0131yor olun, reklam platformlar\u0131 bunlar\u0131 do\u011frudan onaylamayacakt\u0131r.<\/p>\n<p data-start=\"1193\" data-end=\"1462\">Gizleme sistemimiz bu sorunu \u00e7\u00f6zer. Taray\u0131c\u0131 parmak izi, IP, co\u011frafi b\u00f6lge, cihaz ve trafik davran\u0131\u015f\u0131na dayal\u0131 y\u00f6nlendirmelerle ger\u00e7ek d\u00f6n\u00fc\u015f\u00fcm huninizi \u00e7al\u0131\u015ft\u0131r\u0131rs\u0131n\u0131z. \u0130nceleyenler temiz bir a\u00e7\u0131l\u0131\u015f sayfas\u0131 g\u00f6r\u00fcrken, ger\u00e7ek kullan\u0131c\u0131lar an\u0131nda y\u00fcksek kazan\u00e7l\u0131 sat\u0131\u015f ortakl\u0131\u011f\u0131 teklifinize y\u00f6nlendirilir.<\/p>\n<p data-start=\"1464\" data-end=\"1735\">Tan\u0131tmak i\u00e7in kullan\u0131n <strong data-start=\"1482\" data-end=\"1501\">rebill \u00fcr\u00fcnleri\u0307<\/strong>, <strong data-start=\"1503\" data-end=\"1523\">anket duvar\u0131 SMMM'leri<\/strong>, <strong data-start=\"1525\" data-end=\"1551\">tek t\u0131klamayla uygulama y\u00fckleme<\/strong>, ve <strong data-start=\"1557\" data-end=\"1575\">i\u0307ki\u0307li\u0307 opsi\u0307yonlar<\/strong> an\u0131nda reddedilme veya yasaklanma riski olmadan. Platform botlar\u0131n\u0131, insan moderat\u00f6rleri, ba\u015fs\u0131z taray\u0131c\u0131lar\u0131 ve taray\u0131c\u0131lar\u0131 filtreliyoruz - b\u00f6ylece para sayfalar\u0131n\u0131z gizli kal\u0131yor.<\/p>\n<p data-start=\"1737\" data-end=\"1913\">D\u00fcnya \u00e7ap\u0131ndaki sat\u0131\u015f ortaklar\u0131, Facebook potansiyel m\u00fc\u015fteri yaratmadan Google yeniden hedeflemeye ve TikTok y\u00fcklemelerine kadar kampanyalar\u0131 birden fazla dikeyde ve trafik kayna\u011f\u0131nda canl\u0131 tutmak i\u00e7in bu gizleyiciye g\u00fcveniyor.<\/p>","protected":false},"excerpt":{"rendered":"<p>\u0130\u015ftiraklerin Google, Facebook, TikTok ve di\u011fer b\u00fcy\u00fck reklam platformlar\u0131nda - denemeler, anket duvarlar\u0131, finans ak\u0131\u015flar\u0131 ve ikili teklifler dahil - yasaklanmadan agresif, uyumlu olmayan CPA teklifleri yay\u0131nlamalar\u0131na yard\u0131mc\u0131 olmak i\u00e7in tasarlanm\u0131\u015f gizleme sistemi.<\/p>","protected":false},"featured_media":9556,"template":"","meta":{"_acf_changed":false},"product_brand":[],"product_cat":[325],"product_tag":[],"class_list":{"0":"post-9608","1":"product","2":"type-product","3":"status-publish","4":"has-post-thumbnail","6":"product_cat-cloaking","8":"first","9":"instock","10":"purchasable","11":"product-type-simple"},"acf":[],"yoast_head":"<!-- This site is optimized with the Yoast SEO Premium plugin v26.6 (Yoast SEO v26.7) - https:\/\/yoast.com\/wordpress\/plugins\/seo\/ -->\n<title>Buy Affiliate &amp; CPA Ads Cloaking \u2013 Run Offers Safely<\/title>\n<meta name=\"description\" content=\"Buy Affiliate &amp; CPA Offers Ads Cloaking to bypass strict ad checks, hide blackhat offers, and keep campaigns approved.\" \/>\n<meta name=\"robots\" content=\"index, follow, max-snippet:-1, max-image-preview:large, max-video-preview:-1\" \/>\n<link rel=\"canonical\" href=\"https:\/\/cloakmyads.com\/tr\/satin-al\/satis-ortakligi-cpa-teklifleri-reklam-gizleme\/\" \/>\n<meta property=\"og:locale\" content=\"tr_TR\" \/>\n<meta property=\"og:type\" content=\"article\" \/>\n<meta property=\"og:title\" content=\"Affiliate \/ CPA Offers Ads Cloaking\" \/>\n<meta property=\"og:description\" content=\"Buy Affiliate &amp; CPA Offers Ads Cloaking to bypass strict ad checks, hide blackhat offers, and keep campaigns approved.\" \/>\n<meta property=\"og:url\" content=\"https:\/\/cloakmyads.com\/tr\/satin-al\/satis-ortakligi-cpa-teklifleri-reklam-gizleme\/\" \/>\n<meta property=\"og:site_name\" content=\"CloakMyAds\" \/>\n<meta property=\"article:modified_time\" content=\"2025-11-08T14:39:00+00:00\" \/>\n<meta property=\"og:image\" content=\"https:\/\/cloakmyads.com\/wp-content\/uploads\/2025\/09\/cloaking-ads.jpg\" \/>\n\t<meta property=\"og:image:width\" content=\"605\" \/>\n\t<meta property=\"og:image:height\" content=\"400\" \/>\n\t<meta property=\"og:image:type\" content=\"image\/jpeg\" \/>\n<meta name=\"twitter:card\" content=\"summary_large_image\" \/>\n<meta name=\"twitter:label1\" content=\"Tahmini okuma s\u00fcresi\" \/>\n\t<meta name=\"twitter:data1\" content=\"1 dakika\" \/>\n<script type=\"application\/ld+json\" class=\"yoast-schema-graph\">{\"@context\":\"https:\/\/schema.org\",\"@graph\":[{\"@type\":\"WebPage\",\"@id\":\"https:\/\/cloakmyads.com\/buy\/affiliate-cpa-offers-ads-cloaking\/\",\"url\":\"https:\/\/cloakmyads.com\/buy\/affiliate-cpa-offers-ads-cloaking\/\",\"name\":\"Buy Affiliate & CPA Ads Cloaking \u2013 Run Offers Safely\",\"isPartOf\":{\"@id\":\"https:\/\/cloakmyads.com\/#website\"},\"primaryImageOfPage\":{\"@id\":\"https:\/\/cloakmyads.com\/buy\/affiliate-cpa-offers-ads-cloaking\/#primaryimage\"},\"image\":{\"@id\":\"https:\/\/cloakmyads.com\/buy\/affiliate-cpa-offers-ads-cloaking\/#primaryimage\"},\"thumbnailUrl\":\"https:\/\/cloakmyads.com\/wp-content\/uploads\/2025\/09\/cloaking-ads.jpg\",\"datePublished\":\"2025-09-22T15:36:33+00:00\",\"dateModified\":\"2025-11-08T14:39:00+00:00\",\"description\":\"Buy Affiliate & CPA Offers Ads Cloaking to bypass strict ad checks, hide blackhat offers, and keep campaigns approved.\",\"breadcrumb\":{\"@id\":\"https:\/\/cloakmyads.com\/buy\/affiliate-cpa-offers-ads-cloaking\/#breadcrumb\"},\"inLanguage\":\"tr\",\"potentialAction\":[{\"@type\":\"ReadAction\",\"target\":[\"https:\/\/cloakmyads.com\/buy\/affiliate-cpa-offers-ads-cloaking\/\"]}]},{\"@type\":\"ImageObject\",\"inLanguage\":\"tr\",\"@id\":\"https:\/\/cloakmyads.com\/buy\/affiliate-cpa-offers-ads-cloaking\/#primaryimage\",\"url\":\"https:\/\/cloakmyads.com\/wp-content\/uploads\/2025\/09\/cloaking-ads.jpg\",\"contentUrl\":\"https:\/\/cloakmyads.com\/wp-content\/uploads\/2025\/09\/cloaking-ads.jpg\",\"width\":605,\"height\":400,\"caption\":\"Ads cloaking\"},{\"@type\":\"BreadcrumbList\",\"@id\":\"https:\/\/cloakmyads.com\/buy\/affiliate-cpa-offers-ads-cloaking\/#breadcrumb\",\"itemListElement\":[{\"@type\":\"ListItem\",\"position\":1,\"name\":\"Home\",\"item\":\"https:\/\/cloakmyads.com\/\"},{\"@type\":\"ListItem\",\"position\":2,\"name\":\"Shop\",\"item\":\"https:\/\/cloakmyads.com\/ar\/%d9%85%d8%aa%d8%ac%d8%b1\/\"},{\"@type\":\"ListItem\",\"position\":3,\"name\":\"Affiliate \/ CPA Offers Ads Cloaking\"}]},{\"@type\":\"WebSite\",\"@id\":\"https:\/\/cloakmyads.com\/#website\",\"url\":\"https:\/\/cloakmyads.com\/\",\"name\":\"CloakMyAds\",\"description\":\"\",\"publisher\":{\"@id\":\"https:\/\/cloakmyads.com\/#organization\"},\"potentialAction\":[{\"@type\":\"SearchAction\",\"target\":{\"@type\":\"EntryPoint\",\"urlTemplate\":\"https:\/\/cloakmyads.com\/?s={search_term_string}\"},\"query-input\":{\"@type\":\"PropertyValueSpecification\",\"valueRequired\":true,\"valueName\":\"search_term_string\"}}],\"inLanguage\":\"tr\"},{\"@type\":\"Organization\",\"@id\":\"https:\/\/cloakmyads.com\/#organization\",\"name\":\"Buy Google Ads Accounts\",\"url\":\"https:\/\/cloakmyads.com\/\",\"logo\":{\"@type\":\"ImageObject\",\"inLanguage\":\"tr\",\"@id\":\"https:\/\/cloakmyads.com\/#\/schema\/logo\/image\/\",\"url\":\"https:\/\/cloakmyads.com\/wp-content\/uploads\/2025\/11\/fav-cloak.jpg\",\"contentUrl\":\"https:\/\/cloakmyads.com\/wp-content\/uploads\/2025\/11\/fav-cloak.jpg\",\"width\":512,\"height\":512,\"caption\":\"Buy Google Ads Accounts\"},\"image\":{\"@id\":\"https:\/\/cloakmyads.com\/#\/schema\/logo\/image\/\"}}]}<\/script>\n<!-- \/ Yoast SEO Premium plugin. -->","yoast_head_json":{"title":"Sat\u0131\u015f Ortakl\u0131\u011f\u0131 ve CPA Reklamlar\u0131 Gizleme Sat\u0131n Al\u0131n - Teklifleri G\u00fcvenle \u00c7al\u0131\u015ft\u0131r\u0131n","description":"S\u0131k\u0131 reklam kontrollerini atlatmak, blackhat tekliflerini gizlemek ve kampanyalar\u0131n onaylanmas\u0131n\u0131 sa\u011flamak i\u00e7in Affiliate &amp; CPA Teklifleri Reklam Gizleme sat\u0131n al\u0131n.","robots":{"index":"index","follow":"follow","max-snippet":"max-snippet:-1","max-image-preview":"max-image-preview:large","max-video-preview":"max-video-preview:-1"},"canonical":"https:\/\/cloakmyads.com\/tr\/satin-al\/satis-ortakligi-cpa-teklifleri-reklam-gizleme\/","og_locale":"tr_TR","og_type":"article","og_title":"Affiliate \/ CPA Offers Ads Cloaking","og_description":"Buy Affiliate & CPA Offers Ads Cloaking to bypass strict ad checks, hide blackhat offers, and keep campaigns approved.","og_url":"https:\/\/cloakmyads.com\/tr\/satin-al\/satis-ortakligi-cpa-teklifleri-reklam-gizleme\/","og_site_name":"CloakMyAds","article_modified_time":"2025-11-08T14:39:00+00:00","og_image":[{"width":605,"height":400,"url":"https:\/\/cloakmyads.com\/wp-content\/uploads\/2025\/09\/cloaking-ads.jpg","type":"image\/jpeg"}],"twitter_card":"summary_large_image","twitter_misc":{"Tahmini okuma s\u00fcresi":"1 dakika"},"schema":{"@context":"https:\/\/schema.org","@graph":[{"@type":"WebPage","@id":"https:\/\/cloakmyads.com\/buy\/affiliate-cpa-offers-ads-cloaking\/","url":"https:\/\/cloakmyads.com\/buy\/affiliate-cpa-offers-ads-cloaking\/","name":"Sat\u0131\u015f Ortakl\u0131\u011f\u0131 ve CPA Reklamlar\u0131 Gizleme Sat\u0131n Al\u0131n - Teklifleri G\u00fcvenle \u00c7al\u0131\u015ft\u0131r\u0131n","isPartOf":{"@id":"https:\/\/cloakmyads.com\/#website"},"primaryImageOfPage":{"@id":"https:\/\/cloakmyads.com\/buy\/affiliate-cpa-offers-ads-cloaking\/#primaryimage"},"image":{"@id":"https:\/\/cloakmyads.com\/buy\/affiliate-cpa-offers-ads-cloaking\/#primaryimage"},"thumbnailUrl":"https:\/\/cloakmyads.com\/wp-content\/uploads\/2025\/09\/cloaking-ads.jpg","datePublished":"2025-09-22T15:36:33+00:00","dateModified":"2025-11-08T14:39:00+00:00","description":"S\u0131k\u0131 reklam kontrollerini atlatmak, blackhat tekliflerini gizlemek ve kampanyalar\u0131n onaylanmas\u0131n\u0131 sa\u011flamak i\u00e7in Affiliate &amp; CPA Teklifleri Reklam Gizleme sat\u0131n al\u0131n.","breadcrumb":{"@id":"https:\/\/cloakmyads.com\/buy\/affiliate-cpa-offers-ads-cloaking\/#breadcrumb"},"inLanguage":"tr","potentialAction":[{"@type":"ReadAction","target":["https:\/\/cloakmyads.com\/buy\/affiliate-cpa-offers-ads-cloaking\/"]}]},{"@type":"ImageObject","inLanguage":"tr","@id":"https:\/\/cloakmyads.com\/buy\/affiliate-cpa-offers-ads-cloaking\/#primaryimage","url":"https:\/\/cloakmyads.com\/wp-content\/uploads\/2025\/09\/cloaking-ads.jpg","contentUrl":"https:\/\/cloakmyads.com\/wp-content\/uploads\/2025\/09\/cloaking-ads.jpg","width":605,"height":400,"caption":"Ads cloaking"},{"@type":"BreadcrumbList","@id":"https:\/\/cloakmyads.com\/buy\/affiliate-cpa-offers-ads-cloaking\/#breadcrumb","itemListElement":[{"@type":"ListItem","position":1,"name":"Home","item":"https:\/\/cloakmyads.com\/"},{"@type":"ListItem","position":2,"name":"Shop","item":"https:\/\/cloakmyads.com\/ar\/%d9%85%d8%aa%d8%ac%d8%b1\/"},{"@type":"ListItem","position":3,"name":"Affiliate \/ CPA Offers Ads Cloaking"}]},{"@type":"WebSite","@id":"https:\/\/cloakmyads.com\/#website","url":"https:\/\/cloakmyads.com\/","name":"CloakMyAds","description":"","publisher":{"@id":"https:\/\/cloakmyads.com\/#organization"},"potentialAction":[{"@type":"SearchAction","target":{"@type":"EntryPoint","urlTemplate":"https:\/\/cloakmyads.com\/?s={search_term_string}"},"query-input":{"@type":"PropertyValueSpecification","valueRequired":true,"valueName":"search_term_string"}}],"inLanguage":"tr"},{"@type":"Organization","@id":"https:\/\/cloakmyads.com\/#organization","name":"Google Ads Hesaplar\u0131 Sat\u0131n Al\u0131n","url":"https:\/\/cloakmyads.com\/","logo":{"@type":"ImageObject","inLanguage":"tr","@id":"https:\/\/cloakmyads.com\/#\/schema\/logo\/image\/","url":"https:\/\/cloakmyads.com\/wp-content\/uploads\/2025\/11\/fav-cloak.jpg","contentUrl":"https:\/\/cloakmyads.com\/wp-content\/uploads\/2025\/11\/fav-cloak.jpg","width":512,"height":512,"caption":"Buy Google Ads Accounts"},"image":{"@id":"https:\/\/cloakmyads.com\/#\/schema\/logo\/image\/"}}]}},"_links":{"self":[{"href":"https:\/\/cloakmyads.com\/tr\/wp-json\/wp\/v2\/product\/9608","targetHints":{"allow":["GET"]}}],"collection":[{"href":"https:\/\/cloakmyads.com\/tr\/wp-json\/wp\/v2\/product"}],"about":[{"href":"https:\/\/cloakmyads.com\/tr\/wp-json\/wp\/v2\/types\/product"}],"version-history":[{"count":3,"href":"https:\/\/cloakmyads.com\/tr\/wp-json\/wp\/v2\/product\/9608\/revisions"}],"predecessor-version":[{"id":9851,"href":"https:\/\/cloakmyads.com\/tr\/wp-json\/wp\/v2\/product\/9608\/revisions\/9851"}],"wp:featuredmedia":[{"embeddable":true,"href":"https:\/\/cloakmyads.com\/tr\/wp-json\/wp\/v2\/media\/9556"}],"wp:attachment":[{"href":"https:\/\/cloakmyads.com\/tr\/wp-json\/wp\/v2\/media?parent=9608"}],"wp:term":[{"taxonomy":"product_brand","embeddable":true,"href":"https:\/\/cloakmyads.com\/tr\/wp-json\/wp\/v2\/product_brand?post=9608"},{"taxonomy":"product_cat","embeddable":true,"href":"https:\/\/cloakmyads.com\/tr\/wp-json\/wp\/v2\/product_cat?post=9608"},{"taxonomy":"product_tag","embeddable":true,"href":"https:\/\/cloakmyads.com\/tr\/wp-json\/wp\/v2\/product_tag?post=9608"}],"curies":[{"name":"wp","href":"https:\/\/api.w.org\/{rel}","templated":true}]}}