{"id":9603,"date":"2025-09-22T15:53:29","date_gmt":"2025-09-22T14:53:29","guid":{"rendered":"https:\/\/cloakmyads.com\/?post_type=product&#038;p=9603"},"modified":"2025-11-08T09:39:42","modified_gmt":"2025-11-08T14:39:42","slug":"saglik-cilt-bakimi-takviyeleri-reklam-gizleme","status":"publish","type":"product","link":"https:\/\/cloakmyads.com\/tr\/satin-al\/saglik-cilt-bakimi-takviyeleri-reklam-gizleme\/","title":{"rendered":"Sa\u011fl\u0131k Cilt Bak\u0131m\u0131 Takviyeleri Reklamlar\u0131 Gizleme"},"content":{"rendered":"<p data-start=\"857\" data-end=\"1201\">Sa\u011fl\u0131kla ilgili teklifler, \u00fccretli reklam platformlar\u0131nda tan\u0131t\u0131lmas\u0131 en zor teklifler aras\u0131ndad\u0131r. Google, Facebook ve TikTok, t\u0131bbi iddialarda bulunan, \u00f6ncesi\/sonras\u0131 foto\u011fraflar\u0131n\u0131 g\u00f6steren veya cinsel sa\u011fl\u0131kla ilgili herhangi bir \u015fey i\u00e7eren \u00fcr\u00fcnleri k\u0131s\u0131tlamaktad\u0131r. \u00c7o\u011fu <strong>nutra ve g\u00fczelli\u0307k huni\u0307leri\u0307<\/strong> hemen reddedilir - ya da daha k\u00f6t\u00fcs\u00fc, \u201cyan\u0131lt\u0131c\u0131 i\u00e7erik\u201d nedeniyle i\u015faretlenir ve yasaklan\u0131r.<\/p>\n<p data-start=\"1203\" data-end=\"1540\">Gizleme sistemimiz bunu tamamen farkl\u0131 bir g\u00f6r\u00fcnt\u00fc g\u00f6stererek \u00e7\u00f6zer, <strong>sayfan\u0131z\u0131n politika a\u00e7\u0131s\u0131ndan g\u00fcvenli s\u00fcr\u00fcm\u00fc<\/strong> taray\u0131c\u0131lara, botlara ve insan yorumculara. Ger\u00e7ek kullan\u0131c\u0131lar ger\u00e7ek takviyenizi, cilt kreminizi veya geli\u015ftirme \u00fcr\u00fcn\u00fcn\u00fcz\u00fc an\u0131nda ve gecikme olmadan g\u00f6r\u00fcr. Y\u00f6nlendirme co\u011frafi konum, cihaz, davran\u0131\u015f ve taray\u0131c\u0131 parmak izine dayal\u0131 olarak g\u00f6r\u00fcnmez bir \u015fekilde ger\u00e7ekle\u015fir.<\/p>\n<p data-start=\"1542\" data-end=\"1770\">Erkek geli\u015ftirme haplar\u0131ndan detoks kitlerine kadar her \u015feyi, reklam hesaplar\u0131n\u0131n kapat\u0131lmas\u0131 veya a\u00e7\u0131l\u0131\u015f sayfas\u0131 yasaklar\u0131 konusunda endi\u015felenmeden tan\u0131tmak i\u00e7in kullan\u0131n. G\u00f6r\u00fcn\u00fcrl\u00fc\u011f\u00fcn kontrol\u00fc sizde kal\u0131r ve platformlar ger\u00e7ekte ne satt\u0131\u011f\u0131n\u0131z\u0131 asla g\u00f6rmez.<\/p>\n<p data-start=\"1772\" data-end=\"1944\">Nutra i\u015ftirakleri taraf\u0131ndan g\u00fcvenilir, <strong>dropshippers<\/strong>, ve agresif lead-gen pazarlamac\u0131lar\u0131 i\u00e7in bu sistem, sa\u011fl\u0131k tekliflerinizin birden fazla platformda geni\u015f \u00f6l\u00e7ekte \u00e7al\u0131\u015fmas\u0131n\u0131 sa\u011flamak i\u00e7in tasarlanm\u0131\u015ft\u0131r.<\/p>","protected":false},"excerpt":{"rendered":"<p>Kilo verme, ED haplar\u0131, testosteron g\u00fc\u00e7lendiriciler ve aksi takdirde an\u0131nda yasaklanacak cilt bak\u0131m\u0131 hunileri dahil olmak \u00fczere sa\u011fl\u0131k, g\u00fczellik ve zindelik alan\u0131nda k\u0131s\u0131tl\u0131 teklifleri \u00e7al\u0131\u015ft\u0131rmak i\u00e7in olu\u015fturulmu\u015f gizleme sistemi.<\/p>","protected":false},"featured_media":9556,"template":"","meta":{"_acf_changed":false},"product_brand":[],"product_cat":[325],"product_tag":[],"class_list":{"0":"post-9603","1":"product","2":"type-product","3":"status-publish","4":"has-post-thumbnail","6":"product_cat-cloaking","8":"first","9":"instock","10":"purchasable","11":"product-type-simple"},"acf":[],"yoast_head":"<!-- This site is optimized with the Yoast SEO Premium plugin v26.6 (Yoast SEO v26.7) - https:\/\/yoast.com\/wordpress\/plugins\/seo\/ -->\n<title>Buy Health &amp; Supplement Ads Cloaking \u2013 Safe Campaigns<\/title>\n<meta name=\"description\" content=\"Buy Skincare &amp; Supplement Ads Cloaking to bypass ad checks, hide restricted health offers, and keep campaigns running safely.\" \/>\n<meta name=\"robots\" content=\"index, follow, max-snippet:-1, max-image-preview:large, max-video-preview:-1\" \/>\n<link rel=\"canonical\" href=\"https:\/\/cloakmyads.com\/tr\/satin-al\/saglik-cilt-bakimi-takviyeleri-reklam-gizleme\/\" \/>\n<meta property=\"og:locale\" content=\"tr_TR\" \/>\n<meta property=\"og:type\" content=\"article\" \/>\n<meta property=\"og:title\" content=\"Health Skincare Supplements Ads Cloaking\" \/>\n<meta property=\"og:description\" content=\"Buy Skincare &amp; Supplement Ads Cloaking to bypass ad checks, hide restricted health offers, and keep campaigns running safely.\" \/>\n<meta property=\"og:url\" content=\"https:\/\/cloakmyads.com\/tr\/satin-al\/saglik-cilt-bakimi-takviyeleri-reklam-gizleme\/\" \/>\n<meta property=\"og:site_name\" content=\"CloakMyAds\" \/>\n<meta property=\"article:modified_time\" content=\"2025-11-08T14:39:42+00:00\" \/>\n<meta property=\"og:image\" content=\"https:\/\/cloakmyads.com\/wp-content\/uploads\/2025\/09\/cloaking-ads.jpg\" \/>\n\t<meta property=\"og:image:width\" content=\"605\" \/>\n\t<meta property=\"og:image:height\" content=\"400\" \/>\n\t<meta property=\"og:image:type\" content=\"image\/jpeg\" \/>\n<meta name=\"twitter:card\" content=\"summary_large_image\" \/>\n<meta name=\"twitter:label1\" content=\"Tahmini okuma s\u00fcresi\" \/>\n\t<meta name=\"twitter:data1\" content=\"1 dakika\" \/>\n<script type=\"application\/ld+json\" class=\"yoast-schema-graph\">{\"@context\":\"https:\/\/schema.org\",\"@graph\":[{\"@type\":\"WebPage\",\"@id\":\"https:\/\/cloakmyads.com\/buy\/health-skincare-supplements-ads-cloaking\/\",\"url\":\"https:\/\/cloakmyads.com\/buy\/health-skincare-supplements-ads-cloaking\/\",\"name\":\"Buy Health & Supplement Ads Cloaking \u2013 Safe Campaigns\",\"isPartOf\":{\"@id\":\"https:\/\/cloakmyads.com\/#website\"},\"primaryImageOfPage\":{\"@id\":\"https:\/\/cloakmyads.com\/buy\/health-skincare-supplements-ads-cloaking\/#primaryimage\"},\"image\":{\"@id\":\"https:\/\/cloakmyads.com\/buy\/health-skincare-supplements-ads-cloaking\/#primaryimage\"},\"thumbnailUrl\":\"https:\/\/cloakmyads.com\/wp-content\/uploads\/2025\/09\/cloaking-ads.jpg\",\"datePublished\":\"2025-09-22T14:53:29+00:00\",\"dateModified\":\"2025-11-08T14:39:42+00:00\",\"description\":\"Buy Skincare & Supplement Ads Cloaking to bypass ad checks, hide restricted health offers, and keep campaigns running safely.\",\"breadcrumb\":{\"@id\":\"https:\/\/cloakmyads.com\/buy\/health-skincare-supplements-ads-cloaking\/#breadcrumb\"},\"inLanguage\":\"tr\",\"potentialAction\":[{\"@type\":\"ReadAction\",\"target\":[\"https:\/\/cloakmyads.com\/buy\/health-skincare-supplements-ads-cloaking\/\"]}]},{\"@type\":\"ImageObject\",\"inLanguage\":\"tr\",\"@id\":\"https:\/\/cloakmyads.com\/buy\/health-skincare-supplements-ads-cloaking\/#primaryimage\",\"url\":\"https:\/\/cloakmyads.com\/wp-content\/uploads\/2025\/09\/cloaking-ads.jpg\",\"contentUrl\":\"https:\/\/cloakmyads.com\/wp-content\/uploads\/2025\/09\/cloaking-ads.jpg\",\"width\":605,\"height\":400,\"caption\":\"Ads cloaking\"},{\"@type\":\"BreadcrumbList\",\"@id\":\"https:\/\/cloakmyads.com\/buy\/health-skincare-supplements-ads-cloaking\/#breadcrumb\",\"itemListElement\":[{\"@type\":\"ListItem\",\"position\":1,\"name\":\"Home\",\"item\":\"https:\/\/cloakmyads.com\/\"},{\"@type\":\"ListItem\",\"position\":2,\"name\":\"Shop\",\"item\":\"https:\/\/cloakmyads.com\/ar\/%d9%85%d8%aa%d8%ac%d8%b1\/\"},{\"@type\":\"ListItem\",\"position\":3,\"name\":\"Health Skincare Supplements Ads Cloaking\"}]},{\"@type\":\"WebSite\",\"@id\":\"https:\/\/cloakmyads.com\/#website\",\"url\":\"https:\/\/cloakmyads.com\/\",\"name\":\"CloakMyAds\",\"description\":\"\",\"publisher\":{\"@id\":\"https:\/\/cloakmyads.com\/#organization\"},\"potentialAction\":[{\"@type\":\"SearchAction\",\"target\":{\"@type\":\"EntryPoint\",\"urlTemplate\":\"https:\/\/cloakmyads.com\/?s={search_term_string}\"},\"query-input\":{\"@type\":\"PropertyValueSpecification\",\"valueRequired\":true,\"valueName\":\"search_term_string\"}}],\"inLanguage\":\"tr\"},{\"@type\":\"Organization\",\"@id\":\"https:\/\/cloakmyads.com\/#organization\",\"name\":\"Buy Google Ads Accounts\",\"url\":\"https:\/\/cloakmyads.com\/\",\"logo\":{\"@type\":\"ImageObject\",\"inLanguage\":\"tr\",\"@id\":\"https:\/\/cloakmyads.com\/#\/schema\/logo\/image\/\",\"url\":\"https:\/\/cloakmyads.com\/wp-content\/uploads\/2025\/11\/fav-cloak.jpg\",\"contentUrl\":\"https:\/\/cloakmyads.com\/wp-content\/uploads\/2025\/11\/fav-cloak.jpg\",\"width\":512,\"height\":512,\"caption\":\"Buy Google Ads Accounts\"},\"image\":{\"@id\":\"https:\/\/cloakmyads.com\/#\/schema\/logo\/image\/\"}}]}<\/script>\n<!-- \/ Yoast SEO Premium plugin. -->","yoast_head_json":{"title":"Sa\u011fl\u0131k ve Takviye Reklamlar\u0131 Sat\u0131n Al\u0131n Gizleme - G\u00fcvenli Kampanyalar","description":"Reklam kontrollerini atlamak, k\u0131s\u0131tl\u0131 sa\u011fl\u0131k tekliflerini gizlemek ve kampanyalar\u0131n g\u00fcvenle \u00e7al\u0131\u015fmas\u0131n\u0131 sa\u011flamak i\u00e7in Cilt Bak\u0131m\u0131 ve Takviye Reklamlar\u0131 Gizleme sat\u0131n al\u0131n.","robots":{"index":"index","follow":"follow","max-snippet":"max-snippet:-1","max-image-preview":"max-image-preview:large","max-video-preview":"max-video-preview:-1"},"canonical":"https:\/\/cloakmyads.com\/tr\/satin-al\/saglik-cilt-bakimi-takviyeleri-reklam-gizleme\/","og_locale":"tr_TR","og_type":"article","og_title":"Health Skincare Supplements Ads Cloaking","og_description":"Buy Skincare & Supplement Ads Cloaking to bypass ad checks, hide restricted health offers, and keep campaigns running safely.","og_url":"https:\/\/cloakmyads.com\/tr\/satin-al\/saglik-cilt-bakimi-takviyeleri-reklam-gizleme\/","og_site_name":"CloakMyAds","article_modified_time":"2025-11-08T14:39:42+00:00","og_image":[{"width":605,"height":400,"url":"https:\/\/cloakmyads.com\/wp-content\/uploads\/2025\/09\/cloaking-ads.jpg","type":"image\/jpeg"}],"twitter_card":"summary_large_image","twitter_misc":{"Tahmini okuma s\u00fcresi":"1 dakika"},"schema":{"@context":"https:\/\/schema.org","@graph":[{"@type":"WebPage","@id":"https:\/\/cloakmyads.com\/buy\/health-skincare-supplements-ads-cloaking\/","url":"https:\/\/cloakmyads.com\/buy\/health-skincare-supplements-ads-cloaking\/","name":"Sa\u011fl\u0131k ve Takviye Reklamlar\u0131 Sat\u0131n Al\u0131n Gizleme - G\u00fcvenli Kampanyalar","isPartOf":{"@id":"https:\/\/cloakmyads.com\/#website"},"primaryImageOfPage":{"@id":"https:\/\/cloakmyads.com\/buy\/health-skincare-supplements-ads-cloaking\/#primaryimage"},"image":{"@id":"https:\/\/cloakmyads.com\/buy\/health-skincare-supplements-ads-cloaking\/#primaryimage"},"thumbnailUrl":"https:\/\/cloakmyads.com\/wp-content\/uploads\/2025\/09\/cloaking-ads.jpg","datePublished":"2025-09-22T14:53:29+00:00","dateModified":"2025-11-08T14:39:42+00:00","description":"Reklam kontrollerini atlamak, k\u0131s\u0131tl\u0131 sa\u011fl\u0131k tekliflerini gizlemek ve kampanyalar\u0131n g\u00fcvenle \u00e7al\u0131\u015fmas\u0131n\u0131 sa\u011flamak i\u00e7in Cilt Bak\u0131m\u0131 ve Takviye Reklamlar\u0131 Gizleme sat\u0131n al\u0131n.","breadcrumb":{"@id":"https:\/\/cloakmyads.com\/buy\/health-skincare-supplements-ads-cloaking\/#breadcrumb"},"inLanguage":"tr","potentialAction":[{"@type":"ReadAction","target":["https:\/\/cloakmyads.com\/buy\/health-skincare-supplements-ads-cloaking\/"]}]},{"@type":"ImageObject","inLanguage":"tr","@id":"https:\/\/cloakmyads.com\/buy\/health-skincare-supplements-ads-cloaking\/#primaryimage","url":"https:\/\/cloakmyads.com\/wp-content\/uploads\/2025\/09\/cloaking-ads.jpg","contentUrl":"https:\/\/cloakmyads.com\/wp-content\/uploads\/2025\/09\/cloaking-ads.jpg","width":605,"height":400,"caption":"Ads cloaking"},{"@type":"BreadcrumbList","@id":"https:\/\/cloakmyads.com\/buy\/health-skincare-supplements-ads-cloaking\/#breadcrumb","itemListElement":[{"@type":"ListItem","position":1,"name":"Home","item":"https:\/\/cloakmyads.com\/"},{"@type":"ListItem","position":2,"name":"Shop","item":"https:\/\/cloakmyads.com\/ar\/%d9%85%d8%aa%d8%ac%d8%b1\/"},{"@type":"ListItem","position":3,"name":"Health Skincare Supplements Ads Cloaking"}]},{"@type":"WebSite","@id":"https:\/\/cloakmyads.com\/#website","url":"https:\/\/cloakmyads.com\/","name":"CloakMyAds","description":"","publisher":{"@id":"https:\/\/cloakmyads.com\/#organization"},"potentialAction":[{"@type":"SearchAction","target":{"@type":"EntryPoint","urlTemplate":"https:\/\/cloakmyads.com\/?s={search_term_string}"},"query-input":{"@type":"PropertyValueSpecification","valueRequired":true,"valueName":"search_term_string"}}],"inLanguage":"tr"},{"@type":"Organization","@id":"https:\/\/cloakmyads.com\/#organization","name":"Google Ads Hesaplar\u0131 Sat\u0131n Al\u0131n","url":"https:\/\/cloakmyads.com\/","logo":{"@type":"ImageObject","inLanguage":"tr","@id":"https:\/\/cloakmyads.com\/#\/schema\/logo\/image\/","url":"https:\/\/cloakmyads.com\/wp-content\/uploads\/2025\/11\/fav-cloak.jpg","contentUrl":"https:\/\/cloakmyads.com\/wp-content\/uploads\/2025\/11\/fav-cloak.jpg","width":512,"height":512,"caption":"Buy Google Ads Accounts"},"image":{"@id":"https:\/\/cloakmyads.com\/#\/schema\/logo\/image\/"}}]}},"_links":{"self":[{"href":"https:\/\/cloakmyads.com\/tr\/wp-json\/wp\/v2\/product\/9603","targetHints":{"allow":["GET"]}}],"collection":[{"href":"https:\/\/cloakmyads.com\/tr\/wp-json\/wp\/v2\/product"}],"about":[{"href":"https:\/\/cloakmyads.com\/tr\/wp-json\/wp\/v2\/types\/product"}],"version-history":[{"count":5,"href":"https:\/\/cloakmyads.com\/tr\/wp-json\/wp\/v2\/product\/9603\/revisions"}],"predecessor-version":[{"id":9852,"href":"https:\/\/cloakmyads.com\/tr\/wp-json\/wp\/v2\/product\/9603\/revisions\/9852"}],"wp:featuredmedia":[{"embeddable":true,"href":"https:\/\/cloakmyads.com\/tr\/wp-json\/wp\/v2\/media\/9556"}],"wp:attachment":[{"href":"https:\/\/cloakmyads.com\/tr\/wp-json\/wp\/v2\/media?parent=9603"}],"wp:term":[{"taxonomy":"product_brand","embeddable":true,"href":"https:\/\/cloakmyads.com\/tr\/wp-json\/wp\/v2\/product_brand?post=9603"},{"taxonomy":"product_cat","embeddable":true,"href":"https:\/\/cloakmyads.com\/tr\/wp-json\/wp\/v2\/product_cat?post=9603"},{"taxonomy":"product_tag","embeddable":true,"href":"https:\/\/cloakmyads.com\/tr\/wp-json\/wp\/v2\/product_tag?post=9603"}],"curies":[{"name":"wp","href":"https:\/\/api.w.org\/{rel}","templated":true}]}}