{"id":9600,"date":"2025-09-22T15:43:29","date_gmt":"2025-09-22T14:43:29","guid":{"rendered":"https:\/\/cloakmyads.com\/?post_type=product&#038;p=9600"},"modified":"2025-11-08T09:40:01","modified_gmt":"2025-11-08T14:40:01","slug":"iptv-akisli-medya-reklamlari-gizleme","status":"publish","type":"product","link":"https:\/\/cloakmyads.com\/tr\/satin-al\/iptv-akisli-medya-reklamlari-gizleme\/","title":{"rendered":"IPTV Ak\u0131\u015fl\u0131 Medya Reklamlar\u0131 Gizleme"},"content":{"rendered":"<p data-start=\"333\" data-end=\"778\">\u00dccretli reklamlarda IPTV, ak\u0131\u015f uygulamalar\u0131 veya spor tekrarlar\u0131n\u0131 tan\u0131tmak, gizleme olmadan neredeyse imkans\u0131zd\u0131r - \u00f6zellikle de bu kampanyalar\u0131n DMCA ihlalleri, telif hakk\u0131 k\u00f6t\u00fcye kullan\u0131m\u0131 veya \u201cyan\u0131lt\u0131c\u0131 i\u00e7erik\u201d nedeniyle an\u0131nda i\u015faretlendi\u011fi Google, Facebook, TikTok ve Native gibi platformlarda. Gizleyicimiz \u00f6zellikle y\u00fcksek riskli medya trafi\u011fi i\u00e7in tasarlanm\u0131\u015ft\u0131r ve normalde otomatik olarak reddedilecek veya manuel olarak incelenerek ask\u0131ya al\u0131nacak kampanyalar y\u00fcr\u00fctmenize yard\u0131mc\u0131 olur.<\/p>\n<p data-start=\"780\" data-end=\"1160\">Reklam vermek i\u00e7in kullan\u0131n <strong data-start=\"800\" data-end=\"822\">IPTV abonelikleri<\/strong>, <strong data-start=\"824\" data-end=\"844\">ak\u0131\u015f klonlar\u0131<\/strong>, <strong data-start=\"846\" data-end=\"861\">modifiye APK'lar<\/strong>, veya <strong data-start=\"866\" data-end=\"895\">canl\u0131 spor etkinli\u011fi tekrarlar\u0131<\/strong> Ger\u00e7ek a\u00e7\u0131l\u0131\u015f sayfan\u0131z\u0131 botlara, taray\u0131c\u0131lara veya insan g\u00f6zden ge\u00e7irenlere g\u00f6stermeden. Gizleyici, g\u00f6zden ge\u00e7irenlerin yaln\u0131zca g\u00fcvenli i\u00e7erik g\u00f6rmesini sa\u011flamak i\u00e7in parmak izi, IP filtreleme, taray\u0131c\u0131 kurallar\u0131 ve davran\u0131\u015f analizi kullanarak moderasyon ara\u00e7lar\u0131n\u0131 ger\u00e7ek zamanl\u0131 olarak alg\u0131lar ve filtreler.<\/p>\n<p data-start=\"1162\" data-end=\"1460\">\u0130ster IPTV Smarters i\u00e7in deneme yay\u0131nl\u0131yor, ister spor tekrarlar\u0131 da\u011f\u0131t\u0131yor ya da crackli film uygulamalar\u0131 i\u00e7in y\u00fckleme al\u0131yor olun, bu sistem size g\u00f6r\u00fcn\u00fcrl\u00fck \u00fczerinde tam kontrol sa\u011flar. Temiz sayfay\u0131 kimin g\u00f6rece\u011fine ve ger\u00e7ek teklifi kimin g\u00f6rece\u011fine siz karar verirsiniz - ve y\u00f6nlendirme an\u0131nda ger\u00e7ekle\u015fir. Gecikme yok, s\u0131z\u0131nt\u0131 yok, bayrak yok.<\/p>\n<p data-start=\"1462\" data-end=\"1674\">Taraf\u0131ndan g\u00fcvenilir <strong data-start=\"1478\" data-end=\"1541\">IPTV bayileri, blackhat i\u015ftirakleri, Android uygulama yay\u0131nc\u0131lar\u0131<\/strong>, ve daha uzun s\u00fcre canl\u0131 kalmas\u0131 ve alan adlar\u0131n\u0131 veya reklam hesaplar\u0131n\u0131 s\u00fcrekli de\u011fi\u015ftirmeden kampanyalar\u0131 \u00f6l\u00e7eklendirmesi gereken uluslararas\u0131 medya al\u0131c\u0131lar\u0131.<\/p>","protected":false},"excerpt":{"rendered":"<p>IPTV, film ak\u0131\u015f\u0131 ve canl\u0131 spor kampanyalar\u0131n\u0131 Google, Facebook ve Yerel Reklamlarda yasaklar\u0131 veya DMCA bayraklar\u0131n\u0131 tetiklemeden g\u00fcvenli bir \u015fekilde y\u00fcr\u00fctmek i\u00e7in olu\u015fturulmu\u015f gizleme sistemi.<\/p>","protected":false},"featured_media":9556,"template":"","meta":{"_acf_changed":false},"product_brand":[],"product_cat":[325],"product_tag":[],"class_list":{"0":"post-9600","1":"product","2":"type-product","3":"status-publish","4":"has-post-thumbnail","6":"product_cat-cloaking","8":"first","9":"instock","10":"purchasable","11":"product-type-simple"},"acf":[],"yoast_head":"<!-- This site is optimized with the Yoast SEO Premium plugin v26.6 (Yoast SEO v26.7) - https:\/\/yoast.com\/wordpress\/plugins\/seo\/ -->\n<title>Buy IPTV Ads Cloaking \u2013 Streaming Campaigns Approved<\/title>\n<meta name=\"description\" content=\"Buy Streaming Media Ads Cloaking to bypass ad policies, mask IPTV content, and keep campaigns live without bans.\" \/>\n<meta name=\"robots\" content=\"index, follow, max-snippet:-1, max-image-preview:large, max-video-preview:-1\" \/>\n<link rel=\"canonical\" href=\"https:\/\/cloakmyads.com\/tr\/satin-al\/iptv-akisli-medya-reklamlari-gizleme\/\" \/>\n<meta property=\"og:locale\" content=\"tr_TR\" \/>\n<meta property=\"og:type\" content=\"article\" \/>\n<meta property=\"og:title\" content=\"IPTV Streaming Media Ads Cloaking\" \/>\n<meta property=\"og:description\" content=\"Buy Streaming Media Ads Cloaking to bypass ad policies, mask IPTV content, and keep campaigns live without bans.\" \/>\n<meta property=\"og:url\" content=\"https:\/\/cloakmyads.com\/tr\/satin-al\/iptv-akisli-medya-reklamlari-gizleme\/\" \/>\n<meta property=\"og:site_name\" content=\"CloakMyAds\" \/>\n<meta property=\"article:modified_time\" content=\"2025-11-08T14:40:01+00:00\" \/>\n<meta property=\"og:image\" content=\"https:\/\/cloakmyads.com\/wp-content\/uploads\/2025\/09\/cloaking-ads.jpg\" \/>\n\t<meta property=\"og:image:width\" content=\"605\" \/>\n\t<meta property=\"og:image:height\" content=\"400\" \/>\n\t<meta property=\"og:image:type\" content=\"image\/jpeg\" \/>\n<meta name=\"twitter:card\" content=\"summary_large_image\" \/>\n<meta name=\"twitter:label1\" content=\"Tahmini okuma s\u00fcresi\" \/>\n\t<meta name=\"twitter:data1\" content=\"2 dakika\" \/>\n<script type=\"application\/ld+json\" class=\"yoast-schema-graph\">{\"@context\":\"https:\/\/schema.org\",\"@graph\":[{\"@type\":\"WebPage\",\"@id\":\"https:\/\/cloakmyads.com\/buy\/iptv-streaming-media-ads-cloaking\/\",\"url\":\"https:\/\/cloakmyads.com\/buy\/iptv-streaming-media-ads-cloaking\/\",\"name\":\"Buy IPTV Ads Cloaking \u2013 Streaming Campaigns Approved\",\"isPartOf\":{\"@id\":\"https:\/\/cloakmyads.com\/#website\"},\"primaryImageOfPage\":{\"@id\":\"https:\/\/cloakmyads.com\/buy\/iptv-streaming-media-ads-cloaking\/#primaryimage\"},\"image\":{\"@id\":\"https:\/\/cloakmyads.com\/buy\/iptv-streaming-media-ads-cloaking\/#primaryimage\"},\"thumbnailUrl\":\"https:\/\/cloakmyads.com\/wp-content\/uploads\/2025\/09\/cloaking-ads.jpg\",\"datePublished\":\"2025-09-22T14:43:29+00:00\",\"dateModified\":\"2025-11-08T14:40:01+00:00\",\"description\":\"Buy Streaming Media Ads Cloaking to bypass ad policies, mask IPTV content, and keep campaigns live without bans.\",\"breadcrumb\":{\"@id\":\"https:\/\/cloakmyads.com\/buy\/iptv-streaming-media-ads-cloaking\/#breadcrumb\"},\"inLanguage\":\"tr\",\"potentialAction\":[{\"@type\":\"ReadAction\",\"target\":[\"https:\/\/cloakmyads.com\/buy\/iptv-streaming-media-ads-cloaking\/\"]}]},{\"@type\":\"ImageObject\",\"inLanguage\":\"tr\",\"@id\":\"https:\/\/cloakmyads.com\/buy\/iptv-streaming-media-ads-cloaking\/#primaryimage\",\"url\":\"https:\/\/cloakmyads.com\/wp-content\/uploads\/2025\/09\/cloaking-ads.jpg\",\"contentUrl\":\"https:\/\/cloakmyads.com\/wp-content\/uploads\/2025\/09\/cloaking-ads.jpg\",\"width\":605,\"height\":400,\"caption\":\"Ads cloaking\"},{\"@type\":\"BreadcrumbList\",\"@id\":\"https:\/\/cloakmyads.com\/buy\/iptv-streaming-media-ads-cloaking\/#breadcrumb\",\"itemListElement\":[{\"@type\":\"ListItem\",\"position\":1,\"name\":\"Home\",\"item\":\"https:\/\/cloakmyads.com\/\"},{\"@type\":\"ListItem\",\"position\":2,\"name\":\"Shop\",\"item\":\"https:\/\/cloakmyads.com\/ar\/%d9%85%d8%aa%d8%ac%d8%b1\/\"},{\"@type\":\"ListItem\",\"position\":3,\"name\":\"IPTV Streaming Media Ads Cloaking\"}]},{\"@type\":\"WebSite\",\"@id\":\"https:\/\/cloakmyads.com\/#website\",\"url\":\"https:\/\/cloakmyads.com\/\",\"name\":\"CloakMyAds\",\"description\":\"\",\"publisher\":{\"@id\":\"https:\/\/cloakmyads.com\/#organization\"},\"potentialAction\":[{\"@type\":\"SearchAction\",\"target\":{\"@type\":\"EntryPoint\",\"urlTemplate\":\"https:\/\/cloakmyads.com\/?s={search_term_string}\"},\"query-input\":{\"@type\":\"PropertyValueSpecification\",\"valueRequired\":true,\"valueName\":\"search_term_string\"}}],\"inLanguage\":\"tr\"},{\"@type\":\"Organization\",\"@id\":\"https:\/\/cloakmyads.com\/#organization\",\"name\":\"Buy Google Ads Accounts\",\"url\":\"https:\/\/cloakmyads.com\/\",\"logo\":{\"@type\":\"ImageObject\",\"inLanguage\":\"tr\",\"@id\":\"https:\/\/cloakmyads.com\/#\/schema\/logo\/image\/\",\"url\":\"https:\/\/cloakmyads.com\/wp-content\/uploads\/2025\/11\/fav-cloak.jpg\",\"contentUrl\":\"https:\/\/cloakmyads.com\/wp-content\/uploads\/2025\/11\/fav-cloak.jpg\",\"width\":512,\"height\":512,\"caption\":\"Buy Google Ads Accounts\"},\"image\":{\"@id\":\"https:\/\/cloakmyads.com\/#\/schema\/logo\/image\/\"}}]}<\/script>\n<!-- \/ Yoast SEO Premium plugin. -->","yoast_head_json":{"title":"IPTV Reklamlar\u0131 Gizleme Sat\u0131n Al\u0131n - Ak\u0131\u015f Kampanyalar\u0131 Onayland\u0131","description":"Reklam politikalar\u0131n\u0131 atlamak, IPTV i\u00e7eri\u011fini maskelemek ve kampanyalar\u0131 yasaklar olmadan canl\u0131 tutmak i\u00e7in Medya Ak\u0131\u015f\u0131 Reklamlar\u0131 Gizleme sat\u0131n al\u0131n.","robots":{"index":"index","follow":"follow","max-snippet":"max-snippet:-1","max-image-preview":"max-image-preview:large","max-video-preview":"max-video-preview:-1"},"canonical":"https:\/\/cloakmyads.com\/tr\/satin-al\/iptv-akisli-medya-reklamlari-gizleme\/","og_locale":"tr_TR","og_type":"article","og_title":"IPTV Streaming Media Ads Cloaking","og_description":"Buy Streaming Media Ads Cloaking to bypass ad policies, mask IPTV content, and keep campaigns live without bans.","og_url":"https:\/\/cloakmyads.com\/tr\/satin-al\/iptv-akisli-medya-reklamlari-gizleme\/","og_site_name":"CloakMyAds","article_modified_time":"2025-11-08T14:40:01+00:00","og_image":[{"width":605,"height":400,"url":"https:\/\/cloakmyads.com\/wp-content\/uploads\/2025\/09\/cloaking-ads.jpg","type":"image\/jpeg"}],"twitter_card":"summary_large_image","twitter_misc":{"Tahmini okuma s\u00fcresi":"2 dakika"},"schema":{"@context":"https:\/\/schema.org","@graph":[{"@type":"WebPage","@id":"https:\/\/cloakmyads.com\/buy\/iptv-streaming-media-ads-cloaking\/","url":"https:\/\/cloakmyads.com\/buy\/iptv-streaming-media-ads-cloaking\/","name":"IPTV Reklamlar\u0131 Gizleme Sat\u0131n Al\u0131n - Ak\u0131\u015f Kampanyalar\u0131 Onayland\u0131","isPartOf":{"@id":"https:\/\/cloakmyads.com\/#website"},"primaryImageOfPage":{"@id":"https:\/\/cloakmyads.com\/buy\/iptv-streaming-media-ads-cloaking\/#primaryimage"},"image":{"@id":"https:\/\/cloakmyads.com\/buy\/iptv-streaming-media-ads-cloaking\/#primaryimage"},"thumbnailUrl":"https:\/\/cloakmyads.com\/wp-content\/uploads\/2025\/09\/cloaking-ads.jpg","datePublished":"2025-09-22T14:43:29+00:00","dateModified":"2025-11-08T14:40:01+00:00","description":"Reklam politikalar\u0131n\u0131 atlamak, IPTV i\u00e7eri\u011fini maskelemek ve kampanyalar\u0131 yasaklar olmadan canl\u0131 tutmak i\u00e7in Medya Ak\u0131\u015f\u0131 Reklamlar\u0131 Gizleme sat\u0131n al\u0131n.","breadcrumb":{"@id":"https:\/\/cloakmyads.com\/buy\/iptv-streaming-media-ads-cloaking\/#breadcrumb"},"inLanguage":"tr","potentialAction":[{"@type":"ReadAction","target":["https:\/\/cloakmyads.com\/buy\/iptv-streaming-media-ads-cloaking\/"]}]},{"@type":"ImageObject","inLanguage":"tr","@id":"https:\/\/cloakmyads.com\/buy\/iptv-streaming-media-ads-cloaking\/#primaryimage","url":"https:\/\/cloakmyads.com\/wp-content\/uploads\/2025\/09\/cloaking-ads.jpg","contentUrl":"https:\/\/cloakmyads.com\/wp-content\/uploads\/2025\/09\/cloaking-ads.jpg","width":605,"height":400,"caption":"Ads cloaking"},{"@type":"BreadcrumbList","@id":"https:\/\/cloakmyads.com\/buy\/iptv-streaming-media-ads-cloaking\/#breadcrumb","itemListElement":[{"@type":"ListItem","position":1,"name":"Home","item":"https:\/\/cloakmyads.com\/"},{"@type":"ListItem","position":2,"name":"Shop","item":"https:\/\/cloakmyads.com\/ar\/%d9%85%d8%aa%d8%ac%d8%b1\/"},{"@type":"ListItem","position":3,"name":"IPTV Streaming Media Ads Cloaking"}]},{"@type":"WebSite","@id":"https:\/\/cloakmyads.com\/#website","url":"https:\/\/cloakmyads.com\/","name":"CloakMyAds","description":"","publisher":{"@id":"https:\/\/cloakmyads.com\/#organization"},"potentialAction":[{"@type":"SearchAction","target":{"@type":"EntryPoint","urlTemplate":"https:\/\/cloakmyads.com\/?s={search_term_string}"},"query-input":{"@type":"PropertyValueSpecification","valueRequired":true,"valueName":"search_term_string"}}],"inLanguage":"tr"},{"@type":"Organization","@id":"https:\/\/cloakmyads.com\/#organization","name":"Google Ads Hesaplar\u0131 Sat\u0131n Al\u0131n","url":"https:\/\/cloakmyads.com\/","logo":{"@type":"ImageObject","inLanguage":"tr","@id":"https:\/\/cloakmyads.com\/#\/schema\/logo\/image\/","url":"https:\/\/cloakmyads.com\/wp-content\/uploads\/2025\/11\/fav-cloak.jpg","contentUrl":"https:\/\/cloakmyads.com\/wp-content\/uploads\/2025\/11\/fav-cloak.jpg","width":512,"height":512,"caption":"Buy Google Ads Accounts"},"image":{"@id":"https:\/\/cloakmyads.com\/#\/schema\/logo\/image\/"}}]}},"_links":{"self":[{"href":"https:\/\/cloakmyads.com\/tr\/wp-json\/wp\/v2\/product\/9600","targetHints":{"allow":["GET"]}}],"collection":[{"href":"https:\/\/cloakmyads.com\/tr\/wp-json\/wp\/v2\/product"}],"about":[{"href":"https:\/\/cloakmyads.com\/tr\/wp-json\/wp\/v2\/types\/product"}],"version-history":[{"count":4,"href":"https:\/\/cloakmyads.com\/tr\/wp-json\/wp\/v2\/product\/9600\/revisions"}],"predecessor-version":[{"id":9854,"href":"https:\/\/cloakmyads.com\/tr\/wp-json\/wp\/v2\/product\/9600\/revisions\/9854"}],"wp:featuredmedia":[{"embeddable":true,"href":"https:\/\/cloakmyads.com\/tr\/wp-json\/wp\/v2\/media\/9556"}],"wp:attachment":[{"href":"https:\/\/cloakmyads.com\/tr\/wp-json\/wp\/v2\/media?parent=9600"}],"wp:term":[{"taxonomy":"product_brand","embeddable":true,"href":"https:\/\/cloakmyads.com\/tr\/wp-json\/wp\/v2\/product_brand?post=9600"},{"taxonomy":"product_cat","embeddable":true,"href":"https:\/\/cloakmyads.com\/tr\/wp-json\/wp\/v2\/product_cat?post=9600"},{"taxonomy":"product_tag","embeddable":true,"href":"https:\/\/cloakmyads.com\/tr\/wp-json\/wp\/v2\/product_tag?post=9600"}],"curies":[{"name":"wp","href":"https:\/\/api.w.org\/{rel}","templated":true}]}}