{"id":9593,"date":"2025-09-22T15:24:52","date_gmt":"2025-09-22T14:24:52","guid":{"rendered":"https:\/\/cloakmyads.com\/?post_type=product&#038;p=9593"},"modified":"2025-11-08T09:40:30","modified_gmt":"2025-11-08T14:40:30","slug":"kumar-bahis-piyango-reklamlari-gizleme","status":"publish","type":"product","link":"https:\/\/cloakmyads.com\/tr\/satin-al\/kumar-bahis-piyango-reklamlari-gizleme\/","title":{"rendered":"Kumar Bahis Piyango Reklamlar\u0131 Gizleme"},"content":{"rendered":"<p data-start=\"447\" data-end=\"723\">Onaylar\u0131 veya yasaklar\u0131 tetiklemeden Google, Facebook, TikTok ve Native'de g\u00fcvenle reklam yay\u0131nlay\u0131n.<\/p>\n<p data-start=\"725\" data-end=\"1015\">\u0130ster itiyor olun <strong data-start=\"748\" data-end=\"757\">1xBet<\/strong>, <strong data-start=\"759\" data-end=\"769\">Bet365<\/strong>, <strong data-start=\"771\" data-end=\"794\">Spin-to-Win hunileri<\/strong>, veya <strong data-start=\"799\" data-end=\"827\">\u201ciPhone kazan\u0131n\u201d \u00e7ekili\u015fi<\/strong>, cloaker'\u0131m\u0131z ger\u00e7ek a\u00e7\u0131l\u0131\u015f sayfan\u0131za ula\u015fmadan \u00f6nce yorumcular\u0131, botlar\u0131 ve \u015f\u00fcpheli etkinlikleri filtreler. Y\u00f6nlendirmeler an\u0131nda ger\u00e7ekle\u015fir ve cihaz, konum, dil ve daha fazlas\u0131na g\u00f6re \u00f6zelle\u015ftirilebilir.<\/p>\n<p data-start=\"1017\" data-end=\"1239\">Bu \u00e7\u00f6z\u00fcme a\u015fa\u011f\u0131dakiler taraf\u0131ndan g\u00fcvenilmektedir <strong data-start=\"1045\" data-end=\"1068\">ba\u011fl\u0131 kurulu\u015f pazarlamac\u0131lar\u0131<\/strong>, <strong data-start=\"1070\" data-end=\"1085\">kur\u015fun al\u0131c\u0131lar<\/strong>, ve <strong data-start=\"1091\" data-end=\"1103\">ajanslar<\/strong> y\u00fcksek riskli b\u00f6lgelerde veya dikey sekt\u00f6rlerde faaliyet g\u00f6sterme. S\u00fcrekli olarak hesaplar\u0131 yeniden olu\u015fturmadan veya uyumlulukla m\u00fccadele etmeden kampanyalar\u0131 \u00f6l\u00e7eklendirmenizi sa\u011flar.<\/p>","protected":false},"excerpt":{"rendered":"<p>Reklamlar\u0131n\u0131z\u0131 canl\u0131 ve hesaplar\u0131n\u0131z\u0131 g\u00fcvende tutan y\u00fcksek performansl\u0131 gizleme ile kumarhaneler, spor bahisleri, \u00e7ekili\u015fler ve piyangolar gibi k\u0131s\u0131tlanm\u0131\u015f reklamlar\u0131 yay\u0131nlay\u0131n.<\/p>","protected":false},"featured_media":9556,"template":"","meta":{"_acf_changed":false},"product_brand":[],"product_cat":[325],"product_tag":[],"class_list":{"0":"post-9593","1":"product","2":"type-product","3":"status-publish","4":"has-post-thumbnail","6":"product_cat-cloaking","8":"first","9":"instock","10":"purchasable","11":"product-type-simple"},"acf":[],"yoast_head":"<!-- This site is optimized with the Yoast SEO Premium plugin v26.6 (Yoast SEO v26.7) - https:\/\/yoast.com\/wordpress\/plugins\/seo\/ -->\n<title>Buy Gambling Ads Cloaking \u2013 Betting &amp; Lottery Safe<\/title>\n<meta name=\"description\" content=\"Buy Betting &amp; Lottery Ads Cloaking to bypass ad policies, hide gambling content, and keep campaigns running without bans.\" \/>\n<meta name=\"robots\" content=\"index, follow, max-snippet:-1, max-image-preview:large, max-video-preview:-1\" \/>\n<link rel=\"canonical\" href=\"https:\/\/cloakmyads.com\/tr\/satin-al\/kumar-bahis-piyango-reklamlari-gizleme\/\" \/>\n<meta property=\"og:locale\" content=\"tr_TR\" \/>\n<meta property=\"og:type\" content=\"article\" \/>\n<meta property=\"og:title\" content=\"Gambling Betting Lottery Ads Cloaking\" \/>\n<meta property=\"og:description\" content=\"Buy Betting &amp; Lottery Ads Cloaking to bypass ad policies, hide gambling content, and keep campaigns running without bans.\" \/>\n<meta property=\"og:url\" content=\"https:\/\/cloakmyads.com\/tr\/satin-al\/kumar-bahis-piyango-reklamlari-gizleme\/\" \/>\n<meta property=\"og:site_name\" content=\"CloakMyAds\" \/>\n<meta property=\"article:modified_time\" content=\"2025-11-08T14:40:30+00:00\" \/>\n<meta property=\"og:image\" content=\"https:\/\/cloakmyads.com\/wp-content\/uploads\/2025\/09\/cloaking-ads.jpg\" \/>\n\t<meta property=\"og:image:width\" content=\"605\" \/>\n\t<meta property=\"og:image:height\" content=\"400\" \/>\n\t<meta property=\"og:image:type\" content=\"image\/jpeg\" \/>\n<meta name=\"twitter:card\" content=\"summary_large_image\" \/>\n<meta name=\"twitter:label1\" content=\"Tahmini okuma s\u00fcresi\" \/>\n\t<meta name=\"twitter:data1\" content=\"1 dakika\" \/>\n<script type=\"application\/ld+json\" class=\"yoast-schema-graph\">{\"@context\":\"https:\/\/schema.org\",\"@graph\":[{\"@type\":\"WebPage\",\"@id\":\"https:\/\/cloakmyads.com\/buy\/gambling-betting-lottery-ads-cloaking\/\",\"url\":\"https:\/\/cloakmyads.com\/buy\/gambling-betting-lottery-ads-cloaking\/\",\"name\":\"Buy Gambling Ads Cloaking \u2013 Betting & Lottery Safe\",\"isPartOf\":{\"@id\":\"https:\/\/cloakmyads.com\/#website\"},\"primaryImageOfPage\":{\"@id\":\"https:\/\/cloakmyads.com\/buy\/gambling-betting-lottery-ads-cloaking\/#primaryimage\"},\"image\":{\"@id\":\"https:\/\/cloakmyads.com\/buy\/gambling-betting-lottery-ads-cloaking\/#primaryimage\"},\"thumbnailUrl\":\"https:\/\/cloakmyads.com\/wp-content\/uploads\/2025\/09\/cloaking-ads.jpg\",\"datePublished\":\"2025-09-22T14:24:52+00:00\",\"dateModified\":\"2025-11-08T14:40:30+00:00\",\"description\":\"Buy Betting & Lottery Ads Cloaking to bypass ad policies, hide gambling content, and keep campaigns running without bans.\",\"breadcrumb\":{\"@id\":\"https:\/\/cloakmyads.com\/buy\/gambling-betting-lottery-ads-cloaking\/#breadcrumb\"},\"inLanguage\":\"tr\",\"potentialAction\":[{\"@type\":\"ReadAction\",\"target\":[\"https:\/\/cloakmyads.com\/buy\/gambling-betting-lottery-ads-cloaking\/\"]}]},{\"@type\":\"ImageObject\",\"inLanguage\":\"tr\",\"@id\":\"https:\/\/cloakmyads.com\/buy\/gambling-betting-lottery-ads-cloaking\/#primaryimage\",\"url\":\"https:\/\/cloakmyads.com\/wp-content\/uploads\/2025\/09\/cloaking-ads.jpg\",\"contentUrl\":\"https:\/\/cloakmyads.com\/wp-content\/uploads\/2025\/09\/cloaking-ads.jpg\",\"width\":605,\"height\":400,\"caption\":\"Ads cloaking\"},{\"@type\":\"BreadcrumbList\",\"@id\":\"https:\/\/cloakmyads.com\/buy\/gambling-betting-lottery-ads-cloaking\/#breadcrumb\",\"itemListElement\":[{\"@type\":\"ListItem\",\"position\":1,\"name\":\"Home\",\"item\":\"https:\/\/cloakmyads.com\/\"},{\"@type\":\"ListItem\",\"position\":2,\"name\":\"Shop\",\"item\":\"https:\/\/cloakmyads.com\/ar\/%d9%85%d8%aa%d8%ac%d8%b1\/\"},{\"@type\":\"ListItem\",\"position\":3,\"name\":\"Gambling Betting Lottery Ads Cloaking\"}]},{\"@type\":\"WebSite\",\"@id\":\"https:\/\/cloakmyads.com\/#website\",\"url\":\"https:\/\/cloakmyads.com\/\",\"name\":\"CloakMyAds\",\"description\":\"\",\"publisher\":{\"@id\":\"https:\/\/cloakmyads.com\/#organization\"},\"potentialAction\":[{\"@type\":\"SearchAction\",\"target\":{\"@type\":\"EntryPoint\",\"urlTemplate\":\"https:\/\/cloakmyads.com\/?s={search_term_string}\"},\"query-input\":{\"@type\":\"PropertyValueSpecification\",\"valueRequired\":true,\"valueName\":\"search_term_string\"}}],\"inLanguage\":\"tr\"},{\"@type\":\"Organization\",\"@id\":\"https:\/\/cloakmyads.com\/#organization\",\"name\":\"Buy Google Ads Accounts\",\"url\":\"https:\/\/cloakmyads.com\/\",\"logo\":{\"@type\":\"ImageObject\",\"inLanguage\":\"tr\",\"@id\":\"https:\/\/cloakmyads.com\/#\/schema\/logo\/image\/\",\"url\":\"https:\/\/cloakmyads.com\/wp-content\/uploads\/2025\/11\/fav-cloak.jpg\",\"contentUrl\":\"https:\/\/cloakmyads.com\/wp-content\/uploads\/2025\/11\/fav-cloak.jpg\",\"width\":512,\"height\":512,\"caption\":\"Buy Google Ads Accounts\"},\"image\":{\"@id\":\"https:\/\/cloakmyads.com\/#\/schema\/logo\/image\/\"}}]}<\/script>\n<!-- \/ Yoast SEO Premium plugin. -->","yoast_head_json":{"title":"Kumar Reklamlar\u0131 Gizleme Sat\u0131n Al\u0131n - Bahis ve Piyango G\u00fcvenli","description":"Reklam politikalar\u0131n\u0131 atlamak, kumar i\u00e7eriklerini gizlemek ve kampanyalar\u0131n yasaklanmadan devam etmesini sa\u011flamak i\u00e7in Bahis ve Piyango Reklamlar\u0131 Gizleme sat\u0131n al\u0131n.","robots":{"index":"index","follow":"follow","max-snippet":"max-snippet:-1","max-image-preview":"max-image-preview:large","max-video-preview":"max-video-preview:-1"},"canonical":"https:\/\/cloakmyads.com\/tr\/satin-al\/kumar-bahis-piyango-reklamlari-gizleme\/","og_locale":"tr_TR","og_type":"article","og_title":"Gambling Betting Lottery Ads Cloaking","og_description":"Buy Betting & Lottery Ads Cloaking to bypass ad policies, hide gambling content, and keep campaigns running without bans.","og_url":"https:\/\/cloakmyads.com\/tr\/satin-al\/kumar-bahis-piyango-reklamlari-gizleme\/","og_site_name":"CloakMyAds","article_modified_time":"2025-11-08T14:40:30+00:00","og_image":[{"width":605,"height":400,"url":"https:\/\/cloakmyads.com\/wp-content\/uploads\/2025\/09\/cloaking-ads.jpg","type":"image\/jpeg"}],"twitter_card":"summary_large_image","twitter_misc":{"Tahmini okuma s\u00fcresi":"1 dakika"},"schema":{"@context":"https:\/\/schema.org","@graph":[{"@type":"WebPage","@id":"https:\/\/cloakmyads.com\/buy\/gambling-betting-lottery-ads-cloaking\/","url":"https:\/\/cloakmyads.com\/buy\/gambling-betting-lottery-ads-cloaking\/","name":"Kumar Reklamlar\u0131 Gizleme Sat\u0131n Al\u0131n - Bahis ve Piyango G\u00fcvenli","isPartOf":{"@id":"https:\/\/cloakmyads.com\/#website"},"primaryImageOfPage":{"@id":"https:\/\/cloakmyads.com\/buy\/gambling-betting-lottery-ads-cloaking\/#primaryimage"},"image":{"@id":"https:\/\/cloakmyads.com\/buy\/gambling-betting-lottery-ads-cloaking\/#primaryimage"},"thumbnailUrl":"https:\/\/cloakmyads.com\/wp-content\/uploads\/2025\/09\/cloaking-ads.jpg","datePublished":"2025-09-22T14:24:52+00:00","dateModified":"2025-11-08T14:40:30+00:00","description":"Reklam politikalar\u0131n\u0131 atlamak, kumar i\u00e7eriklerini gizlemek ve kampanyalar\u0131n yasaklanmadan devam etmesini sa\u011flamak i\u00e7in Bahis ve Piyango Reklamlar\u0131 Gizleme sat\u0131n al\u0131n.","breadcrumb":{"@id":"https:\/\/cloakmyads.com\/buy\/gambling-betting-lottery-ads-cloaking\/#breadcrumb"},"inLanguage":"tr","potentialAction":[{"@type":"ReadAction","target":["https:\/\/cloakmyads.com\/buy\/gambling-betting-lottery-ads-cloaking\/"]}]},{"@type":"ImageObject","inLanguage":"tr","@id":"https:\/\/cloakmyads.com\/buy\/gambling-betting-lottery-ads-cloaking\/#primaryimage","url":"https:\/\/cloakmyads.com\/wp-content\/uploads\/2025\/09\/cloaking-ads.jpg","contentUrl":"https:\/\/cloakmyads.com\/wp-content\/uploads\/2025\/09\/cloaking-ads.jpg","width":605,"height":400,"caption":"Ads cloaking"},{"@type":"BreadcrumbList","@id":"https:\/\/cloakmyads.com\/buy\/gambling-betting-lottery-ads-cloaking\/#breadcrumb","itemListElement":[{"@type":"ListItem","position":1,"name":"Home","item":"https:\/\/cloakmyads.com\/"},{"@type":"ListItem","position":2,"name":"Shop","item":"https:\/\/cloakmyads.com\/ar\/%d9%85%d8%aa%d8%ac%d8%b1\/"},{"@type":"ListItem","position":3,"name":"Gambling Betting Lottery Ads Cloaking"}]},{"@type":"WebSite","@id":"https:\/\/cloakmyads.com\/#website","url":"https:\/\/cloakmyads.com\/","name":"CloakMyAds","description":"","publisher":{"@id":"https:\/\/cloakmyads.com\/#organization"},"potentialAction":[{"@type":"SearchAction","target":{"@type":"EntryPoint","urlTemplate":"https:\/\/cloakmyads.com\/?s={search_term_string}"},"query-input":{"@type":"PropertyValueSpecification","valueRequired":true,"valueName":"search_term_string"}}],"inLanguage":"tr"},{"@type":"Organization","@id":"https:\/\/cloakmyads.com\/#organization","name":"Google Ads Hesaplar\u0131 Sat\u0131n Al\u0131n","url":"https:\/\/cloakmyads.com\/","logo":{"@type":"ImageObject","inLanguage":"tr","@id":"https:\/\/cloakmyads.com\/#\/schema\/logo\/image\/","url":"https:\/\/cloakmyads.com\/wp-content\/uploads\/2025\/11\/fav-cloak.jpg","contentUrl":"https:\/\/cloakmyads.com\/wp-content\/uploads\/2025\/11\/fav-cloak.jpg","width":512,"height":512,"caption":"Buy Google Ads Accounts"},"image":{"@id":"https:\/\/cloakmyads.com\/#\/schema\/logo\/image\/"}}]}},"_links":{"self":[{"href":"https:\/\/cloakmyads.com\/tr\/wp-json\/wp\/v2\/product\/9593","targetHints":{"allow":["GET"]}}],"collection":[{"href":"https:\/\/cloakmyads.com\/tr\/wp-json\/wp\/v2\/product"}],"about":[{"href":"https:\/\/cloakmyads.com\/tr\/wp-json\/wp\/v2\/types\/product"}],"version-history":[{"count":3,"href":"https:\/\/cloakmyads.com\/tr\/wp-json\/wp\/v2\/product\/9593\/revisions"}],"predecessor-version":[{"id":9856,"href":"https:\/\/cloakmyads.com\/tr\/wp-json\/wp\/v2\/product\/9593\/revisions\/9856"}],"wp:featuredmedia":[{"embeddable":true,"href":"https:\/\/cloakmyads.com\/tr\/wp-json\/wp\/v2\/media\/9556"}],"wp:attachment":[{"href":"https:\/\/cloakmyads.com\/tr\/wp-json\/wp\/v2\/media?parent=9593"}],"wp:term":[{"taxonomy":"product_brand","embeddable":true,"href":"https:\/\/cloakmyads.com\/tr\/wp-json\/wp\/v2\/product_brand?post=9593"},{"taxonomy":"product_cat","embeddable":true,"href":"https:\/\/cloakmyads.com\/tr\/wp-json\/wp\/v2\/product_cat?post=9593"},{"taxonomy":"product_tag","embeddable":true,"href":"https:\/\/cloakmyads.com\/tr\/wp-json\/wp\/v2\/product_tag?post=9593"}],"curies":[{"name":"wp","href":"https:\/\/api.w.org\/{rel}","templated":true}]}}