{"id":9550,"date":"2025-09-22T12:35:17","date_gmt":"2025-09-22T11:35:17","guid":{"rendered":"https:\/\/cloakmyads.com\/?post_type=product&#038;p=9550"},"modified":"2025-11-08T09:41:04","modified_gmt":"2025-11-08T14:41:04","slug":"google-play-kredi-karti-faturalandirmasi","status":"publish","type":"product","link":"https:\/\/cloakmyads.com\/tr\/satin-al\/google-play-kredi-karti-faturalandirmasi\/","title":{"rendered":"Google Play Kredi Kart\u0131"},"content":{"rendered":"<p data-start=\"984\" data-end=\"1269\">Bir kurulum yaparken <strong data-start=\"1002\" data-end=\"1035\">Google Play Geli\u015ftirici hesab\u0131<\/strong>, bir\u00e7ok kullan\u0131c\u0131 \u00f6deme kartlar\u0131n\u0131n reddedildi\u011fi, i\u015faretlendi\u011fi veya yeniden kimlik do\u011frulamas\u0131 gerektirdi\u011fi sorunlarla kar\u015f\u0131la\u015f\u0131yor. Kartlar\u0131m\u0131z <strong data-start=\"1158\" data-end=\"1204\">Google Play faturaland\u0131rmas\u0131 i\u00e7in \u00f6zel olarak tasarlanm\u0131\u015ft\u0131r<\/strong>, hatas\u0131z ve sorunsuz bir kay\u0131t deneyimi sa\u011flar.<\/p>\n<p data-start=\"1271\" data-end=\"1484\">\u00d6demeyi yapmak i\u00e7in kart\u0131 kullan\u0131n <strong data-start=\"1295\" data-end=\"1341\">$25 Google Play Geli\u015ftirici kay\u0131t \u00fccreti<\/strong>, Play Console faturaland\u0131rma panelinize ekleyin veya uygulama i\u00e7i sat\u0131n alma ak\u0131\u015flar\u0131n\u0131 test etmek i\u00e7in kullan\u0131n. Bankac\u0131l\u0131k k\u0131s\u0131tlamalar\u0131 yok, uyumsuz b\u00f6lge hatalar\u0131 yok.<\/p>\n<p data-start=\"1486\" data-end=\"1739\">Her kart \u015funlar\u0131 i\u00e7erir <strong data-start=\"1506\" data-end=\"1525\">4 y\u0131l ge\u00e7erlilik<\/strong>, ve isim, fatura adresi ve \u00fclke ayr\u0131nt\u0131lar\u0131n\u0131 \u00f6zelle\u015ftirebilirsiniz. Kripto (TRC20\/USDT), PayPal, Wise, Revolut ve daha fazlas\u0131 arac\u0131l\u0131\u011f\u0131yla an\u0131nda finanse edin - ba\u011f\u0131ms\u0131z geli\u015ftiriciler, yay\u0131nc\u0131lar ve otomasyon i\u015f ak\u0131\u015flar\u0131 i\u00e7in m\u00fckemmeldir.<\/p>","protected":false},"excerpt":{"rendered":"<p>Google Play faturaland\u0131rmas\u0131 i\u00e7in yap\u0131land\u0131r\u0131lm\u0131\u015f do\u011frulanm\u0131\u015f kredi kartlar\u0131 - Play Console do\u011frulamas\u0131n\u0131 ve geli\u015ftirici kayd\u0131n\u0131 ge\u00e7mek i\u00e7in olu\u015fturulmu\u015ftur.<\/p>","protected":false},"featured_media":9453,"template":"","meta":{"_acf_changed":false},"product_brand":[],"product_cat":[324],"product_tag":[],"class_list":{"0":"post-9550","1":"product","2":"type-product","3":"status-publish","4":"has-post-thumbnail","6":"product_cat-ads-credit-cards","8":"first","9":"instock","10":"purchasable","11":"product-type-simple"},"acf":[],"yoast_head":"<!-- This site is optimized with the Yoast SEO Premium plugin v26.6 (Yoast SEO v26.7) - https:\/\/yoast.com\/wordpress\/plugins\/seo\/ -->\n<title>Buy Google Play Credit Card \u2013 Virtual Prepaid Card<\/title>\n<meta name=\"description\" content=\"Buy Google Play Credit Card for easy Play Store payments and account verification. Secure virtual cards ideal for testing apps and subscriptions.\" \/>\n<meta name=\"robots\" content=\"index, follow, max-snippet:-1, max-image-preview:large, max-video-preview:-1\" \/>\n<link rel=\"canonical\" href=\"https:\/\/cloakmyads.com\/tr\/satin-al\/google-play-kredi-karti-faturalandirmasi\/\" \/>\n<meta property=\"og:locale\" content=\"tr_TR\" \/>\n<meta property=\"og:type\" content=\"article\" \/>\n<meta property=\"og:title\" content=\"Google Play Credit Card\" \/>\n<meta property=\"og:description\" content=\"Buy Google Play Credit Card for easy Play Store payments and account verification. Secure virtual cards ideal for testing apps and subscriptions.\" \/>\n<meta property=\"og:url\" content=\"https:\/\/cloakmyads.com\/tr\/satin-al\/google-play-kredi-karti-faturalandirmasi\/\" \/>\n<meta property=\"og:site_name\" content=\"CloakMyAds\" \/>\n<meta property=\"article:modified_time\" content=\"2025-11-08T14:41:04+00:00\" \/>\n<meta property=\"og:image\" content=\"https:\/\/cloakmyads.com\/wp-content\/uploads\/2025\/09\/google-ads-credit-cards.jpg\" \/>\n\t<meta property=\"og:image:width\" content=\"605\" \/>\n\t<meta property=\"og:image:height\" content=\"400\" \/>\n\t<meta property=\"og:image:type\" content=\"image\/jpeg\" \/>\n<meta name=\"twitter:card\" content=\"summary_large_image\" \/>\n<meta name=\"twitter:label1\" content=\"Tahmini okuma s\u00fcresi\" \/>\n\t<meta name=\"twitter:data1\" content=\"1 dakika\" \/>\n<script type=\"application\/ld+json\" class=\"yoast-schema-graph\">{\"@context\":\"https:\/\/schema.org\",\"@graph\":[{\"@type\":\"WebPage\",\"@id\":\"https:\/\/cloakmyads.com\/buy\/google-play-credit-card-billing\/\",\"url\":\"https:\/\/cloakmyads.com\/buy\/google-play-credit-card-billing\/\",\"name\":\"Buy Google Play Credit Card \u2013 Virtual Prepaid Card\",\"isPartOf\":{\"@id\":\"https:\/\/cloakmyads.com\/#website\"},\"primaryImageOfPage\":{\"@id\":\"https:\/\/cloakmyads.com\/buy\/google-play-credit-card-billing\/#primaryimage\"},\"image\":{\"@id\":\"https:\/\/cloakmyads.com\/buy\/google-play-credit-card-billing\/#primaryimage\"},\"thumbnailUrl\":\"https:\/\/cloakmyads.com\/wp-content\/uploads\/2025\/09\/google-ads-credit-cards.jpg\",\"datePublished\":\"2025-09-22T11:35:17+00:00\",\"dateModified\":\"2025-11-08T14:41:04+00:00\",\"description\":\"Buy Google Play Credit Card for easy Play Store payments and account verification. Secure virtual cards ideal for testing apps and subscriptions.\",\"breadcrumb\":{\"@id\":\"https:\/\/cloakmyads.com\/buy\/google-play-credit-card-billing\/#breadcrumb\"},\"inLanguage\":\"tr\",\"potentialAction\":[{\"@type\":\"ReadAction\",\"target\":[\"https:\/\/cloakmyads.com\/buy\/google-play-credit-card-billing\/\"]}]},{\"@type\":\"ImageObject\",\"inLanguage\":\"tr\",\"@id\":\"https:\/\/cloakmyads.com\/buy\/google-play-credit-card-billing\/#primaryimage\",\"url\":\"https:\/\/cloakmyads.com\/wp-content\/uploads\/2025\/09\/google-ads-credit-cards.jpg\",\"contentUrl\":\"https:\/\/cloakmyads.com\/wp-content\/uploads\/2025\/09\/google-ads-credit-cards.jpg\",\"width\":605,\"height\":400,\"caption\":\"Google Ads Credit Cards\"},{\"@type\":\"BreadcrumbList\",\"@id\":\"https:\/\/cloakmyads.com\/buy\/google-play-credit-card-billing\/#breadcrumb\",\"itemListElement\":[{\"@type\":\"ListItem\",\"position\":1,\"name\":\"Home\",\"item\":\"https:\/\/cloakmyads.com\/\"},{\"@type\":\"ListItem\",\"position\":2,\"name\":\"Shop\",\"item\":\"https:\/\/cloakmyads.com\/ar\/%d9%85%d8%aa%d8%ac%d8%b1\/\"},{\"@type\":\"ListItem\",\"position\":3,\"name\":\"Google Play Credit Card\"}]},{\"@type\":\"WebSite\",\"@id\":\"https:\/\/cloakmyads.com\/#website\",\"url\":\"https:\/\/cloakmyads.com\/\",\"name\":\"CloakMyAds\",\"description\":\"\",\"publisher\":{\"@id\":\"https:\/\/cloakmyads.com\/#organization\"},\"potentialAction\":[{\"@type\":\"SearchAction\",\"target\":{\"@type\":\"EntryPoint\",\"urlTemplate\":\"https:\/\/cloakmyads.com\/?s={search_term_string}\"},\"query-input\":{\"@type\":\"PropertyValueSpecification\",\"valueRequired\":true,\"valueName\":\"search_term_string\"}}],\"inLanguage\":\"tr\"},{\"@type\":\"Organization\",\"@id\":\"https:\/\/cloakmyads.com\/#organization\",\"name\":\"Buy Google Ads Accounts\",\"url\":\"https:\/\/cloakmyads.com\/\",\"logo\":{\"@type\":\"ImageObject\",\"inLanguage\":\"tr\",\"@id\":\"https:\/\/cloakmyads.com\/#\/schema\/logo\/image\/\",\"url\":\"https:\/\/cloakmyads.com\/wp-content\/uploads\/2025\/11\/fav-cloak.jpg\",\"contentUrl\":\"https:\/\/cloakmyads.com\/wp-content\/uploads\/2025\/11\/fav-cloak.jpg\",\"width\":512,\"height\":512,\"caption\":\"Buy Google Ads Accounts\"},\"image\":{\"@id\":\"https:\/\/cloakmyads.com\/#\/schema\/logo\/image\/\"}}]}<\/script>\n<!-- \/ Yoast SEO Premium plugin. -->","yoast_head_json":{"title":"Google Play Kredi Kart\u0131 Sat\u0131n Al\u0131n - Sanal \u00d6n \u00d6demeli Kart","description":"Kolay Play Store \u00f6demeleri ve hesap do\u011frulamas\u0131 i\u00e7in Google Play Kredi Kart\u0131 sat\u0131n al\u0131n. Uygulamalar\u0131 ve abonelikleri test etmek i\u00e7in ideal g\u00fcvenli sanal kartlar.","robots":{"index":"index","follow":"follow","max-snippet":"max-snippet:-1","max-image-preview":"max-image-preview:large","max-video-preview":"max-video-preview:-1"},"canonical":"https:\/\/cloakmyads.com\/tr\/satin-al\/google-play-kredi-karti-faturalandirmasi\/","og_locale":"tr_TR","og_type":"article","og_title":"Google Play Credit Card","og_description":"Buy Google Play Credit Card for easy Play Store payments and account verification. Secure virtual cards ideal for testing apps and subscriptions.","og_url":"https:\/\/cloakmyads.com\/tr\/satin-al\/google-play-kredi-karti-faturalandirmasi\/","og_site_name":"CloakMyAds","article_modified_time":"2025-11-08T14:41:04+00:00","og_image":[{"width":605,"height":400,"url":"https:\/\/cloakmyads.com\/wp-content\/uploads\/2025\/09\/google-ads-credit-cards.jpg","type":"image\/jpeg"}],"twitter_card":"summary_large_image","twitter_misc":{"Tahmini okuma s\u00fcresi":"1 dakika"},"schema":{"@context":"https:\/\/schema.org","@graph":[{"@type":"WebPage","@id":"https:\/\/cloakmyads.com\/buy\/google-play-credit-card-billing\/","url":"https:\/\/cloakmyads.com\/buy\/google-play-credit-card-billing\/","name":"Google Play Kredi Kart\u0131 Sat\u0131n Al\u0131n - Sanal \u00d6n \u00d6demeli Kart","isPartOf":{"@id":"https:\/\/cloakmyads.com\/#website"},"primaryImageOfPage":{"@id":"https:\/\/cloakmyads.com\/buy\/google-play-credit-card-billing\/#primaryimage"},"image":{"@id":"https:\/\/cloakmyads.com\/buy\/google-play-credit-card-billing\/#primaryimage"},"thumbnailUrl":"https:\/\/cloakmyads.com\/wp-content\/uploads\/2025\/09\/google-ads-credit-cards.jpg","datePublished":"2025-09-22T11:35:17+00:00","dateModified":"2025-11-08T14:41:04+00:00","description":"Kolay Play Store \u00f6demeleri ve hesap do\u011frulamas\u0131 i\u00e7in Google Play Kredi Kart\u0131 sat\u0131n al\u0131n. Uygulamalar\u0131 ve abonelikleri test etmek i\u00e7in ideal g\u00fcvenli sanal kartlar.","breadcrumb":{"@id":"https:\/\/cloakmyads.com\/buy\/google-play-credit-card-billing\/#breadcrumb"},"inLanguage":"tr","potentialAction":[{"@type":"ReadAction","target":["https:\/\/cloakmyads.com\/buy\/google-play-credit-card-billing\/"]}]},{"@type":"ImageObject","inLanguage":"tr","@id":"https:\/\/cloakmyads.com\/buy\/google-play-credit-card-billing\/#primaryimage","url":"https:\/\/cloakmyads.com\/wp-content\/uploads\/2025\/09\/google-ads-credit-cards.jpg","contentUrl":"https:\/\/cloakmyads.com\/wp-content\/uploads\/2025\/09\/google-ads-credit-cards.jpg","width":605,"height":400,"caption":"Google Ads Credit Cards"},{"@type":"BreadcrumbList","@id":"https:\/\/cloakmyads.com\/buy\/google-play-credit-card-billing\/#breadcrumb","itemListElement":[{"@type":"ListItem","position":1,"name":"Home","item":"https:\/\/cloakmyads.com\/"},{"@type":"ListItem","position":2,"name":"Shop","item":"https:\/\/cloakmyads.com\/ar\/%d9%85%d8%aa%d8%ac%d8%b1\/"},{"@type":"ListItem","position":3,"name":"Google Play Credit Card"}]},{"@type":"WebSite","@id":"https:\/\/cloakmyads.com\/#website","url":"https:\/\/cloakmyads.com\/","name":"CloakMyAds","description":"","publisher":{"@id":"https:\/\/cloakmyads.com\/#organization"},"potentialAction":[{"@type":"SearchAction","target":{"@type":"EntryPoint","urlTemplate":"https:\/\/cloakmyads.com\/?s={search_term_string}"},"query-input":{"@type":"PropertyValueSpecification","valueRequired":true,"valueName":"search_term_string"}}],"inLanguage":"tr"},{"@type":"Organization","@id":"https:\/\/cloakmyads.com\/#organization","name":"Google Ads Hesaplar\u0131 Sat\u0131n Al\u0131n","url":"https:\/\/cloakmyads.com\/","logo":{"@type":"ImageObject","inLanguage":"tr","@id":"https:\/\/cloakmyads.com\/#\/schema\/logo\/image\/","url":"https:\/\/cloakmyads.com\/wp-content\/uploads\/2025\/11\/fav-cloak.jpg","contentUrl":"https:\/\/cloakmyads.com\/wp-content\/uploads\/2025\/11\/fav-cloak.jpg","width":512,"height":512,"caption":"Buy Google Ads Accounts"},"image":{"@id":"https:\/\/cloakmyads.com\/#\/schema\/logo\/image\/"}}]}},"_links":{"self":[{"href":"https:\/\/cloakmyads.com\/tr\/wp-json\/wp\/v2\/product\/9550","targetHints":{"allow":["GET"]}}],"collection":[{"href":"https:\/\/cloakmyads.com\/tr\/wp-json\/wp\/v2\/product"}],"about":[{"href":"https:\/\/cloakmyads.com\/tr\/wp-json\/wp\/v2\/types\/product"}],"version-history":[{"count":2,"href":"https:\/\/cloakmyads.com\/tr\/wp-json\/wp\/v2\/product\/9550\/revisions"}],"predecessor-version":[{"id":9858,"href":"https:\/\/cloakmyads.com\/tr\/wp-json\/wp\/v2\/product\/9550\/revisions\/9858"}],"wp:featuredmedia":[{"embeddable":true,"href":"https:\/\/cloakmyads.com\/tr\/wp-json\/wp\/v2\/media\/9453"}],"wp:attachment":[{"href":"https:\/\/cloakmyads.com\/tr\/wp-json\/wp\/v2\/media?parent=9550"}],"wp:term":[{"taxonomy":"product_brand","embeddable":true,"href":"https:\/\/cloakmyads.com\/tr\/wp-json\/wp\/v2\/product_brand?post=9550"},{"taxonomy":"product_cat","embeddable":true,"href":"https:\/\/cloakmyads.com\/tr\/wp-json\/wp\/v2\/product_cat?post=9550"},{"taxonomy":"product_tag","embeddable":true,"href":"https:\/\/cloakmyads.com\/tr\/wp-json\/wp\/v2\/product_tag?post=9550"}],"curies":[{"name":"wp","href":"https:\/\/api.w.org\/{rel}","templated":true}]}}