{"id":9548,"date":"2025-09-22T12:29:36","date_gmt":"2025-09-22T11:29:36","guid":{"rendered":"https:\/\/cloakmyads.com\/?post_type=product&#038;p=9548"},"modified":"2025-11-08T09:41:39","modified_gmt":"2025-11-08T14:41:39","slug":"apple-store-0ads-kredi%cc%87-karti-faturalandirmasi","status":"publish","type":"product","link":"https:\/\/cloakmyads.com\/tr\/satin-al\/apple-store-0ads-kredi%cc%87-karti-faturalandirmasi\/","title":{"rendered":"Apple Store Kredi Kart\u0131"},"content":{"rendered":"<p data-start=\"888\" data-end=\"1208\">Bir Apple Geli\u015ftirici hesab\u0131 olu\u015fturmak veya App Store sat\u0131n al\u0131mlar\u0131 i\u00e7in bir \u00f6deme y\u00f6ntemi eklemek, \u00f6zellikle sanal kartlarda genellikle ba\u015far\u0131s\u0131z i\u015flemlere veya do\u011frulama bayraklar\u0131na yol a\u00e7abilir. Kartlar\u0131m\u0131z <strong data-start=\"1082\" data-end=\"1109\">Apple i\u00e7in \u00f6zel olarak \u00fcretildi<\/strong>, Apple ID faturalama, geli\u015ftirici kayd\u0131 ve abonelik kurulumlar\u0131yla temiz bir \u015fekilde entegre oldu\u011fu test edilmi\u015ftir.<\/p>\n<p data-start=\"1210\" data-end=\"1426\">Kart\u0131n\u0131z\u0131 \u015fu adrese ekleyin <strong data-start=\"1231\" data-end=\"1243\">Apple Kimli\u011fi<\/strong>, <strong data-start=\"1245\" data-end=\"1272\">Apple Geli\u015ftirici Program\u0131<\/strong>, veya <strong data-start=\"1277\" data-end=\"1298\">App Store Ba\u011flant\u0131s\u0131<\/strong> se\u00e7ti\u011finiz fatura ad\u0131 ve adresi ile. Do\u011frulama d\u00f6ng\u00fcs\u00fc yok. Ge\u00e7ersiz \u00f6deme y\u00f6ntemleri nedeniyle hesab\u0131n ask\u0131ya al\u0131nmas\u0131 riski yok.<\/p>\n<p data-start=\"1428\" data-end=\"1694\">Her kart a\u015fa\u011f\u0131dakiler i\u00e7in ge\u00e7erlidir <strong data-start=\"1451\" data-end=\"1462\">4 y\u0131l<\/strong>, ve kripto (TRC20\/USDT), PayPal, Wise, Revolut ve daha fazlas\u0131 arac\u0131l\u0131\u011f\u0131yla an\u0131nda para eklenebilir. B\u00f6lge bloklar\u0131 veya kart uyumsuzlu\u011fu olmadan h\u0131zl\u0131, g\u00fcvenilir Apple \u00f6deme eri\u015fimine ihtiya\u00e7 duyan geli\u015ftiriciler, yay\u0131nc\u0131lar ve pazarlamac\u0131lar i\u00e7in idealdir.<\/p>","protected":false},"excerpt":{"rendered":"<p>Apple faturaland\u0131rmas\u0131 i\u00e7in yap\u0131land\u0131r\u0131lm\u0131\u015f do\u011frulanm\u0131\u015f kredi kartlar\u0131 - App Store \u00f6demeleri, geli\u015ftirici hesaplar\u0131 ve Apple hizmetleri i\u00e7in m\u00fckemmel.<\/p>","protected":false},"featured_media":9453,"template":"","meta":{"_acf_changed":false},"product_brand":[],"product_cat":[324],"product_tag":[],"class_list":{"0":"post-9548","1":"product","2":"type-product","3":"status-publish","4":"has-post-thumbnail","6":"product_cat-ads-credit-cards","8":"first","9":"instock","10":"purchasable","11":"product-type-simple"},"acf":[],"yoast_head":"<!-- This site is optimized with the Yoast SEO Premium plugin v26.6 (Yoast SEO v26.7) - https:\/\/yoast.com\/wordpress\/plugins\/seo\/ -->\n<title>Buy Apple Store Credit Card \u2013 Virtual Prepaid for Apps<\/title>\n<meta name=\"description\" content=\"Buy Apple Store Credit Card for safe App Store payments, account verification, and subscriptions. Fast, reliable virtual card solution.\" \/>\n<meta name=\"robots\" content=\"index, follow, max-snippet:-1, max-image-preview:large, max-video-preview:-1\" \/>\n<link rel=\"canonical\" href=\"https:\/\/cloakmyads.com\/tr\/satin-al\/apple-store-0ads-kredi\u0307-karti-faturalandirmasi\/\" \/>\n<meta property=\"og:locale\" content=\"tr_TR\" \/>\n<meta property=\"og:type\" content=\"article\" \/>\n<meta property=\"og:title\" content=\"Apple Store Credit Card\" \/>\n<meta property=\"og:description\" content=\"Buy Apple Store Credit Card for safe App Store payments, account verification, and subscriptions. Fast, reliable virtual card solution.\" \/>\n<meta property=\"og:url\" content=\"https:\/\/cloakmyads.com\/tr\/satin-al\/apple-store-0ads-kredi\u0307-karti-faturalandirmasi\/\" \/>\n<meta property=\"og:site_name\" content=\"CloakMyAds\" \/>\n<meta property=\"article:modified_time\" content=\"2025-11-08T14:41:39+00:00\" \/>\n<meta property=\"og:image\" content=\"https:\/\/cloakmyads.com\/wp-content\/uploads\/2025\/09\/google-ads-credit-cards.jpg\" \/>\n\t<meta property=\"og:image:width\" content=\"605\" \/>\n\t<meta property=\"og:image:height\" content=\"400\" \/>\n\t<meta property=\"og:image:type\" content=\"image\/jpeg\" \/>\n<meta name=\"twitter:card\" content=\"summary_large_image\" \/>\n<meta name=\"twitter:label1\" content=\"Tahmini okuma s\u00fcresi\" \/>\n\t<meta name=\"twitter:data1\" content=\"1 dakika\" \/>\n<script type=\"application\/ld+json\" class=\"yoast-schema-graph\">{\"@context\":\"https:\/\/schema.org\",\"@graph\":[{\"@type\":\"WebPage\",\"@id\":\"https:\/\/cloakmyads.com\/buy\/apple-store-0ads-credit-card-billing\/\",\"url\":\"https:\/\/cloakmyads.com\/buy\/apple-store-0ads-credit-card-billing\/\",\"name\":\"Buy Apple Store Credit Card \u2013 Virtual Prepaid for Apps\",\"isPartOf\":{\"@id\":\"https:\/\/cloakmyads.com\/#website\"},\"primaryImageOfPage\":{\"@id\":\"https:\/\/cloakmyads.com\/buy\/apple-store-0ads-credit-card-billing\/#primaryimage\"},\"image\":{\"@id\":\"https:\/\/cloakmyads.com\/buy\/apple-store-0ads-credit-card-billing\/#primaryimage\"},\"thumbnailUrl\":\"https:\/\/cloakmyads.com\/wp-content\/uploads\/2025\/09\/google-ads-credit-cards.jpg\",\"datePublished\":\"2025-09-22T11:29:36+00:00\",\"dateModified\":\"2025-11-08T14:41:39+00:00\",\"description\":\"Buy Apple Store Credit Card for safe App Store payments, account verification, and subscriptions. Fast, reliable virtual card solution.\",\"breadcrumb\":{\"@id\":\"https:\/\/cloakmyads.com\/buy\/apple-store-0ads-credit-card-billing\/#breadcrumb\"},\"inLanguage\":\"tr\",\"potentialAction\":[{\"@type\":\"ReadAction\",\"target\":[\"https:\/\/cloakmyads.com\/buy\/apple-store-0ads-credit-card-billing\/\"]}]},{\"@type\":\"ImageObject\",\"inLanguage\":\"tr\",\"@id\":\"https:\/\/cloakmyads.com\/buy\/apple-store-0ads-credit-card-billing\/#primaryimage\",\"url\":\"https:\/\/cloakmyads.com\/wp-content\/uploads\/2025\/09\/google-ads-credit-cards.jpg\",\"contentUrl\":\"https:\/\/cloakmyads.com\/wp-content\/uploads\/2025\/09\/google-ads-credit-cards.jpg\",\"width\":605,\"height\":400,\"caption\":\"Google Ads Credit Cards\"},{\"@type\":\"BreadcrumbList\",\"@id\":\"https:\/\/cloakmyads.com\/buy\/apple-store-0ads-credit-card-billing\/#breadcrumb\",\"itemListElement\":[{\"@type\":\"ListItem\",\"position\":1,\"name\":\"Home\",\"item\":\"https:\/\/cloakmyads.com\/\"},{\"@type\":\"ListItem\",\"position\":2,\"name\":\"Shop\",\"item\":\"https:\/\/cloakmyads.com\/ar\/%d9%85%d8%aa%d8%ac%d8%b1\/\"},{\"@type\":\"ListItem\",\"position\":3,\"name\":\"Apple Store Credit Card\"}]},{\"@type\":\"WebSite\",\"@id\":\"https:\/\/cloakmyads.com\/#website\",\"url\":\"https:\/\/cloakmyads.com\/\",\"name\":\"CloakMyAds\",\"description\":\"\",\"publisher\":{\"@id\":\"https:\/\/cloakmyads.com\/#organization\"},\"potentialAction\":[{\"@type\":\"SearchAction\",\"target\":{\"@type\":\"EntryPoint\",\"urlTemplate\":\"https:\/\/cloakmyads.com\/?s={search_term_string}\"},\"query-input\":{\"@type\":\"PropertyValueSpecification\",\"valueRequired\":true,\"valueName\":\"search_term_string\"}}],\"inLanguage\":\"tr\"},{\"@type\":\"Organization\",\"@id\":\"https:\/\/cloakmyads.com\/#organization\",\"name\":\"Buy Google Ads Accounts\",\"url\":\"https:\/\/cloakmyads.com\/\",\"logo\":{\"@type\":\"ImageObject\",\"inLanguage\":\"tr\",\"@id\":\"https:\/\/cloakmyads.com\/#\/schema\/logo\/image\/\",\"url\":\"https:\/\/cloakmyads.com\/wp-content\/uploads\/2025\/11\/fav-cloak.jpg\",\"contentUrl\":\"https:\/\/cloakmyads.com\/wp-content\/uploads\/2025\/11\/fav-cloak.jpg\",\"width\":512,\"height\":512,\"caption\":\"Buy Google Ads Accounts\"},\"image\":{\"@id\":\"https:\/\/cloakmyads.com\/#\/schema\/logo\/image\/\"}}]}<\/script>\n<!-- \/ Yoast SEO Premium plugin. -->","yoast_head_json":{"title":"Apple Store Kredi Kart\u0131 Sat\u0131n Al\u0131n - Uygulamalar i\u00e7in Sanal \u00d6n \u00d6demeli","description":"G\u00fcvenli App Store \u00f6demeleri, hesap do\u011frulama ve abonelikler i\u00e7in Apple Store Kredi Kart\u0131 sat\u0131n al\u0131n. H\u0131zl\u0131, g\u00fcvenilir sanal kart \u00e7\u00f6z\u00fcm\u00fc.","robots":{"index":"index","follow":"follow","max-snippet":"max-snippet:-1","max-image-preview":"max-image-preview:large","max-video-preview":"max-video-preview:-1"},"canonical":"https:\/\/cloakmyads.com\/tr\/satin-al\/apple-store-0ads-kredi\u0307-karti-faturalandirmasi\/","og_locale":"tr_TR","og_type":"article","og_title":"Apple Store Credit Card","og_description":"Buy Apple Store Credit Card for safe App Store payments, account verification, and subscriptions. Fast, reliable virtual card solution.","og_url":"https:\/\/cloakmyads.com\/tr\/satin-al\/apple-store-0ads-kredi\u0307-karti-faturalandirmasi\/","og_site_name":"CloakMyAds","article_modified_time":"2025-11-08T14:41:39+00:00","og_image":[{"width":605,"height":400,"url":"https:\/\/cloakmyads.com\/wp-content\/uploads\/2025\/09\/google-ads-credit-cards.jpg","type":"image\/jpeg"}],"twitter_card":"summary_large_image","twitter_misc":{"Tahmini okuma s\u00fcresi":"1 dakika"},"schema":{"@context":"https:\/\/schema.org","@graph":[{"@type":"WebPage","@id":"https:\/\/cloakmyads.com\/buy\/apple-store-0ads-credit-card-billing\/","url":"https:\/\/cloakmyads.com\/buy\/apple-store-0ads-credit-card-billing\/","name":"Apple Store Kredi Kart\u0131 Sat\u0131n Al\u0131n - Uygulamalar i\u00e7in Sanal \u00d6n \u00d6demeli","isPartOf":{"@id":"https:\/\/cloakmyads.com\/#website"},"primaryImageOfPage":{"@id":"https:\/\/cloakmyads.com\/buy\/apple-store-0ads-credit-card-billing\/#primaryimage"},"image":{"@id":"https:\/\/cloakmyads.com\/buy\/apple-store-0ads-credit-card-billing\/#primaryimage"},"thumbnailUrl":"https:\/\/cloakmyads.com\/wp-content\/uploads\/2025\/09\/google-ads-credit-cards.jpg","datePublished":"2025-09-22T11:29:36+00:00","dateModified":"2025-11-08T14:41:39+00:00","description":"G\u00fcvenli App Store \u00f6demeleri, hesap do\u011frulama ve abonelikler i\u00e7in Apple Store Kredi Kart\u0131 sat\u0131n al\u0131n. H\u0131zl\u0131, g\u00fcvenilir sanal kart \u00e7\u00f6z\u00fcm\u00fc.","breadcrumb":{"@id":"https:\/\/cloakmyads.com\/buy\/apple-store-0ads-credit-card-billing\/#breadcrumb"},"inLanguage":"tr","potentialAction":[{"@type":"ReadAction","target":["https:\/\/cloakmyads.com\/buy\/apple-store-0ads-credit-card-billing\/"]}]},{"@type":"ImageObject","inLanguage":"tr","@id":"https:\/\/cloakmyads.com\/buy\/apple-store-0ads-credit-card-billing\/#primaryimage","url":"https:\/\/cloakmyads.com\/wp-content\/uploads\/2025\/09\/google-ads-credit-cards.jpg","contentUrl":"https:\/\/cloakmyads.com\/wp-content\/uploads\/2025\/09\/google-ads-credit-cards.jpg","width":605,"height":400,"caption":"Google Ads Credit Cards"},{"@type":"BreadcrumbList","@id":"https:\/\/cloakmyads.com\/buy\/apple-store-0ads-credit-card-billing\/#breadcrumb","itemListElement":[{"@type":"ListItem","position":1,"name":"Home","item":"https:\/\/cloakmyads.com\/"},{"@type":"ListItem","position":2,"name":"Shop","item":"https:\/\/cloakmyads.com\/ar\/%d9%85%d8%aa%d8%ac%d8%b1\/"},{"@type":"ListItem","position":3,"name":"Apple Store Credit Card"}]},{"@type":"WebSite","@id":"https:\/\/cloakmyads.com\/#website","url":"https:\/\/cloakmyads.com\/","name":"CloakMyAds","description":"","publisher":{"@id":"https:\/\/cloakmyads.com\/#organization"},"potentialAction":[{"@type":"SearchAction","target":{"@type":"EntryPoint","urlTemplate":"https:\/\/cloakmyads.com\/?s={search_term_string}"},"query-input":{"@type":"PropertyValueSpecification","valueRequired":true,"valueName":"search_term_string"}}],"inLanguage":"tr"},{"@type":"Organization","@id":"https:\/\/cloakmyads.com\/#organization","name":"Google Ads Hesaplar\u0131 Sat\u0131n Al\u0131n","url":"https:\/\/cloakmyads.com\/","logo":{"@type":"ImageObject","inLanguage":"tr","@id":"https:\/\/cloakmyads.com\/#\/schema\/logo\/image\/","url":"https:\/\/cloakmyads.com\/wp-content\/uploads\/2025\/11\/fav-cloak.jpg","contentUrl":"https:\/\/cloakmyads.com\/wp-content\/uploads\/2025\/11\/fav-cloak.jpg","width":512,"height":512,"caption":"Buy Google Ads Accounts"},"image":{"@id":"https:\/\/cloakmyads.com\/#\/schema\/logo\/image\/"}}]}},"_links":{"self":[{"href":"https:\/\/cloakmyads.com\/tr\/wp-json\/wp\/v2\/product\/9548","targetHints":{"allow":["GET"]}}],"collection":[{"href":"https:\/\/cloakmyads.com\/tr\/wp-json\/wp\/v2\/product"}],"about":[{"href":"https:\/\/cloakmyads.com\/tr\/wp-json\/wp\/v2\/types\/product"}],"version-history":[{"count":2,"href":"https:\/\/cloakmyads.com\/tr\/wp-json\/wp\/v2\/product\/9548\/revisions"}],"predecessor-version":[{"id":9859,"href":"https:\/\/cloakmyads.com\/tr\/wp-json\/wp\/v2\/product\/9548\/revisions\/9859"}],"wp:featuredmedia":[{"embeddable":true,"href":"https:\/\/cloakmyads.com\/tr\/wp-json\/wp\/v2\/media\/9453"}],"wp:attachment":[{"href":"https:\/\/cloakmyads.com\/tr\/wp-json\/wp\/v2\/media?parent=9548"}],"wp:term":[{"taxonomy":"product_brand","embeddable":true,"href":"https:\/\/cloakmyads.com\/tr\/wp-json\/wp\/v2\/product_brand?post=9548"},{"taxonomy":"product_cat","embeddable":true,"href":"https:\/\/cloakmyads.com\/tr\/wp-json\/wp\/v2\/product_cat?post=9548"},{"taxonomy":"product_tag","embeddable":true,"href":"https:\/\/cloakmyads.com\/tr\/wp-json\/wp\/v2\/product_tag?post=9548"}],"curies":[{"name":"wp","href":"https:\/\/api.w.org\/{rel}","templated":true}]}}