{"id":9546,"date":"2025-09-22T12:25:39","date_gmt":"2025-09-22T11:25:39","guid":{"rendered":"https:\/\/cloakmyads.com\/?post_type=product&#038;p=9546"},"modified":"2025-11-08T09:41:47","modified_gmt":"2025-11-08T14:41:47","slug":"microsoft-reklamlari-kredi-karti-bing-faturalandirma","status":"publish","type":"product","link":"https:\/\/cloakmyads.com\/tr\/satin-al\/microsoft-reklamlari-kredi-karti-bing-faturalandirma\/","title":{"rendered":"Microsoft Reklamlar\u0131 Kredi Kart\u0131"},"content":{"rendered":"<p data-start=\"893\" data-end=\"1188\">Microsoft Ads, \u00f6zellikle yeni hesaplar, y\u00fcksek hacimli kampanyalar veya uluslararas\u0131 reklamverenler i\u00e7in faturaland\u0131rma do\u011frulamas\u0131 konusunda kat\u0131d\u0131r. Bizim <strong data-start=\"1040\" data-end=\"1084\">Microsoft Reklamlar\u0131 i\u00e7in \u00f6n y\u00fcklemeli kredi kartlar\u0131<\/strong> faturaland\u0131rma standartlar\u0131n\u0131 kar\u015f\u0131layacak \u015fekilde yap\u0131land\u0131r\u0131l\u0131r ve an\u0131nda do\u011frulanm\u0131\u015f bir \u00f6deme y\u00f6ntemi olarak eklenebilir.<\/p>\n<p data-start=\"1190\" data-end=\"1378\">Bu kartlar her yerde \u00e7al\u0131\u015f\u0131r <strong data-start=\"1218\" data-end=\"1253\">Microsoft Reklamc\u0131l\u0131k ekosistemi<\/strong>, Bing arama, Microsoft Edge yerle\u015fimleri ve i\u015f orta\u011f\u0131 a\u011flar\u0131 da dahil olmak \u00fczere, s\u0131f\u0131r \u00f6deme sorunu ile maksimum eri\u015fim sa\u011flar.<\/p>\n<p data-start=\"1380\" data-end=\"1625\">Her kart \u015funlar\u0131 i\u00e7erir <strong data-start=\"1399\" data-end=\"1429\">4 y\u0131l aktif ge\u00e7erlilik s\u00fcresi<\/strong>, Fatura bilgilerinizle \u00f6zelle\u015ftirilebilir ve kripto (TRC20\/USDT), Wise, Revolut, PayPal, Skrill ve daha fazlas\u0131 arac\u0131l\u0131\u011f\u0131yla an\u0131nda y\u00fckleme kabul eder - arama kampanyalar\u0131n\u0131 kesintisiz olarak \u00f6l\u00e7eklendirmek i\u00e7in idealdir.<\/p>\n<p data-start=\"1627\" data-end=\"1777\">\u0130\u00e7in m\u00fckemmel <strong data-start=\"1639\" data-end=\"1687\">arama pazarlamac\u0131lar\u0131, B2B reklam al\u0131c\u0131lar\u0131, SaaS markalar\u0131<\/strong>, ve g\u00fcvenilir, kesintisiz Microsoft Ads faturaland\u0131rmas\u0131na ihtiya\u00e7 duyan m\u00fc\u015fterileri y\u00f6neten ajanslar.<\/p>","protected":false},"excerpt":{"rendered":"<p>Microsoft Ads faturaland\u0131rmas\u0131 i\u00e7in do\u011frulanm\u0131\u015f kredi kartlar\u0131 - Bing ve Microsoft reklam platformlar\u0131nda \u00e7al\u0131\u015fmak \u00fczere \u00f6nceden y\u00fcklenmi\u015f, kararl\u0131 ve onayl\u0131.<\/p>","protected":false},"featured_media":9453,"template":"","meta":{"_acf_changed":false},"product_brand":[],"product_cat":[324],"product_tag":[],"class_list":{"0":"post-9546","1":"product","2":"type-product","3":"status-publish","4":"has-post-thumbnail","6":"product_cat-ads-credit-cards","8":"first","9":"instock","10":"purchasable","11":"product-type-simple"},"acf":[],"yoast_head":"<!-- This site is optimized with the Yoast SEO Premium plugin v26.6 (Yoast SEO v26.7) - https:\/\/yoast.com\/wordpress\/plugins\/seo\/ -->\n<title>Buy Microsoft Ads Credit Card \u2013 Verified Virtual Card<\/title>\n<meta name=\"description\" content=\"Buy Microsoft Ads Credit Card for instant ad account funding and verification. Reliable virtual card solution for Microsoft Ads campaigns.\" \/>\n<meta name=\"robots\" content=\"index, follow, max-snippet:-1, max-image-preview:large, max-video-preview:-1\" \/>\n<link rel=\"canonical\" href=\"https:\/\/cloakmyads.com\/tr\/satin-al\/microsoft-reklamlari-kredi-karti-bing-faturalandirma\/\" \/>\n<meta property=\"og:locale\" content=\"tr_TR\" \/>\n<meta property=\"og:type\" content=\"article\" \/>\n<meta property=\"og:title\" content=\"Microsoft Ads Credit Card\" \/>\n<meta property=\"og:description\" content=\"Buy Microsoft Ads Credit Card for instant ad account funding and verification. Reliable virtual card solution for Microsoft Ads campaigns.\" \/>\n<meta property=\"og:url\" content=\"https:\/\/cloakmyads.com\/tr\/satin-al\/microsoft-reklamlari-kredi-karti-bing-faturalandirma\/\" \/>\n<meta property=\"og:site_name\" content=\"CloakMyAds\" \/>\n<meta property=\"article:modified_time\" content=\"2025-11-08T14:41:47+00:00\" \/>\n<meta property=\"og:image\" content=\"https:\/\/cloakmyads.com\/wp-content\/uploads\/2025\/09\/google-ads-credit-cards.jpg\" \/>\n\t<meta property=\"og:image:width\" content=\"605\" \/>\n\t<meta property=\"og:image:height\" content=\"400\" \/>\n\t<meta property=\"og:image:type\" content=\"image\/jpeg\" \/>\n<meta name=\"twitter:card\" content=\"summary_large_image\" \/>\n<meta name=\"twitter:label1\" content=\"Tahmini okuma s\u00fcresi\" \/>\n\t<meta name=\"twitter:data1\" content=\"1 dakika\" \/>\n<script type=\"application\/ld+json\" class=\"yoast-schema-graph\">{\"@context\":\"https:\/\/schema.org\",\"@graph\":[{\"@type\":\"WebPage\",\"@id\":\"https:\/\/cloakmyads.com\/buy\/microsoft-ads-credit-card-bing-billing\/\",\"url\":\"https:\/\/cloakmyads.com\/buy\/microsoft-ads-credit-card-bing-billing\/\",\"name\":\"Buy Microsoft Ads Credit Card \u2013 Verified Virtual Card\",\"isPartOf\":{\"@id\":\"https:\/\/cloakmyads.com\/#website\"},\"primaryImageOfPage\":{\"@id\":\"https:\/\/cloakmyads.com\/buy\/microsoft-ads-credit-card-bing-billing\/#primaryimage\"},\"image\":{\"@id\":\"https:\/\/cloakmyads.com\/buy\/microsoft-ads-credit-card-bing-billing\/#primaryimage\"},\"thumbnailUrl\":\"https:\/\/cloakmyads.com\/wp-content\/uploads\/2025\/09\/google-ads-credit-cards.jpg\",\"datePublished\":\"2025-09-22T11:25:39+00:00\",\"dateModified\":\"2025-11-08T14:41:47+00:00\",\"description\":\"Buy Microsoft Ads Credit Card for instant ad account funding and verification. Reliable virtual card solution for Microsoft Ads campaigns.\",\"breadcrumb\":{\"@id\":\"https:\/\/cloakmyads.com\/buy\/microsoft-ads-credit-card-bing-billing\/#breadcrumb\"},\"inLanguage\":\"tr\",\"potentialAction\":[{\"@type\":\"ReadAction\",\"target\":[\"https:\/\/cloakmyads.com\/buy\/microsoft-ads-credit-card-bing-billing\/\"]}]},{\"@type\":\"ImageObject\",\"inLanguage\":\"tr\",\"@id\":\"https:\/\/cloakmyads.com\/buy\/microsoft-ads-credit-card-bing-billing\/#primaryimage\",\"url\":\"https:\/\/cloakmyads.com\/wp-content\/uploads\/2025\/09\/google-ads-credit-cards.jpg\",\"contentUrl\":\"https:\/\/cloakmyads.com\/wp-content\/uploads\/2025\/09\/google-ads-credit-cards.jpg\",\"width\":605,\"height\":400,\"caption\":\"Google Ads Credit Cards\"},{\"@type\":\"BreadcrumbList\",\"@id\":\"https:\/\/cloakmyads.com\/buy\/microsoft-ads-credit-card-bing-billing\/#breadcrumb\",\"itemListElement\":[{\"@type\":\"ListItem\",\"position\":1,\"name\":\"Home\",\"item\":\"https:\/\/cloakmyads.com\/\"},{\"@type\":\"ListItem\",\"position\":2,\"name\":\"Shop\",\"item\":\"https:\/\/cloakmyads.com\/ar\/%d9%85%d8%aa%d8%ac%d8%b1\/\"},{\"@type\":\"ListItem\",\"position\":3,\"name\":\"Microsoft Ads Credit Card\"}]},{\"@type\":\"WebSite\",\"@id\":\"https:\/\/cloakmyads.com\/#website\",\"url\":\"https:\/\/cloakmyads.com\/\",\"name\":\"CloakMyAds\",\"description\":\"\",\"publisher\":{\"@id\":\"https:\/\/cloakmyads.com\/#organization\"},\"potentialAction\":[{\"@type\":\"SearchAction\",\"target\":{\"@type\":\"EntryPoint\",\"urlTemplate\":\"https:\/\/cloakmyads.com\/?s={search_term_string}\"},\"query-input\":{\"@type\":\"PropertyValueSpecification\",\"valueRequired\":true,\"valueName\":\"search_term_string\"}}],\"inLanguage\":\"tr\"},{\"@type\":\"Organization\",\"@id\":\"https:\/\/cloakmyads.com\/#organization\",\"name\":\"Buy Google Ads Accounts\",\"url\":\"https:\/\/cloakmyads.com\/\",\"logo\":{\"@type\":\"ImageObject\",\"inLanguage\":\"tr\",\"@id\":\"https:\/\/cloakmyads.com\/#\/schema\/logo\/image\/\",\"url\":\"https:\/\/cloakmyads.com\/wp-content\/uploads\/2025\/11\/fav-cloak.jpg\",\"contentUrl\":\"https:\/\/cloakmyads.com\/wp-content\/uploads\/2025\/11\/fav-cloak.jpg\",\"width\":512,\"height\":512,\"caption\":\"Buy Google Ads Accounts\"},\"image\":{\"@id\":\"https:\/\/cloakmyads.com\/#\/schema\/logo\/image\/\"}}]}<\/script>\n<!-- \/ Yoast SEO Premium plugin. -->","yoast_head_json":{"title":"Microsoft Ads Kredi Kart\u0131 Sat\u0131n Al\u0131n - Do\u011frulanm\u0131\u015f Sanal Kart","description":"An\u0131nda reklam hesab\u0131 finansman\u0131 ve do\u011frulamas\u0131 i\u00e7in Microsoft Ads Kredi Kart\u0131 sat\u0131n al\u0131n. Microsoft Ads kampanyalar\u0131 i\u00e7in g\u00fcvenilir sanal kart \u00e7\u00f6z\u00fcm\u00fc.","robots":{"index":"index","follow":"follow","max-snippet":"max-snippet:-1","max-image-preview":"max-image-preview:large","max-video-preview":"max-video-preview:-1"},"canonical":"https:\/\/cloakmyads.com\/tr\/satin-al\/microsoft-reklamlari-kredi-karti-bing-faturalandirma\/","og_locale":"tr_TR","og_type":"article","og_title":"Microsoft Ads Credit Card","og_description":"Buy Microsoft Ads Credit Card for instant ad account funding and verification. Reliable virtual card solution for Microsoft Ads campaigns.","og_url":"https:\/\/cloakmyads.com\/tr\/satin-al\/microsoft-reklamlari-kredi-karti-bing-faturalandirma\/","og_site_name":"CloakMyAds","article_modified_time":"2025-11-08T14:41:47+00:00","og_image":[{"width":605,"height":400,"url":"https:\/\/cloakmyads.com\/wp-content\/uploads\/2025\/09\/google-ads-credit-cards.jpg","type":"image\/jpeg"}],"twitter_card":"summary_large_image","twitter_misc":{"Tahmini okuma s\u00fcresi":"1 dakika"},"schema":{"@context":"https:\/\/schema.org","@graph":[{"@type":"WebPage","@id":"https:\/\/cloakmyads.com\/buy\/microsoft-ads-credit-card-bing-billing\/","url":"https:\/\/cloakmyads.com\/buy\/microsoft-ads-credit-card-bing-billing\/","name":"Microsoft Ads Kredi Kart\u0131 Sat\u0131n Al\u0131n - Do\u011frulanm\u0131\u015f Sanal Kart","isPartOf":{"@id":"https:\/\/cloakmyads.com\/#website"},"primaryImageOfPage":{"@id":"https:\/\/cloakmyads.com\/buy\/microsoft-ads-credit-card-bing-billing\/#primaryimage"},"image":{"@id":"https:\/\/cloakmyads.com\/buy\/microsoft-ads-credit-card-bing-billing\/#primaryimage"},"thumbnailUrl":"https:\/\/cloakmyads.com\/wp-content\/uploads\/2025\/09\/google-ads-credit-cards.jpg","datePublished":"2025-09-22T11:25:39+00:00","dateModified":"2025-11-08T14:41:47+00:00","description":"An\u0131nda reklam hesab\u0131 finansman\u0131 ve do\u011frulamas\u0131 i\u00e7in Microsoft Ads Kredi Kart\u0131 sat\u0131n al\u0131n. Microsoft Ads kampanyalar\u0131 i\u00e7in g\u00fcvenilir sanal kart \u00e7\u00f6z\u00fcm\u00fc.","breadcrumb":{"@id":"https:\/\/cloakmyads.com\/buy\/microsoft-ads-credit-card-bing-billing\/#breadcrumb"},"inLanguage":"tr","potentialAction":[{"@type":"ReadAction","target":["https:\/\/cloakmyads.com\/buy\/microsoft-ads-credit-card-bing-billing\/"]}]},{"@type":"ImageObject","inLanguage":"tr","@id":"https:\/\/cloakmyads.com\/buy\/microsoft-ads-credit-card-bing-billing\/#primaryimage","url":"https:\/\/cloakmyads.com\/wp-content\/uploads\/2025\/09\/google-ads-credit-cards.jpg","contentUrl":"https:\/\/cloakmyads.com\/wp-content\/uploads\/2025\/09\/google-ads-credit-cards.jpg","width":605,"height":400,"caption":"Google Ads Credit Cards"},{"@type":"BreadcrumbList","@id":"https:\/\/cloakmyads.com\/buy\/microsoft-ads-credit-card-bing-billing\/#breadcrumb","itemListElement":[{"@type":"ListItem","position":1,"name":"Home","item":"https:\/\/cloakmyads.com\/"},{"@type":"ListItem","position":2,"name":"Shop","item":"https:\/\/cloakmyads.com\/ar\/%d9%85%d8%aa%d8%ac%d8%b1\/"},{"@type":"ListItem","position":3,"name":"Microsoft Ads Credit Card"}]},{"@type":"WebSite","@id":"https:\/\/cloakmyads.com\/#website","url":"https:\/\/cloakmyads.com\/","name":"CloakMyAds","description":"","publisher":{"@id":"https:\/\/cloakmyads.com\/#organization"},"potentialAction":[{"@type":"SearchAction","target":{"@type":"EntryPoint","urlTemplate":"https:\/\/cloakmyads.com\/?s={search_term_string}"},"query-input":{"@type":"PropertyValueSpecification","valueRequired":true,"valueName":"search_term_string"}}],"inLanguage":"tr"},{"@type":"Organization","@id":"https:\/\/cloakmyads.com\/#organization","name":"Google Ads Hesaplar\u0131 Sat\u0131n Al\u0131n","url":"https:\/\/cloakmyads.com\/","logo":{"@type":"ImageObject","inLanguage":"tr","@id":"https:\/\/cloakmyads.com\/#\/schema\/logo\/image\/","url":"https:\/\/cloakmyads.com\/wp-content\/uploads\/2025\/11\/fav-cloak.jpg","contentUrl":"https:\/\/cloakmyads.com\/wp-content\/uploads\/2025\/11\/fav-cloak.jpg","width":512,"height":512,"caption":"Buy Google Ads Accounts"},"image":{"@id":"https:\/\/cloakmyads.com\/#\/schema\/logo\/image\/"}}]}},"_links":{"self":[{"href":"https:\/\/cloakmyads.com\/tr\/wp-json\/wp\/v2\/product\/9546","targetHints":{"allow":["GET"]}}],"collection":[{"href":"https:\/\/cloakmyads.com\/tr\/wp-json\/wp\/v2\/product"}],"about":[{"href":"https:\/\/cloakmyads.com\/tr\/wp-json\/wp\/v2\/types\/product"}],"version-history":[{"count":2,"href":"https:\/\/cloakmyads.com\/tr\/wp-json\/wp\/v2\/product\/9546\/revisions"}],"predecessor-version":[{"id":9860,"href":"https:\/\/cloakmyads.com\/tr\/wp-json\/wp\/v2\/product\/9546\/revisions\/9860"}],"wp:featuredmedia":[{"embeddable":true,"href":"https:\/\/cloakmyads.com\/tr\/wp-json\/wp\/v2\/media\/9453"}],"wp:attachment":[{"href":"https:\/\/cloakmyads.com\/tr\/wp-json\/wp\/v2\/media?parent=9546"}],"wp:term":[{"taxonomy":"product_brand","embeddable":true,"href":"https:\/\/cloakmyads.com\/tr\/wp-json\/wp\/v2\/product_brand?post=9546"},{"taxonomy":"product_cat","embeddable":true,"href":"https:\/\/cloakmyads.com\/tr\/wp-json\/wp\/v2\/product_cat?post=9546"},{"taxonomy":"product_tag","embeddable":true,"href":"https:\/\/cloakmyads.com\/tr\/wp-json\/wp\/v2\/product_tag?post=9546"}],"curies":[{"name":"wp","href":"https:\/\/api.w.org\/{rel}","templated":true}]}}