{"id":9538,"date":"2025-09-22T11:48:49","date_gmt":"2025-09-22T10:48:49","guid":{"rendered":"https:\/\/cloakmyads.com\/?post_type=product&#038;p=9538"},"modified":"2025-11-08T09:42:18","modified_gmt":"2025-11-08T14:42:18","slug":"instagram-reklamlari-kredi-karti-faturalandirmasi","status":"publish","type":"product","link":"https:\/\/cloakmyads.com\/tr\/satin-al\/instagram-reklamlari-kredi-karti-faturalandirmasi\/","title":{"rendered":"Instagram Reklamlar\u0131 Kredi Kart\u0131"},"content":{"rendered":"<p data-start=\"741\" data-end=\"979\">Instagram Reklamlar\u0131nda kart reddinden veya i\u015faretli \u00f6demelerden b\u0131kt\u0131n\u0131z m\u0131? Bizim <strong data-start=\"808\" data-end=\"848\">Instagram faturaland\u0131rmaya haz\u0131r kredi kartlar\u0131<\/strong> Meta'n\u0131n do\u011frulama katmanlar\u0131n\u0131 ge\u00e7mek i\u00e7in \u00f6zel olarak yap\u0131land\u0131r\u0131lm\u0131\u015ft\u0131r - size ger\u00e7ekten \u00e7al\u0131\u015fan, sorunsuz ve g\u00fcvenli bir faturaland\u0131rma y\u00f6ntemi sunar.<\/p>\n<p data-start=\"981\" data-end=\"1228\">Bu sanal MasterCard kredi kartlar\u0131 an\u0131nda kredi kart\u0131n\u0131za eklenebilir. <strong data-start=\"1050\" data-end=\"1070\">Meta Reklam Y\u00f6neticisi<\/strong> ve Instagram reklam hesab\u0131n\u0131za ba\u011flan\u0131r. Y\u00fcksek faturaland\u0131rma ba\u015far\u0131 oran\u0131yla, makaralar, hikayeler ve feed reklamlar\u0131 aras\u0131nda \u00fccretli trafi\u011fi \u00f6l\u00e7eklendiren herkes i\u00e7in idealdir.<\/p>\n<p data-start=\"1230\" data-end=\"1480\">Her kart a\u015fa\u011f\u0131dakiler i\u00e7in ge\u00e7erlidir <strong data-start=\"1253\" data-end=\"1264\">4 y\u0131l<\/strong> ve kendi faturaland\u0131rma ayr\u0131nt\u0131lar\u0131n\u0131zla tamamen \u00f6zelle\u015ftirilebilir. Kripto, PayPal, Revolut, Wise, Skrill ve daha fazlas\u0131 gibi h\u0131zl\u0131 ve esnek y\u00f6ntemleri kullanarak istedi\u011finiz zaman y\u00fckleme yapabilirsiniz - kampanyalar\u0131n\u0131z\u0131n g\u00fcn\u00fcn her saati finanse edilmesini sa\u011flar.<\/p>\n<p data-start=\"1482\" data-end=\"1656\">\u0130\u00e7in m\u00fckemmel <strong data-start=\"1494\" data-end=\"1564\">dropshipper'lar, influencer'lar, ba\u011fl\u0131 kurulu\u015f pazarlamac\u0131lar\u0131 ve marka y\u00f6neticileri<\/strong> bahaneler olmadan \u00e7al\u0131\u015fan faturaland\u0131rmaya ihtiya\u00e7 duyanlar. Rastgele reddetme yok. Kesinti yok. Sadece sonu\u00e7.<\/p>","protected":false},"excerpt":{"rendered":"<p>Instagram Reklamlar\u0131 faturaland\u0131rmas\u0131 i\u00e7in olu\u015fturulmu\u015f do\u011frulanm\u0131\u015f kredi kartlar\u0131 - tamamen \u00f6nceden y\u00fcklenmi\u015f, medya al\u0131c\u0131lar\u0131 taraf\u0131ndan g\u00fcvenilen ve kampanyalar\u0131n\u0131za eklenmeye haz\u0131r.<\/p>","protected":false},"featured_media":9453,"template":"","meta":{"_acf_changed":false},"product_brand":[],"product_cat":[324],"product_tag":[],"class_list":{"0":"post-9538","1":"product","2":"type-product","3":"status-publish","4":"has-post-thumbnail","6":"product_cat-ads-credit-cards","8":"first","9":"instock","10":"purchasable","11":"product-type-simple"},"acf":[],"yoast_head":"<!-- This site is optimized with the Yoast SEO Premium plugin v26.6 (Yoast SEO v26.7) - https:\/\/yoast.com\/wordpress\/plugins\/seo\/ -->\n<title>Buy Instagram Ads Credit Card \u2013 Verified Virtual Card<\/title>\n<meta name=\"description\" content=\"Buy Instagram Ads Credit Card for fast ad account verification and campaign funding. Reliable virtual card solution for Instagram Ads.\" \/>\n<meta name=\"robots\" content=\"index, follow, max-snippet:-1, max-image-preview:large, max-video-preview:-1\" \/>\n<link rel=\"canonical\" href=\"https:\/\/cloakmyads.com\/tr\/satin-al\/instagram-reklamlari-kredi-karti-faturalandirmasi\/\" \/>\n<meta property=\"og:locale\" content=\"tr_TR\" \/>\n<meta property=\"og:type\" content=\"article\" \/>\n<meta property=\"og:title\" content=\"Instagram Ads Credit Card\" \/>\n<meta property=\"og:description\" content=\"Buy Instagram Ads Credit Card for fast ad account verification and campaign funding. Reliable virtual card solution for Instagram Ads.\" \/>\n<meta property=\"og:url\" content=\"https:\/\/cloakmyads.com\/tr\/satin-al\/instagram-reklamlari-kredi-karti-faturalandirmasi\/\" \/>\n<meta property=\"og:site_name\" content=\"CloakMyAds\" \/>\n<meta property=\"article:modified_time\" content=\"2025-11-08T14:42:18+00:00\" \/>\n<meta property=\"og:image\" content=\"https:\/\/cloakmyads.com\/wp-content\/uploads\/2025\/09\/google-ads-credit-cards.jpg\" \/>\n\t<meta property=\"og:image:width\" content=\"605\" \/>\n\t<meta property=\"og:image:height\" content=\"400\" \/>\n\t<meta property=\"og:image:type\" content=\"image\/jpeg\" \/>\n<meta name=\"twitter:card\" content=\"summary_large_image\" \/>\n<meta name=\"twitter:label1\" content=\"Tahmini okuma s\u00fcresi\" \/>\n\t<meta name=\"twitter:data1\" content=\"1 dakika\" \/>\n<script type=\"application\/ld+json\" class=\"yoast-schema-graph\">{\"@context\":\"https:\/\/schema.org\",\"@graph\":[{\"@type\":\"WebPage\",\"@id\":\"https:\/\/cloakmyads.com\/buy\/instagram-ads-credit-card-billing\/\",\"url\":\"https:\/\/cloakmyads.com\/buy\/instagram-ads-credit-card-billing\/\",\"name\":\"Buy Instagram Ads Credit Card \u2013 Verified Virtual Card\",\"isPartOf\":{\"@id\":\"https:\/\/cloakmyads.com\/#website\"},\"primaryImageOfPage\":{\"@id\":\"https:\/\/cloakmyads.com\/buy\/instagram-ads-credit-card-billing\/#primaryimage\"},\"image\":{\"@id\":\"https:\/\/cloakmyads.com\/buy\/instagram-ads-credit-card-billing\/#primaryimage\"},\"thumbnailUrl\":\"https:\/\/cloakmyads.com\/wp-content\/uploads\/2025\/09\/google-ads-credit-cards.jpg\",\"datePublished\":\"2025-09-22T10:48:49+00:00\",\"dateModified\":\"2025-11-08T14:42:18+00:00\",\"description\":\"Buy Instagram Ads Credit Card for fast ad account verification and campaign funding. Reliable virtual card solution for Instagram Ads.\",\"breadcrumb\":{\"@id\":\"https:\/\/cloakmyads.com\/buy\/instagram-ads-credit-card-billing\/#breadcrumb\"},\"inLanguage\":\"tr\",\"potentialAction\":[{\"@type\":\"ReadAction\",\"target\":[\"https:\/\/cloakmyads.com\/buy\/instagram-ads-credit-card-billing\/\"]}]},{\"@type\":\"ImageObject\",\"inLanguage\":\"tr\",\"@id\":\"https:\/\/cloakmyads.com\/buy\/instagram-ads-credit-card-billing\/#primaryimage\",\"url\":\"https:\/\/cloakmyads.com\/wp-content\/uploads\/2025\/09\/google-ads-credit-cards.jpg\",\"contentUrl\":\"https:\/\/cloakmyads.com\/wp-content\/uploads\/2025\/09\/google-ads-credit-cards.jpg\",\"width\":605,\"height\":400,\"caption\":\"Google Ads Credit Cards\"},{\"@type\":\"BreadcrumbList\",\"@id\":\"https:\/\/cloakmyads.com\/buy\/instagram-ads-credit-card-billing\/#breadcrumb\",\"itemListElement\":[{\"@type\":\"ListItem\",\"position\":1,\"name\":\"Home\",\"item\":\"https:\/\/cloakmyads.com\/\"},{\"@type\":\"ListItem\",\"position\":2,\"name\":\"Shop\",\"item\":\"https:\/\/cloakmyads.com\/ar\/%d9%85%d8%aa%d8%ac%d8%b1\/\"},{\"@type\":\"ListItem\",\"position\":3,\"name\":\"Instagram Ads Credit Card\"}]},{\"@type\":\"WebSite\",\"@id\":\"https:\/\/cloakmyads.com\/#website\",\"url\":\"https:\/\/cloakmyads.com\/\",\"name\":\"CloakMyAds\",\"description\":\"\",\"publisher\":{\"@id\":\"https:\/\/cloakmyads.com\/#organization\"},\"potentialAction\":[{\"@type\":\"SearchAction\",\"target\":{\"@type\":\"EntryPoint\",\"urlTemplate\":\"https:\/\/cloakmyads.com\/?s={search_term_string}\"},\"query-input\":{\"@type\":\"PropertyValueSpecification\",\"valueRequired\":true,\"valueName\":\"search_term_string\"}}],\"inLanguage\":\"tr\"},{\"@type\":\"Organization\",\"@id\":\"https:\/\/cloakmyads.com\/#organization\",\"name\":\"Buy Google Ads Accounts\",\"url\":\"https:\/\/cloakmyads.com\/\",\"logo\":{\"@type\":\"ImageObject\",\"inLanguage\":\"tr\",\"@id\":\"https:\/\/cloakmyads.com\/#\/schema\/logo\/image\/\",\"url\":\"https:\/\/cloakmyads.com\/wp-content\/uploads\/2025\/11\/fav-cloak.jpg\",\"contentUrl\":\"https:\/\/cloakmyads.com\/wp-content\/uploads\/2025\/11\/fav-cloak.jpg\",\"width\":512,\"height\":512,\"caption\":\"Buy Google Ads Accounts\"},\"image\":{\"@id\":\"https:\/\/cloakmyads.com\/#\/schema\/logo\/image\/\"}}]}<\/script>\n<!-- \/ Yoast SEO Premium plugin. -->","yoast_head_json":{"title":"Instagram Reklamlar\u0131 Kredi Kart\u0131 Sat\u0131n Al\u0131n - Do\u011frulanm\u0131\u015f Sanal Kart","description":"H\u0131zl\u0131 reklam hesab\u0131 do\u011frulama ve kampanya finansman\u0131 i\u00e7in Instagram Reklamlar\u0131 Kredi Kart\u0131 sat\u0131n al\u0131n. Instagram Reklamlar\u0131 i\u00e7in g\u00fcvenilir sanal kart \u00e7\u00f6z\u00fcm\u00fc.","robots":{"index":"index","follow":"follow","max-snippet":"max-snippet:-1","max-image-preview":"max-image-preview:large","max-video-preview":"max-video-preview:-1"},"canonical":"https:\/\/cloakmyads.com\/tr\/satin-al\/instagram-reklamlari-kredi-karti-faturalandirmasi\/","og_locale":"tr_TR","og_type":"article","og_title":"Instagram Ads Credit Card","og_description":"Buy Instagram Ads Credit Card for fast ad account verification and campaign funding. Reliable virtual card solution for Instagram Ads.","og_url":"https:\/\/cloakmyads.com\/tr\/satin-al\/instagram-reklamlari-kredi-karti-faturalandirmasi\/","og_site_name":"CloakMyAds","article_modified_time":"2025-11-08T14:42:18+00:00","og_image":[{"width":605,"height":400,"url":"https:\/\/cloakmyads.com\/wp-content\/uploads\/2025\/09\/google-ads-credit-cards.jpg","type":"image\/jpeg"}],"twitter_card":"summary_large_image","twitter_misc":{"Tahmini okuma s\u00fcresi":"1 dakika"},"schema":{"@context":"https:\/\/schema.org","@graph":[{"@type":"WebPage","@id":"https:\/\/cloakmyads.com\/buy\/instagram-ads-credit-card-billing\/","url":"https:\/\/cloakmyads.com\/buy\/instagram-ads-credit-card-billing\/","name":"Instagram Reklamlar\u0131 Kredi Kart\u0131 Sat\u0131n Al\u0131n - Do\u011frulanm\u0131\u015f Sanal Kart","isPartOf":{"@id":"https:\/\/cloakmyads.com\/#website"},"primaryImageOfPage":{"@id":"https:\/\/cloakmyads.com\/buy\/instagram-ads-credit-card-billing\/#primaryimage"},"image":{"@id":"https:\/\/cloakmyads.com\/buy\/instagram-ads-credit-card-billing\/#primaryimage"},"thumbnailUrl":"https:\/\/cloakmyads.com\/wp-content\/uploads\/2025\/09\/google-ads-credit-cards.jpg","datePublished":"2025-09-22T10:48:49+00:00","dateModified":"2025-11-08T14:42:18+00:00","description":"H\u0131zl\u0131 reklam hesab\u0131 do\u011frulama ve kampanya finansman\u0131 i\u00e7in Instagram Reklamlar\u0131 Kredi Kart\u0131 sat\u0131n al\u0131n. Instagram Reklamlar\u0131 i\u00e7in g\u00fcvenilir sanal kart \u00e7\u00f6z\u00fcm\u00fc.","breadcrumb":{"@id":"https:\/\/cloakmyads.com\/buy\/instagram-ads-credit-card-billing\/#breadcrumb"},"inLanguage":"tr","potentialAction":[{"@type":"ReadAction","target":["https:\/\/cloakmyads.com\/buy\/instagram-ads-credit-card-billing\/"]}]},{"@type":"ImageObject","inLanguage":"tr","@id":"https:\/\/cloakmyads.com\/buy\/instagram-ads-credit-card-billing\/#primaryimage","url":"https:\/\/cloakmyads.com\/wp-content\/uploads\/2025\/09\/google-ads-credit-cards.jpg","contentUrl":"https:\/\/cloakmyads.com\/wp-content\/uploads\/2025\/09\/google-ads-credit-cards.jpg","width":605,"height":400,"caption":"Google Ads Credit Cards"},{"@type":"BreadcrumbList","@id":"https:\/\/cloakmyads.com\/buy\/instagram-ads-credit-card-billing\/#breadcrumb","itemListElement":[{"@type":"ListItem","position":1,"name":"Home","item":"https:\/\/cloakmyads.com\/"},{"@type":"ListItem","position":2,"name":"Shop","item":"https:\/\/cloakmyads.com\/ar\/%d9%85%d8%aa%d8%ac%d8%b1\/"},{"@type":"ListItem","position":3,"name":"Instagram Ads Credit Card"}]},{"@type":"WebSite","@id":"https:\/\/cloakmyads.com\/#website","url":"https:\/\/cloakmyads.com\/","name":"CloakMyAds","description":"","publisher":{"@id":"https:\/\/cloakmyads.com\/#organization"},"potentialAction":[{"@type":"SearchAction","target":{"@type":"EntryPoint","urlTemplate":"https:\/\/cloakmyads.com\/?s={search_term_string}"},"query-input":{"@type":"PropertyValueSpecification","valueRequired":true,"valueName":"search_term_string"}}],"inLanguage":"tr"},{"@type":"Organization","@id":"https:\/\/cloakmyads.com\/#organization","name":"Google Ads Hesaplar\u0131 Sat\u0131n Al\u0131n","url":"https:\/\/cloakmyads.com\/","logo":{"@type":"ImageObject","inLanguage":"tr","@id":"https:\/\/cloakmyads.com\/#\/schema\/logo\/image\/","url":"https:\/\/cloakmyads.com\/wp-content\/uploads\/2025\/11\/fav-cloak.jpg","contentUrl":"https:\/\/cloakmyads.com\/wp-content\/uploads\/2025\/11\/fav-cloak.jpg","width":512,"height":512,"caption":"Buy Google Ads Accounts"},"image":{"@id":"https:\/\/cloakmyads.com\/#\/schema\/logo\/image\/"}}]}},"_links":{"self":[{"href":"https:\/\/cloakmyads.com\/tr\/wp-json\/wp\/v2\/product\/9538","targetHints":{"allow":["GET"]}}],"collection":[{"href":"https:\/\/cloakmyads.com\/tr\/wp-json\/wp\/v2\/product"}],"about":[{"href":"https:\/\/cloakmyads.com\/tr\/wp-json\/wp\/v2\/types\/product"}],"version-history":[{"count":2,"href":"https:\/\/cloakmyads.com\/tr\/wp-json\/wp\/v2\/product\/9538\/revisions"}],"predecessor-version":[{"id":9864,"href":"https:\/\/cloakmyads.com\/tr\/wp-json\/wp\/v2\/product\/9538\/revisions\/9864"}],"wp:featuredmedia":[{"embeddable":true,"href":"https:\/\/cloakmyads.com\/tr\/wp-json\/wp\/v2\/media\/9453"}],"wp:attachment":[{"href":"https:\/\/cloakmyads.com\/tr\/wp-json\/wp\/v2\/media?parent=9538"}],"wp:term":[{"taxonomy":"product_brand","embeddable":true,"href":"https:\/\/cloakmyads.com\/tr\/wp-json\/wp\/v2\/product_brand?post=9538"},{"taxonomy":"product_cat","embeddable":true,"href":"https:\/\/cloakmyads.com\/tr\/wp-json\/wp\/v2\/product_cat?post=9538"},{"taxonomy":"product_tag","embeddable":true,"href":"https:\/\/cloakmyads.com\/tr\/wp-json\/wp\/v2\/product_tag?post=9538"}],"curies":[{"name":"wp","href":"https:\/\/api.w.org\/{rel}","templated":true}]}}