{"id":9531,"date":"2025-09-21T16:22:50","date_gmt":"2025-09-21T15:22:50","guid":{"rendered":"https:\/\/cloakmyads.com\/?post_type=product&#038;p=9531"},"modified":"2025-11-08T09:42:34","modified_gmt":"2025-11-08T14:42:34","slug":"facebook-reklamlari-kredi-kartlari-faturalandirma","status":"publish","type":"product","link":"https:\/\/cloakmyads.com\/tr\/satin-al\/facebook-reklamlari-kredi-kartlari-faturalandirma\/","title":{"rendered":"Facebook Reklamlar\u0131 Kredi Kart\u0131"},"content":{"rendered":"<p data-start=\"242\" data-end=\"428\">G\u00fcvenilir birini ar\u0131yorum <strong data-start=\"533\" data-end=\"564\">Facebook Reklamlar\u0131 faturaland\u0131rma y\u00f6ntemi<\/strong>? \u00d6nceden y\u00fcklenmi\u015f ve do\u011frulanm\u0131\u015f <strong data-start=\"593\" data-end=\"626\">Facebook Reklamlar\u0131 i\u00e7in kredi kartlar\u0131<\/strong> reklamverenlerin g\u00fcvenilir olmayan kartlar\u0131n neden oldu\u011fu \u00f6deme hatalar\u0131n\u0131, \u015f\u00fcpheli etkinlik i\u015faretlerini ve hesap dondurmalar\u0131n\u0131 \u00f6nlemelerine yard\u0131mc\u0131 olmak i\u00e7in olu\u015fturulmu\u015ftur.<\/p>\n<p data-start=\"242\" data-end=\"428\">Eri\u015fim sa\u011flay\u0131n <strong data-start=\"818\" data-end=\"872\">Facebook Reklamlar\u0131na haz\u0131r premium MasterCard kredi kartlar\u0131<\/strong> k\u00fcresel olarak \u00e7al\u0131\u015fan. Bu kartlar Facebook \u0130\u015fletme Y\u00f6neticinize do\u011frulanm\u0131\u015f \u00f6deme y\u00f6ntemleri olarak eklenebilir ve kampanyalar\u0131 an\u0131nda finanse etmeye haz\u0131rd\u0131r - reddedilme veya do\u011frulama d\u00f6ng\u00fcs\u00fc yoktur.<\/p>\n<p data-start=\"430\" data-end=\"620\">Her kart\u0131n \u00fczerinde bir <strong data-start=\"1124\" data-end=\"1143\">4 y\u0131l ge\u00e7erlilik<\/strong> ve se\u00e7ti\u011finiz fatura ad\u0131, adresi ve konumu ile tamamen kaydedilebilir. Kripto, PayPal, Revolut ve daha fazlas\u0131 dahil olmak \u00fczere birden fazla \u00f6deme y\u00f6ntemi kullanarak do\u011frudan platformumuz arac\u0131l\u0131\u011f\u0131yla para ekleyebilir ve ihtiyac\u0131n\u0131z oldu\u011funda reklam harcamalar\u0131na h\u0131zl\u0131 eri\u015fim sa\u011flayabilirsiniz.<\/p>\n<p data-start=\"430\" data-end=\"620\">Bu kartlar a\u015fa\u011f\u0131dakiler i\u00e7in idealdir <strong data-start=\"1474\" data-end=\"1512\">medya al\u0131c\u0131lar\u0131, ajanslar, i\u015ftirakler<\/strong>, ve b\u00fcy\u00fck \u00f6l\u00e7ekli Facebook kampanyalar\u0131n\u0131 y\u00f6neten herkes. \u0130ster yeni teklifleri test ediyor, ister kazanan reklam \u00f6\u011felerini \u00f6l\u00e7eklendiriyor veya birden fazla reklam hesab\u0131n\u0131 y\u00f6netiyor olun, kartlar\u0131m\u0131z sorunsuz ve g\u00fcvenilir faturaland\u0131rma performans\u0131 sunar.<\/p>","protected":false},"excerpt":{"rendered":"<p>Facebook Reklamlar\u0131 faturaland\u0131rmas\u0131 i\u00e7in optimize edilmi\u015f do\u011frulanm\u0131\u015f kredi kartlar\u0131 - g\u00fcvenilir, \u00f6nceden y\u00fcklenmi\u015f ve ge\u00e7mek i\u00e7in \u00fcretilmi\u015ftir.<\/p>","protected":false},"featured_media":9453,"template":"","meta":{"_acf_changed":false},"product_brand":[],"product_cat":[324],"product_tag":[],"class_list":{"0":"post-9531","1":"product","2":"type-product","3":"status-publish","4":"has-post-thumbnail","6":"product_cat-ads-credit-cards","8":"first","9":"instock","10":"purchasable","11":"product-type-simple"},"acf":[],"yoast_head":"<!-- This site is optimized with the Yoast SEO Premium plugin v26.6 (Yoast SEO v26.7) - https:\/\/yoast.com\/wordpress\/plugins\/seo\/ -->\n<title>Buy Facebook Ads Credit Card \u2013 Verified Virtual Card<\/title>\n<meta name=\"description\" content=\"Buy Facebook Ads Credit Card for fast account verification and campaign payments. Trusted virtual card solution for Facebook Ads.\" \/>\n<meta name=\"robots\" content=\"index, follow, max-snippet:-1, max-image-preview:large, max-video-preview:-1\" \/>\n<link rel=\"canonical\" href=\"https:\/\/cloakmyads.com\/tr\/satin-al\/facebook-reklamlari-kredi-kartlari-faturalandirma\/\" \/>\n<meta property=\"og:locale\" content=\"tr_TR\" \/>\n<meta property=\"og:type\" content=\"article\" \/>\n<meta property=\"og:title\" content=\"Facebook Ads Credit Card\" \/>\n<meta property=\"og:description\" content=\"Buy Facebook Ads Credit Card for fast account verification and campaign payments. Trusted virtual card solution for Facebook Ads.\" \/>\n<meta property=\"og:url\" content=\"https:\/\/cloakmyads.com\/tr\/satin-al\/facebook-reklamlari-kredi-kartlari-faturalandirma\/\" \/>\n<meta property=\"og:site_name\" content=\"CloakMyAds\" \/>\n<meta property=\"article:modified_time\" content=\"2025-11-08T14:42:34+00:00\" \/>\n<meta property=\"og:image\" content=\"https:\/\/cloakmyads.com\/wp-content\/uploads\/2025\/09\/google-ads-credit-cards.jpg\" \/>\n\t<meta property=\"og:image:width\" content=\"605\" \/>\n\t<meta property=\"og:image:height\" content=\"400\" \/>\n\t<meta property=\"og:image:type\" content=\"image\/jpeg\" \/>\n<meta name=\"twitter:card\" content=\"summary_large_image\" \/>\n<meta name=\"twitter:label1\" content=\"Tahmini okuma s\u00fcresi\" \/>\n\t<meta name=\"twitter:data1\" content=\"1 dakika\" \/>\n<script type=\"application\/ld+json\" class=\"yoast-schema-graph\">{\"@context\":\"https:\/\/schema.org\",\"@graph\":[{\"@type\":\"WebPage\",\"@id\":\"https:\/\/cloakmyads.com\/buy\/facebook-ads-credit-cards-billing\/\",\"url\":\"https:\/\/cloakmyads.com\/buy\/facebook-ads-credit-cards-billing\/\",\"name\":\"Buy Facebook Ads Credit Card \u2013 Verified Virtual Card\",\"isPartOf\":{\"@id\":\"https:\/\/cloakmyads.com\/#website\"},\"primaryImageOfPage\":{\"@id\":\"https:\/\/cloakmyads.com\/buy\/facebook-ads-credit-cards-billing\/#primaryimage\"},\"image\":{\"@id\":\"https:\/\/cloakmyads.com\/buy\/facebook-ads-credit-cards-billing\/#primaryimage\"},\"thumbnailUrl\":\"https:\/\/cloakmyads.com\/wp-content\/uploads\/2025\/09\/google-ads-credit-cards.jpg\",\"datePublished\":\"2025-09-21T15:22:50+00:00\",\"dateModified\":\"2025-11-08T14:42:34+00:00\",\"description\":\"Buy Facebook Ads Credit Card for fast account verification and campaign payments. Trusted virtual card solution for Facebook Ads.\",\"breadcrumb\":{\"@id\":\"https:\/\/cloakmyads.com\/buy\/facebook-ads-credit-cards-billing\/#breadcrumb\"},\"inLanguage\":\"tr\",\"potentialAction\":[{\"@type\":\"ReadAction\",\"target\":[\"https:\/\/cloakmyads.com\/buy\/facebook-ads-credit-cards-billing\/\"]}]},{\"@type\":\"ImageObject\",\"inLanguage\":\"tr\",\"@id\":\"https:\/\/cloakmyads.com\/buy\/facebook-ads-credit-cards-billing\/#primaryimage\",\"url\":\"https:\/\/cloakmyads.com\/wp-content\/uploads\/2025\/09\/google-ads-credit-cards.jpg\",\"contentUrl\":\"https:\/\/cloakmyads.com\/wp-content\/uploads\/2025\/09\/google-ads-credit-cards.jpg\",\"width\":605,\"height\":400,\"caption\":\"Google Ads Credit Cards\"},{\"@type\":\"BreadcrumbList\",\"@id\":\"https:\/\/cloakmyads.com\/buy\/facebook-ads-credit-cards-billing\/#breadcrumb\",\"itemListElement\":[{\"@type\":\"ListItem\",\"position\":1,\"name\":\"Home\",\"item\":\"https:\/\/cloakmyads.com\/\"},{\"@type\":\"ListItem\",\"position\":2,\"name\":\"Shop\",\"item\":\"https:\/\/cloakmyads.com\/ar\/%d9%85%d8%aa%d8%ac%d8%b1\/\"},{\"@type\":\"ListItem\",\"position\":3,\"name\":\"Facebook Ads Credit Card\"}]},{\"@type\":\"WebSite\",\"@id\":\"https:\/\/cloakmyads.com\/#website\",\"url\":\"https:\/\/cloakmyads.com\/\",\"name\":\"CloakMyAds\",\"description\":\"\",\"publisher\":{\"@id\":\"https:\/\/cloakmyads.com\/#organization\"},\"potentialAction\":[{\"@type\":\"SearchAction\",\"target\":{\"@type\":\"EntryPoint\",\"urlTemplate\":\"https:\/\/cloakmyads.com\/?s={search_term_string}\"},\"query-input\":{\"@type\":\"PropertyValueSpecification\",\"valueRequired\":true,\"valueName\":\"search_term_string\"}}],\"inLanguage\":\"tr\"},{\"@type\":\"Organization\",\"@id\":\"https:\/\/cloakmyads.com\/#organization\",\"name\":\"Buy Google Ads Accounts\",\"url\":\"https:\/\/cloakmyads.com\/\",\"logo\":{\"@type\":\"ImageObject\",\"inLanguage\":\"tr\",\"@id\":\"https:\/\/cloakmyads.com\/#\/schema\/logo\/image\/\",\"url\":\"https:\/\/cloakmyads.com\/wp-content\/uploads\/2025\/11\/fav-cloak.jpg\",\"contentUrl\":\"https:\/\/cloakmyads.com\/wp-content\/uploads\/2025\/11\/fav-cloak.jpg\",\"width\":512,\"height\":512,\"caption\":\"Buy Google Ads Accounts\"},\"image\":{\"@id\":\"https:\/\/cloakmyads.com\/#\/schema\/logo\/image\/\"}}]}<\/script>\n<!-- \/ Yoast SEO Premium plugin. -->","yoast_head_json":{"title":"Facebook Reklamlar\u0131 Kredi Kart\u0131 Sat\u0131n Al\u0131n - Do\u011frulanm\u0131\u015f Sanal Kart","description":"H\u0131zl\u0131 hesap do\u011frulama ve kampanya \u00f6demeleri i\u00e7in Facebook Ads Kredi Kart\u0131 sat\u0131n al\u0131n. Facebook Reklamlar\u0131 i\u00e7in g\u00fcvenilir sanal kart \u00e7\u00f6z\u00fcm\u00fc.","robots":{"index":"index","follow":"follow","max-snippet":"max-snippet:-1","max-image-preview":"max-image-preview:large","max-video-preview":"max-video-preview:-1"},"canonical":"https:\/\/cloakmyads.com\/tr\/satin-al\/facebook-reklamlari-kredi-kartlari-faturalandirma\/","og_locale":"tr_TR","og_type":"article","og_title":"Facebook Ads Credit Card","og_description":"Buy Facebook Ads Credit Card for fast account verification and campaign payments. Trusted virtual card solution for Facebook Ads.","og_url":"https:\/\/cloakmyads.com\/tr\/satin-al\/facebook-reklamlari-kredi-kartlari-faturalandirma\/","og_site_name":"CloakMyAds","article_modified_time":"2025-11-08T14:42:34+00:00","og_image":[{"width":605,"height":400,"url":"https:\/\/cloakmyads.com\/wp-content\/uploads\/2025\/09\/google-ads-credit-cards.jpg","type":"image\/jpeg"}],"twitter_card":"summary_large_image","twitter_misc":{"Tahmini okuma s\u00fcresi":"1 dakika"},"schema":{"@context":"https:\/\/schema.org","@graph":[{"@type":"WebPage","@id":"https:\/\/cloakmyads.com\/buy\/facebook-ads-credit-cards-billing\/","url":"https:\/\/cloakmyads.com\/buy\/facebook-ads-credit-cards-billing\/","name":"Facebook Reklamlar\u0131 Kredi Kart\u0131 Sat\u0131n Al\u0131n - Do\u011frulanm\u0131\u015f Sanal Kart","isPartOf":{"@id":"https:\/\/cloakmyads.com\/#website"},"primaryImageOfPage":{"@id":"https:\/\/cloakmyads.com\/buy\/facebook-ads-credit-cards-billing\/#primaryimage"},"image":{"@id":"https:\/\/cloakmyads.com\/buy\/facebook-ads-credit-cards-billing\/#primaryimage"},"thumbnailUrl":"https:\/\/cloakmyads.com\/wp-content\/uploads\/2025\/09\/google-ads-credit-cards.jpg","datePublished":"2025-09-21T15:22:50+00:00","dateModified":"2025-11-08T14:42:34+00:00","description":"H\u0131zl\u0131 hesap do\u011frulama ve kampanya \u00f6demeleri i\u00e7in Facebook Ads Kredi Kart\u0131 sat\u0131n al\u0131n. Facebook Reklamlar\u0131 i\u00e7in g\u00fcvenilir sanal kart \u00e7\u00f6z\u00fcm\u00fc.","breadcrumb":{"@id":"https:\/\/cloakmyads.com\/buy\/facebook-ads-credit-cards-billing\/#breadcrumb"},"inLanguage":"tr","potentialAction":[{"@type":"ReadAction","target":["https:\/\/cloakmyads.com\/buy\/facebook-ads-credit-cards-billing\/"]}]},{"@type":"ImageObject","inLanguage":"tr","@id":"https:\/\/cloakmyads.com\/buy\/facebook-ads-credit-cards-billing\/#primaryimage","url":"https:\/\/cloakmyads.com\/wp-content\/uploads\/2025\/09\/google-ads-credit-cards.jpg","contentUrl":"https:\/\/cloakmyads.com\/wp-content\/uploads\/2025\/09\/google-ads-credit-cards.jpg","width":605,"height":400,"caption":"Google Ads Credit Cards"},{"@type":"BreadcrumbList","@id":"https:\/\/cloakmyads.com\/buy\/facebook-ads-credit-cards-billing\/#breadcrumb","itemListElement":[{"@type":"ListItem","position":1,"name":"Home","item":"https:\/\/cloakmyads.com\/"},{"@type":"ListItem","position":2,"name":"Shop","item":"https:\/\/cloakmyads.com\/ar\/%d9%85%d8%aa%d8%ac%d8%b1\/"},{"@type":"ListItem","position":3,"name":"Facebook Ads Credit Card"}]},{"@type":"WebSite","@id":"https:\/\/cloakmyads.com\/#website","url":"https:\/\/cloakmyads.com\/","name":"CloakMyAds","description":"","publisher":{"@id":"https:\/\/cloakmyads.com\/#organization"},"potentialAction":[{"@type":"SearchAction","target":{"@type":"EntryPoint","urlTemplate":"https:\/\/cloakmyads.com\/?s={search_term_string}"},"query-input":{"@type":"PropertyValueSpecification","valueRequired":true,"valueName":"search_term_string"}}],"inLanguage":"tr"},{"@type":"Organization","@id":"https:\/\/cloakmyads.com\/#organization","name":"Google Ads Hesaplar\u0131 Sat\u0131n Al\u0131n","url":"https:\/\/cloakmyads.com\/","logo":{"@type":"ImageObject","inLanguage":"tr","@id":"https:\/\/cloakmyads.com\/#\/schema\/logo\/image\/","url":"https:\/\/cloakmyads.com\/wp-content\/uploads\/2025\/11\/fav-cloak.jpg","contentUrl":"https:\/\/cloakmyads.com\/wp-content\/uploads\/2025\/11\/fav-cloak.jpg","width":512,"height":512,"caption":"Buy Google Ads Accounts"},"image":{"@id":"https:\/\/cloakmyads.com\/#\/schema\/logo\/image\/"}}]}},"_links":{"self":[{"href":"https:\/\/cloakmyads.com\/tr\/wp-json\/wp\/v2\/product\/9531","targetHints":{"allow":["GET"]}}],"collection":[{"href":"https:\/\/cloakmyads.com\/tr\/wp-json\/wp\/v2\/product"}],"about":[{"href":"https:\/\/cloakmyads.com\/tr\/wp-json\/wp\/v2\/types\/product"}],"version-history":[{"count":5,"href":"https:\/\/cloakmyads.com\/tr\/wp-json\/wp\/v2\/product\/9531\/revisions"}],"predecessor-version":[{"id":9866,"href":"https:\/\/cloakmyads.com\/tr\/wp-json\/wp\/v2\/product\/9531\/revisions\/9866"}],"wp:featuredmedia":[{"embeddable":true,"href":"https:\/\/cloakmyads.com\/tr\/wp-json\/wp\/v2\/media\/9453"}],"wp:attachment":[{"href":"https:\/\/cloakmyads.com\/tr\/wp-json\/wp\/v2\/media?parent=9531"}],"wp:term":[{"taxonomy":"product_brand","embeddable":true,"href":"https:\/\/cloakmyads.com\/tr\/wp-json\/wp\/v2\/product_brand?post=9531"},{"taxonomy":"product_cat","embeddable":true,"href":"https:\/\/cloakmyads.com\/tr\/wp-json\/wp\/v2\/product_cat?post=9531"},{"taxonomy":"product_tag","embeddable":true,"href":"https:\/\/cloakmyads.com\/tr\/wp-json\/wp\/v2\/product_tag?post=9531"}],"curies":[{"name":"wp","href":"https:\/\/api.w.org\/{rel}","templated":true}]}}