{"id":9452,"date":"2025-09-21T13:44:46","date_gmt":"2025-09-21T12:44:46","guid":{"rendered":"https:\/\/cloakmyads.com\/?post_type=product&#038;p=9452"},"modified":"2025-11-08T09:42:42","modified_gmt":"2025-11-08T14:42:42","slug":"google-reklamlari-kredi-karti-faturalandirmasi","status":"publish","type":"product","link":"https:\/\/cloakmyads.com\/tr\/satin-al\/google-reklamlari-kredi-karti-faturalandirmasi\/","title":{"rendered":"Google Ads Kredi Kart\u0131"},"content":{"rendered":"<p data-start=\"242\" data-end=\"428\">G\u00fcvenilir bir <strong data-start=\"744\" data-end=\"773\">Google Ads faturaland\u0131rma y\u00f6ntemi<\/strong>? \u00d6nceden y\u00fcklenmi\u015f ve do\u011frulanm\u0131\u015f <strong data-start=\"802\" data-end=\"833\">Google Reklamlar\u0131 i\u00e7in kredi kartlar\u0131<\/strong> reklamverenlerin ba\u015far\u0131s\u0131z \u00f6demelerden, faturaland\u0131rma ask\u0131ya almalar\u0131ndan ve kart reddinden ka\u00e7\u0131nmalar\u0131na yard\u0131mc\u0131 olmak i\u00e7in tasarlanm\u0131\u015ft\u0131r.<\/p>\n<p data-start=\"242\" data-end=\"428\">Premium'a eri\u015fim sa\u011flay\u0131n <strong data-start=\"264\" data-end=\"308\">Google Ads'e haz\u0131r MasterCard kredi kartlar\u0131<\/strong> d\u00fcnya \u00e7ap\u0131nda \u00e7al\u0131\u015fan. Bunlar\u0131 an\u0131nda do\u011frulanm\u0131\u015f \u00f6deme y\u00f6ntemleri olarak ekleyin ve faturaland\u0131rma sorunlar\u0131 olmadan kampanyalar y\u00fcr\u00fctmeye ba\u015flay\u0131n.<\/p>\n<p data-start=\"430\" data-end=\"620\">Her kart kendi fatura bilgilerinizle tamamen \u00f6zelle\u015ftirilebilir ve a\u015fa\u011f\u0131dakilerle birlikte gelir <strong data-start=\"507\" data-end=\"526\">4 y\u0131l ge\u00e7erlilik<\/strong>. Platformumuz arac\u0131l\u0131\u011f\u0131yla istedi\u011finiz zaman para y\u00fckleyin ve reklam harcamalar\u0131n\u0131z\u0131n kesintisiz devam etmesini sa\u011flay\u0131n.<\/p>\n<p data-start=\"430\" data-end=\"620\">Bu kartlar, rastgele reddedilme veya b\u00f6lge bazl\u0131 k\u0131s\u0131tlama riski olmadan g\u00fcvenilir bir faturaland\u0131rma \u00e7\u00f6z\u00fcm\u00fcne ihtiya\u00e7 duyan reklamverenler, ajanslar ve bireyler i\u00e7in idealdir. \u0130ster yeni kampanyalar ba\u015flat\u0131yor ister mevcut kampanyalar\u0131 \u00f6l\u00e7eklendiriyor olun, kartlar\u0131m\u0131z konumunuz veya reklam harcamas\u0131 boyutunuz ne olursa olsun t\u00fcm Google Ads hesaplar\u0131nda sorunsuz i\u015flem yap\u0131lmas\u0131n\u0131 sa\u011flar.<\/p>","protected":false},"excerpt":{"rendered":"<p>Google Ads faturaland\u0131rmas\u0131 i\u00e7in optimize edilmi\u015f do\u011frulanm\u0131\u015f kredi kartlar\u0131 - g\u00fcvenilir, \u00f6nceden y\u00fcklenmi\u015f ve \u00e7al\u0131\u015fmaya haz\u0131r.<\/p>","protected":false},"featured_media":9453,"template":"","meta":{"_acf_changed":false},"product_brand":[],"product_cat":[324],"product_tag":[],"class_list":{"0":"post-9452","1":"product","2":"type-product","3":"status-publish","4":"has-post-thumbnail","6":"product_cat-ads-credit-cards","8":"first","9":"instock","10":"purchasable","11":"product-type-simple"},"acf":[],"yoast_head":"<!-- This site is optimized with the Yoast SEO Premium plugin v26.6 (Yoast SEO v26.7) - https:\/\/yoast.com\/wordpress\/plugins\/seo\/ -->\n<title>Buy Google Ads Credit Card \u2013 Verified Virtual Card<\/title>\n<meta name=\"description\" content=\"Buy Google Ads Credit Card for quick account verification and campaign funding. Trusted virtual card solution for Google Ads.\" \/>\n<meta name=\"robots\" content=\"index, follow, max-snippet:-1, max-image-preview:large, max-video-preview:-1\" \/>\n<link rel=\"canonical\" href=\"https:\/\/cloakmyads.com\/tr\/satin-al\/google-reklamlari-kredi-karti-faturalandirmasi\/\" \/>\n<meta property=\"og:locale\" content=\"tr_TR\" \/>\n<meta property=\"og:type\" content=\"article\" \/>\n<meta property=\"og:title\" content=\"Google Ads Credit Card\" \/>\n<meta property=\"og:description\" content=\"Buy Google Ads Credit Card for quick account verification and campaign funding. Trusted virtual card solution for Google Ads.\" \/>\n<meta property=\"og:url\" content=\"https:\/\/cloakmyads.com\/tr\/satin-al\/google-reklamlari-kredi-karti-faturalandirmasi\/\" \/>\n<meta property=\"og:site_name\" content=\"CloakMyAds\" \/>\n<meta property=\"article:modified_time\" content=\"2025-11-08T14:42:42+00:00\" \/>\n<meta property=\"og:image\" content=\"https:\/\/cloakmyads.com\/wp-content\/uploads\/2025\/09\/google-ads-credit-cards.jpg\" \/>\n\t<meta property=\"og:image:width\" content=\"605\" \/>\n\t<meta property=\"og:image:height\" content=\"400\" \/>\n\t<meta property=\"og:image:type\" content=\"image\/jpeg\" \/>\n<meta name=\"twitter:card\" content=\"summary_large_image\" \/>\n<meta name=\"twitter:label1\" content=\"Tahmini okuma s\u00fcresi\" \/>\n\t<meta name=\"twitter:data1\" content=\"1 dakika\" \/>\n<script type=\"application\/ld+json\" class=\"yoast-schema-graph\">{\"@context\":\"https:\/\/schema.org\",\"@graph\":[{\"@type\":\"WebPage\",\"@id\":\"https:\/\/cloakmyads.com\/buy\/google-ads-credt-card-billing\/\",\"url\":\"https:\/\/cloakmyads.com\/buy\/google-ads-credt-card-billing\/\",\"name\":\"Buy Google Ads Credit Card \u2013 Verified Virtual Card\",\"isPartOf\":{\"@id\":\"https:\/\/cloakmyads.com\/#website\"},\"primaryImageOfPage\":{\"@id\":\"https:\/\/cloakmyads.com\/buy\/google-ads-credt-card-billing\/#primaryimage\"},\"image\":{\"@id\":\"https:\/\/cloakmyads.com\/buy\/google-ads-credt-card-billing\/#primaryimage\"},\"thumbnailUrl\":\"https:\/\/cloakmyads.com\/wp-content\/uploads\/2025\/09\/google-ads-credit-cards.jpg\",\"datePublished\":\"2025-09-21T12:44:46+00:00\",\"dateModified\":\"2025-11-08T14:42:42+00:00\",\"description\":\"Buy Google Ads Credit Card for quick account verification and campaign funding. Trusted virtual card solution for Google Ads.\",\"breadcrumb\":{\"@id\":\"https:\/\/cloakmyads.com\/buy\/google-ads-credt-card-billing\/#breadcrumb\"},\"inLanguage\":\"tr\",\"potentialAction\":[{\"@type\":\"ReadAction\",\"target\":[\"https:\/\/cloakmyads.com\/buy\/google-ads-credt-card-billing\/\"]}]},{\"@type\":\"ImageObject\",\"inLanguage\":\"tr\",\"@id\":\"https:\/\/cloakmyads.com\/buy\/google-ads-credt-card-billing\/#primaryimage\",\"url\":\"https:\/\/cloakmyads.com\/wp-content\/uploads\/2025\/09\/google-ads-credit-cards.jpg\",\"contentUrl\":\"https:\/\/cloakmyads.com\/wp-content\/uploads\/2025\/09\/google-ads-credit-cards.jpg\",\"width\":605,\"height\":400,\"caption\":\"Google Ads Credit Cards\"},{\"@type\":\"BreadcrumbList\",\"@id\":\"https:\/\/cloakmyads.com\/buy\/google-ads-credt-card-billing\/#breadcrumb\",\"itemListElement\":[{\"@type\":\"ListItem\",\"position\":1,\"name\":\"Home\",\"item\":\"https:\/\/cloakmyads.com\/\"},{\"@type\":\"ListItem\",\"position\":2,\"name\":\"Shop\",\"item\":\"https:\/\/cloakmyads.com\/ar\/%d9%85%d8%aa%d8%ac%d8%b1\/\"},{\"@type\":\"ListItem\",\"position\":3,\"name\":\"Google Ads Credit Card\"}]},{\"@type\":\"WebSite\",\"@id\":\"https:\/\/cloakmyads.com\/#website\",\"url\":\"https:\/\/cloakmyads.com\/\",\"name\":\"CloakMyAds\",\"description\":\"\",\"publisher\":{\"@id\":\"https:\/\/cloakmyads.com\/#organization\"},\"potentialAction\":[{\"@type\":\"SearchAction\",\"target\":{\"@type\":\"EntryPoint\",\"urlTemplate\":\"https:\/\/cloakmyads.com\/?s={search_term_string}\"},\"query-input\":{\"@type\":\"PropertyValueSpecification\",\"valueRequired\":true,\"valueName\":\"search_term_string\"}}],\"inLanguage\":\"tr\"},{\"@type\":\"Organization\",\"@id\":\"https:\/\/cloakmyads.com\/#organization\",\"name\":\"Buy Google Ads Accounts\",\"url\":\"https:\/\/cloakmyads.com\/\",\"logo\":{\"@type\":\"ImageObject\",\"inLanguage\":\"tr\",\"@id\":\"https:\/\/cloakmyads.com\/#\/schema\/logo\/image\/\",\"url\":\"https:\/\/cloakmyads.com\/wp-content\/uploads\/2025\/11\/fav-cloak.jpg\",\"contentUrl\":\"https:\/\/cloakmyads.com\/wp-content\/uploads\/2025\/11\/fav-cloak.jpg\",\"width\":512,\"height\":512,\"caption\":\"Buy Google Ads Accounts\"},\"image\":{\"@id\":\"https:\/\/cloakmyads.com\/#\/schema\/logo\/image\/\"}}]}<\/script>\n<!-- \/ Yoast SEO Premium plugin. -->","yoast_head_json":{"title":"Google Ads Kredi Kart\u0131 Sat\u0131n Al\u0131n - Do\u011frulanm\u0131\u015f Sanal Kart","description":"H\u0131zl\u0131 hesap do\u011frulama ve kampanya finansman\u0131 i\u00e7in Google Ads Kredi Kart\u0131 sat\u0131n al\u0131n. Google Ads i\u00e7in g\u00fcvenilir sanal kart \u00e7\u00f6z\u00fcm\u00fc.","robots":{"index":"index","follow":"follow","max-snippet":"max-snippet:-1","max-image-preview":"max-image-preview:large","max-video-preview":"max-video-preview:-1"},"canonical":"https:\/\/cloakmyads.com\/tr\/satin-al\/google-reklamlari-kredi-karti-faturalandirmasi\/","og_locale":"tr_TR","og_type":"article","og_title":"Google Ads Credit Card","og_description":"Buy Google Ads Credit Card for quick account verification and campaign funding. Trusted virtual card solution for Google Ads.","og_url":"https:\/\/cloakmyads.com\/tr\/satin-al\/google-reklamlari-kredi-karti-faturalandirmasi\/","og_site_name":"CloakMyAds","article_modified_time":"2025-11-08T14:42:42+00:00","og_image":[{"width":605,"height":400,"url":"https:\/\/cloakmyads.com\/wp-content\/uploads\/2025\/09\/google-ads-credit-cards.jpg","type":"image\/jpeg"}],"twitter_card":"summary_large_image","twitter_misc":{"Tahmini okuma s\u00fcresi":"1 dakika"},"schema":{"@context":"https:\/\/schema.org","@graph":[{"@type":"WebPage","@id":"https:\/\/cloakmyads.com\/buy\/google-ads-credt-card-billing\/","url":"https:\/\/cloakmyads.com\/buy\/google-ads-credt-card-billing\/","name":"Google Ads Kredi Kart\u0131 Sat\u0131n Al\u0131n - Do\u011frulanm\u0131\u015f Sanal Kart","isPartOf":{"@id":"https:\/\/cloakmyads.com\/#website"},"primaryImageOfPage":{"@id":"https:\/\/cloakmyads.com\/buy\/google-ads-credt-card-billing\/#primaryimage"},"image":{"@id":"https:\/\/cloakmyads.com\/buy\/google-ads-credt-card-billing\/#primaryimage"},"thumbnailUrl":"https:\/\/cloakmyads.com\/wp-content\/uploads\/2025\/09\/google-ads-credit-cards.jpg","datePublished":"2025-09-21T12:44:46+00:00","dateModified":"2025-11-08T14:42:42+00:00","description":"H\u0131zl\u0131 hesap do\u011frulama ve kampanya finansman\u0131 i\u00e7in Google Ads Kredi Kart\u0131 sat\u0131n al\u0131n. Google Ads i\u00e7in g\u00fcvenilir sanal kart \u00e7\u00f6z\u00fcm\u00fc.","breadcrumb":{"@id":"https:\/\/cloakmyads.com\/buy\/google-ads-credt-card-billing\/#breadcrumb"},"inLanguage":"tr","potentialAction":[{"@type":"ReadAction","target":["https:\/\/cloakmyads.com\/buy\/google-ads-credt-card-billing\/"]}]},{"@type":"ImageObject","inLanguage":"tr","@id":"https:\/\/cloakmyads.com\/buy\/google-ads-credt-card-billing\/#primaryimage","url":"https:\/\/cloakmyads.com\/wp-content\/uploads\/2025\/09\/google-ads-credit-cards.jpg","contentUrl":"https:\/\/cloakmyads.com\/wp-content\/uploads\/2025\/09\/google-ads-credit-cards.jpg","width":605,"height":400,"caption":"Google Ads Credit Cards"},{"@type":"BreadcrumbList","@id":"https:\/\/cloakmyads.com\/buy\/google-ads-credt-card-billing\/#breadcrumb","itemListElement":[{"@type":"ListItem","position":1,"name":"Home","item":"https:\/\/cloakmyads.com\/"},{"@type":"ListItem","position":2,"name":"Shop","item":"https:\/\/cloakmyads.com\/ar\/%d9%85%d8%aa%d8%ac%d8%b1\/"},{"@type":"ListItem","position":3,"name":"Google Ads Credit Card"}]},{"@type":"WebSite","@id":"https:\/\/cloakmyads.com\/#website","url":"https:\/\/cloakmyads.com\/","name":"CloakMyAds","description":"","publisher":{"@id":"https:\/\/cloakmyads.com\/#organization"},"potentialAction":[{"@type":"SearchAction","target":{"@type":"EntryPoint","urlTemplate":"https:\/\/cloakmyads.com\/?s={search_term_string}"},"query-input":{"@type":"PropertyValueSpecification","valueRequired":true,"valueName":"search_term_string"}}],"inLanguage":"tr"},{"@type":"Organization","@id":"https:\/\/cloakmyads.com\/#organization","name":"Google Ads Hesaplar\u0131 Sat\u0131n Al\u0131n","url":"https:\/\/cloakmyads.com\/","logo":{"@type":"ImageObject","inLanguage":"tr","@id":"https:\/\/cloakmyads.com\/#\/schema\/logo\/image\/","url":"https:\/\/cloakmyads.com\/wp-content\/uploads\/2025\/11\/fav-cloak.jpg","contentUrl":"https:\/\/cloakmyads.com\/wp-content\/uploads\/2025\/11\/fav-cloak.jpg","width":512,"height":512,"caption":"Buy Google Ads Accounts"},"image":{"@id":"https:\/\/cloakmyads.com\/#\/schema\/logo\/image\/"}}]}},"_links":{"self":[{"href":"https:\/\/cloakmyads.com\/tr\/wp-json\/wp\/v2\/product\/9452","targetHints":{"allow":["GET"]}}],"collection":[{"href":"https:\/\/cloakmyads.com\/tr\/wp-json\/wp\/v2\/product"}],"about":[{"href":"https:\/\/cloakmyads.com\/tr\/wp-json\/wp\/v2\/types\/product"}],"version-history":[{"count":21,"href":"https:\/\/cloakmyads.com\/tr\/wp-json\/wp\/v2\/product\/9452\/revisions"}],"predecessor-version":[{"id":9867,"href":"https:\/\/cloakmyads.com\/tr\/wp-json\/wp\/v2\/product\/9452\/revisions\/9867"}],"wp:featuredmedia":[{"embeddable":true,"href":"https:\/\/cloakmyads.com\/tr\/wp-json\/wp\/v2\/media\/9453"}],"wp:attachment":[{"href":"https:\/\/cloakmyads.com\/tr\/wp-json\/wp\/v2\/media?parent=9452"}],"wp:term":[{"taxonomy":"product_brand","embeddable":true,"href":"https:\/\/cloakmyads.com\/tr\/wp-json\/wp\/v2\/product_brand?post=9452"},{"taxonomy":"product_cat","embeddable":true,"href":"https:\/\/cloakmyads.com\/tr\/wp-json\/wp\/v2\/product_cat?post=9452"},{"taxonomy":"product_tag","embeddable":true,"href":"https:\/\/cloakmyads.com\/tr\/wp-json\/wp\/v2\/product_tag?post=9452"}],"curies":[{"name":"wp","href":"https:\/\/api.w.org\/{rel}","templated":true}]}}