{"id":9413,"date":"2025-09-21T10:57:05","date_gmt":"2025-09-21T09:57:05","guid":{"rendered":"https:\/\/cloakmyads.com\/?post_type=product&#038;p=9413"},"modified":"2025-10-03T16:13:54","modified_gmt":"2025-10-03T15:13:54","slug":"reddit-reklamlari-gizleme-hesaplari","status":"publish","type":"product","link":"https:\/\/cloakmyads.com\/tr\/satin-al\/reddit-reklamlari-gizleme-hesaplari\/","title":{"rendered":"Reddit Reklam Gizleme Hesaplar\u0131"},"content":{"rendered":"<p data-start=\"237\" data-end=\"623\">Reddit her g\u00fcn milyonlarca aktif kullan\u0131c\u0131s\u0131yla devasa bir trafik kayna\u011f\u0131 haline geldi, ancak reklam politikalar\u0131 kat\u0131 ve moderasyonu affetmiyor. Yeni hesaplar genellikle an\u0131nda i\u015faretlenir, kampanyalar bitmek bilmeyen incelemelerde durur ve y\u00fcksek riskli dikeyler nadiren hayatta kal\u0131r. Bu nedenle ciddi al\u0131c\u0131lar ve ajanslar <strong data-start=\"551\" data-end=\"578\">Reddit Reklam hesaplar\u0131 sat\u0131n al\u0131n<\/strong> ya\u015fland\u0131r\u0131lm\u0131\u015f, do\u011frulanm\u0131\u015f ve \u00e7al\u0131\u015fmaya haz\u0131r.<\/p>\n<p data-start=\"625\" data-end=\"938\">ile <strong data-start=\"630\" data-end=\"662\">do\u011frulanm\u0131\u015f Reddit Reklam hesaplar\u0131<\/strong>, Bu sayede bitmek bilmeyen ret d\u00f6ng\u00fclerini atlar ve yeni kay\u0131tlar\u0131n ba\u015f\u0131na bela olan anl\u0131k yasaklardan ka\u00e7\u0131n\u0131rs\u0131n\u0131z. Bu hesaplar, 2022-2024 y\u0131llar\u0131 aras\u0131nda ABD ve Birle\u015fik Krall\u0131k ticari kurulu\u015flar\u0131na ba\u011fl\u0131d\u0131r ve ask\u0131ya alma ge\u00e7mi\u015fi olmadan temiz bir \u015fekilde teslim edilir - size kampanya lansmanlar\u0131 i\u00e7in istikrarl\u0131 bir temel sa\u011flar.<\/p>\n<p data-start=\"940\" data-end=\"1221\">Geli\u015fmi\u015f gizleme ile birlikte Reddit Reklamlar\u0131 a\u015fa\u011f\u0131daki gibi dikeyler i\u00e7in g\u00fc\u00e7l\u00fc bir kaynak haline gelir <strong data-start=\"1026\" data-end=\"1086\">kripto, \u00e7ekili\u015fler, bahis, fl\u00f6rt, nutra ve finans<\/strong>. \u0130nceleyenler g\u00fcvenli bir sayfa g\u00f6r\u00fcrken, ger\u00e7ek kullan\u0131c\u0131lar para sitenize y\u00f6nlendirilir - daha uzun kullan\u0131m \u00f6mr\u00fc ve daha y\u00fcksek karl\u0131l\u0131k sa\u011flar.<\/p>\n<p data-start=\"1223\" data-end=\"1426\">Reddit trafi\u011fini k\u0131rmak konusunda ciddiyseniz, k\u0131r\u0131lgan yeni hesaplar olu\u015fturmakla zaman kaybetmeyin. \u00d6l\u00e7eklendirmenin tek yolu <strong data-start=\"1348\" data-end=\"1375\">Reddit Reklam hesaplar\u0131 sat\u0131n al\u0131n<\/strong> do\u011frulanm\u0131\u015f, ya\u015fland\u0131r\u0131lm\u0131\u015f ve gizleme i\u00e7in \u00fcretilmi\u015f.<\/p>","protected":false},"excerpt":{"rendered":"<p>Gizli gizleme ile \u00f6nceden y\u00fcklenmi\u015f Do\u011frulanm\u0131\u015f Reddit Reklam hesaplar\u0131 - kripto, \u00e7ekili\u015f, fl\u00f6rt ve sat\u0131\u015f ortakl\u0131\u011f\u0131 kampanyalar\u0131 i\u00e7in ideal.<\/p>","protected":false},"featured_media":9415,"template":"","meta":{"_acf_changed":false},"product_brand":[],"product_cat":[65],"product_tag":[],"class_list":{"0":"post-9413","1":"product","2":"type-product","3":"status-publish","4":"has-post-thumbnail","6":"product_cat-accounts","8":"first","9":"instock","10":"purchasable","11":"product-type-simple"},"acf":[],"yoast_head":"<!-- This site is optimized with the Yoast SEO Premium plugin v26.6 (Yoast SEO v26.7) - https:\/\/yoast.com\/wordpress\/plugins\/seo\/ -->\n<title>Reddit Ads Cloaking Accounts \u2013 Buy to Bypass Reviews<\/title>\n<meta name=\"description\" content=\"Buy Reddit Ads Cloaking Accounts to show clean pages to reviewers while delivering the real offer to users. Keep Reddit ad campaigns approved and running.\" \/>\n<meta name=\"robots\" content=\"index, follow, max-snippet:-1, max-image-preview:large, max-video-preview:-1\" \/>\n<link rel=\"canonical\" href=\"https:\/\/cloakmyads.com\/tr\/satin-al\/reddit-reklamlari-gizleme-hesaplari\/\" \/>\n<meta property=\"og:locale\" content=\"tr_TR\" \/>\n<meta property=\"og:type\" content=\"article\" \/>\n<meta property=\"og:title\" content=\"Reddit Ads Cloaking Accounts\" \/>\n<meta property=\"og:description\" content=\"Buy Reddit Ads Cloaking Accounts to show clean pages to reviewers while delivering the real offer to users. Keep Reddit ad campaigns approved and running.\" \/>\n<meta property=\"og:url\" content=\"https:\/\/cloakmyads.com\/tr\/satin-al\/reddit-reklamlari-gizleme-hesaplari\/\" \/>\n<meta property=\"og:site_name\" content=\"CloakMyAds\" \/>\n<meta property=\"article:modified_time\" content=\"2025-10-03T15:13:54+00:00\" \/>\n<meta property=\"og:image\" content=\"https:\/\/cloakmyads.com\/wp-content\/uploads\/2025\/09\/reddit-ads-cloaking-accounts.png\" \/>\n\t<meta property=\"og:image:width\" content=\"940\" \/>\n\t<meta property=\"og:image:height\" content=\"640\" \/>\n\t<meta property=\"og:image:type\" content=\"image\/png\" \/>\n<meta name=\"twitter:card\" content=\"summary_large_image\" \/>\n<meta name=\"twitter:label1\" content=\"Tahmini okuma s\u00fcresi\" \/>\n\t<meta name=\"twitter:data1\" content=\"1 dakika\" \/>\n<script type=\"application\/ld+json\" class=\"yoast-schema-graph\">{\"@context\":\"https:\/\/schema.org\",\"@graph\":[{\"@type\":\"WebPage\",\"@id\":\"https:\/\/cloakmyads.com\/buy\/reddit-ads-cloaking-accounts\/\",\"url\":\"https:\/\/cloakmyads.com\/buy\/reddit-ads-cloaking-accounts\/\",\"name\":\"Reddit Ads Cloaking Accounts \u2013 Buy to Bypass Reviews\",\"isPartOf\":{\"@id\":\"https:\/\/cloakmyads.com\/#website\"},\"primaryImageOfPage\":{\"@id\":\"https:\/\/cloakmyads.com\/buy\/reddit-ads-cloaking-accounts\/#primaryimage\"},\"image\":{\"@id\":\"https:\/\/cloakmyads.com\/buy\/reddit-ads-cloaking-accounts\/#primaryimage\"},\"thumbnailUrl\":\"https:\/\/cloakmyads.com\/wp-content\/uploads\/2025\/09\/reddit-ads-cloaking-accounts.png\",\"datePublished\":\"2025-09-21T09:57:05+00:00\",\"dateModified\":\"2025-10-03T15:13:54+00:00\",\"description\":\"Buy Reddit Ads Cloaking Accounts to show clean pages to reviewers while delivering the real offer to users. Keep Reddit ad campaigns approved and running.\",\"breadcrumb\":{\"@id\":\"https:\/\/cloakmyads.com\/buy\/reddit-ads-cloaking-accounts\/#breadcrumb\"},\"inLanguage\":\"tr\",\"potentialAction\":[{\"@type\":\"ReadAction\",\"target\":[\"https:\/\/cloakmyads.com\/buy\/reddit-ads-cloaking-accounts\/\"]}]},{\"@type\":\"ImageObject\",\"inLanguage\":\"tr\",\"@id\":\"https:\/\/cloakmyads.com\/buy\/reddit-ads-cloaking-accounts\/#primaryimage\",\"url\":\"https:\/\/cloakmyads.com\/wp-content\/uploads\/2025\/09\/reddit-ads-cloaking-accounts.png\",\"contentUrl\":\"https:\/\/cloakmyads.com\/wp-content\/uploads\/2025\/09\/reddit-ads-cloaking-accounts.png\",\"width\":940,\"height\":640,\"caption\":\"Reddit Ads Cloaking Accounts\"},{\"@type\":\"BreadcrumbList\",\"@id\":\"https:\/\/cloakmyads.com\/buy\/reddit-ads-cloaking-accounts\/#breadcrumb\",\"itemListElement\":[{\"@type\":\"ListItem\",\"position\":1,\"name\":\"Home\",\"item\":\"https:\/\/cloakmyads.com\/\"},{\"@type\":\"ListItem\",\"position\":2,\"name\":\"Shop\",\"item\":\"https:\/\/cloakmyads.com\/ar\/%d9%85%d8%aa%d8%ac%d8%b1\/\"},{\"@type\":\"ListItem\",\"position\":3,\"name\":\"Reddit Ads Cloaking Accounts\"}]},{\"@type\":\"WebSite\",\"@id\":\"https:\/\/cloakmyads.com\/#website\",\"url\":\"https:\/\/cloakmyads.com\/\",\"name\":\"CloakMyAds\",\"description\":\"\",\"publisher\":{\"@id\":\"https:\/\/cloakmyads.com\/#organization\"},\"potentialAction\":[{\"@type\":\"SearchAction\",\"target\":{\"@type\":\"EntryPoint\",\"urlTemplate\":\"https:\/\/cloakmyads.com\/?s={search_term_string}\"},\"query-input\":{\"@type\":\"PropertyValueSpecification\",\"valueRequired\":true,\"valueName\":\"search_term_string\"}}],\"inLanguage\":\"tr\"},{\"@type\":\"Organization\",\"@id\":\"https:\/\/cloakmyads.com\/#organization\",\"name\":\"Buy Google Ads Accounts\",\"url\":\"https:\/\/cloakmyads.com\/\",\"logo\":{\"@type\":\"ImageObject\",\"inLanguage\":\"tr\",\"@id\":\"https:\/\/cloakmyads.com\/#\/schema\/logo\/image\/\",\"url\":\"https:\/\/cloakmyads.com\/wp-content\/uploads\/2025\/11\/fav-cloak.jpg\",\"contentUrl\":\"https:\/\/cloakmyads.com\/wp-content\/uploads\/2025\/11\/fav-cloak.jpg\",\"width\":512,\"height\":512,\"caption\":\"Buy Google Ads Accounts\"},\"image\":{\"@id\":\"https:\/\/cloakmyads.com\/#\/schema\/logo\/image\/\"}}]}<\/script>\n<!-- \/ Yoast SEO Premium plugin. -->","yoast_head_json":{"title":"Reddit Reklam Gizleme Hesaplar\u0131 - \u0130ncelemeleri Atlamak i\u00e7in Sat\u0131n Al\u0131n","description":"Kullan\u0131c\u0131lara ger\u00e7ek teklifi sunarken yorumculara temiz sayfalar g\u00f6stermek i\u00e7in Reddit Reklam Gizleme Hesaplar\u0131 sat\u0131n al\u0131n. Reddit reklam kampanyalar\u0131n\u0131n onaylanmas\u0131n\u0131 ve yay\u0131nlanmas\u0131n\u0131 sa\u011flay\u0131n.","robots":{"index":"index","follow":"follow","max-snippet":"max-snippet:-1","max-image-preview":"max-image-preview:large","max-video-preview":"max-video-preview:-1"},"canonical":"https:\/\/cloakmyads.com\/tr\/satin-al\/reddit-reklamlari-gizleme-hesaplari\/","og_locale":"tr_TR","og_type":"article","og_title":"Reddit Ads Cloaking Accounts","og_description":"Buy Reddit Ads Cloaking Accounts to show clean pages to reviewers while delivering the real offer to users. Keep Reddit ad campaigns approved and running.","og_url":"https:\/\/cloakmyads.com\/tr\/satin-al\/reddit-reklamlari-gizleme-hesaplari\/","og_site_name":"CloakMyAds","article_modified_time":"2025-10-03T15:13:54+00:00","og_image":[{"width":940,"height":640,"url":"https:\/\/cloakmyads.com\/wp-content\/uploads\/2025\/09\/reddit-ads-cloaking-accounts.png","type":"image\/png"}],"twitter_card":"summary_large_image","twitter_misc":{"Tahmini okuma s\u00fcresi":"1 dakika"},"schema":{"@context":"https:\/\/schema.org","@graph":[{"@type":"WebPage","@id":"https:\/\/cloakmyads.com\/buy\/reddit-ads-cloaking-accounts\/","url":"https:\/\/cloakmyads.com\/buy\/reddit-ads-cloaking-accounts\/","name":"Reddit Reklam Gizleme Hesaplar\u0131 - \u0130ncelemeleri Atlamak i\u00e7in Sat\u0131n Al\u0131n","isPartOf":{"@id":"https:\/\/cloakmyads.com\/#website"},"primaryImageOfPage":{"@id":"https:\/\/cloakmyads.com\/buy\/reddit-ads-cloaking-accounts\/#primaryimage"},"image":{"@id":"https:\/\/cloakmyads.com\/buy\/reddit-ads-cloaking-accounts\/#primaryimage"},"thumbnailUrl":"https:\/\/cloakmyads.com\/wp-content\/uploads\/2025\/09\/reddit-ads-cloaking-accounts.png","datePublished":"2025-09-21T09:57:05+00:00","dateModified":"2025-10-03T15:13:54+00:00","description":"Kullan\u0131c\u0131lara ger\u00e7ek teklifi sunarken yorumculara temiz sayfalar g\u00f6stermek i\u00e7in Reddit Reklam Gizleme Hesaplar\u0131 sat\u0131n al\u0131n. Reddit reklam kampanyalar\u0131n\u0131n onaylanmas\u0131n\u0131 ve yay\u0131nlanmas\u0131n\u0131 sa\u011flay\u0131n.","breadcrumb":{"@id":"https:\/\/cloakmyads.com\/buy\/reddit-ads-cloaking-accounts\/#breadcrumb"},"inLanguage":"tr","potentialAction":[{"@type":"ReadAction","target":["https:\/\/cloakmyads.com\/buy\/reddit-ads-cloaking-accounts\/"]}]},{"@type":"ImageObject","inLanguage":"tr","@id":"https:\/\/cloakmyads.com\/buy\/reddit-ads-cloaking-accounts\/#primaryimage","url":"https:\/\/cloakmyads.com\/wp-content\/uploads\/2025\/09\/reddit-ads-cloaking-accounts.png","contentUrl":"https:\/\/cloakmyads.com\/wp-content\/uploads\/2025\/09\/reddit-ads-cloaking-accounts.png","width":940,"height":640,"caption":"Reddit Ads Cloaking Accounts"},{"@type":"BreadcrumbList","@id":"https:\/\/cloakmyads.com\/buy\/reddit-ads-cloaking-accounts\/#breadcrumb","itemListElement":[{"@type":"ListItem","position":1,"name":"Home","item":"https:\/\/cloakmyads.com\/"},{"@type":"ListItem","position":2,"name":"Shop","item":"https:\/\/cloakmyads.com\/ar\/%d9%85%d8%aa%d8%ac%d8%b1\/"},{"@type":"ListItem","position":3,"name":"Reddit Ads Cloaking Accounts"}]},{"@type":"WebSite","@id":"https:\/\/cloakmyads.com\/#website","url":"https:\/\/cloakmyads.com\/","name":"CloakMyAds","description":"","publisher":{"@id":"https:\/\/cloakmyads.com\/#organization"},"potentialAction":[{"@type":"SearchAction","target":{"@type":"EntryPoint","urlTemplate":"https:\/\/cloakmyads.com\/?s={search_term_string}"},"query-input":{"@type":"PropertyValueSpecification","valueRequired":true,"valueName":"search_term_string"}}],"inLanguage":"tr"},{"@type":"Organization","@id":"https:\/\/cloakmyads.com\/#organization","name":"Google Ads Hesaplar\u0131 Sat\u0131n Al\u0131n","url":"https:\/\/cloakmyads.com\/","logo":{"@type":"ImageObject","inLanguage":"tr","@id":"https:\/\/cloakmyads.com\/#\/schema\/logo\/image\/","url":"https:\/\/cloakmyads.com\/wp-content\/uploads\/2025\/11\/fav-cloak.jpg","contentUrl":"https:\/\/cloakmyads.com\/wp-content\/uploads\/2025\/11\/fav-cloak.jpg","width":512,"height":512,"caption":"Buy Google Ads Accounts"},"image":{"@id":"https:\/\/cloakmyads.com\/#\/schema\/logo\/image\/"}}]}},"_links":{"self":[{"href":"https:\/\/cloakmyads.com\/tr\/wp-json\/wp\/v2\/product\/9413","targetHints":{"allow":["GET"]}}],"collection":[{"href":"https:\/\/cloakmyads.com\/tr\/wp-json\/wp\/v2\/product"}],"about":[{"href":"https:\/\/cloakmyads.com\/tr\/wp-json\/wp\/v2\/types\/product"}],"version-history":[{"count":3,"href":"https:\/\/cloakmyads.com\/tr\/wp-json\/wp\/v2\/product\/9413\/revisions"}],"predecessor-version":[{"id":9747,"href":"https:\/\/cloakmyads.com\/tr\/wp-json\/wp\/v2\/product\/9413\/revisions\/9747"}],"wp:featuredmedia":[{"embeddable":true,"href":"https:\/\/cloakmyads.com\/tr\/wp-json\/wp\/v2\/media\/9415"}],"wp:attachment":[{"href":"https:\/\/cloakmyads.com\/tr\/wp-json\/wp\/v2\/media?parent=9413"}],"wp:term":[{"taxonomy":"product_brand","embeddable":true,"href":"https:\/\/cloakmyads.com\/tr\/wp-json\/wp\/v2\/product_brand?post=9413"},{"taxonomy":"product_cat","embeddable":true,"href":"https:\/\/cloakmyads.com\/tr\/wp-json\/wp\/v2\/product_cat?post=9413"},{"taxonomy":"product_tag","embeddable":true,"href":"https:\/\/cloakmyads.com\/tr\/wp-json\/wp\/v2\/product_tag?post=9413"}],"curies":[{"name":"wp","href":"https:\/\/api.w.org\/{rel}","templated":true}]}}