{"id":9409,"date":"2025-09-21T10:44:44","date_gmt":"2025-09-21T09:44:44","guid":{"rendered":"https:\/\/cloakmyads.com\/?post_type=product&#038;p=9409"},"modified":"2025-10-03T16:14:51","modified_gmt":"2025-10-03T15:14:51","slug":"instagram-reklamlari-gizleme-hesaplari","status":"publish","type":"product","link":"https:\/\/cloakmyads.com\/tr\/satin-al\/instagram-reklamlari-gizleme-hesaplari\/","title":{"rendered":"Instagram Reklamlar\u0131n\u0131 Gizleyen Hesaplar"},"content":{"rendered":"<p data-start=\"313\" data-end=\"724\">Instagram, sat\u0131\u015f ortaklar\u0131, e-ticaret ve y\u00fcksek etkile\u015fimli teklifler i\u00e7in en g\u00fc\u00e7l\u00fc platformlardan biridir ancak reklam inceleme s\u00fcreci affedici de\u011fildir. Yeni hesaplar h\u0131zla i\u015faretleniyor, reklam \u00f6\u011feleri g\u00f6r\u00fcld\u00fc\u011f\u00fc yerde reddediliyor ve reklam hesaplar\u0131 genellikle kampanyalar daha ba\u015flamadan devre d\u0131\u015f\u0131 b\u0131rak\u0131l\u0131yor. Bu y\u00fczden ciddi pazarlamac\u0131lar <strong data-start=\"630\" data-end=\"660\">Instagram Reklam hesaplar\u0131 sat\u0131n al\u0131n<\/strong> y\u0131llanm\u0131\u015f, istikrarl\u0131 ve ger\u00e7ek kampanya uzun \u00f6m\u00fcrl\u00fcl\u00fc\u011f\u00fc i\u00e7in in\u015fa edilmi\u015f.<\/p>\n<p data-start=\"726\" data-end=\"1004\">ile <strong data-start=\"731\" data-end=\"766\">do\u011frulanm\u0131\u015f Instagram Reklam hesaplar\u0131<\/strong>, ABD ve Birle\u015fik Krall\u0131k ticari kurulu\u015flar\u0131na ba\u011fl\u0131, 2022-2024 ya\u015flar\u0131 aras\u0131nda ve ask\u0131ya alma ge\u00e7mi\u015fi olmadan temiz olarak teslim edilen profillere eri\u015febilirsiniz. Bu hesaplar zaten kimlik kontrol\u00fcnden ge\u00e7irilmi\u015f, telefonla do\u011frulanm\u0131\u015f ve an\u0131nda faturaland\u0131rmaya haz\u0131rd\u0131r.<\/p>\n<p data-start=\"1006\" data-end=\"1299\">Geli\u015fmi\u015f gizleme ile e\u015fle\u015ftirildi\u011finde, a\u015fa\u011f\u0131daki gibi ni\u015flerde Instagram Reklam kampanyalar\u0131 <strong data-start=\"1076\" data-end=\"1131\">nutra, fl\u00f6rt, \u00e7ekili\u015fler, finans ve e-ticaret<\/strong> nihayet incelemenin \u00f6tesinde hayatta kalabilir. Moderat\u00f6rler ve botlar g\u00fcvenli bir sayfa g\u00f6r\u00fcrken, ger\u00e7ek kullan\u0131c\u0131lar para sitesine y\u00f6nlendirilir - size \u00f6l\u00e7eklendirmek ve k\u00e2r etmek i\u00e7in daha fazla zaman verir.<\/p>\n<p data-start=\"1301\" data-end=\"1513\">Daha uzun kampanya \u00f6m\u00fcrleri, daha az reklam reddi ve teklifleri agresif bir \u015fekilde \u00f6l\u00e7eklendirme \u00f6zg\u00fcrl\u00fc\u011f\u00fc istiyorsan\u0131z, en ak\u0131ll\u0131ca hareket basittir: <strong data-start=\"1436\" data-end=\"1466\">Instagram Reklam hesaplar\u0131 sat\u0131n al\u0131n<\/strong> do\u011frulanm\u0131\u015f, y\u0131llanm\u0131\u015f ve gizlenmeye haz\u0131r.<\/p>","protected":false},"excerpt":{"rendered":"<p>Gizlenmeye haz\u0131r do\u011frulanm\u0131\u015f Instagram Reklam hesaplar\u0131 - kapat\u0131lmadan kripto, kumar ve di\u011fer i\u015faretli teklifleri yay\u0131nlay\u0131n.<\/p>","protected":false},"featured_media":9411,"template":"","meta":{"_acf_changed":false},"product_brand":[],"product_cat":[65],"product_tag":[],"class_list":{"0":"post-9409","1":"product","2":"type-product","3":"status-publish","4":"has-post-thumbnail","6":"product_cat-accounts","8":"first","9":"instock","10":"purchasable","11":"product-type-simple"},"acf":[],"yoast_head":"<!-- This site is optimized with the Yoast SEO Premium plugin v26.6 (Yoast SEO v26.7) - https:\/\/yoast.com\/wordpress\/plugins\/seo\/ -->\n<title>Buy Instagram Ads Cloaking Accounts \u2013 Run Campaigns Safely<\/title>\n<meta name=\"description\" content=\"Buy Instagram Ads Cloaking Accounts to hide restricted creatives from reviewers while showing real offers to users. Reduce bans and scale campaigns.\" \/>\n<meta name=\"robots\" content=\"index, follow, max-snippet:-1, max-image-preview:large, max-video-preview:-1\" \/>\n<link rel=\"canonical\" href=\"https:\/\/cloakmyads.com\/tr\/satin-al\/instagram-reklamlari-gizleme-hesaplari\/\" \/>\n<meta property=\"og:locale\" content=\"tr_TR\" \/>\n<meta property=\"og:type\" content=\"article\" \/>\n<meta property=\"og:title\" content=\"Instagram Ads Cloaking Accounts\" \/>\n<meta property=\"og:description\" content=\"Buy Instagram Ads Cloaking Accounts to hide restricted creatives from reviewers while showing real offers to users. Reduce bans and scale campaigns.\" \/>\n<meta property=\"og:url\" content=\"https:\/\/cloakmyads.com\/tr\/satin-al\/instagram-reklamlari-gizleme-hesaplari\/\" \/>\n<meta property=\"og:site_name\" content=\"CloakMyAds\" \/>\n<meta property=\"article:modified_time\" content=\"2025-10-03T15:14:51+00:00\" \/>\n<meta property=\"og:image\" content=\"https:\/\/cloakmyads.com\/wp-content\/uploads\/2025\/09\/instagram-ads-cloaking.png\" \/>\n\t<meta property=\"og:image:width\" content=\"940\" \/>\n\t<meta property=\"og:image:height\" content=\"640\" \/>\n\t<meta property=\"og:image:type\" content=\"image\/png\" \/>\n<meta name=\"twitter:card\" content=\"summary_large_image\" \/>\n<meta name=\"twitter:label1\" content=\"Tahmini okuma s\u00fcresi\" \/>\n\t<meta name=\"twitter:data1\" content=\"1 dakika\" \/>\n<script type=\"application\/ld+json\" class=\"yoast-schema-graph\">{\"@context\":\"https:\/\/schema.org\",\"@graph\":[{\"@type\":\"WebPage\",\"@id\":\"https:\/\/cloakmyads.com\/buy\/instagram-ads-cloaking-accounts\/\",\"url\":\"https:\/\/cloakmyads.com\/buy\/instagram-ads-cloaking-accounts\/\",\"name\":\"Buy Instagram Ads Cloaking Accounts \u2013 Run Campaigns Safely\",\"isPartOf\":{\"@id\":\"https:\/\/cloakmyads.com\/#website\"},\"primaryImageOfPage\":{\"@id\":\"https:\/\/cloakmyads.com\/buy\/instagram-ads-cloaking-accounts\/#primaryimage\"},\"image\":{\"@id\":\"https:\/\/cloakmyads.com\/buy\/instagram-ads-cloaking-accounts\/#primaryimage\"},\"thumbnailUrl\":\"https:\/\/cloakmyads.com\/wp-content\/uploads\/2025\/09\/instagram-ads-cloaking.png\",\"datePublished\":\"2025-09-21T09:44:44+00:00\",\"dateModified\":\"2025-10-03T15:14:51+00:00\",\"description\":\"Buy Instagram Ads Cloaking Accounts to hide restricted creatives from reviewers while showing real offers to users. Reduce bans and scale campaigns.\",\"breadcrumb\":{\"@id\":\"https:\/\/cloakmyads.com\/buy\/instagram-ads-cloaking-accounts\/#breadcrumb\"},\"inLanguage\":\"tr\",\"potentialAction\":[{\"@type\":\"ReadAction\",\"target\":[\"https:\/\/cloakmyads.com\/buy\/instagram-ads-cloaking-accounts\/\"]}]},{\"@type\":\"ImageObject\",\"inLanguage\":\"tr\",\"@id\":\"https:\/\/cloakmyads.com\/buy\/instagram-ads-cloaking-accounts\/#primaryimage\",\"url\":\"https:\/\/cloakmyads.com\/wp-content\/uploads\/2025\/09\/instagram-ads-cloaking.png\",\"contentUrl\":\"https:\/\/cloakmyads.com\/wp-content\/uploads\/2025\/09\/instagram-ads-cloaking.png\",\"width\":940,\"height\":640,\"caption\":\"Instagram Cloaking Ads Accounts\"},{\"@type\":\"BreadcrumbList\",\"@id\":\"https:\/\/cloakmyads.com\/buy\/instagram-ads-cloaking-accounts\/#breadcrumb\",\"itemListElement\":[{\"@type\":\"ListItem\",\"position\":1,\"name\":\"Home\",\"item\":\"https:\/\/cloakmyads.com\/\"},{\"@type\":\"ListItem\",\"position\":2,\"name\":\"Shop\",\"item\":\"https:\/\/cloakmyads.com\/ar\/%d9%85%d8%aa%d8%ac%d8%b1\/\"},{\"@type\":\"ListItem\",\"position\":3,\"name\":\"Instagram Ads Cloaking Accounts\"}]},{\"@type\":\"WebSite\",\"@id\":\"https:\/\/cloakmyads.com\/#website\",\"url\":\"https:\/\/cloakmyads.com\/\",\"name\":\"CloakMyAds\",\"description\":\"\",\"publisher\":{\"@id\":\"https:\/\/cloakmyads.com\/#organization\"},\"potentialAction\":[{\"@type\":\"SearchAction\",\"target\":{\"@type\":\"EntryPoint\",\"urlTemplate\":\"https:\/\/cloakmyads.com\/?s={search_term_string}\"},\"query-input\":{\"@type\":\"PropertyValueSpecification\",\"valueRequired\":true,\"valueName\":\"search_term_string\"}}],\"inLanguage\":\"tr\"},{\"@type\":\"Organization\",\"@id\":\"https:\/\/cloakmyads.com\/#organization\",\"name\":\"Buy Google Ads Accounts\",\"url\":\"https:\/\/cloakmyads.com\/\",\"logo\":{\"@type\":\"ImageObject\",\"inLanguage\":\"tr\",\"@id\":\"https:\/\/cloakmyads.com\/#\/schema\/logo\/image\/\",\"url\":\"https:\/\/cloakmyads.com\/wp-content\/uploads\/2025\/11\/fav-cloak.jpg\",\"contentUrl\":\"https:\/\/cloakmyads.com\/wp-content\/uploads\/2025\/11\/fav-cloak.jpg\",\"width\":512,\"height\":512,\"caption\":\"Buy Google Ads Accounts\"},\"image\":{\"@id\":\"https:\/\/cloakmyads.com\/#\/schema\/logo\/image\/\"}}]}<\/script>\n<!-- \/ Yoast SEO Premium plugin. -->","yoast_head_json":{"title":"Instagram Reklamlar\u0131 Gizleme Hesaplar\u0131 Sat\u0131n Al\u0131n - Kampanyalar\u0131 G\u00fcvenle \u00c7al\u0131\u015ft\u0131r\u0131n","description":"Kullan\u0131c\u0131lara ger\u00e7ek teklifleri g\u00f6sterirken k\u0131s\u0131tlanm\u0131\u015f reklam \u00f6\u011felerini yorumculardan gizlemek i\u00e7in Instagram Reklam Gizleme Hesaplar\u0131 sat\u0131n al\u0131n. Yasaklar\u0131 azalt\u0131n ve kampanyalar\u0131 \u00f6l\u00e7eklendirin.","robots":{"index":"index","follow":"follow","max-snippet":"max-snippet:-1","max-image-preview":"max-image-preview:large","max-video-preview":"max-video-preview:-1"},"canonical":"https:\/\/cloakmyads.com\/tr\/satin-al\/instagram-reklamlari-gizleme-hesaplari\/","og_locale":"tr_TR","og_type":"article","og_title":"Instagram Ads Cloaking Accounts","og_description":"Buy Instagram Ads Cloaking Accounts to hide restricted creatives from reviewers while showing real offers to users. Reduce bans and scale campaigns.","og_url":"https:\/\/cloakmyads.com\/tr\/satin-al\/instagram-reklamlari-gizleme-hesaplari\/","og_site_name":"CloakMyAds","article_modified_time":"2025-10-03T15:14:51+00:00","og_image":[{"width":940,"height":640,"url":"https:\/\/cloakmyads.com\/wp-content\/uploads\/2025\/09\/instagram-ads-cloaking.png","type":"image\/png"}],"twitter_card":"summary_large_image","twitter_misc":{"Tahmini okuma s\u00fcresi":"1 dakika"},"schema":{"@context":"https:\/\/schema.org","@graph":[{"@type":"WebPage","@id":"https:\/\/cloakmyads.com\/buy\/instagram-ads-cloaking-accounts\/","url":"https:\/\/cloakmyads.com\/buy\/instagram-ads-cloaking-accounts\/","name":"Instagram Reklamlar\u0131 Gizleme Hesaplar\u0131 Sat\u0131n Al\u0131n - Kampanyalar\u0131 G\u00fcvenle \u00c7al\u0131\u015ft\u0131r\u0131n","isPartOf":{"@id":"https:\/\/cloakmyads.com\/#website"},"primaryImageOfPage":{"@id":"https:\/\/cloakmyads.com\/buy\/instagram-ads-cloaking-accounts\/#primaryimage"},"image":{"@id":"https:\/\/cloakmyads.com\/buy\/instagram-ads-cloaking-accounts\/#primaryimage"},"thumbnailUrl":"https:\/\/cloakmyads.com\/wp-content\/uploads\/2025\/09\/instagram-ads-cloaking.png","datePublished":"2025-09-21T09:44:44+00:00","dateModified":"2025-10-03T15:14:51+00:00","description":"Kullan\u0131c\u0131lara ger\u00e7ek teklifleri g\u00f6sterirken k\u0131s\u0131tlanm\u0131\u015f reklam \u00f6\u011felerini yorumculardan gizlemek i\u00e7in Instagram Reklam Gizleme Hesaplar\u0131 sat\u0131n al\u0131n. Yasaklar\u0131 azalt\u0131n ve kampanyalar\u0131 \u00f6l\u00e7eklendirin.","breadcrumb":{"@id":"https:\/\/cloakmyads.com\/buy\/instagram-ads-cloaking-accounts\/#breadcrumb"},"inLanguage":"tr","potentialAction":[{"@type":"ReadAction","target":["https:\/\/cloakmyads.com\/buy\/instagram-ads-cloaking-accounts\/"]}]},{"@type":"ImageObject","inLanguage":"tr","@id":"https:\/\/cloakmyads.com\/buy\/instagram-ads-cloaking-accounts\/#primaryimage","url":"https:\/\/cloakmyads.com\/wp-content\/uploads\/2025\/09\/instagram-ads-cloaking.png","contentUrl":"https:\/\/cloakmyads.com\/wp-content\/uploads\/2025\/09\/instagram-ads-cloaking.png","width":940,"height":640,"caption":"Instagram Cloaking Ads Accounts"},{"@type":"BreadcrumbList","@id":"https:\/\/cloakmyads.com\/buy\/instagram-ads-cloaking-accounts\/#breadcrumb","itemListElement":[{"@type":"ListItem","position":1,"name":"Home","item":"https:\/\/cloakmyads.com\/"},{"@type":"ListItem","position":2,"name":"Shop","item":"https:\/\/cloakmyads.com\/ar\/%d9%85%d8%aa%d8%ac%d8%b1\/"},{"@type":"ListItem","position":3,"name":"Instagram Ads Cloaking Accounts"}]},{"@type":"WebSite","@id":"https:\/\/cloakmyads.com\/#website","url":"https:\/\/cloakmyads.com\/","name":"CloakMyAds","description":"","publisher":{"@id":"https:\/\/cloakmyads.com\/#organization"},"potentialAction":[{"@type":"SearchAction","target":{"@type":"EntryPoint","urlTemplate":"https:\/\/cloakmyads.com\/?s={search_term_string}"},"query-input":{"@type":"PropertyValueSpecification","valueRequired":true,"valueName":"search_term_string"}}],"inLanguage":"tr"},{"@type":"Organization","@id":"https:\/\/cloakmyads.com\/#organization","name":"Google Ads Hesaplar\u0131 Sat\u0131n Al\u0131n","url":"https:\/\/cloakmyads.com\/","logo":{"@type":"ImageObject","inLanguage":"tr","@id":"https:\/\/cloakmyads.com\/#\/schema\/logo\/image\/","url":"https:\/\/cloakmyads.com\/wp-content\/uploads\/2025\/11\/fav-cloak.jpg","contentUrl":"https:\/\/cloakmyads.com\/wp-content\/uploads\/2025\/11\/fav-cloak.jpg","width":512,"height":512,"caption":"Buy Google Ads Accounts"},"image":{"@id":"https:\/\/cloakmyads.com\/#\/schema\/logo\/image\/"}}]}},"_links":{"self":[{"href":"https:\/\/cloakmyads.com\/tr\/wp-json\/wp\/v2\/product\/9409","targetHints":{"allow":["GET"]}}],"collection":[{"href":"https:\/\/cloakmyads.com\/tr\/wp-json\/wp\/v2\/product"}],"about":[{"href":"https:\/\/cloakmyads.com\/tr\/wp-json\/wp\/v2\/types\/product"}],"version-history":[{"count":3,"href":"https:\/\/cloakmyads.com\/tr\/wp-json\/wp\/v2\/product\/9409\/revisions"}],"predecessor-version":[{"id":9745,"href":"https:\/\/cloakmyads.com\/tr\/wp-json\/wp\/v2\/product\/9409\/revisions\/9745"}],"wp:featuredmedia":[{"embeddable":true,"href":"https:\/\/cloakmyads.com\/tr\/wp-json\/wp\/v2\/media\/9411"}],"wp:attachment":[{"href":"https:\/\/cloakmyads.com\/tr\/wp-json\/wp\/v2\/media?parent=9409"}],"wp:term":[{"taxonomy":"product_brand","embeddable":true,"href":"https:\/\/cloakmyads.com\/tr\/wp-json\/wp\/v2\/product_brand?post=9409"},{"taxonomy":"product_cat","embeddable":true,"href":"https:\/\/cloakmyads.com\/tr\/wp-json\/wp\/v2\/product_cat?post=9409"},{"taxonomy":"product_tag","embeddable":true,"href":"https:\/\/cloakmyads.com\/tr\/wp-json\/wp\/v2\/product_tag?post=9409"}],"curies":[{"name":"wp","href":"https:\/\/api.w.org\/{rel}","templated":true}]}}