{"id":3411,"date":"2022-09-01T10:39:12","date_gmt":"2022-09-01T08:39:12","guid":{"rendered":"https:\/\/rentaccounts.net\/?post_type=product&#038;p=3411"},"modified":"2025-10-03T16:33:47","modified_gmt":"2025-10-03T15:33:47","slug":"facebook-reklamlari-hesap-gizleme","status":"publish","type":"product","link":"https:\/\/cloakmyads.com\/tr\/satin-al\/facebook-reklamlari-hesap-gizleme\/","title":{"rendered":"Facebook Reklam Gizleme Hesaplar\u0131"},"content":{"rendered":"<p data-start=\"348\" data-end=\"596\">Sen ne zaman <strong data-start=\"357\" data-end=\"386\">Facebook Reklam hesaplar\u0131 sat\u0131n al\u0131n<\/strong> Bizden ger\u00e7ek ABD ve Birle\u015fik Krall\u0131k i\u015fletmelerine ba\u011fl\u0131, tamamen do\u011frulanm\u0131\u015f, ya\u015fl\u0131 hesaplar al\u0131rs\u0131n\u0131z. Her hesap kimlik kontrol\u00fcnden ge\u00e7irilir, sabittir ve i\u00e7eride an\u0131nda kampanya ba\u015flatmak i\u00e7in haz\u0131rlan\u0131r <strong data-start=\"559\" data-end=\"593\">Facebook \u0130\u015fletme Y\u00f6neticisi (BM)<\/strong>.<\/p>\n<p data-start=\"598\" data-end=\"889\">Facebook'un inceleme sistemleri herkesin bildi\u011fi gibi kat\u0131d\u0131r. Yeni hesaplar genellikle ilk reklamdan sonra devre d\u0131\u015f\u0131 b\u0131rak\u0131larak zaman ve b\u00fct\u00e7e israf\u0131na neden olur. Bu nedenle deneyimli sat\u0131\u015f ortaklar\u0131, medya al\u0131c\u0131lar\u0131 ve ajanslar <strong data-start=\"799\" data-end=\"828\">Facebook Reklam hesaplar\u0131 sat\u0131n al\u0131n<\/strong> Zaten ya\u015fland\u0131r\u0131lm\u0131\u015f, BM ba\u011flant\u0131l\u0131 ve \u00f6l\u00e7eklendirme i\u00e7in g\u00fcvenilir olan.<\/p>\n<p data-start=\"891\" data-end=\"1150\">T\u00fcm hesaplar 2022-2024 d\u00f6nemine aittir, do\u011frulanm\u0131\u015f telefon\/e-posta\/i\u015f bilgilerini i\u00e7erir ve ask\u0131ya alma i\u015flemlerinden temizlenmi\u015ftir. Her hesap a\u015fa\u011f\u0131dakilerle birlikte teslim edilir <strong data-start=\"1045\" data-end=\"1058\">BM eri\u015fimi<\/strong>, B\u00f6ylece birden fazla reklam hesab\u0131n\u0131 y\u00f6netebilir, roller atayabilir ve faturaland\u0131rmay\u0131 tek bir yerden d\u00fczenleyebilirsiniz.<\/p>\n<p data-start=\"1152\" data-end=\"1340\">Reklamlar\u0131 h\u0131zla ba\u015flatman\u0131z, sonu gelmeyen inceleme d\u00f6ng\u00fclerinden ka\u00e7\u0131nman\u0131z ve g\u00fcvenle \u00f6l\u00e7eklendirmeniz gerekiyorsa - <strong data-start=\"1243\" data-end=\"1272\">Facebook Reklam hesaplar\u0131 sat\u0131n al\u0131n<\/strong> Maksimum istikrar ve kontrol i\u00e7in \u0130\u015fletme Y\u00f6neticisi dahildir.<\/p>","protected":false},"excerpt":{"rendered":"<p>Y\u00fcksek riskli dikeyler i\u00e7in tasarlanm\u0131\u015f gizlenmi\u015f Facebook Reklam hesaplar\u0131 - kontrolleri atlay\u0131n, yasaklardan ka\u00e7\u0131n\u0131n ve s\u0131f\u0131r \u0131s\u0131nma s\u00fcresiyle k\u00e2rl\u0131 kampanyalar ba\u015flat\u0131n.<\/p>","protected":false},"featured_media":9373,"template":"","meta":{"_acf_changed":false},"product_brand":[],"product_cat":[65],"product_tag":[],"class_list":{"0":"post-3411","1":"product","2":"type-product","3":"status-publish","4":"has-post-thumbnail","6":"product_cat-accounts","8":"first","9":"instock","10":"purchasable","11":"product-type-simple"},"acf":[],"yoast_head":"<!-- This site is optimized with the Yoast SEO Premium plugin v26.6 (Yoast SEO v26.7) - https:\/\/yoast.com\/wordpress\/plugins\/seo\/ -->\n<title>Buy Facebook Ads Cloaking Accounts \u2013 Crypto &amp; Gambling<\/title>\n<meta name=\"description\" content=\"Buy Facebook Ads Cloaking Accounts for crypto, gambling, betting, and forex campaigns. Verified cloaking accounts to run high-risk Facebook ads at scale.\" \/>\n<meta name=\"robots\" content=\"index, follow, max-snippet:-1, max-image-preview:large, max-video-preview:-1\" \/>\n<link rel=\"canonical\" href=\"https:\/\/cloakmyads.com\/tr\/satin-al\/facebook-reklamlari-hesap-gizleme\/\" \/>\n<meta property=\"og:locale\" content=\"tr_TR\" \/>\n<meta property=\"og:type\" content=\"article\" \/>\n<meta property=\"og:title\" content=\"Facebook Ads Cloaking Accounts\" \/>\n<meta property=\"og:description\" content=\"Buy Facebook Ads Cloaking Accounts for crypto, gambling, betting, and forex campaigns. Verified cloaking accounts to run high-risk Facebook ads at scale.\" \/>\n<meta property=\"og:url\" content=\"https:\/\/cloakmyads.com\/tr\/satin-al\/facebook-reklamlari-hesap-gizleme\/\" \/>\n<meta property=\"og:site_name\" content=\"CloakMyAds\" \/>\n<meta property=\"article:modified_time\" content=\"2025-10-03T15:33:47+00:00\" \/>\n<meta property=\"og:image\" content=\"https:\/\/cloakmyads.com\/wp-content\/uploads\/2022\/09\/facebook-ads-cloaking.png\" \/>\n\t<meta property=\"og:image:width\" content=\"940\" \/>\n\t<meta property=\"og:image:height\" content=\"640\" \/>\n\t<meta property=\"og:image:type\" content=\"image\/png\" \/>\n<meta name=\"twitter:card\" content=\"summary_large_image\" \/>\n<meta name=\"twitter:label1\" content=\"Tahmini okuma s\u00fcresi\" \/>\n\t<meta name=\"twitter:data1\" content=\"1 dakika\" \/>\n<script type=\"application\/ld+json\" class=\"yoast-schema-graph\">{\"@context\":\"https:\/\/schema.org\",\"@graph\":[{\"@type\":\"WebPage\",\"@id\":\"https:\/\/cloakmyads.com\/buy\/facebook-ads-account-cloaking\/\",\"url\":\"https:\/\/cloakmyads.com\/buy\/facebook-ads-account-cloaking\/\",\"name\":\"Buy Facebook Ads Cloaking Accounts \u2013 Crypto & Gambling\",\"isPartOf\":{\"@id\":\"https:\/\/cloakmyads.com\/#website\"},\"primaryImageOfPage\":{\"@id\":\"https:\/\/cloakmyads.com\/buy\/facebook-ads-account-cloaking\/#primaryimage\"},\"image\":{\"@id\":\"https:\/\/cloakmyads.com\/buy\/facebook-ads-account-cloaking\/#primaryimage\"},\"thumbnailUrl\":\"https:\/\/cloakmyads.com\/wp-content\/uploads\/2022\/09\/facebook-ads-cloaking.png\",\"datePublished\":\"2022-09-01T08:39:12+00:00\",\"dateModified\":\"2025-10-03T15:33:47+00:00\",\"description\":\"Buy Facebook Ads Cloaking Accounts for crypto, gambling, betting, and forex campaigns. Verified cloaking accounts to run high-risk Facebook ads at scale.\",\"breadcrumb\":{\"@id\":\"https:\/\/cloakmyads.com\/buy\/facebook-ads-account-cloaking\/#breadcrumb\"},\"inLanguage\":\"tr\",\"potentialAction\":[{\"@type\":\"ReadAction\",\"target\":[\"https:\/\/cloakmyads.com\/buy\/facebook-ads-account-cloaking\/\"]}]},{\"@type\":\"ImageObject\",\"inLanguage\":\"tr\",\"@id\":\"https:\/\/cloakmyads.com\/buy\/facebook-ads-account-cloaking\/#primaryimage\",\"url\":\"https:\/\/cloakmyads.com\/wp-content\/uploads\/2022\/09\/facebook-ads-cloaking.png\",\"contentUrl\":\"https:\/\/cloakmyads.com\/wp-content\/uploads\/2022\/09\/facebook-ads-cloaking.png\",\"width\":940,\"height\":640},{\"@type\":\"BreadcrumbList\",\"@id\":\"https:\/\/cloakmyads.com\/buy\/facebook-ads-account-cloaking\/#breadcrumb\",\"itemListElement\":[{\"@type\":\"ListItem\",\"position\":1,\"name\":\"Home\",\"item\":\"https:\/\/cloakmyads.com\/\"},{\"@type\":\"ListItem\",\"position\":2,\"name\":\"Shop\",\"item\":\"https:\/\/cloakmyads.com\/ar\/%d9%85%d8%aa%d8%ac%d8%b1\/\"},{\"@type\":\"ListItem\",\"position\":3,\"name\":\"Facebook Ads Cloaking Accounts\"}]},{\"@type\":\"WebSite\",\"@id\":\"https:\/\/cloakmyads.com\/#website\",\"url\":\"https:\/\/cloakmyads.com\/\",\"name\":\"CloakMyAds\",\"description\":\"\",\"publisher\":{\"@id\":\"https:\/\/cloakmyads.com\/#organization\"},\"potentialAction\":[{\"@type\":\"SearchAction\",\"target\":{\"@type\":\"EntryPoint\",\"urlTemplate\":\"https:\/\/cloakmyads.com\/?s={search_term_string}\"},\"query-input\":{\"@type\":\"PropertyValueSpecification\",\"valueRequired\":true,\"valueName\":\"search_term_string\"}}],\"inLanguage\":\"tr\"},{\"@type\":\"Organization\",\"@id\":\"https:\/\/cloakmyads.com\/#organization\",\"name\":\"Buy Google Ads Accounts\",\"url\":\"https:\/\/cloakmyads.com\/\",\"logo\":{\"@type\":\"ImageObject\",\"inLanguage\":\"tr\",\"@id\":\"https:\/\/cloakmyads.com\/#\/schema\/logo\/image\/\",\"url\":\"https:\/\/cloakmyads.com\/wp-content\/uploads\/2025\/11\/fav-cloak.jpg\",\"contentUrl\":\"https:\/\/cloakmyads.com\/wp-content\/uploads\/2025\/11\/fav-cloak.jpg\",\"width\":512,\"height\":512,\"caption\":\"Buy Google Ads Accounts\"},\"image\":{\"@id\":\"https:\/\/cloakmyads.com\/#\/schema\/logo\/image\/\"}}]}<\/script>\n<!-- \/ Yoast SEO Premium plugin. -->","yoast_head_json":{"title":"Facebook Reklam Gizleme Hesaplar\u0131 Sat\u0131n Al\u0131n - Kripto &amp; Kumar","description":"Kripto, kumar, bahis ve forex kampanyalar\u0131 i\u00e7in Facebook Reklam Gizleme Hesaplar\u0131 sat\u0131n al\u0131n. Y\u00fcksek riskli Facebook reklamlar\u0131n\u0131 geni\u015f \u00f6l\u00e7ekte yay\u0131nlamak i\u00e7in do\u011frulanm\u0131\u015f gizleme hesaplar\u0131.","robots":{"index":"index","follow":"follow","max-snippet":"max-snippet:-1","max-image-preview":"max-image-preview:large","max-video-preview":"max-video-preview:-1"},"canonical":"https:\/\/cloakmyads.com\/tr\/satin-al\/facebook-reklamlari-hesap-gizleme\/","og_locale":"tr_TR","og_type":"article","og_title":"Facebook Ads Cloaking Accounts","og_description":"Buy Facebook Ads Cloaking Accounts for crypto, gambling, betting, and forex campaigns. Verified cloaking accounts to run high-risk Facebook ads at scale.","og_url":"https:\/\/cloakmyads.com\/tr\/satin-al\/facebook-reklamlari-hesap-gizleme\/","og_site_name":"CloakMyAds","article_modified_time":"2025-10-03T15:33:47+00:00","og_image":[{"width":940,"height":640,"url":"https:\/\/cloakmyads.com\/wp-content\/uploads\/2022\/09\/facebook-ads-cloaking.png","type":"image\/png"}],"twitter_card":"summary_large_image","twitter_misc":{"Tahmini okuma s\u00fcresi":"1 dakika"},"schema":{"@context":"https:\/\/schema.org","@graph":[{"@type":"WebPage","@id":"https:\/\/cloakmyads.com\/buy\/facebook-ads-account-cloaking\/","url":"https:\/\/cloakmyads.com\/buy\/facebook-ads-account-cloaking\/","name":"Facebook Reklam Gizleme Hesaplar\u0131 Sat\u0131n Al\u0131n - Kripto &amp; Kumar","isPartOf":{"@id":"https:\/\/cloakmyads.com\/#website"},"primaryImageOfPage":{"@id":"https:\/\/cloakmyads.com\/buy\/facebook-ads-account-cloaking\/#primaryimage"},"image":{"@id":"https:\/\/cloakmyads.com\/buy\/facebook-ads-account-cloaking\/#primaryimage"},"thumbnailUrl":"https:\/\/cloakmyads.com\/wp-content\/uploads\/2022\/09\/facebook-ads-cloaking.png","datePublished":"2022-09-01T08:39:12+00:00","dateModified":"2025-10-03T15:33:47+00:00","description":"Kripto, kumar, bahis ve forex kampanyalar\u0131 i\u00e7in Facebook Reklam Gizleme Hesaplar\u0131 sat\u0131n al\u0131n. Y\u00fcksek riskli Facebook reklamlar\u0131n\u0131 geni\u015f \u00f6l\u00e7ekte yay\u0131nlamak i\u00e7in do\u011frulanm\u0131\u015f gizleme hesaplar\u0131.","breadcrumb":{"@id":"https:\/\/cloakmyads.com\/buy\/facebook-ads-account-cloaking\/#breadcrumb"},"inLanguage":"tr","potentialAction":[{"@type":"ReadAction","target":["https:\/\/cloakmyads.com\/buy\/facebook-ads-account-cloaking\/"]}]},{"@type":"ImageObject","inLanguage":"tr","@id":"https:\/\/cloakmyads.com\/buy\/facebook-ads-account-cloaking\/#primaryimage","url":"https:\/\/cloakmyads.com\/wp-content\/uploads\/2022\/09\/facebook-ads-cloaking.png","contentUrl":"https:\/\/cloakmyads.com\/wp-content\/uploads\/2022\/09\/facebook-ads-cloaking.png","width":940,"height":640},{"@type":"BreadcrumbList","@id":"https:\/\/cloakmyads.com\/buy\/facebook-ads-account-cloaking\/#breadcrumb","itemListElement":[{"@type":"ListItem","position":1,"name":"Home","item":"https:\/\/cloakmyads.com\/"},{"@type":"ListItem","position":2,"name":"Shop","item":"https:\/\/cloakmyads.com\/ar\/%d9%85%d8%aa%d8%ac%d8%b1\/"},{"@type":"ListItem","position":3,"name":"Facebook Ads Cloaking Accounts"}]},{"@type":"WebSite","@id":"https:\/\/cloakmyads.com\/#website","url":"https:\/\/cloakmyads.com\/","name":"CloakMyAds","description":"","publisher":{"@id":"https:\/\/cloakmyads.com\/#organization"},"potentialAction":[{"@type":"SearchAction","target":{"@type":"EntryPoint","urlTemplate":"https:\/\/cloakmyads.com\/?s={search_term_string}"},"query-input":{"@type":"PropertyValueSpecification","valueRequired":true,"valueName":"search_term_string"}}],"inLanguage":"tr"},{"@type":"Organization","@id":"https:\/\/cloakmyads.com\/#organization","name":"Google Ads Hesaplar\u0131 Sat\u0131n Al\u0131n","url":"https:\/\/cloakmyads.com\/","logo":{"@type":"ImageObject","inLanguage":"tr","@id":"https:\/\/cloakmyads.com\/#\/schema\/logo\/image\/","url":"https:\/\/cloakmyads.com\/wp-content\/uploads\/2025\/11\/fav-cloak.jpg","contentUrl":"https:\/\/cloakmyads.com\/wp-content\/uploads\/2025\/11\/fav-cloak.jpg","width":512,"height":512,"caption":"Buy Google Ads Accounts"},"image":{"@id":"https:\/\/cloakmyads.com\/#\/schema\/logo\/image\/"}}]}},"_links":{"self":[{"href":"https:\/\/cloakmyads.com\/tr\/wp-json\/wp\/v2\/product\/3411","targetHints":{"allow":["GET"]}}],"collection":[{"href":"https:\/\/cloakmyads.com\/tr\/wp-json\/wp\/v2\/product"}],"about":[{"href":"https:\/\/cloakmyads.com\/tr\/wp-json\/wp\/v2\/types\/product"}],"version-history":[{"count":5,"href":"https:\/\/cloakmyads.com\/tr\/wp-json\/wp\/v2\/product\/3411\/revisions"}],"predecessor-version":[{"id":9733,"href":"https:\/\/cloakmyads.com\/tr\/wp-json\/wp\/v2\/product\/3411\/revisions\/9733"}],"wp:featuredmedia":[{"embeddable":true,"href":"https:\/\/cloakmyads.com\/tr\/wp-json\/wp\/v2\/media\/9373"}],"wp:attachment":[{"href":"https:\/\/cloakmyads.com\/tr\/wp-json\/wp\/v2\/media?parent=3411"}],"wp:term":[{"taxonomy":"product_brand","embeddable":true,"href":"https:\/\/cloakmyads.com\/tr\/wp-json\/wp\/v2\/product_brand?post=3411"},{"taxonomy":"product_cat","embeddable":true,"href":"https:\/\/cloakmyads.com\/tr\/wp-json\/wp\/v2\/product_cat?post=3411"},{"taxonomy":"product_tag","embeddable":true,"href":"https:\/\/cloakmyads.com\/tr\/wp-json\/wp\/v2\/product_tag?post=3411"}],"curies":[{"name":"wp","href":"https:\/\/api.w.org\/{rel}","templated":true}]}}