{"id":3393,"date":"2022-08-30T15:28:57","date_gmt":"2022-08-30T13:28:57","guid":{"rendered":"https:\/\/rentaccounts.net\/?post_type=product&#038;p=3393"},"modified":"2025-10-03T16:39:05","modified_gmt":"2025-10-03T15:39:05","slug":"microsoft-reklam-hesabi-bing-cloaking","status":"publish","type":"product","link":"https:\/\/cloakmyads.com\/tr\/satin-al\/microsoft-reklam-hesabi-bing-cloaking\/","title":{"rendered":"Microsoft Reklamlar\u0131 Gizleme Hesaplar\u0131"},"content":{"rendered":"<p data-start=\"475\" data-end=\"808\">Microsoft Ads platformunda ciddi kampanyalar y\u00fcr\u00fctmek istiyorsan\u0131z eri\u015fimden daha fazlas\u0131na ihtiyac\u0131n\u0131z vard\u0131r; g\u00fcvenilir, eski ve performans i\u00e7in olu\u015fturulmu\u015f hesaplara ihtiyac\u0131n\u0131z vard\u0131r. Ne zaman <strong data-start=\"655\" data-end=\"685\">Microsoft Ads hesaplar\u0131 sat\u0131n al\u0131n<\/strong> Bizden, ABD ve Birle\u015fik Krall\u0131k kurulu\u015flar\u0131ndan do\u011frulanm\u0131\u015f, canl\u0131 harcama alt\u0131nda test edilmi\u015f ve eyleme haz\u0131r i\u015fletme profilleri al\u0131rs\u0131n\u0131z.<\/p>\n<p data-start=\"810\" data-end=\"1108\">\u0130lk incelemede \u00e7\u00f6ken karars\u0131z veya geri d\u00f6n\u00fc\u015ft\u00fcr\u00fclm\u00fc\u015f hesaplar\u0131n aksine, bunlar uzun s\u00fcreli kullan\u0131m i\u00e7in olu\u015fturulmu\u015ftur. \u0130ster arama kampanyalar\u0131 ba\u015flat\u0131yor, ister Bing Al\u0131\u015fveri\u015f'i \u00f6l\u00e7eklendiriyor veya b\u00fcy\u00fck anahtar kelime k\u00fcmelerini y\u00f6netiyor olun, bu hesaplar size s\u00fcrekli kapanma veya faturaland\u0131rma sorunlar\u0131 olmadan \u00e7al\u0131\u015fman\u0131z i\u00e7in gereken temeli sa\u011flar.<\/p>\n<p data-start=\"1110\" data-end=\"1314\">T\u00fcm hesaplar temiz, tutarl\u0131 ve agresif veya \u00f6l\u00e7eklendirilmi\u015f stratejilerle uyumludur. Faturaland\u0131rmay\u0131, kampanyalar\u0131 ve b\u00fct\u00e7eyi siz kontrol edersiniz - biz size sadece ilk g\u00fcnden itibaren \u00e7al\u0131\u015fan g\u00fcvenilir bir varl\u0131k veririz.<\/p>","protected":false},"excerpt":{"rendered":"<p>Yasaklardan ka\u00e7\u0131nan, manuel incelemelere direnen ve Bing'in t\u00fcm reklam a\u011f\u0131nda \u00f6zg\u00fcrce reklam vermenizi sa\u011flayan gizlenmeye haz\u0131r Microsoft Ads hesaplar\u0131.<\/p>","protected":false},"featured_media":9380,"template":"","meta":{"_acf_changed":false},"product_brand":[],"product_cat":[65],"product_tag":[],"class_list":{"0":"post-3393","1":"product","2":"type-product","3":"status-publish","4":"has-post-thumbnail","6":"product_cat-accounts","8":"first","9":"instock","10":"purchasable","11":"product-type-simple"},"acf":[],"yoast_head":"<!-- This site is optimized with the Yoast SEO Premium plugin v26.6 (Yoast SEO v26.7) - https:\/\/yoast.com\/wordpress\/plugins\/seo\/ -->\n<title>Buy Microsoft Ads Cloaking Accounts \u2013 Crypto &amp; Gambling<\/title>\n<meta name=\"description\" content=\"Buy Microsoft Ads Cloaking Accounts for crypto, gambling, betting, and forex campaigns. Verified cloaking accounts to keep Microsoft Ads running safely.\" \/>\n<meta name=\"robots\" content=\"index, follow, max-snippet:-1, max-image-preview:large, max-video-preview:-1\" \/>\n<link rel=\"canonical\" href=\"https:\/\/cloakmyads.com\/tr\/satin-al\/microsoft-reklam-hesabi-bing-cloaking\/\" \/>\n<meta property=\"og:locale\" content=\"tr_TR\" \/>\n<meta property=\"og:type\" content=\"article\" \/>\n<meta property=\"og:title\" content=\"Microsoft Ads Cloaking Accounts\" \/>\n<meta property=\"og:description\" content=\"Buy Microsoft Ads Cloaking Accounts for crypto, gambling, betting, and forex campaigns. Verified cloaking accounts to keep Microsoft Ads running safely.\" \/>\n<meta property=\"og:url\" content=\"https:\/\/cloakmyads.com\/tr\/satin-al\/microsoft-reklam-hesabi-bing-cloaking\/\" \/>\n<meta property=\"og:site_name\" content=\"CloakMyAds\" \/>\n<meta property=\"article:modified_time\" content=\"2025-10-03T15:39:05+00:00\" \/>\n<meta property=\"og:image\" content=\"https:\/\/cloakmyads.com\/wp-content\/uploads\/2022\/08\/microsoft-bing-cloaking.png\" \/>\n\t<meta property=\"og:image:width\" content=\"940\" \/>\n\t<meta property=\"og:image:height\" content=\"640\" \/>\n\t<meta property=\"og:image:type\" content=\"image\/png\" \/>\n<meta name=\"twitter:card\" content=\"summary_large_image\" \/>\n<meta name=\"twitter:label1\" content=\"Tahmini okuma s\u00fcresi\" \/>\n\t<meta name=\"twitter:data1\" content=\"1 dakika\" \/>\n<script type=\"application\/ld+json\" class=\"yoast-schema-graph\">{\"@context\":\"https:\/\/schema.org\",\"@graph\":[{\"@type\":\"WebPage\",\"@id\":\"https:\/\/cloakmyads.com\/buy\/microsoft-ads-account-bing-cloaking\/\",\"url\":\"https:\/\/cloakmyads.com\/buy\/microsoft-ads-account-bing-cloaking\/\",\"name\":\"Buy Microsoft Ads Cloaking Accounts \u2013 Crypto & Gambling\",\"isPartOf\":{\"@id\":\"https:\/\/cloakmyads.com\/#website\"},\"primaryImageOfPage\":{\"@id\":\"https:\/\/cloakmyads.com\/buy\/microsoft-ads-account-bing-cloaking\/#primaryimage\"},\"image\":{\"@id\":\"https:\/\/cloakmyads.com\/buy\/microsoft-ads-account-bing-cloaking\/#primaryimage\"},\"thumbnailUrl\":\"https:\/\/cloakmyads.com\/wp-content\/uploads\/2022\/08\/microsoft-bing-cloaking.png\",\"datePublished\":\"2022-08-30T13:28:57+00:00\",\"dateModified\":\"2025-10-03T15:39:05+00:00\",\"description\":\"Buy Microsoft Ads Cloaking Accounts for crypto, gambling, betting, and forex campaigns. Verified cloaking accounts to keep Microsoft Ads running safely.\",\"breadcrumb\":{\"@id\":\"https:\/\/cloakmyads.com\/buy\/microsoft-ads-account-bing-cloaking\/#breadcrumb\"},\"inLanguage\":\"tr\",\"potentialAction\":[{\"@type\":\"ReadAction\",\"target\":[\"https:\/\/cloakmyads.com\/buy\/microsoft-ads-account-bing-cloaking\/\"]}]},{\"@type\":\"ImageObject\",\"inLanguage\":\"tr\",\"@id\":\"https:\/\/cloakmyads.com\/buy\/microsoft-ads-account-bing-cloaking\/#primaryimage\",\"url\":\"https:\/\/cloakmyads.com\/wp-content\/uploads\/2022\/08\/microsoft-bing-cloaking.png\",\"contentUrl\":\"https:\/\/cloakmyads.com\/wp-content\/uploads\/2022\/08\/microsoft-bing-cloaking.png\",\"width\":940,\"height\":640,\"caption\":\"Microsoft Bing Ads Accounts Cloaking\"},{\"@type\":\"BreadcrumbList\",\"@id\":\"https:\/\/cloakmyads.com\/buy\/microsoft-ads-account-bing-cloaking\/#breadcrumb\",\"itemListElement\":[{\"@type\":\"ListItem\",\"position\":1,\"name\":\"Home\",\"item\":\"https:\/\/cloakmyads.com\/\"},{\"@type\":\"ListItem\",\"position\":2,\"name\":\"Shop\",\"item\":\"https:\/\/cloakmyads.com\/ar\/%d9%85%d8%aa%d8%ac%d8%b1\/\"},{\"@type\":\"ListItem\",\"position\":3,\"name\":\"Microsoft Ads Cloaking Accounts\"}]},{\"@type\":\"WebSite\",\"@id\":\"https:\/\/cloakmyads.com\/#website\",\"url\":\"https:\/\/cloakmyads.com\/\",\"name\":\"CloakMyAds\",\"description\":\"\",\"publisher\":{\"@id\":\"https:\/\/cloakmyads.com\/#organization\"},\"potentialAction\":[{\"@type\":\"SearchAction\",\"target\":{\"@type\":\"EntryPoint\",\"urlTemplate\":\"https:\/\/cloakmyads.com\/?s={search_term_string}\"},\"query-input\":{\"@type\":\"PropertyValueSpecification\",\"valueRequired\":true,\"valueName\":\"search_term_string\"}}],\"inLanguage\":\"tr\"},{\"@type\":\"Organization\",\"@id\":\"https:\/\/cloakmyads.com\/#organization\",\"name\":\"Buy Google Ads Accounts\",\"url\":\"https:\/\/cloakmyads.com\/\",\"logo\":{\"@type\":\"ImageObject\",\"inLanguage\":\"tr\",\"@id\":\"https:\/\/cloakmyads.com\/#\/schema\/logo\/image\/\",\"url\":\"https:\/\/cloakmyads.com\/wp-content\/uploads\/2025\/11\/fav-cloak.jpg\",\"contentUrl\":\"https:\/\/cloakmyads.com\/wp-content\/uploads\/2025\/11\/fav-cloak.jpg\",\"width\":512,\"height\":512,\"caption\":\"Buy Google Ads Accounts\"},\"image\":{\"@id\":\"https:\/\/cloakmyads.com\/#\/schema\/logo\/image\/\"}}]}<\/script>\n<!-- \/ Yoast SEO Premium plugin. -->","yoast_head_json":{"title":"Microsoft Ads Gizleme Hesaplar\u0131 Sat\u0131n Al\u0131n - Kripto &amp; Kumar","description":"Kripto, kumar, bahis ve forex kampanyalar\u0131 i\u00e7in Microsoft Ads Gizleme Hesaplar\u0131 sat\u0131n al\u0131n. Microsoft Ads'in g\u00fcvenli bir \u015fekilde \u00e7al\u0131\u015fmas\u0131n\u0131 sa\u011flamak i\u00e7in do\u011frulanm\u0131\u015f gizleme hesaplar\u0131.","robots":{"index":"index","follow":"follow","max-snippet":"max-snippet:-1","max-image-preview":"max-image-preview:large","max-video-preview":"max-video-preview:-1"},"canonical":"https:\/\/cloakmyads.com\/tr\/satin-al\/microsoft-reklam-hesabi-bing-cloaking\/","og_locale":"tr_TR","og_type":"article","og_title":"Microsoft Ads Cloaking Accounts","og_description":"Buy Microsoft Ads Cloaking Accounts for crypto, gambling, betting, and forex campaigns. Verified cloaking accounts to keep Microsoft Ads running safely.","og_url":"https:\/\/cloakmyads.com\/tr\/satin-al\/microsoft-reklam-hesabi-bing-cloaking\/","og_site_name":"CloakMyAds","article_modified_time":"2025-10-03T15:39:05+00:00","og_image":[{"width":940,"height":640,"url":"https:\/\/cloakmyads.com\/wp-content\/uploads\/2022\/08\/microsoft-bing-cloaking.png","type":"image\/png"}],"twitter_card":"summary_large_image","twitter_misc":{"Tahmini okuma s\u00fcresi":"1 dakika"},"schema":{"@context":"https:\/\/schema.org","@graph":[{"@type":"WebPage","@id":"https:\/\/cloakmyads.com\/buy\/microsoft-ads-account-bing-cloaking\/","url":"https:\/\/cloakmyads.com\/buy\/microsoft-ads-account-bing-cloaking\/","name":"Microsoft Ads Gizleme Hesaplar\u0131 Sat\u0131n Al\u0131n - Kripto &amp; Kumar","isPartOf":{"@id":"https:\/\/cloakmyads.com\/#website"},"primaryImageOfPage":{"@id":"https:\/\/cloakmyads.com\/buy\/microsoft-ads-account-bing-cloaking\/#primaryimage"},"image":{"@id":"https:\/\/cloakmyads.com\/buy\/microsoft-ads-account-bing-cloaking\/#primaryimage"},"thumbnailUrl":"https:\/\/cloakmyads.com\/wp-content\/uploads\/2022\/08\/microsoft-bing-cloaking.png","datePublished":"2022-08-30T13:28:57+00:00","dateModified":"2025-10-03T15:39:05+00:00","description":"Kripto, kumar, bahis ve forex kampanyalar\u0131 i\u00e7in Microsoft Ads Gizleme Hesaplar\u0131 sat\u0131n al\u0131n. Microsoft Ads'in g\u00fcvenli bir \u015fekilde \u00e7al\u0131\u015fmas\u0131n\u0131 sa\u011flamak i\u00e7in do\u011frulanm\u0131\u015f gizleme hesaplar\u0131.","breadcrumb":{"@id":"https:\/\/cloakmyads.com\/buy\/microsoft-ads-account-bing-cloaking\/#breadcrumb"},"inLanguage":"tr","potentialAction":[{"@type":"ReadAction","target":["https:\/\/cloakmyads.com\/buy\/microsoft-ads-account-bing-cloaking\/"]}]},{"@type":"ImageObject","inLanguage":"tr","@id":"https:\/\/cloakmyads.com\/buy\/microsoft-ads-account-bing-cloaking\/#primaryimage","url":"https:\/\/cloakmyads.com\/wp-content\/uploads\/2022\/08\/microsoft-bing-cloaking.png","contentUrl":"https:\/\/cloakmyads.com\/wp-content\/uploads\/2022\/08\/microsoft-bing-cloaking.png","width":940,"height":640,"caption":"Microsoft Bing Ads Accounts Cloaking"},{"@type":"BreadcrumbList","@id":"https:\/\/cloakmyads.com\/buy\/microsoft-ads-account-bing-cloaking\/#breadcrumb","itemListElement":[{"@type":"ListItem","position":1,"name":"Home","item":"https:\/\/cloakmyads.com\/"},{"@type":"ListItem","position":2,"name":"Shop","item":"https:\/\/cloakmyads.com\/ar\/%d9%85%d8%aa%d8%ac%d8%b1\/"},{"@type":"ListItem","position":3,"name":"Microsoft Ads Cloaking Accounts"}]},{"@type":"WebSite","@id":"https:\/\/cloakmyads.com\/#website","url":"https:\/\/cloakmyads.com\/","name":"CloakMyAds","description":"","publisher":{"@id":"https:\/\/cloakmyads.com\/#organization"},"potentialAction":[{"@type":"SearchAction","target":{"@type":"EntryPoint","urlTemplate":"https:\/\/cloakmyads.com\/?s={search_term_string}"},"query-input":{"@type":"PropertyValueSpecification","valueRequired":true,"valueName":"search_term_string"}}],"inLanguage":"tr"},{"@type":"Organization","@id":"https:\/\/cloakmyads.com\/#organization","name":"Google Ads Hesaplar\u0131 Sat\u0131n Al\u0131n","url":"https:\/\/cloakmyads.com\/","logo":{"@type":"ImageObject","inLanguage":"tr","@id":"https:\/\/cloakmyads.com\/#\/schema\/logo\/image\/","url":"https:\/\/cloakmyads.com\/wp-content\/uploads\/2025\/11\/fav-cloak.jpg","contentUrl":"https:\/\/cloakmyads.com\/wp-content\/uploads\/2025\/11\/fav-cloak.jpg","width":512,"height":512,"caption":"Buy Google Ads Accounts"},"image":{"@id":"https:\/\/cloakmyads.com\/#\/schema\/logo\/image\/"}}]}},"_links":{"self":[{"href":"https:\/\/cloakmyads.com\/tr\/wp-json\/wp\/v2\/product\/3393","targetHints":{"allow":["GET"]}}],"collection":[{"href":"https:\/\/cloakmyads.com\/tr\/wp-json\/wp\/v2\/product"}],"about":[{"href":"https:\/\/cloakmyads.com\/tr\/wp-json\/wp\/v2\/types\/product"}],"version-history":[{"count":10,"href":"https:\/\/cloakmyads.com\/tr\/wp-json\/wp\/v2\/product\/3393\/revisions"}],"predecessor-version":[{"id":9731,"href":"https:\/\/cloakmyads.com\/tr\/wp-json\/wp\/v2\/product\/3393\/revisions\/9731"}],"wp:featuredmedia":[{"embeddable":true,"href":"https:\/\/cloakmyads.com\/tr\/wp-json\/wp\/v2\/media\/9380"}],"wp:attachment":[{"href":"https:\/\/cloakmyads.com\/tr\/wp-json\/wp\/v2\/media?parent=3393"}],"wp:term":[{"taxonomy":"product_brand","embeddable":true,"href":"https:\/\/cloakmyads.com\/tr\/wp-json\/wp\/v2\/product_brand?post=3393"},{"taxonomy":"product_cat","embeddable":true,"href":"https:\/\/cloakmyads.com\/tr\/wp-json\/wp\/v2\/product_cat?post=3393"},{"taxonomy":"product_tag","embeddable":true,"href":"https:\/\/cloakmyads.com\/tr\/wp-json\/wp\/v2\/product_tag?post=3393"}],"curies":[{"name":"wp","href":"https:\/\/api.w.org\/{rel}","templated":true}]}}