{"id":324,"date":"2021-07-13T14:00:43","date_gmt":"2021-07-13T11:00:43","guid":{"rendered":"https:\/\/www.revohackers.net\/?post_type=product&#038;p=324"},"modified":"2025-10-03T16:40:08","modified_gmt":"2025-10-03T15:40:08","slug":"google-reklam-hesaplari-gizleme-satin-al","status":"publish","type":"product","link":"https:\/\/cloakmyads.com\/tr\/satin-al\/google-reklam-hesaplari-gizleme-satin-al\/","title":{"rendered":"Google Ads Gizleme Hesaplar\u0131"},"content":{"rendered":"<p data-start=\"251\" data-end=\"541\">Bizden Google Ads hesab\u0131 sat\u0131n ald\u0131\u011f\u0131n\u0131zda, yeni giri\u015fler veya d\u00fc\u015f\u00fck kaliteli \u00e7\u00f6pler almazs\u0131n\u0131z - ger\u00e7ek ABD ve \u0130ngiltere i\u015fletmelerine ba\u011fl\u0131, tamamen do\u011frulanm\u0131\u015f, eski hesaplar al\u0131rs\u0131n\u0131z. Her hesap \u00f6nceden \u0131s\u0131t\u0131lm\u0131\u015f, istikrarl\u0131 ve gizlemeyi, agresif \u00f6l\u00e7eklendirmeyi ve h\u0131zl\u0131 kampanya ba\u015flatmay\u0131 destekleyecek \u015fekilde olu\u015fturulmu\u015ftur.<\/p>\n<p data-start=\"543\" data-end=\"855\">Google'\u0131n inceleme sistemi her zamankinden daha kat\u0131 hale geldi. \u00d6zellikle y\u00fcksek riskli sekt\u00f6rlerde, yeni hesaplar genellikle daha yay\u0131na girmeden i\u015faretleniyor, ask\u0131ya al\u0131n\u0131yor veya reddediliyor. Bu nedenle ciddi medya al\u0131c\u0131lar\u0131, gelir ortakl\u0131\u011f\u0131 pazarlamac\u0131lar\u0131 ve ajans ekipleri, zaten eski ve g\u00fcvenilir olan Google Ads hesaplar\u0131n\u0131 sat\u0131n almay\u0131 tercih ediyor.<\/p>\n<p data-start=\"857\" data-end=\"1102\">T\u00fcm hesaplar 2022-2024 penceresinden gelir, do\u011frulanm\u0131\u015f fatura bilgilerini i\u00e7erir ve herhangi bir politika ihlalinden ar\u0131nd\u0131r\u0131lm\u0131\u015ft\u0131r. Kendi \u00f6deme y\u00f6nteminizi kullanabilir veya RDP kurulumu, faturaland\u0131rma profilleri ve proxy'ye haz\u0131r da\u011f\u0131t\u0131m gibi ek hizmetler talep edebilirsiniz.<\/p>\n<p data-start=\"1104\" data-end=\"1303\">Reklamlar\u0131 h\u0131zl\u0131 bir \u015fekilde ba\u015flatman\u0131z, gizlenmi\u015f kampanyalar\u0131 \u00f6l\u00e7eklendirmeniz veya sonsuz ask\u0131ya alma d\u00f6ng\u00fcs\u00fcnden ka\u00e7\u0131nman\u0131z gerekiyorsa, bunu yapman\u0131n yolu budur. Reklamlar\u0131n\u0131z\u0131n yay\u0131nlanmas\u0131n\u0131 ve k\u00e2r\u0131n\u0131z\u0131n artmas\u0131n\u0131 sa\u011flayan Google Ads hesaplar\u0131 sat\u0131n al\u0131n.<\/p>","protected":false},"excerpt":{"rendered":"<p>\u0130ncelemeleri tetiklemeden kripto, kumar, forex ve kara \u015fapka tekliflerini \u00e7al\u0131\u015ft\u0131rmaya haz\u0131r geli\u015fmi\u015f gizlenmi\u015f hesaplarla Google'\u0131n alg\u0131lama sistemlerini atlay\u0131n.<\/p>","protected":false},"featured_media":9353,"template":"","meta":{"_acf_changed":false},"product_brand":[],"product_cat":[65],"product_tag":[],"class_list":{"0":"post-324","1":"product","2":"type-product","3":"status-publish","4":"has-post-thumbnail","6":"product_cat-accounts","8":"first","9":"instock","10":"purchasable","11":"product-type-simple"},"acf":[],"yoast_head":"<!-- This site is optimized with the Yoast SEO Premium plugin v26.6 (Yoast SEO v26.7) - https:\/\/yoast.com\/wordpress\/plugins\/seo\/ -->\n<title>Buy Google Ads Cloaking Accounts \u2013 Crypto &amp; Gambling<\/title>\n<meta name=\"description\" content=\"Buy Google Ads Cloaking Accounts for crypto, gambling, betting, and forex campaigns. Verified cloaking accounts to scale risky ads without bans.\" \/>\n<meta name=\"robots\" content=\"index, follow, max-snippet:-1, max-image-preview:large, max-video-preview:-1\" \/>\n<link rel=\"canonical\" href=\"https:\/\/cloakmyads.com\/tr\/satin-al\/google-reklam-hesaplari-gizleme-satin-al\/\" \/>\n<meta property=\"og:locale\" content=\"tr_TR\" \/>\n<meta property=\"og:type\" content=\"article\" \/>\n<meta property=\"og:title\" content=\"Google Ads Cloaking Accounts\" \/>\n<meta property=\"og:description\" content=\"Buy Google Ads Cloaking Accounts for crypto, gambling, betting, and forex campaigns. Verified cloaking accounts to scale risky ads without bans.\" \/>\n<meta property=\"og:url\" content=\"https:\/\/cloakmyads.com\/tr\/satin-al\/google-reklam-hesaplari-gizleme-satin-al\/\" \/>\n<meta property=\"og:site_name\" content=\"CloakMyAds\" \/>\n<meta property=\"article:modified_time\" content=\"2025-10-03T15:40:08+00:00\" \/>\n<meta property=\"og:image\" content=\"https:\/\/cloakmyads.com\/wp-content\/uploads\/2021\/07\/google-ads-cloaking.png\" \/>\n\t<meta property=\"og:image:width\" content=\"940\" \/>\n\t<meta property=\"og:image:height\" content=\"640\" \/>\n\t<meta property=\"og:image:type\" content=\"image\/png\" \/>\n<meta name=\"twitter:card\" content=\"summary_large_image\" \/>\n<meta name=\"twitter:label1\" content=\"Tahmini okuma s\u00fcresi\" \/>\n\t<meta name=\"twitter:data1\" content=\"1 dakika\" \/>\n<script type=\"application\/ld+json\" class=\"yoast-schema-graph\">{\"@context\":\"https:\/\/schema.org\",\"@graph\":[{\"@type\":\"WebPage\",\"@id\":\"https:\/\/cloakmyads.com\/buy\/buy-google-ads-accounts-cloaking\/\",\"url\":\"https:\/\/cloakmyads.com\/buy\/buy-google-ads-accounts-cloaking\/\",\"name\":\"Buy Google Ads Cloaking Accounts \u2013 Crypto & Gambling\",\"isPartOf\":{\"@id\":\"https:\/\/cloakmyads.com\/#website\"},\"primaryImageOfPage\":{\"@id\":\"https:\/\/cloakmyads.com\/buy\/buy-google-ads-accounts-cloaking\/#primaryimage\"},\"image\":{\"@id\":\"https:\/\/cloakmyads.com\/buy\/buy-google-ads-accounts-cloaking\/#primaryimage\"},\"thumbnailUrl\":\"https:\/\/cloakmyads.com\/wp-content\/uploads\/2021\/07\/google-ads-cloaking.png\",\"datePublished\":\"2021-07-13T11:00:43+00:00\",\"dateModified\":\"2025-10-03T15:40:08+00:00\",\"description\":\"Buy Google Ads Cloaking Accounts for crypto, gambling, betting, and forex campaigns. Verified cloaking accounts to scale risky ads without bans.\",\"breadcrumb\":{\"@id\":\"https:\/\/cloakmyads.com\/buy\/buy-google-ads-accounts-cloaking\/#breadcrumb\"},\"inLanguage\":\"tr\",\"potentialAction\":[{\"@type\":\"ReadAction\",\"target\":[\"https:\/\/cloakmyads.com\/buy\/buy-google-ads-accounts-cloaking\/\"]}]},{\"@type\":\"ImageObject\",\"inLanguage\":\"tr\",\"@id\":\"https:\/\/cloakmyads.com\/buy\/buy-google-ads-accounts-cloaking\/#primaryimage\",\"url\":\"https:\/\/cloakmyads.com\/wp-content\/uploads\/2021\/07\/google-ads-cloaking.png\",\"contentUrl\":\"https:\/\/cloakmyads.com\/wp-content\/uploads\/2021\/07\/google-ads-cloaking.png\",\"width\":940,\"height\":640,\"caption\":\"Google Ads Cloaking Gambling Crypto Ads\"},{\"@type\":\"BreadcrumbList\",\"@id\":\"https:\/\/cloakmyads.com\/buy\/buy-google-ads-accounts-cloaking\/#breadcrumb\",\"itemListElement\":[{\"@type\":\"ListItem\",\"position\":1,\"name\":\"Home\",\"item\":\"https:\/\/cloakmyads.com\/\"},{\"@type\":\"ListItem\",\"position\":2,\"name\":\"Shop\",\"item\":\"https:\/\/cloakmyads.com\/ar\/%d9%85%d8%aa%d8%ac%d8%b1\/\"},{\"@type\":\"ListItem\",\"position\":3,\"name\":\"Google Ads Cloaking Accounts\"}]},{\"@type\":\"WebSite\",\"@id\":\"https:\/\/cloakmyads.com\/#website\",\"url\":\"https:\/\/cloakmyads.com\/\",\"name\":\"CloakMyAds\",\"description\":\"\",\"publisher\":{\"@id\":\"https:\/\/cloakmyads.com\/#organization\"},\"potentialAction\":[{\"@type\":\"SearchAction\",\"target\":{\"@type\":\"EntryPoint\",\"urlTemplate\":\"https:\/\/cloakmyads.com\/?s={search_term_string}\"},\"query-input\":{\"@type\":\"PropertyValueSpecification\",\"valueRequired\":true,\"valueName\":\"search_term_string\"}}],\"inLanguage\":\"tr\"},{\"@type\":\"Organization\",\"@id\":\"https:\/\/cloakmyads.com\/#organization\",\"name\":\"Buy Google Ads Accounts\",\"url\":\"https:\/\/cloakmyads.com\/\",\"logo\":{\"@type\":\"ImageObject\",\"inLanguage\":\"tr\",\"@id\":\"https:\/\/cloakmyads.com\/#\/schema\/logo\/image\/\",\"url\":\"https:\/\/cloakmyads.com\/wp-content\/uploads\/2025\/11\/fav-cloak.jpg\",\"contentUrl\":\"https:\/\/cloakmyads.com\/wp-content\/uploads\/2025\/11\/fav-cloak.jpg\",\"width\":512,\"height\":512,\"caption\":\"Buy Google Ads Accounts\"},\"image\":{\"@id\":\"https:\/\/cloakmyads.com\/#\/schema\/logo\/image\/\"}}]}<\/script>\n<!-- \/ Yoast SEO Premium plugin. -->","yoast_head_json":{"title":"Google Ads Gizleme Hesaplar\u0131 Sat\u0131n Al\u0131n - Kripto &amp; Kumar","description":"Kripto, kumar, bahis ve forex kampanyalar\u0131 i\u00e7in Google Ads Gizleme Hesaplar\u0131 sat\u0131n al\u0131n. Riskli reklamlar\u0131 yasaklanmadan \u00f6l\u00e7eklendirmek i\u00e7in do\u011frulanm\u0131\u015f gizleme hesaplar\u0131.","robots":{"index":"index","follow":"follow","max-snippet":"max-snippet:-1","max-image-preview":"max-image-preview:large","max-video-preview":"max-video-preview:-1"},"canonical":"https:\/\/cloakmyads.com\/tr\/satin-al\/google-reklam-hesaplari-gizleme-satin-al\/","og_locale":"tr_TR","og_type":"article","og_title":"Google Ads Cloaking Accounts","og_description":"Buy Google Ads Cloaking Accounts for crypto, gambling, betting, and forex campaigns. Verified cloaking accounts to scale risky ads without bans.","og_url":"https:\/\/cloakmyads.com\/tr\/satin-al\/google-reklam-hesaplari-gizleme-satin-al\/","og_site_name":"CloakMyAds","article_modified_time":"2025-10-03T15:40:08+00:00","og_image":[{"width":940,"height":640,"url":"https:\/\/cloakmyads.com\/wp-content\/uploads\/2021\/07\/google-ads-cloaking.png","type":"image\/png"}],"twitter_card":"summary_large_image","twitter_misc":{"Tahmini okuma s\u00fcresi":"1 dakika"},"schema":{"@context":"https:\/\/schema.org","@graph":[{"@type":"WebPage","@id":"https:\/\/cloakmyads.com\/buy\/buy-google-ads-accounts-cloaking\/","url":"https:\/\/cloakmyads.com\/buy\/buy-google-ads-accounts-cloaking\/","name":"Google Ads Gizleme Hesaplar\u0131 Sat\u0131n Al\u0131n - Kripto &amp; Kumar","isPartOf":{"@id":"https:\/\/cloakmyads.com\/#website"},"primaryImageOfPage":{"@id":"https:\/\/cloakmyads.com\/buy\/buy-google-ads-accounts-cloaking\/#primaryimage"},"image":{"@id":"https:\/\/cloakmyads.com\/buy\/buy-google-ads-accounts-cloaking\/#primaryimage"},"thumbnailUrl":"https:\/\/cloakmyads.com\/wp-content\/uploads\/2021\/07\/google-ads-cloaking.png","datePublished":"2021-07-13T11:00:43+00:00","dateModified":"2025-10-03T15:40:08+00:00","description":"Kripto, kumar, bahis ve forex kampanyalar\u0131 i\u00e7in Google Ads Gizleme Hesaplar\u0131 sat\u0131n al\u0131n. Riskli reklamlar\u0131 yasaklanmadan \u00f6l\u00e7eklendirmek i\u00e7in do\u011frulanm\u0131\u015f gizleme hesaplar\u0131.","breadcrumb":{"@id":"https:\/\/cloakmyads.com\/buy\/buy-google-ads-accounts-cloaking\/#breadcrumb"},"inLanguage":"tr","potentialAction":[{"@type":"ReadAction","target":["https:\/\/cloakmyads.com\/buy\/buy-google-ads-accounts-cloaking\/"]}]},{"@type":"ImageObject","inLanguage":"tr","@id":"https:\/\/cloakmyads.com\/buy\/buy-google-ads-accounts-cloaking\/#primaryimage","url":"https:\/\/cloakmyads.com\/wp-content\/uploads\/2021\/07\/google-ads-cloaking.png","contentUrl":"https:\/\/cloakmyads.com\/wp-content\/uploads\/2021\/07\/google-ads-cloaking.png","width":940,"height":640,"caption":"Google Ads Cloaking Gambling Crypto Ads"},{"@type":"BreadcrumbList","@id":"https:\/\/cloakmyads.com\/buy\/buy-google-ads-accounts-cloaking\/#breadcrumb","itemListElement":[{"@type":"ListItem","position":1,"name":"Home","item":"https:\/\/cloakmyads.com\/"},{"@type":"ListItem","position":2,"name":"Shop","item":"https:\/\/cloakmyads.com\/ar\/%d9%85%d8%aa%d8%ac%d8%b1\/"},{"@type":"ListItem","position":3,"name":"Google Ads Cloaking Accounts"}]},{"@type":"WebSite","@id":"https:\/\/cloakmyads.com\/#website","url":"https:\/\/cloakmyads.com\/","name":"CloakMyAds","description":"","publisher":{"@id":"https:\/\/cloakmyads.com\/#organization"},"potentialAction":[{"@type":"SearchAction","target":{"@type":"EntryPoint","urlTemplate":"https:\/\/cloakmyads.com\/?s={search_term_string}"},"query-input":{"@type":"PropertyValueSpecification","valueRequired":true,"valueName":"search_term_string"}}],"inLanguage":"tr"},{"@type":"Organization","@id":"https:\/\/cloakmyads.com\/#organization","name":"Google Ads Hesaplar\u0131 Sat\u0131n Al\u0131n","url":"https:\/\/cloakmyads.com\/","logo":{"@type":"ImageObject","inLanguage":"tr","@id":"https:\/\/cloakmyads.com\/#\/schema\/logo\/image\/","url":"https:\/\/cloakmyads.com\/wp-content\/uploads\/2025\/11\/fav-cloak.jpg","contentUrl":"https:\/\/cloakmyads.com\/wp-content\/uploads\/2025\/11\/fav-cloak.jpg","width":512,"height":512,"caption":"Buy Google Ads Accounts"},"image":{"@id":"https:\/\/cloakmyads.com\/#\/schema\/logo\/image\/"}}]}},"_links":{"self":[{"href":"https:\/\/cloakmyads.com\/tr\/wp-json\/wp\/v2\/product\/324","targetHints":{"allow":["GET"]}}],"collection":[{"href":"https:\/\/cloakmyads.com\/tr\/wp-json\/wp\/v2\/product"}],"about":[{"href":"https:\/\/cloakmyads.com\/tr\/wp-json\/wp\/v2\/types\/product"}],"version-history":[{"count":37,"href":"https:\/\/cloakmyads.com\/tr\/wp-json\/wp\/v2\/product\/324\/revisions"}],"predecessor-version":[{"id":9732,"href":"https:\/\/cloakmyads.com\/tr\/wp-json\/wp\/v2\/product\/324\/revisions\/9732"}],"wp:featuredmedia":[{"embeddable":true,"href":"https:\/\/cloakmyads.com\/tr\/wp-json\/wp\/v2\/media\/9353"}],"wp:attachment":[{"href":"https:\/\/cloakmyads.com\/tr\/wp-json\/wp\/v2\/media?parent=324"}],"wp:term":[{"taxonomy":"product_brand","embeddable":true,"href":"https:\/\/cloakmyads.com\/tr\/wp-json\/wp\/v2\/product_brand?post=324"},{"taxonomy":"product_cat","embeddable":true,"href":"https:\/\/cloakmyads.com\/tr\/wp-json\/wp\/v2\/product_cat?post=324"},{"taxonomy":"product_tag","embeddable":true,"href":"https:\/\/cloakmyads.com\/tr\/wp-json\/wp\/v2\/product_tag?post=324"}],"curies":[{"name":"wp","href":"https:\/\/api.w.org\/{rel}","templated":true}]}}