{"id":9611,"date":"2025-09-22T16:44:33","date_gmt":"2025-09-22T15:44:33","guid":{"rendered":"https:\/\/cloakmyads.com\/?post_type=product&#038;p=9611"},"modified":"2025-11-08T09:38:40","modified_gmt":"2025-11-08T14:38:40","slug":"dropshipping-ecom-anunturi-cloaking","status":"publish","type":"product","link":"https:\/\/cloakmyads.com\/ro\/cumpara\/dropshipping-ecom-anunturi-cloaking\/","title":{"rendered":"Dropshipping \/ Ecom Ads Cloaking"},"content":{"rendered":"<p data-start=\"906\" data-end=\"1248\">Platforme precum Facebook \u0219i TikTok au luat m\u0103suri drastice cu privire la ceea ce pute\u021bi vinde - \u00een special \u00een dropshipping. Produsele precum replica adida\u0219ilor, gadgeturile pentru arme, uneltele de detoxifiere \u0219i electronicele cu m\u0103rci false sunt adesea interzise pe loc. Chiar \u0219i p\u00e2lniile standard care utilizeaz\u0103 cronometre false, artificii de raritate sau afirma\u021bii \u00eendr\u0103zne\u021be vor declan\u0219a dezaprob\u0103ri sau interdic\u021bii complete de cont.<\/p>\n<p data-start=\"1250\" data-end=\"1529\">Sistemul nostru de camuflare rezolv\u0103 aceast\u0103 problem\u0103. Recenzorilor, robo\u021bilor \u0219i scanerelor de conformitate li se afi\u0219eaz\u0103 o pagin\u0103 curat\u0103 - de obicei o pagin\u0103 de pornire de marc\u0103, un blog de tip influencer sau o pagin\u0103 generic\u0103 de informa\u021bii despre produs. Utilizatorii reali, pe de alt\u0103 parte, sunt redirec\u021biona\u021bi instantaneu c\u0103tre magazinul, oferta sau pagina de plat\u0103 real\u0103.<\/p>\n<p data-start=\"1531\" data-end=\"1736\">Controla\u021bi exact cine vede ce: filtra\u021bi traficul \u00een func\u021bie de intervalul IP, \u021bar\u0103, dispozitiv, amprenta browserului sau limb\u0103. Men\u021bine\u021bi produsul dvs. c\u00e2\u0219tig\u0103tor \u00een via\u021b\u0103 mai mult timp \u0219i nu mai pierde\u021bi conturi de publicitate din cauza \u201c\u00eenc\u0103lc\u0103rii politicilor\u201d.\u201d<\/p>\n<p data-start=\"1738\" data-end=\"1915\">Folosit de dropshipperi cu 6 cifre, echipe de arbitrare a comer\u021bului electronic \u0219i afilia\u021bi care administreaz\u0103 magazine cu un singur produs, acest cloaker este arma preferat\u0103 pentru scalarea a ceea ce \u00een mod normal nu poate fi scalat.<\/p>","protected":false},"excerpt":{"rendered":"<p>Sistem avansat de camuflare construit pentru produse dropshipping agresive - inclusiv replici, articole interzise, arme, produse cosmetice neverificate \u0219i p\u00e2lnii false de raritate - pentru a rula \u00een siguran\u021b\u0103 pe platforme precum Facebook, Google, TikTok \u0219i X Ads.<\/p>","protected":false},"featured_media":9556,"template":"","meta":{"_acf_changed":false},"product_brand":[],"product_cat":[325],"product_tag":[],"class_list":{"0":"post-9611","1":"product","2":"type-product","3":"status-publish","4":"has-post-thumbnail","6":"product_cat-cloaking","8":"first","9":"instock","10":"purchasable","11":"product-type-simple"},"acf":[],"yoast_head":"<!-- This site is optimized with the Yoast SEO Premium plugin v26.6 (Yoast SEO v26.7) - https:\/\/yoast.com\/wordpress\/plugins\/seo\/ -->\n<title>Buy Dropshipping Ads Cloaking \u2013 Hide Blackhat Products<\/title>\n<meta name=\"description\" content=\"Buy Ecom Ads Cloaking to run dropshipping campaigns by showing safe content to reviewers and real offers to customers.\" \/>\n<meta name=\"robots\" content=\"index, follow, max-snippet:-1, max-image-preview:large, max-video-preview:-1\" \/>\n<link rel=\"canonical\" href=\"https:\/\/cloakmyads.com\/ro\/cumpara\/dropshipping-ecom-anunturi-cloaking\/\" \/>\n<meta property=\"og:locale\" content=\"ro_RO\" \/>\n<meta property=\"og:type\" content=\"article\" \/>\n<meta property=\"og:title\" content=\"Dropshipping \/ Ecom Ads Cloaking\" \/>\n<meta property=\"og:description\" content=\"Buy Ecom Ads Cloaking to run dropshipping campaigns by showing safe content to reviewers and real offers to customers.\" \/>\n<meta property=\"og:url\" content=\"https:\/\/cloakmyads.com\/ro\/cumpara\/dropshipping-ecom-anunturi-cloaking\/\" \/>\n<meta property=\"og:site_name\" content=\"CloakMyAds\" \/>\n<meta property=\"article:modified_time\" content=\"2025-11-08T14:38:40+00:00\" \/>\n<meta property=\"og:image\" content=\"https:\/\/cloakmyads.com\/wp-content\/uploads\/2025\/09\/cloaking-ads.jpg\" \/>\n\t<meta property=\"og:image:width\" content=\"605\" \/>\n\t<meta property=\"og:image:height\" content=\"400\" \/>\n\t<meta property=\"og:image:type\" content=\"image\/jpeg\" \/>\n<meta name=\"twitter:card\" content=\"summary_large_image\" \/>\n<meta name=\"twitter:label1\" content=\"Timp estimat pentru citire\" \/>\n\t<meta name=\"twitter:data1\" content=\"1 minut\" \/>\n<script type=\"application\/ld+json\" class=\"yoast-schema-graph\">{\"@context\":\"https:\/\/schema.org\",\"@graph\":[{\"@type\":\"WebPage\",\"@id\":\"https:\/\/cloakmyads.com\/buy\/dropshipping-ecom-ads-cloaking\/\",\"url\":\"https:\/\/cloakmyads.com\/buy\/dropshipping-ecom-ads-cloaking\/\",\"name\":\"Buy Dropshipping Ads Cloaking \u2013 Hide Blackhat Products\",\"isPartOf\":{\"@id\":\"https:\/\/cloakmyads.com\/#website\"},\"primaryImageOfPage\":{\"@id\":\"https:\/\/cloakmyads.com\/buy\/dropshipping-ecom-ads-cloaking\/#primaryimage\"},\"image\":{\"@id\":\"https:\/\/cloakmyads.com\/buy\/dropshipping-ecom-ads-cloaking\/#primaryimage\"},\"thumbnailUrl\":\"https:\/\/cloakmyads.com\/wp-content\/uploads\/2025\/09\/cloaking-ads.jpg\",\"datePublished\":\"2025-09-22T15:44:33+00:00\",\"dateModified\":\"2025-11-08T14:38:40+00:00\",\"description\":\"Buy Ecom Ads Cloaking to run dropshipping campaigns by showing safe content to reviewers and real offers to customers.\",\"breadcrumb\":{\"@id\":\"https:\/\/cloakmyads.com\/buy\/dropshipping-ecom-ads-cloaking\/#breadcrumb\"},\"inLanguage\":\"ro-RO\",\"potentialAction\":[{\"@type\":\"ReadAction\",\"target\":[\"https:\/\/cloakmyads.com\/buy\/dropshipping-ecom-ads-cloaking\/\"]}]},{\"@type\":\"ImageObject\",\"inLanguage\":\"ro-RO\",\"@id\":\"https:\/\/cloakmyads.com\/buy\/dropshipping-ecom-ads-cloaking\/#primaryimage\",\"url\":\"https:\/\/cloakmyads.com\/wp-content\/uploads\/2025\/09\/cloaking-ads.jpg\",\"contentUrl\":\"https:\/\/cloakmyads.com\/wp-content\/uploads\/2025\/09\/cloaking-ads.jpg\",\"width\":605,\"height\":400,\"caption\":\"Ads cloaking\"},{\"@type\":\"BreadcrumbList\",\"@id\":\"https:\/\/cloakmyads.com\/buy\/dropshipping-ecom-ads-cloaking\/#breadcrumb\",\"itemListElement\":[{\"@type\":\"ListItem\",\"position\":1,\"name\":\"Home\",\"item\":\"https:\/\/cloakmyads.com\/\"},{\"@type\":\"ListItem\",\"position\":2,\"name\":\"Shop\",\"item\":\"https:\/\/cloakmyads.com\/ar\/%d9%85%d8%aa%d8%ac%d8%b1\/\"},{\"@type\":\"ListItem\",\"position\":3,\"name\":\"Dropshipping \/ Ecom Ads Cloaking\"}]},{\"@type\":\"WebSite\",\"@id\":\"https:\/\/cloakmyads.com\/#website\",\"url\":\"https:\/\/cloakmyads.com\/\",\"name\":\"CloakMyAds\",\"description\":\"\",\"publisher\":{\"@id\":\"https:\/\/cloakmyads.com\/#organization\"},\"potentialAction\":[{\"@type\":\"SearchAction\",\"target\":{\"@type\":\"EntryPoint\",\"urlTemplate\":\"https:\/\/cloakmyads.com\/?s={search_term_string}\"},\"query-input\":{\"@type\":\"PropertyValueSpecification\",\"valueRequired\":true,\"valueName\":\"search_term_string\"}}],\"inLanguage\":\"ro-RO\"},{\"@type\":\"Organization\",\"@id\":\"https:\/\/cloakmyads.com\/#organization\",\"name\":\"Buy Google Ads Accounts\",\"url\":\"https:\/\/cloakmyads.com\/\",\"logo\":{\"@type\":\"ImageObject\",\"inLanguage\":\"ro-RO\",\"@id\":\"https:\/\/cloakmyads.com\/#\/schema\/logo\/image\/\",\"url\":\"https:\/\/cloakmyads.com\/wp-content\/uploads\/2025\/11\/fav-cloak.jpg\",\"contentUrl\":\"https:\/\/cloakmyads.com\/wp-content\/uploads\/2025\/11\/fav-cloak.jpg\",\"width\":512,\"height\":512,\"caption\":\"Buy Google Ads Accounts\"},\"image\":{\"@id\":\"https:\/\/cloakmyads.com\/#\/schema\/logo\/image\/\"}}]}<\/script>\n<!-- \/ Yoast SEO Premium plugin. -->","yoast_head_json":{"title":"Cump\u0103ra\u021bi Dropshipping Ads Cloaking - Ascunde\u021bi produsele Blackhat","description":"Cump\u0103ra\u021bi Ecom Ads Cloaking pentru a derula campanii de dropshipping prin afi\u0219area de con\u021binut sigur pentru recenzori \u0219i oferte reale pentru clien\u021bi.","robots":{"index":"index","follow":"follow","max-snippet":"max-snippet:-1","max-image-preview":"max-image-preview:large","max-video-preview":"max-video-preview:-1"},"canonical":"https:\/\/cloakmyads.com\/ro\/cumpara\/dropshipping-ecom-anunturi-cloaking\/","og_locale":"ro_RO","og_type":"article","og_title":"Dropshipping \/ Ecom Ads Cloaking","og_description":"Buy Ecom Ads Cloaking to run dropshipping campaigns by showing safe content to reviewers and real offers to customers.","og_url":"https:\/\/cloakmyads.com\/ro\/cumpara\/dropshipping-ecom-anunturi-cloaking\/","og_site_name":"CloakMyAds","article_modified_time":"2025-11-08T14:38:40+00:00","og_image":[{"width":605,"height":400,"url":"https:\/\/cloakmyads.com\/wp-content\/uploads\/2025\/09\/cloaking-ads.jpg","type":"image\/jpeg"}],"twitter_card":"summary_large_image","twitter_misc":{"Timp estimat pentru citire":"1 minut"},"schema":{"@context":"https:\/\/schema.org","@graph":[{"@type":"WebPage","@id":"https:\/\/cloakmyads.com\/buy\/dropshipping-ecom-ads-cloaking\/","url":"https:\/\/cloakmyads.com\/buy\/dropshipping-ecom-ads-cloaking\/","name":"Cump\u0103ra\u021bi Dropshipping Ads Cloaking - Ascunde\u021bi produsele Blackhat","isPartOf":{"@id":"https:\/\/cloakmyads.com\/#website"},"primaryImageOfPage":{"@id":"https:\/\/cloakmyads.com\/buy\/dropshipping-ecom-ads-cloaking\/#primaryimage"},"image":{"@id":"https:\/\/cloakmyads.com\/buy\/dropshipping-ecom-ads-cloaking\/#primaryimage"},"thumbnailUrl":"https:\/\/cloakmyads.com\/wp-content\/uploads\/2025\/09\/cloaking-ads.jpg","datePublished":"2025-09-22T15:44:33+00:00","dateModified":"2025-11-08T14:38:40+00:00","description":"Cump\u0103ra\u021bi Ecom Ads Cloaking pentru a derula campanii de dropshipping prin afi\u0219area de con\u021binut sigur pentru recenzori \u0219i oferte reale pentru clien\u021bi.","breadcrumb":{"@id":"https:\/\/cloakmyads.com\/buy\/dropshipping-ecom-ads-cloaking\/#breadcrumb"},"inLanguage":"ro-RO","potentialAction":[{"@type":"ReadAction","target":["https:\/\/cloakmyads.com\/buy\/dropshipping-ecom-ads-cloaking\/"]}]},{"@type":"ImageObject","inLanguage":"ro-RO","@id":"https:\/\/cloakmyads.com\/buy\/dropshipping-ecom-ads-cloaking\/#primaryimage","url":"https:\/\/cloakmyads.com\/wp-content\/uploads\/2025\/09\/cloaking-ads.jpg","contentUrl":"https:\/\/cloakmyads.com\/wp-content\/uploads\/2025\/09\/cloaking-ads.jpg","width":605,"height":400,"caption":"Ads cloaking"},{"@type":"BreadcrumbList","@id":"https:\/\/cloakmyads.com\/buy\/dropshipping-ecom-ads-cloaking\/#breadcrumb","itemListElement":[{"@type":"ListItem","position":1,"name":"Home","item":"https:\/\/cloakmyads.com\/"},{"@type":"ListItem","position":2,"name":"Shop","item":"https:\/\/cloakmyads.com\/ar\/%d9%85%d8%aa%d8%ac%d8%b1\/"},{"@type":"ListItem","position":3,"name":"Dropshipping \/ Ecom Ads Cloaking"}]},{"@type":"WebSite","@id":"https:\/\/cloakmyads.com\/#website","url":"https:\/\/cloakmyads.com\/","name":"CloakMyAds","description":"","publisher":{"@id":"https:\/\/cloakmyads.com\/#organization"},"potentialAction":[{"@type":"SearchAction","target":{"@type":"EntryPoint","urlTemplate":"https:\/\/cloakmyads.com\/?s={search_term_string}"},"query-input":{"@type":"PropertyValueSpecification","valueRequired":true,"valueName":"search_term_string"}}],"inLanguage":"ro-RO"},{"@type":"Organization","@id":"https:\/\/cloakmyads.com\/#organization","name":"Cump\u0103ra\u021bi conturi Google Ads","url":"https:\/\/cloakmyads.com\/","logo":{"@type":"ImageObject","inLanguage":"ro-RO","@id":"https:\/\/cloakmyads.com\/#\/schema\/logo\/image\/","url":"https:\/\/cloakmyads.com\/wp-content\/uploads\/2025\/11\/fav-cloak.jpg","contentUrl":"https:\/\/cloakmyads.com\/wp-content\/uploads\/2025\/11\/fav-cloak.jpg","width":512,"height":512,"caption":"Buy Google Ads Accounts"},"image":{"@id":"https:\/\/cloakmyads.com\/#\/schema\/logo\/image\/"}}]}},"_links":{"self":[{"href":"https:\/\/cloakmyads.com\/ro\/wp-json\/wp\/v2\/product\/9611","targetHints":{"allow":["GET"]}}],"collection":[{"href":"https:\/\/cloakmyads.com\/ro\/wp-json\/wp\/v2\/product"}],"about":[{"href":"https:\/\/cloakmyads.com\/ro\/wp-json\/wp\/v2\/types\/product"}],"version-history":[{"count":3,"href":"https:\/\/cloakmyads.com\/ro\/wp-json\/wp\/v2\/product\/9611\/revisions"}],"predecessor-version":[{"id":9850,"href":"https:\/\/cloakmyads.com\/ro\/wp-json\/wp\/v2\/product\/9611\/revisions\/9850"}],"wp:featuredmedia":[{"embeddable":true,"href":"https:\/\/cloakmyads.com\/ro\/wp-json\/wp\/v2\/media\/9556"}],"wp:attachment":[{"href":"https:\/\/cloakmyads.com\/ro\/wp-json\/wp\/v2\/media?parent=9611"}],"wp:term":[{"taxonomy":"product_brand","embeddable":true,"href":"https:\/\/cloakmyads.com\/ro\/wp-json\/wp\/v2\/product_brand?post=9611"},{"taxonomy":"product_cat","embeddable":true,"href":"https:\/\/cloakmyads.com\/ro\/wp-json\/wp\/v2\/product_cat?post=9611"},{"taxonomy":"product_tag","embeddable":true,"href":"https:\/\/cloakmyads.com\/ro\/wp-json\/wp\/v2\/product_tag?post=9611"}],"curies":[{"name":"wp","href":"https:\/\/api.w.org\/{rel}","templated":true}]}}