{"id":9597,"date":"2025-09-22T15:33:15","date_gmt":"2025-09-22T14:33:15","guid":{"rendered":"https:\/\/cloakmyads.com\/?post_type=product&#038;p=9597"},"modified":"2025-11-08T09:40:21","modified_gmt":"2025-11-08T14:40:21","slug":"adult-dating-webcam-ads-cloaking","status":"publish","type":"product","link":"https:\/\/cloakmyads.com\/ro\/cumpara\/adult-dating-webcam-ads-cloaking\/","title":{"rendered":"Adult Dating Webcam Ads Cloaking"},"content":{"rendered":"<p data-start=\"386\" data-end=\"649\">Platformele publicitare precum Facebook, Google \u0219i TikTok nu permit con\u021binutul pentru adul\u021bi, chiar dac\u0103 este u\u0219or sau sugestiv. Cloaker-ul nostru v\u0103 permite s\u0103 rula\u021bi \u00een siguran\u021b\u0103 <strong data-start=\"525\" data-end=\"541\">\u00eent\u00e2lniri pentru adul\u021bi<\/strong>, <strong data-start=\"543\" data-end=\"553\">camer\u0103 web<\/strong>, sau <strong data-start=\"558\" data-end=\"583\">Oferte \u00een stilul OnlyFans<\/strong> prin separarea a ceea ce v\u0103d criticii de ceea ce experimenteaz\u0103 utilizatorii reali.<\/p>\n<p data-start=\"651\" data-end=\"967\">Utiliza\u021bi-l pentru a \u00eempinge <strong data-start=\"666\" data-end=\"689\">tat\u0103 de zah\u0103r landers<\/strong>, <strong data-start=\"691\" data-end=\"712\">oferte CPA de cuplare<\/strong>, <strong data-start=\"714\" data-end=\"734\">Linkuri Chaturbate<\/strong>, sau chiar subtil <strong data-start=\"751\" data-end=\"774\">teste de personalitate<\/strong> care redirec\u021bioneaz\u0103 c\u0103tre fluxuri pentru adul\u021bi - toate acestea f\u0103r\u0103 a declan\u0219a filtrele platformei. Cloaker-ul detecteaz\u0103 robo\u021bii, recenzorii \u0219i traficul suspect \u00een timp real \u0219i le redirec\u021bioneaz\u0103 c\u0103tre pagini curate, conforme.<\/p>\n<p data-start=\"969\" data-end=\"1181\">Fie c\u0103 direc\u021biona\u021bi trafic de nivel 1 c\u0103tre formulare de generare a lead-urilor sau c\u0103 v\u0103 \u00eenscrie\u021bi la webcam-uri interna\u021bionale, sistemul nostru de camuflare este recunoscut de c\u0103tre afilia\u021bi, cump\u0103r\u0103tori de agen\u021bii \u0219i veterani ai traficului pentru adul\u021bi pe toate platformele majore.<\/p>","protected":false},"excerpt":{"rendered":"<p>Ocoli\u021bi restric\u021biile privind anun\u021burile pe ofertele pentru adul\u021bi, canalele de \u00eent\u00e2lniri \u0219i site-urile de camere video utiliz\u00e2nd un sistem de camuflaj creat pentru cele mai interzise verticale din lume.<\/p>","protected":false},"featured_media":9556,"template":"","meta":{"_acf_changed":false},"product_brand":[],"product_cat":[325],"product_tag":[],"class_list":{"0":"post-9597","1":"product","2":"type-product","3":"status-publish","4":"has-post-thumbnail","6":"product_cat-cloaking","8":"first","9":"instock","10":"purchasable","11":"product-type-simple"},"acf":[],"yoast_head":"<!-- This site is optimized with the Yoast SEO Premium plugin v26.6 (Yoast SEO v26.7) - https:\/\/yoast.com\/wordpress\/plugins\/seo\/ -->\n<title>Buy Adult &amp; Dating Ads Cloaking \u2013 Run Risky Campaigns<\/title>\n<meta name=\"description\" content=\"Buy Webcam &amp; Adult Dating Ads Cloaking to bypass restrictions, hide sensitive content, and keep campaigns approved longer.\" \/>\n<meta name=\"robots\" content=\"index, follow, max-snippet:-1, max-image-preview:large, max-video-preview:-1\" \/>\n<link rel=\"canonical\" href=\"https:\/\/cloakmyads.com\/ro\/cumpara\/adult-dating-webcam-ads-cloaking\/\" \/>\n<meta property=\"og:locale\" content=\"ro_RO\" \/>\n<meta property=\"og:type\" content=\"article\" \/>\n<meta property=\"og:title\" content=\"Adult Dating Webcam Ads Cloaking\" \/>\n<meta property=\"og:description\" content=\"Buy Webcam &amp; Adult Dating Ads Cloaking to bypass restrictions, hide sensitive content, and keep campaigns approved longer.\" \/>\n<meta property=\"og:url\" content=\"https:\/\/cloakmyads.com\/ro\/cumpara\/adult-dating-webcam-ads-cloaking\/\" \/>\n<meta property=\"og:site_name\" content=\"CloakMyAds\" \/>\n<meta property=\"article:modified_time\" content=\"2025-11-08T14:40:21+00:00\" \/>\n<meta property=\"og:image\" content=\"https:\/\/cloakmyads.com\/wp-content\/uploads\/2025\/09\/cloaking-ads.jpg\" \/>\n\t<meta property=\"og:image:width\" content=\"605\" \/>\n\t<meta property=\"og:image:height\" content=\"400\" \/>\n\t<meta property=\"og:image:type\" content=\"image\/jpeg\" \/>\n<meta name=\"twitter:card\" content=\"summary_large_image\" \/>\n<meta name=\"twitter:label1\" content=\"Timp estimat pentru citire\" \/>\n\t<meta name=\"twitter:data1\" content=\"1 minut\" \/>\n<script type=\"application\/ld+json\" class=\"yoast-schema-graph\">{\"@context\":\"https:\/\/schema.org\",\"@graph\":[{\"@type\":\"WebPage\",\"@id\":\"https:\/\/cloakmyads.com\/buy\/adult-dating-webcam-ads-cloaking\/\",\"url\":\"https:\/\/cloakmyads.com\/buy\/adult-dating-webcam-ads-cloaking\/\",\"name\":\"Buy Adult & Dating Ads Cloaking \u2013 Run Risky Campaigns\",\"isPartOf\":{\"@id\":\"https:\/\/cloakmyads.com\/#website\"},\"primaryImageOfPage\":{\"@id\":\"https:\/\/cloakmyads.com\/buy\/adult-dating-webcam-ads-cloaking\/#primaryimage\"},\"image\":{\"@id\":\"https:\/\/cloakmyads.com\/buy\/adult-dating-webcam-ads-cloaking\/#primaryimage\"},\"thumbnailUrl\":\"https:\/\/cloakmyads.com\/wp-content\/uploads\/2025\/09\/cloaking-ads.jpg\",\"datePublished\":\"2025-09-22T14:33:15+00:00\",\"dateModified\":\"2025-11-08T14:40:21+00:00\",\"description\":\"Buy Webcam & Adult Dating Ads Cloaking to bypass restrictions, hide sensitive content, and keep campaigns approved longer.\",\"breadcrumb\":{\"@id\":\"https:\/\/cloakmyads.com\/buy\/adult-dating-webcam-ads-cloaking\/#breadcrumb\"},\"inLanguage\":\"ro-RO\",\"potentialAction\":[{\"@type\":\"ReadAction\",\"target\":[\"https:\/\/cloakmyads.com\/buy\/adult-dating-webcam-ads-cloaking\/\"]}]},{\"@type\":\"ImageObject\",\"inLanguage\":\"ro-RO\",\"@id\":\"https:\/\/cloakmyads.com\/buy\/adult-dating-webcam-ads-cloaking\/#primaryimage\",\"url\":\"https:\/\/cloakmyads.com\/wp-content\/uploads\/2025\/09\/cloaking-ads.jpg\",\"contentUrl\":\"https:\/\/cloakmyads.com\/wp-content\/uploads\/2025\/09\/cloaking-ads.jpg\",\"width\":605,\"height\":400,\"caption\":\"Ads cloaking\"},{\"@type\":\"BreadcrumbList\",\"@id\":\"https:\/\/cloakmyads.com\/buy\/adult-dating-webcam-ads-cloaking\/#breadcrumb\",\"itemListElement\":[{\"@type\":\"ListItem\",\"position\":1,\"name\":\"Home\",\"item\":\"https:\/\/cloakmyads.com\/\"},{\"@type\":\"ListItem\",\"position\":2,\"name\":\"Shop\",\"item\":\"https:\/\/cloakmyads.com\/ar\/%d9%85%d8%aa%d8%ac%d8%b1\/\"},{\"@type\":\"ListItem\",\"position\":3,\"name\":\"Adult Dating Webcam Ads Cloaking\"}]},{\"@type\":\"WebSite\",\"@id\":\"https:\/\/cloakmyads.com\/#website\",\"url\":\"https:\/\/cloakmyads.com\/\",\"name\":\"CloakMyAds\",\"description\":\"\",\"publisher\":{\"@id\":\"https:\/\/cloakmyads.com\/#organization\"},\"potentialAction\":[{\"@type\":\"SearchAction\",\"target\":{\"@type\":\"EntryPoint\",\"urlTemplate\":\"https:\/\/cloakmyads.com\/?s={search_term_string}\"},\"query-input\":{\"@type\":\"PropertyValueSpecification\",\"valueRequired\":true,\"valueName\":\"search_term_string\"}}],\"inLanguage\":\"ro-RO\"},{\"@type\":\"Organization\",\"@id\":\"https:\/\/cloakmyads.com\/#organization\",\"name\":\"Buy Google Ads Accounts\",\"url\":\"https:\/\/cloakmyads.com\/\",\"logo\":{\"@type\":\"ImageObject\",\"inLanguage\":\"ro-RO\",\"@id\":\"https:\/\/cloakmyads.com\/#\/schema\/logo\/image\/\",\"url\":\"https:\/\/cloakmyads.com\/wp-content\/uploads\/2025\/11\/fav-cloak.jpg\",\"contentUrl\":\"https:\/\/cloakmyads.com\/wp-content\/uploads\/2025\/11\/fav-cloak.jpg\",\"width\":512,\"height\":512,\"caption\":\"Buy Google Ads Accounts\"},\"image\":{\"@id\":\"https:\/\/cloakmyads.com\/#\/schema\/logo\/image\/\"}}]}<\/script>\n<!-- \/ Yoast SEO Premium plugin. -->","yoast_head_json":{"title":"Cump\u0103ra\u021bi Adult &amp; Dating Ads Cloaking - Rula\u021bi campanii riscante","description":"Cump\u0103ra\u021bi Webcam &amp; Adult Dating Ads Cloaking pentru a ocoli restric\u021biile, a ascunde con\u021binutul sensibil \u0219i a men\u021bine campaniile aprobate mai mult timp.","robots":{"index":"index","follow":"follow","max-snippet":"max-snippet:-1","max-image-preview":"max-image-preview:large","max-video-preview":"max-video-preview:-1"},"canonical":"https:\/\/cloakmyads.com\/ro\/cumpara\/adult-dating-webcam-ads-cloaking\/","og_locale":"ro_RO","og_type":"article","og_title":"Adult Dating Webcam Ads Cloaking","og_description":"Buy Webcam & Adult Dating Ads Cloaking to bypass restrictions, hide sensitive content, and keep campaigns approved longer.","og_url":"https:\/\/cloakmyads.com\/ro\/cumpara\/adult-dating-webcam-ads-cloaking\/","og_site_name":"CloakMyAds","article_modified_time":"2025-11-08T14:40:21+00:00","og_image":[{"width":605,"height":400,"url":"https:\/\/cloakmyads.com\/wp-content\/uploads\/2025\/09\/cloaking-ads.jpg","type":"image\/jpeg"}],"twitter_card":"summary_large_image","twitter_misc":{"Timp estimat pentru citire":"1 minut"},"schema":{"@context":"https:\/\/schema.org","@graph":[{"@type":"WebPage","@id":"https:\/\/cloakmyads.com\/buy\/adult-dating-webcam-ads-cloaking\/","url":"https:\/\/cloakmyads.com\/buy\/adult-dating-webcam-ads-cloaking\/","name":"Cump\u0103ra\u021bi Adult &amp; Dating Ads Cloaking - Rula\u021bi campanii riscante","isPartOf":{"@id":"https:\/\/cloakmyads.com\/#website"},"primaryImageOfPage":{"@id":"https:\/\/cloakmyads.com\/buy\/adult-dating-webcam-ads-cloaking\/#primaryimage"},"image":{"@id":"https:\/\/cloakmyads.com\/buy\/adult-dating-webcam-ads-cloaking\/#primaryimage"},"thumbnailUrl":"https:\/\/cloakmyads.com\/wp-content\/uploads\/2025\/09\/cloaking-ads.jpg","datePublished":"2025-09-22T14:33:15+00:00","dateModified":"2025-11-08T14:40:21+00:00","description":"Cump\u0103ra\u021bi Webcam &amp; Adult Dating Ads Cloaking pentru a ocoli restric\u021biile, a ascunde con\u021binutul sensibil \u0219i a men\u021bine campaniile aprobate mai mult timp.","breadcrumb":{"@id":"https:\/\/cloakmyads.com\/buy\/adult-dating-webcam-ads-cloaking\/#breadcrumb"},"inLanguage":"ro-RO","potentialAction":[{"@type":"ReadAction","target":["https:\/\/cloakmyads.com\/buy\/adult-dating-webcam-ads-cloaking\/"]}]},{"@type":"ImageObject","inLanguage":"ro-RO","@id":"https:\/\/cloakmyads.com\/buy\/adult-dating-webcam-ads-cloaking\/#primaryimage","url":"https:\/\/cloakmyads.com\/wp-content\/uploads\/2025\/09\/cloaking-ads.jpg","contentUrl":"https:\/\/cloakmyads.com\/wp-content\/uploads\/2025\/09\/cloaking-ads.jpg","width":605,"height":400,"caption":"Ads cloaking"},{"@type":"BreadcrumbList","@id":"https:\/\/cloakmyads.com\/buy\/adult-dating-webcam-ads-cloaking\/#breadcrumb","itemListElement":[{"@type":"ListItem","position":1,"name":"Home","item":"https:\/\/cloakmyads.com\/"},{"@type":"ListItem","position":2,"name":"Shop","item":"https:\/\/cloakmyads.com\/ar\/%d9%85%d8%aa%d8%ac%d8%b1\/"},{"@type":"ListItem","position":3,"name":"Adult Dating Webcam Ads Cloaking"}]},{"@type":"WebSite","@id":"https:\/\/cloakmyads.com\/#website","url":"https:\/\/cloakmyads.com\/","name":"CloakMyAds","description":"","publisher":{"@id":"https:\/\/cloakmyads.com\/#organization"},"potentialAction":[{"@type":"SearchAction","target":{"@type":"EntryPoint","urlTemplate":"https:\/\/cloakmyads.com\/?s={search_term_string}"},"query-input":{"@type":"PropertyValueSpecification","valueRequired":true,"valueName":"search_term_string"}}],"inLanguage":"ro-RO"},{"@type":"Organization","@id":"https:\/\/cloakmyads.com\/#organization","name":"Cump\u0103ra\u021bi conturi Google Ads","url":"https:\/\/cloakmyads.com\/","logo":{"@type":"ImageObject","inLanguage":"ro-RO","@id":"https:\/\/cloakmyads.com\/#\/schema\/logo\/image\/","url":"https:\/\/cloakmyads.com\/wp-content\/uploads\/2025\/11\/fav-cloak.jpg","contentUrl":"https:\/\/cloakmyads.com\/wp-content\/uploads\/2025\/11\/fav-cloak.jpg","width":512,"height":512,"caption":"Buy Google Ads Accounts"},"image":{"@id":"https:\/\/cloakmyads.com\/#\/schema\/logo\/image\/"}}]}},"_links":{"self":[{"href":"https:\/\/cloakmyads.com\/ro\/wp-json\/wp\/v2\/product\/9597","targetHints":{"allow":["GET"]}}],"collection":[{"href":"https:\/\/cloakmyads.com\/ro\/wp-json\/wp\/v2\/product"}],"about":[{"href":"https:\/\/cloakmyads.com\/ro\/wp-json\/wp\/v2\/types\/product"}],"version-history":[{"count":3,"href":"https:\/\/cloakmyads.com\/ro\/wp-json\/wp\/v2\/product\/9597\/revisions"}],"predecessor-version":[{"id":9855,"href":"https:\/\/cloakmyads.com\/ro\/wp-json\/wp\/v2\/product\/9597\/revisions\/9855"}],"wp:featuredmedia":[{"embeddable":true,"href":"https:\/\/cloakmyads.com\/ro\/wp-json\/wp\/v2\/media\/9556"}],"wp:attachment":[{"href":"https:\/\/cloakmyads.com\/ro\/wp-json\/wp\/v2\/media?parent=9597"}],"wp:term":[{"taxonomy":"product_brand","embeddable":true,"href":"https:\/\/cloakmyads.com\/ro\/wp-json\/wp\/v2\/product_brand?post=9597"},{"taxonomy":"product_cat","embeddable":true,"href":"https:\/\/cloakmyads.com\/ro\/wp-json\/wp\/v2\/product_cat?post=9597"},{"taxonomy":"product_tag","embeddable":true,"href":"https:\/\/cloakmyads.com\/ro\/wp-json\/wp\/v2\/product_tag?post=9597"}],"curies":[{"name":"wp","href":"https:\/\/api.w.org\/{rel}","templated":true}]}}