{"id":9593,"date":"2025-09-22T15:24:52","date_gmt":"2025-09-22T14:24:52","guid":{"rendered":"https:\/\/cloakmyads.com\/?post_type=product&#038;p=9593"},"modified":"2025-11-08T09:40:30","modified_gmt":"2025-11-08T14:40:30","slug":"jocuri-de-noroc-pariuri-loterie-anunturi-cloaking","status":"publish","type":"product","link":"https:\/\/cloakmyads.com\/ro\/cumpara\/jocuri-de-noroc-pariuri-loterie-anunturi-cloaking\/","title":{"rendered":"Gambling Pariuri Loterie Anun\u021buri Cloaking"},"content":{"rendered":"<p data-start=\"447\" data-end=\"723\">Rula\u021bi reclame cu \u00eencredere pe Google, Facebook, TikTok \u0219i Native f\u0103r\u0103 a declan\u0219a dezaprob\u0103ri sau interdic\u021bii.<\/p>\n<p data-start=\"725\" data-end=\"1015\">Fie c\u0103 \u00eempinge\u021bi <strong data-start=\"748\" data-end=\"757\">1xBet<\/strong>, <strong data-start=\"759\" data-end=\"769\">Bet365<\/strong>, <strong data-start=\"771\" data-end=\"794\">Funneluri Spin-to-Win<\/strong>, sau <strong data-start=\"799\" data-end=\"827\">\u201cLoteria \u201dC\u00e2\u0219tig\u0103 un iPhone\"<\/strong>, cloaker-ul nostru filtreaz\u0103 recenzorii, robo\u021bii \u0219i activitatea suspect\u0103 \u00eenainte ca aceasta s\u0103 ajung\u0103 la pagina dvs. de destina\u021bie real\u0103. Redirec\u021bion\u0103rile sunt instantanee \u0219i personalizabile \u00een func\u021bie de dispozitiv, loca\u021bie, limb\u0103 \u0219i multe altele.<\/p>\n<p data-start=\"1017\" data-end=\"1239\">Aceast\u0103 solu\u021bie este recunoscut\u0103 de <strong data-start=\"1045\" data-end=\"1068\">marketeri afilia\u021bi<\/strong>, <strong data-start=\"1070\" data-end=\"1085\">cump\u0103r\u0103tori principali<\/strong>, \u0219i <strong data-start=\"1091\" data-end=\"1103\">agen\u021bii<\/strong> care opereaz\u0103 \u00een regiuni sau verticale cu risc ridicat. V\u0103 permite s\u0103 extinde\u021bi campaniile f\u0103r\u0103 a reface constant conturile sau f\u0103r\u0103 a v\u0103 lupta cu conformitatea.<\/p>","protected":false},"excerpt":{"rendered":"<p>Rula\u021bi anun\u021buri restric\u021bionate, cum ar fi cazinouri, pariuri sportive, tombole \u0219i loterii, cu o camuflare de \u00eenalt\u0103 performan\u021b\u0103 care v\u0103 men\u021bine anun\u021burile active \u0219i conturile \u00een siguran\u021b\u0103.<\/p>","protected":false},"featured_media":9556,"template":"","meta":{"_acf_changed":false},"product_brand":[],"product_cat":[325],"product_tag":[],"class_list":{"0":"post-9593","1":"product","2":"type-product","3":"status-publish","4":"has-post-thumbnail","6":"product_cat-cloaking","8":"first","9":"instock","10":"purchasable","11":"product-type-simple"},"acf":[],"yoast_head":"<!-- This site is optimized with the Yoast SEO Premium plugin v26.6 (Yoast SEO v26.7) - https:\/\/yoast.com\/wordpress\/plugins\/seo\/ -->\n<title>Buy Gambling Ads Cloaking \u2013 Betting &amp; Lottery Safe<\/title>\n<meta name=\"description\" content=\"Buy Betting &amp; Lottery Ads Cloaking to bypass ad policies, hide gambling content, and keep campaigns running without bans.\" \/>\n<meta name=\"robots\" content=\"index, follow, max-snippet:-1, max-image-preview:large, max-video-preview:-1\" \/>\n<link rel=\"canonical\" href=\"https:\/\/cloakmyads.com\/ro\/cumpara\/jocuri-de-noroc-pariuri-loterie-anunturi-cloaking\/\" \/>\n<meta property=\"og:locale\" content=\"ro_RO\" \/>\n<meta property=\"og:type\" content=\"article\" \/>\n<meta property=\"og:title\" content=\"Gambling Betting Lottery Ads Cloaking\" \/>\n<meta property=\"og:description\" content=\"Buy Betting &amp; Lottery Ads Cloaking to bypass ad policies, hide gambling content, and keep campaigns running without bans.\" \/>\n<meta property=\"og:url\" content=\"https:\/\/cloakmyads.com\/ro\/cumpara\/jocuri-de-noroc-pariuri-loterie-anunturi-cloaking\/\" \/>\n<meta property=\"og:site_name\" content=\"CloakMyAds\" \/>\n<meta property=\"article:modified_time\" content=\"2025-11-08T14:40:30+00:00\" \/>\n<meta property=\"og:image\" content=\"https:\/\/cloakmyads.com\/wp-content\/uploads\/2025\/09\/cloaking-ads.jpg\" \/>\n\t<meta property=\"og:image:width\" content=\"605\" \/>\n\t<meta property=\"og:image:height\" content=\"400\" \/>\n\t<meta property=\"og:image:type\" content=\"image\/jpeg\" \/>\n<meta name=\"twitter:card\" content=\"summary_large_image\" \/>\n<meta name=\"twitter:label1\" content=\"Timp estimat pentru citire\" \/>\n\t<meta name=\"twitter:data1\" content=\"1 minut\" \/>\n<script type=\"application\/ld+json\" class=\"yoast-schema-graph\">{\"@context\":\"https:\/\/schema.org\",\"@graph\":[{\"@type\":\"WebPage\",\"@id\":\"https:\/\/cloakmyads.com\/buy\/gambling-betting-lottery-ads-cloaking\/\",\"url\":\"https:\/\/cloakmyads.com\/buy\/gambling-betting-lottery-ads-cloaking\/\",\"name\":\"Buy Gambling Ads Cloaking \u2013 Betting & Lottery Safe\",\"isPartOf\":{\"@id\":\"https:\/\/cloakmyads.com\/#website\"},\"primaryImageOfPage\":{\"@id\":\"https:\/\/cloakmyads.com\/buy\/gambling-betting-lottery-ads-cloaking\/#primaryimage\"},\"image\":{\"@id\":\"https:\/\/cloakmyads.com\/buy\/gambling-betting-lottery-ads-cloaking\/#primaryimage\"},\"thumbnailUrl\":\"https:\/\/cloakmyads.com\/wp-content\/uploads\/2025\/09\/cloaking-ads.jpg\",\"datePublished\":\"2025-09-22T14:24:52+00:00\",\"dateModified\":\"2025-11-08T14:40:30+00:00\",\"description\":\"Buy Betting & Lottery Ads Cloaking to bypass ad policies, hide gambling content, and keep campaigns running without bans.\",\"breadcrumb\":{\"@id\":\"https:\/\/cloakmyads.com\/buy\/gambling-betting-lottery-ads-cloaking\/#breadcrumb\"},\"inLanguage\":\"ro-RO\",\"potentialAction\":[{\"@type\":\"ReadAction\",\"target\":[\"https:\/\/cloakmyads.com\/buy\/gambling-betting-lottery-ads-cloaking\/\"]}]},{\"@type\":\"ImageObject\",\"inLanguage\":\"ro-RO\",\"@id\":\"https:\/\/cloakmyads.com\/buy\/gambling-betting-lottery-ads-cloaking\/#primaryimage\",\"url\":\"https:\/\/cloakmyads.com\/wp-content\/uploads\/2025\/09\/cloaking-ads.jpg\",\"contentUrl\":\"https:\/\/cloakmyads.com\/wp-content\/uploads\/2025\/09\/cloaking-ads.jpg\",\"width\":605,\"height\":400,\"caption\":\"Ads cloaking\"},{\"@type\":\"BreadcrumbList\",\"@id\":\"https:\/\/cloakmyads.com\/buy\/gambling-betting-lottery-ads-cloaking\/#breadcrumb\",\"itemListElement\":[{\"@type\":\"ListItem\",\"position\":1,\"name\":\"Home\",\"item\":\"https:\/\/cloakmyads.com\/\"},{\"@type\":\"ListItem\",\"position\":2,\"name\":\"Shop\",\"item\":\"https:\/\/cloakmyads.com\/ar\/%d9%85%d8%aa%d8%ac%d8%b1\/\"},{\"@type\":\"ListItem\",\"position\":3,\"name\":\"Gambling Betting Lottery Ads Cloaking\"}]},{\"@type\":\"WebSite\",\"@id\":\"https:\/\/cloakmyads.com\/#website\",\"url\":\"https:\/\/cloakmyads.com\/\",\"name\":\"CloakMyAds\",\"description\":\"\",\"publisher\":{\"@id\":\"https:\/\/cloakmyads.com\/#organization\"},\"potentialAction\":[{\"@type\":\"SearchAction\",\"target\":{\"@type\":\"EntryPoint\",\"urlTemplate\":\"https:\/\/cloakmyads.com\/?s={search_term_string}\"},\"query-input\":{\"@type\":\"PropertyValueSpecification\",\"valueRequired\":true,\"valueName\":\"search_term_string\"}}],\"inLanguage\":\"ro-RO\"},{\"@type\":\"Organization\",\"@id\":\"https:\/\/cloakmyads.com\/#organization\",\"name\":\"Buy Google Ads Accounts\",\"url\":\"https:\/\/cloakmyads.com\/\",\"logo\":{\"@type\":\"ImageObject\",\"inLanguage\":\"ro-RO\",\"@id\":\"https:\/\/cloakmyads.com\/#\/schema\/logo\/image\/\",\"url\":\"https:\/\/cloakmyads.com\/wp-content\/uploads\/2025\/11\/fav-cloak.jpg\",\"contentUrl\":\"https:\/\/cloakmyads.com\/wp-content\/uploads\/2025\/11\/fav-cloak.jpg\",\"width\":512,\"height\":512,\"caption\":\"Buy Google Ads Accounts\"},\"image\":{\"@id\":\"https:\/\/cloakmyads.com\/#\/schema\/logo\/image\/\"}}]}<\/script>\n<!-- \/ Yoast SEO Premium plugin. -->","yoast_head_json":{"title":"Cump\u0103ra\u021bi Gambling Ads Cloaking - Betting &amp; Lottery Safe","description":"Cump\u0103ra\u021bi Betting &amp; Lottery Ads Cloaking pentru a ocoli politicile de publicitate, pentru a ascunde con\u021binutul jocurilor de noroc \u0219i pentru a men\u021bine campaniile \u00een desf\u0103\u0219urare f\u0103r\u0103 interdic\u021bii.","robots":{"index":"index","follow":"follow","max-snippet":"max-snippet:-1","max-image-preview":"max-image-preview:large","max-video-preview":"max-video-preview:-1"},"canonical":"https:\/\/cloakmyads.com\/ro\/cumpara\/jocuri-de-noroc-pariuri-loterie-anunturi-cloaking\/","og_locale":"ro_RO","og_type":"article","og_title":"Gambling Betting Lottery Ads Cloaking","og_description":"Buy Betting & Lottery Ads Cloaking to bypass ad policies, hide gambling content, and keep campaigns running without bans.","og_url":"https:\/\/cloakmyads.com\/ro\/cumpara\/jocuri-de-noroc-pariuri-loterie-anunturi-cloaking\/","og_site_name":"CloakMyAds","article_modified_time":"2025-11-08T14:40:30+00:00","og_image":[{"width":605,"height":400,"url":"https:\/\/cloakmyads.com\/wp-content\/uploads\/2025\/09\/cloaking-ads.jpg","type":"image\/jpeg"}],"twitter_card":"summary_large_image","twitter_misc":{"Timp estimat pentru citire":"1 minut"},"schema":{"@context":"https:\/\/schema.org","@graph":[{"@type":"WebPage","@id":"https:\/\/cloakmyads.com\/buy\/gambling-betting-lottery-ads-cloaking\/","url":"https:\/\/cloakmyads.com\/buy\/gambling-betting-lottery-ads-cloaking\/","name":"Cump\u0103ra\u021bi Gambling Ads Cloaking - Betting &amp; Lottery Safe","isPartOf":{"@id":"https:\/\/cloakmyads.com\/#website"},"primaryImageOfPage":{"@id":"https:\/\/cloakmyads.com\/buy\/gambling-betting-lottery-ads-cloaking\/#primaryimage"},"image":{"@id":"https:\/\/cloakmyads.com\/buy\/gambling-betting-lottery-ads-cloaking\/#primaryimage"},"thumbnailUrl":"https:\/\/cloakmyads.com\/wp-content\/uploads\/2025\/09\/cloaking-ads.jpg","datePublished":"2025-09-22T14:24:52+00:00","dateModified":"2025-11-08T14:40:30+00:00","description":"Cump\u0103ra\u021bi Betting &amp; Lottery Ads Cloaking pentru a ocoli politicile de publicitate, pentru a ascunde con\u021binutul jocurilor de noroc \u0219i pentru a men\u021bine campaniile \u00een desf\u0103\u0219urare f\u0103r\u0103 interdic\u021bii.","breadcrumb":{"@id":"https:\/\/cloakmyads.com\/buy\/gambling-betting-lottery-ads-cloaking\/#breadcrumb"},"inLanguage":"ro-RO","potentialAction":[{"@type":"ReadAction","target":["https:\/\/cloakmyads.com\/buy\/gambling-betting-lottery-ads-cloaking\/"]}]},{"@type":"ImageObject","inLanguage":"ro-RO","@id":"https:\/\/cloakmyads.com\/buy\/gambling-betting-lottery-ads-cloaking\/#primaryimage","url":"https:\/\/cloakmyads.com\/wp-content\/uploads\/2025\/09\/cloaking-ads.jpg","contentUrl":"https:\/\/cloakmyads.com\/wp-content\/uploads\/2025\/09\/cloaking-ads.jpg","width":605,"height":400,"caption":"Ads cloaking"},{"@type":"BreadcrumbList","@id":"https:\/\/cloakmyads.com\/buy\/gambling-betting-lottery-ads-cloaking\/#breadcrumb","itemListElement":[{"@type":"ListItem","position":1,"name":"Home","item":"https:\/\/cloakmyads.com\/"},{"@type":"ListItem","position":2,"name":"Shop","item":"https:\/\/cloakmyads.com\/ar\/%d9%85%d8%aa%d8%ac%d8%b1\/"},{"@type":"ListItem","position":3,"name":"Gambling Betting Lottery Ads Cloaking"}]},{"@type":"WebSite","@id":"https:\/\/cloakmyads.com\/#website","url":"https:\/\/cloakmyads.com\/","name":"CloakMyAds","description":"","publisher":{"@id":"https:\/\/cloakmyads.com\/#organization"},"potentialAction":[{"@type":"SearchAction","target":{"@type":"EntryPoint","urlTemplate":"https:\/\/cloakmyads.com\/?s={search_term_string}"},"query-input":{"@type":"PropertyValueSpecification","valueRequired":true,"valueName":"search_term_string"}}],"inLanguage":"ro-RO"},{"@type":"Organization","@id":"https:\/\/cloakmyads.com\/#organization","name":"Cump\u0103ra\u021bi conturi Google Ads","url":"https:\/\/cloakmyads.com\/","logo":{"@type":"ImageObject","inLanguage":"ro-RO","@id":"https:\/\/cloakmyads.com\/#\/schema\/logo\/image\/","url":"https:\/\/cloakmyads.com\/wp-content\/uploads\/2025\/11\/fav-cloak.jpg","contentUrl":"https:\/\/cloakmyads.com\/wp-content\/uploads\/2025\/11\/fav-cloak.jpg","width":512,"height":512,"caption":"Buy Google Ads Accounts"},"image":{"@id":"https:\/\/cloakmyads.com\/#\/schema\/logo\/image\/"}}]}},"_links":{"self":[{"href":"https:\/\/cloakmyads.com\/ro\/wp-json\/wp\/v2\/product\/9593","targetHints":{"allow":["GET"]}}],"collection":[{"href":"https:\/\/cloakmyads.com\/ro\/wp-json\/wp\/v2\/product"}],"about":[{"href":"https:\/\/cloakmyads.com\/ro\/wp-json\/wp\/v2\/types\/product"}],"version-history":[{"count":3,"href":"https:\/\/cloakmyads.com\/ro\/wp-json\/wp\/v2\/product\/9593\/revisions"}],"predecessor-version":[{"id":9856,"href":"https:\/\/cloakmyads.com\/ro\/wp-json\/wp\/v2\/product\/9593\/revisions\/9856"}],"wp:featuredmedia":[{"embeddable":true,"href":"https:\/\/cloakmyads.com\/ro\/wp-json\/wp\/v2\/media\/9556"}],"wp:attachment":[{"href":"https:\/\/cloakmyads.com\/ro\/wp-json\/wp\/v2\/media?parent=9593"}],"wp:term":[{"taxonomy":"product_brand","embeddable":true,"href":"https:\/\/cloakmyads.com\/ro\/wp-json\/wp\/v2\/product_brand?post=9593"},{"taxonomy":"product_cat","embeddable":true,"href":"https:\/\/cloakmyads.com\/ro\/wp-json\/wp\/v2\/product_cat?post=9593"},{"taxonomy":"product_tag","embeddable":true,"href":"https:\/\/cloakmyads.com\/ro\/wp-json\/wp\/v2\/product_tag?post=9593"}],"curies":[{"name":"wp","href":"https:\/\/api.w.org\/{rel}","templated":true}]}}