{"id":9413,"date":"2025-09-21T10:57:05","date_gmt":"2025-09-21T09:57:05","guid":{"rendered":"https:\/\/cloakmyads.com\/?post_type=product&#038;p=9413"},"modified":"2025-10-03T16:13:54","modified_gmt":"2025-10-03T15:13:54","slug":"reddit-ads-cloaking-conturi","status":"publish","type":"product","link":"https:\/\/cloakmyads.com\/ro\/cumpara\/reddit-ads-cloaking-conturi\/","title":{"rendered":"Reddit Ads Conturi Cloaking"},"content":{"rendered":"<p data-start=\"237\" data-end=\"623\">Reddit a devenit o surs\u0103 masiv\u0103 de trafic, cu milioane de utilizatori activi zilnic, \u00eens\u0103 politicile sale de publicitate sunt stricte, iar moderarea este neiert\u0103toare. Conturile noi sunt adesea semnalate instantaneu, campaniile stagneaz\u0103 \u00een revizuiri interminabile, iar verticalele cu risc ridicat supravie\u021buiesc rareori. Acesta este motivul pentru care cump\u0103r\u0103torii \u0219i agen\u021biile serioase prefer\u0103 s\u0103 <strong data-start=\"551\" data-end=\"578\">cump\u0103ra\u021bi conturi Reddit Ads<\/strong> care sunt \u00eemb\u0103tr\u00e2nite, verificate \u0219i gata de func\u021bionare.<\/p>\n<p data-start=\"625\" data-end=\"938\">Cu <strong data-start=\"630\" data-end=\"662\">conturi verificate Reddit Ads<\/strong>, s\u0103ri\u021bi peste buclele nesf\u00e2r\u0219ite de respingere \u0219i evita\u021bi interdic\u021biile instantanee care afecteaz\u0103 \u00eenscrierile recente. Aceste conturi sunt legate de entit\u0103\u021bi de afaceri din SUA \u0219i Marea Britanie, au v\u00e2rsta cuprins\u0103 \u00eentre 2022-2024 \u0219i sunt livrate curate, f\u0103r\u0103 istoric de suspendare - oferindu-v\u0103 o baz\u0103 stabil\u0103 pentru lansarea campaniilor.<\/p>\n<p data-start=\"940\" data-end=\"1221\">\u00cempreun\u0103 cu cloaking-ul avansat, Reddit Ads devine o surs\u0103 puternic\u0103 pentru verticale precum <strong data-start=\"1026\" data-end=\"1086\">cripto, lozuri, pariuri, \u00eent\u00e2lniri, nutra \u0219i finan\u021be<\/strong>. Evaluatorii v\u0103d o pagin\u0103 sigur\u0103, \u00een timp ce utilizatorii reali sunt redirec\u021biona\u021bi c\u0103tre site-ul dvs. cu bani - asigur\u00e2nd o durat\u0103 de via\u021b\u0103 mai lung\u0103 \u0219i o profitabilitate mai mare.<\/p>\n<p data-start=\"1223\" data-end=\"1426\">Dac\u0103 sunte\u021bi serios \u00een ceea ce prive\u0219te traficul Reddit, nu pierde\u021bi timpul cre\u00e2nd conturi fragile noi. Singura modalitate de a cre\u0219te este s\u0103 <strong data-start=\"1348\" data-end=\"1375\">cump\u0103ra\u021bi conturi Reddit Ads<\/strong> care sunt verificate, \u00eemb\u0103tr\u00e2nite \u0219i construite pentru camuflaj.<\/p>","protected":false},"excerpt":{"rendered":"<p>Conturi verificate Reddit Ads pre\u00eenc\u0103rcate cu stealth cloaking - ideale pentru crypto, sweepstakes, dating \u0219i campanii afiliate.<\/p>","protected":false},"featured_media":9415,"template":"","meta":{"_acf_changed":false},"product_brand":[],"product_cat":[65],"product_tag":[],"class_list":{"0":"post-9413","1":"product","2":"type-product","3":"status-publish","4":"has-post-thumbnail","6":"product_cat-accounts","8":"first","9":"instock","10":"purchasable","11":"product-type-simple"},"acf":[],"yoast_head":"<!-- This site is optimized with the Yoast SEO Premium plugin v26.6 (Yoast SEO v26.7) - https:\/\/yoast.com\/wordpress\/plugins\/seo\/ -->\n<title>Reddit Ads Cloaking Accounts \u2013 Buy to Bypass Reviews<\/title>\n<meta name=\"description\" content=\"Buy Reddit Ads Cloaking Accounts to show clean pages to reviewers while delivering the real offer to users. Keep Reddit ad campaigns approved and running.\" \/>\n<meta name=\"robots\" content=\"index, follow, max-snippet:-1, max-image-preview:large, max-video-preview:-1\" \/>\n<link rel=\"canonical\" href=\"https:\/\/cloakmyads.com\/ro\/cumpara\/reddit-ads-cloaking-conturi\/\" \/>\n<meta property=\"og:locale\" content=\"ro_RO\" \/>\n<meta property=\"og:type\" content=\"article\" \/>\n<meta property=\"og:title\" content=\"Reddit Ads Cloaking Accounts\" \/>\n<meta property=\"og:description\" content=\"Buy Reddit Ads Cloaking Accounts to show clean pages to reviewers while delivering the real offer to users. Keep Reddit ad campaigns approved and running.\" \/>\n<meta property=\"og:url\" content=\"https:\/\/cloakmyads.com\/ro\/cumpara\/reddit-ads-cloaking-conturi\/\" \/>\n<meta property=\"og:site_name\" content=\"CloakMyAds\" \/>\n<meta property=\"article:modified_time\" content=\"2025-10-03T15:13:54+00:00\" \/>\n<meta property=\"og:image\" content=\"https:\/\/cloakmyads.com\/wp-content\/uploads\/2025\/09\/reddit-ads-cloaking-accounts.png\" \/>\n\t<meta property=\"og:image:width\" content=\"940\" \/>\n\t<meta property=\"og:image:height\" content=\"640\" \/>\n\t<meta property=\"og:image:type\" content=\"image\/png\" \/>\n<meta name=\"twitter:card\" content=\"summary_large_image\" \/>\n<meta name=\"twitter:label1\" content=\"Timp estimat pentru citire\" \/>\n\t<meta name=\"twitter:data1\" content=\"1 minut\" \/>\n<script type=\"application\/ld+json\" class=\"yoast-schema-graph\">{\"@context\":\"https:\/\/schema.org\",\"@graph\":[{\"@type\":\"WebPage\",\"@id\":\"https:\/\/cloakmyads.com\/buy\/reddit-ads-cloaking-accounts\/\",\"url\":\"https:\/\/cloakmyads.com\/buy\/reddit-ads-cloaking-accounts\/\",\"name\":\"Reddit Ads Cloaking Accounts \u2013 Buy to Bypass Reviews\",\"isPartOf\":{\"@id\":\"https:\/\/cloakmyads.com\/#website\"},\"primaryImageOfPage\":{\"@id\":\"https:\/\/cloakmyads.com\/buy\/reddit-ads-cloaking-accounts\/#primaryimage\"},\"image\":{\"@id\":\"https:\/\/cloakmyads.com\/buy\/reddit-ads-cloaking-accounts\/#primaryimage\"},\"thumbnailUrl\":\"https:\/\/cloakmyads.com\/wp-content\/uploads\/2025\/09\/reddit-ads-cloaking-accounts.png\",\"datePublished\":\"2025-09-21T09:57:05+00:00\",\"dateModified\":\"2025-10-03T15:13:54+00:00\",\"description\":\"Buy Reddit Ads Cloaking Accounts to show clean pages to reviewers while delivering the real offer to users. Keep Reddit ad campaigns approved and running.\",\"breadcrumb\":{\"@id\":\"https:\/\/cloakmyads.com\/buy\/reddit-ads-cloaking-accounts\/#breadcrumb\"},\"inLanguage\":\"ro-RO\",\"potentialAction\":[{\"@type\":\"ReadAction\",\"target\":[\"https:\/\/cloakmyads.com\/buy\/reddit-ads-cloaking-accounts\/\"]}]},{\"@type\":\"ImageObject\",\"inLanguage\":\"ro-RO\",\"@id\":\"https:\/\/cloakmyads.com\/buy\/reddit-ads-cloaking-accounts\/#primaryimage\",\"url\":\"https:\/\/cloakmyads.com\/wp-content\/uploads\/2025\/09\/reddit-ads-cloaking-accounts.png\",\"contentUrl\":\"https:\/\/cloakmyads.com\/wp-content\/uploads\/2025\/09\/reddit-ads-cloaking-accounts.png\",\"width\":940,\"height\":640,\"caption\":\"Reddit Ads Cloaking Accounts\"},{\"@type\":\"BreadcrumbList\",\"@id\":\"https:\/\/cloakmyads.com\/buy\/reddit-ads-cloaking-accounts\/#breadcrumb\",\"itemListElement\":[{\"@type\":\"ListItem\",\"position\":1,\"name\":\"Home\",\"item\":\"https:\/\/cloakmyads.com\/\"},{\"@type\":\"ListItem\",\"position\":2,\"name\":\"Shop\",\"item\":\"https:\/\/cloakmyads.com\/ar\/%d9%85%d8%aa%d8%ac%d8%b1\/\"},{\"@type\":\"ListItem\",\"position\":3,\"name\":\"Reddit Ads Cloaking Accounts\"}]},{\"@type\":\"WebSite\",\"@id\":\"https:\/\/cloakmyads.com\/#website\",\"url\":\"https:\/\/cloakmyads.com\/\",\"name\":\"CloakMyAds\",\"description\":\"\",\"publisher\":{\"@id\":\"https:\/\/cloakmyads.com\/#organization\"},\"potentialAction\":[{\"@type\":\"SearchAction\",\"target\":{\"@type\":\"EntryPoint\",\"urlTemplate\":\"https:\/\/cloakmyads.com\/?s={search_term_string}\"},\"query-input\":{\"@type\":\"PropertyValueSpecification\",\"valueRequired\":true,\"valueName\":\"search_term_string\"}}],\"inLanguage\":\"ro-RO\"},{\"@type\":\"Organization\",\"@id\":\"https:\/\/cloakmyads.com\/#organization\",\"name\":\"Buy Google Ads Accounts\",\"url\":\"https:\/\/cloakmyads.com\/\",\"logo\":{\"@type\":\"ImageObject\",\"inLanguage\":\"ro-RO\",\"@id\":\"https:\/\/cloakmyads.com\/#\/schema\/logo\/image\/\",\"url\":\"https:\/\/cloakmyads.com\/wp-content\/uploads\/2025\/11\/fav-cloak.jpg\",\"contentUrl\":\"https:\/\/cloakmyads.com\/wp-content\/uploads\/2025\/11\/fav-cloak.jpg\",\"width\":512,\"height\":512,\"caption\":\"Buy Google Ads Accounts\"},\"image\":{\"@id\":\"https:\/\/cloakmyads.com\/#\/schema\/logo\/image\/\"}}]}<\/script>\n<!-- \/ Yoast SEO Premium plugin. -->","yoast_head_json":{"title":"Reddit Ads Cloaking Accounts - Cump\u0103ra\u021bi pentru a trece de recenzii","description":"Cump\u0103ra\u021bi Reddit Ads Cloaking Accounts pentru a afi\u0219a pagini curate recenzorilor, oferind \u00een acela\u0219i timp oferta real\u0103 utilizatorilor. P\u0103stra\u021bi campaniile de anun\u021buri Reddit aprobate \u0219i func\u021bionale.","robots":{"index":"index","follow":"follow","max-snippet":"max-snippet:-1","max-image-preview":"max-image-preview:large","max-video-preview":"max-video-preview:-1"},"canonical":"https:\/\/cloakmyads.com\/ro\/cumpara\/reddit-ads-cloaking-conturi\/","og_locale":"ro_RO","og_type":"article","og_title":"Reddit Ads Cloaking Accounts","og_description":"Buy Reddit Ads Cloaking Accounts to show clean pages to reviewers while delivering the real offer to users. Keep Reddit ad campaigns approved and running.","og_url":"https:\/\/cloakmyads.com\/ro\/cumpara\/reddit-ads-cloaking-conturi\/","og_site_name":"CloakMyAds","article_modified_time":"2025-10-03T15:13:54+00:00","og_image":[{"width":940,"height":640,"url":"https:\/\/cloakmyads.com\/wp-content\/uploads\/2025\/09\/reddit-ads-cloaking-accounts.png","type":"image\/png"}],"twitter_card":"summary_large_image","twitter_misc":{"Timp estimat pentru citire":"1 minut"},"schema":{"@context":"https:\/\/schema.org","@graph":[{"@type":"WebPage","@id":"https:\/\/cloakmyads.com\/buy\/reddit-ads-cloaking-accounts\/","url":"https:\/\/cloakmyads.com\/buy\/reddit-ads-cloaking-accounts\/","name":"Reddit Ads Cloaking Accounts - Cump\u0103ra\u021bi pentru a trece de recenzii","isPartOf":{"@id":"https:\/\/cloakmyads.com\/#website"},"primaryImageOfPage":{"@id":"https:\/\/cloakmyads.com\/buy\/reddit-ads-cloaking-accounts\/#primaryimage"},"image":{"@id":"https:\/\/cloakmyads.com\/buy\/reddit-ads-cloaking-accounts\/#primaryimage"},"thumbnailUrl":"https:\/\/cloakmyads.com\/wp-content\/uploads\/2025\/09\/reddit-ads-cloaking-accounts.png","datePublished":"2025-09-21T09:57:05+00:00","dateModified":"2025-10-03T15:13:54+00:00","description":"Cump\u0103ra\u021bi Reddit Ads Cloaking Accounts pentru a afi\u0219a pagini curate recenzorilor, oferind \u00een acela\u0219i timp oferta real\u0103 utilizatorilor. P\u0103stra\u021bi campaniile de anun\u021buri Reddit aprobate \u0219i func\u021bionale.","breadcrumb":{"@id":"https:\/\/cloakmyads.com\/buy\/reddit-ads-cloaking-accounts\/#breadcrumb"},"inLanguage":"ro-RO","potentialAction":[{"@type":"ReadAction","target":["https:\/\/cloakmyads.com\/buy\/reddit-ads-cloaking-accounts\/"]}]},{"@type":"ImageObject","inLanguage":"ro-RO","@id":"https:\/\/cloakmyads.com\/buy\/reddit-ads-cloaking-accounts\/#primaryimage","url":"https:\/\/cloakmyads.com\/wp-content\/uploads\/2025\/09\/reddit-ads-cloaking-accounts.png","contentUrl":"https:\/\/cloakmyads.com\/wp-content\/uploads\/2025\/09\/reddit-ads-cloaking-accounts.png","width":940,"height":640,"caption":"Reddit Ads Cloaking Accounts"},{"@type":"BreadcrumbList","@id":"https:\/\/cloakmyads.com\/buy\/reddit-ads-cloaking-accounts\/#breadcrumb","itemListElement":[{"@type":"ListItem","position":1,"name":"Home","item":"https:\/\/cloakmyads.com\/"},{"@type":"ListItem","position":2,"name":"Shop","item":"https:\/\/cloakmyads.com\/ar\/%d9%85%d8%aa%d8%ac%d8%b1\/"},{"@type":"ListItem","position":3,"name":"Reddit Ads Cloaking Accounts"}]},{"@type":"WebSite","@id":"https:\/\/cloakmyads.com\/#website","url":"https:\/\/cloakmyads.com\/","name":"CloakMyAds","description":"","publisher":{"@id":"https:\/\/cloakmyads.com\/#organization"},"potentialAction":[{"@type":"SearchAction","target":{"@type":"EntryPoint","urlTemplate":"https:\/\/cloakmyads.com\/?s={search_term_string}"},"query-input":{"@type":"PropertyValueSpecification","valueRequired":true,"valueName":"search_term_string"}}],"inLanguage":"ro-RO"},{"@type":"Organization","@id":"https:\/\/cloakmyads.com\/#organization","name":"Cump\u0103ra\u021bi conturi Google Ads","url":"https:\/\/cloakmyads.com\/","logo":{"@type":"ImageObject","inLanguage":"ro-RO","@id":"https:\/\/cloakmyads.com\/#\/schema\/logo\/image\/","url":"https:\/\/cloakmyads.com\/wp-content\/uploads\/2025\/11\/fav-cloak.jpg","contentUrl":"https:\/\/cloakmyads.com\/wp-content\/uploads\/2025\/11\/fav-cloak.jpg","width":512,"height":512,"caption":"Buy Google Ads Accounts"},"image":{"@id":"https:\/\/cloakmyads.com\/#\/schema\/logo\/image\/"}}]}},"_links":{"self":[{"href":"https:\/\/cloakmyads.com\/ro\/wp-json\/wp\/v2\/product\/9413","targetHints":{"allow":["GET"]}}],"collection":[{"href":"https:\/\/cloakmyads.com\/ro\/wp-json\/wp\/v2\/product"}],"about":[{"href":"https:\/\/cloakmyads.com\/ro\/wp-json\/wp\/v2\/types\/product"}],"version-history":[{"count":3,"href":"https:\/\/cloakmyads.com\/ro\/wp-json\/wp\/v2\/product\/9413\/revisions"}],"predecessor-version":[{"id":9747,"href":"https:\/\/cloakmyads.com\/ro\/wp-json\/wp\/v2\/product\/9413\/revisions\/9747"}],"wp:featuredmedia":[{"embeddable":true,"href":"https:\/\/cloakmyads.com\/ro\/wp-json\/wp\/v2\/media\/9415"}],"wp:attachment":[{"href":"https:\/\/cloakmyads.com\/ro\/wp-json\/wp\/v2\/media?parent=9413"}],"wp:term":[{"taxonomy":"product_brand","embeddable":true,"href":"https:\/\/cloakmyads.com\/ro\/wp-json\/wp\/v2\/product_brand?post=9413"},{"taxonomy":"product_cat","embeddable":true,"href":"https:\/\/cloakmyads.com\/ro\/wp-json\/wp\/v2\/product_cat?post=9413"},{"taxonomy":"product_tag","embeddable":true,"href":"https:\/\/cloakmyads.com\/ro\/wp-json\/wp\/v2\/product_tag?post=9413"}],"curies":[{"name":"wp","href":"https:\/\/api.w.org\/{rel}","templated":true}]}}