{"id":9404,"date":"2025-09-19T16:14:41","date_gmt":"2025-09-19T15:14:41","guid":{"rendered":"https:\/\/cloakmyads.com\/?post_type=product&#038;p=9404"},"modified":"2025-10-03T16:16:53","modified_gmt":"2025-10-03T15:16:53","slug":"x-ads-cloaking-conturi-twitter","status":"publish","type":"product","link":"https:\/\/cloakmyads.com\/ro\/cumpara\/x-ads-cloaking-conturi-twitter\/","title":{"rendered":"Conturi X Ads Cloaking"},"content":{"rendered":"<p data-start=\"298\" data-end=\"675\">X (fostul Twitter) a devenit una dintre cele mai fierbin\u021bi surse de trafic pentru criptografie, finan\u021be \u0219i oferte \u00een trend - dar moderarea sa este neiert\u0103toare. Anun\u021burile se blocheaz\u0103 \u00een revizuire, sunt marcate ca \u201csensibile\u201d sau conturile sunt suspendate dup\u0103 prima lansare. Acesta este motivul pentru care cump\u0103r\u0103torii media \u0219i afilia\u021bii cu experien\u021b\u0103 aleg s\u0103 <strong data-start=\"608\" data-end=\"630\">cump\u0103ra\u021bi conturi X Ads<\/strong> care sunt \u00eemb\u0103tr\u00e2nite, verificate \u0219i gata de func\u021bionare.<\/p>\n<p data-start=\"677\" data-end=\"930\">Atunci c\u00e2nd utiliza\u021bi <strong data-start=\"690\" data-end=\"717\">Conturi X Ads verificate<\/strong>, evita\u021bi buclele de verificare nesf\u00e2r\u0219ite \u0219i \u00eenghe\u021b\u0103rile bru\u0219te ale conturilor care distrug dinamismul. Aceste conturi sunt legate de entit\u0103\u021bi comerciale din SUA \u0219i Regatul Unit, au v\u00e2rsta cuprins\u0103 \u00eentre 2022-2024 \u0219i sunt livrate curate, f\u0103r\u0103 istoric de poli\u021be.<\/p>\n<p data-start=\"932\" data-end=\"1216\">Combinate cu camuflarea avansat\u0103, conturile X Ads pot rula \u00een sf\u00e2r\u0219it verticale precum <strong data-start=\"1011\" data-end=\"1065\">cripto, concursuri, \u00eent\u00e2lniri, finan\u021be \u0219i software<\/strong> f\u0103r\u0103 a fi detectat instantaneu. Recenzorii v\u0103d con\u021binutul dvs. sigur, \u00een timp ce utilizatorii reali sunt redirec\u021biona\u021bi c\u0103tre pagina cu bani - men\u021bin\u00e2nd campaniile profitabile.<\/p>\n<p data-start=\"1218\" data-end=\"1399\">Dac\u0103 sunte\u021bi serios \u00een ceea ce prive\u0219te scalarea pe X, nu pierde\u021bi timpul cu log\u0103ri de unic\u0103 folosin\u021b\u0103. Singura modalitate de a supravie\u021bui este s\u0103 <strong data-start=\"1326\" data-end=\"1348\">cump\u0103ra\u021bi conturi X Ads<\/strong> care sunt verificate, \u00eemb\u0103tr\u00e2nite \u0219i construite pentru camuflaj.<\/p>","protected":false},"excerpt":{"rendered":"<p>Conturi Cloaked X Ads create pentru verticale cu risc ridicat - ocoli\u021bi verific\u0103rile anun\u021burilor Twitter, r\u0103m\u00e2ne\u021bi conforme la suprafa\u021b\u0103 \u0219i conduce\u021bi trafic real c\u0103tre paginile dvs. cu bani.<\/p>","protected":false},"featured_media":9406,"template":"","meta":{"_acf_changed":false},"product_brand":[],"product_cat":[65],"product_tag":[],"class_list":{"0":"post-9404","1":"product","2":"type-product","3":"status-publish","4":"has-post-thumbnail","6":"product_cat-accounts","8":"first","9":"instock","10":"purchasable","11":"product-type-simple"},"acf":[],"yoast_head":"<!-- This site is optimized with the Yoast SEO Premium plugin v26.6 (Yoast SEO v26.7) - https:\/\/yoast.com\/wordpress\/plugins\/seo\/ -->\n<title>Buy X Ads Cloaking Accounts \u2013 Buy for Crypto &amp; Forex Ads<\/title>\n<meta name=\"description\" content=\"Buy X Ads Cloaking Accounts to run high-risk campaigns like crypto, forex and betting. Cloak ads to pass reviews and keep campaigns live.\" \/>\n<meta name=\"robots\" content=\"index, follow, max-snippet:-1, max-image-preview:large, max-video-preview:-1\" \/>\n<link rel=\"canonical\" href=\"https:\/\/cloakmyads.com\/ro\/cumpara\/x-ads-cloaking-conturi-twitter\/\" \/>\n<meta property=\"og:locale\" content=\"ro_RO\" \/>\n<meta property=\"og:type\" content=\"article\" \/>\n<meta property=\"og:title\" content=\"X Ads Cloaking Accounts\" \/>\n<meta property=\"og:description\" content=\"Buy X Ads Cloaking Accounts to run high-risk campaigns like crypto, forex and betting. Cloak ads to pass reviews and keep campaigns live.\" \/>\n<meta property=\"og:url\" content=\"https:\/\/cloakmyads.com\/ro\/cumpara\/x-ads-cloaking-conturi-twitter\/\" \/>\n<meta property=\"og:site_name\" content=\"CloakMyAds\" \/>\n<meta property=\"article:modified_time\" content=\"2025-10-03T15:16:53+00:00\" \/>\n<meta property=\"og:image\" content=\"https:\/\/cloakmyads.com\/wp-content\/uploads\/2025\/09\/x-ads-cloaking-accounts.png\" \/>\n\t<meta property=\"og:image:width\" content=\"940\" \/>\n\t<meta property=\"og:image:height\" content=\"640\" \/>\n\t<meta property=\"og:image:type\" content=\"image\/png\" \/>\n<meta name=\"twitter:card\" content=\"summary_large_image\" \/>\n<meta name=\"twitter:label1\" content=\"Timp estimat pentru citire\" \/>\n\t<meta name=\"twitter:data1\" content=\"1 minut\" \/>\n<script type=\"application\/ld+json\" class=\"yoast-schema-graph\">{\"@context\":\"https:\/\/schema.org\",\"@graph\":[{\"@type\":\"WebPage\",\"@id\":\"https:\/\/cloakmyads.com\/buy\/x-ads-cloaking-accounts-twitter\/\",\"url\":\"https:\/\/cloakmyads.com\/buy\/x-ads-cloaking-accounts-twitter\/\",\"name\":\"Buy X Ads Cloaking Accounts \u2013 Buy for Crypto & Forex Ads\",\"isPartOf\":{\"@id\":\"https:\/\/cloakmyads.com\/#website\"},\"primaryImageOfPage\":{\"@id\":\"https:\/\/cloakmyads.com\/buy\/x-ads-cloaking-accounts-twitter\/#primaryimage\"},\"image\":{\"@id\":\"https:\/\/cloakmyads.com\/buy\/x-ads-cloaking-accounts-twitter\/#primaryimage\"},\"thumbnailUrl\":\"https:\/\/cloakmyads.com\/wp-content\/uploads\/2025\/09\/x-ads-cloaking-accounts.png\",\"datePublished\":\"2025-09-19T15:14:41+00:00\",\"dateModified\":\"2025-10-03T15:16:53+00:00\",\"description\":\"Buy X Ads Cloaking Accounts to run high-risk campaigns like crypto, forex and betting. Cloak ads to pass reviews and keep campaigns live.\",\"breadcrumb\":{\"@id\":\"https:\/\/cloakmyads.com\/buy\/x-ads-cloaking-accounts-twitter\/#breadcrumb\"},\"inLanguage\":\"ro-RO\",\"potentialAction\":[{\"@type\":\"ReadAction\",\"target\":[\"https:\/\/cloakmyads.com\/buy\/x-ads-cloaking-accounts-twitter\/\"]}]},{\"@type\":\"ImageObject\",\"inLanguage\":\"ro-RO\",\"@id\":\"https:\/\/cloakmyads.com\/buy\/x-ads-cloaking-accounts-twitter\/#primaryimage\",\"url\":\"https:\/\/cloakmyads.com\/wp-content\/uploads\/2025\/09\/x-ads-cloaking-accounts.png\",\"contentUrl\":\"https:\/\/cloakmyads.com\/wp-content\/uploads\/2025\/09\/x-ads-cloaking-accounts.png\",\"width\":940,\"height\":640,\"caption\":\"X ads Accounts cloaking\"},{\"@type\":\"BreadcrumbList\",\"@id\":\"https:\/\/cloakmyads.com\/buy\/x-ads-cloaking-accounts-twitter\/#breadcrumb\",\"itemListElement\":[{\"@type\":\"ListItem\",\"position\":1,\"name\":\"Home\",\"item\":\"https:\/\/cloakmyads.com\/\"},{\"@type\":\"ListItem\",\"position\":2,\"name\":\"Shop\",\"item\":\"https:\/\/cloakmyads.com\/ar\/%d9%85%d8%aa%d8%ac%d8%b1\/\"},{\"@type\":\"ListItem\",\"position\":3,\"name\":\"X Ads Cloaking Accounts\"}]},{\"@type\":\"WebSite\",\"@id\":\"https:\/\/cloakmyads.com\/#website\",\"url\":\"https:\/\/cloakmyads.com\/\",\"name\":\"CloakMyAds\",\"description\":\"\",\"publisher\":{\"@id\":\"https:\/\/cloakmyads.com\/#organization\"},\"potentialAction\":[{\"@type\":\"SearchAction\",\"target\":{\"@type\":\"EntryPoint\",\"urlTemplate\":\"https:\/\/cloakmyads.com\/?s={search_term_string}\"},\"query-input\":{\"@type\":\"PropertyValueSpecification\",\"valueRequired\":true,\"valueName\":\"search_term_string\"}}],\"inLanguage\":\"ro-RO\"},{\"@type\":\"Organization\",\"@id\":\"https:\/\/cloakmyads.com\/#organization\",\"name\":\"Buy Google Ads Accounts\",\"url\":\"https:\/\/cloakmyads.com\/\",\"logo\":{\"@type\":\"ImageObject\",\"inLanguage\":\"ro-RO\",\"@id\":\"https:\/\/cloakmyads.com\/#\/schema\/logo\/image\/\",\"url\":\"https:\/\/cloakmyads.com\/wp-content\/uploads\/2025\/11\/fav-cloak.jpg\",\"contentUrl\":\"https:\/\/cloakmyads.com\/wp-content\/uploads\/2025\/11\/fav-cloak.jpg\",\"width\":512,\"height\":512,\"caption\":\"Buy Google Ads Accounts\"},\"image\":{\"@id\":\"https:\/\/cloakmyads.com\/#\/schema\/logo\/image\/\"}}]}<\/script>\n<!-- \/ Yoast SEO Premium plugin. -->","yoast_head_json":{"title":"Cump\u0103ra\u021bi X Ads Cloaking Accounts - Cump\u0103ra\u021bi pentru Crypto &amp; Forex Ads","description":"Cump\u0103ra\u021bi X Ads Cloaking Accounts pentru a derula campanii cu risc ridicat precum cripto, forex \u0219i pariuri. Anun\u021buri de camuflaj pentru a trece de recenzii \u0219i pentru a men\u021bine campaniile active.","robots":{"index":"index","follow":"follow","max-snippet":"max-snippet:-1","max-image-preview":"max-image-preview:large","max-video-preview":"max-video-preview:-1"},"canonical":"https:\/\/cloakmyads.com\/ro\/cumpara\/x-ads-cloaking-conturi-twitter\/","og_locale":"ro_RO","og_type":"article","og_title":"X Ads Cloaking Accounts","og_description":"Buy X Ads Cloaking Accounts to run high-risk campaigns like crypto, forex and betting. Cloak ads to pass reviews and keep campaigns live.","og_url":"https:\/\/cloakmyads.com\/ro\/cumpara\/x-ads-cloaking-conturi-twitter\/","og_site_name":"CloakMyAds","article_modified_time":"2025-10-03T15:16:53+00:00","og_image":[{"width":940,"height":640,"url":"https:\/\/cloakmyads.com\/wp-content\/uploads\/2025\/09\/x-ads-cloaking-accounts.png","type":"image\/png"}],"twitter_card":"summary_large_image","twitter_misc":{"Timp estimat pentru citire":"1 minut"},"schema":{"@context":"https:\/\/schema.org","@graph":[{"@type":"WebPage","@id":"https:\/\/cloakmyads.com\/buy\/x-ads-cloaking-accounts-twitter\/","url":"https:\/\/cloakmyads.com\/buy\/x-ads-cloaking-accounts-twitter\/","name":"Cump\u0103ra\u021bi X Ads Cloaking Accounts - Cump\u0103ra\u021bi pentru Crypto &amp; Forex Ads","isPartOf":{"@id":"https:\/\/cloakmyads.com\/#website"},"primaryImageOfPage":{"@id":"https:\/\/cloakmyads.com\/buy\/x-ads-cloaking-accounts-twitter\/#primaryimage"},"image":{"@id":"https:\/\/cloakmyads.com\/buy\/x-ads-cloaking-accounts-twitter\/#primaryimage"},"thumbnailUrl":"https:\/\/cloakmyads.com\/wp-content\/uploads\/2025\/09\/x-ads-cloaking-accounts.png","datePublished":"2025-09-19T15:14:41+00:00","dateModified":"2025-10-03T15:16:53+00:00","description":"Cump\u0103ra\u021bi X Ads Cloaking Accounts pentru a derula campanii cu risc ridicat precum cripto, forex \u0219i pariuri. Anun\u021buri de camuflaj pentru a trece de recenzii \u0219i pentru a men\u021bine campaniile active.","breadcrumb":{"@id":"https:\/\/cloakmyads.com\/buy\/x-ads-cloaking-accounts-twitter\/#breadcrumb"},"inLanguage":"ro-RO","potentialAction":[{"@type":"ReadAction","target":["https:\/\/cloakmyads.com\/buy\/x-ads-cloaking-accounts-twitter\/"]}]},{"@type":"ImageObject","inLanguage":"ro-RO","@id":"https:\/\/cloakmyads.com\/buy\/x-ads-cloaking-accounts-twitter\/#primaryimage","url":"https:\/\/cloakmyads.com\/wp-content\/uploads\/2025\/09\/x-ads-cloaking-accounts.png","contentUrl":"https:\/\/cloakmyads.com\/wp-content\/uploads\/2025\/09\/x-ads-cloaking-accounts.png","width":940,"height":640,"caption":"X ads Accounts cloaking"},{"@type":"BreadcrumbList","@id":"https:\/\/cloakmyads.com\/buy\/x-ads-cloaking-accounts-twitter\/#breadcrumb","itemListElement":[{"@type":"ListItem","position":1,"name":"Home","item":"https:\/\/cloakmyads.com\/"},{"@type":"ListItem","position":2,"name":"Shop","item":"https:\/\/cloakmyads.com\/ar\/%d9%85%d8%aa%d8%ac%d8%b1\/"},{"@type":"ListItem","position":3,"name":"X Ads Cloaking Accounts"}]},{"@type":"WebSite","@id":"https:\/\/cloakmyads.com\/#website","url":"https:\/\/cloakmyads.com\/","name":"CloakMyAds","description":"","publisher":{"@id":"https:\/\/cloakmyads.com\/#organization"},"potentialAction":[{"@type":"SearchAction","target":{"@type":"EntryPoint","urlTemplate":"https:\/\/cloakmyads.com\/?s={search_term_string}"},"query-input":{"@type":"PropertyValueSpecification","valueRequired":true,"valueName":"search_term_string"}}],"inLanguage":"ro-RO"},{"@type":"Organization","@id":"https:\/\/cloakmyads.com\/#organization","name":"Cump\u0103ra\u021bi conturi Google Ads","url":"https:\/\/cloakmyads.com\/","logo":{"@type":"ImageObject","inLanguage":"ro-RO","@id":"https:\/\/cloakmyads.com\/#\/schema\/logo\/image\/","url":"https:\/\/cloakmyads.com\/wp-content\/uploads\/2025\/11\/fav-cloak.jpg","contentUrl":"https:\/\/cloakmyads.com\/wp-content\/uploads\/2025\/11\/fav-cloak.jpg","width":512,"height":512,"caption":"Buy Google Ads Accounts"},"image":{"@id":"https:\/\/cloakmyads.com\/#\/schema\/logo\/image\/"}}]}},"_links":{"self":[{"href":"https:\/\/cloakmyads.com\/ro\/wp-json\/wp\/v2\/product\/9404","targetHints":{"allow":["GET"]}}],"collection":[{"href":"https:\/\/cloakmyads.com\/ro\/wp-json\/wp\/v2\/product"}],"about":[{"href":"https:\/\/cloakmyads.com\/ro\/wp-json\/wp\/v2\/types\/product"}],"version-history":[{"count":4,"href":"https:\/\/cloakmyads.com\/ro\/wp-json\/wp\/v2\/product\/9404\/revisions"}],"predecessor-version":[{"id":9743,"href":"https:\/\/cloakmyads.com\/ro\/wp-json\/wp\/v2\/product\/9404\/revisions\/9743"}],"wp:featuredmedia":[{"embeddable":true,"href":"https:\/\/cloakmyads.com\/ro\/wp-json\/wp\/v2\/media\/9406"}],"wp:attachment":[{"href":"https:\/\/cloakmyads.com\/ro\/wp-json\/wp\/v2\/media?parent=9404"}],"wp:term":[{"taxonomy":"product_brand","embeddable":true,"href":"https:\/\/cloakmyads.com\/ro\/wp-json\/wp\/v2\/product_brand?post=9404"},{"taxonomy":"product_cat","embeddable":true,"href":"https:\/\/cloakmyads.com\/ro\/wp-json\/wp\/v2\/product_cat?post=9404"},{"taxonomy":"product_tag","embeddable":true,"href":"https:\/\/cloakmyads.com\/ro\/wp-json\/wp\/v2\/product_tag?post=9404"}],"curies":[{"name":"wp","href":"https:\/\/api.w.org\/{rel}","templated":true}]}}