{"id":9400,"date":"2025-09-19T14:51:20","date_gmt":"2025-09-19T13:51:20","guid":{"rendered":"https:\/\/cloakmyads.com\/?post_type=product&#038;p=9400"},"modified":"2025-10-03T16:18:05","modified_gmt":"2025-10-03T15:18:05","slug":"cumparati-linkedin-ads-cloaking-conturi","status":"publish","type":"product","link":"https:\/\/cloakmyads.com\/ro\/cumpara\/cumparati-linkedin-ads-cloaking-conturi\/","title":{"rendered":"Linkedin Ads Cloaking Conturi"},"content":{"rendered":"<p data-start=\"278\" data-end=\"679\">LinkedIn a devenit platforma de referin\u021b\u0103 pentru generarea de lead-uri B2B, oferte financiare, instrumente SaaS \u0219i servicii de \u00eenalt\u0103 calitate. Dar sistemul s\u0103u de revizuire a anun\u021burilor este extrem de strict - resping\u00e2nd anun\u021buri neconforme, limit\u00e2nd raza de ac\u021biune sau dezactiv\u00e2nd conturile dup\u0103 un singur semnal. Acesta este motivul pentru care cump\u0103r\u0103torii media \u0219i agen\u021biile serioase aleg s\u0103 <strong data-start=\"588\" data-end=\"617\">cump\u0103ra\u021bi conturi LinkedIn Ads<\/strong> care sunt vechi, stabile \u0219i concepute pentru aprob\u0103ri mai u\u0219oare.<\/p>\n<p data-start=\"681\" data-end=\"968\">Atunci c\u00e2nd lansa\u021bi campanii cu <strong data-start=\"709\" data-end=\"743\">conturi LinkedIn Ads verificate<\/strong>, s\u0103ri\u021bi peste buclele nesf\u00e2r\u0219ite de verificare \u0219i re\u021binerile bru\u0219te de conturi care ucid scalarea. Aceste conturi sunt legate de entit\u0103\u021bi de afaceri reale din SUA \u0219i Marea Britanie, cu v\u00e2rste cuprinse \u00eentre 2022-2024, \u0219i sunt preg\u0103tite pentru lans\u0103ri imediate de campanii.<\/p>\n<p data-start=\"970\" data-end=\"1290\">\u00cempreun\u0103 cu camuflarea avansat\u0103, pute\u021bi rula verticale agresive, cum ar fi <strong data-start=\"1039\" data-end=\"1095\">criptografie, finan\u021be, s\u0103n\u0103tate, SaaS sau lead-gen afiliat<\/strong> f\u0103r\u0103 ca evaluatorii LinkedIn s\u0103 v\u0103 \u00eenchid\u0103 instantaneu. Paginile sigure sunt afi\u0219ate moderatorilor, \u00een timp ce paginile dvs. de destina\u021bie reale ajung la clien\u021bi poten\u021biali autentici - men\u021bin\u00e2nd campaniile dvs. \u00een via\u021b\u0103 mai mult timp.<\/p>\n<p data-start=\"1292\" data-end=\"1511\">Dac\u0103 sunte\u021bi serios \u00een ceea ce prive\u0219te dominarea traficului LinkedIn, cheia este simpl\u0103: <strong data-start=\"1364\" data-end=\"1393\">cump\u0103ra\u021bi conturi LinkedIn Ads<\/strong> care sunt verificate, \u00eemb\u0103tr\u00e2nite \u0219i preg\u0103tite pentru camuflare. Aceasta este singura modalitate de a cre\u0219te f\u0103r\u0103 interdic\u021bii constante sau cheltuieli de publicitate irosite.<\/p>","protected":false},"excerpt":{"rendered":"<p>Conturi LinkedIn Ads verificate, echipate cu camuflaj avansat - ideale pentru derularea de campanii agresive B2B, crypto sau fintech.<\/p>","protected":false},"featured_media":9401,"template":"","meta":{"_acf_changed":false},"product_brand":[],"product_cat":[65],"product_tag":[],"class_list":{"0":"post-9400","1":"product","2":"type-product","3":"status-publish","4":"has-post-thumbnail","6":"product_cat-accounts","8":"first","9":"instock","10":"purchasable","11":"product-type-simple"},"acf":[],"yoast_head":"<!-- This site is optimized with the Yoast SEO Premium plugin v26.6 (Yoast SEO v26.7) - https:\/\/yoast.com\/wordpress\/plugins\/seo\/ -->\n<title>Buy LinkedIn Ads Cloaking Accounts \u2013 Crypto &amp; Finance Ads<\/title>\n<meta name=\"description\" content=\"Buy LinkedIn Ads Cloaking Accounts to launch crypto, forex, and finance ads. Reliable cloaking accounts to keep LinkedIn campaigns running.\" \/>\n<meta name=\"robots\" content=\"index, follow, max-snippet:-1, max-image-preview:large, max-video-preview:-1\" \/>\n<link rel=\"canonical\" href=\"https:\/\/cloakmyads.com\/ro\/cumpara\/cumparati-linkedin-ads-cloaking-conturi\/\" \/>\n<meta property=\"og:locale\" content=\"ro_RO\" \/>\n<meta property=\"og:type\" content=\"article\" \/>\n<meta property=\"og:title\" content=\"Linkedin Ads Cloaking Accounts\" \/>\n<meta property=\"og:description\" content=\"Buy LinkedIn Ads Cloaking Accounts to launch crypto, forex, and finance ads. Reliable cloaking accounts to keep LinkedIn campaigns running.\" \/>\n<meta property=\"og:url\" content=\"https:\/\/cloakmyads.com\/ro\/cumpara\/cumparati-linkedin-ads-cloaking-conturi\/\" \/>\n<meta property=\"og:site_name\" content=\"CloakMyAds\" \/>\n<meta property=\"article:modified_time\" content=\"2025-10-03T15:18:05+00:00\" \/>\n<meta property=\"og:image\" content=\"https:\/\/cloakmyads.com\/wp-content\/uploads\/2025\/09\/linkedin-ads-accounts-cloaking.jpg\" \/>\n\t<meta property=\"og:image:width\" content=\"940\" \/>\n\t<meta property=\"og:image:height\" content=\"640\" \/>\n\t<meta property=\"og:image:type\" content=\"image\/jpeg\" \/>\n<meta name=\"twitter:card\" content=\"summary_large_image\" \/>\n<meta name=\"twitter:label1\" content=\"Timp estimat pentru citire\" \/>\n\t<meta name=\"twitter:data1\" content=\"1 minut\" \/>\n<script type=\"application\/ld+json\" class=\"yoast-schema-graph\">{\"@context\":\"https:\/\/schema.org\",\"@graph\":[{\"@type\":\"WebPage\",\"@id\":\"https:\/\/cloakmyads.com\/buy\/buy-linkedin-ads-cloaking-accounts\/\",\"url\":\"https:\/\/cloakmyads.com\/buy\/buy-linkedin-ads-cloaking-accounts\/\",\"name\":\"Buy LinkedIn Ads Cloaking Accounts \u2013 Crypto & Finance Ads\",\"isPartOf\":{\"@id\":\"https:\/\/cloakmyads.com\/#website\"},\"primaryImageOfPage\":{\"@id\":\"https:\/\/cloakmyads.com\/buy\/buy-linkedin-ads-cloaking-accounts\/#primaryimage\"},\"image\":{\"@id\":\"https:\/\/cloakmyads.com\/buy\/buy-linkedin-ads-cloaking-accounts\/#primaryimage\"},\"thumbnailUrl\":\"https:\/\/cloakmyads.com\/wp-content\/uploads\/2025\/09\/linkedin-ads-accounts-cloaking.jpg\",\"datePublished\":\"2025-09-19T13:51:20+00:00\",\"dateModified\":\"2025-10-03T15:18:05+00:00\",\"description\":\"Buy LinkedIn Ads Cloaking Accounts to launch crypto, forex, and finance ads. Reliable cloaking accounts to keep LinkedIn campaigns running.\",\"breadcrumb\":{\"@id\":\"https:\/\/cloakmyads.com\/buy\/buy-linkedin-ads-cloaking-accounts\/#breadcrumb\"},\"inLanguage\":\"ro-RO\",\"potentialAction\":[{\"@type\":\"ReadAction\",\"target\":[\"https:\/\/cloakmyads.com\/buy\/buy-linkedin-ads-cloaking-accounts\/\"]}]},{\"@type\":\"ImageObject\",\"inLanguage\":\"ro-RO\",\"@id\":\"https:\/\/cloakmyads.com\/buy\/buy-linkedin-ads-cloaking-accounts\/#primaryimage\",\"url\":\"https:\/\/cloakmyads.com\/wp-content\/uploads\/2025\/09\/linkedin-ads-accounts-cloaking.jpg\",\"contentUrl\":\"https:\/\/cloakmyads.com\/wp-content\/uploads\/2025\/09\/linkedin-ads-accounts-cloaking.jpg\",\"width\":940,\"height\":640},{\"@type\":\"BreadcrumbList\",\"@id\":\"https:\/\/cloakmyads.com\/buy\/buy-linkedin-ads-cloaking-accounts\/#breadcrumb\",\"itemListElement\":[{\"@type\":\"ListItem\",\"position\":1,\"name\":\"Home\",\"item\":\"https:\/\/cloakmyads.com\/\"},{\"@type\":\"ListItem\",\"position\":2,\"name\":\"Shop\",\"item\":\"https:\/\/cloakmyads.com\/ar\/%d9%85%d8%aa%d8%ac%d8%b1\/\"},{\"@type\":\"ListItem\",\"position\":3,\"name\":\"Linkedin Ads Cloaking Accounts\"}]},{\"@type\":\"WebSite\",\"@id\":\"https:\/\/cloakmyads.com\/#website\",\"url\":\"https:\/\/cloakmyads.com\/\",\"name\":\"CloakMyAds\",\"description\":\"\",\"publisher\":{\"@id\":\"https:\/\/cloakmyads.com\/#organization\"},\"potentialAction\":[{\"@type\":\"SearchAction\",\"target\":{\"@type\":\"EntryPoint\",\"urlTemplate\":\"https:\/\/cloakmyads.com\/?s={search_term_string}\"},\"query-input\":{\"@type\":\"PropertyValueSpecification\",\"valueRequired\":true,\"valueName\":\"search_term_string\"}}],\"inLanguage\":\"ro-RO\"},{\"@type\":\"Organization\",\"@id\":\"https:\/\/cloakmyads.com\/#organization\",\"name\":\"Buy Google Ads Accounts\",\"url\":\"https:\/\/cloakmyads.com\/\",\"logo\":{\"@type\":\"ImageObject\",\"inLanguage\":\"ro-RO\",\"@id\":\"https:\/\/cloakmyads.com\/#\/schema\/logo\/image\/\",\"url\":\"https:\/\/cloakmyads.com\/wp-content\/uploads\/2025\/11\/fav-cloak.jpg\",\"contentUrl\":\"https:\/\/cloakmyads.com\/wp-content\/uploads\/2025\/11\/fav-cloak.jpg\",\"width\":512,\"height\":512,\"caption\":\"Buy Google Ads Accounts\"},\"image\":{\"@id\":\"https:\/\/cloakmyads.com\/#\/schema\/logo\/image\/\"}}]}<\/script>\n<!-- \/ Yoast SEO Premium plugin. -->","yoast_head_json":{"title":"Cump\u0103ra\u021bi LinkedIn Ads Cloaking Accounts - Crypto &amp; Finance Ads","description":"Cump\u0103ra\u021bi LinkedIn Ads Cloaking Accounts pentru a lansa reclame cripto, forex \u0219i financiare. Conturi de camuflaj fiabile pentru a men\u021bine campaniile LinkedIn \u00een func\u021biune.","robots":{"index":"index","follow":"follow","max-snippet":"max-snippet:-1","max-image-preview":"max-image-preview:large","max-video-preview":"max-video-preview:-1"},"canonical":"https:\/\/cloakmyads.com\/ro\/cumpara\/cumparati-linkedin-ads-cloaking-conturi\/","og_locale":"ro_RO","og_type":"article","og_title":"Linkedin Ads Cloaking Accounts","og_description":"Buy LinkedIn Ads Cloaking Accounts to launch crypto, forex, and finance ads. Reliable cloaking accounts to keep LinkedIn campaigns running.","og_url":"https:\/\/cloakmyads.com\/ro\/cumpara\/cumparati-linkedin-ads-cloaking-conturi\/","og_site_name":"CloakMyAds","article_modified_time":"2025-10-03T15:18:05+00:00","og_image":[{"width":940,"height":640,"url":"https:\/\/cloakmyads.com\/wp-content\/uploads\/2025\/09\/linkedin-ads-accounts-cloaking.jpg","type":"image\/jpeg"}],"twitter_card":"summary_large_image","twitter_misc":{"Timp estimat pentru citire":"1 minut"},"schema":{"@context":"https:\/\/schema.org","@graph":[{"@type":"WebPage","@id":"https:\/\/cloakmyads.com\/buy\/buy-linkedin-ads-cloaking-accounts\/","url":"https:\/\/cloakmyads.com\/buy\/buy-linkedin-ads-cloaking-accounts\/","name":"Cump\u0103ra\u021bi LinkedIn Ads Cloaking Accounts - Crypto &amp; Finance Ads","isPartOf":{"@id":"https:\/\/cloakmyads.com\/#website"},"primaryImageOfPage":{"@id":"https:\/\/cloakmyads.com\/buy\/buy-linkedin-ads-cloaking-accounts\/#primaryimage"},"image":{"@id":"https:\/\/cloakmyads.com\/buy\/buy-linkedin-ads-cloaking-accounts\/#primaryimage"},"thumbnailUrl":"https:\/\/cloakmyads.com\/wp-content\/uploads\/2025\/09\/linkedin-ads-accounts-cloaking.jpg","datePublished":"2025-09-19T13:51:20+00:00","dateModified":"2025-10-03T15:18:05+00:00","description":"Cump\u0103ra\u021bi LinkedIn Ads Cloaking Accounts pentru a lansa reclame cripto, forex \u0219i financiare. Conturi de camuflaj fiabile pentru a men\u021bine campaniile LinkedIn \u00een func\u021biune.","breadcrumb":{"@id":"https:\/\/cloakmyads.com\/buy\/buy-linkedin-ads-cloaking-accounts\/#breadcrumb"},"inLanguage":"ro-RO","potentialAction":[{"@type":"ReadAction","target":["https:\/\/cloakmyads.com\/buy\/buy-linkedin-ads-cloaking-accounts\/"]}]},{"@type":"ImageObject","inLanguage":"ro-RO","@id":"https:\/\/cloakmyads.com\/buy\/buy-linkedin-ads-cloaking-accounts\/#primaryimage","url":"https:\/\/cloakmyads.com\/wp-content\/uploads\/2025\/09\/linkedin-ads-accounts-cloaking.jpg","contentUrl":"https:\/\/cloakmyads.com\/wp-content\/uploads\/2025\/09\/linkedin-ads-accounts-cloaking.jpg","width":940,"height":640},{"@type":"BreadcrumbList","@id":"https:\/\/cloakmyads.com\/buy\/buy-linkedin-ads-cloaking-accounts\/#breadcrumb","itemListElement":[{"@type":"ListItem","position":1,"name":"Home","item":"https:\/\/cloakmyads.com\/"},{"@type":"ListItem","position":2,"name":"Shop","item":"https:\/\/cloakmyads.com\/ar\/%d9%85%d8%aa%d8%ac%d8%b1\/"},{"@type":"ListItem","position":3,"name":"Linkedin Ads Cloaking Accounts"}]},{"@type":"WebSite","@id":"https:\/\/cloakmyads.com\/#website","url":"https:\/\/cloakmyads.com\/","name":"CloakMyAds","description":"","publisher":{"@id":"https:\/\/cloakmyads.com\/#organization"},"potentialAction":[{"@type":"SearchAction","target":{"@type":"EntryPoint","urlTemplate":"https:\/\/cloakmyads.com\/?s={search_term_string}"},"query-input":{"@type":"PropertyValueSpecification","valueRequired":true,"valueName":"search_term_string"}}],"inLanguage":"ro-RO"},{"@type":"Organization","@id":"https:\/\/cloakmyads.com\/#organization","name":"Cump\u0103ra\u021bi conturi Google Ads","url":"https:\/\/cloakmyads.com\/","logo":{"@type":"ImageObject","inLanguage":"ro-RO","@id":"https:\/\/cloakmyads.com\/#\/schema\/logo\/image\/","url":"https:\/\/cloakmyads.com\/wp-content\/uploads\/2025\/11\/fav-cloak.jpg","contentUrl":"https:\/\/cloakmyads.com\/wp-content\/uploads\/2025\/11\/fav-cloak.jpg","width":512,"height":512,"caption":"Buy Google Ads Accounts"},"image":{"@id":"https:\/\/cloakmyads.com\/#\/schema\/logo\/image\/"}}]}},"_links":{"self":[{"href":"https:\/\/cloakmyads.com\/ro\/wp-json\/wp\/v2\/product\/9400","targetHints":{"allow":["GET"]}}],"collection":[{"href":"https:\/\/cloakmyads.com\/ro\/wp-json\/wp\/v2\/product"}],"about":[{"href":"https:\/\/cloakmyads.com\/ro\/wp-json\/wp\/v2\/types\/product"}],"version-history":[{"count":3,"href":"https:\/\/cloakmyads.com\/ro\/wp-json\/wp\/v2\/product\/9400\/revisions"}],"predecessor-version":[{"id":9737,"href":"https:\/\/cloakmyads.com\/ro\/wp-json\/wp\/v2\/product\/9400\/revisions\/9737"}],"wp:featuredmedia":[{"embeddable":true,"href":"https:\/\/cloakmyads.com\/ro\/wp-json\/wp\/v2\/media\/9401"}],"wp:attachment":[{"href":"https:\/\/cloakmyads.com\/ro\/wp-json\/wp\/v2\/media?parent=9400"}],"wp:term":[{"taxonomy":"product_brand","embeddable":true,"href":"https:\/\/cloakmyads.com\/ro\/wp-json\/wp\/v2\/product_brand?post=9400"},{"taxonomy":"product_cat","embeddable":true,"href":"https:\/\/cloakmyads.com\/ro\/wp-json\/wp\/v2\/product_cat?post=9400"},{"taxonomy":"product_tag","embeddable":true,"href":"https:\/\/cloakmyads.com\/ro\/wp-json\/wp\/v2\/product_tag?post=9400"}],"curies":[{"name":"wp","href":"https:\/\/api.w.org\/{rel}","templated":true}]}}