{"id":4935,"date":"2024-04-01T16:07:14","date_gmt":"2024-04-01T15:07:14","guid":{"rendered":"https:\/\/rentaccounts.net\/?post_type=product&#038;p=4935"},"modified":"2025-10-03T16:32:48","modified_gmt":"2025-10-03T15:32:48","slug":"cumparati-google-play-developer-accounts-cloaking","status":"publish","type":"product","link":"https:\/\/cloakmyads.com\/ro\/cumpara\/cumparati-google-play-developer-accounts-cloaking\/","title":{"rendered":"Conturi de camuflaj pentru dezvoltatori Google Play"},"content":{"rendered":"<p data-start=\"374\" data-end=\"783\">Publicarea aplica\u021biilor pe Google Play necesit\u0103 un cont de dezvoltator verificat, iar crearea unuia poate fi un proces lent, cu respingeri frecvente. Google blocheaz\u0103 adesea \u00eenscrierile personale, solicit\u0103 verificarea companiei \u0219i \u00eent\u00e2rzie aprobarea cu s\u0103pt\u0103m\u00e2ni. Acesta este motivul pentru care editorii serio\u0219i, furnizorii SaaS \u0219i re\u021belele aleg s\u0103 <strong data-start=\"683\" data-end=\"721\">cump\u0103ra\u021bi conturi de dezvoltator Google Play<\/strong> care sunt deja verificate, la nivel de afaceri \u0219i gata de utilizare.<\/p>\n<p data-start=\"785\" data-end=\"1213\">Cu <strong data-start=\"790\" data-end=\"833\">conturi de dezvoltator Google Play verificate<\/strong>, evita\u021bi birocra\u021bia, refuzurile aleatorii \u0219i complica\u021biile a\u0219tept\u0103rii. Acestea sunt <strong data-start=\"917\" data-end=\"942\">conturi ale organiza\u021biei<\/strong>, legate de entit\u0103\u021bi comerciale din SUA \u0219i Regatul Unit, cu v\u00e2rsta cuprins\u0103 \u00eentre 2022-2024, \u0219i includ taxa unic\u0103 de \u00eenregistrare $25 deja pl\u0103tit\u0103. Fiecare cont este complet verificat, cu telefon, e-mail \u0219i detalii de afaceri, ceea ce \u00eei face imediat eligibili pentru a trimite aplica\u021bii prin consola Play.<\/p>\n<p data-start=\"1215\" data-end=\"1452\">Fie c\u0103 lansa\u021bi o aplica\u021bie conform\u0103, testa\u021bi build-uri sau extinde\u021bi o re\u021bea de aplica\u021bii, aceste conturi v\u0103 ofer\u0103 baza de care ave\u021bi nevoie. Gestiona\u021bi publicarea, conecta\u021bi profilurile de plat\u0103 \u0219i trimite\u021bi actualiz\u0103ri f\u0103r\u0103 s\u0103 v\u0103 face\u021bi griji cu privire la blocurile de aprobare.<\/p>\n<p data-start=\"1454\" data-end=\"1689\">Dac\u0103 dori\u021bi s\u0103 lansa\u021bi aplica\u021bii mai rapid, f\u0103r\u0103 s\u0103 v\u0103 confrunta\u021bi cu b\u0103t\u0103ile de cap de la zero, cea mai bun\u0103 mi\u0219care este simpl\u0103: <strong data-start=\"1563\" data-end=\"1601\">cump\u0103ra\u021bi conturi de dezvoltator Google Play<\/strong> care sunt verificate de afaceri, stabile \u0219i garantat preg\u0103tite pentru publicarea pe Play Console.<\/p>","protected":false},"excerpt":{"rendered":"<p>Conturi de dezvoltator Google Play verificate, create pentru aprob\u0103ri rapide ale aplica\u021biilor, lans\u0103ri secrete \u0219i implement\u0103ri mascate - gata s\u0103 ocoleasc\u0103 recenziile \u0219i s\u0103 r\u0103m\u00e2n\u0103 active.<\/p>","protected":false},"featured_media":9387,"template":"","meta":{"_acf_changed":false},"product_brand":[],"product_cat":[327],"product_tag":[],"class_list":{"0":"post-4935","1":"product","2":"type-product","3":"status-publish","4":"has-post-thumbnail","6":"product_cat-app-accounts","8":"first","9":"instock","10":"purchasable","11":"product-type-simple"},"acf":[],"yoast_head":"<!-- This site is optimized with the Yoast SEO Premium plugin v26.6 (Yoast SEO v26.7) - https:\/\/yoast.com\/wordpress\/plugins\/seo\/ -->\n<title>Buy Google Play Developer Cloaking Accounts \u2013 Crypto &amp; Gambling<\/title>\n<meta name=\"description\" content=\"Buy Google Play Developer Cloaking Accounts for crypto, gambling, dating and IPTV apps. Verified Android developer accounts to publish high-risk apps fast.\" \/>\n<meta name=\"robots\" content=\"index, follow, max-snippet:-1, max-image-preview:large, max-video-preview:-1\" \/>\n<link rel=\"canonical\" href=\"https:\/\/cloakmyads.com\/ro\/cumpara\/cumparati-google-play-developer-accounts-cloaking\/\" \/>\n<meta property=\"og:locale\" content=\"ro_RO\" \/>\n<meta property=\"og:type\" content=\"article\" \/>\n<meta property=\"og:title\" content=\"Google Play Developer Cloaking Accounts\" \/>\n<meta property=\"og:description\" content=\"Buy Google Play Developer Cloaking Accounts for crypto, gambling, dating and IPTV apps. Verified Android developer accounts to publish high-risk apps fast.\" \/>\n<meta property=\"og:url\" content=\"https:\/\/cloakmyads.com\/ro\/cumpara\/cumparati-google-play-developer-accounts-cloaking\/\" \/>\n<meta property=\"og:site_name\" content=\"CloakMyAds\" \/>\n<meta property=\"article:modified_time\" content=\"2025-10-03T15:32:48+00:00\" \/>\n<meta property=\"og:image\" content=\"https:\/\/cloakmyads.com\/wp-content\/uploads\/2024\/04\/google-play-developer-cloaking.png\" \/>\n\t<meta property=\"og:image:width\" content=\"940\" \/>\n\t<meta property=\"og:image:height\" content=\"640\" \/>\n\t<meta property=\"og:image:type\" content=\"image\/png\" \/>\n<meta name=\"twitter:card\" content=\"summary_large_image\" \/>\n<meta name=\"twitter:label1\" content=\"Timp estimat pentru citire\" \/>\n\t<meta name=\"twitter:data1\" content=\"2 minute\" \/>\n<script type=\"application\/ld+json\" class=\"yoast-schema-graph\">{\"@context\":\"https:\/\/schema.org\",\"@graph\":[{\"@type\":\"WebPage\",\"@id\":\"https:\/\/cloakmyads.com\/buy\/buy-google-play-developer-accounts-cloaking\/\",\"url\":\"https:\/\/cloakmyads.com\/buy\/buy-google-play-developer-accounts-cloaking\/\",\"name\":\"Buy Google Play Developer Cloaking Accounts \u2013 Crypto & Gambling\",\"isPartOf\":{\"@id\":\"https:\/\/cloakmyads.com\/#website\"},\"primaryImageOfPage\":{\"@id\":\"https:\/\/cloakmyads.com\/buy\/buy-google-play-developer-accounts-cloaking\/#primaryimage\"},\"image\":{\"@id\":\"https:\/\/cloakmyads.com\/buy\/buy-google-play-developer-accounts-cloaking\/#primaryimage\"},\"thumbnailUrl\":\"https:\/\/cloakmyads.com\/wp-content\/uploads\/2024\/04\/google-play-developer-cloaking.png\",\"datePublished\":\"2024-04-01T15:07:14+00:00\",\"dateModified\":\"2025-10-03T15:32:48+00:00\",\"description\":\"Buy Google Play Developer Cloaking Accounts for crypto, gambling, dating and IPTV apps. Verified Android developer accounts to publish high-risk apps fast.\",\"breadcrumb\":{\"@id\":\"https:\/\/cloakmyads.com\/buy\/buy-google-play-developer-accounts-cloaking\/#breadcrumb\"},\"inLanguage\":\"ro-RO\",\"potentialAction\":[{\"@type\":\"ReadAction\",\"target\":[\"https:\/\/cloakmyads.com\/buy\/buy-google-play-developer-accounts-cloaking\/\"]}]},{\"@type\":\"ImageObject\",\"inLanguage\":\"ro-RO\",\"@id\":\"https:\/\/cloakmyads.com\/buy\/buy-google-play-developer-accounts-cloaking\/#primaryimage\",\"url\":\"https:\/\/cloakmyads.com\/wp-content\/uploads\/2024\/04\/google-play-developer-cloaking.png\",\"contentUrl\":\"https:\/\/cloakmyads.com\/wp-content\/uploads\/2024\/04\/google-play-developer-cloaking.png\",\"width\":940,\"height\":640},{\"@type\":\"BreadcrumbList\",\"@id\":\"https:\/\/cloakmyads.com\/buy\/buy-google-play-developer-accounts-cloaking\/#breadcrumb\",\"itemListElement\":[{\"@type\":\"ListItem\",\"position\":1,\"name\":\"Home\",\"item\":\"https:\/\/cloakmyads.com\/\"},{\"@type\":\"ListItem\",\"position\":2,\"name\":\"Shop\",\"item\":\"https:\/\/cloakmyads.com\/ar\/%d9%85%d8%aa%d8%ac%d8%b1\/\"},{\"@type\":\"ListItem\",\"position\":3,\"name\":\"Google Play Developer Cloaking Accounts\"}]},{\"@type\":\"WebSite\",\"@id\":\"https:\/\/cloakmyads.com\/#website\",\"url\":\"https:\/\/cloakmyads.com\/\",\"name\":\"CloakMyAds\",\"description\":\"\",\"publisher\":{\"@id\":\"https:\/\/cloakmyads.com\/#organization\"},\"potentialAction\":[{\"@type\":\"SearchAction\",\"target\":{\"@type\":\"EntryPoint\",\"urlTemplate\":\"https:\/\/cloakmyads.com\/?s={search_term_string}\"},\"query-input\":{\"@type\":\"PropertyValueSpecification\",\"valueRequired\":true,\"valueName\":\"search_term_string\"}}],\"inLanguage\":\"ro-RO\"},{\"@type\":\"Organization\",\"@id\":\"https:\/\/cloakmyads.com\/#organization\",\"name\":\"Buy Google Ads Accounts\",\"url\":\"https:\/\/cloakmyads.com\/\",\"logo\":{\"@type\":\"ImageObject\",\"inLanguage\":\"ro-RO\",\"@id\":\"https:\/\/cloakmyads.com\/#\/schema\/logo\/image\/\",\"url\":\"https:\/\/cloakmyads.com\/wp-content\/uploads\/2025\/11\/fav-cloak.jpg\",\"contentUrl\":\"https:\/\/cloakmyads.com\/wp-content\/uploads\/2025\/11\/fav-cloak.jpg\",\"width\":512,\"height\":512,\"caption\":\"Buy Google Ads Accounts\"},\"image\":{\"@id\":\"https:\/\/cloakmyads.com\/#\/schema\/logo\/image\/\"}}]}<\/script>\n<!-- \/ Yoast SEO Premium plugin. -->","yoast_head_json":{"title":"Cump\u0103ra\u021bi Google Play Developer Cloaking Accounts - Crypto &amp; Gambling","description":"Cump\u0103ra\u021bi Google Play Developer Cloaking Accounts pentru aplica\u021bii de criptografie, jocuri de noroc, \u00eent\u00e2lniri \u0219i IPTV. Conturi de dezvoltator Android verificate pentru publicarea rapid\u0103 a aplica\u021biilor cu risc ridicat.","robots":{"index":"index","follow":"follow","max-snippet":"max-snippet:-1","max-image-preview":"max-image-preview:large","max-video-preview":"max-video-preview:-1"},"canonical":"https:\/\/cloakmyads.com\/ro\/cumpara\/cumparati-google-play-developer-accounts-cloaking\/","og_locale":"ro_RO","og_type":"article","og_title":"Google Play Developer Cloaking Accounts","og_description":"Buy Google Play Developer Cloaking Accounts for crypto, gambling, dating and IPTV apps. Verified Android developer accounts to publish high-risk apps fast.","og_url":"https:\/\/cloakmyads.com\/ro\/cumpara\/cumparati-google-play-developer-accounts-cloaking\/","og_site_name":"CloakMyAds","article_modified_time":"2025-10-03T15:32:48+00:00","og_image":[{"width":940,"height":640,"url":"https:\/\/cloakmyads.com\/wp-content\/uploads\/2024\/04\/google-play-developer-cloaking.png","type":"image\/png"}],"twitter_card":"summary_large_image","twitter_misc":{"Timp estimat pentru citire":"2 minute"},"schema":{"@context":"https:\/\/schema.org","@graph":[{"@type":"WebPage","@id":"https:\/\/cloakmyads.com\/buy\/buy-google-play-developer-accounts-cloaking\/","url":"https:\/\/cloakmyads.com\/buy\/buy-google-play-developer-accounts-cloaking\/","name":"Cump\u0103ra\u021bi Google Play Developer Cloaking Accounts - Crypto &amp; Gambling","isPartOf":{"@id":"https:\/\/cloakmyads.com\/#website"},"primaryImageOfPage":{"@id":"https:\/\/cloakmyads.com\/buy\/buy-google-play-developer-accounts-cloaking\/#primaryimage"},"image":{"@id":"https:\/\/cloakmyads.com\/buy\/buy-google-play-developer-accounts-cloaking\/#primaryimage"},"thumbnailUrl":"https:\/\/cloakmyads.com\/wp-content\/uploads\/2024\/04\/google-play-developer-cloaking.png","datePublished":"2024-04-01T15:07:14+00:00","dateModified":"2025-10-03T15:32:48+00:00","description":"Cump\u0103ra\u021bi Google Play Developer Cloaking Accounts pentru aplica\u021bii de criptografie, jocuri de noroc, \u00eent\u00e2lniri \u0219i IPTV. Conturi de dezvoltator Android verificate pentru publicarea rapid\u0103 a aplica\u021biilor cu risc ridicat.","breadcrumb":{"@id":"https:\/\/cloakmyads.com\/buy\/buy-google-play-developer-accounts-cloaking\/#breadcrumb"},"inLanguage":"ro-RO","potentialAction":[{"@type":"ReadAction","target":["https:\/\/cloakmyads.com\/buy\/buy-google-play-developer-accounts-cloaking\/"]}]},{"@type":"ImageObject","inLanguage":"ro-RO","@id":"https:\/\/cloakmyads.com\/buy\/buy-google-play-developer-accounts-cloaking\/#primaryimage","url":"https:\/\/cloakmyads.com\/wp-content\/uploads\/2024\/04\/google-play-developer-cloaking.png","contentUrl":"https:\/\/cloakmyads.com\/wp-content\/uploads\/2024\/04\/google-play-developer-cloaking.png","width":940,"height":640},{"@type":"BreadcrumbList","@id":"https:\/\/cloakmyads.com\/buy\/buy-google-play-developer-accounts-cloaking\/#breadcrumb","itemListElement":[{"@type":"ListItem","position":1,"name":"Home","item":"https:\/\/cloakmyads.com\/"},{"@type":"ListItem","position":2,"name":"Shop","item":"https:\/\/cloakmyads.com\/ar\/%d9%85%d8%aa%d8%ac%d8%b1\/"},{"@type":"ListItem","position":3,"name":"Google Play Developer Cloaking Accounts"}]},{"@type":"WebSite","@id":"https:\/\/cloakmyads.com\/#website","url":"https:\/\/cloakmyads.com\/","name":"CloakMyAds","description":"","publisher":{"@id":"https:\/\/cloakmyads.com\/#organization"},"potentialAction":[{"@type":"SearchAction","target":{"@type":"EntryPoint","urlTemplate":"https:\/\/cloakmyads.com\/?s={search_term_string}"},"query-input":{"@type":"PropertyValueSpecification","valueRequired":true,"valueName":"search_term_string"}}],"inLanguage":"ro-RO"},{"@type":"Organization","@id":"https:\/\/cloakmyads.com\/#organization","name":"Cump\u0103ra\u021bi conturi Google Ads","url":"https:\/\/cloakmyads.com\/","logo":{"@type":"ImageObject","inLanguage":"ro-RO","@id":"https:\/\/cloakmyads.com\/#\/schema\/logo\/image\/","url":"https:\/\/cloakmyads.com\/wp-content\/uploads\/2025\/11\/fav-cloak.jpg","contentUrl":"https:\/\/cloakmyads.com\/wp-content\/uploads\/2025\/11\/fav-cloak.jpg","width":512,"height":512,"caption":"Buy Google Ads Accounts"},"image":{"@id":"https:\/\/cloakmyads.com\/#\/schema\/logo\/image\/"}}]}},"_links":{"self":[{"href":"https:\/\/cloakmyads.com\/ro\/wp-json\/wp\/v2\/product\/4935","targetHints":{"allow":["GET"]}}],"collection":[{"href":"https:\/\/cloakmyads.com\/ro\/wp-json\/wp\/v2\/product"}],"about":[{"href":"https:\/\/cloakmyads.com\/ro\/wp-json\/wp\/v2\/types\/product"}],"version-history":[{"count":4,"href":"https:\/\/cloakmyads.com\/ro\/wp-json\/wp\/v2\/product\/4935\/revisions"}],"predecessor-version":[{"id":9759,"href":"https:\/\/cloakmyads.com\/ro\/wp-json\/wp\/v2\/product\/4935\/revisions\/9759"}],"wp:featuredmedia":[{"embeddable":true,"href":"https:\/\/cloakmyads.com\/ro\/wp-json\/wp\/v2\/media\/9387"}],"wp:attachment":[{"href":"https:\/\/cloakmyads.com\/ro\/wp-json\/wp\/v2\/media?parent=4935"}],"wp:term":[{"taxonomy":"product_brand","embeddable":true,"href":"https:\/\/cloakmyads.com\/ro\/wp-json\/wp\/v2\/product_brand?post=4935"},{"taxonomy":"product_cat","embeddable":true,"href":"https:\/\/cloakmyads.com\/ro\/wp-json\/wp\/v2\/product_cat?post=4935"},{"taxonomy":"product_tag","embeddable":true,"href":"https:\/\/cloakmyads.com\/ro\/wp-json\/wp\/v2\/product_tag?post=4935"}],"curies":[{"name":"wp","href":"https:\/\/api.w.org\/{rel}","templated":true}]}}