{"id":3411,"date":"2022-09-01T10:39:12","date_gmt":"2022-09-01T08:39:12","guid":{"rendered":"https:\/\/rentaccounts.net\/?post_type=product&#038;p=3411"},"modified":"2025-10-03T16:33:47","modified_gmt":"2025-10-03T15:33:47","slug":"facebook-ads-cont-cloaking","status":"publish","type":"product","link":"https:\/\/cloakmyads.com\/ro\/cumpara\/facebook-ads-cont-cloaking\/","title":{"rendered":"Conturi de cloaking Facebook Ads"},"content":{"rendered":"<p data-start=\"348\" data-end=\"596\">C\u00e2nd <strong data-start=\"357\" data-end=\"386\">cump\u0103ra\u021bi conturi Facebook Ads<\/strong> de la noi, ob\u021bine\u021bi conturi complet verificate, vechi, legate de \u00eentreprinderi reale din SUA \u0219i Marea Britanie. Fiecare cont are identitatea verificat\u0103, este stabil \u0219i preg\u0103tit pentru lans\u0103ri instantanee de campanii \u00een interior <strong data-start=\"559\" data-end=\"593\">Manager de afaceri Facebook (BM)<\/strong>.<\/p>\n<p data-start=\"598\" data-end=\"889\">Sistemele de evaluare ale Facebook sunt de notorietate stricte. Conturile noi sunt deseori dezactivate dup\u0103 prima reclam\u0103, ceea ce \u00eenseamn\u0103 pierdere de timp \u0219i de buget. Acesta este motivul pentru care afilia\u021bii, cump\u0103r\u0103torii de media \u0219i agen\u021biile cu experien\u021b\u0103 prefer\u0103 s\u0103 <strong data-start=\"799\" data-end=\"828\">cump\u0103ra\u021bi conturi Facebook Ads<\/strong> care sunt deja \u00eemb\u0103tr\u00e2nite, legate de BM \u0219i de \u00eencredere pentru scalare.<\/p>\n<p data-start=\"891\" data-end=\"1150\">Toate conturile provin din fereastra 2022-2024, includ detalii verificate privind telefonul, adresa de e-mail \u0219i afacerile \u0219i nu sunt suspendate. Fiecare cont este livrat cu <strong data-start=\"1045\" data-end=\"1058\">Acces BM<\/strong>, astfel \u00eenc\u00e2t s\u0103 pute\u021bi gestiona mai multe conturi de anun\u021buri, s\u0103 atribui\u021bi roluri \u0219i s\u0103 organiza\u021bi facturarea \u00eentr-un singur loc.<\/p>\n<p data-start=\"1152\" data-end=\"1340\">Dac\u0103 trebuie s\u0103 lansa\u021bi anun\u021buri rapid, s\u0103 evita\u021bi buclele de revizuire nesf\u00e2r\u0219ite \u0219i s\u0103 v\u0103 extinde\u021bi cu \u00eencredere - <strong data-start=\"1243\" data-end=\"1272\">cump\u0103ra\u021bi conturi Facebook Ads<\/strong> cu Business Manager inclus pentru stabilitate \u0219i control maxim.<\/p>","protected":false},"excerpt":{"rendered":"<p>Conturi Facebook Ads cloaked concepute pentru verticale cu risc ridicat - ocoli\u021bi verific\u0103rile, evita\u021bi interdic\u021biile \u0219i lansa\u021bi campanii profitabile f\u0103r\u0103 timp de \u00eenc\u0103lzire.<\/p>","protected":false},"featured_media":9373,"template":"","meta":{"_acf_changed":false},"product_brand":[],"product_cat":[65],"product_tag":[],"class_list":{"0":"post-3411","1":"product","2":"type-product","3":"status-publish","4":"has-post-thumbnail","6":"product_cat-accounts","8":"first","9":"instock","10":"purchasable","11":"product-type-simple"},"acf":[],"yoast_head":"<!-- This site is optimized with the Yoast SEO Premium plugin v26.6 (Yoast SEO v26.7) - https:\/\/yoast.com\/wordpress\/plugins\/seo\/ -->\n<title>Buy Facebook Ads Cloaking Accounts \u2013 Crypto &amp; Gambling<\/title>\n<meta name=\"description\" content=\"Buy Facebook Ads Cloaking Accounts for crypto, gambling, betting, and forex campaigns. Verified cloaking accounts to run high-risk Facebook ads at scale.\" \/>\n<meta name=\"robots\" content=\"index, follow, max-snippet:-1, max-image-preview:large, max-video-preview:-1\" \/>\n<link rel=\"canonical\" href=\"https:\/\/cloakmyads.com\/ro\/cumpara\/facebook-ads-cont-cloaking\/\" \/>\n<meta property=\"og:locale\" content=\"ro_RO\" \/>\n<meta property=\"og:type\" content=\"article\" \/>\n<meta property=\"og:title\" content=\"Facebook Ads Cloaking Accounts\" \/>\n<meta property=\"og:description\" content=\"Buy Facebook Ads Cloaking Accounts for crypto, gambling, betting, and forex campaigns. Verified cloaking accounts to run high-risk Facebook ads at scale.\" \/>\n<meta property=\"og:url\" content=\"https:\/\/cloakmyads.com\/ro\/cumpara\/facebook-ads-cont-cloaking\/\" \/>\n<meta property=\"og:site_name\" content=\"CloakMyAds\" \/>\n<meta property=\"article:modified_time\" content=\"2025-10-03T15:33:47+00:00\" \/>\n<meta property=\"og:image\" content=\"https:\/\/cloakmyads.com\/wp-content\/uploads\/2022\/09\/facebook-ads-cloaking.png\" \/>\n\t<meta property=\"og:image:width\" content=\"940\" \/>\n\t<meta property=\"og:image:height\" content=\"640\" \/>\n\t<meta property=\"og:image:type\" content=\"image\/png\" \/>\n<meta name=\"twitter:card\" content=\"summary_large_image\" \/>\n<meta name=\"twitter:label1\" content=\"Timp estimat pentru citire\" \/>\n\t<meta name=\"twitter:data1\" content=\"1 minut\" \/>\n<script type=\"application\/ld+json\" class=\"yoast-schema-graph\">{\"@context\":\"https:\/\/schema.org\",\"@graph\":[{\"@type\":\"WebPage\",\"@id\":\"https:\/\/cloakmyads.com\/buy\/facebook-ads-account-cloaking\/\",\"url\":\"https:\/\/cloakmyads.com\/buy\/facebook-ads-account-cloaking\/\",\"name\":\"Buy Facebook Ads Cloaking Accounts \u2013 Crypto & Gambling\",\"isPartOf\":{\"@id\":\"https:\/\/cloakmyads.com\/#website\"},\"primaryImageOfPage\":{\"@id\":\"https:\/\/cloakmyads.com\/buy\/facebook-ads-account-cloaking\/#primaryimage\"},\"image\":{\"@id\":\"https:\/\/cloakmyads.com\/buy\/facebook-ads-account-cloaking\/#primaryimage\"},\"thumbnailUrl\":\"https:\/\/cloakmyads.com\/wp-content\/uploads\/2022\/09\/facebook-ads-cloaking.png\",\"datePublished\":\"2022-09-01T08:39:12+00:00\",\"dateModified\":\"2025-10-03T15:33:47+00:00\",\"description\":\"Buy Facebook Ads Cloaking Accounts for crypto, gambling, betting, and forex campaigns. Verified cloaking accounts to run high-risk Facebook ads at scale.\",\"breadcrumb\":{\"@id\":\"https:\/\/cloakmyads.com\/buy\/facebook-ads-account-cloaking\/#breadcrumb\"},\"inLanguage\":\"ro-RO\",\"potentialAction\":[{\"@type\":\"ReadAction\",\"target\":[\"https:\/\/cloakmyads.com\/buy\/facebook-ads-account-cloaking\/\"]}]},{\"@type\":\"ImageObject\",\"inLanguage\":\"ro-RO\",\"@id\":\"https:\/\/cloakmyads.com\/buy\/facebook-ads-account-cloaking\/#primaryimage\",\"url\":\"https:\/\/cloakmyads.com\/wp-content\/uploads\/2022\/09\/facebook-ads-cloaking.png\",\"contentUrl\":\"https:\/\/cloakmyads.com\/wp-content\/uploads\/2022\/09\/facebook-ads-cloaking.png\",\"width\":940,\"height\":640},{\"@type\":\"BreadcrumbList\",\"@id\":\"https:\/\/cloakmyads.com\/buy\/facebook-ads-account-cloaking\/#breadcrumb\",\"itemListElement\":[{\"@type\":\"ListItem\",\"position\":1,\"name\":\"Home\",\"item\":\"https:\/\/cloakmyads.com\/\"},{\"@type\":\"ListItem\",\"position\":2,\"name\":\"Shop\",\"item\":\"https:\/\/cloakmyads.com\/ar\/%d9%85%d8%aa%d8%ac%d8%b1\/\"},{\"@type\":\"ListItem\",\"position\":3,\"name\":\"Facebook Ads Cloaking Accounts\"}]},{\"@type\":\"WebSite\",\"@id\":\"https:\/\/cloakmyads.com\/#website\",\"url\":\"https:\/\/cloakmyads.com\/\",\"name\":\"CloakMyAds\",\"description\":\"\",\"publisher\":{\"@id\":\"https:\/\/cloakmyads.com\/#organization\"},\"potentialAction\":[{\"@type\":\"SearchAction\",\"target\":{\"@type\":\"EntryPoint\",\"urlTemplate\":\"https:\/\/cloakmyads.com\/?s={search_term_string}\"},\"query-input\":{\"@type\":\"PropertyValueSpecification\",\"valueRequired\":true,\"valueName\":\"search_term_string\"}}],\"inLanguage\":\"ro-RO\"},{\"@type\":\"Organization\",\"@id\":\"https:\/\/cloakmyads.com\/#organization\",\"name\":\"Buy Google Ads Accounts\",\"url\":\"https:\/\/cloakmyads.com\/\",\"logo\":{\"@type\":\"ImageObject\",\"inLanguage\":\"ro-RO\",\"@id\":\"https:\/\/cloakmyads.com\/#\/schema\/logo\/image\/\",\"url\":\"https:\/\/cloakmyads.com\/wp-content\/uploads\/2025\/11\/fav-cloak.jpg\",\"contentUrl\":\"https:\/\/cloakmyads.com\/wp-content\/uploads\/2025\/11\/fav-cloak.jpg\",\"width\":512,\"height\":512,\"caption\":\"Buy Google Ads Accounts\"},\"image\":{\"@id\":\"https:\/\/cloakmyads.com\/#\/schema\/logo\/image\/\"}}]}<\/script>\n<!-- \/ Yoast SEO Premium plugin. -->","yoast_head_json":{"title":"Cump\u0103ra\u021bi Facebook Ads Cloaking Accounts - Crypto &amp; Gambling","description":"Cump\u0103ra\u021bi Facebook Ads Cloaking Accounts pentru campanii de criptografie, jocuri de noroc, pariuri \u0219i forex. Conturi de camuflaj verificate pentru a rula anun\u021buri Facebook cu risc ridicat la scar\u0103 larg\u0103.","robots":{"index":"index","follow":"follow","max-snippet":"max-snippet:-1","max-image-preview":"max-image-preview:large","max-video-preview":"max-video-preview:-1"},"canonical":"https:\/\/cloakmyads.com\/ro\/cumpara\/facebook-ads-cont-cloaking\/","og_locale":"ro_RO","og_type":"article","og_title":"Facebook Ads Cloaking Accounts","og_description":"Buy Facebook Ads Cloaking Accounts for crypto, gambling, betting, and forex campaigns. Verified cloaking accounts to run high-risk Facebook ads at scale.","og_url":"https:\/\/cloakmyads.com\/ro\/cumpara\/facebook-ads-cont-cloaking\/","og_site_name":"CloakMyAds","article_modified_time":"2025-10-03T15:33:47+00:00","og_image":[{"width":940,"height":640,"url":"https:\/\/cloakmyads.com\/wp-content\/uploads\/2022\/09\/facebook-ads-cloaking.png","type":"image\/png"}],"twitter_card":"summary_large_image","twitter_misc":{"Timp estimat pentru citire":"1 minut"},"schema":{"@context":"https:\/\/schema.org","@graph":[{"@type":"WebPage","@id":"https:\/\/cloakmyads.com\/buy\/facebook-ads-account-cloaking\/","url":"https:\/\/cloakmyads.com\/buy\/facebook-ads-account-cloaking\/","name":"Cump\u0103ra\u021bi Facebook Ads Cloaking Accounts - Crypto &amp; Gambling","isPartOf":{"@id":"https:\/\/cloakmyads.com\/#website"},"primaryImageOfPage":{"@id":"https:\/\/cloakmyads.com\/buy\/facebook-ads-account-cloaking\/#primaryimage"},"image":{"@id":"https:\/\/cloakmyads.com\/buy\/facebook-ads-account-cloaking\/#primaryimage"},"thumbnailUrl":"https:\/\/cloakmyads.com\/wp-content\/uploads\/2022\/09\/facebook-ads-cloaking.png","datePublished":"2022-09-01T08:39:12+00:00","dateModified":"2025-10-03T15:33:47+00:00","description":"Cump\u0103ra\u021bi Facebook Ads Cloaking Accounts pentru campanii de criptografie, jocuri de noroc, pariuri \u0219i forex. Conturi de camuflaj verificate pentru a rula anun\u021buri Facebook cu risc ridicat la scar\u0103 larg\u0103.","breadcrumb":{"@id":"https:\/\/cloakmyads.com\/buy\/facebook-ads-account-cloaking\/#breadcrumb"},"inLanguage":"ro-RO","potentialAction":[{"@type":"ReadAction","target":["https:\/\/cloakmyads.com\/buy\/facebook-ads-account-cloaking\/"]}]},{"@type":"ImageObject","inLanguage":"ro-RO","@id":"https:\/\/cloakmyads.com\/buy\/facebook-ads-account-cloaking\/#primaryimage","url":"https:\/\/cloakmyads.com\/wp-content\/uploads\/2022\/09\/facebook-ads-cloaking.png","contentUrl":"https:\/\/cloakmyads.com\/wp-content\/uploads\/2022\/09\/facebook-ads-cloaking.png","width":940,"height":640},{"@type":"BreadcrumbList","@id":"https:\/\/cloakmyads.com\/buy\/facebook-ads-account-cloaking\/#breadcrumb","itemListElement":[{"@type":"ListItem","position":1,"name":"Home","item":"https:\/\/cloakmyads.com\/"},{"@type":"ListItem","position":2,"name":"Shop","item":"https:\/\/cloakmyads.com\/ar\/%d9%85%d8%aa%d8%ac%d8%b1\/"},{"@type":"ListItem","position":3,"name":"Facebook Ads Cloaking Accounts"}]},{"@type":"WebSite","@id":"https:\/\/cloakmyads.com\/#website","url":"https:\/\/cloakmyads.com\/","name":"CloakMyAds","description":"","publisher":{"@id":"https:\/\/cloakmyads.com\/#organization"},"potentialAction":[{"@type":"SearchAction","target":{"@type":"EntryPoint","urlTemplate":"https:\/\/cloakmyads.com\/?s={search_term_string}"},"query-input":{"@type":"PropertyValueSpecification","valueRequired":true,"valueName":"search_term_string"}}],"inLanguage":"ro-RO"},{"@type":"Organization","@id":"https:\/\/cloakmyads.com\/#organization","name":"Cump\u0103ra\u021bi conturi Google Ads","url":"https:\/\/cloakmyads.com\/","logo":{"@type":"ImageObject","inLanguage":"ro-RO","@id":"https:\/\/cloakmyads.com\/#\/schema\/logo\/image\/","url":"https:\/\/cloakmyads.com\/wp-content\/uploads\/2025\/11\/fav-cloak.jpg","contentUrl":"https:\/\/cloakmyads.com\/wp-content\/uploads\/2025\/11\/fav-cloak.jpg","width":512,"height":512,"caption":"Buy Google Ads Accounts"},"image":{"@id":"https:\/\/cloakmyads.com\/#\/schema\/logo\/image\/"}}]}},"_links":{"self":[{"href":"https:\/\/cloakmyads.com\/ro\/wp-json\/wp\/v2\/product\/3411","targetHints":{"allow":["GET"]}}],"collection":[{"href":"https:\/\/cloakmyads.com\/ro\/wp-json\/wp\/v2\/product"}],"about":[{"href":"https:\/\/cloakmyads.com\/ro\/wp-json\/wp\/v2\/types\/product"}],"version-history":[{"count":5,"href":"https:\/\/cloakmyads.com\/ro\/wp-json\/wp\/v2\/product\/3411\/revisions"}],"predecessor-version":[{"id":9733,"href":"https:\/\/cloakmyads.com\/ro\/wp-json\/wp\/v2\/product\/3411\/revisions\/9733"}],"wp:featuredmedia":[{"embeddable":true,"href":"https:\/\/cloakmyads.com\/ro\/wp-json\/wp\/v2\/media\/9373"}],"wp:attachment":[{"href":"https:\/\/cloakmyads.com\/ro\/wp-json\/wp\/v2\/media?parent=3411"}],"wp:term":[{"taxonomy":"product_brand","embeddable":true,"href":"https:\/\/cloakmyads.com\/ro\/wp-json\/wp\/v2\/product_brand?post=3411"},{"taxonomy":"product_cat","embeddable":true,"href":"https:\/\/cloakmyads.com\/ro\/wp-json\/wp\/v2\/product_cat?post=3411"},{"taxonomy":"product_tag","embeddable":true,"href":"https:\/\/cloakmyads.com\/ro\/wp-json\/wp\/v2\/product_tag?post=3411"}],"curies":[{"name":"wp","href":"https:\/\/api.w.org\/{rel}","templated":true}]}}