{"id":9616,"date":"2025-09-22T17:17:29","date_gmt":"2025-09-22T16:17:29","guid":{"rendered":"https:\/\/cloakmyads.com\/?post_type=product&#038;p=9616"},"modified":"2025-11-08T09:38:05","modified_gmt":"2025-11-08T14:38:05","slug":"camuflagem-da-loja-de-aplicativos-da-apple","status":"publish","type":"product","link":"https:\/\/cloakmyads.com\/pt\/comprar\/camuflagem-da-loja-de-aplicativos-da-apple\/","title":{"rendered":"Cloaking da Apple App Store"},"content":{"rendered":"<p data-start=\"1403\" data-end=\"1598\">O processo de revis\u00e3o da App Store da Apple \u00e9 um dos mais rigorosos do mundo. Se o seu aplicativo incluir conte\u00fado n\u00e3o autorizado, violar os Termos de Servi\u00e7o ou tentar algo \u201csens\u00edvel\u201d, ele ser\u00e1 rejeitado instantaneamente.<\/p>\n<p data-start=\"1600\" data-end=\"1798\">Mas com nossa solu\u00e7\u00e3o de camuflagem para iOS, voc\u00ea n\u00e3o precisa alterar seu aplicativo. Basta carregar seu arquivo IPA original - n\u00f3s o injetaremos em um arquivo <strong data-start=\"1731\" data-end=\"1754\">aplicativo de shell compat\u00edvel<\/strong>, envie-o para an\u00e1lise e cuide do resto.<\/p>\n<p data-start=\"1800\" data-end=\"2025\">Depois de aprovado pela Apple, o aplicativo <strong data-start=\"1832\" data-end=\"1869\">comportamento dos switches em dispositivos reais<\/strong>. Ele pode carregar sua interface real, ativar SDKs restritos, ativar a\u00e7\u00f5es em segundo plano ou extrair conte\u00fado remoto - tudo isso sem reapresentar ou alertar a Apple.<\/p>\n<p data-start=\"2027\" data-end=\"2196\">Voc\u00ea pode enviar usando sua pr\u00f3pria conta de desenvolvedor da Apple ou n\u00f3s forneceremos uma para voc\u00ea. Todo o processo \u00e9 preparado para parecer limpo durante a revis\u00e3o - e para ser bem-sucedido ap\u00f3s a aprova\u00e7\u00e3o.<\/p>\n<p data-start=\"2198\" data-end=\"2367\">Esse servi\u00e7o tem a confian\u00e7a de vendedores de ferramentas privadas, redes de aplicativos de rastreamento, distribuidores de conte\u00fado restrito e qualquer pessoa que precise de acesso a aplicativos iOS sem as limita\u00e7\u00f5es da App Store.<\/p>","protected":false},"excerpt":{"rendered":"<p>Carregue seu aplicativo iOS proibido ou fora de conformidade - n\u00f3s o envolvemos em um aplicativo fict\u00edcio limpo, o enviamos para a Apple usando sua (ou nossa) conta de desenvolvedor e mudamos o comportamento para seu aplicativo real ap\u00f3s a aprova\u00e7\u00e3o.<\/p>","protected":false},"featured_media":9556,"template":"","meta":{"_acf_changed":false},"product_brand":[],"product_cat":[326],"product_tag":[],"class_list":{"0":"post-9616","1":"product","2":"type-product","3":"status-publish","4":"has-post-thumbnail","6":"product_cat-app-cloaking","8":"first","9":"instock","10":"purchasable","11":"product-type-simple"},"acf":[],"yoast_head":"<!-- This site is optimized with the Yoast SEO Premium plugin v26.6 (Yoast SEO v26.7) - https:\/\/yoast.com\/wordpress\/plugins\/seo\/ -->\n<title>Buy Apple App Store Cloaking Services Online<\/title>\n<meta name=\"description\" content=\"Buy Apple App Store Cloaking and keep campaigns live. Advanced cloaking ensures approval and reduces bans. Get started now.\" \/>\n<meta name=\"robots\" content=\"index, follow, max-snippet:-1, max-image-preview:large, max-video-preview:-1\" \/>\n<link rel=\"canonical\" href=\"https:\/\/cloakmyads.com\/pt\/comprar\/camuflagem-da-loja-de-aplicativos-da-apple\/\" \/>\n<meta property=\"og:locale\" content=\"pt_BR\" \/>\n<meta property=\"og:type\" content=\"article\" \/>\n<meta property=\"og:title\" content=\"Apple App Store Cloaking\" \/>\n<meta property=\"og:description\" content=\"Buy Apple App Store Cloaking and keep campaigns live. Advanced cloaking ensures approval and reduces bans. Get started now.\" \/>\n<meta property=\"og:url\" content=\"https:\/\/cloakmyads.com\/pt\/comprar\/camuflagem-da-loja-de-aplicativos-da-apple\/\" \/>\n<meta property=\"og:site_name\" content=\"CloakMyAds\" \/>\n<meta property=\"article:modified_time\" content=\"2025-11-08T14:38:05+00:00\" \/>\n<meta property=\"og:image\" content=\"https:\/\/cloakmyads.com\/wp-content\/uploads\/2025\/09\/cloaking-ads.jpg\" \/>\n\t<meta property=\"og:image:width\" content=\"605\" \/>\n\t<meta property=\"og:image:height\" content=\"400\" \/>\n\t<meta property=\"og:image:type\" content=\"image\/jpeg\" \/>\n<meta name=\"twitter:card\" content=\"summary_large_image\" \/>\n<meta name=\"twitter:label1\" content=\"Est. tempo de leitura\" \/>\n\t<meta name=\"twitter:data1\" content=\"1 minuto\" \/>\n<script type=\"application\/ld+json\" class=\"yoast-schema-graph\">{\"@context\":\"https:\/\/schema.org\",\"@graph\":[{\"@type\":\"WebPage\",\"@id\":\"https:\/\/cloakmyads.com\/buy\/apple-app-store-cloaking\/\",\"url\":\"https:\/\/cloakmyads.com\/buy\/apple-app-store-cloaking\/\",\"name\":\"Buy Apple App Store Cloaking Services Online\",\"isPartOf\":{\"@id\":\"https:\/\/cloakmyads.com\/#website\"},\"primaryImageOfPage\":{\"@id\":\"https:\/\/cloakmyads.com\/buy\/apple-app-store-cloaking\/#primaryimage\"},\"image\":{\"@id\":\"https:\/\/cloakmyads.com\/buy\/apple-app-store-cloaking\/#primaryimage\"},\"thumbnailUrl\":\"https:\/\/cloakmyads.com\/wp-content\/uploads\/2025\/09\/cloaking-ads.jpg\",\"datePublished\":\"2025-09-22T16:17:29+00:00\",\"dateModified\":\"2025-11-08T14:38:05+00:00\",\"description\":\"Buy Apple App Store Cloaking and keep campaigns live. Advanced cloaking ensures approval and reduces bans. Get started now.\",\"breadcrumb\":{\"@id\":\"https:\/\/cloakmyads.com\/buy\/apple-app-store-cloaking\/#breadcrumb\"},\"inLanguage\":\"pt-BR\",\"potentialAction\":[{\"@type\":\"ReadAction\",\"target\":[\"https:\/\/cloakmyads.com\/buy\/apple-app-store-cloaking\/\"]}]},{\"@type\":\"ImageObject\",\"inLanguage\":\"pt-BR\",\"@id\":\"https:\/\/cloakmyads.com\/buy\/apple-app-store-cloaking\/#primaryimage\",\"url\":\"https:\/\/cloakmyads.com\/wp-content\/uploads\/2025\/09\/cloaking-ads.jpg\",\"contentUrl\":\"https:\/\/cloakmyads.com\/wp-content\/uploads\/2025\/09\/cloaking-ads.jpg\",\"width\":605,\"height\":400,\"caption\":\"Ads cloaking\"},{\"@type\":\"BreadcrumbList\",\"@id\":\"https:\/\/cloakmyads.com\/buy\/apple-app-store-cloaking\/#breadcrumb\",\"itemListElement\":[{\"@type\":\"ListItem\",\"position\":1,\"name\":\"Home\",\"item\":\"https:\/\/cloakmyads.com\/\"},{\"@type\":\"ListItem\",\"position\":2,\"name\":\"Shop\",\"item\":\"https:\/\/cloakmyads.com\/ar\/%d9%85%d8%aa%d8%ac%d8%b1\/\"},{\"@type\":\"ListItem\",\"position\":3,\"name\":\"Apple App Store Cloaking\"}]},{\"@type\":\"WebSite\",\"@id\":\"https:\/\/cloakmyads.com\/#website\",\"url\":\"https:\/\/cloakmyads.com\/\",\"name\":\"CloakMyAds\",\"description\":\"\",\"publisher\":{\"@id\":\"https:\/\/cloakmyads.com\/#organization\"},\"potentialAction\":[{\"@type\":\"SearchAction\",\"target\":{\"@type\":\"EntryPoint\",\"urlTemplate\":\"https:\/\/cloakmyads.com\/?s={search_term_string}\"},\"query-input\":{\"@type\":\"PropertyValueSpecification\",\"valueRequired\":true,\"valueName\":\"search_term_string\"}}],\"inLanguage\":\"pt-BR\"},{\"@type\":\"Organization\",\"@id\":\"https:\/\/cloakmyads.com\/#organization\",\"name\":\"Buy Google Ads Accounts\",\"url\":\"https:\/\/cloakmyads.com\/\",\"logo\":{\"@type\":\"ImageObject\",\"inLanguage\":\"pt-BR\",\"@id\":\"https:\/\/cloakmyads.com\/#\/schema\/logo\/image\/\",\"url\":\"https:\/\/cloakmyads.com\/wp-content\/uploads\/2025\/11\/fav-cloak.jpg\",\"contentUrl\":\"https:\/\/cloakmyads.com\/wp-content\/uploads\/2025\/11\/fav-cloak.jpg\",\"width\":512,\"height\":512,\"caption\":\"Buy Google Ads Accounts\"},\"image\":{\"@id\":\"https:\/\/cloakmyads.com\/#\/schema\/logo\/image\/\"}}]}<\/script>\n<!-- \/ Yoast SEO Premium plugin. -->","yoast_head_json":{"title":"Comprar servi\u00e7os de camuflagem da Apple App Store on-line","description":"Compre o Apple App Store Cloaking e mantenha as campanhas ativas. O cloaking avan\u00e7ado garante a aprova\u00e7\u00e3o e reduz as proibi\u00e7\u00f5es. Comece agora.","robots":{"index":"index","follow":"follow","max-snippet":"max-snippet:-1","max-image-preview":"max-image-preview:large","max-video-preview":"max-video-preview:-1"},"canonical":"https:\/\/cloakmyads.com\/pt\/comprar\/camuflagem-da-loja-de-aplicativos-da-apple\/","og_locale":"pt_BR","og_type":"article","og_title":"Apple App Store Cloaking","og_description":"Buy Apple App Store Cloaking and keep campaigns live. Advanced cloaking ensures approval and reduces bans. Get started now.","og_url":"https:\/\/cloakmyads.com\/pt\/comprar\/camuflagem-da-loja-de-aplicativos-da-apple\/","og_site_name":"CloakMyAds","article_modified_time":"2025-11-08T14:38:05+00:00","og_image":[{"width":605,"height":400,"url":"https:\/\/cloakmyads.com\/wp-content\/uploads\/2025\/09\/cloaking-ads.jpg","type":"image\/jpeg"}],"twitter_card":"summary_large_image","twitter_misc":{"Est. tempo de leitura":"1 minuto"},"schema":{"@context":"https:\/\/schema.org","@graph":[{"@type":"WebPage","@id":"https:\/\/cloakmyads.com\/buy\/apple-app-store-cloaking\/","url":"https:\/\/cloakmyads.com\/buy\/apple-app-store-cloaking\/","name":"Comprar servi\u00e7os de camuflagem da Apple App Store on-line","isPartOf":{"@id":"https:\/\/cloakmyads.com\/#website"},"primaryImageOfPage":{"@id":"https:\/\/cloakmyads.com\/buy\/apple-app-store-cloaking\/#primaryimage"},"image":{"@id":"https:\/\/cloakmyads.com\/buy\/apple-app-store-cloaking\/#primaryimage"},"thumbnailUrl":"https:\/\/cloakmyads.com\/wp-content\/uploads\/2025\/09\/cloaking-ads.jpg","datePublished":"2025-09-22T16:17:29+00:00","dateModified":"2025-11-08T14:38:05+00:00","description":"Compre o Apple App Store Cloaking e mantenha as campanhas ativas. O cloaking avan\u00e7ado garante a aprova\u00e7\u00e3o e reduz as proibi\u00e7\u00f5es. Comece agora.","breadcrumb":{"@id":"https:\/\/cloakmyads.com\/buy\/apple-app-store-cloaking\/#breadcrumb"},"inLanguage":"pt-BR","potentialAction":[{"@type":"ReadAction","target":["https:\/\/cloakmyads.com\/buy\/apple-app-store-cloaking\/"]}]},{"@type":"ImageObject","inLanguage":"pt-BR","@id":"https:\/\/cloakmyads.com\/buy\/apple-app-store-cloaking\/#primaryimage","url":"https:\/\/cloakmyads.com\/wp-content\/uploads\/2025\/09\/cloaking-ads.jpg","contentUrl":"https:\/\/cloakmyads.com\/wp-content\/uploads\/2025\/09\/cloaking-ads.jpg","width":605,"height":400,"caption":"Ads cloaking"},{"@type":"BreadcrumbList","@id":"https:\/\/cloakmyads.com\/buy\/apple-app-store-cloaking\/#breadcrumb","itemListElement":[{"@type":"ListItem","position":1,"name":"Home","item":"https:\/\/cloakmyads.com\/"},{"@type":"ListItem","position":2,"name":"Shop","item":"https:\/\/cloakmyads.com\/ar\/%d9%85%d8%aa%d8%ac%d8%b1\/"},{"@type":"ListItem","position":3,"name":"Apple App Store Cloaking"}]},{"@type":"WebSite","@id":"https:\/\/cloakmyads.com\/#website","url":"https:\/\/cloakmyads.com\/","name":"CloakMyAds","description":"","publisher":{"@id":"https:\/\/cloakmyads.com\/#organization"},"potentialAction":[{"@type":"SearchAction","target":{"@type":"EntryPoint","urlTemplate":"https:\/\/cloakmyads.com\/?s={search_term_string}"},"query-input":{"@type":"PropertyValueSpecification","valueRequired":true,"valueName":"search_term_string"}}],"inLanguage":"pt-BR"},{"@type":"Organization","@id":"https:\/\/cloakmyads.com\/#organization","name":"Comprar contas do Google Ads","url":"https:\/\/cloakmyads.com\/","logo":{"@type":"ImageObject","inLanguage":"pt-BR","@id":"https:\/\/cloakmyads.com\/#\/schema\/logo\/image\/","url":"https:\/\/cloakmyads.com\/wp-content\/uploads\/2025\/11\/fav-cloak.jpg","contentUrl":"https:\/\/cloakmyads.com\/wp-content\/uploads\/2025\/11\/fav-cloak.jpg","width":512,"height":512,"caption":"Buy Google Ads Accounts"},"image":{"@id":"https:\/\/cloakmyads.com\/#\/schema\/logo\/image\/"}}]}},"_links":{"self":[{"href":"https:\/\/cloakmyads.com\/pt\/wp-json\/wp\/v2\/product\/9616","targetHints":{"allow":["GET"]}}],"collection":[{"href":"https:\/\/cloakmyads.com\/pt\/wp-json\/wp\/v2\/product"}],"about":[{"href":"https:\/\/cloakmyads.com\/pt\/wp-json\/wp\/v2\/types\/product"}],"version-history":[{"count":6,"href":"https:\/\/cloakmyads.com\/pt\/wp-json\/wp\/v2\/product\/9616\/revisions"}],"predecessor-version":[{"id":9846,"href":"https:\/\/cloakmyads.com\/pt\/wp-json\/wp\/v2\/product\/9616\/revisions\/9846"}],"wp:featuredmedia":[{"embeddable":true,"href":"https:\/\/cloakmyads.com\/pt\/wp-json\/wp\/v2\/media\/9556"}],"wp:attachment":[{"href":"https:\/\/cloakmyads.com\/pt\/wp-json\/wp\/v2\/media?parent=9616"}],"wp:term":[{"taxonomy":"product_brand","embeddable":true,"href":"https:\/\/cloakmyads.com\/pt\/wp-json\/wp\/v2\/product_brand?post=9616"},{"taxonomy":"product_cat","embeddable":true,"href":"https:\/\/cloakmyads.com\/pt\/wp-json\/wp\/v2\/product_cat?post=9616"},{"taxonomy":"product_tag","embeddable":true,"href":"https:\/\/cloakmyads.com\/pt\/wp-json\/wp\/v2\/product_tag?post=9616"}],"curies":[{"name":"wp","href":"https:\/\/api.w.org\/{rel}","templated":true}]}}