{"id":9608,"date":"2025-09-22T16:36:33","date_gmt":"2025-09-22T15:36:33","guid":{"rendered":"https:\/\/cloakmyads.com\/?post_type=product&#038;p=9608"},"modified":"2025-11-08T09:39:00","modified_gmt":"2025-11-08T14:39:00","slug":"afiliado-cpa-oferece-anuncios-cloaking","status":"publish","type":"product","link":"https:\/\/cloakmyads.com\/pt\/comprar\/afiliado-cpa-oferece-anuncios-cloaking\/","title":{"rendered":"Afiliado \/ CPA oferece clonagem de an\u00fancios"},"content":{"rendered":"<p data-start=\"960\" data-end=\"1191\">O marketing de afiliados \u00e9 poderoso, mas a maior parte do que converte \u00e9 banida. N\u00e3o importa se voc\u00ea est\u00e1 realizando testes de nutra, gera\u00e7\u00e3o de leads financeiros, sweeps, op\u00e7\u00f5es bin\u00e1rias ou dropshipping landers agressivos, as plataformas de an\u00fancios n\u00e3o os aprovar\u00e3o diretamente.<\/p>\n<p data-start=\"1193\" data-end=\"1462\">Nosso sistema de camuflagem resolve esse problema. Voc\u00ea executa seu funil real, com redirecionamentos baseados em impress\u00f5es digitais do navegador, IP, localiza\u00e7\u00e3o geogr\u00e1fica, dispositivo e comportamento do tr\u00e1fego. Os avaliadores veem uma p\u00e1gina de destino limpa, enquanto os usu\u00e1rios reais s\u00e3o instantaneamente redirecionados para a sua oferta de afiliado de alta rentabilidade.<\/p>\n<p data-start=\"1464\" data-end=\"1735\">Use-o para promover <strong data-start=\"1482\" data-end=\"1501\">produtos de cobran\u00e7a<\/strong>, <strong data-start=\"1503\" data-end=\"1523\">CPAs de parede de pesquisa<\/strong>, <strong data-start=\"1525\" data-end=\"1551\">instala\u00e7\u00f5es de aplicativos com um clique<\/strong>, e <strong data-start=\"1557\" data-end=\"1575\">op\u00e7\u00f5es bin\u00e1rias<\/strong> sem correr o risco de rejei\u00e7\u00e3o imediata ou banimentos. N\u00f3s filtramos bots de plataforma, moderadores humanos, navegadores sem cabe\u00e7a e rastreadores, para que suas p\u00e1ginas de dinheiro permane\u00e7am privadas.<\/p>\n<p data-start=\"1737\" data-end=\"1913\">Afiliados de todo o mundo confiam nesse cloaker para manter as campanhas ativas em v\u00e1rias verticais e fontes de tr\u00e1fego, desde a gera\u00e7\u00e3o de leads do Facebook at\u00e9 o retargeting do Google e instala\u00e7\u00f5es do TikTok.<\/p>","protected":false},"excerpt":{"rendered":"<p>Sistema de camuflagem projetado para ajudar os afiliados a executar ofertas de CPA agressivas e fora de conformidade no Google, Facebook, TikTok e outras plataformas de an\u00fancios importantes, incluindo testes, pesquisas, fluxos financeiros e ofertas bin\u00e1rias, sem serem banidos.<\/p>","protected":false},"featured_media":9556,"template":"","meta":{"_acf_changed":false},"product_brand":[],"product_cat":[325],"product_tag":[],"class_list":{"0":"post-9608","1":"product","2":"type-product","3":"status-publish","4":"has-post-thumbnail","6":"product_cat-cloaking","8":"first","9":"instock","10":"purchasable","11":"product-type-simple"},"acf":[],"yoast_head":"<!-- This site is optimized with the Yoast SEO Premium plugin v26.6 (Yoast SEO v26.7) - https:\/\/yoast.com\/wordpress\/plugins\/seo\/ -->\n<title>Buy Affiliate &amp; CPA Ads Cloaking \u2013 Run Offers Safely<\/title>\n<meta name=\"description\" content=\"Buy Affiliate &amp; CPA Offers Ads Cloaking to bypass strict ad checks, hide blackhat offers, and keep campaigns approved.\" \/>\n<meta name=\"robots\" content=\"index, follow, max-snippet:-1, max-image-preview:large, max-video-preview:-1\" \/>\n<link rel=\"canonical\" href=\"https:\/\/cloakmyads.com\/pt\/comprar\/afiliado-cpa-oferece-anuncios-cloaking\/\" \/>\n<meta property=\"og:locale\" content=\"pt_BR\" \/>\n<meta property=\"og:type\" content=\"article\" \/>\n<meta property=\"og:title\" content=\"Affiliate \/ CPA Offers Ads Cloaking\" \/>\n<meta property=\"og:description\" content=\"Buy Affiliate &amp; CPA Offers Ads Cloaking to bypass strict ad checks, hide blackhat offers, and keep campaigns approved.\" \/>\n<meta property=\"og:url\" content=\"https:\/\/cloakmyads.com\/pt\/comprar\/afiliado-cpa-oferece-anuncios-cloaking\/\" \/>\n<meta property=\"og:site_name\" content=\"CloakMyAds\" \/>\n<meta property=\"article:modified_time\" content=\"2025-11-08T14:39:00+00:00\" \/>\n<meta property=\"og:image\" content=\"https:\/\/cloakmyads.com\/wp-content\/uploads\/2025\/09\/cloaking-ads.jpg\" \/>\n\t<meta property=\"og:image:width\" content=\"605\" \/>\n\t<meta property=\"og:image:height\" content=\"400\" \/>\n\t<meta property=\"og:image:type\" content=\"image\/jpeg\" \/>\n<meta name=\"twitter:card\" content=\"summary_large_image\" \/>\n<meta name=\"twitter:label1\" content=\"Est. tempo de leitura\" \/>\n\t<meta name=\"twitter:data1\" content=\"1 minuto\" \/>\n<script type=\"application\/ld+json\" class=\"yoast-schema-graph\">{\"@context\":\"https:\/\/schema.org\",\"@graph\":[{\"@type\":\"WebPage\",\"@id\":\"https:\/\/cloakmyads.com\/buy\/affiliate-cpa-offers-ads-cloaking\/\",\"url\":\"https:\/\/cloakmyads.com\/buy\/affiliate-cpa-offers-ads-cloaking\/\",\"name\":\"Buy Affiliate & CPA Ads Cloaking \u2013 Run Offers Safely\",\"isPartOf\":{\"@id\":\"https:\/\/cloakmyads.com\/#website\"},\"primaryImageOfPage\":{\"@id\":\"https:\/\/cloakmyads.com\/buy\/affiliate-cpa-offers-ads-cloaking\/#primaryimage\"},\"image\":{\"@id\":\"https:\/\/cloakmyads.com\/buy\/affiliate-cpa-offers-ads-cloaking\/#primaryimage\"},\"thumbnailUrl\":\"https:\/\/cloakmyads.com\/wp-content\/uploads\/2025\/09\/cloaking-ads.jpg\",\"datePublished\":\"2025-09-22T15:36:33+00:00\",\"dateModified\":\"2025-11-08T14:39:00+00:00\",\"description\":\"Buy Affiliate & CPA Offers Ads Cloaking to bypass strict ad checks, hide blackhat offers, and keep campaigns approved.\",\"breadcrumb\":{\"@id\":\"https:\/\/cloakmyads.com\/buy\/affiliate-cpa-offers-ads-cloaking\/#breadcrumb\"},\"inLanguage\":\"pt-BR\",\"potentialAction\":[{\"@type\":\"ReadAction\",\"target\":[\"https:\/\/cloakmyads.com\/buy\/affiliate-cpa-offers-ads-cloaking\/\"]}]},{\"@type\":\"ImageObject\",\"inLanguage\":\"pt-BR\",\"@id\":\"https:\/\/cloakmyads.com\/buy\/affiliate-cpa-offers-ads-cloaking\/#primaryimage\",\"url\":\"https:\/\/cloakmyads.com\/wp-content\/uploads\/2025\/09\/cloaking-ads.jpg\",\"contentUrl\":\"https:\/\/cloakmyads.com\/wp-content\/uploads\/2025\/09\/cloaking-ads.jpg\",\"width\":605,\"height\":400,\"caption\":\"Ads cloaking\"},{\"@type\":\"BreadcrumbList\",\"@id\":\"https:\/\/cloakmyads.com\/buy\/affiliate-cpa-offers-ads-cloaking\/#breadcrumb\",\"itemListElement\":[{\"@type\":\"ListItem\",\"position\":1,\"name\":\"Home\",\"item\":\"https:\/\/cloakmyads.com\/\"},{\"@type\":\"ListItem\",\"position\":2,\"name\":\"Shop\",\"item\":\"https:\/\/cloakmyads.com\/ar\/%d9%85%d8%aa%d8%ac%d8%b1\/\"},{\"@type\":\"ListItem\",\"position\":3,\"name\":\"Affiliate \/ CPA Offers Ads Cloaking\"}]},{\"@type\":\"WebSite\",\"@id\":\"https:\/\/cloakmyads.com\/#website\",\"url\":\"https:\/\/cloakmyads.com\/\",\"name\":\"CloakMyAds\",\"description\":\"\",\"publisher\":{\"@id\":\"https:\/\/cloakmyads.com\/#organization\"},\"potentialAction\":[{\"@type\":\"SearchAction\",\"target\":{\"@type\":\"EntryPoint\",\"urlTemplate\":\"https:\/\/cloakmyads.com\/?s={search_term_string}\"},\"query-input\":{\"@type\":\"PropertyValueSpecification\",\"valueRequired\":true,\"valueName\":\"search_term_string\"}}],\"inLanguage\":\"pt-BR\"},{\"@type\":\"Organization\",\"@id\":\"https:\/\/cloakmyads.com\/#organization\",\"name\":\"Buy Google Ads Accounts\",\"url\":\"https:\/\/cloakmyads.com\/\",\"logo\":{\"@type\":\"ImageObject\",\"inLanguage\":\"pt-BR\",\"@id\":\"https:\/\/cloakmyads.com\/#\/schema\/logo\/image\/\",\"url\":\"https:\/\/cloakmyads.com\/wp-content\/uploads\/2025\/11\/fav-cloak.jpg\",\"contentUrl\":\"https:\/\/cloakmyads.com\/wp-content\/uploads\/2025\/11\/fav-cloak.jpg\",\"width\":512,\"height\":512,\"caption\":\"Buy Google Ads Accounts\"},\"image\":{\"@id\":\"https:\/\/cloakmyads.com\/#\/schema\/logo\/image\/\"}}]}<\/script>\n<!-- \/ Yoast SEO Premium plugin. -->","yoast_head_json":{"title":"Cloaking de an\u00fancios de compra de afiliados e CPA - Execute ofertas com seguran\u00e7a","description":"Buy Affiliate &amp; CPA Offers Ads Cloaking para contornar verifica\u00e7\u00f5es rigorosas de an\u00fancios, ocultar ofertas de blackhat e manter as campanhas aprovadas.","robots":{"index":"index","follow":"follow","max-snippet":"max-snippet:-1","max-image-preview":"max-image-preview:large","max-video-preview":"max-video-preview:-1"},"canonical":"https:\/\/cloakmyads.com\/pt\/comprar\/afiliado-cpa-oferece-anuncios-cloaking\/","og_locale":"pt_BR","og_type":"article","og_title":"Affiliate \/ CPA Offers Ads Cloaking","og_description":"Buy Affiliate & CPA Offers Ads Cloaking to bypass strict ad checks, hide blackhat offers, and keep campaigns approved.","og_url":"https:\/\/cloakmyads.com\/pt\/comprar\/afiliado-cpa-oferece-anuncios-cloaking\/","og_site_name":"CloakMyAds","article_modified_time":"2025-11-08T14:39:00+00:00","og_image":[{"width":605,"height":400,"url":"https:\/\/cloakmyads.com\/wp-content\/uploads\/2025\/09\/cloaking-ads.jpg","type":"image\/jpeg"}],"twitter_card":"summary_large_image","twitter_misc":{"Est. tempo de leitura":"1 minuto"},"schema":{"@context":"https:\/\/schema.org","@graph":[{"@type":"WebPage","@id":"https:\/\/cloakmyads.com\/buy\/affiliate-cpa-offers-ads-cloaking\/","url":"https:\/\/cloakmyads.com\/buy\/affiliate-cpa-offers-ads-cloaking\/","name":"Cloaking de an\u00fancios de compra de afiliados e CPA - Execute ofertas com seguran\u00e7a","isPartOf":{"@id":"https:\/\/cloakmyads.com\/#website"},"primaryImageOfPage":{"@id":"https:\/\/cloakmyads.com\/buy\/affiliate-cpa-offers-ads-cloaking\/#primaryimage"},"image":{"@id":"https:\/\/cloakmyads.com\/buy\/affiliate-cpa-offers-ads-cloaking\/#primaryimage"},"thumbnailUrl":"https:\/\/cloakmyads.com\/wp-content\/uploads\/2025\/09\/cloaking-ads.jpg","datePublished":"2025-09-22T15:36:33+00:00","dateModified":"2025-11-08T14:39:00+00:00","description":"Buy Affiliate &amp; CPA Offers Ads Cloaking para contornar verifica\u00e7\u00f5es rigorosas de an\u00fancios, ocultar ofertas de blackhat e manter as campanhas aprovadas.","breadcrumb":{"@id":"https:\/\/cloakmyads.com\/buy\/affiliate-cpa-offers-ads-cloaking\/#breadcrumb"},"inLanguage":"pt-BR","potentialAction":[{"@type":"ReadAction","target":["https:\/\/cloakmyads.com\/buy\/affiliate-cpa-offers-ads-cloaking\/"]}]},{"@type":"ImageObject","inLanguage":"pt-BR","@id":"https:\/\/cloakmyads.com\/buy\/affiliate-cpa-offers-ads-cloaking\/#primaryimage","url":"https:\/\/cloakmyads.com\/wp-content\/uploads\/2025\/09\/cloaking-ads.jpg","contentUrl":"https:\/\/cloakmyads.com\/wp-content\/uploads\/2025\/09\/cloaking-ads.jpg","width":605,"height":400,"caption":"Ads cloaking"},{"@type":"BreadcrumbList","@id":"https:\/\/cloakmyads.com\/buy\/affiliate-cpa-offers-ads-cloaking\/#breadcrumb","itemListElement":[{"@type":"ListItem","position":1,"name":"Home","item":"https:\/\/cloakmyads.com\/"},{"@type":"ListItem","position":2,"name":"Shop","item":"https:\/\/cloakmyads.com\/ar\/%d9%85%d8%aa%d8%ac%d8%b1\/"},{"@type":"ListItem","position":3,"name":"Affiliate \/ CPA Offers Ads Cloaking"}]},{"@type":"WebSite","@id":"https:\/\/cloakmyads.com\/#website","url":"https:\/\/cloakmyads.com\/","name":"CloakMyAds","description":"","publisher":{"@id":"https:\/\/cloakmyads.com\/#organization"},"potentialAction":[{"@type":"SearchAction","target":{"@type":"EntryPoint","urlTemplate":"https:\/\/cloakmyads.com\/?s={search_term_string}"},"query-input":{"@type":"PropertyValueSpecification","valueRequired":true,"valueName":"search_term_string"}}],"inLanguage":"pt-BR"},{"@type":"Organization","@id":"https:\/\/cloakmyads.com\/#organization","name":"Comprar contas do Google Ads","url":"https:\/\/cloakmyads.com\/","logo":{"@type":"ImageObject","inLanguage":"pt-BR","@id":"https:\/\/cloakmyads.com\/#\/schema\/logo\/image\/","url":"https:\/\/cloakmyads.com\/wp-content\/uploads\/2025\/11\/fav-cloak.jpg","contentUrl":"https:\/\/cloakmyads.com\/wp-content\/uploads\/2025\/11\/fav-cloak.jpg","width":512,"height":512,"caption":"Buy Google Ads Accounts"},"image":{"@id":"https:\/\/cloakmyads.com\/#\/schema\/logo\/image\/"}}]}},"_links":{"self":[{"href":"https:\/\/cloakmyads.com\/pt\/wp-json\/wp\/v2\/product\/9608","targetHints":{"allow":["GET"]}}],"collection":[{"href":"https:\/\/cloakmyads.com\/pt\/wp-json\/wp\/v2\/product"}],"about":[{"href":"https:\/\/cloakmyads.com\/pt\/wp-json\/wp\/v2\/types\/product"}],"version-history":[{"count":3,"href":"https:\/\/cloakmyads.com\/pt\/wp-json\/wp\/v2\/product\/9608\/revisions"}],"predecessor-version":[{"id":9851,"href":"https:\/\/cloakmyads.com\/pt\/wp-json\/wp\/v2\/product\/9608\/revisions\/9851"}],"wp:featuredmedia":[{"embeddable":true,"href":"https:\/\/cloakmyads.com\/pt\/wp-json\/wp\/v2\/media\/9556"}],"wp:attachment":[{"href":"https:\/\/cloakmyads.com\/pt\/wp-json\/wp\/v2\/media?parent=9608"}],"wp:term":[{"taxonomy":"product_brand","embeddable":true,"href":"https:\/\/cloakmyads.com\/pt\/wp-json\/wp\/v2\/product_brand?post=9608"},{"taxonomy":"product_cat","embeddable":true,"href":"https:\/\/cloakmyads.com\/pt\/wp-json\/wp\/v2\/product_cat?post=9608"},{"taxonomy":"product_tag","embeddable":true,"href":"https:\/\/cloakmyads.com\/pt\/wp-json\/wp\/v2\/product_tag?post=9608"}],"curies":[{"name":"wp","href":"https:\/\/api.w.org\/{rel}","templated":true}]}}