{"id":9603,"date":"2025-09-22T15:53:29","date_gmt":"2025-09-22T14:53:29","guid":{"rendered":"https:\/\/cloakmyads.com\/?post_type=product&#038;p=9603"},"modified":"2025-11-08T09:39:42","modified_gmt":"2025-11-08T14:39:42","slug":"saude-suplementos-para-cuidados-com-a-pele-anuncios-cloaking","status":"publish","type":"product","link":"https:\/\/cloakmyads.com\/pt\/comprar\/saude-suplementos-para-cuidados-com-a-pele-anuncios-cloaking\/","title":{"rendered":"Sa\u00fade Suplementos para cuidados com a pele An\u00fancios de camuflagem"},"content":{"rendered":"<p data-start=\"857\" data-end=\"1201\">As ofertas relacionadas \u00e0 sa\u00fade est\u00e3o entre as mais dif\u00edceis de promover em plataformas de an\u00fancios pagos. O Google, o Facebook e o TikTok restringem produtos que fazem alega\u00e7\u00f5es m\u00e9dicas, mostram fotos antes\/depois ou incluem qualquer coisa relacionada \u00e0 sa\u00fade sexual. A maioria <strong>nutra e funis de beleza<\/strong> s\u00e3o rejeitados imediatamente ou, pior, sinalizados por \u201cconte\u00fado enganoso\u201d e banidos.<\/p>\n<p data-start=\"1203\" data-end=\"1540\">Nosso sistema de camuflagem resolve isso mostrando uma imagem completamente diferente, <strong>vers\u00e3o segura de sua p\u00e1gina<\/strong> para rastreadores, bots e revisores humanos. Os usu\u00e1rios reais veem o seu suplemento, creme para a pele ou produto de aprimoramento real - instantaneamente e sem atrasos. O redirecionamento ocorre de forma invis\u00edvel, com base em geolocaliza\u00e7\u00e3o, dispositivo, comportamento e impress\u00e3o digital do navegador.<\/p>\n<p data-start=\"1542\" data-end=\"1770\">Use-o para promover tudo, desde p\u00edlulas para aumento da masculinidade at\u00e9 kits de desintoxica\u00e7\u00e3o, sem se preocupar com o fechamento de contas de an\u00fancios ou proibi\u00e7\u00f5es de p\u00e1ginas de destino. Voc\u00ea mant\u00e9m o controle da visibilidade, e as plataformas nunca veem o que voc\u00ea realmente est\u00e1 vendendo.<\/p>\n<p data-start=\"1772\" data-end=\"1944\">Com a confian\u00e7a dos afiliados da Nutra, <strong>dropshippers<\/strong>, Para os profissionais de marketing de sa\u00fade e de marketing agressivo de gera\u00e7\u00e3o de leads, esse sistema foi projetado para manter suas ofertas de sa\u00fade funcionando em escala em v\u00e1rias plataformas.<\/p>","protected":false},"excerpt":{"rendered":"<p>Sistema de camuflagem criado para executar ofertas restritas no setor de sa\u00fade, beleza e bem-estar, incluindo perda de peso, p\u00edlulas para DE, refor\u00e7os de testosterona e funis de cuidados com a pele que, de outra forma, seriam banidos instantaneamente.<\/p>","protected":false},"featured_media":9556,"template":"","meta":{"_acf_changed":false},"product_brand":[],"product_cat":[325],"product_tag":[],"class_list":{"0":"post-9603","1":"product","2":"type-product","3":"status-publish","4":"has-post-thumbnail","6":"product_cat-cloaking","8":"first","9":"instock","10":"purchasable","11":"product-type-simple"},"acf":[],"yoast_head":"<!-- This site is optimized with the Yoast SEO Premium plugin v26.6 (Yoast SEO v26.7) - https:\/\/yoast.com\/wordpress\/plugins\/seo\/ -->\n<title>Buy Health &amp; Supplement Ads Cloaking \u2013 Safe Campaigns<\/title>\n<meta name=\"description\" content=\"Buy Skincare &amp; Supplement Ads Cloaking to bypass ad checks, hide restricted health offers, and keep campaigns running safely.\" \/>\n<meta name=\"robots\" content=\"index, follow, max-snippet:-1, max-image-preview:large, max-video-preview:-1\" \/>\n<link rel=\"canonical\" href=\"https:\/\/cloakmyads.com\/pt\/comprar\/saude-suplementos-para-cuidados-com-a-pele-anuncios-cloaking\/\" \/>\n<meta property=\"og:locale\" content=\"pt_BR\" \/>\n<meta property=\"og:type\" content=\"article\" \/>\n<meta property=\"og:title\" content=\"Health Skincare Supplements Ads Cloaking\" \/>\n<meta property=\"og:description\" content=\"Buy Skincare &amp; Supplement Ads Cloaking to bypass ad checks, hide restricted health offers, and keep campaigns running safely.\" \/>\n<meta property=\"og:url\" content=\"https:\/\/cloakmyads.com\/pt\/comprar\/saude-suplementos-para-cuidados-com-a-pele-anuncios-cloaking\/\" \/>\n<meta property=\"og:site_name\" content=\"CloakMyAds\" \/>\n<meta property=\"article:modified_time\" content=\"2025-11-08T14:39:42+00:00\" \/>\n<meta property=\"og:image\" content=\"https:\/\/cloakmyads.com\/wp-content\/uploads\/2025\/09\/cloaking-ads.jpg\" \/>\n\t<meta property=\"og:image:width\" content=\"605\" \/>\n\t<meta property=\"og:image:height\" content=\"400\" \/>\n\t<meta property=\"og:image:type\" content=\"image\/jpeg\" \/>\n<meta name=\"twitter:card\" content=\"summary_large_image\" \/>\n<meta name=\"twitter:label1\" content=\"Est. tempo de leitura\" \/>\n\t<meta name=\"twitter:data1\" content=\"1 minuto\" \/>\n<script type=\"application\/ld+json\" class=\"yoast-schema-graph\">{\"@context\":\"https:\/\/schema.org\",\"@graph\":[{\"@type\":\"WebPage\",\"@id\":\"https:\/\/cloakmyads.com\/buy\/health-skincare-supplements-ads-cloaking\/\",\"url\":\"https:\/\/cloakmyads.com\/buy\/health-skincare-supplements-ads-cloaking\/\",\"name\":\"Buy Health & Supplement Ads Cloaking \u2013 Safe Campaigns\",\"isPartOf\":{\"@id\":\"https:\/\/cloakmyads.com\/#website\"},\"primaryImageOfPage\":{\"@id\":\"https:\/\/cloakmyads.com\/buy\/health-skincare-supplements-ads-cloaking\/#primaryimage\"},\"image\":{\"@id\":\"https:\/\/cloakmyads.com\/buy\/health-skincare-supplements-ads-cloaking\/#primaryimage\"},\"thumbnailUrl\":\"https:\/\/cloakmyads.com\/wp-content\/uploads\/2025\/09\/cloaking-ads.jpg\",\"datePublished\":\"2025-09-22T14:53:29+00:00\",\"dateModified\":\"2025-11-08T14:39:42+00:00\",\"description\":\"Buy Skincare & Supplement Ads Cloaking to bypass ad checks, hide restricted health offers, and keep campaigns running safely.\",\"breadcrumb\":{\"@id\":\"https:\/\/cloakmyads.com\/buy\/health-skincare-supplements-ads-cloaking\/#breadcrumb\"},\"inLanguage\":\"pt-BR\",\"potentialAction\":[{\"@type\":\"ReadAction\",\"target\":[\"https:\/\/cloakmyads.com\/buy\/health-skincare-supplements-ads-cloaking\/\"]}]},{\"@type\":\"ImageObject\",\"inLanguage\":\"pt-BR\",\"@id\":\"https:\/\/cloakmyads.com\/buy\/health-skincare-supplements-ads-cloaking\/#primaryimage\",\"url\":\"https:\/\/cloakmyads.com\/wp-content\/uploads\/2025\/09\/cloaking-ads.jpg\",\"contentUrl\":\"https:\/\/cloakmyads.com\/wp-content\/uploads\/2025\/09\/cloaking-ads.jpg\",\"width\":605,\"height\":400,\"caption\":\"Ads cloaking\"},{\"@type\":\"BreadcrumbList\",\"@id\":\"https:\/\/cloakmyads.com\/buy\/health-skincare-supplements-ads-cloaking\/#breadcrumb\",\"itemListElement\":[{\"@type\":\"ListItem\",\"position\":1,\"name\":\"Home\",\"item\":\"https:\/\/cloakmyads.com\/\"},{\"@type\":\"ListItem\",\"position\":2,\"name\":\"Shop\",\"item\":\"https:\/\/cloakmyads.com\/ar\/%d9%85%d8%aa%d8%ac%d8%b1\/\"},{\"@type\":\"ListItem\",\"position\":3,\"name\":\"Health Skincare Supplements Ads Cloaking\"}]},{\"@type\":\"WebSite\",\"@id\":\"https:\/\/cloakmyads.com\/#website\",\"url\":\"https:\/\/cloakmyads.com\/\",\"name\":\"CloakMyAds\",\"description\":\"\",\"publisher\":{\"@id\":\"https:\/\/cloakmyads.com\/#organization\"},\"potentialAction\":[{\"@type\":\"SearchAction\",\"target\":{\"@type\":\"EntryPoint\",\"urlTemplate\":\"https:\/\/cloakmyads.com\/?s={search_term_string}\"},\"query-input\":{\"@type\":\"PropertyValueSpecification\",\"valueRequired\":true,\"valueName\":\"search_term_string\"}}],\"inLanguage\":\"pt-BR\"},{\"@type\":\"Organization\",\"@id\":\"https:\/\/cloakmyads.com\/#organization\",\"name\":\"Buy Google Ads Accounts\",\"url\":\"https:\/\/cloakmyads.com\/\",\"logo\":{\"@type\":\"ImageObject\",\"inLanguage\":\"pt-BR\",\"@id\":\"https:\/\/cloakmyads.com\/#\/schema\/logo\/image\/\",\"url\":\"https:\/\/cloakmyads.com\/wp-content\/uploads\/2025\/11\/fav-cloak.jpg\",\"contentUrl\":\"https:\/\/cloakmyads.com\/wp-content\/uploads\/2025\/11\/fav-cloak.jpg\",\"width\":512,\"height\":512,\"caption\":\"Buy Google Ads Accounts\"},\"image\":{\"@id\":\"https:\/\/cloakmyads.com\/#\/schema\/logo\/image\/\"}}]}<\/script>\n<!-- \/ Yoast SEO Premium plugin. -->","yoast_head_json":{"title":"Cloaking de an\u00fancios de sa\u00fade e suplementos - Campanhas seguras","description":"Compre Skincare &amp; Supplement Ads Cloaking para contornar verifica\u00e7\u00f5es de an\u00fancios, ocultar ofertas de sa\u00fade restritas e manter as campanhas em execu\u00e7\u00e3o com seguran\u00e7a.","robots":{"index":"index","follow":"follow","max-snippet":"max-snippet:-1","max-image-preview":"max-image-preview:large","max-video-preview":"max-video-preview:-1"},"canonical":"https:\/\/cloakmyads.com\/pt\/comprar\/saude-suplementos-para-cuidados-com-a-pele-anuncios-cloaking\/","og_locale":"pt_BR","og_type":"article","og_title":"Health Skincare Supplements Ads Cloaking","og_description":"Buy Skincare & Supplement Ads Cloaking to bypass ad checks, hide restricted health offers, and keep campaigns running safely.","og_url":"https:\/\/cloakmyads.com\/pt\/comprar\/saude-suplementos-para-cuidados-com-a-pele-anuncios-cloaking\/","og_site_name":"CloakMyAds","article_modified_time":"2025-11-08T14:39:42+00:00","og_image":[{"width":605,"height":400,"url":"https:\/\/cloakmyads.com\/wp-content\/uploads\/2025\/09\/cloaking-ads.jpg","type":"image\/jpeg"}],"twitter_card":"summary_large_image","twitter_misc":{"Est. tempo de leitura":"1 minuto"},"schema":{"@context":"https:\/\/schema.org","@graph":[{"@type":"WebPage","@id":"https:\/\/cloakmyads.com\/buy\/health-skincare-supplements-ads-cloaking\/","url":"https:\/\/cloakmyads.com\/buy\/health-skincare-supplements-ads-cloaking\/","name":"Cloaking de an\u00fancios de sa\u00fade e suplementos - Campanhas seguras","isPartOf":{"@id":"https:\/\/cloakmyads.com\/#website"},"primaryImageOfPage":{"@id":"https:\/\/cloakmyads.com\/buy\/health-skincare-supplements-ads-cloaking\/#primaryimage"},"image":{"@id":"https:\/\/cloakmyads.com\/buy\/health-skincare-supplements-ads-cloaking\/#primaryimage"},"thumbnailUrl":"https:\/\/cloakmyads.com\/wp-content\/uploads\/2025\/09\/cloaking-ads.jpg","datePublished":"2025-09-22T14:53:29+00:00","dateModified":"2025-11-08T14:39:42+00:00","description":"Compre Skincare &amp; Supplement Ads Cloaking para contornar verifica\u00e7\u00f5es de an\u00fancios, ocultar ofertas de sa\u00fade restritas e manter as campanhas em execu\u00e7\u00e3o com seguran\u00e7a.","breadcrumb":{"@id":"https:\/\/cloakmyads.com\/buy\/health-skincare-supplements-ads-cloaking\/#breadcrumb"},"inLanguage":"pt-BR","potentialAction":[{"@type":"ReadAction","target":["https:\/\/cloakmyads.com\/buy\/health-skincare-supplements-ads-cloaking\/"]}]},{"@type":"ImageObject","inLanguage":"pt-BR","@id":"https:\/\/cloakmyads.com\/buy\/health-skincare-supplements-ads-cloaking\/#primaryimage","url":"https:\/\/cloakmyads.com\/wp-content\/uploads\/2025\/09\/cloaking-ads.jpg","contentUrl":"https:\/\/cloakmyads.com\/wp-content\/uploads\/2025\/09\/cloaking-ads.jpg","width":605,"height":400,"caption":"Ads cloaking"},{"@type":"BreadcrumbList","@id":"https:\/\/cloakmyads.com\/buy\/health-skincare-supplements-ads-cloaking\/#breadcrumb","itemListElement":[{"@type":"ListItem","position":1,"name":"Home","item":"https:\/\/cloakmyads.com\/"},{"@type":"ListItem","position":2,"name":"Shop","item":"https:\/\/cloakmyads.com\/ar\/%d9%85%d8%aa%d8%ac%d8%b1\/"},{"@type":"ListItem","position":3,"name":"Health Skincare Supplements Ads Cloaking"}]},{"@type":"WebSite","@id":"https:\/\/cloakmyads.com\/#website","url":"https:\/\/cloakmyads.com\/","name":"CloakMyAds","description":"","publisher":{"@id":"https:\/\/cloakmyads.com\/#organization"},"potentialAction":[{"@type":"SearchAction","target":{"@type":"EntryPoint","urlTemplate":"https:\/\/cloakmyads.com\/?s={search_term_string}"},"query-input":{"@type":"PropertyValueSpecification","valueRequired":true,"valueName":"search_term_string"}}],"inLanguage":"pt-BR"},{"@type":"Organization","@id":"https:\/\/cloakmyads.com\/#organization","name":"Comprar contas do Google Ads","url":"https:\/\/cloakmyads.com\/","logo":{"@type":"ImageObject","inLanguage":"pt-BR","@id":"https:\/\/cloakmyads.com\/#\/schema\/logo\/image\/","url":"https:\/\/cloakmyads.com\/wp-content\/uploads\/2025\/11\/fav-cloak.jpg","contentUrl":"https:\/\/cloakmyads.com\/wp-content\/uploads\/2025\/11\/fav-cloak.jpg","width":512,"height":512,"caption":"Buy Google Ads Accounts"},"image":{"@id":"https:\/\/cloakmyads.com\/#\/schema\/logo\/image\/"}}]}},"_links":{"self":[{"href":"https:\/\/cloakmyads.com\/pt\/wp-json\/wp\/v2\/product\/9603","targetHints":{"allow":["GET"]}}],"collection":[{"href":"https:\/\/cloakmyads.com\/pt\/wp-json\/wp\/v2\/product"}],"about":[{"href":"https:\/\/cloakmyads.com\/pt\/wp-json\/wp\/v2\/types\/product"}],"version-history":[{"count":5,"href":"https:\/\/cloakmyads.com\/pt\/wp-json\/wp\/v2\/product\/9603\/revisions"}],"predecessor-version":[{"id":9852,"href":"https:\/\/cloakmyads.com\/pt\/wp-json\/wp\/v2\/product\/9603\/revisions\/9852"}],"wp:featuredmedia":[{"embeddable":true,"href":"https:\/\/cloakmyads.com\/pt\/wp-json\/wp\/v2\/media\/9556"}],"wp:attachment":[{"href":"https:\/\/cloakmyads.com\/pt\/wp-json\/wp\/v2\/media?parent=9603"}],"wp:term":[{"taxonomy":"product_brand","embeddable":true,"href":"https:\/\/cloakmyads.com\/pt\/wp-json\/wp\/v2\/product_brand?post=9603"},{"taxonomy":"product_cat","embeddable":true,"href":"https:\/\/cloakmyads.com\/pt\/wp-json\/wp\/v2\/product_cat?post=9603"},{"taxonomy":"product_tag","embeddable":true,"href":"https:\/\/cloakmyads.com\/pt\/wp-json\/wp\/v2\/product_tag?post=9603"}],"curies":[{"name":"wp","href":"https:\/\/api.w.org\/{rel}","templated":true}]}}