{"id":9548,"date":"2025-09-22T12:29:36","date_gmt":"2025-09-22T11:29:36","guid":{"rendered":"https:\/\/cloakmyads.com\/?post_type=product&#038;p=9548"},"modified":"2025-11-08T09:41:39","modified_gmt":"2025-11-08T14:41:39","slug":"faturamento-do-cartao-de-credito-da-apple-store-0ads","status":"publish","type":"product","link":"https:\/\/cloakmyads.com\/pt\/comprar\/faturamento-do-cartao-de-credito-da-apple-store-0ads\/","title":{"rendered":"Cart\u00e3o de cr\u00e9dito da Apple Store"},"content":{"rendered":"<p data-start=\"888\" data-end=\"1208\">A cria\u00e7\u00e3o de uma conta de desenvolvedor da Apple ou a adi\u00e7\u00e3o de um m\u00e9todo de pagamento para compras na App Store pode, muitas vezes, levar a transa\u00e7\u00f5es malsucedidas ou a sinaliza\u00e7\u00f5es de verifica\u00e7\u00e3o, especialmente com cart\u00f5es virtuais. Nossos cart\u00f5es s\u00e3o <strong data-start=\"1082\" data-end=\"1109\">desenvolvido especificamente para a Apple<\/strong>, O Apple ID \u00e9 um sistema de faturamento, registro de desenvolvedor e configura\u00e7\u00f5es de assinatura, testado para se integrar de forma limpa com o faturamento do Apple ID, registro de desenvolvedor e configura\u00e7\u00f5es de assinatura.<\/p>\n<p data-start=\"1210\" data-end=\"1426\">Adicione o cart\u00e3o ao seu <strong data-start=\"1231\" data-end=\"1243\">ID da Apple<\/strong>, <strong data-start=\"1245\" data-end=\"1272\">Programa para desenvolvedores da Apple<\/strong>, ou <strong data-start=\"1277\" data-end=\"1298\">Conex\u00e3o com a App Store<\/strong> com o nome e o endere\u00e7o de cobran\u00e7a escolhidos. Sem ciclos de verifica\u00e7\u00e3o. Sem risco de suspens\u00e3o da conta devido a m\u00e9todos de pagamento inv\u00e1lidos.<\/p>\n<p data-start=\"1428\" data-end=\"1694\">Cada cart\u00e3o \u00e9 v\u00e1lido para <strong data-start=\"1451\" data-end=\"1462\">4 anos<\/strong>, O PayPal \u00e9 um sistema de pagamento de cart\u00e3o de cr\u00e9dito que permite adicionar fundos instantaneamente por meio de criptografia (TRC20\/USDT), PayPal, Wise, Revolut e muito mais. Ideal para desenvolvedores, editores e profissionais de marketing que precisam de acesso r\u00e1pido e confi\u00e1vel a pagamentos da Apple sem bloqueios de regi\u00e3o ou incompatibilidade de cart\u00f5es.<\/p>","protected":false},"excerpt":{"rendered":"<p>Cart\u00f5es de cr\u00e9dito verificados configurados para faturamento da Apple - perfeito para pagamentos da App Store, contas de desenvolvedor e servi\u00e7os da Apple.<\/p>","protected":false},"featured_media":9453,"template":"","meta":{"_acf_changed":false},"product_brand":[],"product_cat":[324],"product_tag":[],"class_list":{"0":"post-9548","1":"product","2":"type-product","3":"status-publish","4":"has-post-thumbnail","6":"product_cat-ads-credit-cards","8":"first","9":"instock","10":"purchasable","11":"product-type-simple"},"acf":[],"yoast_head":"<!-- This site is optimized with the Yoast SEO Premium plugin v26.6 (Yoast SEO v26.7) - https:\/\/yoast.com\/wordpress\/plugins\/seo\/ -->\n<title>Buy Apple Store Credit Card \u2013 Virtual Prepaid for Apps<\/title>\n<meta name=\"description\" content=\"Buy Apple Store Credit Card for safe App Store payments, account verification, and subscriptions. Fast, reliable virtual card solution.\" \/>\n<meta name=\"robots\" content=\"index, follow, max-snippet:-1, max-image-preview:large, max-video-preview:-1\" \/>\n<link rel=\"canonical\" href=\"https:\/\/cloakmyads.com\/pt\/comprar\/faturamento-do-cartao-de-credito-da-apple-store-0ads\/\" \/>\n<meta property=\"og:locale\" content=\"pt_BR\" \/>\n<meta property=\"og:type\" content=\"article\" \/>\n<meta property=\"og:title\" content=\"Apple Store Credit Card\" \/>\n<meta property=\"og:description\" content=\"Buy Apple Store Credit Card for safe App Store payments, account verification, and subscriptions. Fast, reliable virtual card solution.\" \/>\n<meta property=\"og:url\" content=\"https:\/\/cloakmyads.com\/pt\/comprar\/faturamento-do-cartao-de-credito-da-apple-store-0ads\/\" \/>\n<meta property=\"og:site_name\" content=\"CloakMyAds\" \/>\n<meta property=\"article:modified_time\" content=\"2025-11-08T14:41:39+00:00\" \/>\n<meta property=\"og:image\" content=\"https:\/\/cloakmyads.com\/wp-content\/uploads\/2025\/09\/google-ads-credit-cards.jpg\" \/>\n\t<meta property=\"og:image:width\" content=\"605\" \/>\n\t<meta property=\"og:image:height\" content=\"400\" \/>\n\t<meta property=\"og:image:type\" content=\"image\/jpeg\" \/>\n<meta name=\"twitter:card\" content=\"summary_large_image\" \/>\n<meta name=\"twitter:label1\" content=\"Est. tempo de leitura\" \/>\n\t<meta name=\"twitter:data1\" content=\"1 minuto\" \/>\n<script type=\"application\/ld+json\" class=\"yoast-schema-graph\">{\"@context\":\"https:\/\/schema.org\",\"@graph\":[{\"@type\":\"WebPage\",\"@id\":\"https:\/\/cloakmyads.com\/buy\/apple-store-0ads-credit-card-billing\/\",\"url\":\"https:\/\/cloakmyads.com\/buy\/apple-store-0ads-credit-card-billing\/\",\"name\":\"Buy Apple Store Credit Card \u2013 Virtual Prepaid for Apps\",\"isPartOf\":{\"@id\":\"https:\/\/cloakmyads.com\/#website\"},\"primaryImageOfPage\":{\"@id\":\"https:\/\/cloakmyads.com\/buy\/apple-store-0ads-credit-card-billing\/#primaryimage\"},\"image\":{\"@id\":\"https:\/\/cloakmyads.com\/buy\/apple-store-0ads-credit-card-billing\/#primaryimage\"},\"thumbnailUrl\":\"https:\/\/cloakmyads.com\/wp-content\/uploads\/2025\/09\/google-ads-credit-cards.jpg\",\"datePublished\":\"2025-09-22T11:29:36+00:00\",\"dateModified\":\"2025-11-08T14:41:39+00:00\",\"description\":\"Buy Apple Store Credit Card for safe App Store payments, account verification, and subscriptions. Fast, reliable virtual card solution.\",\"breadcrumb\":{\"@id\":\"https:\/\/cloakmyads.com\/buy\/apple-store-0ads-credit-card-billing\/#breadcrumb\"},\"inLanguage\":\"pt-BR\",\"potentialAction\":[{\"@type\":\"ReadAction\",\"target\":[\"https:\/\/cloakmyads.com\/buy\/apple-store-0ads-credit-card-billing\/\"]}]},{\"@type\":\"ImageObject\",\"inLanguage\":\"pt-BR\",\"@id\":\"https:\/\/cloakmyads.com\/buy\/apple-store-0ads-credit-card-billing\/#primaryimage\",\"url\":\"https:\/\/cloakmyads.com\/wp-content\/uploads\/2025\/09\/google-ads-credit-cards.jpg\",\"contentUrl\":\"https:\/\/cloakmyads.com\/wp-content\/uploads\/2025\/09\/google-ads-credit-cards.jpg\",\"width\":605,\"height\":400,\"caption\":\"Google Ads Credit Cards\"},{\"@type\":\"BreadcrumbList\",\"@id\":\"https:\/\/cloakmyads.com\/buy\/apple-store-0ads-credit-card-billing\/#breadcrumb\",\"itemListElement\":[{\"@type\":\"ListItem\",\"position\":1,\"name\":\"Home\",\"item\":\"https:\/\/cloakmyads.com\/\"},{\"@type\":\"ListItem\",\"position\":2,\"name\":\"Shop\",\"item\":\"https:\/\/cloakmyads.com\/ar\/%d9%85%d8%aa%d8%ac%d8%b1\/\"},{\"@type\":\"ListItem\",\"position\":3,\"name\":\"Apple Store Credit Card\"}]},{\"@type\":\"WebSite\",\"@id\":\"https:\/\/cloakmyads.com\/#website\",\"url\":\"https:\/\/cloakmyads.com\/\",\"name\":\"CloakMyAds\",\"description\":\"\",\"publisher\":{\"@id\":\"https:\/\/cloakmyads.com\/#organization\"},\"potentialAction\":[{\"@type\":\"SearchAction\",\"target\":{\"@type\":\"EntryPoint\",\"urlTemplate\":\"https:\/\/cloakmyads.com\/?s={search_term_string}\"},\"query-input\":{\"@type\":\"PropertyValueSpecification\",\"valueRequired\":true,\"valueName\":\"search_term_string\"}}],\"inLanguage\":\"pt-BR\"},{\"@type\":\"Organization\",\"@id\":\"https:\/\/cloakmyads.com\/#organization\",\"name\":\"Buy Google Ads Accounts\",\"url\":\"https:\/\/cloakmyads.com\/\",\"logo\":{\"@type\":\"ImageObject\",\"inLanguage\":\"pt-BR\",\"@id\":\"https:\/\/cloakmyads.com\/#\/schema\/logo\/image\/\",\"url\":\"https:\/\/cloakmyads.com\/wp-content\/uploads\/2025\/11\/fav-cloak.jpg\",\"contentUrl\":\"https:\/\/cloakmyads.com\/wp-content\/uploads\/2025\/11\/fav-cloak.jpg\",\"width\":512,\"height\":512,\"caption\":\"Buy Google Ads Accounts\"},\"image\":{\"@id\":\"https:\/\/cloakmyads.com\/#\/schema\/logo\/image\/\"}}]}<\/script>\n<!-- \/ Yoast SEO Premium plugin. -->","yoast_head_json":{"title":"Comprar cart\u00e3o de cr\u00e9dito da Apple Store - Pr\u00e9-pago virtual para aplicativos","description":"Compre o cart\u00e3o de cr\u00e9dito da Apple Store para pagamentos seguros na App Store, verifica\u00e7\u00e3o de conta e assinaturas. Solu\u00e7\u00e3o de cart\u00e3o virtual r\u00e1pida e confi\u00e1vel.","robots":{"index":"index","follow":"follow","max-snippet":"max-snippet:-1","max-image-preview":"max-image-preview:large","max-video-preview":"max-video-preview:-1"},"canonical":"https:\/\/cloakmyads.com\/pt\/comprar\/faturamento-do-cartao-de-credito-da-apple-store-0ads\/","og_locale":"pt_BR","og_type":"article","og_title":"Apple Store Credit Card","og_description":"Buy Apple Store Credit Card for safe App Store payments, account verification, and subscriptions. Fast, reliable virtual card solution.","og_url":"https:\/\/cloakmyads.com\/pt\/comprar\/faturamento-do-cartao-de-credito-da-apple-store-0ads\/","og_site_name":"CloakMyAds","article_modified_time":"2025-11-08T14:41:39+00:00","og_image":[{"width":605,"height":400,"url":"https:\/\/cloakmyads.com\/wp-content\/uploads\/2025\/09\/google-ads-credit-cards.jpg","type":"image\/jpeg"}],"twitter_card":"summary_large_image","twitter_misc":{"Est. tempo de leitura":"1 minuto"},"schema":{"@context":"https:\/\/schema.org","@graph":[{"@type":"WebPage","@id":"https:\/\/cloakmyads.com\/buy\/apple-store-0ads-credit-card-billing\/","url":"https:\/\/cloakmyads.com\/buy\/apple-store-0ads-credit-card-billing\/","name":"Comprar cart\u00e3o de cr\u00e9dito da Apple Store - Pr\u00e9-pago virtual para aplicativos","isPartOf":{"@id":"https:\/\/cloakmyads.com\/#website"},"primaryImageOfPage":{"@id":"https:\/\/cloakmyads.com\/buy\/apple-store-0ads-credit-card-billing\/#primaryimage"},"image":{"@id":"https:\/\/cloakmyads.com\/buy\/apple-store-0ads-credit-card-billing\/#primaryimage"},"thumbnailUrl":"https:\/\/cloakmyads.com\/wp-content\/uploads\/2025\/09\/google-ads-credit-cards.jpg","datePublished":"2025-09-22T11:29:36+00:00","dateModified":"2025-11-08T14:41:39+00:00","description":"Compre o cart\u00e3o de cr\u00e9dito da Apple Store para pagamentos seguros na App Store, verifica\u00e7\u00e3o de conta e assinaturas. Solu\u00e7\u00e3o de cart\u00e3o virtual r\u00e1pida e confi\u00e1vel.","breadcrumb":{"@id":"https:\/\/cloakmyads.com\/buy\/apple-store-0ads-credit-card-billing\/#breadcrumb"},"inLanguage":"pt-BR","potentialAction":[{"@type":"ReadAction","target":["https:\/\/cloakmyads.com\/buy\/apple-store-0ads-credit-card-billing\/"]}]},{"@type":"ImageObject","inLanguage":"pt-BR","@id":"https:\/\/cloakmyads.com\/buy\/apple-store-0ads-credit-card-billing\/#primaryimage","url":"https:\/\/cloakmyads.com\/wp-content\/uploads\/2025\/09\/google-ads-credit-cards.jpg","contentUrl":"https:\/\/cloakmyads.com\/wp-content\/uploads\/2025\/09\/google-ads-credit-cards.jpg","width":605,"height":400,"caption":"Google Ads Credit Cards"},{"@type":"BreadcrumbList","@id":"https:\/\/cloakmyads.com\/buy\/apple-store-0ads-credit-card-billing\/#breadcrumb","itemListElement":[{"@type":"ListItem","position":1,"name":"Home","item":"https:\/\/cloakmyads.com\/"},{"@type":"ListItem","position":2,"name":"Shop","item":"https:\/\/cloakmyads.com\/ar\/%d9%85%d8%aa%d8%ac%d8%b1\/"},{"@type":"ListItem","position":3,"name":"Apple Store Credit Card"}]},{"@type":"WebSite","@id":"https:\/\/cloakmyads.com\/#website","url":"https:\/\/cloakmyads.com\/","name":"CloakMyAds","description":"","publisher":{"@id":"https:\/\/cloakmyads.com\/#organization"},"potentialAction":[{"@type":"SearchAction","target":{"@type":"EntryPoint","urlTemplate":"https:\/\/cloakmyads.com\/?s={search_term_string}"},"query-input":{"@type":"PropertyValueSpecification","valueRequired":true,"valueName":"search_term_string"}}],"inLanguage":"pt-BR"},{"@type":"Organization","@id":"https:\/\/cloakmyads.com\/#organization","name":"Comprar contas do Google Ads","url":"https:\/\/cloakmyads.com\/","logo":{"@type":"ImageObject","inLanguage":"pt-BR","@id":"https:\/\/cloakmyads.com\/#\/schema\/logo\/image\/","url":"https:\/\/cloakmyads.com\/wp-content\/uploads\/2025\/11\/fav-cloak.jpg","contentUrl":"https:\/\/cloakmyads.com\/wp-content\/uploads\/2025\/11\/fav-cloak.jpg","width":512,"height":512,"caption":"Buy Google Ads Accounts"},"image":{"@id":"https:\/\/cloakmyads.com\/#\/schema\/logo\/image\/"}}]}},"_links":{"self":[{"href":"https:\/\/cloakmyads.com\/pt\/wp-json\/wp\/v2\/product\/9548","targetHints":{"allow":["GET"]}}],"collection":[{"href":"https:\/\/cloakmyads.com\/pt\/wp-json\/wp\/v2\/product"}],"about":[{"href":"https:\/\/cloakmyads.com\/pt\/wp-json\/wp\/v2\/types\/product"}],"version-history":[{"count":2,"href":"https:\/\/cloakmyads.com\/pt\/wp-json\/wp\/v2\/product\/9548\/revisions"}],"predecessor-version":[{"id":9859,"href":"https:\/\/cloakmyads.com\/pt\/wp-json\/wp\/v2\/product\/9548\/revisions\/9859"}],"wp:featuredmedia":[{"embeddable":true,"href":"https:\/\/cloakmyads.com\/pt\/wp-json\/wp\/v2\/media\/9453"}],"wp:attachment":[{"href":"https:\/\/cloakmyads.com\/pt\/wp-json\/wp\/v2\/media?parent=9548"}],"wp:term":[{"taxonomy":"product_brand","embeddable":true,"href":"https:\/\/cloakmyads.com\/pt\/wp-json\/wp\/v2\/product_brand?post=9548"},{"taxonomy":"product_cat","embeddable":true,"href":"https:\/\/cloakmyads.com\/pt\/wp-json\/wp\/v2\/product_cat?post=9548"},{"taxonomy":"product_tag","embeddable":true,"href":"https:\/\/cloakmyads.com\/pt\/wp-json\/wp\/v2\/product_tag?post=9548"}],"curies":[{"name":"wp","href":"https:\/\/api.w.org\/{rel}","templated":true}]}}