{"id":9409,"date":"2025-09-21T10:44:44","date_gmt":"2025-09-21T09:44:44","guid":{"rendered":"https:\/\/cloakmyads.com\/?post_type=product&#038;p=9409"},"modified":"2025-10-03T16:14:51","modified_gmt":"2025-10-03T15:14:51","slug":"contas-de-camuflagem-de-anuncios-do-instagram","status":"publish","type":"product","link":"https:\/\/cloakmyads.com\/pt\/comprar\/contas-de-camuflagem-de-anuncios-do-instagram\/","title":{"rendered":"Contas de camuflagem de an\u00fancios do Instagram"},"content":{"rendered":"<p data-start=\"313\" data-end=\"724\">O Instagram \u00e9 uma das plataformas mais poderosas para afiliados, com\u00e9rcio eletr\u00f4nico e ofertas de alto engajamento, mas seu processo de revis\u00e3o de an\u00fancios \u00e9 implac\u00e1vel. As novas contas s\u00e3o sinalizadas rapidamente, os criativos s\u00e3o rejeitados logo de cara e as contas de an\u00fancios geralmente s\u00e3o desativadas antes mesmo do in\u00edcio das campanhas. \u00c9 por isso que os profissionais de marketing s\u00e9rios optam por <strong data-start=\"630\" data-end=\"660\">comprar contas do Instagram Ads<\/strong> que s\u00e3o envelhecidos, est\u00e1veis e criados para a longevidade real da campanha.<\/p>\n<p data-start=\"726\" data-end=\"1004\">Com <strong data-start=\"731\" data-end=\"766\">contas verificadas do Instagram Ads<\/strong>, Com o servi\u00e7o de pagamento de contas, voc\u00ea obt\u00e9m acesso a perfis vinculados a entidades comerciais dos EUA e do Reino Unido, com idade entre 2022 e 2024, e entregues limpos, sem hist\u00f3rico de suspens\u00e3o. Essas contas j\u00e1 s\u00e3o verificadas quanto \u00e0 identidade, verificadas por telefone e prontas para conectar o faturamento instantaneamente.<\/p>\n<p data-start=\"1006\" data-end=\"1299\">Juntamente com a camuflagem avan\u00e7ada, as campanhas do Instagram Ads em nichos como <strong data-start=\"1076\" data-end=\"1131\">nutra, namoro, sorteios, finan\u00e7as e com\u00e9rcio eletr\u00f4nico<\/strong> pode finalmente sobreviver al\u00e9m da revis\u00e3o. Os moderadores e bots veem uma p\u00e1gina segura, enquanto os usu\u00e1rios reais s\u00e3o redirecionados para o site de dinheiro, o que lhe d\u00e1 mais tempo para expandir e lucrar.<\/p>\n<p data-start=\"1301\" data-end=\"1513\">Se voc\u00ea deseja uma vida \u00fatil mais longa para a campanha, menos rejei\u00e7\u00f5es de an\u00fancios e a liberdade de dimensionar as ofertas de forma agressiva, a medida mais inteligente \u00e9 simples: <strong data-start=\"1436\" data-end=\"1466\">comprar contas do Instagram Ads<\/strong> que s\u00e3o verificadas, envelhecidas e prontas para a camuflagem.<\/p>","protected":false},"excerpt":{"rendered":"<p>Contas verificadas do Instagram Ads prontas para camuflagem - divulgue criptomoedas, jogos de azar e outras ofertas sinalizadas sem ser fechado.<\/p>","protected":false},"featured_media":9411,"template":"","meta":{"_acf_changed":false},"product_brand":[],"product_cat":[65],"product_tag":[],"class_list":{"0":"post-9409","1":"product","2":"type-product","3":"status-publish","4":"has-post-thumbnail","6":"product_cat-accounts","8":"first","9":"instock","10":"purchasable","11":"product-type-simple"},"acf":[],"yoast_head":"<!-- This site is optimized with the Yoast SEO Premium plugin v26.6 (Yoast SEO v26.7) - https:\/\/yoast.com\/wordpress\/plugins\/seo\/ -->\n<title>Buy Instagram Ads Cloaking Accounts \u2013 Run Campaigns Safely<\/title>\n<meta name=\"description\" content=\"Buy Instagram Ads Cloaking Accounts to hide restricted creatives from reviewers while showing real offers to users. Reduce bans and scale campaigns.\" \/>\n<meta name=\"robots\" content=\"index, follow, max-snippet:-1, max-image-preview:large, max-video-preview:-1\" \/>\n<link rel=\"canonical\" href=\"https:\/\/cloakmyads.com\/pt\/comprar\/contas-de-camuflagem-de-anuncios-do-instagram\/\" \/>\n<meta property=\"og:locale\" content=\"pt_BR\" \/>\n<meta property=\"og:type\" content=\"article\" \/>\n<meta property=\"og:title\" content=\"Instagram Ads Cloaking Accounts\" \/>\n<meta property=\"og:description\" content=\"Buy Instagram Ads Cloaking Accounts to hide restricted creatives from reviewers while showing real offers to users. Reduce bans and scale campaigns.\" \/>\n<meta property=\"og:url\" content=\"https:\/\/cloakmyads.com\/pt\/comprar\/contas-de-camuflagem-de-anuncios-do-instagram\/\" \/>\n<meta property=\"og:site_name\" content=\"CloakMyAds\" \/>\n<meta property=\"article:modified_time\" content=\"2025-10-03T15:14:51+00:00\" \/>\n<meta property=\"og:image\" content=\"https:\/\/cloakmyads.com\/wp-content\/uploads\/2025\/09\/instagram-ads-cloaking.png\" \/>\n\t<meta property=\"og:image:width\" content=\"940\" \/>\n\t<meta property=\"og:image:height\" content=\"640\" \/>\n\t<meta property=\"og:image:type\" content=\"image\/png\" \/>\n<meta name=\"twitter:card\" content=\"summary_large_image\" \/>\n<meta name=\"twitter:label1\" content=\"Est. tempo de leitura\" \/>\n\t<meta name=\"twitter:data1\" content=\"1 minuto\" \/>\n<script type=\"application\/ld+json\" class=\"yoast-schema-graph\">{\"@context\":\"https:\/\/schema.org\",\"@graph\":[{\"@type\":\"WebPage\",\"@id\":\"https:\/\/cloakmyads.com\/buy\/instagram-ads-cloaking-accounts\/\",\"url\":\"https:\/\/cloakmyads.com\/buy\/instagram-ads-cloaking-accounts\/\",\"name\":\"Buy Instagram Ads Cloaking Accounts \u2013 Run Campaigns Safely\",\"isPartOf\":{\"@id\":\"https:\/\/cloakmyads.com\/#website\"},\"primaryImageOfPage\":{\"@id\":\"https:\/\/cloakmyads.com\/buy\/instagram-ads-cloaking-accounts\/#primaryimage\"},\"image\":{\"@id\":\"https:\/\/cloakmyads.com\/buy\/instagram-ads-cloaking-accounts\/#primaryimage\"},\"thumbnailUrl\":\"https:\/\/cloakmyads.com\/wp-content\/uploads\/2025\/09\/instagram-ads-cloaking.png\",\"datePublished\":\"2025-09-21T09:44:44+00:00\",\"dateModified\":\"2025-10-03T15:14:51+00:00\",\"description\":\"Buy Instagram Ads Cloaking Accounts to hide restricted creatives from reviewers while showing real offers to users. Reduce bans and scale campaigns.\",\"breadcrumb\":{\"@id\":\"https:\/\/cloakmyads.com\/buy\/instagram-ads-cloaking-accounts\/#breadcrumb\"},\"inLanguage\":\"pt-BR\",\"potentialAction\":[{\"@type\":\"ReadAction\",\"target\":[\"https:\/\/cloakmyads.com\/buy\/instagram-ads-cloaking-accounts\/\"]}]},{\"@type\":\"ImageObject\",\"inLanguage\":\"pt-BR\",\"@id\":\"https:\/\/cloakmyads.com\/buy\/instagram-ads-cloaking-accounts\/#primaryimage\",\"url\":\"https:\/\/cloakmyads.com\/wp-content\/uploads\/2025\/09\/instagram-ads-cloaking.png\",\"contentUrl\":\"https:\/\/cloakmyads.com\/wp-content\/uploads\/2025\/09\/instagram-ads-cloaking.png\",\"width\":940,\"height\":640,\"caption\":\"Instagram Cloaking Ads Accounts\"},{\"@type\":\"BreadcrumbList\",\"@id\":\"https:\/\/cloakmyads.com\/buy\/instagram-ads-cloaking-accounts\/#breadcrumb\",\"itemListElement\":[{\"@type\":\"ListItem\",\"position\":1,\"name\":\"Home\",\"item\":\"https:\/\/cloakmyads.com\/\"},{\"@type\":\"ListItem\",\"position\":2,\"name\":\"Shop\",\"item\":\"https:\/\/cloakmyads.com\/ar\/%d9%85%d8%aa%d8%ac%d8%b1\/\"},{\"@type\":\"ListItem\",\"position\":3,\"name\":\"Instagram Ads Cloaking Accounts\"}]},{\"@type\":\"WebSite\",\"@id\":\"https:\/\/cloakmyads.com\/#website\",\"url\":\"https:\/\/cloakmyads.com\/\",\"name\":\"CloakMyAds\",\"description\":\"\",\"publisher\":{\"@id\":\"https:\/\/cloakmyads.com\/#organization\"},\"potentialAction\":[{\"@type\":\"SearchAction\",\"target\":{\"@type\":\"EntryPoint\",\"urlTemplate\":\"https:\/\/cloakmyads.com\/?s={search_term_string}\"},\"query-input\":{\"@type\":\"PropertyValueSpecification\",\"valueRequired\":true,\"valueName\":\"search_term_string\"}}],\"inLanguage\":\"pt-BR\"},{\"@type\":\"Organization\",\"@id\":\"https:\/\/cloakmyads.com\/#organization\",\"name\":\"Buy Google Ads Accounts\",\"url\":\"https:\/\/cloakmyads.com\/\",\"logo\":{\"@type\":\"ImageObject\",\"inLanguage\":\"pt-BR\",\"@id\":\"https:\/\/cloakmyads.com\/#\/schema\/logo\/image\/\",\"url\":\"https:\/\/cloakmyads.com\/wp-content\/uploads\/2025\/11\/fav-cloak.jpg\",\"contentUrl\":\"https:\/\/cloakmyads.com\/wp-content\/uploads\/2025\/11\/fav-cloak.jpg\",\"width\":512,\"height\":512,\"caption\":\"Buy Google Ads Accounts\"},\"image\":{\"@id\":\"https:\/\/cloakmyads.com\/#\/schema\/logo\/image\/\"}}]}<\/script>\n<!-- \/ Yoast SEO Premium plugin. -->","yoast_head_json":{"title":"Comprar contas de camuflagem de an\u00fancios do Instagram - Executar campanhas com seguran\u00e7a","description":"Compre contas de camuflagem de an\u00fancios do Instagram para ocultar criativos restritos dos avaliadores e, ao mesmo tempo, mostrar ofertas reais aos usu\u00e1rios. Reduza as proibi\u00e7\u00f5es e dimensione as campanhas.","robots":{"index":"index","follow":"follow","max-snippet":"max-snippet:-1","max-image-preview":"max-image-preview:large","max-video-preview":"max-video-preview:-1"},"canonical":"https:\/\/cloakmyads.com\/pt\/comprar\/contas-de-camuflagem-de-anuncios-do-instagram\/","og_locale":"pt_BR","og_type":"article","og_title":"Instagram Ads Cloaking Accounts","og_description":"Buy Instagram Ads Cloaking Accounts to hide restricted creatives from reviewers while showing real offers to users. Reduce bans and scale campaigns.","og_url":"https:\/\/cloakmyads.com\/pt\/comprar\/contas-de-camuflagem-de-anuncios-do-instagram\/","og_site_name":"CloakMyAds","article_modified_time":"2025-10-03T15:14:51+00:00","og_image":[{"width":940,"height":640,"url":"https:\/\/cloakmyads.com\/wp-content\/uploads\/2025\/09\/instagram-ads-cloaking.png","type":"image\/png"}],"twitter_card":"summary_large_image","twitter_misc":{"Est. tempo de leitura":"1 minuto"},"schema":{"@context":"https:\/\/schema.org","@graph":[{"@type":"WebPage","@id":"https:\/\/cloakmyads.com\/buy\/instagram-ads-cloaking-accounts\/","url":"https:\/\/cloakmyads.com\/buy\/instagram-ads-cloaking-accounts\/","name":"Comprar contas de camuflagem de an\u00fancios do Instagram - Executar campanhas com seguran\u00e7a","isPartOf":{"@id":"https:\/\/cloakmyads.com\/#website"},"primaryImageOfPage":{"@id":"https:\/\/cloakmyads.com\/buy\/instagram-ads-cloaking-accounts\/#primaryimage"},"image":{"@id":"https:\/\/cloakmyads.com\/buy\/instagram-ads-cloaking-accounts\/#primaryimage"},"thumbnailUrl":"https:\/\/cloakmyads.com\/wp-content\/uploads\/2025\/09\/instagram-ads-cloaking.png","datePublished":"2025-09-21T09:44:44+00:00","dateModified":"2025-10-03T15:14:51+00:00","description":"Compre contas de camuflagem de an\u00fancios do Instagram para ocultar criativos restritos dos avaliadores e, ao mesmo tempo, mostrar ofertas reais aos usu\u00e1rios. Reduza as proibi\u00e7\u00f5es e dimensione as campanhas.","breadcrumb":{"@id":"https:\/\/cloakmyads.com\/buy\/instagram-ads-cloaking-accounts\/#breadcrumb"},"inLanguage":"pt-BR","potentialAction":[{"@type":"ReadAction","target":["https:\/\/cloakmyads.com\/buy\/instagram-ads-cloaking-accounts\/"]}]},{"@type":"ImageObject","inLanguage":"pt-BR","@id":"https:\/\/cloakmyads.com\/buy\/instagram-ads-cloaking-accounts\/#primaryimage","url":"https:\/\/cloakmyads.com\/wp-content\/uploads\/2025\/09\/instagram-ads-cloaking.png","contentUrl":"https:\/\/cloakmyads.com\/wp-content\/uploads\/2025\/09\/instagram-ads-cloaking.png","width":940,"height":640,"caption":"Instagram Cloaking Ads Accounts"},{"@type":"BreadcrumbList","@id":"https:\/\/cloakmyads.com\/buy\/instagram-ads-cloaking-accounts\/#breadcrumb","itemListElement":[{"@type":"ListItem","position":1,"name":"Home","item":"https:\/\/cloakmyads.com\/"},{"@type":"ListItem","position":2,"name":"Shop","item":"https:\/\/cloakmyads.com\/ar\/%d9%85%d8%aa%d8%ac%d8%b1\/"},{"@type":"ListItem","position":3,"name":"Instagram Ads Cloaking Accounts"}]},{"@type":"WebSite","@id":"https:\/\/cloakmyads.com\/#website","url":"https:\/\/cloakmyads.com\/","name":"CloakMyAds","description":"","publisher":{"@id":"https:\/\/cloakmyads.com\/#organization"},"potentialAction":[{"@type":"SearchAction","target":{"@type":"EntryPoint","urlTemplate":"https:\/\/cloakmyads.com\/?s={search_term_string}"},"query-input":{"@type":"PropertyValueSpecification","valueRequired":true,"valueName":"search_term_string"}}],"inLanguage":"pt-BR"},{"@type":"Organization","@id":"https:\/\/cloakmyads.com\/#organization","name":"Comprar contas do Google Ads","url":"https:\/\/cloakmyads.com\/","logo":{"@type":"ImageObject","inLanguage":"pt-BR","@id":"https:\/\/cloakmyads.com\/#\/schema\/logo\/image\/","url":"https:\/\/cloakmyads.com\/wp-content\/uploads\/2025\/11\/fav-cloak.jpg","contentUrl":"https:\/\/cloakmyads.com\/wp-content\/uploads\/2025\/11\/fav-cloak.jpg","width":512,"height":512,"caption":"Buy Google Ads Accounts"},"image":{"@id":"https:\/\/cloakmyads.com\/#\/schema\/logo\/image\/"}}]}},"_links":{"self":[{"href":"https:\/\/cloakmyads.com\/pt\/wp-json\/wp\/v2\/product\/9409","targetHints":{"allow":["GET"]}}],"collection":[{"href":"https:\/\/cloakmyads.com\/pt\/wp-json\/wp\/v2\/product"}],"about":[{"href":"https:\/\/cloakmyads.com\/pt\/wp-json\/wp\/v2\/types\/product"}],"version-history":[{"count":3,"href":"https:\/\/cloakmyads.com\/pt\/wp-json\/wp\/v2\/product\/9409\/revisions"}],"predecessor-version":[{"id":9745,"href":"https:\/\/cloakmyads.com\/pt\/wp-json\/wp\/v2\/product\/9409\/revisions\/9745"}],"wp:featuredmedia":[{"embeddable":true,"href":"https:\/\/cloakmyads.com\/pt\/wp-json\/wp\/v2\/media\/9411"}],"wp:attachment":[{"href":"https:\/\/cloakmyads.com\/pt\/wp-json\/wp\/v2\/media?parent=9409"}],"wp:term":[{"taxonomy":"product_brand","embeddable":true,"href":"https:\/\/cloakmyads.com\/pt\/wp-json\/wp\/v2\/product_brand?post=9409"},{"taxonomy":"product_cat","embeddable":true,"href":"https:\/\/cloakmyads.com\/pt\/wp-json\/wp\/v2\/product_cat?post=9409"},{"taxonomy":"product_tag","embeddable":true,"href":"https:\/\/cloakmyads.com\/pt\/wp-json\/wp\/v2\/product_tag?post=9409"}],"curies":[{"name":"wp","href":"https:\/\/api.w.org\/{rel}","templated":true}]}}