{"id":3393,"date":"2022-08-30T15:28:57","date_gmt":"2022-08-30T13:28:57","guid":{"rendered":"https:\/\/rentaccounts.net\/?post_type=product&#038;p=3393"},"modified":"2025-10-03T16:39:05","modified_gmt":"2025-10-03T15:39:05","slug":"microsoft-ads-account-bing-cloaking","status":"publish","type":"product","link":"https:\/\/cloakmyads.com\/pl\/kupowac\/microsoft-ads-account-bing-cloaking\/","title":{"rendered":"Konta ukrywaj\u0105ce reklamy Microsoft"},"content":{"rendered":"<p data-start=\"475\" data-end=\"808\">Je\u015bli chcesz prowadzi\u0107 powa\u017cne kampanie na platformie Microsoft Ads, potrzebujesz czego\u015b wi\u0119cej ni\u017c tylko dost\u0119pu - potrzebujesz kont, kt\u00f3re s\u0105 zaufane, starsze i stworzone z my\u015bl\u0105 o wydajno\u015bci. Kiedy <strong data-start=\"655\" data-end=\"685\">kupowa\u0107 konta Microsoft Ads<\/strong> Od nas otrzymujesz zweryfikowane profile biznesowe podmiot\u00f3w z USA i Wielkiej Brytanii, przetestowane pod k\u0105tem rzeczywistych wydatk\u00f3w i gotowe do dzia\u0142ania.<\/p>\n<p data-start=\"810\" data-end=\"1108\">W przeciwie\u0144stwie do kont niestabilnych lub pochodz\u0105cych z recyklingu, kt\u00f3re upadaj\u0105 przy pierwszym przegl\u0105dzie, te s\u0105 stworzone do d\u0142ugotrwa\u0142ego u\u017cytkowania. Niezale\u017cnie od tego, czy uruchamiasz kampanie w wyszukiwarce, skalujesz Bing Shopping, czy zarz\u0105dzasz du\u017cymi zestawami s\u0142\u00f3w kluczowych, konta te zapewniaj\u0105 podstawy do dzia\u0142ania bez ci\u0105g\u0142ych wy\u0142\u0105cze\u0144 lub flag rozliczeniowych.<\/p>\n<p data-start=\"1110\" data-end=\"1314\">Wszystkie konta s\u0105 czyste, sp\u00f3jne i kompatybilne z agresywnymi lub skalowanymi strategiami. Ty kontrolujesz rozliczenia, kampanie i bud\u017cet - my po prostu dajemy Ci niezawodny zas\u00f3b, kt\u00f3ry dzia\u0142a od pierwszego dnia.<\/p>","protected":false},"excerpt":{"rendered":"<p>Gotowe do maskowania konta Microsoft Ads, kt\u00f3re pozwalaj\u0105 unikn\u0105\u0107 ban\u00f3w, s\u0105 odporne na r\u0119czne przegl\u0105dy i umo\u017cliwiaj\u0105 swobodne reklamowanie si\u0119 w ca\u0142ej sieci reklamowej Bing.<\/p>","protected":false},"featured_media":9380,"template":"","meta":{"_acf_changed":false},"product_brand":[],"product_cat":[65],"product_tag":[],"class_list":{"0":"post-3393","1":"product","2":"type-product","3":"status-publish","4":"has-post-thumbnail","6":"product_cat-accounts","8":"first","9":"instock","10":"purchasable","11":"product-type-simple"},"acf":[],"yoast_head":"<!-- This site is optimized with the Yoast SEO Premium plugin v26.6 (Yoast SEO v26.7) - https:\/\/yoast.com\/wordpress\/plugins\/seo\/ -->\n<title>Buy Microsoft Ads Cloaking Accounts \u2013 Crypto &amp; Gambling<\/title>\n<meta name=\"description\" content=\"Buy Microsoft Ads Cloaking Accounts for crypto, gambling, betting, and forex campaigns. Verified cloaking accounts to keep Microsoft Ads running safely.\" \/>\n<meta name=\"robots\" content=\"index, follow, max-snippet:-1, max-image-preview:large, max-video-preview:-1\" \/>\n<link rel=\"canonical\" href=\"https:\/\/cloakmyads.com\/pl\/kupowac\/microsoft-ads-account-bing-cloaking\/\" \/>\n<meta property=\"og:locale\" content=\"pl_PL\" \/>\n<meta property=\"og:type\" content=\"article\" \/>\n<meta property=\"og:title\" content=\"Microsoft Ads Cloaking Accounts\" \/>\n<meta property=\"og:description\" content=\"Buy Microsoft Ads Cloaking Accounts for crypto, gambling, betting, and forex campaigns. Verified cloaking accounts to keep Microsoft Ads running safely.\" \/>\n<meta property=\"og:url\" content=\"https:\/\/cloakmyads.com\/pl\/kupowac\/microsoft-ads-account-bing-cloaking\/\" \/>\n<meta property=\"og:site_name\" content=\"CloakMyAds\" \/>\n<meta property=\"article:modified_time\" content=\"2025-10-03T15:39:05+00:00\" \/>\n<meta property=\"og:image\" content=\"https:\/\/cloakmyads.com\/wp-content\/uploads\/2022\/08\/microsoft-bing-cloaking.png\" \/>\n\t<meta property=\"og:image:width\" content=\"940\" \/>\n\t<meta property=\"og:image:height\" content=\"640\" \/>\n\t<meta property=\"og:image:type\" content=\"image\/png\" \/>\n<meta name=\"twitter:card\" content=\"summary_large_image\" \/>\n<meta name=\"twitter:label1\" content=\"Szacowany czas czytania\" \/>\n\t<meta name=\"twitter:data1\" content=\"1 minuta\" \/>\n<script type=\"application\/ld+json\" class=\"yoast-schema-graph\">{\"@context\":\"https:\/\/schema.org\",\"@graph\":[{\"@type\":\"WebPage\",\"@id\":\"https:\/\/cloakmyads.com\/buy\/microsoft-ads-account-bing-cloaking\/\",\"url\":\"https:\/\/cloakmyads.com\/buy\/microsoft-ads-account-bing-cloaking\/\",\"name\":\"Buy Microsoft Ads Cloaking Accounts \u2013 Crypto & Gambling\",\"isPartOf\":{\"@id\":\"https:\/\/cloakmyads.com\/#website\"},\"primaryImageOfPage\":{\"@id\":\"https:\/\/cloakmyads.com\/buy\/microsoft-ads-account-bing-cloaking\/#primaryimage\"},\"image\":{\"@id\":\"https:\/\/cloakmyads.com\/buy\/microsoft-ads-account-bing-cloaking\/#primaryimage\"},\"thumbnailUrl\":\"https:\/\/cloakmyads.com\/wp-content\/uploads\/2022\/08\/microsoft-bing-cloaking.png\",\"datePublished\":\"2022-08-30T13:28:57+00:00\",\"dateModified\":\"2025-10-03T15:39:05+00:00\",\"description\":\"Buy Microsoft Ads Cloaking Accounts for crypto, gambling, betting, and forex campaigns. Verified cloaking accounts to keep Microsoft Ads running safely.\",\"breadcrumb\":{\"@id\":\"https:\/\/cloakmyads.com\/buy\/microsoft-ads-account-bing-cloaking\/#breadcrumb\"},\"inLanguage\":\"pl-PL\",\"potentialAction\":[{\"@type\":\"ReadAction\",\"target\":[\"https:\/\/cloakmyads.com\/buy\/microsoft-ads-account-bing-cloaking\/\"]}]},{\"@type\":\"ImageObject\",\"inLanguage\":\"pl-PL\",\"@id\":\"https:\/\/cloakmyads.com\/buy\/microsoft-ads-account-bing-cloaking\/#primaryimage\",\"url\":\"https:\/\/cloakmyads.com\/wp-content\/uploads\/2022\/08\/microsoft-bing-cloaking.png\",\"contentUrl\":\"https:\/\/cloakmyads.com\/wp-content\/uploads\/2022\/08\/microsoft-bing-cloaking.png\",\"width\":940,\"height\":640,\"caption\":\"Microsoft Bing Ads Accounts Cloaking\"},{\"@type\":\"BreadcrumbList\",\"@id\":\"https:\/\/cloakmyads.com\/buy\/microsoft-ads-account-bing-cloaking\/#breadcrumb\",\"itemListElement\":[{\"@type\":\"ListItem\",\"position\":1,\"name\":\"Home\",\"item\":\"https:\/\/cloakmyads.com\/\"},{\"@type\":\"ListItem\",\"position\":2,\"name\":\"Shop\",\"item\":\"https:\/\/cloakmyads.com\/ar\/%d9%85%d8%aa%d8%ac%d8%b1\/\"},{\"@type\":\"ListItem\",\"position\":3,\"name\":\"Microsoft Ads Cloaking Accounts\"}]},{\"@type\":\"WebSite\",\"@id\":\"https:\/\/cloakmyads.com\/#website\",\"url\":\"https:\/\/cloakmyads.com\/\",\"name\":\"CloakMyAds\",\"description\":\"\",\"publisher\":{\"@id\":\"https:\/\/cloakmyads.com\/#organization\"},\"potentialAction\":[{\"@type\":\"SearchAction\",\"target\":{\"@type\":\"EntryPoint\",\"urlTemplate\":\"https:\/\/cloakmyads.com\/?s={search_term_string}\"},\"query-input\":{\"@type\":\"PropertyValueSpecification\",\"valueRequired\":true,\"valueName\":\"search_term_string\"}}],\"inLanguage\":\"pl-PL\"},{\"@type\":\"Organization\",\"@id\":\"https:\/\/cloakmyads.com\/#organization\",\"name\":\"Buy Google Ads Accounts\",\"url\":\"https:\/\/cloakmyads.com\/\",\"logo\":{\"@type\":\"ImageObject\",\"inLanguage\":\"pl-PL\",\"@id\":\"https:\/\/cloakmyads.com\/#\/schema\/logo\/image\/\",\"url\":\"https:\/\/cloakmyads.com\/wp-content\/uploads\/2025\/11\/fav-cloak.jpg\",\"contentUrl\":\"https:\/\/cloakmyads.com\/wp-content\/uploads\/2025\/11\/fav-cloak.jpg\",\"width\":512,\"height\":512,\"caption\":\"Buy Google Ads Accounts\"},\"image\":{\"@id\":\"https:\/\/cloakmyads.com\/#\/schema\/logo\/image\/\"}}]}<\/script>\n<!-- \/ Yoast SEO Premium plugin. -->","yoast_head_json":{"title":"Kup konta Microsoft Ads Cloaking - Kryptowaluty i hazard","description":"Kup konta maskuj\u0105ce Microsoft Ads do kampanii kryptowalutowych, hazardowych, bukmacherskich i forex. Zweryfikowane konta maskuj\u0105ce zapewniaj\u0105ce bezpieczne dzia\u0142anie reklam Microsoft Ads.","robots":{"index":"index","follow":"follow","max-snippet":"max-snippet:-1","max-image-preview":"max-image-preview:large","max-video-preview":"max-video-preview:-1"},"canonical":"https:\/\/cloakmyads.com\/pl\/kupowac\/microsoft-ads-account-bing-cloaking\/","og_locale":"pl_PL","og_type":"article","og_title":"Microsoft Ads Cloaking Accounts","og_description":"Buy Microsoft Ads Cloaking Accounts for crypto, gambling, betting, and forex campaigns. Verified cloaking accounts to keep Microsoft Ads running safely.","og_url":"https:\/\/cloakmyads.com\/pl\/kupowac\/microsoft-ads-account-bing-cloaking\/","og_site_name":"CloakMyAds","article_modified_time":"2025-10-03T15:39:05+00:00","og_image":[{"width":940,"height":640,"url":"https:\/\/cloakmyads.com\/wp-content\/uploads\/2022\/08\/microsoft-bing-cloaking.png","type":"image\/png"}],"twitter_card":"summary_large_image","twitter_misc":{"Szacowany czas czytania":"1 minuta"},"schema":{"@context":"https:\/\/schema.org","@graph":[{"@type":"WebPage","@id":"https:\/\/cloakmyads.com\/buy\/microsoft-ads-account-bing-cloaking\/","url":"https:\/\/cloakmyads.com\/buy\/microsoft-ads-account-bing-cloaking\/","name":"Kup konta Microsoft Ads Cloaking - Kryptowaluty i hazard","isPartOf":{"@id":"https:\/\/cloakmyads.com\/#website"},"primaryImageOfPage":{"@id":"https:\/\/cloakmyads.com\/buy\/microsoft-ads-account-bing-cloaking\/#primaryimage"},"image":{"@id":"https:\/\/cloakmyads.com\/buy\/microsoft-ads-account-bing-cloaking\/#primaryimage"},"thumbnailUrl":"https:\/\/cloakmyads.com\/wp-content\/uploads\/2022\/08\/microsoft-bing-cloaking.png","datePublished":"2022-08-30T13:28:57+00:00","dateModified":"2025-10-03T15:39:05+00:00","description":"Kup konta maskuj\u0105ce Microsoft Ads do kampanii kryptowalutowych, hazardowych, bukmacherskich i forex. Zweryfikowane konta maskuj\u0105ce zapewniaj\u0105ce bezpieczne dzia\u0142anie reklam Microsoft Ads.","breadcrumb":{"@id":"https:\/\/cloakmyads.com\/buy\/microsoft-ads-account-bing-cloaking\/#breadcrumb"},"inLanguage":"pl-PL","potentialAction":[{"@type":"ReadAction","target":["https:\/\/cloakmyads.com\/buy\/microsoft-ads-account-bing-cloaking\/"]}]},{"@type":"ImageObject","inLanguage":"pl-PL","@id":"https:\/\/cloakmyads.com\/buy\/microsoft-ads-account-bing-cloaking\/#primaryimage","url":"https:\/\/cloakmyads.com\/wp-content\/uploads\/2022\/08\/microsoft-bing-cloaking.png","contentUrl":"https:\/\/cloakmyads.com\/wp-content\/uploads\/2022\/08\/microsoft-bing-cloaking.png","width":940,"height":640,"caption":"Microsoft Bing Ads Accounts Cloaking"},{"@type":"BreadcrumbList","@id":"https:\/\/cloakmyads.com\/buy\/microsoft-ads-account-bing-cloaking\/#breadcrumb","itemListElement":[{"@type":"ListItem","position":1,"name":"Home","item":"https:\/\/cloakmyads.com\/"},{"@type":"ListItem","position":2,"name":"Shop","item":"https:\/\/cloakmyads.com\/ar\/%d9%85%d8%aa%d8%ac%d8%b1\/"},{"@type":"ListItem","position":3,"name":"Microsoft Ads Cloaking Accounts"}]},{"@type":"WebSite","@id":"https:\/\/cloakmyads.com\/#website","url":"https:\/\/cloakmyads.com\/","name":"CloakMyAds","description":"","publisher":{"@id":"https:\/\/cloakmyads.com\/#organization"},"potentialAction":[{"@type":"SearchAction","target":{"@type":"EntryPoint","urlTemplate":"https:\/\/cloakmyads.com\/?s={search_term_string}"},"query-input":{"@type":"PropertyValueSpecification","valueRequired":true,"valueName":"search_term_string"}}],"inLanguage":"pl-PL"},{"@type":"Organization","@id":"https:\/\/cloakmyads.com\/#organization","name":"Kup konta Google Ads","url":"https:\/\/cloakmyads.com\/","logo":{"@type":"ImageObject","inLanguage":"pl-PL","@id":"https:\/\/cloakmyads.com\/#\/schema\/logo\/image\/","url":"https:\/\/cloakmyads.com\/wp-content\/uploads\/2025\/11\/fav-cloak.jpg","contentUrl":"https:\/\/cloakmyads.com\/wp-content\/uploads\/2025\/11\/fav-cloak.jpg","width":512,"height":512,"caption":"Buy Google Ads Accounts"},"image":{"@id":"https:\/\/cloakmyads.com\/#\/schema\/logo\/image\/"}}]}},"_links":{"self":[{"href":"https:\/\/cloakmyads.com\/pl\/wp-json\/wp\/v2\/product\/3393","targetHints":{"allow":["GET"]}}],"collection":[{"href":"https:\/\/cloakmyads.com\/pl\/wp-json\/wp\/v2\/product"}],"about":[{"href":"https:\/\/cloakmyads.com\/pl\/wp-json\/wp\/v2\/types\/product"}],"version-history":[{"count":10,"href":"https:\/\/cloakmyads.com\/pl\/wp-json\/wp\/v2\/product\/3393\/revisions"}],"predecessor-version":[{"id":9731,"href":"https:\/\/cloakmyads.com\/pl\/wp-json\/wp\/v2\/product\/3393\/revisions\/9731"}],"wp:featuredmedia":[{"embeddable":true,"href":"https:\/\/cloakmyads.com\/pl\/wp-json\/wp\/v2\/media\/9380"}],"wp:attachment":[{"href":"https:\/\/cloakmyads.com\/pl\/wp-json\/wp\/v2\/media?parent=3393"}],"wp:term":[{"taxonomy":"product_brand","embeddable":true,"href":"https:\/\/cloakmyads.com\/pl\/wp-json\/wp\/v2\/product_brand?post=3393"},{"taxonomy":"product_cat","embeddable":true,"href":"https:\/\/cloakmyads.com\/pl\/wp-json\/wp\/v2\/product_cat?post=3393"},{"taxonomy":"product_tag","embeddable":true,"href":"https:\/\/cloakmyads.com\/pl\/wp-json\/wp\/v2\/product_tag?post=3393"}],"curies":[{"name":"wp","href":"https:\/\/api.w.org\/{rel}","templated":true}]}}