{"id":4939,"date":"2024-04-01T17:25:57","date_gmt":"2024-04-01T16:25:57","guid":{"rendered":"https:\/\/rentaccounts.net\/?post_type=product&#038;p=4939"},"modified":"2025-10-03T16:31:22","modified_gmt":"2025-10-03T15:31:22","slug":"acquistare-account-sviluppatore-apple-cloaking","status":"publish","type":"product","link":"https:\/\/cloakmyads.com\/it\/acquistare\/acquistare-account-sviluppatore-apple-cloaking\/","title":{"rendered":"Account di occultamento per gli sviluppatori Apple"},"content":{"rendered":"<p data-start=\"349\" data-end=\"789\">La pubblicazione sull'App Store richiede un account di sviluppatore verificato: senza di esso non \u00e8 possibile inviare applicazioni, eseguire aggiornamenti o gestire inserzioni. Il processo di verifica di Apple \u00e8 rigoroso e richiede molto tempo, e spesso blocca le iscrizioni di persone o aziende prive di credenziali adeguate. Ecco perch\u00e9 gli editori di app, i fornitori di SaaS e le reti di affiliazione pi\u00f9 seri scelgono di <strong data-start=\"711\" data-end=\"743\">acquistare account Apple per sviluppatori<\/strong> che sono gi\u00e0 verificati e pronti all'uso.<\/p>\n<p data-start=\"791\" data-end=\"1166\">Con <strong data-start=\"796\" data-end=\"833\">account di sviluppatore Apple verificati<\/strong>, e si evitano i ritardi, le infinite richieste di verifica e i rifiuti casuali. Questi account sono legati a entit\u00e0 commerciali statunitensi e britanniche, di et\u00e0 compresa tra il 2022 e il 2024 e completamente verificati con telefono, e-mail e dati legali. Ogni account include l'accesso all'Apple Developer Program con la possibilit\u00e0 di pubblicare applicazioni direttamente sull'App Store.<\/p>\n<p data-start=\"1168\" data-end=\"1436\">Se state lanciando un'app iOS conforme, testando pi\u00f9 build o scalando una rete di app, questi account sono l'infrastruttura di cui avete bisogno. Aggiungete le vostre app, gestite i certificati e i profili di provisioning e inviate gli aggiornamenti senza aspettare settimane per l'approvazione.<\/p>\n<p data-start=\"1438\" data-end=\"1613\">Se volete velocit\u00e0, affidabilit\u00e0 e controllo, la soluzione \u00e8 semplice: <strong data-start=\"1507\" data-end=\"1539\">acquistare account Apple per sviluppatori<\/strong> verificati, invecchiati e garantiti pronti per la pubblicazione su App Store.<\/p>","protected":false},"excerpt":{"rendered":"<p>Account Apple Developer verificati, pronti per l'invio di app, le revisioni e le approvazioni rapide, perfetti per il lancio di app nascoste, l'aggiramento delle restrizioni e la distribuzione furtiva.<\/p>","protected":false},"featured_media":9383,"template":"","meta":{"_acf_changed":false},"product_brand":[],"product_cat":[327],"product_tag":[],"class_list":{"0":"post-4939","1":"product","2":"type-product","3":"status-publish","4":"has-post-thumbnail","6":"product_cat-app-accounts","8":"first","9":"instock","10":"purchasable","11":"product-type-simple"},"acf":[],"yoast_head":"<!-- This site is optimized with the Yoast SEO Premium plugin v26.6 (Yoast SEO v26.7) - https:\/\/yoast.com\/wordpress\/plugins\/seo\/ -->\n<title>Buy Apple Developer Cloaking Accounts \u2013 Crypto &amp; Gambling<\/title>\n<meta name=\"description\" content=\"Buy Apple Developer Cloaking Accounts for crypto, gambling, dating and IPTV apps. Verified accounts to publish high-risk iOS apps and scale campaigns.\" \/>\n<meta name=\"robots\" content=\"index, follow, max-snippet:-1, max-image-preview:large, max-video-preview:-1\" \/>\n<link rel=\"canonical\" href=\"https:\/\/cloakmyads.com\/it\/acquistare\/acquistare-account-sviluppatore-apple-cloaking\/\" \/>\n<meta property=\"og:locale\" content=\"it_IT\" \/>\n<meta property=\"og:type\" content=\"article\" \/>\n<meta property=\"og:title\" content=\"Apple Developer Cloaking Accounts\" \/>\n<meta property=\"og:description\" content=\"Buy Apple Developer Cloaking Accounts for crypto, gambling, dating and IPTV apps. Verified accounts to publish high-risk iOS apps and scale campaigns.\" \/>\n<meta property=\"og:url\" content=\"https:\/\/cloakmyads.com\/it\/acquistare\/acquistare-account-sviluppatore-apple-cloaking\/\" \/>\n<meta property=\"og:site_name\" content=\"CloakMyAds\" \/>\n<meta property=\"article:modified_time\" content=\"2025-10-03T15:31:22+00:00\" \/>\n<meta property=\"og:image\" content=\"https:\/\/cloakmyads.com\/wp-content\/uploads\/2024\/04\/apple-developer-accounts-cloaking.png\" \/>\n\t<meta property=\"og:image:width\" content=\"940\" \/>\n\t<meta property=\"og:image:height\" content=\"640\" \/>\n\t<meta property=\"og:image:type\" content=\"image\/png\" \/>\n<meta name=\"twitter:card\" content=\"summary_large_image\" \/>\n<meta name=\"twitter:label1\" content=\"Tempo di lettura stimato\" \/>\n\t<meta name=\"twitter:data1\" content=\"2 minuti\" \/>\n<script type=\"application\/ld+json\" class=\"yoast-schema-graph\">{\"@context\":\"https:\/\/schema.org\",\"@graph\":[{\"@type\":\"WebPage\",\"@id\":\"https:\/\/cloakmyads.com\/buy\/buy-apple-developer-accounts-cloaking\/\",\"url\":\"https:\/\/cloakmyads.com\/buy\/buy-apple-developer-accounts-cloaking\/\",\"name\":\"Buy Apple Developer Cloaking Accounts \u2013 Crypto & Gambling\",\"isPartOf\":{\"@id\":\"https:\/\/cloakmyads.com\/#website\"},\"primaryImageOfPage\":{\"@id\":\"https:\/\/cloakmyads.com\/buy\/buy-apple-developer-accounts-cloaking\/#primaryimage\"},\"image\":{\"@id\":\"https:\/\/cloakmyads.com\/buy\/buy-apple-developer-accounts-cloaking\/#primaryimage\"},\"thumbnailUrl\":\"https:\/\/cloakmyads.com\/wp-content\/uploads\/2024\/04\/apple-developer-accounts-cloaking.png\",\"datePublished\":\"2024-04-01T16:25:57+00:00\",\"dateModified\":\"2025-10-03T15:31:22+00:00\",\"description\":\"Buy Apple Developer Cloaking Accounts for crypto, gambling, dating and IPTV apps. Verified accounts to publish high-risk iOS apps and scale campaigns.\",\"breadcrumb\":{\"@id\":\"https:\/\/cloakmyads.com\/buy\/buy-apple-developer-accounts-cloaking\/#breadcrumb\"},\"inLanguage\":\"it-IT\",\"potentialAction\":[{\"@type\":\"ReadAction\",\"target\":[\"https:\/\/cloakmyads.com\/buy\/buy-apple-developer-accounts-cloaking\/\"]}]},{\"@type\":\"ImageObject\",\"inLanguage\":\"it-IT\",\"@id\":\"https:\/\/cloakmyads.com\/buy\/buy-apple-developer-accounts-cloaking\/#primaryimage\",\"url\":\"https:\/\/cloakmyads.com\/wp-content\/uploads\/2024\/04\/apple-developer-accounts-cloaking.png\",\"contentUrl\":\"https:\/\/cloakmyads.com\/wp-content\/uploads\/2024\/04\/apple-developer-accounts-cloaking.png\",\"width\":940,\"height\":640},{\"@type\":\"BreadcrumbList\",\"@id\":\"https:\/\/cloakmyads.com\/buy\/buy-apple-developer-accounts-cloaking\/#breadcrumb\",\"itemListElement\":[{\"@type\":\"ListItem\",\"position\":1,\"name\":\"Home\",\"item\":\"https:\/\/cloakmyads.com\/\"},{\"@type\":\"ListItem\",\"position\":2,\"name\":\"Shop\",\"item\":\"https:\/\/cloakmyads.com\/ar\/%d9%85%d8%aa%d8%ac%d8%b1\/\"},{\"@type\":\"ListItem\",\"position\":3,\"name\":\"Apple Developer Cloaking Accounts\"}]},{\"@type\":\"WebSite\",\"@id\":\"https:\/\/cloakmyads.com\/#website\",\"url\":\"https:\/\/cloakmyads.com\/\",\"name\":\"CloakMyAds\",\"description\":\"\",\"publisher\":{\"@id\":\"https:\/\/cloakmyads.com\/#organization\"},\"potentialAction\":[{\"@type\":\"SearchAction\",\"target\":{\"@type\":\"EntryPoint\",\"urlTemplate\":\"https:\/\/cloakmyads.com\/?s={search_term_string}\"},\"query-input\":{\"@type\":\"PropertyValueSpecification\",\"valueRequired\":true,\"valueName\":\"search_term_string\"}}],\"inLanguage\":\"it-IT\"},{\"@type\":\"Organization\",\"@id\":\"https:\/\/cloakmyads.com\/#organization\",\"name\":\"Buy Google Ads Accounts\",\"url\":\"https:\/\/cloakmyads.com\/\",\"logo\":{\"@type\":\"ImageObject\",\"inLanguage\":\"it-IT\",\"@id\":\"https:\/\/cloakmyads.com\/#\/schema\/logo\/image\/\",\"url\":\"https:\/\/cloakmyads.com\/wp-content\/uploads\/2025\/11\/fav-cloak.jpg\",\"contentUrl\":\"https:\/\/cloakmyads.com\/wp-content\/uploads\/2025\/11\/fav-cloak.jpg\",\"width\":512,\"height\":512,\"caption\":\"Buy Google Ads Accounts\"},\"image\":{\"@id\":\"https:\/\/cloakmyads.com\/#\/schema\/logo\/image\/\"}}]}<\/script>\n<!-- \/ Yoast SEO Premium plugin. -->","yoast_head_json":{"title":"Acquistare account di occultamento per sviluppatori Apple - Criptovalute e gioco d'azzardo","description":"Acquistate account di occultamento per sviluppatori Apple per applicazioni di criptovalute, gioco d'azzardo, incontri e IPTV. Account verificati per pubblicare app iOS ad alto rischio e scalare le campagne.","robots":{"index":"index","follow":"follow","max-snippet":"max-snippet:-1","max-image-preview":"max-image-preview:large","max-video-preview":"max-video-preview:-1"},"canonical":"https:\/\/cloakmyads.com\/it\/acquistare\/acquistare-account-sviluppatore-apple-cloaking\/","og_locale":"it_IT","og_type":"article","og_title":"Apple Developer Cloaking Accounts","og_description":"Buy Apple Developer Cloaking Accounts for crypto, gambling, dating and IPTV apps. Verified accounts to publish high-risk iOS apps and scale campaigns.","og_url":"https:\/\/cloakmyads.com\/it\/acquistare\/acquistare-account-sviluppatore-apple-cloaking\/","og_site_name":"CloakMyAds","article_modified_time":"2025-10-03T15:31:22+00:00","og_image":[{"width":940,"height":640,"url":"https:\/\/cloakmyads.com\/wp-content\/uploads\/2024\/04\/apple-developer-accounts-cloaking.png","type":"image\/png"}],"twitter_card":"summary_large_image","twitter_misc":{"Tempo di lettura stimato":"2 minuti"},"schema":{"@context":"https:\/\/schema.org","@graph":[{"@type":"WebPage","@id":"https:\/\/cloakmyads.com\/buy\/buy-apple-developer-accounts-cloaking\/","url":"https:\/\/cloakmyads.com\/buy\/buy-apple-developer-accounts-cloaking\/","name":"Acquistare account di occultamento per sviluppatori Apple - Criptovalute e gioco d'azzardo","isPartOf":{"@id":"https:\/\/cloakmyads.com\/#website"},"primaryImageOfPage":{"@id":"https:\/\/cloakmyads.com\/buy\/buy-apple-developer-accounts-cloaking\/#primaryimage"},"image":{"@id":"https:\/\/cloakmyads.com\/buy\/buy-apple-developer-accounts-cloaking\/#primaryimage"},"thumbnailUrl":"https:\/\/cloakmyads.com\/wp-content\/uploads\/2024\/04\/apple-developer-accounts-cloaking.png","datePublished":"2024-04-01T16:25:57+00:00","dateModified":"2025-10-03T15:31:22+00:00","description":"Acquistate account di occultamento per sviluppatori Apple per applicazioni di criptovalute, gioco d'azzardo, incontri e IPTV. Account verificati per pubblicare app iOS ad alto rischio e scalare le campagne.","breadcrumb":{"@id":"https:\/\/cloakmyads.com\/buy\/buy-apple-developer-accounts-cloaking\/#breadcrumb"},"inLanguage":"it-IT","potentialAction":[{"@type":"ReadAction","target":["https:\/\/cloakmyads.com\/buy\/buy-apple-developer-accounts-cloaking\/"]}]},{"@type":"ImageObject","inLanguage":"it-IT","@id":"https:\/\/cloakmyads.com\/buy\/buy-apple-developer-accounts-cloaking\/#primaryimage","url":"https:\/\/cloakmyads.com\/wp-content\/uploads\/2024\/04\/apple-developer-accounts-cloaking.png","contentUrl":"https:\/\/cloakmyads.com\/wp-content\/uploads\/2024\/04\/apple-developer-accounts-cloaking.png","width":940,"height":640},{"@type":"BreadcrumbList","@id":"https:\/\/cloakmyads.com\/buy\/buy-apple-developer-accounts-cloaking\/#breadcrumb","itemListElement":[{"@type":"ListItem","position":1,"name":"Home","item":"https:\/\/cloakmyads.com\/"},{"@type":"ListItem","position":2,"name":"Shop","item":"https:\/\/cloakmyads.com\/ar\/%d9%85%d8%aa%d8%ac%d8%b1\/"},{"@type":"ListItem","position":3,"name":"Apple Developer Cloaking Accounts"}]},{"@type":"WebSite","@id":"https:\/\/cloakmyads.com\/#website","url":"https:\/\/cloakmyads.com\/","name":"CloakMyAds","description":"","publisher":{"@id":"https:\/\/cloakmyads.com\/#organization"},"potentialAction":[{"@type":"SearchAction","target":{"@type":"EntryPoint","urlTemplate":"https:\/\/cloakmyads.com\/?s={search_term_string}"},"query-input":{"@type":"PropertyValueSpecification","valueRequired":true,"valueName":"search_term_string"}}],"inLanguage":"it-IT"},{"@type":"Organization","@id":"https:\/\/cloakmyads.com\/#organization","name":"Acquistare account Google Ads","url":"https:\/\/cloakmyads.com\/","logo":{"@type":"ImageObject","inLanguage":"it-IT","@id":"https:\/\/cloakmyads.com\/#\/schema\/logo\/image\/","url":"https:\/\/cloakmyads.com\/wp-content\/uploads\/2025\/11\/fav-cloak.jpg","contentUrl":"https:\/\/cloakmyads.com\/wp-content\/uploads\/2025\/11\/fav-cloak.jpg","width":512,"height":512,"caption":"Buy Google Ads Accounts"},"image":{"@id":"https:\/\/cloakmyads.com\/#\/schema\/logo\/image\/"}}]}},"_links":{"self":[{"href":"https:\/\/cloakmyads.com\/it\/wp-json\/wp\/v2\/product\/4939","targetHints":{"allow":["GET"]}}],"collection":[{"href":"https:\/\/cloakmyads.com\/it\/wp-json\/wp\/v2\/product"}],"about":[{"href":"https:\/\/cloakmyads.com\/it\/wp-json\/wp\/v2\/types\/product"}],"version-history":[{"count":5,"href":"https:\/\/cloakmyads.com\/it\/wp-json\/wp\/v2\/product\/4939\/revisions"}],"predecessor-version":[{"id":9753,"href":"https:\/\/cloakmyads.com\/it\/wp-json\/wp\/v2\/product\/4939\/revisions\/9753"}],"wp:featuredmedia":[{"embeddable":true,"href":"https:\/\/cloakmyads.com\/it\/wp-json\/wp\/v2\/media\/9383"}],"wp:attachment":[{"href":"https:\/\/cloakmyads.com\/it\/wp-json\/wp\/v2\/media?parent=4939"}],"wp:term":[{"taxonomy":"product_brand","embeddable":true,"href":"https:\/\/cloakmyads.com\/it\/wp-json\/wp\/v2\/product_brand?post=4939"},{"taxonomy":"product_cat","embeddable":true,"href":"https:\/\/cloakmyads.com\/it\/wp-json\/wp\/v2\/product_cat?post=4939"},{"taxonomy":"product_tag","embeddable":true,"href":"https:\/\/cloakmyads.com\/it\/wp-json\/wp\/v2\/product_tag?post=4939"}],"curies":[{"name":"wp","href":"https:\/\/api.w.org\/{rel}","templated":true}]}}