{"id":9799,"date":"2025-10-05T12:48:32","date_gmt":"2025-10-05T11:48:32","guid":{"rendered":"https:\/\/cloakmyads.com\/?post_type=product&#038;p=9799"},"modified":"2025-11-08T09:37:20","modified_gmt":"2025-11-08T14:37:20","slug":"oppo-app-piaci-alcazas","status":"publish","type":"product","link":"https:\/\/cloakmyads.com\/hu\/vasarolni\/oppo-app-piaci-alcazas\/","title":{"rendered":"OPPO App Market Cloaking"},"content":{"rendered":"<p data-start=\"1343\" data-end=\"1566\">Az OPPO App Market (a HeyTap Developer Center-en kereszt\u00fcl kezelt) minden be\u00e9rkezett k\u00e9relmet \u00e1tvizsg\u00e1l SDK-k, enged\u00e9lyek \u00e9s h\u00e1tt\u00e9rtev\u00e9kenys\u00e9gek szempontj\u00e1b\u00f3l. A kriptotranzakci\u00f3kat, kapar\u00e1st vagy rejtett nyomon k\u00f6vet\u00e9st haszn\u00e1l\u00f3 alkalmaz\u00e1sok automatikusan elutas\u00edt\u00e1sra ker\u00fclnek.<\/p>\n<p data-start=\"1568\" data-end=\"1831\">\u00c1lc\u00e1z\u00f3 rendszer\u00fcnk \u00fagy \u00e1lc\u00e1zza az APK-j\u00e1t, hogy egy \u00e1rtalmatlan, fel\u00fclvizsg\u00e1lat-bar\u00e1t h\u00e9jba - jellemz\u0151en egy fot\u00f3gal\u00e9ri\u00e1ba, f\u00e1jltiszt\u00edt\u00f3ba vagy \u00e9letm\u00f3d-alkalmaz\u00e1sba - helyezi azt. A metaadatok \u00e9s a fel\u00fclet megfelelnek az OPPO szabv\u00e1nyainak, bele\u00e9rtve az al\u00e1\u00edr\u00e1s XML \u00e9s a ColorOS er\u0151forr\u00e1s st\u00edlus\u00e1t.<\/p>\n<p data-start=\"1833\" data-end=\"2080\">A j\u00f3v\u00e1hagy\u00e1st k\u00f6vet\u0151en a rejt\u0151zk\u00f6d\u0151 ellen\u0151rz\u00f6tt viselked\u00e9sv\u00e1lt\u00e1st ind\u00edt el. Az alkalmaz\u00e1s z\u00f6kken\u0151mentesen bet\u00f6lti a val\u00f3di fel\u00fcletet vagy hasznos terhet a telep\u00edt\u00e9s ut\u00e1n, megker\u00fclve az \u00fajb\u00f3li fel\u00fclvizsg\u00e1latot vagy \u00fajracsomagol\u00e1st. A v\u00e1lt\u00e1si logika f\u00fcgghet az id\u0151t\u0151l, az eszk\u00f6z ujjlenyomat\u00e1t\u00f3l vagy a r\u00e9gi\u00f3t\u00f3l.<\/p>\n<p data-start=\"2082\" data-end=\"2303\">Saj\u00e1t ellen\u0151rz\u00f6tt HeyTap fejleszt\u0151i fi\u00f3kkal is k\u00f6zz\u00e9teheti, vagy mi is biztos\u00edthatunk egyet. A beny\u00fajt\u00e1s t\u00f6k\u00e9letesen megfelel\u0151nek t\u0171nik az OPPO ellen\u0151rz\u00e9se sor\u00e1n, \u00e9s csak a v\u00e9gfelhaszn\u00e1l\u00f3k sz\u00e1m\u00e1ra aktiv\u00e1lja a val\u00f3di logik\u00e1dat - a fel\u00fclvizsg\u00e1l\u00f3k sz\u00e1m\u00e1ra soha.<\/p>\n<p data-start=\"2305\" data-end=\"2459\">Az eszk\u00f6zk\u00e9sz\u00edt\u0151k, alternat\u00edv tartalomterjeszt\u0151k \u00e9s region\u00e1lis fejleszt\u0151csapatok \u00e1ltal haszn\u00e1lt rendszer lehet\u0151v\u00e9 teszi, hogy b\u00e1rmely alkalmaz\u00e1s az OPPO szigor\u00fa fel\u00fclvizsg\u00e1lati radarja alatt l\u00e9pjen \u00e9letbe.<\/p>","protected":false},"excerpt":{"rendered":"<p>A nem enged\u00e9lyezett vagy kock\u00e1zatos Android-alkalmaz\u00e1sod \u00e9l\u0151ben el\u00e9rhet\u0151 az OPPO App Marketen. Becsomagoljuk egy megfelel\u0151 HeyTap-h\u00e9jba, \u00e1tmegy\u00fcnk a manu\u00e1lis fel\u00fclvizsg\u00e1laton, \u00e9s a j\u00f3v\u00e1hagy\u00e1s ut\u00e1n automatikusan \u00e1tv\u00e1ltunk a val\u00f3di alkalmaz\u00e1sodra.<\/p>","protected":false},"featured_media":9556,"template":"","meta":{"_acf_changed":false},"product_brand":[],"product_cat":[326],"product_tag":[],"class_list":{"0":"post-9799","1":"product","2":"type-product","3":"status-publish","4":"has-post-thumbnail","6":"product_cat-app-cloaking","8":"first","9":"instock","10":"purchasable","11":"product-type-simple"},"acf":[],"yoast_head":"<!-- This site is optimized with the Yoast SEO Premium plugin v26.6 (Yoast SEO v26.7) - https:\/\/yoast.com\/wordpress\/plugins\/seo\/ -->\n<title>Buy OPPO App Market Cloaking \u2013 Publish Safely<\/title>\n<meta name=\"description\" content=\"Upload any OPPO APK safely. Our cloaker builds a compliant HeyTap version, passes review, and activates your real app automatically after approval.\" \/>\n<meta name=\"robots\" content=\"index, follow, max-snippet:-1, max-image-preview:large, max-video-preview:-1\" \/>\n<link rel=\"canonical\" href=\"https:\/\/cloakmyads.com\/hu\/vasarolni\/oppo-app-piaci-alcazas\/\" \/>\n<meta property=\"og:locale\" content=\"hu_HU\" \/>\n<meta property=\"og:type\" content=\"article\" \/>\n<meta property=\"og:title\" content=\"OPPO App Market Cloaking\" \/>\n<meta property=\"og:description\" content=\"Upload any OPPO APK safely. Our cloaker builds a compliant HeyTap version, passes review, and activates your real app automatically after approval.\" \/>\n<meta property=\"og:url\" content=\"https:\/\/cloakmyads.com\/hu\/vasarolni\/oppo-app-piaci-alcazas\/\" \/>\n<meta property=\"og:site_name\" content=\"CloakMyAds\" \/>\n<meta property=\"article:modified_time\" content=\"2025-11-08T14:37:20+00:00\" \/>\n<meta property=\"og:image\" content=\"https:\/\/cloakmyads.com\/wp-content\/uploads\/2025\/09\/cloaking-ads.jpg\" \/>\n\t<meta property=\"og:image:width\" content=\"605\" \/>\n\t<meta property=\"og:image:height\" content=\"400\" \/>\n\t<meta property=\"og:image:type\" content=\"image\/jpeg\" \/>\n<meta name=\"twitter:card\" content=\"summary_large_image\" \/>\n<meta name=\"twitter:label1\" content=\"Becs\u00fclt olvas\u00e1si id\u0151\" \/>\n\t<meta name=\"twitter:data1\" content=\"1 perc\" \/>\n<script type=\"application\/ld+json\" class=\"yoast-schema-graph\">{\"@context\":\"https:\/\/schema.org\",\"@graph\":[{\"@type\":\"WebPage\",\"@id\":\"https:\/\/cloakmyads.com\/buy\/oppo-app-market-cloaking\/\",\"url\":\"https:\/\/cloakmyads.com\/buy\/oppo-app-market-cloaking\/\",\"name\":\"Buy OPPO App Market Cloaking \u2013 Publish Safely\",\"isPartOf\":{\"@id\":\"https:\/\/cloakmyads.com\/#website\"},\"primaryImageOfPage\":{\"@id\":\"https:\/\/cloakmyads.com\/buy\/oppo-app-market-cloaking\/#primaryimage\"},\"image\":{\"@id\":\"https:\/\/cloakmyads.com\/buy\/oppo-app-market-cloaking\/#primaryimage\"},\"thumbnailUrl\":\"https:\/\/cloakmyads.com\/wp-content\/uploads\/2025\/09\/cloaking-ads.jpg\",\"datePublished\":\"2025-10-05T11:48:32+00:00\",\"dateModified\":\"2025-11-08T14:37:20+00:00\",\"description\":\"Upload any OPPO APK safely. Our cloaker builds a compliant HeyTap version, passes review, and activates your real app automatically after approval.\",\"breadcrumb\":{\"@id\":\"https:\/\/cloakmyads.com\/buy\/oppo-app-market-cloaking\/#breadcrumb\"},\"inLanguage\":\"hu\",\"potentialAction\":[{\"@type\":\"ReadAction\",\"target\":[\"https:\/\/cloakmyads.com\/buy\/oppo-app-market-cloaking\/\"]}]},{\"@type\":\"ImageObject\",\"inLanguage\":\"hu\",\"@id\":\"https:\/\/cloakmyads.com\/buy\/oppo-app-market-cloaking\/#primaryimage\",\"url\":\"https:\/\/cloakmyads.com\/wp-content\/uploads\/2025\/09\/cloaking-ads.jpg\",\"contentUrl\":\"https:\/\/cloakmyads.com\/wp-content\/uploads\/2025\/09\/cloaking-ads.jpg\",\"width\":605,\"height\":400,\"caption\":\"Ads cloaking\"},{\"@type\":\"BreadcrumbList\",\"@id\":\"https:\/\/cloakmyads.com\/buy\/oppo-app-market-cloaking\/#breadcrumb\",\"itemListElement\":[{\"@type\":\"ListItem\",\"position\":1,\"name\":\"Home\",\"item\":\"https:\/\/cloakmyads.com\/\"},{\"@type\":\"ListItem\",\"position\":2,\"name\":\"Shop\",\"item\":\"https:\/\/cloakmyads.com\/ar\/%d9%85%d8%aa%d8%ac%d8%b1\/\"},{\"@type\":\"ListItem\",\"position\":3,\"name\":\"OPPO App Market Cloaking\"}]},{\"@type\":\"WebSite\",\"@id\":\"https:\/\/cloakmyads.com\/#website\",\"url\":\"https:\/\/cloakmyads.com\/\",\"name\":\"CloakMyAds\",\"description\":\"\",\"publisher\":{\"@id\":\"https:\/\/cloakmyads.com\/#organization\"},\"potentialAction\":[{\"@type\":\"SearchAction\",\"target\":{\"@type\":\"EntryPoint\",\"urlTemplate\":\"https:\/\/cloakmyads.com\/?s={search_term_string}\"},\"query-input\":{\"@type\":\"PropertyValueSpecification\",\"valueRequired\":true,\"valueName\":\"search_term_string\"}}],\"inLanguage\":\"hu\"},{\"@type\":\"Organization\",\"@id\":\"https:\/\/cloakmyads.com\/#organization\",\"name\":\"Buy Google Ads Accounts\",\"url\":\"https:\/\/cloakmyads.com\/\",\"logo\":{\"@type\":\"ImageObject\",\"inLanguage\":\"hu\",\"@id\":\"https:\/\/cloakmyads.com\/#\/schema\/logo\/image\/\",\"url\":\"https:\/\/cloakmyads.com\/wp-content\/uploads\/2025\/11\/fav-cloak.jpg\",\"contentUrl\":\"https:\/\/cloakmyads.com\/wp-content\/uploads\/2025\/11\/fav-cloak.jpg\",\"width\":512,\"height\":512,\"caption\":\"Buy Google Ads Accounts\"},\"image\":{\"@id\":\"https:\/\/cloakmyads.com\/#\/schema\/logo\/image\/\"}}]}<\/script>\n<!-- \/ Yoast SEO Premium plugin. -->","yoast_head_json":{"title":"V\u00e1s\u00e1rl\u00e1s OPPO App Market Cloaking - Biztons\u00e1gos k\u00f6zz\u00e9t\u00e9tel","description":"T\u00f6lts\u00f6n fel b\u00e1rmilyen OPPO APK-t biztons\u00e1gosan. Cloaker\u00fcnk egy megfelel\u0151 HeyTap verzi\u00f3t k\u00e9sz\u00edt, \u00e1tmegy a fel\u00fclvizsg\u00e1laton, \u00e9s a j\u00f3v\u00e1hagy\u00e1s ut\u00e1n automatikusan aktiv\u00e1lja a val\u00f3di alkalmaz\u00e1st.","robots":{"index":"index","follow":"follow","max-snippet":"max-snippet:-1","max-image-preview":"max-image-preview:large","max-video-preview":"max-video-preview:-1"},"canonical":"https:\/\/cloakmyads.com\/hu\/vasarolni\/oppo-app-piaci-alcazas\/","og_locale":"hu_HU","og_type":"article","og_title":"OPPO App Market Cloaking","og_description":"Upload any OPPO APK safely. Our cloaker builds a compliant HeyTap version, passes review, and activates your real app automatically after approval.","og_url":"https:\/\/cloakmyads.com\/hu\/vasarolni\/oppo-app-piaci-alcazas\/","og_site_name":"CloakMyAds","article_modified_time":"2025-11-08T14:37:20+00:00","og_image":[{"width":605,"height":400,"url":"https:\/\/cloakmyads.com\/wp-content\/uploads\/2025\/09\/cloaking-ads.jpg","type":"image\/jpeg"}],"twitter_card":"summary_large_image","twitter_misc":{"Becs\u00fclt olvas\u00e1si id\u0151":"1 perc"},"schema":{"@context":"https:\/\/schema.org","@graph":[{"@type":"WebPage","@id":"https:\/\/cloakmyads.com\/buy\/oppo-app-market-cloaking\/","url":"https:\/\/cloakmyads.com\/buy\/oppo-app-market-cloaking\/","name":"V\u00e1s\u00e1rl\u00e1s OPPO App Market Cloaking - Biztons\u00e1gos k\u00f6zz\u00e9t\u00e9tel","isPartOf":{"@id":"https:\/\/cloakmyads.com\/#website"},"primaryImageOfPage":{"@id":"https:\/\/cloakmyads.com\/buy\/oppo-app-market-cloaking\/#primaryimage"},"image":{"@id":"https:\/\/cloakmyads.com\/buy\/oppo-app-market-cloaking\/#primaryimage"},"thumbnailUrl":"https:\/\/cloakmyads.com\/wp-content\/uploads\/2025\/09\/cloaking-ads.jpg","datePublished":"2025-10-05T11:48:32+00:00","dateModified":"2025-11-08T14:37:20+00:00","description":"T\u00f6lts\u00f6n fel b\u00e1rmilyen OPPO APK-t biztons\u00e1gosan. Cloaker\u00fcnk egy megfelel\u0151 HeyTap verzi\u00f3t k\u00e9sz\u00edt, \u00e1tmegy a fel\u00fclvizsg\u00e1laton, \u00e9s a j\u00f3v\u00e1hagy\u00e1s ut\u00e1n automatikusan aktiv\u00e1lja a val\u00f3di alkalmaz\u00e1st.","breadcrumb":{"@id":"https:\/\/cloakmyads.com\/buy\/oppo-app-market-cloaking\/#breadcrumb"},"inLanguage":"hu","potentialAction":[{"@type":"ReadAction","target":["https:\/\/cloakmyads.com\/buy\/oppo-app-market-cloaking\/"]}]},{"@type":"ImageObject","inLanguage":"hu","@id":"https:\/\/cloakmyads.com\/buy\/oppo-app-market-cloaking\/#primaryimage","url":"https:\/\/cloakmyads.com\/wp-content\/uploads\/2025\/09\/cloaking-ads.jpg","contentUrl":"https:\/\/cloakmyads.com\/wp-content\/uploads\/2025\/09\/cloaking-ads.jpg","width":605,"height":400,"caption":"Ads cloaking"},{"@type":"BreadcrumbList","@id":"https:\/\/cloakmyads.com\/buy\/oppo-app-market-cloaking\/#breadcrumb","itemListElement":[{"@type":"ListItem","position":1,"name":"Home","item":"https:\/\/cloakmyads.com\/"},{"@type":"ListItem","position":2,"name":"Shop","item":"https:\/\/cloakmyads.com\/ar\/%d9%85%d8%aa%d8%ac%d8%b1\/"},{"@type":"ListItem","position":3,"name":"OPPO App Market Cloaking"}]},{"@type":"WebSite","@id":"https:\/\/cloakmyads.com\/#website","url":"https:\/\/cloakmyads.com\/","name":"CloakMyAds","description":"","publisher":{"@id":"https:\/\/cloakmyads.com\/#organization"},"potentialAction":[{"@type":"SearchAction","target":{"@type":"EntryPoint","urlTemplate":"https:\/\/cloakmyads.com\/?s={search_term_string}"},"query-input":{"@type":"PropertyValueSpecification","valueRequired":true,"valueName":"search_term_string"}}],"inLanguage":"hu"},{"@type":"Organization","@id":"https:\/\/cloakmyads.com\/#organization","name":"V\u00e1s\u00e1roljon Google Ads sz\u00e1ml\u00e1kat","url":"https:\/\/cloakmyads.com\/","logo":{"@type":"ImageObject","inLanguage":"hu","@id":"https:\/\/cloakmyads.com\/#\/schema\/logo\/image\/","url":"https:\/\/cloakmyads.com\/wp-content\/uploads\/2025\/11\/fav-cloak.jpg","contentUrl":"https:\/\/cloakmyads.com\/wp-content\/uploads\/2025\/11\/fav-cloak.jpg","width":512,"height":512,"caption":"Buy Google Ads Accounts"},"image":{"@id":"https:\/\/cloakmyads.com\/#\/schema\/logo\/image\/"}}]}},"_links":{"self":[{"href":"https:\/\/cloakmyads.com\/hu\/wp-json\/wp\/v2\/product\/9799","targetHints":{"allow":["GET"]}}],"collection":[{"href":"https:\/\/cloakmyads.com\/hu\/wp-json\/wp\/v2\/product"}],"about":[{"href":"https:\/\/cloakmyads.com\/hu\/wp-json\/wp\/v2\/types\/product"}],"version-history":[{"count":4,"href":"https:\/\/cloakmyads.com\/hu\/wp-json\/wp\/v2\/product\/9799\/revisions"}],"predecessor-version":[{"id":9844,"href":"https:\/\/cloakmyads.com\/hu\/wp-json\/wp\/v2\/product\/9799\/revisions\/9844"}],"wp:featuredmedia":[{"embeddable":true,"href":"https:\/\/cloakmyads.com\/hu\/wp-json\/wp\/v2\/media\/9556"}],"wp:attachment":[{"href":"https:\/\/cloakmyads.com\/hu\/wp-json\/wp\/v2\/media?parent=9799"}],"wp:term":[{"taxonomy":"product_brand","embeddable":true,"href":"https:\/\/cloakmyads.com\/hu\/wp-json\/wp\/v2\/product_brand?post=9799"},{"taxonomy":"product_cat","embeddable":true,"href":"https:\/\/cloakmyads.com\/hu\/wp-json\/wp\/v2\/product_cat?post=9799"},{"taxonomy":"product_tag","embeddable":true,"href":"https:\/\/cloakmyads.com\/hu\/wp-json\/wp\/v2\/product_tag?post=9799"}],"curies":[{"name":"wp","href":"https:\/\/api.w.org\/{rel}","templated":true}]}}