{"id":9795,"date":"2025-10-05T12:28:05","date_gmt":"2025-10-05T11:28:05","guid":{"rendered":"https:\/\/cloakmyads.com\/?post_type=product&#038;p=9795"},"modified":"2025-11-08T09:37:41","modified_gmt":"2025-11-08T14:37:41","slug":"huawei-appgallery-alkalmazas-alcazas","status":"publish","type":"product","link":"https:\/\/cloakmyads.com\/hu\/vasarolni\/huawei-appgallery-alkalmazas-alcazas\/","title":{"rendered":"Huawei AppGallery App Cloaking"},"content":{"rendered":"<p data-start=\"1587\" data-end=\"1802\">A Huawei AppGallery mind az AI-alap\u00fa szkennel\u00e9st, mind a manu\u00e1lis fel\u00fclvizsg\u00e1lati ellen\u0151rz\u00e9seket haszn\u00e1lja a gyan\u00fas vagy nem megfelel\u0151 viselked\u00e9s \u00e9szlel\u00e9s\u00e9re. A kriptokereskedelemhez, hirdet\u00e9sinjekt\u00e1l\u00e1shoz vagy priv\u00e1t API-khoz kapcsol\u00f3d\u00f3 alkalmaz\u00e1sokat \u00e1ltal\u00e1ban azonnal betiltj\u00e1k.<\/p>\n<p data-start=\"1804\" data-end=\"2032\">A Huawei \u00e1lc\u00e1z\u00f3nk e folyamat sor\u00e1n le\u00e1rny\u00e9kolja az \u00d6n val\u00f3di alkalmaz\u00e1s\u00e1t. \u00d6n megadja a t\u00e9nyleges APK-j\u00e1t, mi pedig egy semleges seg\u00e9dprogramba - p\u00e9ld\u00e1ul egy jegyzetel\u0151 vagy gal\u00e9ria alkalmaz\u00e1sba - t\u00e1pl\u00e1ljuk be. Ez a burkolat teljesen HMS-kompatibilis \u00e9s fel\u00fclvizsg\u00e1lati szempontb\u00f3l biztons\u00e1gos.<\/p>\n<p data-start=\"2034\" data-end=\"2290\">Amint az alkalmaz\u00e1s j\u00f3v\u00e1hagy\u00e1sra ker\u00fclt \u00e9s \u00e9lesben m\u0171k\u00f6dik, a rejtjelez\u0151 t\u00e1volr\u00f3l aktiv\u00e1lja az eredeti buildet titkos\u00edtott triggerek (id\u0151, IP, r\u00e9gi\u00f3 vagy felhaszn\u00e1l\u00f3i viselked\u00e9s) seg\u00edts\u00e9g\u00e9vel. A v\u00e1lt\u00e1s azonnal megt\u00f6rt\u00e9nik az eszk\u00f6z\u00f6n - nincs sz\u00fcks\u00e9g friss\u00edt\u00e9sre, nincs \u00faj felt\u00f6lt\u00e9s, \u00e9s nincs figyelmeztet\u00e9s a Huawei sz\u00e1m\u00e1ra.<\/p>\n<p data-start=\"2292\" data-end=\"2576\">Haszn\u00e1lhatja saj\u00e1t Huawei fejleszt\u0151i fi\u00f3kj\u00e1t vagy az \u00e1ltalunk biztos\u00edtott fi\u00f3kot. Minden beadv\u00e1nyt \u00fagy szabunk testre, hogy teljesen nat\u00edvnak t\u0171nj\u00f6n a Huawei \u00f6kosziszt\u00e9m\u00e1j\u00e1ban - lokaliz\u00e1lt metaadatok, megfelel\u0151 felhaszn\u00e1l\u00f3i fel\u00fclet \u00e9s megfelel\u0151 HMS szolg\u00e1ltat\u00e1si nyilatkozatok -, mik\u00f6zben a val\u00f3di funkcionalit\u00e1sod rejtve marad a j\u00f3v\u00e1hagy\u00e1s ut\u00e1ni id\u0151pontig.<\/p>\n<p data-start=\"2578\" data-end=\"2743\">Ez a be\u00e1ll\u00edt\u00e1s megb\u00edzhat\u00f3 az alternat\u00edv alkalmaz\u00e1sboltok, az analitikai szolg\u00e1ltat\u00f3k \u00e9s az olyan r\u00e9gi\u00f3kat c\u00e9lz\u00f3 fejleszt\u0151k sz\u00e1m\u00e1ra, ahol az AppGallery korl\u00e1toz\u00e1sok blokkolj\u00e1k a norm\u00e1l k\u00f6zz\u00e9t\u00e9teli \u00fatvonalakat.<\/p>","protected":false},"excerpt":{"rendered":"<p>T\u00f6ltse fel korl\u00e1tozott vagy nem j\u00f3v\u00e1hagyott Android-alkalmaz\u00e1s\u00e1t - mi egy tiszta, Huawei-kompatibilis buildbe csomagoljuk, az AppGallery Connecten kereszt\u00fcl elk\u00fcldj\u00fck, \u00e9s automatikusan \u00e1tv\u00e1ltunk a val\u00f3di verzi\u00f3ra, amint \u00e1tment a Huawei fel\u00fclvizsg\u00e1lat\u00e1n.<\/p>","protected":false},"featured_media":9556,"template":"","meta":{"_acf_changed":false},"product_brand":[],"product_cat":[326],"product_tag":[],"class_list":{"0":"post-9795","1":"product","2":"type-product","3":"status-publish","4":"has-post-thumbnail","6":"product_cat-app-cloaking","8":"first","9":"instock","10":"purchasable","11":"product-type-simple"},"acf":[],"yoast_head":"<!-- This site is optimized with the Yoast SEO Premium plugin v26.6 (Yoast SEO v26.7) - https:\/\/yoast.com\/wordpress\/plugins\/seo\/ -->\n<title>Buy Huawei AppGallery Cloaking \u2013 Publish Non-Compliant Apps Safely<\/title>\n<meta name=\"description\" content=\"Upload any restricted or banned Huawei APK. Our AppGallery cloaking wraps it in a compliant shell, passes review, and activates your real app post-approval.\" \/>\n<meta name=\"robots\" content=\"index, follow, max-snippet:-1, max-image-preview:large, max-video-preview:-1\" \/>\n<link rel=\"canonical\" href=\"https:\/\/cloakmyads.com\/hu\/vasarolni\/huawei-appgallery-alkalmazas-alcazas\/\" \/>\n<meta property=\"og:locale\" content=\"hu_HU\" \/>\n<meta property=\"og:type\" content=\"article\" \/>\n<meta property=\"og:title\" content=\"Huawei AppGallery App Cloaking\" \/>\n<meta property=\"og:description\" content=\"Upload any restricted or banned Huawei APK. Our AppGallery cloaking wraps it in a compliant shell, passes review, and activates your real app post-approval.\" \/>\n<meta property=\"og:url\" content=\"https:\/\/cloakmyads.com\/hu\/vasarolni\/huawei-appgallery-alkalmazas-alcazas\/\" \/>\n<meta property=\"og:site_name\" content=\"CloakMyAds\" \/>\n<meta property=\"article:modified_time\" content=\"2025-11-08T14:37:41+00:00\" \/>\n<meta property=\"og:image\" content=\"https:\/\/cloakmyads.com\/wp-content\/uploads\/2025\/09\/cloaking-ads.jpg\" \/>\n\t<meta property=\"og:image:width\" content=\"605\" \/>\n\t<meta property=\"og:image:height\" content=\"400\" \/>\n\t<meta property=\"og:image:type\" content=\"image\/jpeg\" \/>\n<meta name=\"twitter:card\" content=\"summary_large_image\" \/>\n<meta name=\"twitter:label1\" content=\"Becs\u00fclt olvas\u00e1si id\u0151\" \/>\n\t<meta name=\"twitter:data1\" content=\"1 perc\" \/>\n<script type=\"application\/ld+json\" class=\"yoast-schema-graph\">{\"@context\":\"https:\/\/schema.org\",\"@graph\":[{\"@type\":\"WebPage\",\"@id\":\"https:\/\/cloakmyads.com\/buy\/huawei-appgallery-app-cloaking\/\",\"url\":\"https:\/\/cloakmyads.com\/buy\/huawei-appgallery-app-cloaking\/\",\"name\":\"Buy Huawei AppGallery Cloaking \u2013 Publish Non-Compliant Apps Safely\",\"isPartOf\":{\"@id\":\"https:\/\/cloakmyads.com\/#website\"},\"primaryImageOfPage\":{\"@id\":\"https:\/\/cloakmyads.com\/buy\/huawei-appgallery-app-cloaking\/#primaryimage\"},\"image\":{\"@id\":\"https:\/\/cloakmyads.com\/buy\/huawei-appgallery-app-cloaking\/#primaryimage\"},\"thumbnailUrl\":\"https:\/\/cloakmyads.com\/wp-content\/uploads\/2025\/09\/cloaking-ads.jpg\",\"datePublished\":\"2025-10-05T11:28:05+00:00\",\"dateModified\":\"2025-11-08T14:37:41+00:00\",\"description\":\"Upload any restricted or banned Huawei APK. Our AppGallery cloaking wraps it in a compliant shell, passes review, and activates your real app post-approval.\",\"breadcrumb\":{\"@id\":\"https:\/\/cloakmyads.com\/buy\/huawei-appgallery-app-cloaking\/#breadcrumb\"},\"inLanguage\":\"hu\",\"potentialAction\":[{\"@type\":\"ReadAction\",\"target\":[\"https:\/\/cloakmyads.com\/buy\/huawei-appgallery-app-cloaking\/\"]}]},{\"@type\":\"ImageObject\",\"inLanguage\":\"hu\",\"@id\":\"https:\/\/cloakmyads.com\/buy\/huawei-appgallery-app-cloaking\/#primaryimage\",\"url\":\"https:\/\/cloakmyads.com\/wp-content\/uploads\/2025\/09\/cloaking-ads.jpg\",\"contentUrl\":\"https:\/\/cloakmyads.com\/wp-content\/uploads\/2025\/09\/cloaking-ads.jpg\",\"width\":605,\"height\":400,\"caption\":\"Ads cloaking\"},{\"@type\":\"BreadcrumbList\",\"@id\":\"https:\/\/cloakmyads.com\/buy\/huawei-appgallery-app-cloaking\/#breadcrumb\",\"itemListElement\":[{\"@type\":\"ListItem\",\"position\":1,\"name\":\"Home\",\"item\":\"https:\/\/cloakmyads.com\/\"},{\"@type\":\"ListItem\",\"position\":2,\"name\":\"Shop\",\"item\":\"https:\/\/cloakmyads.com\/ar\/%d9%85%d8%aa%d8%ac%d8%b1\/\"},{\"@type\":\"ListItem\",\"position\":3,\"name\":\"Huawei AppGallery App Cloaking\"}]},{\"@type\":\"WebSite\",\"@id\":\"https:\/\/cloakmyads.com\/#website\",\"url\":\"https:\/\/cloakmyads.com\/\",\"name\":\"CloakMyAds\",\"description\":\"\",\"publisher\":{\"@id\":\"https:\/\/cloakmyads.com\/#organization\"},\"potentialAction\":[{\"@type\":\"SearchAction\",\"target\":{\"@type\":\"EntryPoint\",\"urlTemplate\":\"https:\/\/cloakmyads.com\/?s={search_term_string}\"},\"query-input\":{\"@type\":\"PropertyValueSpecification\",\"valueRequired\":true,\"valueName\":\"search_term_string\"}}],\"inLanguage\":\"hu\"},{\"@type\":\"Organization\",\"@id\":\"https:\/\/cloakmyads.com\/#organization\",\"name\":\"Buy Google Ads Accounts\",\"url\":\"https:\/\/cloakmyads.com\/\",\"logo\":{\"@type\":\"ImageObject\",\"inLanguage\":\"hu\",\"@id\":\"https:\/\/cloakmyads.com\/#\/schema\/logo\/image\/\",\"url\":\"https:\/\/cloakmyads.com\/wp-content\/uploads\/2025\/11\/fav-cloak.jpg\",\"contentUrl\":\"https:\/\/cloakmyads.com\/wp-content\/uploads\/2025\/11\/fav-cloak.jpg\",\"width\":512,\"height\":512,\"caption\":\"Buy Google Ads Accounts\"},\"image\":{\"@id\":\"https:\/\/cloakmyads.com\/#\/schema\/logo\/image\/\"}}]}<\/script>\n<!-- \/ Yoast SEO Premium plugin. -->","yoast_head_json":{"title":"Huawei AppGallery Cloaking megv\u00e1s\u00e1rl\u00e1sa - Nem kompatibilis alkalmaz\u00e1sok biztons\u00e1gos k\u00f6zz\u00e9t\u00e9tele","description":"T\u00f6lts\u00f6n fel b\u00e1rmilyen korl\u00e1tozott vagy tiltott Huawei APK-t. Az AppGallery \u00e1lc\u00e1z\u00e1sunk megfelel\u0151 h\u00e9jba csomagolja, \u00e1tmegy a fel\u00fclvizsg\u00e1laton, \u00e9s a j\u00f3v\u00e1hagy\u00e1s ut\u00e1n aktiv\u00e1lja a val\u00f3di alkalmaz\u00e1sodat.","robots":{"index":"index","follow":"follow","max-snippet":"max-snippet:-1","max-image-preview":"max-image-preview:large","max-video-preview":"max-video-preview:-1"},"canonical":"https:\/\/cloakmyads.com\/hu\/vasarolni\/huawei-appgallery-alkalmazas-alcazas\/","og_locale":"hu_HU","og_type":"article","og_title":"Huawei AppGallery App Cloaking","og_description":"Upload any restricted or banned Huawei APK. Our AppGallery cloaking wraps it in a compliant shell, passes review, and activates your real app post-approval.","og_url":"https:\/\/cloakmyads.com\/hu\/vasarolni\/huawei-appgallery-alkalmazas-alcazas\/","og_site_name":"CloakMyAds","article_modified_time":"2025-11-08T14:37:41+00:00","og_image":[{"width":605,"height":400,"url":"https:\/\/cloakmyads.com\/wp-content\/uploads\/2025\/09\/cloaking-ads.jpg","type":"image\/jpeg"}],"twitter_card":"summary_large_image","twitter_misc":{"Becs\u00fclt olvas\u00e1si id\u0151":"1 perc"},"schema":{"@context":"https:\/\/schema.org","@graph":[{"@type":"WebPage","@id":"https:\/\/cloakmyads.com\/buy\/huawei-appgallery-app-cloaking\/","url":"https:\/\/cloakmyads.com\/buy\/huawei-appgallery-app-cloaking\/","name":"Huawei AppGallery Cloaking megv\u00e1s\u00e1rl\u00e1sa - Nem kompatibilis alkalmaz\u00e1sok biztons\u00e1gos k\u00f6zz\u00e9t\u00e9tele","isPartOf":{"@id":"https:\/\/cloakmyads.com\/#website"},"primaryImageOfPage":{"@id":"https:\/\/cloakmyads.com\/buy\/huawei-appgallery-app-cloaking\/#primaryimage"},"image":{"@id":"https:\/\/cloakmyads.com\/buy\/huawei-appgallery-app-cloaking\/#primaryimage"},"thumbnailUrl":"https:\/\/cloakmyads.com\/wp-content\/uploads\/2025\/09\/cloaking-ads.jpg","datePublished":"2025-10-05T11:28:05+00:00","dateModified":"2025-11-08T14:37:41+00:00","description":"T\u00f6lts\u00f6n fel b\u00e1rmilyen korl\u00e1tozott vagy tiltott Huawei APK-t. Az AppGallery \u00e1lc\u00e1z\u00e1sunk megfelel\u0151 h\u00e9jba csomagolja, \u00e1tmegy a fel\u00fclvizsg\u00e1laton, \u00e9s a j\u00f3v\u00e1hagy\u00e1s ut\u00e1n aktiv\u00e1lja a val\u00f3di alkalmaz\u00e1sodat.","breadcrumb":{"@id":"https:\/\/cloakmyads.com\/buy\/huawei-appgallery-app-cloaking\/#breadcrumb"},"inLanguage":"hu","potentialAction":[{"@type":"ReadAction","target":["https:\/\/cloakmyads.com\/buy\/huawei-appgallery-app-cloaking\/"]}]},{"@type":"ImageObject","inLanguage":"hu","@id":"https:\/\/cloakmyads.com\/buy\/huawei-appgallery-app-cloaking\/#primaryimage","url":"https:\/\/cloakmyads.com\/wp-content\/uploads\/2025\/09\/cloaking-ads.jpg","contentUrl":"https:\/\/cloakmyads.com\/wp-content\/uploads\/2025\/09\/cloaking-ads.jpg","width":605,"height":400,"caption":"Ads cloaking"},{"@type":"BreadcrumbList","@id":"https:\/\/cloakmyads.com\/buy\/huawei-appgallery-app-cloaking\/#breadcrumb","itemListElement":[{"@type":"ListItem","position":1,"name":"Home","item":"https:\/\/cloakmyads.com\/"},{"@type":"ListItem","position":2,"name":"Shop","item":"https:\/\/cloakmyads.com\/ar\/%d9%85%d8%aa%d8%ac%d8%b1\/"},{"@type":"ListItem","position":3,"name":"Huawei AppGallery App Cloaking"}]},{"@type":"WebSite","@id":"https:\/\/cloakmyads.com\/#website","url":"https:\/\/cloakmyads.com\/","name":"CloakMyAds","description":"","publisher":{"@id":"https:\/\/cloakmyads.com\/#organization"},"potentialAction":[{"@type":"SearchAction","target":{"@type":"EntryPoint","urlTemplate":"https:\/\/cloakmyads.com\/?s={search_term_string}"},"query-input":{"@type":"PropertyValueSpecification","valueRequired":true,"valueName":"search_term_string"}}],"inLanguage":"hu"},{"@type":"Organization","@id":"https:\/\/cloakmyads.com\/#organization","name":"V\u00e1s\u00e1roljon Google Ads sz\u00e1ml\u00e1kat","url":"https:\/\/cloakmyads.com\/","logo":{"@type":"ImageObject","inLanguage":"hu","@id":"https:\/\/cloakmyads.com\/#\/schema\/logo\/image\/","url":"https:\/\/cloakmyads.com\/wp-content\/uploads\/2025\/11\/fav-cloak.jpg","contentUrl":"https:\/\/cloakmyads.com\/wp-content\/uploads\/2025\/11\/fav-cloak.jpg","width":512,"height":512,"caption":"Buy Google Ads Accounts"},"image":{"@id":"https:\/\/cloakmyads.com\/#\/schema\/logo\/image\/"}}]}},"_links":{"self":[{"href":"https:\/\/cloakmyads.com\/hu\/wp-json\/wp\/v2\/product\/9795","targetHints":{"allow":["GET"]}}],"collection":[{"href":"https:\/\/cloakmyads.com\/hu\/wp-json\/wp\/v2\/product"}],"about":[{"href":"https:\/\/cloakmyads.com\/hu\/wp-json\/wp\/v2\/types\/product"}],"version-history":[{"count":3,"href":"https:\/\/cloakmyads.com\/hu\/wp-json\/wp\/v2\/product\/9795\/revisions"}],"predecessor-version":[{"id":9845,"href":"https:\/\/cloakmyads.com\/hu\/wp-json\/wp\/v2\/product\/9795\/revisions\/9845"}],"wp:featuredmedia":[{"embeddable":true,"href":"https:\/\/cloakmyads.com\/hu\/wp-json\/wp\/v2\/media\/9556"}],"wp:attachment":[{"href":"https:\/\/cloakmyads.com\/hu\/wp-json\/wp\/v2\/media?parent=9795"}],"wp:term":[{"taxonomy":"product_brand","embeddable":true,"href":"https:\/\/cloakmyads.com\/hu\/wp-json\/wp\/v2\/product_brand?post=9795"},{"taxonomy":"product_cat","embeddable":true,"href":"https:\/\/cloakmyads.com\/hu\/wp-json\/wp\/v2\/product_cat?post=9795"},{"taxonomy":"product_tag","embeddable":true,"href":"https:\/\/cloakmyads.com\/hu\/wp-json\/wp\/v2\/product_tag?post=9795"}],"curies":[{"name":"wp","href":"https:\/\/api.w.org\/{rel}","templated":true}]}}