{"id":9789,"date":"2025-10-05T12:08:19","date_gmt":"2025-10-05T11:08:19","guid":{"rendered":"https:\/\/cloakmyads.com\/?post_type=product&#038;p=9789"},"modified":"2026-01-04T06:09:30","modified_gmt":"2026-01-04T11:09:30","slug":"vivo-fejleszto-alcazo-szamlak-app-store","status":"publish","type":"product","link":"https:\/\/cloakmyads.com\/hu\/vasarolni\/vivo-fejleszto-alcazo-szamlak-app-store\/","title":{"rendered":"Vivo fejleszt\u0151i \u00e1lc\u00e1z\u00f3 sz\u00e1ml\u00e1k"},"content":{"rendered":"<p data-start=\"226\" data-end=\"508\">V\u00e1s\u00e1roljon <strong data-start=\"230\" data-end=\"266\">Vivo App Store Cloaking sz\u00e1ml\u00e1k<\/strong> ellen\u0151rz\u00f6tt <strong data-start=\"290\" data-end=\"317\">Vivo fejleszt\u0151i fi\u00f3kok<\/strong> k\u00e9szen \u00e1ll a k\u00f6zvetlen Android-alkalmaz\u00e1s k\u00f6zz\u00e9t\u00e9tel\u00e9re. Ezek a fi\u00f3kok olyan hirdet\u0151k \u00e9s fejleszt\u0151k sz\u00e1m\u00e1ra lettek optimaliz\u00e1lva, akiknek gyors \u00e9s stabil hozz\u00e1f\u00e9r\u00e9sre van sz\u00fcks\u00e9g\u00fck a Vivo Developer Console-hoz az \u00e1lc\u00e1zott alkalmaz\u00e1sbejelent\u00e9sekhez.<\/p>\n<p data-start=\"510\" data-end=\"791\">T\u00f6k\u00e9letes kamp\u00e1nyokhoz <strong data-start=\"535\" data-end=\"586\">kripto, fogad\u00e1s, p\u00e9nz\u00fcgyek, randiz\u00e1s \u00e9s streaming<\/strong>, ahol a hagyom\u00e1nyos \u00fczletek gyakran elutas\u00edtj\u00e1k a felt\u00f6lt\u00e9seket. Minden egyes Vivo fi\u00f3k lehet\u0151v\u00e9 teszi, hogy tiszta buildeket t\u00f6lts\u00f6n fel fel\u00fclvizsg\u00e1latra, \u00e9s automatikusan aktiv\u00e1lja \u00e1lc\u00e1zott verzi\u00f3j\u00e1t, amint \u00e9lesben van - egyszer\u0171, ellen\u0151rz\u00f6tt \u00e9s biztons\u00e1gos.<\/p>\n<p data-start=\"793\" data-end=\"1020\">Minden fi\u00f3k teljesen akt\u00edv \u00e9s azonnal haszn\u00e1lhat\u00f3. K\u00f6zvetlen\u00fcl a hivatalos Vivo fejleszt\u0151i panelen kereszt\u00fcl kezelheti az alkalmaz\u00e1slist\u00e1kat, friss\u00edtheti a buildeket \u00e9s nyomon k\u00f6vetheti a teljes\u00edtm\u00e9nyt, \u00edgy biztos\u00edtva a megb\u00edzhat\u00f3s\u00e1got minden \u00e1lc\u00e1zott kamp\u00e1nyhoz.<\/p>","protected":false},"excerpt":{"rendered":"<p>Ellen\u0151rz\u00f6tt Vivo fejleszt\u0151i fi\u00f3kok, amelyek k\u00e9szen \u00e1llnak az App Store-bejelent\u00e9sekre \u00e9s a z\u00f6kken\u0151mentes \u00e1lc\u00e1zott alkalmaz\u00e1s-kiad\u00e1sra - ide\u00e1lis a kripto-, fogad\u00e1si \u00e9s p\u00e9nz\u00fcgyi kamp\u00e1nyokhoz, amelyeknek \u00e1lland\u00f3 \u00fczemid\u0151re van sz\u00fcks\u00e9g\u00fck.<\/p>","protected":false},"featured_media":9819,"template":"","meta":{"_acf_changed":false},"product_brand":[],"product_cat":[328],"product_tag":[],"class_list":{"0":"post-9789","1":"product","2":"type-product","3":"status-publish","4":"has-post-thumbnail","6":"product_cat-app-others","8":"first","9":"instock","10":"purchasable","11":"product-type-simple"},"acf":[],"yoast_head":"<!-- This site is optimized with the Yoast SEO Premium plugin v26.6 (Yoast SEO v26.7) - https:\/\/yoast.com\/wordpress\/plugins\/seo\/ -->\n<title>Buy Vivo App Store Developer Accounts \u2013 Cloaking Ready<\/title>\n<meta name=\"description\" content=\"Buy verified Vivo App Store developer accounts to publish cloaked Android apps safely. Perfect for crypto, betting, and finance campaigns that need real approvals.\" \/>\n<meta name=\"robots\" content=\"index, follow, max-snippet:-1, max-image-preview:large, max-video-preview:-1\" \/>\n<link rel=\"canonical\" href=\"https:\/\/cloakmyads.com\/hu\/vasarolni\/vivo-fejleszto-alcazo-szamlak-app-store\/\" \/>\n<meta property=\"og:locale\" content=\"hu_HU\" \/>\n<meta property=\"og:type\" content=\"article\" \/>\n<meta property=\"og:title\" content=\"Vivo Developer Cloaking Accounts\" \/>\n<meta property=\"og:description\" content=\"Buy verified Vivo App Store developer accounts to publish cloaked Android apps safely. Perfect for crypto, betting, and finance campaigns that need real approvals.\" \/>\n<meta property=\"og:url\" content=\"https:\/\/cloakmyads.com\/hu\/vasarolni\/vivo-fejleszto-alcazo-szamlak-app-store\/\" \/>\n<meta property=\"og:site_name\" content=\"CloakMyAds\" \/>\n<meta property=\"article:modified_time\" content=\"2026-01-04T11:09:30+00:00\" \/>\n<meta property=\"og:image\" content=\"https:\/\/cloakmyads.com\/wp-content\/uploads\/2025\/10\/vivo-v-appstore.png\" \/>\n\t<meta property=\"og:image:width\" content=\"940\" \/>\n\t<meta property=\"og:image:height\" content=\"640\" \/>\n\t<meta property=\"og:image:type\" content=\"image\/png\" \/>\n<meta name=\"twitter:card\" content=\"summary_large_image\" \/>\n<meta name=\"twitter:label1\" content=\"Becs\u00fclt olvas\u00e1si id\u0151\" \/>\n\t<meta name=\"twitter:data1\" content=\"1 perc\" \/>\n<script type=\"application\/ld+json\" class=\"yoast-schema-graph\">{\"@context\":\"https:\/\/schema.org\",\"@graph\":[{\"@type\":\"WebPage\",\"@id\":\"https:\/\/cloakmyads.com\/buy\/vivo-developer-cloaking-accounts-app-store\/\",\"url\":\"https:\/\/cloakmyads.com\/buy\/vivo-developer-cloaking-accounts-app-store\/\",\"name\":\"Buy Vivo App Store Developer Accounts \u2013 Cloaking Ready\",\"isPartOf\":{\"@id\":\"https:\/\/cloakmyads.com\/#website\"},\"primaryImageOfPage\":{\"@id\":\"https:\/\/cloakmyads.com\/buy\/vivo-developer-cloaking-accounts-app-store\/#primaryimage\"},\"image\":{\"@id\":\"https:\/\/cloakmyads.com\/buy\/vivo-developer-cloaking-accounts-app-store\/#primaryimage\"},\"thumbnailUrl\":\"https:\/\/cloakmyads.com\/wp-content\/uploads\/2025\/10\/vivo-v-appstore.png\",\"datePublished\":\"2025-10-05T11:08:19+00:00\",\"dateModified\":\"2026-01-04T11:09:30+00:00\",\"description\":\"Buy verified Vivo App Store developer accounts to publish cloaked Android apps safely. Perfect for crypto, betting, and finance campaigns that need real approvals.\",\"breadcrumb\":{\"@id\":\"https:\/\/cloakmyads.com\/buy\/vivo-developer-cloaking-accounts-app-store\/#breadcrumb\"},\"inLanguage\":\"hu\",\"potentialAction\":[{\"@type\":\"ReadAction\",\"target\":[\"https:\/\/cloakmyads.com\/buy\/vivo-developer-cloaking-accounts-app-store\/\"]}]},{\"@type\":\"ImageObject\",\"inLanguage\":\"hu\",\"@id\":\"https:\/\/cloakmyads.com\/buy\/vivo-developer-cloaking-accounts-app-store\/#primaryimage\",\"url\":\"https:\/\/cloakmyads.com\/wp-content\/uploads\/2025\/10\/vivo-v-appstore.png\",\"contentUrl\":\"https:\/\/cloakmyads.com\/wp-content\/uploads\/2025\/10\/vivo-v-appstore.png\",\"width\":940,\"height\":640},{\"@type\":\"BreadcrumbList\",\"@id\":\"https:\/\/cloakmyads.com\/buy\/vivo-developer-cloaking-accounts-app-store\/#breadcrumb\",\"itemListElement\":[{\"@type\":\"ListItem\",\"position\":1,\"name\":\"Home\",\"item\":\"https:\/\/cloakmyads.com\/\"},{\"@type\":\"ListItem\",\"position\":2,\"name\":\"Shop\",\"item\":\"https:\/\/cloakmyads.com\/ar\/%d9%85%d8%aa%d8%ac%d8%b1\/\"},{\"@type\":\"ListItem\",\"position\":3,\"name\":\"Vivo Developer Cloaking Accounts\"}]},{\"@type\":\"WebSite\",\"@id\":\"https:\/\/cloakmyads.com\/#website\",\"url\":\"https:\/\/cloakmyads.com\/\",\"name\":\"CloakMyAds\",\"description\":\"\",\"publisher\":{\"@id\":\"https:\/\/cloakmyads.com\/#organization\"},\"potentialAction\":[{\"@type\":\"SearchAction\",\"target\":{\"@type\":\"EntryPoint\",\"urlTemplate\":\"https:\/\/cloakmyads.com\/?s={search_term_string}\"},\"query-input\":{\"@type\":\"PropertyValueSpecification\",\"valueRequired\":true,\"valueName\":\"search_term_string\"}}],\"inLanguage\":\"hu\"},{\"@type\":\"Organization\",\"@id\":\"https:\/\/cloakmyads.com\/#organization\",\"name\":\"Buy Google Ads Accounts\",\"url\":\"https:\/\/cloakmyads.com\/\",\"logo\":{\"@type\":\"ImageObject\",\"inLanguage\":\"hu\",\"@id\":\"https:\/\/cloakmyads.com\/#\/schema\/logo\/image\/\",\"url\":\"https:\/\/cloakmyads.com\/wp-content\/uploads\/2025\/11\/fav-cloak.jpg\",\"contentUrl\":\"https:\/\/cloakmyads.com\/wp-content\/uploads\/2025\/11\/fav-cloak.jpg\",\"width\":512,\"height\":512,\"caption\":\"Buy Google Ads Accounts\"},\"image\":{\"@id\":\"https:\/\/cloakmyads.com\/#\/schema\/logo\/image\/\"}}]}<\/script>\n<!-- \/ Yoast SEO Premium plugin. -->","yoast_head_json":{"title":"Vivo App Store fejleszt\u0151i fi\u00f3kok v\u00e1s\u00e1rl\u00e1sa - Cloaking Ready","description":"V\u00e1s\u00e1roljon ellen\u0151rz\u00f6tt Vivo App Store fejleszt\u0151i fi\u00f3kokat, hogy biztons\u00e1gosan k\u00f6zz\u00e9tehesse \u00e1lc\u00e1zott Android-alkalmaz\u00e1sait. T\u00f6k\u00e9letes kripto-, fogad\u00e1si \u00e9s p\u00e9nz\u00fcgyi kamp\u00e1nyokhoz, amelyek val\u00f3di j\u00f3v\u00e1hagy\u00e1st ig\u00e9nyelnek.","robots":{"index":"index","follow":"follow","max-snippet":"max-snippet:-1","max-image-preview":"max-image-preview:large","max-video-preview":"max-video-preview:-1"},"canonical":"https:\/\/cloakmyads.com\/hu\/vasarolni\/vivo-fejleszto-alcazo-szamlak-app-store\/","og_locale":"hu_HU","og_type":"article","og_title":"Vivo Developer Cloaking Accounts","og_description":"Buy verified Vivo App Store developer accounts to publish cloaked Android apps safely. Perfect for crypto, betting, and finance campaigns that need real approvals.","og_url":"https:\/\/cloakmyads.com\/hu\/vasarolni\/vivo-fejleszto-alcazo-szamlak-app-store\/","og_site_name":"CloakMyAds","article_modified_time":"2026-01-04T11:09:30+00:00","og_image":[{"width":940,"height":640,"url":"https:\/\/cloakmyads.com\/wp-content\/uploads\/2025\/10\/vivo-v-appstore.png","type":"image\/png"}],"twitter_card":"summary_large_image","twitter_misc":{"Becs\u00fclt olvas\u00e1si id\u0151":"1 perc"},"schema":{"@context":"https:\/\/schema.org","@graph":[{"@type":"WebPage","@id":"https:\/\/cloakmyads.com\/buy\/vivo-developer-cloaking-accounts-app-store\/","url":"https:\/\/cloakmyads.com\/buy\/vivo-developer-cloaking-accounts-app-store\/","name":"Vivo App Store fejleszt\u0151i fi\u00f3kok v\u00e1s\u00e1rl\u00e1sa - Cloaking Ready","isPartOf":{"@id":"https:\/\/cloakmyads.com\/#website"},"primaryImageOfPage":{"@id":"https:\/\/cloakmyads.com\/buy\/vivo-developer-cloaking-accounts-app-store\/#primaryimage"},"image":{"@id":"https:\/\/cloakmyads.com\/buy\/vivo-developer-cloaking-accounts-app-store\/#primaryimage"},"thumbnailUrl":"https:\/\/cloakmyads.com\/wp-content\/uploads\/2025\/10\/vivo-v-appstore.png","datePublished":"2025-10-05T11:08:19+00:00","dateModified":"2026-01-04T11:09:30+00:00","description":"V\u00e1s\u00e1roljon ellen\u0151rz\u00f6tt Vivo App Store fejleszt\u0151i fi\u00f3kokat, hogy biztons\u00e1gosan k\u00f6zz\u00e9tehesse \u00e1lc\u00e1zott Android-alkalmaz\u00e1sait. T\u00f6k\u00e9letes kripto-, fogad\u00e1si \u00e9s p\u00e9nz\u00fcgyi kamp\u00e1nyokhoz, amelyek val\u00f3di j\u00f3v\u00e1hagy\u00e1st ig\u00e9nyelnek.","breadcrumb":{"@id":"https:\/\/cloakmyads.com\/buy\/vivo-developer-cloaking-accounts-app-store\/#breadcrumb"},"inLanguage":"hu","potentialAction":[{"@type":"ReadAction","target":["https:\/\/cloakmyads.com\/buy\/vivo-developer-cloaking-accounts-app-store\/"]}]},{"@type":"ImageObject","inLanguage":"hu","@id":"https:\/\/cloakmyads.com\/buy\/vivo-developer-cloaking-accounts-app-store\/#primaryimage","url":"https:\/\/cloakmyads.com\/wp-content\/uploads\/2025\/10\/vivo-v-appstore.png","contentUrl":"https:\/\/cloakmyads.com\/wp-content\/uploads\/2025\/10\/vivo-v-appstore.png","width":940,"height":640},{"@type":"BreadcrumbList","@id":"https:\/\/cloakmyads.com\/buy\/vivo-developer-cloaking-accounts-app-store\/#breadcrumb","itemListElement":[{"@type":"ListItem","position":1,"name":"Home","item":"https:\/\/cloakmyads.com\/"},{"@type":"ListItem","position":2,"name":"Shop","item":"https:\/\/cloakmyads.com\/ar\/%d9%85%d8%aa%d8%ac%d8%b1\/"},{"@type":"ListItem","position":3,"name":"Vivo Developer Cloaking Accounts"}]},{"@type":"WebSite","@id":"https:\/\/cloakmyads.com\/#website","url":"https:\/\/cloakmyads.com\/","name":"CloakMyAds","description":"","publisher":{"@id":"https:\/\/cloakmyads.com\/#organization"},"potentialAction":[{"@type":"SearchAction","target":{"@type":"EntryPoint","urlTemplate":"https:\/\/cloakmyads.com\/?s={search_term_string}"},"query-input":{"@type":"PropertyValueSpecification","valueRequired":true,"valueName":"search_term_string"}}],"inLanguage":"hu"},{"@type":"Organization","@id":"https:\/\/cloakmyads.com\/#organization","name":"V\u00e1s\u00e1roljon Google Ads sz\u00e1ml\u00e1kat","url":"https:\/\/cloakmyads.com\/","logo":{"@type":"ImageObject","inLanguage":"hu","@id":"https:\/\/cloakmyads.com\/#\/schema\/logo\/image\/","url":"https:\/\/cloakmyads.com\/wp-content\/uploads\/2025\/11\/fav-cloak.jpg","contentUrl":"https:\/\/cloakmyads.com\/wp-content\/uploads\/2025\/11\/fav-cloak.jpg","width":512,"height":512,"caption":"Buy Google Ads Accounts"},"image":{"@id":"https:\/\/cloakmyads.com\/#\/schema\/logo\/image\/"}}]}},"_links":{"self":[{"href":"https:\/\/cloakmyads.com\/hu\/wp-json\/wp\/v2\/product\/9789","targetHints":{"allow":["GET"]}}],"collection":[{"href":"https:\/\/cloakmyads.com\/hu\/wp-json\/wp\/v2\/product"}],"about":[{"href":"https:\/\/cloakmyads.com\/hu\/wp-json\/wp\/v2\/types\/product"}],"version-history":[{"count":3,"href":"https:\/\/cloakmyads.com\/hu\/wp-json\/wp\/v2\/product\/9789\/revisions"}],"predecessor-version":[{"id":11346,"href":"https:\/\/cloakmyads.com\/hu\/wp-json\/wp\/v2\/product\/9789\/revisions\/11346"}],"wp:featuredmedia":[{"embeddable":true,"href":"https:\/\/cloakmyads.com\/hu\/wp-json\/wp\/v2\/media\/9819"}],"wp:attachment":[{"href":"https:\/\/cloakmyads.com\/hu\/wp-json\/wp\/v2\/media?parent=9789"}],"wp:term":[{"taxonomy":"product_brand","embeddable":true,"href":"https:\/\/cloakmyads.com\/hu\/wp-json\/wp\/v2\/product_brand?post=9789"},{"taxonomy":"product_cat","embeddable":true,"href":"https:\/\/cloakmyads.com\/hu\/wp-json\/wp\/v2\/product_cat?post=9789"},{"taxonomy":"product_tag","embeddable":true,"href":"https:\/\/cloakmyads.com\/hu\/wp-json\/wp\/v2\/product_tag?post=9789"}],"curies":[{"name":"wp","href":"https:\/\/api.w.org\/{rel}","templated":true}]}}