{"id":9616,"date":"2025-09-22T17:17:29","date_gmt":"2025-09-22T16:17:29","guid":{"rendered":"https:\/\/cloakmyads.com\/?post_type=product&#038;p=9616"},"modified":"2025-11-08T09:38:05","modified_gmt":"2025-11-08T14:38:05","slug":"apple-app-store-alcazas","status":"publish","type":"product","link":"https:\/\/cloakmyads.com\/hu\/vasarolni\/apple-app-store-alcazas\/","title":{"rendered":"Apple App Store Cloaking"},"content":{"rendered":"<p data-start=\"1403\" data-end=\"1598\">Az Apple App Store fel\u00fclvizsg\u00e1lati folyamata az egyik legszigor\u00fabb a vil\u00e1gon. Ha az alkalmaz\u00e1sod nem enged\u00e9lyezett tartalmat tartalmaz, megs\u00e9rti a TOS-t, vagy b\u00e1rmi \u201c\u00e9rz\u00e9keny\u201d dologgal pr\u00f3b\u00e1lkozik - azonnal elutas\u00edtj\u00e1k.<\/p>\n<p data-start=\"1600\" data-end=\"1798\">Az iOS \u00e1lc\u00e1z\u00e1si megold\u00e1sunkkal azonban nem kell megv\u00e1ltoztatnia az alkalmaz\u00e1st. Csak t\u00f6ltse fel az eredeti IPA f\u00e1jlj\u00e1t - mi pedig beillesztj\u00fck azt egy <strong data-start=\"1731\" data-end=\"1754\">kompatibilis shell alkalmaz\u00e1s<\/strong>, k\u00fcldje el fel\u00fclvizsg\u00e1latra, a t\u00f6bbit pedig int\u00e9zze el.<\/p>\n<p data-start=\"1800\" data-end=\"2025\">Amint az Apple j\u00f3v\u00e1hagyja, az alkalmaz\u00e1s <strong data-start=\"1832\" data-end=\"1869\">kapcsol\u00f3k viselked\u00e9se val\u00f3s eszk\u00f6z\u00f6k\u00f6n<\/strong>. Bet\u00f6ltheti a val\u00f3di fel\u00fcletet, aktiv\u00e1lhatja a korl\u00e1tozott SDK-kat, enged\u00e9lyezheti a h\u00e1tt\u00e9rben zajl\u00f3 m\u0171veleteket, vagy t\u00e1voli tartalmakat h\u00edvhat el\u0151 - mindezt an\u00e9lk\u00fcl, hogy \u00fajra beny\u00fajtan\u00e1 vagy riasztan\u00e1 az Apple-t.<\/p>\n<p data-start=\"2027\" data-end=\"2196\">Beadhatod a saj\u00e1t Apple Developer Accountoddal, vagy mi biztos\u00edtunk neked egyet. Az eg\u00e9sz folyamatot \u00fagy csomagoljuk be, hogy a fel\u00fclvizsg\u00e1lat sor\u00e1n tiszt\u00e1nak t\u0171nj\u00f6n - \u00e9s a j\u00f3v\u00e1hagy\u00e1s ut\u00e1n \u00e1tford\u00edtjuk.<\/p>\n<p data-start=\"2198\" data-end=\"2367\">Ebben a szolg\u00e1ltat\u00e1sban megb\u00edznak a mag\u00e1neszk\u00f6z-\u00e9rt\u00e9kes\u00edt\u0151k, az alkalmaz\u00e1sk\u00f6vet\u0151 h\u00e1l\u00f3zatok, a korl\u00e1tozott tartalomforgalmaz\u00f3k \u00e9s mindenki, akinek iOS-alkalmaz\u00e1sokhoz val\u00f3 hozz\u00e1f\u00e9r\u00e9sre van sz\u00fcks\u00e9ge az App Store korl\u00e1toz\u00e1sok n\u00e9lk\u00fcl.<\/p>","protected":false},"excerpt":{"rendered":"<p>T\u00f6ltse fel tiltott vagy nem megfelel\u0151 iOS-alkalmaz\u00e1s\u00e1t - mi egy tiszta dummy-alkalmaz\u00e1sba csomagoljuk, az \u00d6n (vagy a mi) fejleszt\u0151i fi\u00f3kj\u00e1val beny\u00fajtjuk az Apple-nek, \u00e9s a j\u00f3v\u00e1hagy\u00e1s ut\u00e1n \u00e1t\u00e1ll\u00edtjuk a viselked\u00e9st az \u00d6n val\u00f3di alkalmaz\u00e1s\u00e1ra.<\/p>","protected":false},"featured_media":9556,"template":"","meta":{"_acf_changed":false},"product_brand":[],"product_cat":[326],"product_tag":[],"class_list":{"0":"post-9616","1":"product","2":"type-product","3":"status-publish","4":"has-post-thumbnail","6":"product_cat-app-cloaking","8":"first","9":"instock","10":"purchasable","11":"product-type-simple"},"acf":[],"yoast_head":"<!-- This site is optimized with the Yoast SEO Premium plugin v26.6 (Yoast SEO v26.7) - https:\/\/yoast.com\/wordpress\/plugins\/seo\/ -->\n<title>Buy Apple App Store Cloaking Services Online<\/title>\n<meta name=\"description\" content=\"Buy Apple App Store Cloaking and keep campaigns live. Advanced cloaking ensures approval and reduces bans. Get started now.\" \/>\n<meta name=\"robots\" content=\"index, follow, max-snippet:-1, max-image-preview:large, max-video-preview:-1\" \/>\n<link rel=\"canonical\" href=\"https:\/\/cloakmyads.com\/hu\/vasarolni\/apple-app-store-alcazas\/\" \/>\n<meta property=\"og:locale\" content=\"hu_HU\" \/>\n<meta property=\"og:type\" content=\"article\" \/>\n<meta property=\"og:title\" content=\"Apple App Store Cloaking\" \/>\n<meta property=\"og:description\" content=\"Buy Apple App Store Cloaking and keep campaigns live. Advanced cloaking ensures approval and reduces bans. Get started now.\" \/>\n<meta property=\"og:url\" content=\"https:\/\/cloakmyads.com\/hu\/vasarolni\/apple-app-store-alcazas\/\" \/>\n<meta property=\"og:site_name\" content=\"CloakMyAds\" \/>\n<meta property=\"article:modified_time\" content=\"2025-11-08T14:38:05+00:00\" \/>\n<meta property=\"og:image\" content=\"https:\/\/cloakmyads.com\/wp-content\/uploads\/2025\/09\/cloaking-ads.jpg\" \/>\n\t<meta property=\"og:image:width\" content=\"605\" \/>\n\t<meta property=\"og:image:height\" content=\"400\" \/>\n\t<meta property=\"og:image:type\" content=\"image\/jpeg\" \/>\n<meta name=\"twitter:card\" content=\"summary_large_image\" \/>\n<meta name=\"twitter:label1\" content=\"Becs\u00fclt olvas\u00e1si id\u0151\" \/>\n\t<meta name=\"twitter:data1\" content=\"1 perc\" \/>\n<script type=\"application\/ld+json\" class=\"yoast-schema-graph\">{\"@context\":\"https:\/\/schema.org\",\"@graph\":[{\"@type\":\"WebPage\",\"@id\":\"https:\/\/cloakmyads.com\/buy\/apple-app-store-cloaking\/\",\"url\":\"https:\/\/cloakmyads.com\/buy\/apple-app-store-cloaking\/\",\"name\":\"Buy Apple App Store Cloaking Services Online\",\"isPartOf\":{\"@id\":\"https:\/\/cloakmyads.com\/#website\"},\"primaryImageOfPage\":{\"@id\":\"https:\/\/cloakmyads.com\/buy\/apple-app-store-cloaking\/#primaryimage\"},\"image\":{\"@id\":\"https:\/\/cloakmyads.com\/buy\/apple-app-store-cloaking\/#primaryimage\"},\"thumbnailUrl\":\"https:\/\/cloakmyads.com\/wp-content\/uploads\/2025\/09\/cloaking-ads.jpg\",\"datePublished\":\"2025-09-22T16:17:29+00:00\",\"dateModified\":\"2025-11-08T14:38:05+00:00\",\"description\":\"Buy Apple App Store Cloaking and keep campaigns live. Advanced cloaking ensures approval and reduces bans. Get started now.\",\"breadcrumb\":{\"@id\":\"https:\/\/cloakmyads.com\/buy\/apple-app-store-cloaking\/#breadcrumb\"},\"inLanguage\":\"hu\",\"potentialAction\":[{\"@type\":\"ReadAction\",\"target\":[\"https:\/\/cloakmyads.com\/buy\/apple-app-store-cloaking\/\"]}]},{\"@type\":\"ImageObject\",\"inLanguage\":\"hu\",\"@id\":\"https:\/\/cloakmyads.com\/buy\/apple-app-store-cloaking\/#primaryimage\",\"url\":\"https:\/\/cloakmyads.com\/wp-content\/uploads\/2025\/09\/cloaking-ads.jpg\",\"contentUrl\":\"https:\/\/cloakmyads.com\/wp-content\/uploads\/2025\/09\/cloaking-ads.jpg\",\"width\":605,\"height\":400,\"caption\":\"Ads cloaking\"},{\"@type\":\"BreadcrumbList\",\"@id\":\"https:\/\/cloakmyads.com\/buy\/apple-app-store-cloaking\/#breadcrumb\",\"itemListElement\":[{\"@type\":\"ListItem\",\"position\":1,\"name\":\"Home\",\"item\":\"https:\/\/cloakmyads.com\/\"},{\"@type\":\"ListItem\",\"position\":2,\"name\":\"Shop\",\"item\":\"https:\/\/cloakmyads.com\/ar\/%d9%85%d8%aa%d8%ac%d8%b1\/\"},{\"@type\":\"ListItem\",\"position\":3,\"name\":\"Apple App Store Cloaking\"}]},{\"@type\":\"WebSite\",\"@id\":\"https:\/\/cloakmyads.com\/#website\",\"url\":\"https:\/\/cloakmyads.com\/\",\"name\":\"CloakMyAds\",\"description\":\"\",\"publisher\":{\"@id\":\"https:\/\/cloakmyads.com\/#organization\"},\"potentialAction\":[{\"@type\":\"SearchAction\",\"target\":{\"@type\":\"EntryPoint\",\"urlTemplate\":\"https:\/\/cloakmyads.com\/?s={search_term_string}\"},\"query-input\":{\"@type\":\"PropertyValueSpecification\",\"valueRequired\":true,\"valueName\":\"search_term_string\"}}],\"inLanguage\":\"hu\"},{\"@type\":\"Organization\",\"@id\":\"https:\/\/cloakmyads.com\/#organization\",\"name\":\"Buy Google Ads Accounts\",\"url\":\"https:\/\/cloakmyads.com\/\",\"logo\":{\"@type\":\"ImageObject\",\"inLanguage\":\"hu\",\"@id\":\"https:\/\/cloakmyads.com\/#\/schema\/logo\/image\/\",\"url\":\"https:\/\/cloakmyads.com\/wp-content\/uploads\/2025\/11\/fav-cloak.jpg\",\"contentUrl\":\"https:\/\/cloakmyads.com\/wp-content\/uploads\/2025\/11\/fav-cloak.jpg\",\"width\":512,\"height\":512,\"caption\":\"Buy Google Ads Accounts\"},\"image\":{\"@id\":\"https:\/\/cloakmyads.com\/#\/schema\/logo\/image\/\"}}]}<\/script>\n<!-- \/ Yoast SEO Premium plugin. -->","yoast_head_json":{"title":"V\u00e1s\u00e1roljon Apple App Store Cloaking szolg\u00e1ltat\u00e1sokat online","description":"V\u00e1s\u00e1rolja meg az Apple App Store Cloakinget, \u00e9s tartsa a kamp\u00e1nyokat \u00e9l\u0151ben. A fejlett \u00e1lc\u00e1z\u00e1s biztos\u00edtja a j\u00f3v\u00e1hagy\u00e1st \u00e9s cs\u00f6kkenti a tilt\u00e1sokat. Kezdje el most.","robots":{"index":"index","follow":"follow","max-snippet":"max-snippet:-1","max-image-preview":"max-image-preview:large","max-video-preview":"max-video-preview:-1"},"canonical":"https:\/\/cloakmyads.com\/hu\/vasarolni\/apple-app-store-alcazas\/","og_locale":"hu_HU","og_type":"article","og_title":"Apple App Store Cloaking","og_description":"Buy Apple App Store Cloaking and keep campaigns live. Advanced cloaking ensures approval and reduces bans. Get started now.","og_url":"https:\/\/cloakmyads.com\/hu\/vasarolni\/apple-app-store-alcazas\/","og_site_name":"CloakMyAds","article_modified_time":"2025-11-08T14:38:05+00:00","og_image":[{"width":605,"height":400,"url":"https:\/\/cloakmyads.com\/wp-content\/uploads\/2025\/09\/cloaking-ads.jpg","type":"image\/jpeg"}],"twitter_card":"summary_large_image","twitter_misc":{"Becs\u00fclt olvas\u00e1si id\u0151":"1 perc"},"schema":{"@context":"https:\/\/schema.org","@graph":[{"@type":"WebPage","@id":"https:\/\/cloakmyads.com\/buy\/apple-app-store-cloaking\/","url":"https:\/\/cloakmyads.com\/buy\/apple-app-store-cloaking\/","name":"V\u00e1s\u00e1roljon Apple App Store Cloaking szolg\u00e1ltat\u00e1sokat online","isPartOf":{"@id":"https:\/\/cloakmyads.com\/#website"},"primaryImageOfPage":{"@id":"https:\/\/cloakmyads.com\/buy\/apple-app-store-cloaking\/#primaryimage"},"image":{"@id":"https:\/\/cloakmyads.com\/buy\/apple-app-store-cloaking\/#primaryimage"},"thumbnailUrl":"https:\/\/cloakmyads.com\/wp-content\/uploads\/2025\/09\/cloaking-ads.jpg","datePublished":"2025-09-22T16:17:29+00:00","dateModified":"2025-11-08T14:38:05+00:00","description":"V\u00e1s\u00e1rolja meg az Apple App Store Cloakinget, \u00e9s tartsa a kamp\u00e1nyokat \u00e9l\u0151ben. A fejlett \u00e1lc\u00e1z\u00e1s biztos\u00edtja a j\u00f3v\u00e1hagy\u00e1st \u00e9s cs\u00f6kkenti a tilt\u00e1sokat. Kezdje el most.","breadcrumb":{"@id":"https:\/\/cloakmyads.com\/buy\/apple-app-store-cloaking\/#breadcrumb"},"inLanguage":"hu","potentialAction":[{"@type":"ReadAction","target":["https:\/\/cloakmyads.com\/buy\/apple-app-store-cloaking\/"]}]},{"@type":"ImageObject","inLanguage":"hu","@id":"https:\/\/cloakmyads.com\/buy\/apple-app-store-cloaking\/#primaryimage","url":"https:\/\/cloakmyads.com\/wp-content\/uploads\/2025\/09\/cloaking-ads.jpg","contentUrl":"https:\/\/cloakmyads.com\/wp-content\/uploads\/2025\/09\/cloaking-ads.jpg","width":605,"height":400,"caption":"Ads cloaking"},{"@type":"BreadcrumbList","@id":"https:\/\/cloakmyads.com\/buy\/apple-app-store-cloaking\/#breadcrumb","itemListElement":[{"@type":"ListItem","position":1,"name":"Home","item":"https:\/\/cloakmyads.com\/"},{"@type":"ListItem","position":2,"name":"Shop","item":"https:\/\/cloakmyads.com\/ar\/%d9%85%d8%aa%d8%ac%d8%b1\/"},{"@type":"ListItem","position":3,"name":"Apple App Store Cloaking"}]},{"@type":"WebSite","@id":"https:\/\/cloakmyads.com\/#website","url":"https:\/\/cloakmyads.com\/","name":"CloakMyAds","description":"","publisher":{"@id":"https:\/\/cloakmyads.com\/#organization"},"potentialAction":[{"@type":"SearchAction","target":{"@type":"EntryPoint","urlTemplate":"https:\/\/cloakmyads.com\/?s={search_term_string}"},"query-input":{"@type":"PropertyValueSpecification","valueRequired":true,"valueName":"search_term_string"}}],"inLanguage":"hu"},{"@type":"Organization","@id":"https:\/\/cloakmyads.com\/#organization","name":"V\u00e1s\u00e1roljon Google Ads sz\u00e1ml\u00e1kat","url":"https:\/\/cloakmyads.com\/","logo":{"@type":"ImageObject","inLanguage":"hu","@id":"https:\/\/cloakmyads.com\/#\/schema\/logo\/image\/","url":"https:\/\/cloakmyads.com\/wp-content\/uploads\/2025\/11\/fav-cloak.jpg","contentUrl":"https:\/\/cloakmyads.com\/wp-content\/uploads\/2025\/11\/fav-cloak.jpg","width":512,"height":512,"caption":"Buy Google Ads Accounts"},"image":{"@id":"https:\/\/cloakmyads.com\/#\/schema\/logo\/image\/"}}]}},"_links":{"self":[{"href":"https:\/\/cloakmyads.com\/hu\/wp-json\/wp\/v2\/product\/9616","targetHints":{"allow":["GET"]}}],"collection":[{"href":"https:\/\/cloakmyads.com\/hu\/wp-json\/wp\/v2\/product"}],"about":[{"href":"https:\/\/cloakmyads.com\/hu\/wp-json\/wp\/v2\/types\/product"}],"version-history":[{"count":6,"href":"https:\/\/cloakmyads.com\/hu\/wp-json\/wp\/v2\/product\/9616\/revisions"}],"predecessor-version":[{"id":9846,"href":"https:\/\/cloakmyads.com\/hu\/wp-json\/wp\/v2\/product\/9616\/revisions\/9846"}],"wp:featuredmedia":[{"embeddable":true,"href":"https:\/\/cloakmyads.com\/hu\/wp-json\/wp\/v2\/media\/9556"}],"wp:attachment":[{"href":"https:\/\/cloakmyads.com\/hu\/wp-json\/wp\/v2\/media?parent=9616"}],"wp:term":[{"taxonomy":"product_brand","embeddable":true,"href":"https:\/\/cloakmyads.com\/hu\/wp-json\/wp\/v2\/product_brand?post=9616"},{"taxonomy":"product_cat","embeddable":true,"href":"https:\/\/cloakmyads.com\/hu\/wp-json\/wp\/v2\/product_cat?post=9616"},{"taxonomy":"product_tag","embeddable":true,"href":"https:\/\/cloakmyads.com\/hu\/wp-json\/wp\/v2\/product_tag?post=9616"}],"curies":[{"name":"wp","href":"https:\/\/api.w.org\/{rel}","templated":true}]}}