{"id":9613,"date":"2025-09-22T17:06:16","date_gmt":"2025-09-22T16:06:16","guid":{"rendered":"https:\/\/cloakmyads.com\/?post_type=product&#038;p=9613"},"modified":"2025-11-08T09:38:23","modified_gmt":"2025-11-08T14:38:23","slug":"google-play-app-alcazas","status":"publish","type":"product","link":"https:\/\/cloakmyads.com\/hu\/vasarolni\/google-play-app-alcazas\/","title":{"rendered":"Google Play App Cloaking"},"content":{"rendered":"<p data-start=\"1064\" data-end=\"1321\">A Google Play nem enged\u00e9lyezi a felt\u00f6rt alkalmaz\u00e1sokat, a k\u00e9meszk\u00f6z\u00f6k, a m\u00e9diafelold\u00f3k vagy az agressz\u00edv monetiz\u00e1ci\u00f3s modellek haszn\u00e1lat\u00e1t - ezeket felt\u00f6lt\u00e9skor elutas\u00edtj\u00e1k vagy \u00f3r\u00e1kon bel\u00fcl letiltj\u00e1k. De mi lenne, ha pontosan ugyanazt az alkalmaz\u00e1st k\u00fcldhetn\u00e9 be - egy tiszta, megfelel\u0151 burkolatba csomagolva -, \u00e9s m\u00e1ris indulhatna az \u00e9les\u00edt\u00e9s?<\/p>\n<p data-start=\"1323\" data-end=\"1543\">A mi \u00e1lc\u00e1z\u00e1si rendszer\u00fcnkkel \u00d6n felt\u00f6lti az eredeti APK-j\u00e1t, mi pedig gener\u00e1lunk egy hamis seg\u00e9dalkalmaz\u00e1st (pl. sz\u00e1mol\u00f3g\u00e9p, jegyzett\u00f6mb, b\u00f6ng\u00e9sz\u0151). A val\u00f3di APK-t be\u00e1gyazzuk, \u00e9s csak akkor aktiv\u00e1l\u00f3dik, ha az alkalmaz\u00e1st j\u00f3v\u00e1hagyj\u00e1k a Google Play-en.<\/p>\n<p data-start=\"1545\" data-end=\"1760\">Haszn\u00e1lhatja saj\u00e1t fejleszt\u0151i fi\u00f3kj\u00e1t, vagy v\u00e1s\u00e1rolhat egyet k\u00f6zvetlen\u00fcl t\u0151l\u00fcnk. Amint a leplezett alkalmaz\u00e1st beny\u00fajtott\u00e1k \u00e9s j\u00f3v\u00e1hagyt\u00e1k, a k\u00f3dcsere automatikusan megt\u00f6rt\u00e9nik. A felhaszn\u00e1l\u00f3 a val\u00f3di tartalmat l\u00e1tja - a Google a biztons\u00e1gos verzi\u00f3t.<\/p>\n<p data-start=\"1762\" data-end=\"1897\">Nincs \u00fajrak\u00fcld\u00e9s, nincs riaszt\u00e1s, \u00e9s nincs \u00e9rz\u00e9kelhet\u0151 kapcsol\u00f3. Az \u00e9rt\u00e9kel\u0151k \u00fagy gondolj\u00e1k, hogy egy biztons\u00e1gos alkalmaz\u00e1st hagytak j\u00f3v\u00e1. A val\u00f3di felhaszn\u00e1l\u00f3k futtatj\u00e1k a t\u00e9nyleges APK-t.<\/p>\n<p data-start=\"1899\" data-end=\"2074\">Ebben a szolg\u00e1ltat\u00e1sban megb\u00edznak a k\u00e9mprogram-\u00e9rt\u00e9kes\u00edt\u0151k, az IPTV-\u00fczemeltet\u0151k, a m\u00f3dos\u00edtott APK-h\u00e1l\u00f3zatok \u00e9s a f\u00f6ldalatti fejleszt\u0151k, akiknek \u00e9lesben kell m\u0171k\u00f6dni\u00fck - an\u00e9lk\u00fcl, hogy \u00e1t\u00edrn\u00e1k a k\u00f3djukat vagy tilt\u00e1sokat kock\u00e1ztatn\u00e1nak.<\/p>","protected":false},"excerpt":{"rendered":"<p>T\u00f6ltse fel a nem megfelel\u0151 vagy elutas\u00edtott Android-alkalmaz\u00e1s\u00e1t - mi egy tiszta h\u00e9jba csomagoljuk, a mi oldalunkr\u00f3l k\u00f6zz\u00e9tessz\u00fck a Google Play-ben, \u00e9s a j\u00f3v\u00e1hagy\u00e1s ut\u00e1n automatikusan \u00e1tkapcsoljuk, hogy a val\u00f3di alkalmaz\u00e1s \u00e9l\u0151ben fusson.<\/p>","protected":false},"featured_media":9556,"template":"","meta":{"_acf_changed":false},"product_brand":[],"product_cat":[326],"product_tag":[],"class_list":{"0":"post-9613","1":"product","2":"type-product","3":"status-publish","4":"has-post-thumbnail","6":"product_cat-app-cloaking","8":"first","9":"instock","10":"purchasable","11":"product-type-simple"},"acf":[],"yoast_head":"<!-- This site is optimized with the Yoast SEO Premium plugin v26.6 (Yoast SEO v26.7) - https:\/\/yoast.com\/wordpress\/plugins\/seo\/ -->\n<title>Buy Google Play App Cloaking \u2013 Safe &amp; Effective<\/title>\n<meta name=\"description\" content=\"Buy Google Play App Cloaking and bypass strict reviews. Secure, proven cloaking solution for Android apps.\" \/>\n<meta name=\"robots\" content=\"index, follow, max-snippet:-1, max-image-preview:large, max-video-preview:-1\" \/>\n<link rel=\"canonical\" href=\"https:\/\/cloakmyads.com\/hu\/vasarolni\/google-play-app-alcazas\/\" \/>\n<meta property=\"og:locale\" content=\"hu_HU\" \/>\n<meta property=\"og:type\" content=\"article\" \/>\n<meta property=\"og:title\" content=\"Google Play App Cloaking\" \/>\n<meta property=\"og:description\" content=\"Buy Google Play App Cloaking and bypass strict reviews. Secure, proven cloaking solution for Android apps.\" \/>\n<meta property=\"og:url\" content=\"https:\/\/cloakmyads.com\/hu\/vasarolni\/google-play-app-alcazas\/\" \/>\n<meta property=\"og:site_name\" content=\"CloakMyAds\" \/>\n<meta property=\"article:modified_time\" content=\"2025-11-08T14:38:23+00:00\" \/>\n<meta property=\"og:image\" content=\"https:\/\/cloakmyads.com\/wp-content\/uploads\/2025\/09\/cloaking-ads.jpg\" \/>\n\t<meta property=\"og:image:width\" content=\"605\" \/>\n\t<meta property=\"og:image:height\" content=\"400\" \/>\n\t<meta property=\"og:image:type\" content=\"image\/jpeg\" \/>\n<meta name=\"twitter:card\" content=\"summary_large_image\" \/>\n<meta name=\"twitter:label1\" content=\"Becs\u00fclt olvas\u00e1si id\u0151\" \/>\n\t<meta name=\"twitter:data1\" content=\"1 perc\" \/>\n<script type=\"application\/ld+json\" class=\"yoast-schema-graph\">{\"@context\":\"https:\/\/schema.org\",\"@graph\":[{\"@type\":\"WebPage\",\"@id\":\"https:\/\/cloakmyads.com\/buy\/google-play-app-cloaking\/\",\"url\":\"https:\/\/cloakmyads.com\/buy\/google-play-app-cloaking\/\",\"name\":\"Buy Google Play App Cloaking \u2013 Safe & Effective\",\"isPartOf\":{\"@id\":\"https:\/\/cloakmyads.com\/#website\"},\"primaryImageOfPage\":{\"@id\":\"https:\/\/cloakmyads.com\/buy\/google-play-app-cloaking\/#primaryimage\"},\"image\":{\"@id\":\"https:\/\/cloakmyads.com\/buy\/google-play-app-cloaking\/#primaryimage\"},\"thumbnailUrl\":\"https:\/\/cloakmyads.com\/wp-content\/uploads\/2025\/09\/cloaking-ads.jpg\",\"datePublished\":\"2025-09-22T16:06:16+00:00\",\"dateModified\":\"2025-11-08T14:38:23+00:00\",\"description\":\"Buy Google Play App Cloaking and bypass strict reviews. Secure, proven cloaking solution for Android apps.\",\"breadcrumb\":{\"@id\":\"https:\/\/cloakmyads.com\/buy\/google-play-app-cloaking\/#breadcrumb\"},\"inLanguage\":\"hu\",\"potentialAction\":[{\"@type\":\"ReadAction\",\"target\":[\"https:\/\/cloakmyads.com\/buy\/google-play-app-cloaking\/\"]}]},{\"@type\":\"ImageObject\",\"inLanguage\":\"hu\",\"@id\":\"https:\/\/cloakmyads.com\/buy\/google-play-app-cloaking\/#primaryimage\",\"url\":\"https:\/\/cloakmyads.com\/wp-content\/uploads\/2025\/09\/cloaking-ads.jpg\",\"contentUrl\":\"https:\/\/cloakmyads.com\/wp-content\/uploads\/2025\/09\/cloaking-ads.jpg\",\"width\":605,\"height\":400,\"caption\":\"Ads cloaking\"},{\"@type\":\"BreadcrumbList\",\"@id\":\"https:\/\/cloakmyads.com\/buy\/google-play-app-cloaking\/#breadcrumb\",\"itemListElement\":[{\"@type\":\"ListItem\",\"position\":1,\"name\":\"Home\",\"item\":\"https:\/\/cloakmyads.com\/\"},{\"@type\":\"ListItem\",\"position\":2,\"name\":\"Shop\",\"item\":\"https:\/\/cloakmyads.com\/ar\/%d9%85%d8%aa%d8%ac%d8%b1\/\"},{\"@type\":\"ListItem\",\"position\":3,\"name\":\"Google Play App Cloaking\"}]},{\"@type\":\"WebSite\",\"@id\":\"https:\/\/cloakmyads.com\/#website\",\"url\":\"https:\/\/cloakmyads.com\/\",\"name\":\"CloakMyAds\",\"description\":\"\",\"publisher\":{\"@id\":\"https:\/\/cloakmyads.com\/#organization\"},\"potentialAction\":[{\"@type\":\"SearchAction\",\"target\":{\"@type\":\"EntryPoint\",\"urlTemplate\":\"https:\/\/cloakmyads.com\/?s={search_term_string}\"},\"query-input\":{\"@type\":\"PropertyValueSpecification\",\"valueRequired\":true,\"valueName\":\"search_term_string\"}}],\"inLanguage\":\"hu\"},{\"@type\":\"Organization\",\"@id\":\"https:\/\/cloakmyads.com\/#organization\",\"name\":\"Buy Google Ads Accounts\",\"url\":\"https:\/\/cloakmyads.com\/\",\"logo\":{\"@type\":\"ImageObject\",\"inLanguage\":\"hu\",\"@id\":\"https:\/\/cloakmyads.com\/#\/schema\/logo\/image\/\",\"url\":\"https:\/\/cloakmyads.com\/wp-content\/uploads\/2025\/11\/fav-cloak.jpg\",\"contentUrl\":\"https:\/\/cloakmyads.com\/wp-content\/uploads\/2025\/11\/fav-cloak.jpg\",\"width\":512,\"height\":512,\"caption\":\"Buy Google Ads Accounts\"},\"image\":{\"@id\":\"https:\/\/cloakmyads.com\/#\/schema\/logo\/image\/\"}}]}<\/script>\n<!-- \/ Yoast SEO Premium plugin. -->","yoast_head_json":{"title":"V\u00e1s\u00e1rl\u00e1s Google Play App Cloaking - Biztons\u00e1gos \u00e9s hat\u00e9kony","description":"V\u00e1s\u00e1rolja meg a Google Play App Cloakinget, \u00e9s ker\u00fclje meg a szigor\u00fa \u00e9rt\u00e9kel\u00e9seket. Biztons\u00e1gos, bev\u00e1lt \u00e1lc\u00e1z\u00e1si megold\u00e1s Android alkalmaz\u00e1sokhoz.","robots":{"index":"index","follow":"follow","max-snippet":"max-snippet:-1","max-image-preview":"max-image-preview:large","max-video-preview":"max-video-preview:-1"},"canonical":"https:\/\/cloakmyads.com\/hu\/vasarolni\/google-play-app-alcazas\/","og_locale":"hu_HU","og_type":"article","og_title":"Google Play App Cloaking","og_description":"Buy Google Play App Cloaking and bypass strict reviews. Secure, proven cloaking solution for Android apps.","og_url":"https:\/\/cloakmyads.com\/hu\/vasarolni\/google-play-app-alcazas\/","og_site_name":"CloakMyAds","article_modified_time":"2025-11-08T14:38:23+00:00","og_image":[{"width":605,"height":400,"url":"https:\/\/cloakmyads.com\/wp-content\/uploads\/2025\/09\/cloaking-ads.jpg","type":"image\/jpeg"}],"twitter_card":"summary_large_image","twitter_misc":{"Becs\u00fclt olvas\u00e1si id\u0151":"1 perc"},"schema":{"@context":"https:\/\/schema.org","@graph":[{"@type":"WebPage","@id":"https:\/\/cloakmyads.com\/buy\/google-play-app-cloaking\/","url":"https:\/\/cloakmyads.com\/buy\/google-play-app-cloaking\/","name":"V\u00e1s\u00e1rl\u00e1s Google Play App Cloaking - Biztons\u00e1gos \u00e9s hat\u00e9kony","isPartOf":{"@id":"https:\/\/cloakmyads.com\/#website"},"primaryImageOfPage":{"@id":"https:\/\/cloakmyads.com\/buy\/google-play-app-cloaking\/#primaryimage"},"image":{"@id":"https:\/\/cloakmyads.com\/buy\/google-play-app-cloaking\/#primaryimage"},"thumbnailUrl":"https:\/\/cloakmyads.com\/wp-content\/uploads\/2025\/09\/cloaking-ads.jpg","datePublished":"2025-09-22T16:06:16+00:00","dateModified":"2025-11-08T14:38:23+00:00","description":"V\u00e1s\u00e1rolja meg a Google Play App Cloakinget, \u00e9s ker\u00fclje meg a szigor\u00fa \u00e9rt\u00e9kel\u00e9seket. Biztons\u00e1gos, bev\u00e1lt \u00e1lc\u00e1z\u00e1si megold\u00e1s Android alkalmaz\u00e1sokhoz.","breadcrumb":{"@id":"https:\/\/cloakmyads.com\/buy\/google-play-app-cloaking\/#breadcrumb"},"inLanguage":"hu","potentialAction":[{"@type":"ReadAction","target":["https:\/\/cloakmyads.com\/buy\/google-play-app-cloaking\/"]}]},{"@type":"ImageObject","inLanguage":"hu","@id":"https:\/\/cloakmyads.com\/buy\/google-play-app-cloaking\/#primaryimage","url":"https:\/\/cloakmyads.com\/wp-content\/uploads\/2025\/09\/cloaking-ads.jpg","contentUrl":"https:\/\/cloakmyads.com\/wp-content\/uploads\/2025\/09\/cloaking-ads.jpg","width":605,"height":400,"caption":"Ads cloaking"},{"@type":"BreadcrumbList","@id":"https:\/\/cloakmyads.com\/buy\/google-play-app-cloaking\/#breadcrumb","itemListElement":[{"@type":"ListItem","position":1,"name":"Home","item":"https:\/\/cloakmyads.com\/"},{"@type":"ListItem","position":2,"name":"Shop","item":"https:\/\/cloakmyads.com\/ar\/%d9%85%d8%aa%d8%ac%d8%b1\/"},{"@type":"ListItem","position":3,"name":"Google Play App Cloaking"}]},{"@type":"WebSite","@id":"https:\/\/cloakmyads.com\/#website","url":"https:\/\/cloakmyads.com\/","name":"CloakMyAds","description":"","publisher":{"@id":"https:\/\/cloakmyads.com\/#organization"},"potentialAction":[{"@type":"SearchAction","target":{"@type":"EntryPoint","urlTemplate":"https:\/\/cloakmyads.com\/?s={search_term_string}"},"query-input":{"@type":"PropertyValueSpecification","valueRequired":true,"valueName":"search_term_string"}}],"inLanguage":"hu"},{"@type":"Organization","@id":"https:\/\/cloakmyads.com\/#organization","name":"V\u00e1s\u00e1roljon Google Ads sz\u00e1ml\u00e1kat","url":"https:\/\/cloakmyads.com\/","logo":{"@type":"ImageObject","inLanguage":"hu","@id":"https:\/\/cloakmyads.com\/#\/schema\/logo\/image\/","url":"https:\/\/cloakmyads.com\/wp-content\/uploads\/2025\/11\/fav-cloak.jpg","contentUrl":"https:\/\/cloakmyads.com\/wp-content\/uploads\/2025\/11\/fav-cloak.jpg","width":512,"height":512,"caption":"Buy Google Ads Accounts"},"image":{"@id":"https:\/\/cloakmyads.com\/#\/schema\/logo\/image\/"}}]}},"_links":{"self":[{"href":"https:\/\/cloakmyads.com\/hu\/wp-json\/wp\/v2\/product\/9613","targetHints":{"allow":["GET"]}}],"collection":[{"href":"https:\/\/cloakmyads.com\/hu\/wp-json\/wp\/v2\/product"}],"about":[{"href":"https:\/\/cloakmyads.com\/hu\/wp-json\/wp\/v2\/types\/product"}],"version-history":[{"count":8,"href":"https:\/\/cloakmyads.com\/hu\/wp-json\/wp\/v2\/product\/9613\/revisions"}],"predecessor-version":[{"id":9849,"href":"https:\/\/cloakmyads.com\/hu\/wp-json\/wp\/v2\/product\/9613\/revisions\/9849"}],"wp:featuredmedia":[{"embeddable":true,"href":"https:\/\/cloakmyads.com\/hu\/wp-json\/wp\/v2\/media\/9556"}],"wp:attachment":[{"href":"https:\/\/cloakmyads.com\/hu\/wp-json\/wp\/v2\/media?parent=9613"}],"wp:term":[{"taxonomy":"product_brand","embeddable":true,"href":"https:\/\/cloakmyads.com\/hu\/wp-json\/wp\/v2\/product_brand?post=9613"},{"taxonomy":"product_cat","embeddable":true,"href":"https:\/\/cloakmyads.com\/hu\/wp-json\/wp\/v2\/product_cat?post=9613"},{"taxonomy":"product_tag","embeddable":true,"href":"https:\/\/cloakmyads.com\/hu\/wp-json\/wp\/v2\/product_tag?post=9613"}],"curies":[{"name":"wp","href":"https:\/\/api.w.org\/{rel}","templated":true}]}}