{"id":9597,"date":"2025-09-22T15:33:15","date_gmt":"2025-09-22T14:33:15","guid":{"rendered":"https:\/\/cloakmyads.com\/?post_type=product&#038;p=9597"},"modified":"2025-11-08T09:40:21","modified_gmt":"2025-11-08T14:40:21","slug":"felnott-tarskereso-webkamera-hirdetesek-alcazas","status":"publish","type":"product","link":"https:\/\/cloakmyads.com\/hu\/vasarolni\/felnott-tarskereso-webkamera-hirdetesek-alcazas\/","title":{"rendered":"Feln\u0151tt t\u00e1rskeres\u0151 webkamera hirdet\u00e9sek \u00e1lc\u00e1z\u00e1sa"},"content":{"rendered":"<p data-start=\"386\" data-end=\"649\">Az olyan hirdet\u00e9si platformok, mint a Facebook, a Google \u00e9s a TikTok nem enged\u00e9lyezik a feln\u0151tt tartalmakat, m\u00e9g akkor sem, ha azok enyh\u00e9k vagy szuggeszt\u00edvek. Cloaker\u00fcnkkel biztons\u00e1gosan futtathat <strong data-start=\"525\" data-end=\"541\">feln\u0151tt t\u00e1rskeres\u0151<\/strong>, <strong data-start=\"543\" data-end=\"553\">webkamera<\/strong>, vagy <strong data-start=\"558\" data-end=\"583\">OnlyFans-st\u00edlus\u00fa aj\u00e1nlatok<\/strong> az\u00e1ltal, hogy sz\u00e9tv\u00e1lasztja azt, amit az \u00e9rt\u00e9kel\u0151k l\u00e1tnak, att\u00f3l, amit a val\u00f3di felhaszn\u00e1l\u00f3k tapasztalnak.<\/p>\n<p data-start=\"651\" data-end=\"967\">Haszn\u00e1lja, hogy nyomja <strong data-start=\"666\" data-end=\"689\">sugar daddy landers<\/strong>, <strong data-start=\"691\" data-end=\"712\">\u00f6sszek\u00f6ttet\u00e9s CPA aj\u00e1nlatok<\/strong>, <strong data-start=\"714\" data-end=\"734\">Chaturbate linkek<\/strong>, vagy ak\u00e1r finom <strong data-start=\"751\" data-end=\"774\">szem\u00e9lyis\u00e9g kv\u00edzek<\/strong> amelyek \u00e1tir\u00e1ny\u00edtj\u00e1k a feln\u0151ttek \u00e1raml\u00e1s\u00e1t - mindezt an\u00e9lk\u00fcl, hogy platformsz\u0171r\u0151ket ind\u00edtan\u00e1nak el. A cloaker val\u00f3s id\u0151ben \u00e9szleli a botokat, a fel\u00fclvizsg\u00e1l\u00f3kat \u00e9s a gyan\u00fas forgalmat, \u00e9s \u00e1tir\u00e1ny\u00edtja \u0151ket a tiszta, megfelel\u0151 oldalakra.<\/p>\n<p data-start=\"969\" data-end=\"1181\">Ak\u00e1r Tier-1 forgalmat vezetsz a lead-gen \u0171rlapokra, ak\u00e1r nemzetk\u00f6zi webkamer\u00e1s regisztr\u00e1ci\u00f3kat tolsz, a mi \u00e1lc\u00e1z\u00f3 rendszer\u00fcnkben megb\u00edznak a partnerek, \u00fcgyn\u00f6ks\u00e9gi v\u00e1s\u00e1rl\u00f3k \u00e9s feln\u0151tt forgalmi veter\u00e1nok minden nagyobb platformon.<\/p>","protected":false},"excerpt":{"rendered":"<p>Ker\u00fclje meg a feln\u0151tt aj\u00e1nlatok, t\u00e1rskeres\u0151 t\u00f6lcs\u00e9rek \u00e9s kamer\u00e1s oldalak hirdet\u00e9si korl\u00e1toz\u00e1sait a vil\u00e1g legink\u00e1bb tiltott vertik\u00e1lis ter\u00fcleteire \u00e9p\u00edtett \u00e1lc\u00e1z\u00e1si rendszer seg\u00edts\u00e9g\u00e9vel.<\/p>","protected":false},"featured_media":9556,"template":"","meta":{"_acf_changed":false},"product_brand":[],"product_cat":[325],"product_tag":[],"class_list":{"0":"post-9597","1":"product","2":"type-product","3":"status-publish","4":"has-post-thumbnail","6":"product_cat-cloaking","8":"first","9":"instock","10":"purchasable","11":"product-type-simple"},"acf":[],"yoast_head":"<!-- This site is optimized with the Yoast SEO Premium plugin v26.6 (Yoast SEO v26.7) - https:\/\/yoast.com\/wordpress\/plugins\/seo\/ -->\n<title>Buy Adult &amp; Dating Ads Cloaking \u2013 Run Risky Campaigns<\/title>\n<meta name=\"description\" content=\"Buy Webcam &amp; Adult Dating Ads Cloaking to bypass restrictions, hide sensitive content, and keep campaigns approved longer.\" \/>\n<meta name=\"robots\" content=\"index, follow, max-snippet:-1, max-image-preview:large, max-video-preview:-1\" \/>\n<link rel=\"canonical\" href=\"https:\/\/cloakmyads.com\/hu\/vasarolni\/felnott-tarskereso-webkamera-hirdetesek-alcazas\/\" \/>\n<meta property=\"og:locale\" content=\"hu_HU\" \/>\n<meta property=\"og:type\" content=\"article\" \/>\n<meta property=\"og:title\" content=\"Adult Dating Webcam Ads Cloaking\" \/>\n<meta property=\"og:description\" content=\"Buy Webcam &amp; Adult Dating Ads Cloaking to bypass restrictions, hide sensitive content, and keep campaigns approved longer.\" \/>\n<meta property=\"og:url\" content=\"https:\/\/cloakmyads.com\/hu\/vasarolni\/felnott-tarskereso-webkamera-hirdetesek-alcazas\/\" \/>\n<meta property=\"og:site_name\" content=\"CloakMyAds\" \/>\n<meta property=\"article:modified_time\" content=\"2025-11-08T14:40:21+00:00\" \/>\n<meta property=\"og:image\" content=\"https:\/\/cloakmyads.com\/wp-content\/uploads\/2025\/09\/cloaking-ads.jpg\" \/>\n\t<meta property=\"og:image:width\" content=\"605\" \/>\n\t<meta property=\"og:image:height\" content=\"400\" \/>\n\t<meta property=\"og:image:type\" content=\"image\/jpeg\" \/>\n<meta name=\"twitter:card\" content=\"summary_large_image\" \/>\n<meta name=\"twitter:label1\" content=\"Becs\u00fclt olvas\u00e1si id\u0151\" \/>\n\t<meta name=\"twitter:data1\" content=\"1 perc\" \/>\n<script type=\"application\/ld+json\" class=\"yoast-schema-graph\">{\"@context\":\"https:\/\/schema.org\",\"@graph\":[{\"@type\":\"WebPage\",\"@id\":\"https:\/\/cloakmyads.com\/buy\/adult-dating-webcam-ads-cloaking\/\",\"url\":\"https:\/\/cloakmyads.com\/buy\/adult-dating-webcam-ads-cloaking\/\",\"name\":\"Buy Adult & Dating Ads Cloaking \u2013 Run Risky Campaigns\",\"isPartOf\":{\"@id\":\"https:\/\/cloakmyads.com\/#website\"},\"primaryImageOfPage\":{\"@id\":\"https:\/\/cloakmyads.com\/buy\/adult-dating-webcam-ads-cloaking\/#primaryimage\"},\"image\":{\"@id\":\"https:\/\/cloakmyads.com\/buy\/adult-dating-webcam-ads-cloaking\/#primaryimage\"},\"thumbnailUrl\":\"https:\/\/cloakmyads.com\/wp-content\/uploads\/2025\/09\/cloaking-ads.jpg\",\"datePublished\":\"2025-09-22T14:33:15+00:00\",\"dateModified\":\"2025-11-08T14:40:21+00:00\",\"description\":\"Buy Webcam & Adult Dating Ads Cloaking to bypass restrictions, hide sensitive content, and keep campaigns approved longer.\",\"breadcrumb\":{\"@id\":\"https:\/\/cloakmyads.com\/buy\/adult-dating-webcam-ads-cloaking\/#breadcrumb\"},\"inLanguage\":\"hu\",\"potentialAction\":[{\"@type\":\"ReadAction\",\"target\":[\"https:\/\/cloakmyads.com\/buy\/adult-dating-webcam-ads-cloaking\/\"]}]},{\"@type\":\"ImageObject\",\"inLanguage\":\"hu\",\"@id\":\"https:\/\/cloakmyads.com\/buy\/adult-dating-webcam-ads-cloaking\/#primaryimage\",\"url\":\"https:\/\/cloakmyads.com\/wp-content\/uploads\/2025\/09\/cloaking-ads.jpg\",\"contentUrl\":\"https:\/\/cloakmyads.com\/wp-content\/uploads\/2025\/09\/cloaking-ads.jpg\",\"width\":605,\"height\":400,\"caption\":\"Ads cloaking\"},{\"@type\":\"BreadcrumbList\",\"@id\":\"https:\/\/cloakmyads.com\/buy\/adult-dating-webcam-ads-cloaking\/#breadcrumb\",\"itemListElement\":[{\"@type\":\"ListItem\",\"position\":1,\"name\":\"Home\",\"item\":\"https:\/\/cloakmyads.com\/\"},{\"@type\":\"ListItem\",\"position\":2,\"name\":\"Shop\",\"item\":\"https:\/\/cloakmyads.com\/ar\/%d9%85%d8%aa%d8%ac%d8%b1\/\"},{\"@type\":\"ListItem\",\"position\":3,\"name\":\"Adult Dating Webcam Ads Cloaking\"}]},{\"@type\":\"WebSite\",\"@id\":\"https:\/\/cloakmyads.com\/#website\",\"url\":\"https:\/\/cloakmyads.com\/\",\"name\":\"CloakMyAds\",\"description\":\"\",\"publisher\":{\"@id\":\"https:\/\/cloakmyads.com\/#organization\"},\"potentialAction\":[{\"@type\":\"SearchAction\",\"target\":{\"@type\":\"EntryPoint\",\"urlTemplate\":\"https:\/\/cloakmyads.com\/?s={search_term_string}\"},\"query-input\":{\"@type\":\"PropertyValueSpecification\",\"valueRequired\":true,\"valueName\":\"search_term_string\"}}],\"inLanguage\":\"hu\"},{\"@type\":\"Organization\",\"@id\":\"https:\/\/cloakmyads.com\/#organization\",\"name\":\"Buy Google Ads Accounts\",\"url\":\"https:\/\/cloakmyads.com\/\",\"logo\":{\"@type\":\"ImageObject\",\"inLanguage\":\"hu\",\"@id\":\"https:\/\/cloakmyads.com\/#\/schema\/logo\/image\/\",\"url\":\"https:\/\/cloakmyads.com\/wp-content\/uploads\/2025\/11\/fav-cloak.jpg\",\"contentUrl\":\"https:\/\/cloakmyads.com\/wp-content\/uploads\/2025\/11\/fav-cloak.jpg\",\"width\":512,\"height\":512,\"caption\":\"Buy Google Ads Accounts\"},\"image\":{\"@id\":\"https:\/\/cloakmyads.com\/#\/schema\/logo\/image\/\"}}]}<\/script>\n<!-- \/ Yoast SEO Premium plugin. -->","yoast_head_json":{"title":"V\u00e1s\u00e1rl\u00e1s Adult &amp; Dating Ads Cloaking - Kock\u00e1zatos kamp\u00e1nyok futtat\u00e1sa","description":"V\u00e1s\u00e1roljon webkamera \u00e9s feln\u0151tt t\u00e1rskeres\u0151 hirdet\u00e9sek \u00e1lc\u00e1z\u00e1s\u00e1t a korl\u00e1toz\u00e1sok megker\u00fcl\u00e9se, az \u00e9rz\u00e9keny tartalom elrejt\u00e9se \u00e9s a kamp\u00e1nyok hosszabb ideig t\u00f6rt\u00e9n\u0151 j\u00f3v\u00e1hagy\u00e1sa \u00e9rdek\u00e9ben.","robots":{"index":"index","follow":"follow","max-snippet":"max-snippet:-1","max-image-preview":"max-image-preview:large","max-video-preview":"max-video-preview:-1"},"canonical":"https:\/\/cloakmyads.com\/hu\/vasarolni\/felnott-tarskereso-webkamera-hirdetesek-alcazas\/","og_locale":"hu_HU","og_type":"article","og_title":"Adult Dating Webcam Ads Cloaking","og_description":"Buy Webcam & Adult Dating Ads Cloaking to bypass restrictions, hide sensitive content, and keep campaigns approved longer.","og_url":"https:\/\/cloakmyads.com\/hu\/vasarolni\/felnott-tarskereso-webkamera-hirdetesek-alcazas\/","og_site_name":"CloakMyAds","article_modified_time":"2025-11-08T14:40:21+00:00","og_image":[{"width":605,"height":400,"url":"https:\/\/cloakmyads.com\/wp-content\/uploads\/2025\/09\/cloaking-ads.jpg","type":"image\/jpeg"}],"twitter_card":"summary_large_image","twitter_misc":{"Becs\u00fclt olvas\u00e1si id\u0151":"1 perc"},"schema":{"@context":"https:\/\/schema.org","@graph":[{"@type":"WebPage","@id":"https:\/\/cloakmyads.com\/buy\/adult-dating-webcam-ads-cloaking\/","url":"https:\/\/cloakmyads.com\/buy\/adult-dating-webcam-ads-cloaking\/","name":"V\u00e1s\u00e1rl\u00e1s Adult &amp; Dating Ads Cloaking - Kock\u00e1zatos kamp\u00e1nyok futtat\u00e1sa","isPartOf":{"@id":"https:\/\/cloakmyads.com\/#website"},"primaryImageOfPage":{"@id":"https:\/\/cloakmyads.com\/buy\/adult-dating-webcam-ads-cloaking\/#primaryimage"},"image":{"@id":"https:\/\/cloakmyads.com\/buy\/adult-dating-webcam-ads-cloaking\/#primaryimage"},"thumbnailUrl":"https:\/\/cloakmyads.com\/wp-content\/uploads\/2025\/09\/cloaking-ads.jpg","datePublished":"2025-09-22T14:33:15+00:00","dateModified":"2025-11-08T14:40:21+00:00","description":"V\u00e1s\u00e1roljon webkamera \u00e9s feln\u0151tt t\u00e1rskeres\u0151 hirdet\u00e9sek \u00e1lc\u00e1z\u00e1s\u00e1t a korl\u00e1toz\u00e1sok megker\u00fcl\u00e9se, az \u00e9rz\u00e9keny tartalom elrejt\u00e9se \u00e9s a kamp\u00e1nyok hosszabb ideig t\u00f6rt\u00e9n\u0151 j\u00f3v\u00e1hagy\u00e1sa \u00e9rdek\u00e9ben.","breadcrumb":{"@id":"https:\/\/cloakmyads.com\/buy\/adult-dating-webcam-ads-cloaking\/#breadcrumb"},"inLanguage":"hu","potentialAction":[{"@type":"ReadAction","target":["https:\/\/cloakmyads.com\/buy\/adult-dating-webcam-ads-cloaking\/"]}]},{"@type":"ImageObject","inLanguage":"hu","@id":"https:\/\/cloakmyads.com\/buy\/adult-dating-webcam-ads-cloaking\/#primaryimage","url":"https:\/\/cloakmyads.com\/wp-content\/uploads\/2025\/09\/cloaking-ads.jpg","contentUrl":"https:\/\/cloakmyads.com\/wp-content\/uploads\/2025\/09\/cloaking-ads.jpg","width":605,"height":400,"caption":"Ads cloaking"},{"@type":"BreadcrumbList","@id":"https:\/\/cloakmyads.com\/buy\/adult-dating-webcam-ads-cloaking\/#breadcrumb","itemListElement":[{"@type":"ListItem","position":1,"name":"Home","item":"https:\/\/cloakmyads.com\/"},{"@type":"ListItem","position":2,"name":"Shop","item":"https:\/\/cloakmyads.com\/ar\/%d9%85%d8%aa%d8%ac%d8%b1\/"},{"@type":"ListItem","position":3,"name":"Adult Dating Webcam Ads Cloaking"}]},{"@type":"WebSite","@id":"https:\/\/cloakmyads.com\/#website","url":"https:\/\/cloakmyads.com\/","name":"CloakMyAds","description":"","publisher":{"@id":"https:\/\/cloakmyads.com\/#organization"},"potentialAction":[{"@type":"SearchAction","target":{"@type":"EntryPoint","urlTemplate":"https:\/\/cloakmyads.com\/?s={search_term_string}"},"query-input":{"@type":"PropertyValueSpecification","valueRequired":true,"valueName":"search_term_string"}}],"inLanguage":"hu"},{"@type":"Organization","@id":"https:\/\/cloakmyads.com\/#organization","name":"V\u00e1s\u00e1roljon Google Ads sz\u00e1ml\u00e1kat","url":"https:\/\/cloakmyads.com\/","logo":{"@type":"ImageObject","inLanguage":"hu","@id":"https:\/\/cloakmyads.com\/#\/schema\/logo\/image\/","url":"https:\/\/cloakmyads.com\/wp-content\/uploads\/2025\/11\/fav-cloak.jpg","contentUrl":"https:\/\/cloakmyads.com\/wp-content\/uploads\/2025\/11\/fav-cloak.jpg","width":512,"height":512,"caption":"Buy Google Ads Accounts"},"image":{"@id":"https:\/\/cloakmyads.com\/#\/schema\/logo\/image\/"}}]}},"_links":{"self":[{"href":"https:\/\/cloakmyads.com\/hu\/wp-json\/wp\/v2\/product\/9597","targetHints":{"allow":["GET"]}}],"collection":[{"href":"https:\/\/cloakmyads.com\/hu\/wp-json\/wp\/v2\/product"}],"about":[{"href":"https:\/\/cloakmyads.com\/hu\/wp-json\/wp\/v2\/types\/product"}],"version-history":[{"count":3,"href":"https:\/\/cloakmyads.com\/hu\/wp-json\/wp\/v2\/product\/9597\/revisions"}],"predecessor-version":[{"id":9855,"href":"https:\/\/cloakmyads.com\/hu\/wp-json\/wp\/v2\/product\/9597\/revisions\/9855"}],"wp:featuredmedia":[{"embeddable":true,"href":"https:\/\/cloakmyads.com\/hu\/wp-json\/wp\/v2\/media\/9556"}],"wp:attachment":[{"href":"https:\/\/cloakmyads.com\/hu\/wp-json\/wp\/v2\/media?parent=9597"}],"wp:term":[{"taxonomy":"product_brand","embeddable":true,"href":"https:\/\/cloakmyads.com\/hu\/wp-json\/wp\/v2\/product_brand?post=9597"},{"taxonomy":"product_cat","embeddable":true,"href":"https:\/\/cloakmyads.com\/hu\/wp-json\/wp\/v2\/product_cat?post=9597"},{"taxonomy":"product_tag","embeddable":true,"href":"https:\/\/cloakmyads.com\/hu\/wp-json\/wp\/v2\/product_tag?post=9597"}],"curies":[{"name":"wp","href":"https:\/\/api.w.org\/{rel}","templated":true}]}}