{"id":9546,"date":"2025-09-22T12:25:39","date_gmt":"2025-09-22T11:25:39","guid":{"rendered":"https:\/\/cloakmyads.com\/?post_type=product&#038;p=9546"},"modified":"2025-11-08T09:41:47","modified_gmt":"2025-11-08T14:41:47","slug":"microsoft-hirdetesek-hitelkartya-bing-szamlazas","status":"publish","type":"product","link":"https:\/\/cloakmyads.com\/hu\/vasarolni\/microsoft-hirdetesek-hitelkartya-bing-szamlazas\/","title":{"rendered":"Microsoft Ads Hitelk\u00e1rtya"},"content":{"rendered":"<p data-start=\"893\" data-end=\"1188\">A Microsoft Ads szigor\u00fa a sz\u00e1ml\u00e1z\u00e1s \u00e9rv\u00e9nyes\u00edt\u00e9s\u00e9t illet\u0151en, k\u00fcl\u00f6n\u00f6sen az \u00faj fi\u00f3kok, a nagy volumen\u0171 kamp\u00e1nyok vagy a nemzetk\u00f6zi hirdet\u0151k eset\u00e9ben. A <strong data-start=\"1040\" data-end=\"1084\">el\u0151re felt\u00f6lt\u00f6tt hitelk\u00e1rty\u00e1k a Microsoft Ads sz\u00e1m\u00e1ra<\/strong> \u00fagy vannak be\u00e1ll\u00edtva, hogy megfeleljenek a sz\u00e1ml\u00e1z\u00e1si szabv\u00e1nyaiknak, \u00e9s azonnal hozz\u00e1adhat\u00f3k ellen\u0151rz\u00f6tt fizet\u00e9si m\u00f3dk\u00e9nt.<\/p>\n<p data-start=\"1190\" data-end=\"1378\">Ezek a k\u00e1rty\u00e1k az eg\u00e9sz <strong data-start=\"1218\" data-end=\"1253\">Microsoft hirdet\u00e9si \u00f6kosziszt\u00e9ma<\/strong>, bele\u00e9rtve a Bing keres\u00e9st, a Microsoft Edge elhelyez\u00e9seket \u00e9s a partnerh\u00e1l\u00f3zatokat - maxim\u00e1lis el\u00e9r\u00e9st biztos\u00edtva \u00d6nnek, nulla fizet\u00e9si probl\u00e9m\u00e1val.<\/p>\n<p data-start=\"1380\" data-end=\"1625\">Minden k\u00e1rtya a k\u00f6vetkez\u0151ket tartalmazza <strong data-start=\"1399\" data-end=\"1429\">4 \u00e9v akt\u00edv \u00e9rv\u00e9nyess\u00e9gi id\u0151<\/strong>, testre szabhat\u00f3 a sz\u00e1ml\u00e1z\u00e1si adatokkal, \u00e9s azonnali felt\u00f6lt\u00e9st fogad el kript\u00f3n (TRC20\/USDT), Wise, Revolut, PayPal, Skrill \u00e9s m\u00e1s eszk\u00f6z\u00f6k\u00f6n kereszt\u00fcl - ide\u00e1lis a keres\u00e9si kamp\u00e1nyok megszak\u00edt\u00e1s n\u00e9lk\u00fcli sk\u00e1l\u00e1z\u00e1s\u00e1hoz.<\/p>\n<p data-start=\"1627\" data-end=\"1777\">T\u00f6k\u00e9letes <strong data-start=\"1639\" data-end=\"1687\">keres\u0151marketingesek, B2B hirdet\u00e9si v\u00e1s\u00e1rl\u00f3k, SaaS m\u00e1rk\u00e1k<\/strong>, valamint olyan \u00fcgyfeleket kezel\u0151 \u00fcgyn\u00f6ks\u00e9gek, amelyeknek megb\u00edzhat\u00f3, megszak\u00edt\u00e1s n\u00e9lk\u00fcli Microsoft Ads sz\u00e1ml\u00e1z\u00e1sra van sz\u00fcks\u00e9g\u00fck.<\/p>","protected":false},"excerpt":{"rendered":"<p>Ellen\u0151rz\u00f6tt hitelk\u00e1rty\u00e1k a Microsoft Ads sz\u00e1ml\u00e1z\u00e1shoz - el\u0151ret\u00f6lt\u00f6tt, stabil \u00e9s a Bing \u00e9s a Microsoft hirdet\u00e9si platformokon val\u00f3 m\u0171k\u00f6d\u00e9sre j\u00f3v\u00e1hagyott hitelk\u00e1rty\u00e1k.<\/p>","protected":false},"featured_media":9453,"template":"","meta":{"_acf_changed":false},"product_brand":[],"product_cat":[324],"product_tag":[],"class_list":{"0":"post-9546","1":"product","2":"type-product","3":"status-publish","4":"has-post-thumbnail","6":"product_cat-ads-credit-cards","8":"first","9":"instock","10":"purchasable","11":"product-type-simple"},"acf":[],"yoast_head":"<!-- This site is optimized with the Yoast SEO Premium plugin v26.6 (Yoast SEO v26.7) - https:\/\/yoast.com\/wordpress\/plugins\/seo\/ -->\n<title>Buy Microsoft Ads Credit Card \u2013 Verified Virtual Card<\/title>\n<meta name=\"description\" content=\"Buy Microsoft Ads Credit Card for instant ad account funding and verification. Reliable virtual card solution for Microsoft Ads campaigns.\" \/>\n<meta name=\"robots\" content=\"index, follow, max-snippet:-1, max-image-preview:large, max-video-preview:-1\" \/>\n<link rel=\"canonical\" href=\"https:\/\/cloakmyads.com\/hu\/vasarolni\/microsoft-hirdetesek-hitelkartya-bing-szamlazas\/\" \/>\n<meta property=\"og:locale\" content=\"hu_HU\" \/>\n<meta property=\"og:type\" content=\"article\" \/>\n<meta property=\"og:title\" content=\"Microsoft Ads Credit Card\" \/>\n<meta property=\"og:description\" content=\"Buy Microsoft Ads Credit Card for instant ad account funding and verification. Reliable virtual card solution for Microsoft Ads campaigns.\" \/>\n<meta property=\"og:url\" content=\"https:\/\/cloakmyads.com\/hu\/vasarolni\/microsoft-hirdetesek-hitelkartya-bing-szamlazas\/\" \/>\n<meta property=\"og:site_name\" content=\"CloakMyAds\" \/>\n<meta property=\"article:modified_time\" content=\"2025-11-08T14:41:47+00:00\" \/>\n<meta property=\"og:image\" content=\"https:\/\/cloakmyads.com\/wp-content\/uploads\/2025\/09\/google-ads-credit-cards.jpg\" \/>\n\t<meta property=\"og:image:width\" content=\"605\" \/>\n\t<meta property=\"og:image:height\" content=\"400\" \/>\n\t<meta property=\"og:image:type\" content=\"image\/jpeg\" \/>\n<meta name=\"twitter:card\" content=\"summary_large_image\" \/>\n<meta name=\"twitter:label1\" content=\"Becs\u00fclt olvas\u00e1si id\u0151\" \/>\n\t<meta name=\"twitter:data1\" content=\"1 perc\" \/>\n<script type=\"application\/ld+json\" class=\"yoast-schema-graph\">{\"@context\":\"https:\/\/schema.org\",\"@graph\":[{\"@type\":\"WebPage\",\"@id\":\"https:\/\/cloakmyads.com\/buy\/microsoft-ads-credit-card-bing-billing\/\",\"url\":\"https:\/\/cloakmyads.com\/buy\/microsoft-ads-credit-card-bing-billing\/\",\"name\":\"Buy Microsoft Ads Credit Card \u2013 Verified Virtual Card\",\"isPartOf\":{\"@id\":\"https:\/\/cloakmyads.com\/#website\"},\"primaryImageOfPage\":{\"@id\":\"https:\/\/cloakmyads.com\/buy\/microsoft-ads-credit-card-bing-billing\/#primaryimage\"},\"image\":{\"@id\":\"https:\/\/cloakmyads.com\/buy\/microsoft-ads-credit-card-bing-billing\/#primaryimage\"},\"thumbnailUrl\":\"https:\/\/cloakmyads.com\/wp-content\/uploads\/2025\/09\/google-ads-credit-cards.jpg\",\"datePublished\":\"2025-09-22T11:25:39+00:00\",\"dateModified\":\"2025-11-08T14:41:47+00:00\",\"description\":\"Buy Microsoft Ads Credit Card for instant ad account funding and verification. Reliable virtual card solution for Microsoft Ads campaigns.\",\"breadcrumb\":{\"@id\":\"https:\/\/cloakmyads.com\/buy\/microsoft-ads-credit-card-bing-billing\/#breadcrumb\"},\"inLanguage\":\"hu\",\"potentialAction\":[{\"@type\":\"ReadAction\",\"target\":[\"https:\/\/cloakmyads.com\/buy\/microsoft-ads-credit-card-bing-billing\/\"]}]},{\"@type\":\"ImageObject\",\"inLanguage\":\"hu\",\"@id\":\"https:\/\/cloakmyads.com\/buy\/microsoft-ads-credit-card-bing-billing\/#primaryimage\",\"url\":\"https:\/\/cloakmyads.com\/wp-content\/uploads\/2025\/09\/google-ads-credit-cards.jpg\",\"contentUrl\":\"https:\/\/cloakmyads.com\/wp-content\/uploads\/2025\/09\/google-ads-credit-cards.jpg\",\"width\":605,\"height\":400,\"caption\":\"Google Ads Credit Cards\"},{\"@type\":\"BreadcrumbList\",\"@id\":\"https:\/\/cloakmyads.com\/buy\/microsoft-ads-credit-card-bing-billing\/#breadcrumb\",\"itemListElement\":[{\"@type\":\"ListItem\",\"position\":1,\"name\":\"Home\",\"item\":\"https:\/\/cloakmyads.com\/\"},{\"@type\":\"ListItem\",\"position\":2,\"name\":\"Shop\",\"item\":\"https:\/\/cloakmyads.com\/ar\/%d9%85%d8%aa%d8%ac%d8%b1\/\"},{\"@type\":\"ListItem\",\"position\":3,\"name\":\"Microsoft Ads Credit Card\"}]},{\"@type\":\"WebSite\",\"@id\":\"https:\/\/cloakmyads.com\/#website\",\"url\":\"https:\/\/cloakmyads.com\/\",\"name\":\"CloakMyAds\",\"description\":\"\",\"publisher\":{\"@id\":\"https:\/\/cloakmyads.com\/#organization\"},\"potentialAction\":[{\"@type\":\"SearchAction\",\"target\":{\"@type\":\"EntryPoint\",\"urlTemplate\":\"https:\/\/cloakmyads.com\/?s={search_term_string}\"},\"query-input\":{\"@type\":\"PropertyValueSpecification\",\"valueRequired\":true,\"valueName\":\"search_term_string\"}}],\"inLanguage\":\"hu\"},{\"@type\":\"Organization\",\"@id\":\"https:\/\/cloakmyads.com\/#organization\",\"name\":\"Buy Google Ads Accounts\",\"url\":\"https:\/\/cloakmyads.com\/\",\"logo\":{\"@type\":\"ImageObject\",\"inLanguage\":\"hu\",\"@id\":\"https:\/\/cloakmyads.com\/#\/schema\/logo\/image\/\",\"url\":\"https:\/\/cloakmyads.com\/wp-content\/uploads\/2025\/11\/fav-cloak.jpg\",\"contentUrl\":\"https:\/\/cloakmyads.com\/wp-content\/uploads\/2025\/11\/fav-cloak.jpg\",\"width\":512,\"height\":512,\"caption\":\"Buy Google Ads Accounts\"},\"image\":{\"@id\":\"https:\/\/cloakmyads.com\/#\/schema\/logo\/image\/\"}}]}<\/script>\n<!-- \/ Yoast SEO Premium plugin. -->","yoast_head_json":{"title":"V\u00e1s\u00e1rl\u00e1s Microsoft Ads hitelk\u00e1rtya - Ellen\u0151rz\u00f6tt virtu\u00e1lis k\u00e1rtya","description":"V\u00e1s\u00e1roljon Microsoft Ads hitelk\u00e1rty\u00e1t a hirdet\u00e9si fi\u00f3k azonnali finansz\u00edroz\u00e1s\u00e1hoz \u00e9s ellen\u0151rz\u00e9s\u00e9hez. Megb\u00edzhat\u00f3 virtu\u00e1lis k\u00e1rty\u00e1s megold\u00e1s Microsoft Ads kamp\u00e1nyokhoz.","robots":{"index":"index","follow":"follow","max-snippet":"max-snippet:-1","max-image-preview":"max-image-preview:large","max-video-preview":"max-video-preview:-1"},"canonical":"https:\/\/cloakmyads.com\/hu\/vasarolni\/microsoft-hirdetesek-hitelkartya-bing-szamlazas\/","og_locale":"hu_HU","og_type":"article","og_title":"Microsoft Ads Credit Card","og_description":"Buy Microsoft Ads Credit Card for instant ad account funding and verification. Reliable virtual card solution for Microsoft Ads campaigns.","og_url":"https:\/\/cloakmyads.com\/hu\/vasarolni\/microsoft-hirdetesek-hitelkartya-bing-szamlazas\/","og_site_name":"CloakMyAds","article_modified_time":"2025-11-08T14:41:47+00:00","og_image":[{"width":605,"height":400,"url":"https:\/\/cloakmyads.com\/wp-content\/uploads\/2025\/09\/google-ads-credit-cards.jpg","type":"image\/jpeg"}],"twitter_card":"summary_large_image","twitter_misc":{"Becs\u00fclt olvas\u00e1si id\u0151":"1 perc"},"schema":{"@context":"https:\/\/schema.org","@graph":[{"@type":"WebPage","@id":"https:\/\/cloakmyads.com\/buy\/microsoft-ads-credit-card-bing-billing\/","url":"https:\/\/cloakmyads.com\/buy\/microsoft-ads-credit-card-bing-billing\/","name":"V\u00e1s\u00e1rl\u00e1s Microsoft Ads hitelk\u00e1rtya - Ellen\u0151rz\u00f6tt virtu\u00e1lis k\u00e1rtya","isPartOf":{"@id":"https:\/\/cloakmyads.com\/#website"},"primaryImageOfPage":{"@id":"https:\/\/cloakmyads.com\/buy\/microsoft-ads-credit-card-bing-billing\/#primaryimage"},"image":{"@id":"https:\/\/cloakmyads.com\/buy\/microsoft-ads-credit-card-bing-billing\/#primaryimage"},"thumbnailUrl":"https:\/\/cloakmyads.com\/wp-content\/uploads\/2025\/09\/google-ads-credit-cards.jpg","datePublished":"2025-09-22T11:25:39+00:00","dateModified":"2025-11-08T14:41:47+00:00","description":"V\u00e1s\u00e1roljon Microsoft Ads hitelk\u00e1rty\u00e1t a hirdet\u00e9si fi\u00f3k azonnali finansz\u00edroz\u00e1s\u00e1hoz \u00e9s ellen\u0151rz\u00e9s\u00e9hez. Megb\u00edzhat\u00f3 virtu\u00e1lis k\u00e1rty\u00e1s megold\u00e1s Microsoft Ads kamp\u00e1nyokhoz.","breadcrumb":{"@id":"https:\/\/cloakmyads.com\/buy\/microsoft-ads-credit-card-bing-billing\/#breadcrumb"},"inLanguage":"hu","potentialAction":[{"@type":"ReadAction","target":["https:\/\/cloakmyads.com\/buy\/microsoft-ads-credit-card-bing-billing\/"]}]},{"@type":"ImageObject","inLanguage":"hu","@id":"https:\/\/cloakmyads.com\/buy\/microsoft-ads-credit-card-bing-billing\/#primaryimage","url":"https:\/\/cloakmyads.com\/wp-content\/uploads\/2025\/09\/google-ads-credit-cards.jpg","contentUrl":"https:\/\/cloakmyads.com\/wp-content\/uploads\/2025\/09\/google-ads-credit-cards.jpg","width":605,"height":400,"caption":"Google Ads Credit Cards"},{"@type":"BreadcrumbList","@id":"https:\/\/cloakmyads.com\/buy\/microsoft-ads-credit-card-bing-billing\/#breadcrumb","itemListElement":[{"@type":"ListItem","position":1,"name":"Home","item":"https:\/\/cloakmyads.com\/"},{"@type":"ListItem","position":2,"name":"Shop","item":"https:\/\/cloakmyads.com\/ar\/%d9%85%d8%aa%d8%ac%d8%b1\/"},{"@type":"ListItem","position":3,"name":"Microsoft Ads Credit Card"}]},{"@type":"WebSite","@id":"https:\/\/cloakmyads.com\/#website","url":"https:\/\/cloakmyads.com\/","name":"CloakMyAds","description":"","publisher":{"@id":"https:\/\/cloakmyads.com\/#organization"},"potentialAction":[{"@type":"SearchAction","target":{"@type":"EntryPoint","urlTemplate":"https:\/\/cloakmyads.com\/?s={search_term_string}"},"query-input":{"@type":"PropertyValueSpecification","valueRequired":true,"valueName":"search_term_string"}}],"inLanguage":"hu"},{"@type":"Organization","@id":"https:\/\/cloakmyads.com\/#organization","name":"V\u00e1s\u00e1roljon Google Ads sz\u00e1ml\u00e1kat","url":"https:\/\/cloakmyads.com\/","logo":{"@type":"ImageObject","inLanguage":"hu","@id":"https:\/\/cloakmyads.com\/#\/schema\/logo\/image\/","url":"https:\/\/cloakmyads.com\/wp-content\/uploads\/2025\/11\/fav-cloak.jpg","contentUrl":"https:\/\/cloakmyads.com\/wp-content\/uploads\/2025\/11\/fav-cloak.jpg","width":512,"height":512,"caption":"Buy Google Ads Accounts"},"image":{"@id":"https:\/\/cloakmyads.com\/#\/schema\/logo\/image\/"}}]}},"_links":{"self":[{"href":"https:\/\/cloakmyads.com\/hu\/wp-json\/wp\/v2\/product\/9546","targetHints":{"allow":["GET"]}}],"collection":[{"href":"https:\/\/cloakmyads.com\/hu\/wp-json\/wp\/v2\/product"}],"about":[{"href":"https:\/\/cloakmyads.com\/hu\/wp-json\/wp\/v2\/types\/product"}],"version-history":[{"count":2,"href":"https:\/\/cloakmyads.com\/hu\/wp-json\/wp\/v2\/product\/9546\/revisions"}],"predecessor-version":[{"id":9860,"href":"https:\/\/cloakmyads.com\/hu\/wp-json\/wp\/v2\/product\/9546\/revisions\/9860"}],"wp:featuredmedia":[{"embeddable":true,"href":"https:\/\/cloakmyads.com\/hu\/wp-json\/wp\/v2\/media\/9453"}],"wp:attachment":[{"href":"https:\/\/cloakmyads.com\/hu\/wp-json\/wp\/v2\/media?parent=9546"}],"wp:term":[{"taxonomy":"product_brand","embeddable":true,"href":"https:\/\/cloakmyads.com\/hu\/wp-json\/wp\/v2\/product_brand?post=9546"},{"taxonomy":"product_cat","embeddable":true,"href":"https:\/\/cloakmyads.com\/hu\/wp-json\/wp\/v2\/product_cat?post=9546"},{"taxonomy":"product_tag","embeddable":true,"href":"https:\/\/cloakmyads.com\/hu\/wp-json\/wp\/v2\/product_tag?post=9546"}],"curies":[{"name":"wp","href":"https:\/\/api.w.org\/{rel}","templated":true}]}}