{"id":9542,"date":"2025-09-22T12:15:11","date_gmt":"2025-09-22T11:15:11","guid":{"rendered":"https:\/\/cloakmyads.com\/?post_type=product&#038;p=9542"},"modified":"2025-11-08T09:42:02","modified_gmt":"2025-11-08T14:42:02","slug":"linkedin-hirdetesek-hitelkartya-szamlazas","status":"publish","type":"product","link":"https:\/\/cloakmyads.com\/hu\/vasarolni\/linkedin-hirdetesek-hitelkartya-szamlazas\/","title":{"rendered":"Linkedin Hirdet\u00e9sek Hitelk\u00e1rtya"},"content":{"rendered":"<p data-start=\"801\" data-end=\"1075\">A LinkedIn szigor\u00fa a sz\u00e1ml\u00e1z\u00e1si m\u00f3dszereket illet\u0151en - k\u00fcl\u00f6n\u00f6sen az \u00faj fi\u00f3kok, a nagy \u00e9rt\u00e9k\u0171 kamp\u00e1nyok vagy az \u00fcgyn\u00f6ks\u00e9gi v\u00e1s\u00e1rl\u00f3k eset\u00e9ben. A <strong data-start=\"929\" data-end=\"958\">LinkedIn Ads hitelk\u00e1rty\u00e1k<\/strong> \u00fagy vannak be\u00e1ll\u00edtva, hogy \u00e1tmenjenek a fizet\u00e9si ellen\u0151rz\u00e9seken, \u00e9s teljesen ellen\u0151rz\u00f6tt sz\u00e1ml\u00e1z\u00e1si m\u00f3dokk\u00e9nt m\u0171k\u00f6djenek a hirdet\u00e9si fi\u00f3kj\u00e1n bel\u00fcl.<\/p>\n<p data-start=\"1077\" data-end=\"1295\">Ezek a k\u00e1rty\u00e1k k\u00e9szen \u00e1llnak a haszn\u00e1latra <strong data-start=\"1109\" data-end=\"1138\">LinkedIn kamp\u00e1nymenedzser<\/strong> \u00e9s teljes ellen\u0151rz\u00e9st biztos\u00edt a sz\u00e1ml\u00e1z\u00e1si identit\u00e1sod felett. Nincsenek k\u00e1rtyahib\u00e1k. Nincsenek gyan\u00fas tev\u00e9kenys\u00e9gre utal\u00f3 jelek. Csak z\u00f6kken\u0151mentes hirdet\u00e9sk\u00e9zbes\u00edt\u00e9s az \u00d6n szakmai k\u00f6z\u00f6ns\u00e9ge sz\u00e1m\u00e1ra.<\/p>\n<p data-start=\"1297\" data-end=\"1554\">Minden k\u00e1rty\u00e1nak van <strong data-start=\"1311\" data-end=\"1330\">4 \u00e9ves \u00e9rv\u00e9nyess\u00e9g<\/strong>, \u00e9s regisztr\u00e1lhatja az \u00d6n \u00e1ltal prefer\u00e1lt c\u00e9gn\u00e9vvel, c\u00edmmel \u00e9s r\u00e9gi\u00f3val. K\u00e1rty\u00e1j\u00e1t b\u00e1rmikor finansz\u00edrozhatja a platformunkon kereszt\u00fcl kriptovaluta, PayPal, Wise, Revolut \u00e9s egy\u00e9b eszk\u00f6z\u00f6kkel - ide\u00e1lis a gyorsan mozg\u00f3 \u00fcgyn\u00f6ks\u00e9gek \u00e9s egy\u00e9ni marketingesek sz\u00e1m\u00e1ra.<\/p>\n<p data-start=\"1556\" data-end=\"1717\">T\u00f6k\u00e9letes <strong data-start=\"1568\" data-end=\"1650\">B2B hirdet\u0151k, SaaS-alap\u00edt\u00f3k, tan\u00e1csad\u00f3k, \u00fcgyn\u00f6ks\u00e9gi csapatok \u00e9s lead-gen v\u00e1s\u00e1rl\u00f3k<\/strong> nagy bizalmat \u00e9lvez\u0151 kamp\u00e1nyok futtat\u00e1sa, ahol a sz\u00e1ml\u00e1z\u00e1s stabilit\u00e1sa a legfontosabb.<\/p>","protected":false},"excerpt":{"rendered":"<p>LinkedIn Ads sz\u00e1ml\u00e1z\u00e1shoz tervezett, ellen\u0151rz\u00f6tt hitelk\u00e1rty\u00e1k - el\u0151re felt\u00f6ltve, kompatibilisek \u00e9s k\u00e9szen \u00e1llnak a B2B kamp\u00e1nyok m\u00e9retez\u00e9s\u00e9re.<\/p>","protected":false},"featured_media":9453,"template":"","meta":{"_acf_changed":false},"product_brand":[],"product_cat":[324],"product_tag":[],"class_list":{"0":"post-9542","1":"product","2":"type-product","3":"status-publish","4":"has-post-thumbnail","6":"product_cat-ads-credit-cards","8":"first","9":"instock","10":"purchasable","11":"product-type-simple"},"acf":[],"yoast_head":"<!-- This site is optimized with the Yoast SEO Premium plugin v26.6 (Yoast SEO v26.7) - https:\/\/yoast.com\/wordpress\/plugins\/seo\/ -->\n<title>Buy LinkedIn Ads Credit Card \u2013 Verified Virtual Card<\/title>\n<meta name=\"description\" content=\"Buy LinkedIn Ads Credit Card for quick account funding and verification. Reliable virtual card solution for LinkedIn Ads campaigns.\" \/>\n<meta name=\"robots\" content=\"index, follow, max-snippet:-1, max-image-preview:large, max-video-preview:-1\" \/>\n<link rel=\"canonical\" href=\"https:\/\/cloakmyads.com\/hu\/vasarolni\/linkedin-hirdetesek-hitelkartya-szamlazas\/\" \/>\n<meta property=\"og:locale\" content=\"hu_HU\" \/>\n<meta property=\"og:type\" content=\"article\" \/>\n<meta property=\"og:title\" content=\"Linkedin Ads Credit Card\" \/>\n<meta property=\"og:description\" content=\"Buy LinkedIn Ads Credit Card for quick account funding and verification. Reliable virtual card solution for LinkedIn Ads campaigns.\" \/>\n<meta property=\"og:url\" content=\"https:\/\/cloakmyads.com\/hu\/vasarolni\/linkedin-hirdetesek-hitelkartya-szamlazas\/\" \/>\n<meta property=\"og:site_name\" content=\"CloakMyAds\" \/>\n<meta property=\"article:modified_time\" content=\"2025-11-08T14:42:02+00:00\" \/>\n<meta property=\"og:image\" content=\"https:\/\/cloakmyads.com\/wp-content\/uploads\/2025\/09\/google-ads-credit-cards.jpg\" \/>\n\t<meta property=\"og:image:width\" content=\"605\" \/>\n\t<meta property=\"og:image:height\" content=\"400\" \/>\n\t<meta property=\"og:image:type\" content=\"image\/jpeg\" \/>\n<meta name=\"twitter:card\" content=\"summary_large_image\" \/>\n<meta name=\"twitter:label1\" content=\"Becs\u00fclt olvas\u00e1si id\u0151\" \/>\n\t<meta name=\"twitter:data1\" content=\"1 perc\" \/>\n<script type=\"application\/ld+json\" class=\"yoast-schema-graph\">{\"@context\":\"https:\/\/schema.org\",\"@graph\":[{\"@type\":\"WebPage\",\"@id\":\"https:\/\/cloakmyads.com\/buy\/linkedin-ads-credit-card-billing\/\",\"url\":\"https:\/\/cloakmyads.com\/buy\/linkedin-ads-credit-card-billing\/\",\"name\":\"Buy LinkedIn Ads Credit Card \u2013 Verified Virtual Card\",\"isPartOf\":{\"@id\":\"https:\/\/cloakmyads.com\/#website\"},\"primaryImageOfPage\":{\"@id\":\"https:\/\/cloakmyads.com\/buy\/linkedin-ads-credit-card-billing\/#primaryimage\"},\"image\":{\"@id\":\"https:\/\/cloakmyads.com\/buy\/linkedin-ads-credit-card-billing\/#primaryimage\"},\"thumbnailUrl\":\"https:\/\/cloakmyads.com\/wp-content\/uploads\/2025\/09\/google-ads-credit-cards.jpg\",\"datePublished\":\"2025-09-22T11:15:11+00:00\",\"dateModified\":\"2025-11-08T14:42:02+00:00\",\"description\":\"Buy LinkedIn Ads Credit Card for quick account funding and verification. Reliable virtual card solution for LinkedIn Ads campaigns.\",\"breadcrumb\":{\"@id\":\"https:\/\/cloakmyads.com\/buy\/linkedin-ads-credit-card-billing\/#breadcrumb\"},\"inLanguage\":\"hu\",\"potentialAction\":[{\"@type\":\"ReadAction\",\"target\":[\"https:\/\/cloakmyads.com\/buy\/linkedin-ads-credit-card-billing\/\"]}]},{\"@type\":\"ImageObject\",\"inLanguage\":\"hu\",\"@id\":\"https:\/\/cloakmyads.com\/buy\/linkedin-ads-credit-card-billing\/#primaryimage\",\"url\":\"https:\/\/cloakmyads.com\/wp-content\/uploads\/2025\/09\/google-ads-credit-cards.jpg\",\"contentUrl\":\"https:\/\/cloakmyads.com\/wp-content\/uploads\/2025\/09\/google-ads-credit-cards.jpg\",\"width\":605,\"height\":400,\"caption\":\"Google Ads Credit Cards\"},{\"@type\":\"BreadcrumbList\",\"@id\":\"https:\/\/cloakmyads.com\/buy\/linkedin-ads-credit-card-billing\/#breadcrumb\",\"itemListElement\":[{\"@type\":\"ListItem\",\"position\":1,\"name\":\"Home\",\"item\":\"https:\/\/cloakmyads.com\/\"},{\"@type\":\"ListItem\",\"position\":2,\"name\":\"Shop\",\"item\":\"https:\/\/cloakmyads.com\/ar\/%d9%85%d8%aa%d8%ac%d8%b1\/\"},{\"@type\":\"ListItem\",\"position\":3,\"name\":\"Linkedin Ads Credit Card\"}]},{\"@type\":\"WebSite\",\"@id\":\"https:\/\/cloakmyads.com\/#website\",\"url\":\"https:\/\/cloakmyads.com\/\",\"name\":\"CloakMyAds\",\"description\":\"\",\"publisher\":{\"@id\":\"https:\/\/cloakmyads.com\/#organization\"},\"potentialAction\":[{\"@type\":\"SearchAction\",\"target\":{\"@type\":\"EntryPoint\",\"urlTemplate\":\"https:\/\/cloakmyads.com\/?s={search_term_string}\"},\"query-input\":{\"@type\":\"PropertyValueSpecification\",\"valueRequired\":true,\"valueName\":\"search_term_string\"}}],\"inLanguage\":\"hu\"},{\"@type\":\"Organization\",\"@id\":\"https:\/\/cloakmyads.com\/#organization\",\"name\":\"Buy Google Ads Accounts\",\"url\":\"https:\/\/cloakmyads.com\/\",\"logo\":{\"@type\":\"ImageObject\",\"inLanguage\":\"hu\",\"@id\":\"https:\/\/cloakmyads.com\/#\/schema\/logo\/image\/\",\"url\":\"https:\/\/cloakmyads.com\/wp-content\/uploads\/2025\/11\/fav-cloak.jpg\",\"contentUrl\":\"https:\/\/cloakmyads.com\/wp-content\/uploads\/2025\/11\/fav-cloak.jpg\",\"width\":512,\"height\":512,\"caption\":\"Buy Google Ads Accounts\"},\"image\":{\"@id\":\"https:\/\/cloakmyads.com\/#\/schema\/logo\/image\/\"}}]}<\/script>\n<!-- \/ Yoast SEO Premium plugin. -->","yoast_head_json":{"title":"V\u00e1s\u00e1rl\u00e1s LinkedIn Ads hitelk\u00e1rtya - Ellen\u0151rz\u00f6tt virtu\u00e1lis k\u00e1rtya","description":"V\u00e1s\u00e1roljon LinkedIn Ads hitelk\u00e1rty\u00e1t a gyors fi\u00f3kfinansz\u00edroz\u00e1shoz \u00e9s ellen\u0151rz\u00e9shez. Megb\u00edzhat\u00f3 virtu\u00e1lis k\u00e1rty\u00e1s megold\u00e1s a LinkedIn Ads kamp\u00e1nyokhoz.","robots":{"index":"index","follow":"follow","max-snippet":"max-snippet:-1","max-image-preview":"max-image-preview:large","max-video-preview":"max-video-preview:-1"},"canonical":"https:\/\/cloakmyads.com\/hu\/vasarolni\/linkedin-hirdetesek-hitelkartya-szamlazas\/","og_locale":"hu_HU","og_type":"article","og_title":"Linkedin Ads Credit Card","og_description":"Buy LinkedIn Ads Credit Card for quick account funding and verification. Reliable virtual card solution for LinkedIn Ads campaigns.","og_url":"https:\/\/cloakmyads.com\/hu\/vasarolni\/linkedin-hirdetesek-hitelkartya-szamlazas\/","og_site_name":"CloakMyAds","article_modified_time":"2025-11-08T14:42:02+00:00","og_image":[{"width":605,"height":400,"url":"https:\/\/cloakmyads.com\/wp-content\/uploads\/2025\/09\/google-ads-credit-cards.jpg","type":"image\/jpeg"}],"twitter_card":"summary_large_image","twitter_misc":{"Becs\u00fclt olvas\u00e1si id\u0151":"1 perc"},"schema":{"@context":"https:\/\/schema.org","@graph":[{"@type":"WebPage","@id":"https:\/\/cloakmyads.com\/buy\/linkedin-ads-credit-card-billing\/","url":"https:\/\/cloakmyads.com\/buy\/linkedin-ads-credit-card-billing\/","name":"V\u00e1s\u00e1rl\u00e1s LinkedIn Ads hitelk\u00e1rtya - Ellen\u0151rz\u00f6tt virtu\u00e1lis k\u00e1rtya","isPartOf":{"@id":"https:\/\/cloakmyads.com\/#website"},"primaryImageOfPage":{"@id":"https:\/\/cloakmyads.com\/buy\/linkedin-ads-credit-card-billing\/#primaryimage"},"image":{"@id":"https:\/\/cloakmyads.com\/buy\/linkedin-ads-credit-card-billing\/#primaryimage"},"thumbnailUrl":"https:\/\/cloakmyads.com\/wp-content\/uploads\/2025\/09\/google-ads-credit-cards.jpg","datePublished":"2025-09-22T11:15:11+00:00","dateModified":"2025-11-08T14:42:02+00:00","description":"V\u00e1s\u00e1roljon LinkedIn Ads hitelk\u00e1rty\u00e1t a gyors fi\u00f3kfinansz\u00edroz\u00e1shoz \u00e9s ellen\u0151rz\u00e9shez. Megb\u00edzhat\u00f3 virtu\u00e1lis k\u00e1rty\u00e1s megold\u00e1s a LinkedIn Ads kamp\u00e1nyokhoz.","breadcrumb":{"@id":"https:\/\/cloakmyads.com\/buy\/linkedin-ads-credit-card-billing\/#breadcrumb"},"inLanguage":"hu","potentialAction":[{"@type":"ReadAction","target":["https:\/\/cloakmyads.com\/buy\/linkedin-ads-credit-card-billing\/"]}]},{"@type":"ImageObject","inLanguage":"hu","@id":"https:\/\/cloakmyads.com\/buy\/linkedin-ads-credit-card-billing\/#primaryimage","url":"https:\/\/cloakmyads.com\/wp-content\/uploads\/2025\/09\/google-ads-credit-cards.jpg","contentUrl":"https:\/\/cloakmyads.com\/wp-content\/uploads\/2025\/09\/google-ads-credit-cards.jpg","width":605,"height":400,"caption":"Google Ads Credit Cards"},{"@type":"BreadcrumbList","@id":"https:\/\/cloakmyads.com\/buy\/linkedin-ads-credit-card-billing\/#breadcrumb","itemListElement":[{"@type":"ListItem","position":1,"name":"Home","item":"https:\/\/cloakmyads.com\/"},{"@type":"ListItem","position":2,"name":"Shop","item":"https:\/\/cloakmyads.com\/ar\/%d9%85%d8%aa%d8%ac%d8%b1\/"},{"@type":"ListItem","position":3,"name":"Linkedin Ads Credit Card"}]},{"@type":"WebSite","@id":"https:\/\/cloakmyads.com\/#website","url":"https:\/\/cloakmyads.com\/","name":"CloakMyAds","description":"","publisher":{"@id":"https:\/\/cloakmyads.com\/#organization"},"potentialAction":[{"@type":"SearchAction","target":{"@type":"EntryPoint","urlTemplate":"https:\/\/cloakmyads.com\/?s={search_term_string}"},"query-input":{"@type":"PropertyValueSpecification","valueRequired":true,"valueName":"search_term_string"}}],"inLanguage":"hu"},{"@type":"Organization","@id":"https:\/\/cloakmyads.com\/#organization","name":"V\u00e1s\u00e1roljon Google Ads sz\u00e1ml\u00e1kat","url":"https:\/\/cloakmyads.com\/","logo":{"@type":"ImageObject","inLanguage":"hu","@id":"https:\/\/cloakmyads.com\/#\/schema\/logo\/image\/","url":"https:\/\/cloakmyads.com\/wp-content\/uploads\/2025\/11\/fav-cloak.jpg","contentUrl":"https:\/\/cloakmyads.com\/wp-content\/uploads\/2025\/11\/fav-cloak.jpg","width":512,"height":512,"caption":"Buy Google Ads Accounts"},"image":{"@id":"https:\/\/cloakmyads.com\/#\/schema\/logo\/image\/"}}]}},"_links":{"self":[{"href":"https:\/\/cloakmyads.com\/hu\/wp-json\/wp\/v2\/product\/9542","targetHints":{"allow":["GET"]}}],"collection":[{"href":"https:\/\/cloakmyads.com\/hu\/wp-json\/wp\/v2\/product"}],"about":[{"href":"https:\/\/cloakmyads.com\/hu\/wp-json\/wp\/v2\/types\/product"}],"version-history":[{"count":2,"href":"https:\/\/cloakmyads.com\/hu\/wp-json\/wp\/v2\/product\/9542\/revisions"}],"predecessor-version":[{"id":9862,"href":"https:\/\/cloakmyads.com\/hu\/wp-json\/wp\/v2\/product\/9542\/revisions\/9862"}],"wp:featuredmedia":[{"embeddable":true,"href":"https:\/\/cloakmyads.com\/hu\/wp-json\/wp\/v2\/media\/9453"}],"wp:attachment":[{"href":"https:\/\/cloakmyads.com\/hu\/wp-json\/wp\/v2\/media?parent=9542"}],"wp:term":[{"taxonomy":"product_brand","embeddable":true,"href":"https:\/\/cloakmyads.com\/hu\/wp-json\/wp\/v2\/product_brand?post=9542"},{"taxonomy":"product_cat","embeddable":true,"href":"https:\/\/cloakmyads.com\/hu\/wp-json\/wp\/v2\/product_cat?post=9542"},{"taxonomy":"product_tag","embeddable":true,"href":"https:\/\/cloakmyads.com\/hu\/wp-json\/wp\/v2\/product_tag?post=9542"}],"curies":[{"name":"wp","href":"https:\/\/api.w.org\/{rel}","templated":true}]}}