{"id":9413,"date":"2025-09-21T10:57:05","date_gmt":"2025-09-21T09:57:05","guid":{"rendered":"https:\/\/cloakmyads.com\/?post_type=product&#038;p=9413"},"modified":"2025-10-03T16:13:54","modified_gmt":"2025-10-03T15:13:54","slug":"reddit-hirdetesek-alcazo-fiokok","status":"publish","type":"product","link":"https:\/\/cloakmyads.com\/hu\/vasarolni\/reddit-hirdetesek-alcazo-fiokok\/","title":{"rendered":"Reddit hirdet\u00e9sek Cloaking sz\u00e1ml\u00e1k"},"content":{"rendered":"<p data-start=\"237\" data-end=\"623\">A Reddit hatalmas forgalmi forr\u00e1ss\u00e1 n\u0151tte ki mag\u00e1t, naponta t\u00f6bb milli\u00f3 akt\u00edv felhaszn\u00e1l\u00f3val, de hirdet\u00e9si szab\u00e1lyai szigor\u00faak, a moder\u00e1l\u00e1s pedig k\u00f6ny\u00f6rtelen. Az \u00faj fi\u00f3kokat gyakran azonnal megjel\u00f6lik, a kamp\u00e1nyok v\u00e9gtelen fel\u00fclvizsg\u00e1latokban akadnak el, \u00e9s a nagy kock\u00e1zat\u00fa vertik\u00e1lis oldalak ritk\u00e1n maradnak \u00e9letben. Ez\u00e9rt a komoly v\u00e1s\u00e1rl\u00f3k \u00e9s \u00fcgyn\u00f6ks\u00e9gek ink\u00e1bb a <strong data-start=\"551\" data-end=\"578\">Reddit Ads fi\u00f3kok v\u00e1s\u00e1rl\u00e1sa<\/strong> amelyek \u00e9rleltek, ellen\u0151rz\u00f6ttek \u00e9s futtat\u00e1sra k\u00e9szek.<\/p>\n<p data-start=\"625\" data-end=\"938\">A  c\u00edmen <strong data-start=\"630\" data-end=\"662\">ellen\u0151rz\u00f6tt Reddit Ads fi\u00f3kok<\/strong>, \u00e1tugorhatja a v\u00e9gtelen elutas\u00edt\u00e1si ciklusokat, \u00e9s elker\u00fclheti a friss regisztr\u00e1ci\u00f3kat s\u00fajt\u00f3 azonnali tilt\u00e1sokat. Ezek a sz\u00e1ml\u00e1k amerikai \u00e9s brit \u00fczleti egys\u00e9gekhez kapcsol\u00f3dnak, 2022-2024 k\u00f6z\u00f6tti \u00e9letkor\u00faak, \u00e9s felf\u00fcggeszt\u00e9si el\u0151zm\u00e9nyek n\u00e9lk\u00fcl, tiszt\u00e1n ker\u00fclnek \u00e1tad\u00e1sra - \u00edgy stabil alapot biztos\u00edtanak a kamp\u00e1nyind\u00edt\u00e1shoz.<\/p>\n<p data-start=\"940\" data-end=\"1221\">A fejlett \u00e1lc\u00e1z\u00e1ssal p\u00e1ros\u00edtva a Reddit Ads er\u0151teljes forr\u00e1ss\u00e1 v\u00e1lik az olyan vertik\u00e1lis ter\u00fcletek sz\u00e1m\u00e1ra, mint a <strong data-start=\"1026\" data-end=\"1086\">kripto, nyerem\u00e9nyj\u00e1t\u00e9kok, fogad\u00e1sok, t\u00e1rskeres\u0151, nutra, \u00e9s p\u00e9nz\u00fcgyek<\/strong>. Az \u00e9rt\u00e9kel\u0151k egy biztons\u00e1gos oldalt l\u00e1tnak, m\u00edg a val\u00f3di felhaszn\u00e1l\u00f3kat \u00e1tir\u00e1ny\u00edtj\u00e1k az \u00d6n p\u00e9nzes oldal\u00e1ra - ezzel hosszabb \u00e9lettartamot \u00e9s nagyobb nyeres\u00e9gess\u00e9get biztos\u00edtva.<\/p>\n<p data-start=\"1223\" data-end=\"1426\">Ha komolyan gondolja a Reddit-forgalom felt\u00f6r\u00e9s\u00e9t, ne pazarolja az idej\u00e9t t\u00f6r\u00e9keny \u00faj fi\u00f3kok l\u00e9trehoz\u00e1s\u00e1ra. Az egyetlen m\u00f3dja a sk\u00e1l\u00e1z\u00e1snak, ha <strong data-start=\"1348\" data-end=\"1375\">Reddit Ads fi\u00f3kok v\u00e1s\u00e1rl\u00e1sa<\/strong> amelyek ellen\u0151rz\u00f6ttek, \u00f6reg\u00edtettek \u00e9s \u00e1lc\u00e1z\u00e1sra k\u00e9sz\u00fcltek.<\/p>","protected":false},"excerpt":{"rendered":"<p>Ellen\u0151rz\u00f6tt Reddit Ads-fi\u00f3kok lopakod\u00f3 \u00e1lc\u00e1z\u00e1ssal - ide\u00e1lis kripto-, nyerem\u00e9nyj\u00e1t\u00e9kok, t\u00e1rskeres\u0151 \u00e9s affiliate kamp\u00e1nyokhoz.<\/p>","protected":false},"featured_media":9415,"template":"","meta":{"_acf_changed":false},"product_brand":[],"product_cat":[65],"product_tag":[],"class_list":{"0":"post-9413","1":"product","2":"type-product","3":"status-publish","4":"has-post-thumbnail","6":"product_cat-accounts","8":"first","9":"instock","10":"purchasable","11":"product-type-simple"},"acf":[],"yoast_head":"<!-- This site is optimized with the Yoast SEO Premium plugin v26.6 (Yoast SEO v26.7) - https:\/\/yoast.com\/wordpress\/plugins\/seo\/ -->\n<title>Reddit Ads Cloaking Accounts \u2013 Buy to Bypass Reviews<\/title>\n<meta name=\"description\" content=\"Buy Reddit Ads Cloaking Accounts to show clean pages to reviewers while delivering the real offer to users. Keep Reddit ad campaigns approved and running.\" \/>\n<meta name=\"robots\" content=\"index, follow, max-snippet:-1, max-image-preview:large, max-video-preview:-1\" \/>\n<link rel=\"canonical\" href=\"https:\/\/cloakmyads.com\/hu\/vasarolni\/reddit-hirdetesek-alcazo-fiokok\/\" \/>\n<meta property=\"og:locale\" content=\"hu_HU\" \/>\n<meta property=\"og:type\" content=\"article\" \/>\n<meta property=\"og:title\" content=\"Reddit Ads Cloaking Accounts\" \/>\n<meta property=\"og:description\" content=\"Buy Reddit Ads Cloaking Accounts to show clean pages to reviewers while delivering the real offer to users. Keep Reddit ad campaigns approved and running.\" \/>\n<meta property=\"og:url\" content=\"https:\/\/cloakmyads.com\/hu\/vasarolni\/reddit-hirdetesek-alcazo-fiokok\/\" \/>\n<meta property=\"og:site_name\" content=\"CloakMyAds\" \/>\n<meta property=\"article:modified_time\" content=\"2025-10-03T15:13:54+00:00\" \/>\n<meta property=\"og:image\" content=\"https:\/\/cloakmyads.com\/wp-content\/uploads\/2025\/09\/reddit-ads-cloaking-accounts.png\" \/>\n\t<meta property=\"og:image:width\" content=\"940\" \/>\n\t<meta property=\"og:image:height\" content=\"640\" \/>\n\t<meta property=\"og:image:type\" content=\"image\/png\" \/>\n<meta name=\"twitter:card\" content=\"summary_large_image\" \/>\n<meta name=\"twitter:label1\" content=\"Becs\u00fclt olvas\u00e1si id\u0151\" \/>\n\t<meta name=\"twitter:data1\" content=\"1 perc\" \/>\n<script type=\"application\/ld+json\" class=\"yoast-schema-graph\">{\"@context\":\"https:\/\/schema.org\",\"@graph\":[{\"@type\":\"WebPage\",\"@id\":\"https:\/\/cloakmyads.com\/buy\/reddit-ads-cloaking-accounts\/\",\"url\":\"https:\/\/cloakmyads.com\/buy\/reddit-ads-cloaking-accounts\/\",\"name\":\"Reddit Ads Cloaking Accounts \u2013 Buy to Bypass Reviews\",\"isPartOf\":{\"@id\":\"https:\/\/cloakmyads.com\/#website\"},\"primaryImageOfPage\":{\"@id\":\"https:\/\/cloakmyads.com\/buy\/reddit-ads-cloaking-accounts\/#primaryimage\"},\"image\":{\"@id\":\"https:\/\/cloakmyads.com\/buy\/reddit-ads-cloaking-accounts\/#primaryimage\"},\"thumbnailUrl\":\"https:\/\/cloakmyads.com\/wp-content\/uploads\/2025\/09\/reddit-ads-cloaking-accounts.png\",\"datePublished\":\"2025-09-21T09:57:05+00:00\",\"dateModified\":\"2025-10-03T15:13:54+00:00\",\"description\":\"Buy Reddit Ads Cloaking Accounts to show clean pages to reviewers while delivering the real offer to users. Keep Reddit ad campaigns approved and running.\",\"breadcrumb\":{\"@id\":\"https:\/\/cloakmyads.com\/buy\/reddit-ads-cloaking-accounts\/#breadcrumb\"},\"inLanguage\":\"hu\",\"potentialAction\":[{\"@type\":\"ReadAction\",\"target\":[\"https:\/\/cloakmyads.com\/buy\/reddit-ads-cloaking-accounts\/\"]}]},{\"@type\":\"ImageObject\",\"inLanguage\":\"hu\",\"@id\":\"https:\/\/cloakmyads.com\/buy\/reddit-ads-cloaking-accounts\/#primaryimage\",\"url\":\"https:\/\/cloakmyads.com\/wp-content\/uploads\/2025\/09\/reddit-ads-cloaking-accounts.png\",\"contentUrl\":\"https:\/\/cloakmyads.com\/wp-content\/uploads\/2025\/09\/reddit-ads-cloaking-accounts.png\",\"width\":940,\"height\":640,\"caption\":\"Reddit Ads Cloaking Accounts\"},{\"@type\":\"BreadcrumbList\",\"@id\":\"https:\/\/cloakmyads.com\/buy\/reddit-ads-cloaking-accounts\/#breadcrumb\",\"itemListElement\":[{\"@type\":\"ListItem\",\"position\":1,\"name\":\"Home\",\"item\":\"https:\/\/cloakmyads.com\/\"},{\"@type\":\"ListItem\",\"position\":2,\"name\":\"Shop\",\"item\":\"https:\/\/cloakmyads.com\/ar\/%d9%85%d8%aa%d8%ac%d8%b1\/\"},{\"@type\":\"ListItem\",\"position\":3,\"name\":\"Reddit Ads Cloaking Accounts\"}]},{\"@type\":\"WebSite\",\"@id\":\"https:\/\/cloakmyads.com\/#website\",\"url\":\"https:\/\/cloakmyads.com\/\",\"name\":\"CloakMyAds\",\"description\":\"\",\"publisher\":{\"@id\":\"https:\/\/cloakmyads.com\/#organization\"},\"potentialAction\":[{\"@type\":\"SearchAction\",\"target\":{\"@type\":\"EntryPoint\",\"urlTemplate\":\"https:\/\/cloakmyads.com\/?s={search_term_string}\"},\"query-input\":{\"@type\":\"PropertyValueSpecification\",\"valueRequired\":true,\"valueName\":\"search_term_string\"}}],\"inLanguage\":\"hu\"},{\"@type\":\"Organization\",\"@id\":\"https:\/\/cloakmyads.com\/#organization\",\"name\":\"Buy Google Ads Accounts\",\"url\":\"https:\/\/cloakmyads.com\/\",\"logo\":{\"@type\":\"ImageObject\",\"inLanguage\":\"hu\",\"@id\":\"https:\/\/cloakmyads.com\/#\/schema\/logo\/image\/\",\"url\":\"https:\/\/cloakmyads.com\/wp-content\/uploads\/2025\/11\/fav-cloak.jpg\",\"contentUrl\":\"https:\/\/cloakmyads.com\/wp-content\/uploads\/2025\/11\/fav-cloak.jpg\",\"width\":512,\"height\":512,\"caption\":\"Buy Google Ads Accounts\"},\"image\":{\"@id\":\"https:\/\/cloakmyads.com\/#\/schema\/logo\/image\/\"}}]}<\/script>\n<!-- \/ Yoast SEO Premium plugin. -->","yoast_head_json":{"title":"Reddit Ads Cloaking sz\u00e1ml\u00e1k - V\u00e1s\u00e1rl\u00e1s a v\u00e9lem\u00e9nyek megker\u00fcl\u00e9s\u00e9re","description":"V\u00e1s\u00e1roljon Reddit Ads Cloaking Accounts, hogy tiszta oldalakat mutasson a v\u00e9lem\u00e9nyez\u0151knek, mik\u00f6zben a felhaszn\u00e1l\u00f3knak val\u00f3di aj\u00e1nlatot ny\u00fajt. Tartsa a Reddit hirdet\u00e9si kamp\u00e1nyokat j\u00f3v\u00e1hagyva \u00e9s futtatva.","robots":{"index":"index","follow":"follow","max-snippet":"max-snippet:-1","max-image-preview":"max-image-preview:large","max-video-preview":"max-video-preview:-1"},"canonical":"https:\/\/cloakmyads.com\/hu\/vasarolni\/reddit-hirdetesek-alcazo-fiokok\/","og_locale":"hu_HU","og_type":"article","og_title":"Reddit Ads Cloaking Accounts","og_description":"Buy Reddit Ads Cloaking Accounts to show clean pages to reviewers while delivering the real offer to users. Keep Reddit ad campaigns approved and running.","og_url":"https:\/\/cloakmyads.com\/hu\/vasarolni\/reddit-hirdetesek-alcazo-fiokok\/","og_site_name":"CloakMyAds","article_modified_time":"2025-10-03T15:13:54+00:00","og_image":[{"width":940,"height":640,"url":"https:\/\/cloakmyads.com\/wp-content\/uploads\/2025\/09\/reddit-ads-cloaking-accounts.png","type":"image\/png"}],"twitter_card":"summary_large_image","twitter_misc":{"Becs\u00fclt olvas\u00e1si id\u0151":"1 perc"},"schema":{"@context":"https:\/\/schema.org","@graph":[{"@type":"WebPage","@id":"https:\/\/cloakmyads.com\/buy\/reddit-ads-cloaking-accounts\/","url":"https:\/\/cloakmyads.com\/buy\/reddit-ads-cloaking-accounts\/","name":"Reddit Ads Cloaking sz\u00e1ml\u00e1k - V\u00e1s\u00e1rl\u00e1s a v\u00e9lem\u00e9nyek megker\u00fcl\u00e9s\u00e9re","isPartOf":{"@id":"https:\/\/cloakmyads.com\/#website"},"primaryImageOfPage":{"@id":"https:\/\/cloakmyads.com\/buy\/reddit-ads-cloaking-accounts\/#primaryimage"},"image":{"@id":"https:\/\/cloakmyads.com\/buy\/reddit-ads-cloaking-accounts\/#primaryimage"},"thumbnailUrl":"https:\/\/cloakmyads.com\/wp-content\/uploads\/2025\/09\/reddit-ads-cloaking-accounts.png","datePublished":"2025-09-21T09:57:05+00:00","dateModified":"2025-10-03T15:13:54+00:00","description":"V\u00e1s\u00e1roljon Reddit Ads Cloaking Accounts, hogy tiszta oldalakat mutasson a v\u00e9lem\u00e9nyez\u0151knek, mik\u00f6zben a felhaszn\u00e1l\u00f3knak val\u00f3di aj\u00e1nlatot ny\u00fajt. Tartsa a Reddit hirdet\u00e9si kamp\u00e1nyokat j\u00f3v\u00e1hagyva \u00e9s futtatva.","breadcrumb":{"@id":"https:\/\/cloakmyads.com\/buy\/reddit-ads-cloaking-accounts\/#breadcrumb"},"inLanguage":"hu","potentialAction":[{"@type":"ReadAction","target":["https:\/\/cloakmyads.com\/buy\/reddit-ads-cloaking-accounts\/"]}]},{"@type":"ImageObject","inLanguage":"hu","@id":"https:\/\/cloakmyads.com\/buy\/reddit-ads-cloaking-accounts\/#primaryimage","url":"https:\/\/cloakmyads.com\/wp-content\/uploads\/2025\/09\/reddit-ads-cloaking-accounts.png","contentUrl":"https:\/\/cloakmyads.com\/wp-content\/uploads\/2025\/09\/reddit-ads-cloaking-accounts.png","width":940,"height":640,"caption":"Reddit Ads Cloaking Accounts"},{"@type":"BreadcrumbList","@id":"https:\/\/cloakmyads.com\/buy\/reddit-ads-cloaking-accounts\/#breadcrumb","itemListElement":[{"@type":"ListItem","position":1,"name":"Home","item":"https:\/\/cloakmyads.com\/"},{"@type":"ListItem","position":2,"name":"Shop","item":"https:\/\/cloakmyads.com\/ar\/%d9%85%d8%aa%d8%ac%d8%b1\/"},{"@type":"ListItem","position":3,"name":"Reddit Ads Cloaking Accounts"}]},{"@type":"WebSite","@id":"https:\/\/cloakmyads.com\/#website","url":"https:\/\/cloakmyads.com\/","name":"CloakMyAds","description":"","publisher":{"@id":"https:\/\/cloakmyads.com\/#organization"},"potentialAction":[{"@type":"SearchAction","target":{"@type":"EntryPoint","urlTemplate":"https:\/\/cloakmyads.com\/?s={search_term_string}"},"query-input":{"@type":"PropertyValueSpecification","valueRequired":true,"valueName":"search_term_string"}}],"inLanguage":"hu"},{"@type":"Organization","@id":"https:\/\/cloakmyads.com\/#organization","name":"V\u00e1s\u00e1roljon Google Ads sz\u00e1ml\u00e1kat","url":"https:\/\/cloakmyads.com\/","logo":{"@type":"ImageObject","inLanguage":"hu","@id":"https:\/\/cloakmyads.com\/#\/schema\/logo\/image\/","url":"https:\/\/cloakmyads.com\/wp-content\/uploads\/2025\/11\/fav-cloak.jpg","contentUrl":"https:\/\/cloakmyads.com\/wp-content\/uploads\/2025\/11\/fav-cloak.jpg","width":512,"height":512,"caption":"Buy Google Ads Accounts"},"image":{"@id":"https:\/\/cloakmyads.com\/#\/schema\/logo\/image\/"}}]}},"_links":{"self":[{"href":"https:\/\/cloakmyads.com\/hu\/wp-json\/wp\/v2\/product\/9413","targetHints":{"allow":["GET"]}}],"collection":[{"href":"https:\/\/cloakmyads.com\/hu\/wp-json\/wp\/v2\/product"}],"about":[{"href":"https:\/\/cloakmyads.com\/hu\/wp-json\/wp\/v2\/types\/product"}],"version-history":[{"count":3,"href":"https:\/\/cloakmyads.com\/hu\/wp-json\/wp\/v2\/product\/9413\/revisions"}],"predecessor-version":[{"id":9747,"href":"https:\/\/cloakmyads.com\/hu\/wp-json\/wp\/v2\/product\/9413\/revisions\/9747"}],"wp:featuredmedia":[{"embeddable":true,"href":"https:\/\/cloakmyads.com\/hu\/wp-json\/wp\/v2\/media\/9415"}],"wp:attachment":[{"href":"https:\/\/cloakmyads.com\/hu\/wp-json\/wp\/v2\/media?parent=9413"}],"wp:term":[{"taxonomy":"product_brand","embeddable":true,"href":"https:\/\/cloakmyads.com\/hu\/wp-json\/wp\/v2\/product_brand?post=9413"},{"taxonomy":"product_cat","embeddable":true,"href":"https:\/\/cloakmyads.com\/hu\/wp-json\/wp\/v2\/product_cat?post=9413"},{"taxonomy":"product_tag","embeddable":true,"href":"https:\/\/cloakmyads.com\/hu\/wp-json\/wp\/v2\/product_tag?post=9413"}],"curies":[{"name":"wp","href":"https:\/\/api.w.org\/{rel}","templated":true}]}}