{"id":4935,"date":"2024-04-01T16:07:14","date_gmt":"2024-04-01T15:07:14","guid":{"rendered":"https:\/\/rentaccounts.net\/?post_type=product&#038;p=4935"},"modified":"2025-10-03T16:32:48","modified_gmt":"2025-10-03T15:32:48","slug":"vasarolni-google-play-fejlesztoi-fiokok-alcazasa","status":"publish","type":"product","link":"https:\/\/cloakmyads.com\/hu\/vasarolni\/vasarolni-google-play-fejlesztoi-fiokok-alcazasa\/","title":{"rendered":"Google Play fejleszt\u0151i \u00e1lc\u00e1z\u00f3 fi\u00f3kok"},"content":{"rendered":"<p data-start=\"374\" data-end=\"783\">Az alkalmaz\u00e1sok Google Play-en val\u00f3 k\u00f6zz\u00e9t\u00e9tel\u00e9hez ellen\u0151rz\u00f6tt fejleszt\u0151i fi\u00f3kra van sz\u00fcks\u00e9g - \u00e9s ennek l\u00e9trehoz\u00e1sa lass\u00fa folyamat lehet, gyakori elutas\u00edt\u00e1sokkal. A Google gyakran blokkolja a szem\u00e9lyes bejelentkez\u00e9seket, \u00fczleti ellen\u0151rz\u00e9st k\u00f6vetel, \u00e9s hetekig k\u00e9slelteti a j\u00f3v\u00e1hagy\u00e1st. Ez\u00e9rt a komoly kiad\u00f3k, SaaS-szolg\u00e1ltat\u00f3k \u00e9s h\u00e1l\u00f3zatok a k\u00f6vetkez\u0151 megold\u00e1st v\u00e1lasztj\u00e1k <strong data-start=\"683\" data-end=\"721\">Google Play fejleszt\u0151i fi\u00f3kok v\u00e1s\u00e1rl\u00e1sa<\/strong> amelyek m\u00e1r ellen\u0151rz\u00f6ttek, \u00fczleti szint\u0171ek, \u00e9s k\u00e9szen \u00e1llnak az indul\u00e1sra.<\/p>\n<p data-start=\"785\" data-end=\"1213\">A  c\u00edmen <strong data-start=\"790\" data-end=\"833\">ellen\u0151rz\u00f6tt Google Play fejleszt\u0151i fi\u00f3kok<\/strong>, elker\u00fclheti a pap\u00edrmunk\u00e1t, a v\u00e9letlenszer\u0171 elutas\u00edt\u00e1sokat \u00e9s a v\u00e1rakoz\u00e1ssal j\u00e1r\u00f3 gondokat. Ezek <strong data-start=\"917\" data-end=\"942\">szervezeti sz\u00e1ml\u00e1k<\/strong>, az Egyes\u00fclt \u00c1llamokban \u00e9s az Egyes\u00fclt Kir\u00e1lys\u00e1gban m\u0171k\u00f6d\u0151, 2022-2024 k\u00f6z\u00f6tti kor\u00fa gazdas\u00e1gi egys\u00e9gekhez k\u00f6t\u0151dnek, \u00e9s tartalmazz\u00e1k a m\u00e1r befizetett egyszeri $25 regisztr\u00e1ci\u00f3s d\u00edjat. Minden fi\u00f3k teljes m\u00e9rt\u00e9kben ellen\u0151rz\u00f6tt telefon, e-mail \u00e9s \u00fczleti adatokkal \u00e9rkezik, \u00edgy azonnal jogosultak az alkalmaz\u00e1sok beny\u00fajt\u00e1s\u00e1ra a Play konzolon kereszt\u00fcl.<\/p>\n<p data-start=\"1215\" data-end=\"1452\">Ak\u00e1r egy szab\u00e1lyos alkalmaz\u00e1st ind\u00edt, ak\u00e1r teszteli a buildeket, ak\u00e1r egy alkalmaz\u00e1sh\u00e1l\u00f3zatot m\u00e9retez, ezek a fi\u00f3kok megadj\u00e1k a sz\u00fcks\u00e9ges alapot. Kezelje a k\u00f6zz\u00e9t\u00e9telt, csatlakoztassa a fizet\u00e9si profilokat, \u00e9s tolja a friss\u00edt\u00e9seket an\u00e9lk\u00fcl, hogy a j\u00f3v\u00e1hagy\u00e1si blokkok miatt kellene agg\u00f3dnia.<\/p>\n<p data-start=\"1454\" data-end=\"1689\">Ha gyorsabban szeretn\u00e9 az alkalmaz\u00e1sokat \u00e9les\u00edteni an\u00e9lk\u00fcl, hogy a null\u00e1r\u00f3l val\u00f3 indul\u00e1ssal j\u00e1r\u00f3 fejf\u00e1j\u00e1st kellene elviselnie, a legjobb l\u00e9p\u00e9s egyszer\u0171: <strong data-start=\"1563\" data-end=\"1601\">Google Play fejleszt\u0151i fi\u00f3kok v\u00e1s\u00e1rl\u00e1sa<\/strong> amelyek \u00fczleti szempontb\u00f3l ellen\u0151rz\u00f6ttek, stabilak \u00e9s garant\u00e1ltan k\u00e9szen \u00e1llnak a Play Console k\u00f6zz\u00e9t\u00e9tel\u00e9re.<\/p>","protected":false},"excerpt":{"rendered":"<p>Ellen\u0151rz\u00f6tt Google Play fejleszt\u0151i fi\u00f3kok, amelyek gyors alkalmaz\u00e1s-j\u00f3v\u00e1hagy\u00e1sokhoz, lopakod\u00f3 ind\u00edt\u00e1sokhoz \u00e9s \u00e1lc\u00e1zott telep\u00edt\u00e9sekhez k\u00e9sz\u00fcltek - k\u00e9szen arra, hogy megker\u00fclj\u00e9k a fel\u00fclvizsg\u00e1latokat \u00e9s \u00e9l\u0151ben maradjanak.<\/p>","protected":false},"featured_media":9387,"template":"","meta":{"_acf_changed":false},"product_brand":[],"product_cat":[327],"product_tag":[],"class_list":{"0":"post-4935","1":"product","2":"type-product","3":"status-publish","4":"has-post-thumbnail","6":"product_cat-app-accounts","8":"first","9":"instock","10":"purchasable","11":"product-type-simple"},"acf":[],"yoast_head":"<!-- This site is optimized with the Yoast SEO Premium plugin v26.6 (Yoast SEO v26.7) - https:\/\/yoast.com\/wordpress\/plugins\/seo\/ -->\n<title>Buy Google Play Developer Cloaking Accounts \u2013 Crypto &amp; Gambling<\/title>\n<meta name=\"description\" content=\"Buy Google Play Developer Cloaking Accounts for crypto, gambling, dating and IPTV apps. Verified Android developer accounts to publish high-risk apps fast.\" \/>\n<meta name=\"robots\" content=\"index, follow, max-snippet:-1, max-image-preview:large, max-video-preview:-1\" \/>\n<link rel=\"canonical\" href=\"https:\/\/cloakmyads.com\/hu\/vasarolni\/vasarolni-google-play-fejlesztoi-fiokok-alcazasa\/\" \/>\n<meta property=\"og:locale\" content=\"hu_HU\" \/>\n<meta property=\"og:type\" content=\"article\" \/>\n<meta property=\"og:title\" content=\"Google Play Developer Cloaking Accounts\" \/>\n<meta property=\"og:description\" content=\"Buy Google Play Developer Cloaking Accounts for crypto, gambling, dating and IPTV apps. Verified Android developer accounts to publish high-risk apps fast.\" \/>\n<meta property=\"og:url\" content=\"https:\/\/cloakmyads.com\/hu\/vasarolni\/vasarolni-google-play-fejlesztoi-fiokok-alcazasa\/\" \/>\n<meta property=\"og:site_name\" content=\"CloakMyAds\" \/>\n<meta property=\"article:modified_time\" content=\"2025-10-03T15:32:48+00:00\" \/>\n<meta property=\"og:image\" content=\"https:\/\/cloakmyads.com\/wp-content\/uploads\/2024\/04\/google-play-developer-cloaking.png\" \/>\n\t<meta property=\"og:image:width\" content=\"940\" \/>\n\t<meta property=\"og:image:height\" content=\"640\" \/>\n\t<meta property=\"og:image:type\" content=\"image\/png\" \/>\n<meta name=\"twitter:card\" content=\"summary_large_image\" \/>\n<meta name=\"twitter:label1\" content=\"Becs\u00fclt olvas\u00e1si id\u0151\" \/>\n\t<meta name=\"twitter:data1\" content=\"2 perc\" \/>\n<script type=\"application\/ld+json\" class=\"yoast-schema-graph\">{\"@context\":\"https:\/\/schema.org\",\"@graph\":[{\"@type\":\"WebPage\",\"@id\":\"https:\/\/cloakmyads.com\/buy\/buy-google-play-developer-accounts-cloaking\/\",\"url\":\"https:\/\/cloakmyads.com\/buy\/buy-google-play-developer-accounts-cloaking\/\",\"name\":\"Buy Google Play Developer Cloaking Accounts \u2013 Crypto & Gambling\",\"isPartOf\":{\"@id\":\"https:\/\/cloakmyads.com\/#website\"},\"primaryImageOfPage\":{\"@id\":\"https:\/\/cloakmyads.com\/buy\/buy-google-play-developer-accounts-cloaking\/#primaryimage\"},\"image\":{\"@id\":\"https:\/\/cloakmyads.com\/buy\/buy-google-play-developer-accounts-cloaking\/#primaryimage\"},\"thumbnailUrl\":\"https:\/\/cloakmyads.com\/wp-content\/uploads\/2024\/04\/google-play-developer-cloaking.png\",\"datePublished\":\"2024-04-01T15:07:14+00:00\",\"dateModified\":\"2025-10-03T15:32:48+00:00\",\"description\":\"Buy Google Play Developer Cloaking Accounts for crypto, gambling, dating and IPTV apps. Verified Android developer accounts to publish high-risk apps fast.\",\"breadcrumb\":{\"@id\":\"https:\/\/cloakmyads.com\/buy\/buy-google-play-developer-accounts-cloaking\/#breadcrumb\"},\"inLanguage\":\"hu\",\"potentialAction\":[{\"@type\":\"ReadAction\",\"target\":[\"https:\/\/cloakmyads.com\/buy\/buy-google-play-developer-accounts-cloaking\/\"]}]},{\"@type\":\"ImageObject\",\"inLanguage\":\"hu\",\"@id\":\"https:\/\/cloakmyads.com\/buy\/buy-google-play-developer-accounts-cloaking\/#primaryimage\",\"url\":\"https:\/\/cloakmyads.com\/wp-content\/uploads\/2024\/04\/google-play-developer-cloaking.png\",\"contentUrl\":\"https:\/\/cloakmyads.com\/wp-content\/uploads\/2024\/04\/google-play-developer-cloaking.png\",\"width\":940,\"height\":640},{\"@type\":\"BreadcrumbList\",\"@id\":\"https:\/\/cloakmyads.com\/buy\/buy-google-play-developer-accounts-cloaking\/#breadcrumb\",\"itemListElement\":[{\"@type\":\"ListItem\",\"position\":1,\"name\":\"Home\",\"item\":\"https:\/\/cloakmyads.com\/\"},{\"@type\":\"ListItem\",\"position\":2,\"name\":\"Shop\",\"item\":\"https:\/\/cloakmyads.com\/ar\/%d9%85%d8%aa%d8%ac%d8%b1\/\"},{\"@type\":\"ListItem\",\"position\":3,\"name\":\"Google Play Developer Cloaking Accounts\"}]},{\"@type\":\"WebSite\",\"@id\":\"https:\/\/cloakmyads.com\/#website\",\"url\":\"https:\/\/cloakmyads.com\/\",\"name\":\"CloakMyAds\",\"description\":\"\",\"publisher\":{\"@id\":\"https:\/\/cloakmyads.com\/#organization\"},\"potentialAction\":[{\"@type\":\"SearchAction\",\"target\":{\"@type\":\"EntryPoint\",\"urlTemplate\":\"https:\/\/cloakmyads.com\/?s={search_term_string}\"},\"query-input\":{\"@type\":\"PropertyValueSpecification\",\"valueRequired\":true,\"valueName\":\"search_term_string\"}}],\"inLanguage\":\"hu\"},{\"@type\":\"Organization\",\"@id\":\"https:\/\/cloakmyads.com\/#organization\",\"name\":\"Buy Google Ads Accounts\",\"url\":\"https:\/\/cloakmyads.com\/\",\"logo\":{\"@type\":\"ImageObject\",\"inLanguage\":\"hu\",\"@id\":\"https:\/\/cloakmyads.com\/#\/schema\/logo\/image\/\",\"url\":\"https:\/\/cloakmyads.com\/wp-content\/uploads\/2025\/11\/fav-cloak.jpg\",\"contentUrl\":\"https:\/\/cloakmyads.com\/wp-content\/uploads\/2025\/11\/fav-cloak.jpg\",\"width\":512,\"height\":512,\"caption\":\"Buy Google Ads Accounts\"},\"image\":{\"@id\":\"https:\/\/cloakmyads.com\/#\/schema\/logo\/image\/\"}}]}<\/script>\n<!-- \/ Yoast SEO Premium plugin. -->","yoast_head_json":{"title":"V\u00e1s\u00e1rl\u00e1s Google Play Developer Cloaking sz\u00e1ml\u00e1k - Crypto &amp; Szerencsej\u00e1t\u00e9k","description":"V\u00e1s\u00e1roljon Google Play fejleszt\u0151i \u00e1lc\u00e1z\u00f3 fi\u00f3kokat kripto-, szerencsej\u00e1t\u00e9k-, t\u00e1rskeres\u0151 \u00e9s IPTV-alkalmaz\u00e1sokhoz. Ellen\u0151rz\u00f6tt Android fejleszt\u0151i fi\u00f3kok a nagy kock\u00e1zat\u00fa alkalmaz\u00e1sok gyors k\u00f6zz\u00e9t\u00e9tel\u00e9hez.","robots":{"index":"index","follow":"follow","max-snippet":"max-snippet:-1","max-image-preview":"max-image-preview:large","max-video-preview":"max-video-preview:-1"},"canonical":"https:\/\/cloakmyads.com\/hu\/vasarolni\/vasarolni-google-play-fejlesztoi-fiokok-alcazasa\/","og_locale":"hu_HU","og_type":"article","og_title":"Google Play Developer Cloaking Accounts","og_description":"Buy Google Play Developer Cloaking Accounts for crypto, gambling, dating and IPTV apps. Verified Android developer accounts to publish high-risk apps fast.","og_url":"https:\/\/cloakmyads.com\/hu\/vasarolni\/vasarolni-google-play-fejlesztoi-fiokok-alcazasa\/","og_site_name":"CloakMyAds","article_modified_time":"2025-10-03T15:32:48+00:00","og_image":[{"width":940,"height":640,"url":"https:\/\/cloakmyads.com\/wp-content\/uploads\/2024\/04\/google-play-developer-cloaking.png","type":"image\/png"}],"twitter_card":"summary_large_image","twitter_misc":{"Becs\u00fclt olvas\u00e1si id\u0151":"2 perc"},"schema":{"@context":"https:\/\/schema.org","@graph":[{"@type":"WebPage","@id":"https:\/\/cloakmyads.com\/buy\/buy-google-play-developer-accounts-cloaking\/","url":"https:\/\/cloakmyads.com\/buy\/buy-google-play-developer-accounts-cloaking\/","name":"V\u00e1s\u00e1rl\u00e1s Google Play Developer Cloaking sz\u00e1ml\u00e1k - Crypto &amp; Szerencsej\u00e1t\u00e9k","isPartOf":{"@id":"https:\/\/cloakmyads.com\/#website"},"primaryImageOfPage":{"@id":"https:\/\/cloakmyads.com\/buy\/buy-google-play-developer-accounts-cloaking\/#primaryimage"},"image":{"@id":"https:\/\/cloakmyads.com\/buy\/buy-google-play-developer-accounts-cloaking\/#primaryimage"},"thumbnailUrl":"https:\/\/cloakmyads.com\/wp-content\/uploads\/2024\/04\/google-play-developer-cloaking.png","datePublished":"2024-04-01T15:07:14+00:00","dateModified":"2025-10-03T15:32:48+00:00","description":"V\u00e1s\u00e1roljon Google Play fejleszt\u0151i \u00e1lc\u00e1z\u00f3 fi\u00f3kokat kripto-, szerencsej\u00e1t\u00e9k-, t\u00e1rskeres\u0151 \u00e9s IPTV-alkalmaz\u00e1sokhoz. Ellen\u0151rz\u00f6tt Android fejleszt\u0151i fi\u00f3kok a nagy kock\u00e1zat\u00fa alkalmaz\u00e1sok gyors k\u00f6zz\u00e9t\u00e9tel\u00e9hez.","breadcrumb":{"@id":"https:\/\/cloakmyads.com\/buy\/buy-google-play-developer-accounts-cloaking\/#breadcrumb"},"inLanguage":"hu","potentialAction":[{"@type":"ReadAction","target":["https:\/\/cloakmyads.com\/buy\/buy-google-play-developer-accounts-cloaking\/"]}]},{"@type":"ImageObject","inLanguage":"hu","@id":"https:\/\/cloakmyads.com\/buy\/buy-google-play-developer-accounts-cloaking\/#primaryimage","url":"https:\/\/cloakmyads.com\/wp-content\/uploads\/2024\/04\/google-play-developer-cloaking.png","contentUrl":"https:\/\/cloakmyads.com\/wp-content\/uploads\/2024\/04\/google-play-developer-cloaking.png","width":940,"height":640},{"@type":"BreadcrumbList","@id":"https:\/\/cloakmyads.com\/buy\/buy-google-play-developer-accounts-cloaking\/#breadcrumb","itemListElement":[{"@type":"ListItem","position":1,"name":"Home","item":"https:\/\/cloakmyads.com\/"},{"@type":"ListItem","position":2,"name":"Shop","item":"https:\/\/cloakmyads.com\/ar\/%d9%85%d8%aa%d8%ac%d8%b1\/"},{"@type":"ListItem","position":3,"name":"Google Play Developer Cloaking Accounts"}]},{"@type":"WebSite","@id":"https:\/\/cloakmyads.com\/#website","url":"https:\/\/cloakmyads.com\/","name":"CloakMyAds","description":"","publisher":{"@id":"https:\/\/cloakmyads.com\/#organization"},"potentialAction":[{"@type":"SearchAction","target":{"@type":"EntryPoint","urlTemplate":"https:\/\/cloakmyads.com\/?s={search_term_string}"},"query-input":{"@type":"PropertyValueSpecification","valueRequired":true,"valueName":"search_term_string"}}],"inLanguage":"hu"},{"@type":"Organization","@id":"https:\/\/cloakmyads.com\/#organization","name":"V\u00e1s\u00e1roljon Google Ads sz\u00e1ml\u00e1kat","url":"https:\/\/cloakmyads.com\/","logo":{"@type":"ImageObject","inLanguage":"hu","@id":"https:\/\/cloakmyads.com\/#\/schema\/logo\/image\/","url":"https:\/\/cloakmyads.com\/wp-content\/uploads\/2025\/11\/fav-cloak.jpg","contentUrl":"https:\/\/cloakmyads.com\/wp-content\/uploads\/2025\/11\/fav-cloak.jpg","width":512,"height":512,"caption":"Buy Google Ads Accounts"},"image":{"@id":"https:\/\/cloakmyads.com\/#\/schema\/logo\/image\/"}}]}},"_links":{"self":[{"href":"https:\/\/cloakmyads.com\/hu\/wp-json\/wp\/v2\/product\/4935","targetHints":{"allow":["GET"]}}],"collection":[{"href":"https:\/\/cloakmyads.com\/hu\/wp-json\/wp\/v2\/product"}],"about":[{"href":"https:\/\/cloakmyads.com\/hu\/wp-json\/wp\/v2\/types\/product"}],"version-history":[{"count":4,"href":"https:\/\/cloakmyads.com\/hu\/wp-json\/wp\/v2\/product\/4935\/revisions"}],"predecessor-version":[{"id":9759,"href":"https:\/\/cloakmyads.com\/hu\/wp-json\/wp\/v2\/product\/4935\/revisions\/9759"}],"wp:featuredmedia":[{"embeddable":true,"href":"https:\/\/cloakmyads.com\/hu\/wp-json\/wp\/v2\/media\/9387"}],"wp:attachment":[{"href":"https:\/\/cloakmyads.com\/hu\/wp-json\/wp\/v2\/media?parent=4935"}],"wp:term":[{"taxonomy":"product_brand","embeddable":true,"href":"https:\/\/cloakmyads.com\/hu\/wp-json\/wp\/v2\/product_brand?post=4935"},{"taxonomy":"product_cat","embeddable":true,"href":"https:\/\/cloakmyads.com\/hu\/wp-json\/wp\/v2\/product_cat?post=4935"},{"taxonomy":"product_tag","embeddable":true,"href":"https:\/\/cloakmyads.com\/hu\/wp-json\/wp\/v2\/product_tag?post=4935"}],"curies":[{"name":"wp","href":"https:\/\/api.w.org\/{rel}","templated":true}]}}