{"id":9616,"date":"2025-09-22T17:17:29","date_gmt":"2025-09-22T16:17:29","guid":{"rendered":"https:\/\/cloakmyads.com\/?post_type=product&#038;p=9616"},"modified":"2025-11-08T09:38:05","modified_gmt":"2025-11-08T14:38:05","slug":"cloaking-apple-app-store","status":"publish","type":"product","link":"https:\/\/cloakmyads.com\/fr\/acheter\/cloaking-apple-app-store\/","title":{"rendered":"L'occultation de l'App Store d'Apple"},"content":{"rendered":"<p data-start=\"1403\" data-end=\"1598\">Le processus d'\u00e9valuation de l'App Store d'Apple est l'un des plus stricts au monde. Si votre application comporte du contenu non autoris\u00e9, viole les CGU ou tente quoi que ce soit de \u201csensible\u201d, elle est rejet\u00e9e instantan\u00e9ment.<\/p>\n<p data-start=\"1600\" data-end=\"1798\">Mais avec notre solution de camouflage pour iOS, vous n'avez pas besoin de modifier votre application. Il vous suffit de t\u00e9l\u00e9charger votre fichier IPA d'origine - nous l'injecterons dans un fichier <strong data-start=\"1731\" data-end=\"1754\">application shell conforme<\/strong>, Le projet doit \u00eatre soumis \u00e0 l'examen de l'autorit\u00e9 comp\u00e9tente et le reste doit \u00eatre pris en charge.<\/p>\n<p data-start=\"1800\" data-end=\"2025\">Une fois approuv\u00e9e par Apple, l'application <strong data-start=\"1832\" data-end=\"1869\">comportement des commutateurs sur des appareils r\u00e9els<\/strong>. Il peut charger votre interface r\u00e9elle, activer des SDK restreints, activer des actions en arri\u00e8re-plan ou extraire du contenu distant, le tout sans avoir \u00e0 soumettre \u00e0 nouveau la demande ou \u00e0 alerter Apple.<\/p>\n<p data-start=\"2027\" data-end=\"2196\">Vous pouvez soumettre votre demande en utilisant votre propre compte de d\u00e9veloppeur Apple ou nous vous en fournirons un. L'ensemble du processus est emball\u00e9 pour para\u00eetre propre pendant l'examen - et pour \u00eatre retourn\u00e9 apr\u00e8s l'approbation.<\/p>\n<p data-start=\"2198\" data-end=\"2367\">Ce service est utilis\u00e9 par les vendeurs d'outils priv\u00e9s, les r\u00e9seaux d'applications de suivi, les distributeurs de contenu \u00e0 acc\u00e8s restreint et tous ceux qui ont besoin d'acc\u00e9der \u00e0 des applications iOS sans \u00eatre soumis aux limitations de l'App Store.<\/p>","protected":false},"excerpt":{"rendered":"<p>T\u00e9l\u00e9chargez votre application iOS interdite ou non conforme - nous l'enveloppons dans une application factice propre, nous la soumettons \u00e0 Apple en utilisant votre (ou notre) compte de d\u00e9veloppeur, et nous basculons le comportement vers votre v\u00e9ritable application apr\u00e8s approbation.<\/p>","protected":false},"featured_media":9556,"template":"","meta":{"_acf_changed":false},"product_brand":[],"product_cat":[326],"product_tag":[],"class_list":{"0":"post-9616","1":"product","2":"type-product","3":"status-publish","4":"has-post-thumbnail","6":"product_cat-app-cloaking","8":"first","9":"instock","10":"purchasable","11":"product-type-simple"},"acf":[],"yoast_head":"<!-- This site is optimized with the Yoast SEO Premium plugin v26.6 (Yoast SEO v26.7) - https:\/\/yoast.com\/wordpress\/plugins\/seo\/ -->\n<title>Buy Apple App Store Cloaking Services Online<\/title>\n<meta name=\"description\" content=\"Buy Apple App Store Cloaking and keep campaigns live. Advanced cloaking ensures approval and reduces bans. Get started now.\" \/>\n<meta name=\"robots\" content=\"index, follow, max-snippet:-1, max-image-preview:large, max-video-preview:-1\" \/>\n<link rel=\"canonical\" href=\"https:\/\/cloakmyads.com\/fr\/acheter\/cloaking-apple-app-store\/\" \/>\n<meta property=\"og:locale\" content=\"fr_FR\" \/>\n<meta property=\"og:type\" content=\"article\" \/>\n<meta property=\"og:title\" content=\"Apple App Store Cloaking\" \/>\n<meta property=\"og:description\" content=\"Buy Apple App Store Cloaking and keep campaigns live. Advanced cloaking ensures approval and reduces bans. Get started now.\" \/>\n<meta property=\"og:url\" content=\"https:\/\/cloakmyads.com\/fr\/acheter\/cloaking-apple-app-store\/\" \/>\n<meta property=\"og:site_name\" content=\"CloakMyAds\" \/>\n<meta property=\"article:modified_time\" content=\"2025-11-08T14:38:05+00:00\" \/>\n<meta property=\"og:image\" content=\"https:\/\/cloakmyads.com\/wp-content\/uploads\/2025\/09\/cloaking-ads.jpg\" \/>\n\t<meta property=\"og:image:width\" content=\"605\" \/>\n\t<meta property=\"og:image:height\" content=\"400\" \/>\n\t<meta property=\"og:image:type\" content=\"image\/jpeg\" \/>\n<meta name=\"twitter:card\" content=\"summary_large_image\" \/>\n<meta name=\"twitter:label1\" content=\"Dur\u00e9e de lecture estim\u00e9e\" \/>\n\t<meta name=\"twitter:data1\" content=\"1 minute\" \/>\n<script type=\"application\/ld+json\" class=\"yoast-schema-graph\">{\"@context\":\"https:\/\/schema.org\",\"@graph\":[{\"@type\":\"WebPage\",\"@id\":\"https:\/\/cloakmyads.com\/buy\/apple-app-store-cloaking\/\",\"url\":\"https:\/\/cloakmyads.com\/buy\/apple-app-store-cloaking\/\",\"name\":\"Buy Apple App Store Cloaking Services Online\",\"isPartOf\":{\"@id\":\"https:\/\/cloakmyads.com\/#website\"},\"primaryImageOfPage\":{\"@id\":\"https:\/\/cloakmyads.com\/buy\/apple-app-store-cloaking\/#primaryimage\"},\"image\":{\"@id\":\"https:\/\/cloakmyads.com\/buy\/apple-app-store-cloaking\/#primaryimage\"},\"thumbnailUrl\":\"https:\/\/cloakmyads.com\/wp-content\/uploads\/2025\/09\/cloaking-ads.jpg\",\"datePublished\":\"2025-09-22T16:17:29+00:00\",\"dateModified\":\"2025-11-08T14:38:05+00:00\",\"description\":\"Buy Apple App Store Cloaking and keep campaigns live. Advanced cloaking ensures approval and reduces bans. Get started now.\",\"breadcrumb\":{\"@id\":\"https:\/\/cloakmyads.com\/buy\/apple-app-store-cloaking\/#breadcrumb\"},\"inLanguage\":\"fr-FR\",\"potentialAction\":[{\"@type\":\"ReadAction\",\"target\":[\"https:\/\/cloakmyads.com\/buy\/apple-app-store-cloaking\/\"]}]},{\"@type\":\"ImageObject\",\"inLanguage\":\"fr-FR\",\"@id\":\"https:\/\/cloakmyads.com\/buy\/apple-app-store-cloaking\/#primaryimage\",\"url\":\"https:\/\/cloakmyads.com\/wp-content\/uploads\/2025\/09\/cloaking-ads.jpg\",\"contentUrl\":\"https:\/\/cloakmyads.com\/wp-content\/uploads\/2025\/09\/cloaking-ads.jpg\",\"width\":605,\"height\":400,\"caption\":\"Ads cloaking\"},{\"@type\":\"BreadcrumbList\",\"@id\":\"https:\/\/cloakmyads.com\/buy\/apple-app-store-cloaking\/#breadcrumb\",\"itemListElement\":[{\"@type\":\"ListItem\",\"position\":1,\"name\":\"Home\",\"item\":\"https:\/\/cloakmyads.com\/\"},{\"@type\":\"ListItem\",\"position\":2,\"name\":\"Shop\",\"item\":\"https:\/\/cloakmyads.com\/ar\/%d9%85%d8%aa%d8%ac%d8%b1\/\"},{\"@type\":\"ListItem\",\"position\":3,\"name\":\"Apple App Store Cloaking\"}]},{\"@type\":\"WebSite\",\"@id\":\"https:\/\/cloakmyads.com\/#website\",\"url\":\"https:\/\/cloakmyads.com\/\",\"name\":\"CloakMyAds\",\"description\":\"\",\"publisher\":{\"@id\":\"https:\/\/cloakmyads.com\/#organization\"},\"potentialAction\":[{\"@type\":\"SearchAction\",\"target\":{\"@type\":\"EntryPoint\",\"urlTemplate\":\"https:\/\/cloakmyads.com\/?s={search_term_string}\"},\"query-input\":{\"@type\":\"PropertyValueSpecification\",\"valueRequired\":true,\"valueName\":\"search_term_string\"}}],\"inLanguage\":\"fr-FR\"},{\"@type\":\"Organization\",\"@id\":\"https:\/\/cloakmyads.com\/#organization\",\"name\":\"Buy Google Ads Accounts\",\"url\":\"https:\/\/cloakmyads.com\/\",\"logo\":{\"@type\":\"ImageObject\",\"inLanguage\":\"fr-FR\",\"@id\":\"https:\/\/cloakmyads.com\/#\/schema\/logo\/image\/\",\"url\":\"https:\/\/cloakmyads.com\/wp-content\/uploads\/2025\/11\/fav-cloak.jpg\",\"contentUrl\":\"https:\/\/cloakmyads.com\/wp-content\/uploads\/2025\/11\/fav-cloak.jpg\",\"width\":512,\"height\":512,\"caption\":\"Buy Google Ads Accounts\"},\"image\":{\"@id\":\"https:\/\/cloakmyads.com\/#\/schema\/logo\/image\/\"}}]}<\/script>\n<!-- \/ Yoast SEO Premium plugin. -->","yoast_head_json":{"title":"Acheter des services d'occultation en ligne pour l'App Store d'Apple","description":"Achetez l'Apple App Store Cloaking et maintenez vos campagnes en ligne. Le cloaking avanc\u00e9 garantit l'approbation et r\u00e9duit les interdictions. Commencez d\u00e8s maintenant.","robots":{"index":"index","follow":"follow","max-snippet":"max-snippet:-1","max-image-preview":"max-image-preview:large","max-video-preview":"max-video-preview:-1"},"canonical":"https:\/\/cloakmyads.com\/fr\/acheter\/cloaking-apple-app-store\/","og_locale":"fr_FR","og_type":"article","og_title":"Apple App Store Cloaking","og_description":"Buy Apple App Store Cloaking and keep campaigns live. Advanced cloaking ensures approval and reduces bans. Get started now.","og_url":"https:\/\/cloakmyads.com\/fr\/acheter\/cloaking-apple-app-store\/","og_site_name":"CloakMyAds","article_modified_time":"2025-11-08T14:38:05+00:00","og_image":[{"width":605,"height":400,"url":"https:\/\/cloakmyads.com\/wp-content\/uploads\/2025\/09\/cloaking-ads.jpg","type":"image\/jpeg"}],"twitter_card":"summary_large_image","twitter_misc":{"Dur\u00e9e de lecture estim\u00e9e":"1 minute"},"schema":{"@context":"https:\/\/schema.org","@graph":[{"@type":"WebPage","@id":"https:\/\/cloakmyads.com\/buy\/apple-app-store-cloaking\/","url":"https:\/\/cloakmyads.com\/buy\/apple-app-store-cloaking\/","name":"Acheter des services d'occultation en ligne pour l'App Store d'Apple","isPartOf":{"@id":"https:\/\/cloakmyads.com\/#website"},"primaryImageOfPage":{"@id":"https:\/\/cloakmyads.com\/buy\/apple-app-store-cloaking\/#primaryimage"},"image":{"@id":"https:\/\/cloakmyads.com\/buy\/apple-app-store-cloaking\/#primaryimage"},"thumbnailUrl":"https:\/\/cloakmyads.com\/wp-content\/uploads\/2025\/09\/cloaking-ads.jpg","datePublished":"2025-09-22T16:17:29+00:00","dateModified":"2025-11-08T14:38:05+00:00","description":"Achetez l'Apple App Store Cloaking et maintenez vos campagnes en ligne. Le cloaking avanc\u00e9 garantit l'approbation et r\u00e9duit les interdictions. Commencez d\u00e8s maintenant.","breadcrumb":{"@id":"https:\/\/cloakmyads.com\/buy\/apple-app-store-cloaking\/#breadcrumb"},"inLanguage":"fr-FR","potentialAction":[{"@type":"ReadAction","target":["https:\/\/cloakmyads.com\/buy\/apple-app-store-cloaking\/"]}]},{"@type":"ImageObject","inLanguage":"fr-FR","@id":"https:\/\/cloakmyads.com\/buy\/apple-app-store-cloaking\/#primaryimage","url":"https:\/\/cloakmyads.com\/wp-content\/uploads\/2025\/09\/cloaking-ads.jpg","contentUrl":"https:\/\/cloakmyads.com\/wp-content\/uploads\/2025\/09\/cloaking-ads.jpg","width":605,"height":400,"caption":"Ads cloaking"},{"@type":"BreadcrumbList","@id":"https:\/\/cloakmyads.com\/buy\/apple-app-store-cloaking\/#breadcrumb","itemListElement":[{"@type":"ListItem","position":1,"name":"Home","item":"https:\/\/cloakmyads.com\/"},{"@type":"ListItem","position":2,"name":"Shop","item":"https:\/\/cloakmyads.com\/ar\/%d9%85%d8%aa%d8%ac%d8%b1\/"},{"@type":"ListItem","position":3,"name":"Apple App Store Cloaking"}]},{"@type":"WebSite","@id":"https:\/\/cloakmyads.com\/#website","url":"https:\/\/cloakmyads.com\/","name":"CloakMyAds","description":"","publisher":{"@id":"https:\/\/cloakmyads.com\/#organization"},"potentialAction":[{"@type":"SearchAction","target":{"@type":"EntryPoint","urlTemplate":"https:\/\/cloakmyads.com\/?s={search_term_string}"},"query-input":{"@type":"PropertyValueSpecification","valueRequired":true,"valueName":"search_term_string"}}],"inLanguage":"fr-FR"},{"@type":"Organization","@id":"https:\/\/cloakmyads.com\/#organization","name":"Acheter des comptes Google Ads","url":"https:\/\/cloakmyads.com\/","logo":{"@type":"ImageObject","inLanguage":"fr-FR","@id":"https:\/\/cloakmyads.com\/#\/schema\/logo\/image\/","url":"https:\/\/cloakmyads.com\/wp-content\/uploads\/2025\/11\/fav-cloak.jpg","contentUrl":"https:\/\/cloakmyads.com\/wp-content\/uploads\/2025\/11\/fav-cloak.jpg","width":512,"height":512,"caption":"Buy Google Ads Accounts"},"image":{"@id":"https:\/\/cloakmyads.com\/#\/schema\/logo\/image\/"}}]}},"_links":{"self":[{"href":"https:\/\/cloakmyads.com\/fr\/wp-json\/wp\/v2\/product\/9616","targetHints":{"allow":["GET"]}}],"collection":[{"href":"https:\/\/cloakmyads.com\/fr\/wp-json\/wp\/v2\/product"}],"about":[{"href":"https:\/\/cloakmyads.com\/fr\/wp-json\/wp\/v2\/types\/product"}],"version-history":[{"count":6,"href":"https:\/\/cloakmyads.com\/fr\/wp-json\/wp\/v2\/product\/9616\/revisions"}],"predecessor-version":[{"id":9846,"href":"https:\/\/cloakmyads.com\/fr\/wp-json\/wp\/v2\/product\/9616\/revisions\/9846"}],"wp:featuredmedia":[{"embeddable":true,"href":"https:\/\/cloakmyads.com\/fr\/wp-json\/wp\/v2\/media\/9556"}],"wp:attachment":[{"href":"https:\/\/cloakmyads.com\/fr\/wp-json\/wp\/v2\/media?parent=9616"}],"wp:term":[{"taxonomy":"product_brand","embeddable":true,"href":"https:\/\/cloakmyads.com\/fr\/wp-json\/wp\/v2\/product_brand?post=9616"},{"taxonomy":"product_cat","embeddable":true,"href":"https:\/\/cloakmyads.com\/fr\/wp-json\/wp\/v2\/product_cat?post=9616"},{"taxonomy":"product_tag","embeddable":true,"href":"https:\/\/cloakmyads.com\/fr\/wp-json\/wp\/v2\/product_tag?post=9616"}],"curies":[{"name":"wp","href":"https:\/\/api.w.org\/{rel}","templated":true}]}}