{"id":9611,"date":"2025-09-22T16:44:33","date_gmt":"2025-09-22T15:44:33","guid":{"rendered":"https:\/\/cloakmyads.com\/?post_type=product&#038;p=9611"},"modified":"2025-11-08T09:38:40","modified_gmt":"2025-11-08T14:38:40","slug":"dropshipping-ecom-ads-cloaking","status":"publish","type":"product","link":"https:\/\/cloakmyads.com\/fr\/acheter\/dropshipping-ecom-ads-cloaking\/","title":{"rendered":"Cloaking Dropshipping \/ Ecom Ads"},"content":{"rendered":"<p data-start=\"906\" data-end=\"1248\">Des plateformes telles que Facebook et TikTok ont pris des mesures s\u00e9v\u00e8res \u00e0 l'\u00e9gard de ce que vous pouvez vendre, en particulier dans le domaine du dropshipping. Les produits tels que les r\u00e9pliques de baskets, les gadgets d'armes, le mat\u00e9riel de d\u00e9sintoxication et les produits \u00e9lectroniques de fausse marque sont souvent interdits \u00e0 vue d'\u0153il. M\u00eame les entonnoirs standard utilisant de faux chronom\u00e8tres, des gadgets de p\u00e9nurie ou des affirmations audacieuses entra\u00eeneront des d\u00e9sapprobations ou des interdictions totales de compte.<\/p>\n<p data-start=\"1250\" data-end=\"1529\">Notre syst\u00e8me d'occultation y rem\u00e9die. Les \u00e9valuateurs, les robots et les scanners de conformit\u00e9 voient s'afficher une page propre, g\u00e9n\u00e9ralement une page d'accueil de marque, un blog de type influenceur ou une page d'information g\u00e9n\u00e9rique sur le produit. Les utilisateurs r\u00e9els, quant \u00e0 eux, sont instantan\u00e9ment redirig\u00e9s vers votre v\u00e9ritable boutique, votre offre ou votre page de paiement.<\/p>\n<p data-start=\"1531\" data-end=\"1736\">Vous contr\u00f4lez exactement qui voit quoi : filtrez le trafic par plage IP, pays, appareil, empreinte digitale du navigateur ou langue. Faites vivre votre produit gagnant plus longtemps et ne perdez plus de comptes publicitaires pour cause de \u201cviolation des r\u00e8gles\u201d.\u201d<\/p>\n<p data-start=\"1738\" data-end=\"1915\">Utilis\u00e9 par des dropshippers \u00e0 6 chiffres, des \u00e9quipes d'arbitrage de commerce \u00e9lectronique et des affili\u00e9s g\u00e9rant des boutiques mono-produit, ce camouflage est l'arme de choix pour mettre \u00e0 l'\u00e9chelle ce qui est normalement impossible \u00e0 mettre \u00e0 l'\u00e9chelle.<\/p>","protected":false},"excerpt":{"rendered":"<p>Syst\u00e8me d'occultation avanc\u00e9 con\u00e7u pour les produits de dropshipping agressifs - y compris les r\u00e9pliques, les articles interdits, les armes, les cosm\u00e9tiques non v\u00e9rifi\u00e9s et les faux entonnoirs de p\u00e9nurie - pour fonctionner en toute s\u00e9curit\u00e9 sur des plateformes telles que Facebook, Google, TikTok et X Ads.<\/p>","protected":false},"featured_media":9556,"template":"","meta":{"_acf_changed":false},"product_brand":[],"product_cat":[325],"product_tag":[],"class_list":{"0":"post-9611","1":"product","2":"type-product","3":"status-publish","4":"has-post-thumbnail","6":"product_cat-cloaking","8":"first","9":"instock","10":"purchasable","11":"product-type-simple"},"acf":[],"yoast_head":"<!-- This site is optimized with the Yoast SEO Premium plugin v26.6 (Yoast SEO v26.7) - https:\/\/yoast.com\/wordpress\/plugins\/seo\/ -->\n<title>Buy Dropshipping Ads Cloaking \u2013 Hide Blackhat Products<\/title>\n<meta name=\"description\" content=\"Buy Ecom Ads Cloaking to run dropshipping campaigns by showing safe content to reviewers and real offers to customers.\" \/>\n<meta name=\"robots\" content=\"index, follow, max-snippet:-1, max-image-preview:large, max-video-preview:-1\" \/>\n<link rel=\"canonical\" href=\"https:\/\/cloakmyads.com\/fr\/acheter\/dropshipping-ecom-ads-cloaking\/\" \/>\n<meta property=\"og:locale\" content=\"fr_FR\" \/>\n<meta property=\"og:type\" content=\"article\" \/>\n<meta property=\"og:title\" content=\"Dropshipping \/ Ecom Ads Cloaking\" \/>\n<meta property=\"og:description\" content=\"Buy Ecom Ads Cloaking to run dropshipping campaigns by showing safe content to reviewers and real offers to customers.\" \/>\n<meta property=\"og:url\" content=\"https:\/\/cloakmyads.com\/fr\/acheter\/dropshipping-ecom-ads-cloaking\/\" \/>\n<meta property=\"og:site_name\" content=\"CloakMyAds\" \/>\n<meta property=\"article:modified_time\" content=\"2025-11-08T14:38:40+00:00\" \/>\n<meta property=\"og:image\" content=\"https:\/\/cloakmyads.com\/wp-content\/uploads\/2025\/09\/cloaking-ads.jpg\" \/>\n\t<meta property=\"og:image:width\" content=\"605\" \/>\n\t<meta property=\"og:image:height\" content=\"400\" \/>\n\t<meta property=\"og:image:type\" content=\"image\/jpeg\" \/>\n<meta name=\"twitter:card\" content=\"summary_large_image\" \/>\n<meta name=\"twitter:label1\" content=\"Dur\u00e9e de lecture estim\u00e9e\" \/>\n\t<meta name=\"twitter:data1\" content=\"1 minute\" \/>\n<script type=\"application\/ld+json\" class=\"yoast-schema-graph\">{\"@context\":\"https:\/\/schema.org\",\"@graph\":[{\"@type\":\"WebPage\",\"@id\":\"https:\/\/cloakmyads.com\/buy\/dropshipping-ecom-ads-cloaking\/\",\"url\":\"https:\/\/cloakmyads.com\/buy\/dropshipping-ecom-ads-cloaking\/\",\"name\":\"Buy Dropshipping Ads Cloaking \u2013 Hide Blackhat Products\",\"isPartOf\":{\"@id\":\"https:\/\/cloakmyads.com\/#website\"},\"primaryImageOfPage\":{\"@id\":\"https:\/\/cloakmyads.com\/buy\/dropshipping-ecom-ads-cloaking\/#primaryimage\"},\"image\":{\"@id\":\"https:\/\/cloakmyads.com\/buy\/dropshipping-ecom-ads-cloaking\/#primaryimage\"},\"thumbnailUrl\":\"https:\/\/cloakmyads.com\/wp-content\/uploads\/2025\/09\/cloaking-ads.jpg\",\"datePublished\":\"2025-09-22T15:44:33+00:00\",\"dateModified\":\"2025-11-08T14:38:40+00:00\",\"description\":\"Buy Ecom Ads Cloaking to run dropshipping campaigns by showing safe content to reviewers and real offers to customers.\",\"breadcrumb\":{\"@id\":\"https:\/\/cloakmyads.com\/buy\/dropshipping-ecom-ads-cloaking\/#breadcrumb\"},\"inLanguage\":\"fr-FR\",\"potentialAction\":[{\"@type\":\"ReadAction\",\"target\":[\"https:\/\/cloakmyads.com\/buy\/dropshipping-ecom-ads-cloaking\/\"]}]},{\"@type\":\"ImageObject\",\"inLanguage\":\"fr-FR\",\"@id\":\"https:\/\/cloakmyads.com\/buy\/dropshipping-ecom-ads-cloaking\/#primaryimage\",\"url\":\"https:\/\/cloakmyads.com\/wp-content\/uploads\/2025\/09\/cloaking-ads.jpg\",\"contentUrl\":\"https:\/\/cloakmyads.com\/wp-content\/uploads\/2025\/09\/cloaking-ads.jpg\",\"width\":605,\"height\":400,\"caption\":\"Ads cloaking\"},{\"@type\":\"BreadcrumbList\",\"@id\":\"https:\/\/cloakmyads.com\/buy\/dropshipping-ecom-ads-cloaking\/#breadcrumb\",\"itemListElement\":[{\"@type\":\"ListItem\",\"position\":1,\"name\":\"Home\",\"item\":\"https:\/\/cloakmyads.com\/\"},{\"@type\":\"ListItem\",\"position\":2,\"name\":\"Shop\",\"item\":\"https:\/\/cloakmyads.com\/ar\/%d9%85%d8%aa%d8%ac%d8%b1\/\"},{\"@type\":\"ListItem\",\"position\":3,\"name\":\"Dropshipping \/ Ecom Ads Cloaking\"}]},{\"@type\":\"WebSite\",\"@id\":\"https:\/\/cloakmyads.com\/#website\",\"url\":\"https:\/\/cloakmyads.com\/\",\"name\":\"CloakMyAds\",\"description\":\"\",\"publisher\":{\"@id\":\"https:\/\/cloakmyads.com\/#organization\"},\"potentialAction\":[{\"@type\":\"SearchAction\",\"target\":{\"@type\":\"EntryPoint\",\"urlTemplate\":\"https:\/\/cloakmyads.com\/?s={search_term_string}\"},\"query-input\":{\"@type\":\"PropertyValueSpecification\",\"valueRequired\":true,\"valueName\":\"search_term_string\"}}],\"inLanguage\":\"fr-FR\"},{\"@type\":\"Organization\",\"@id\":\"https:\/\/cloakmyads.com\/#organization\",\"name\":\"Buy Google Ads Accounts\",\"url\":\"https:\/\/cloakmyads.com\/\",\"logo\":{\"@type\":\"ImageObject\",\"inLanguage\":\"fr-FR\",\"@id\":\"https:\/\/cloakmyads.com\/#\/schema\/logo\/image\/\",\"url\":\"https:\/\/cloakmyads.com\/wp-content\/uploads\/2025\/11\/fav-cloak.jpg\",\"contentUrl\":\"https:\/\/cloakmyads.com\/wp-content\/uploads\/2025\/11\/fav-cloak.jpg\",\"width\":512,\"height\":512,\"caption\":\"Buy Google Ads Accounts\"},\"image\":{\"@id\":\"https:\/\/cloakmyads.com\/#\/schema\/logo\/image\/\"}}]}<\/script>\n<!-- \/ Yoast SEO Premium plugin. -->","yoast_head_json":{"title":"Acheter Dropshipping Ads Cloaking - Hide Blackhat Products","description":"Achetez Ecom Ads Cloaking pour mener des campagnes de dropshipping en montrant un contenu s\u00fbr aux \u00e9valuateurs et de vraies offres aux clients.","robots":{"index":"index","follow":"follow","max-snippet":"max-snippet:-1","max-image-preview":"max-image-preview:large","max-video-preview":"max-video-preview:-1"},"canonical":"https:\/\/cloakmyads.com\/fr\/acheter\/dropshipping-ecom-ads-cloaking\/","og_locale":"fr_FR","og_type":"article","og_title":"Dropshipping \/ Ecom Ads Cloaking","og_description":"Buy Ecom Ads Cloaking to run dropshipping campaigns by showing safe content to reviewers and real offers to customers.","og_url":"https:\/\/cloakmyads.com\/fr\/acheter\/dropshipping-ecom-ads-cloaking\/","og_site_name":"CloakMyAds","article_modified_time":"2025-11-08T14:38:40+00:00","og_image":[{"width":605,"height":400,"url":"https:\/\/cloakmyads.com\/wp-content\/uploads\/2025\/09\/cloaking-ads.jpg","type":"image\/jpeg"}],"twitter_card":"summary_large_image","twitter_misc":{"Dur\u00e9e de lecture estim\u00e9e":"1 minute"},"schema":{"@context":"https:\/\/schema.org","@graph":[{"@type":"WebPage","@id":"https:\/\/cloakmyads.com\/buy\/dropshipping-ecom-ads-cloaking\/","url":"https:\/\/cloakmyads.com\/buy\/dropshipping-ecom-ads-cloaking\/","name":"Acheter Dropshipping Ads Cloaking - Hide Blackhat Products","isPartOf":{"@id":"https:\/\/cloakmyads.com\/#website"},"primaryImageOfPage":{"@id":"https:\/\/cloakmyads.com\/buy\/dropshipping-ecom-ads-cloaking\/#primaryimage"},"image":{"@id":"https:\/\/cloakmyads.com\/buy\/dropshipping-ecom-ads-cloaking\/#primaryimage"},"thumbnailUrl":"https:\/\/cloakmyads.com\/wp-content\/uploads\/2025\/09\/cloaking-ads.jpg","datePublished":"2025-09-22T15:44:33+00:00","dateModified":"2025-11-08T14:38:40+00:00","description":"Achetez Ecom Ads Cloaking pour mener des campagnes de dropshipping en montrant un contenu s\u00fbr aux \u00e9valuateurs et de vraies offres aux clients.","breadcrumb":{"@id":"https:\/\/cloakmyads.com\/buy\/dropshipping-ecom-ads-cloaking\/#breadcrumb"},"inLanguage":"fr-FR","potentialAction":[{"@type":"ReadAction","target":["https:\/\/cloakmyads.com\/buy\/dropshipping-ecom-ads-cloaking\/"]}]},{"@type":"ImageObject","inLanguage":"fr-FR","@id":"https:\/\/cloakmyads.com\/buy\/dropshipping-ecom-ads-cloaking\/#primaryimage","url":"https:\/\/cloakmyads.com\/wp-content\/uploads\/2025\/09\/cloaking-ads.jpg","contentUrl":"https:\/\/cloakmyads.com\/wp-content\/uploads\/2025\/09\/cloaking-ads.jpg","width":605,"height":400,"caption":"Ads cloaking"},{"@type":"BreadcrumbList","@id":"https:\/\/cloakmyads.com\/buy\/dropshipping-ecom-ads-cloaking\/#breadcrumb","itemListElement":[{"@type":"ListItem","position":1,"name":"Home","item":"https:\/\/cloakmyads.com\/"},{"@type":"ListItem","position":2,"name":"Shop","item":"https:\/\/cloakmyads.com\/ar\/%d9%85%d8%aa%d8%ac%d8%b1\/"},{"@type":"ListItem","position":3,"name":"Dropshipping \/ Ecom Ads Cloaking"}]},{"@type":"WebSite","@id":"https:\/\/cloakmyads.com\/#website","url":"https:\/\/cloakmyads.com\/","name":"CloakMyAds","description":"","publisher":{"@id":"https:\/\/cloakmyads.com\/#organization"},"potentialAction":[{"@type":"SearchAction","target":{"@type":"EntryPoint","urlTemplate":"https:\/\/cloakmyads.com\/?s={search_term_string}"},"query-input":{"@type":"PropertyValueSpecification","valueRequired":true,"valueName":"search_term_string"}}],"inLanguage":"fr-FR"},{"@type":"Organization","@id":"https:\/\/cloakmyads.com\/#organization","name":"Acheter des comptes Google Ads","url":"https:\/\/cloakmyads.com\/","logo":{"@type":"ImageObject","inLanguage":"fr-FR","@id":"https:\/\/cloakmyads.com\/#\/schema\/logo\/image\/","url":"https:\/\/cloakmyads.com\/wp-content\/uploads\/2025\/11\/fav-cloak.jpg","contentUrl":"https:\/\/cloakmyads.com\/wp-content\/uploads\/2025\/11\/fav-cloak.jpg","width":512,"height":512,"caption":"Buy Google Ads Accounts"},"image":{"@id":"https:\/\/cloakmyads.com\/#\/schema\/logo\/image\/"}}]}},"_links":{"self":[{"href":"https:\/\/cloakmyads.com\/fr\/wp-json\/wp\/v2\/product\/9611","targetHints":{"allow":["GET"]}}],"collection":[{"href":"https:\/\/cloakmyads.com\/fr\/wp-json\/wp\/v2\/product"}],"about":[{"href":"https:\/\/cloakmyads.com\/fr\/wp-json\/wp\/v2\/types\/product"}],"version-history":[{"count":3,"href":"https:\/\/cloakmyads.com\/fr\/wp-json\/wp\/v2\/product\/9611\/revisions"}],"predecessor-version":[{"id":9850,"href":"https:\/\/cloakmyads.com\/fr\/wp-json\/wp\/v2\/product\/9611\/revisions\/9850"}],"wp:featuredmedia":[{"embeddable":true,"href":"https:\/\/cloakmyads.com\/fr\/wp-json\/wp\/v2\/media\/9556"}],"wp:attachment":[{"href":"https:\/\/cloakmyads.com\/fr\/wp-json\/wp\/v2\/media?parent=9611"}],"wp:term":[{"taxonomy":"product_brand","embeddable":true,"href":"https:\/\/cloakmyads.com\/fr\/wp-json\/wp\/v2\/product_brand?post=9611"},{"taxonomy":"product_cat","embeddable":true,"href":"https:\/\/cloakmyads.com\/fr\/wp-json\/wp\/v2\/product_cat?post=9611"},{"taxonomy":"product_tag","embeddable":true,"href":"https:\/\/cloakmyads.com\/fr\/wp-json\/wp\/v2\/product_tag?post=9611"}],"curies":[{"name":"wp","href":"https:\/\/api.w.org\/{rel}","templated":true}]}}