{"id":4939,"date":"2024-04-01T17:25:57","date_gmt":"2024-04-01T16:25:57","guid":{"rendered":"https:\/\/rentaccounts.net\/?post_type=product&#038;p=4939"},"modified":"2025-10-03T16:31:22","modified_gmt":"2025-10-03T15:31:22","slug":"acheter-des-comptes-developpeurs-apple-cloaking","status":"publish","type":"product","link":"https:\/\/cloakmyads.com\/fr\/acheter\/acheter-des-comptes-developpeurs-apple-cloaking\/","title":{"rendered":"Comptes cach\u00e9s des d\u00e9veloppeurs d'Apple"},"content":{"rendered":"<p data-start=\"349\" data-end=\"789\">Pour publier sur l'App Store, il faut disposer d'un compte de d\u00e9veloppeur v\u00e9rifi\u00e9. Sans ce compte, il est impossible de soumettre des applications, d'effectuer des mises \u00e0 jour ou de g\u00e9rer des listes. Le processus de v\u00e9rification d'Apple est strict et fastidieux, et bloque souvent les inscriptions de personnes ou d'entreprises ne disposant pas des informations d'identification appropri\u00e9es. C'est pourquoi les \u00e9diteurs d'applications, les fournisseurs de SaaS et les r\u00e9seaux d'affiliation s\u00e9rieux choisissent de <strong data-start=\"711\" data-end=\"743\">acheter des comptes d\u00e9veloppeurs Apple<\/strong> qui sont d\u00e9j\u00e0 v\u00e9rifi\u00e9s et pr\u00eats \u00e0 \u00eatre utilis\u00e9s.<\/p>\n<p data-start=\"791\" data-end=\"1166\">Avec <strong data-start=\"796\" data-end=\"833\">comptes de d\u00e9veloppeurs Apple v\u00e9rifi\u00e9s<\/strong>, Gr\u00e2ce \u00e0 ces comptes, vous \u00e9vitez les retards, les demandes de v\u00e9rification interminables et les rejets al\u00e9atoires. Ces comptes sont li\u00e9s \u00e0 des entit\u00e9s commerciales am\u00e9ricaines et britanniques, \u00e2g\u00e9es de 2022 \u00e0 2024, et enti\u00e8rement v\u00e9rifi\u00e9es avec le t\u00e9l\u00e9phone, l'email et les d\u00e9tails l\u00e9gaux. Chaque compte comprend l'acc\u00e8s au programme Apple Developer et la possibilit\u00e9 de publier des applications directement sur l'App Store.<\/p>\n<p data-start=\"1168\" data-end=\"1436\">Que vous lanciez une application iOS conforme, que vous testiez plusieurs versions ou que vous fassiez \u00e9voluer un r\u00e9seau d'applications, ces comptes constituent l'infrastructure dont vous avez besoin. Ajoutez vos propres applications, g\u00e9rez les certificats et les profils de provisionnement, et soumettez des mises \u00e0 jour sans attendre des semaines d'approbation.<\/p>\n<p data-start=\"1438\" data-end=\"1613\">Si vous recherchez la rapidit\u00e9, la fiabilit\u00e9 et le contr\u00f4le, la solution est simple : <strong data-start=\"1507\" data-end=\"1539\">acheter des comptes d\u00e9veloppeurs Apple<\/strong> qui sont v\u00e9rifi\u00e9s, vieillis et garantis pr\u00eats \u00e0 \u00eatre publi\u00e9s sur l'App Store.<\/p>","protected":false},"excerpt":{"rendered":"<p>Comptes Apple Developer v\u00e9rifi\u00e9s, pr\u00eats pour les soumissions d'applications, les examens et les approbations rapides - parfaits pour lancer des applications masqu\u00e9es, contourner les restrictions et assurer une distribution furtive.<\/p>","protected":false},"featured_media":9383,"template":"","meta":{"_acf_changed":false},"product_brand":[],"product_cat":[327],"product_tag":[],"class_list":{"0":"post-4939","1":"product","2":"type-product","3":"status-publish","4":"has-post-thumbnail","6":"product_cat-app-accounts","8":"first","9":"instock","10":"purchasable","11":"product-type-simple"},"acf":[],"yoast_head":"<!-- This site is optimized with the Yoast SEO Premium plugin v26.6 (Yoast SEO v26.7) - https:\/\/yoast.com\/wordpress\/plugins\/seo\/ -->\n<title>Buy Apple Developer Cloaking Accounts \u2013 Crypto &amp; Gambling<\/title>\n<meta name=\"description\" content=\"Buy Apple Developer Cloaking Accounts for crypto, gambling, dating and IPTV apps. Verified accounts to publish high-risk iOS apps and scale campaigns.\" \/>\n<meta name=\"robots\" content=\"index, follow, max-snippet:-1, max-image-preview:large, max-video-preview:-1\" \/>\n<link rel=\"canonical\" href=\"https:\/\/cloakmyads.com\/fr\/acheter\/acheter-des-comptes-developpeurs-apple-cloaking\/\" \/>\n<meta property=\"og:locale\" content=\"fr_FR\" \/>\n<meta property=\"og:type\" content=\"article\" \/>\n<meta property=\"og:title\" content=\"Apple Developer Cloaking Accounts\" \/>\n<meta property=\"og:description\" content=\"Buy Apple Developer Cloaking Accounts for crypto, gambling, dating and IPTV apps. Verified accounts to publish high-risk iOS apps and scale campaigns.\" \/>\n<meta property=\"og:url\" content=\"https:\/\/cloakmyads.com\/fr\/acheter\/acheter-des-comptes-developpeurs-apple-cloaking\/\" \/>\n<meta property=\"og:site_name\" content=\"CloakMyAds\" \/>\n<meta property=\"article:modified_time\" content=\"2025-10-03T15:31:22+00:00\" \/>\n<meta property=\"og:image\" content=\"https:\/\/cloakmyads.com\/wp-content\/uploads\/2024\/04\/apple-developer-accounts-cloaking.png\" \/>\n\t<meta property=\"og:image:width\" content=\"940\" \/>\n\t<meta property=\"og:image:height\" content=\"640\" \/>\n\t<meta property=\"og:image:type\" content=\"image\/png\" \/>\n<meta name=\"twitter:card\" content=\"summary_large_image\" \/>\n<meta name=\"twitter:label1\" content=\"Dur\u00e9e de lecture estim\u00e9e\" \/>\n\t<meta name=\"twitter:data1\" content=\"2 minutes\" \/>\n<script type=\"application\/ld+json\" class=\"yoast-schema-graph\">{\"@context\":\"https:\/\/schema.org\",\"@graph\":[{\"@type\":\"WebPage\",\"@id\":\"https:\/\/cloakmyads.com\/buy\/buy-apple-developer-accounts-cloaking\/\",\"url\":\"https:\/\/cloakmyads.com\/buy\/buy-apple-developer-accounts-cloaking\/\",\"name\":\"Buy Apple Developer Cloaking Accounts \u2013 Crypto & Gambling\",\"isPartOf\":{\"@id\":\"https:\/\/cloakmyads.com\/#website\"},\"primaryImageOfPage\":{\"@id\":\"https:\/\/cloakmyads.com\/buy\/buy-apple-developer-accounts-cloaking\/#primaryimage\"},\"image\":{\"@id\":\"https:\/\/cloakmyads.com\/buy\/buy-apple-developer-accounts-cloaking\/#primaryimage\"},\"thumbnailUrl\":\"https:\/\/cloakmyads.com\/wp-content\/uploads\/2024\/04\/apple-developer-accounts-cloaking.png\",\"datePublished\":\"2024-04-01T16:25:57+00:00\",\"dateModified\":\"2025-10-03T15:31:22+00:00\",\"description\":\"Buy Apple Developer Cloaking Accounts for crypto, gambling, dating and IPTV apps. Verified accounts to publish high-risk iOS apps and scale campaigns.\",\"breadcrumb\":{\"@id\":\"https:\/\/cloakmyads.com\/buy\/buy-apple-developer-accounts-cloaking\/#breadcrumb\"},\"inLanguage\":\"fr-FR\",\"potentialAction\":[{\"@type\":\"ReadAction\",\"target\":[\"https:\/\/cloakmyads.com\/buy\/buy-apple-developer-accounts-cloaking\/\"]}]},{\"@type\":\"ImageObject\",\"inLanguage\":\"fr-FR\",\"@id\":\"https:\/\/cloakmyads.com\/buy\/buy-apple-developer-accounts-cloaking\/#primaryimage\",\"url\":\"https:\/\/cloakmyads.com\/wp-content\/uploads\/2024\/04\/apple-developer-accounts-cloaking.png\",\"contentUrl\":\"https:\/\/cloakmyads.com\/wp-content\/uploads\/2024\/04\/apple-developer-accounts-cloaking.png\",\"width\":940,\"height\":640},{\"@type\":\"BreadcrumbList\",\"@id\":\"https:\/\/cloakmyads.com\/buy\/buy-apple-developer-accounts-cloaking\/#breadcrumb\",\"itemListElement\":[{\"@type\":\"ListItem\",\"position\":1,\"name\":\"Home\",\"item\":\"https:\/\/cloakmyads.com\/\"},{\"@type\":\"ListItem\",\"position\":2,\"name\":\"Shop\",\"item\":\"https:\/\/cloakmyads.com\/ar\/%d9%85%d8%aa%d8%ac%d8%b1\/\"},{\"@type\":\"ListItem\",\"position\":3,\"name\":\"Apple Developer Cloaking Accounts\"}]},{\"@type\":\"WebSite\",\"@id\":\"https:\/\/cloakmyads.com\/#website\",\"url\":\"https:\/\/cloakmyads.com\/\",\"name\":\"CloakMyAds\",\"description\":\"\",\"publisher\":{\"@id\":\"https:\/\/cloakmyads.com\/#organization\"},\"potentialAction\":[{\"@type\":\"SearchAction\",\"target\":{\"@type\":\"EntryPoint\",\"urlTemplate\":\"https:\/\/cloakmyads.com\/?s={search_term_string}\"},\"query-input\":{\"@type\":\"PropertyValueSpecification\",\"valueRequired\":true,\"valueName\":\"search_term_string\"}}],\"inLanguage\":\"fr-FR\"},{\"@type\":\"Organization\",\"@id\":\"https:\/\/cloakmyads.com\/#organization\",\"name\":\"Buy Google Ads Accounts\",\"url\":\"https:\/\/cloakmyads.com\/\",\"logo\":{\"@type\":\"ImageObject\",\"inLanguage\":\"fr-FR\",\"@id\":\"https:\/\/cloakmyads.com\/#\/schema\/logo\/image\/\",\"url\":\"https:\/\/cloakmyads.com\/wp-content\/uploads\/2025\/11\/fav-cloak.jpg\",\"contentUrl\":\"https:\/\/cloakmyads.com\/wp-content\/uploads\/2025\/11\/fav-cloak.jpg\",\"width\":512,\"height\":512,\"caption\":\"Buy Google Ads Accounts\"},\"image\":{\"@id\":\"https:\/\/cloakmyads.com\/#\/schema\/logo\/image\/\"}}]}<\/script>\n<!-- \/ Yoast SEO Premium plugin. -->","yoast_head_json":{"title":"Acheter des comptes de dissimulation de d\u00e9veloppeurs Apple - Crypto &amp; Gambling","description":"Achetez des comptes Apple Developer Cloaking pour les applications de cryptographie, de jeux d'argent, de rencontres et d'IPTV. Comptes v\u00e9rifi\u00e9s pour publier des applications iOS \u00e0 haut risque et d\u00e9velopper des campagnes.","robots":{"index":"index","follow":"follow","max-snippet":"max-snippet:-1","max-image-preview":"max-image-preview:large","max-video-preview":"max-video-preview:-1"},"canonical":"https:\/\/cloakmyads.com\/fr\/acheter\/acheter-des-comptes-developpeurs-apple-cloaking\/","og_locale":"fr_FR","og_type":"article","og_title":"Apple Developer Cloaking Accounts","og_description":"Buy Apple Developer Cloaking Accounts for crypto, gambling, dating and IPTV apps. Verified accounts to publish high-risk iOS apps and scale campaigns.","og_url":"https:\/\/cloakmyads.com\/fr\/acheter\/acheter-des-comptes-developpeurs-apple-cloaking\/","og_site_name":"CloakMyAds","article_modified_time":"2025-10-03T15:31:22+00:00","og_image":[{"width":940,"height":640,"url":"https:\/\/cloakmyads.com\/wp-content\/uploads\/2024\/04\/apple-developer-accounts-cloaking.png","type":"image\/png"}],"twitter_card":"summary_large_image","twitter_misc":{"Dur\u00e9e de lecture estim\u00e9e":"2 minutes"},"schema":{"@context":"https:\/\/schema.org","@graph":[{"@type":"WebPage","@id":"https:\/\/cloakmyads.com\/buy\/buy-apple-developer-accounts-cloaking\/","url":"https:\/\/cloakmyads.com\/buy\/buy-apple-developer-accounts-cloaking\/","name":"Acheter des comptes de dissimulation de d\u00e9veloppeurs Apple - Crypto &amp; Gambling","isPartOf":{"@id":"https:\/\/cloakmyads.com\/#website"},"primaryImageOfPage":{"@id":"https:\/\/cloakmyads.com\/buy\/buy-apple-developer-accounts-cloaking\/#primaryimage"},"image":{"@id":"https:\/\/cloakmyads.com\/buy\/buy-apple-developer-accounts-cloaking\/#primaryimage"},"thumbnailUrl":"https:\/\/cloakmyads.com\/wp-content\/uploads\/2024\/04\/apple-developer-accounts-cloaking.png","datePublished":"2024-04-01T16:25:57+00:00","dateModified":"2025-10-03T15:31:22+00:00","description":"Achetez des comptes Apple Developer Cloaking pour les applications de cryptographie, de jeux d'argent, de rencontres et d'IPTV. Comptes v\u00e9rifi\u00e9s pour publier des applications iOS \u00e0 haut risque et d\u00e9velopper des campagnes.","breadcrumb":{"@id":"https:\/\/cloakmyads.com\/buy\/buy-apple-developer-accounts-cloaking\/#breadcrumb"},"inLanguage":"fr-FR","potentialAction":[{"@type":"ReadAction","target":["https:\/\/cloakmyads.com\/buy\/buy-apple-developer-accounts-cloaking\/"]}]},{"@type":"ImageObject","inLanguage":"fr-FR","@id":"https:\/\/cloakmyads.com\/buy\/buy-apple-developer-accounts-cloaking\/#primaryimage","url":"https:\/\/cloakmyads.com\/wp-content\/uploads\/2024\/04\/apple-developer-accounts-cloaking.png","contentUrl":"https:\/\/cloakmyads.com\/wp-content\/uploads\/2024\/04\/apple-developer-accounts-cloaking.png","width":940,"height":640},{"@type":"BreadcrumbList","@id":"https:\/\/cloakmyads.com\/buy\/buy-apple-developer-accounts-cloaking\/#breadcrumb","itemListElement":[{"@type":"ListItem","position":1,"name":"Home","item":"https:\/\/cloakmyads.com\/"},{"@type":"ListItem","position":2,"name":"Shop","item":"https:\/\/cloakmyads.com\/ar\/%d9%85%d8%aa%d8%ac%d8%b1\/"},{"@type":"ListItem","position":3,"name":"Apple Developer Cloaking Accounts"}]},{"@type":"WebSite","@id":"https:\/\/cloakmyads.com\/#website","url":"https:\/\/cloakmyads.com\/","name":"CloakMyAds","description":"","publisher":{"@id":"https:\/\/cloakmyads.com\/#organization"},"potentialAction":[{"@type":"SearchAction","target":{"@type":"EntryPoint","urlTemplate":"https:\/\/cloakmyads.com\/?s={search_term_string}"},"query-input":{"@type":"PropertyValueSpecification","valueRequired":true,"valueName":"search_term_string"}}],"inLanguage":"fr-FR"},{"@type":"Organization","@id":"https:\/\/cloakmyads.com\/#organization","name":"Acheter des comptes Google Ads","url":"https:\/\/cloakmyads.com\/","logo":{"@type":"ImageObject","inLanguage":"fr-FR","@id":"https:\/\/cloakmyads.com\/#\/schema\/logo\/image\/","url":"https:\/\/cloakmyads.com\/wp-content\/uploads\/2025\/11\/fav-cloak.jpg","contentUrl":"https:\/\/cloakmyads.com\/wp-content\/uploads\/2025\/11\/fav-cloak.jpg","width":512,"height":512,"caption":"Buy Google Ads Accounts"},"image":{"@id":"https:\/\/cloakmyads.com\/#\/schema\/logo\/image\/"}}]}},"_links":{"self":[{"href":"https:\/\/cloakmyads.com\/fr\/wp-json\/wp\/v2\/product\/4939","targetHints":{"allow":["GET"]}}],"collection":[{"href":"https:\/\/cloakmyads.com\/fr\/wp-json\/wp\/v2\/product"}],"about":[{"href":"https:\/\/cloakmyads.com\/fr\/wp-json\/wp\/v2\/types\/product"}],"version-history":[{"count":5,"href":"https:\/\/cloakmyads.com\/fr\/wp-json\/wp\/v2\/product\/4939\/revisions"}],"predecessor-version":[{"id":9753,"href":"https:\/\/cloakmyads.com\/fr\/wp-json\/wp\/v2\/product\/4939\/revisions\/9753"}],"wp:featuredmedia":[{"embeddable":true,"href":"https:\/\/cloakmyads.com\/fr\/wp-json\/wp\/v2\/media\/9383"}],"wp:attachment":[{"href":"https:\/\/cloakmyads.com\/fr\/wp-json\/wp\/v2\/media?parent=4939"}],"wp:term":[{"taxonomy":"product_brand","embeddable":true,"href":"https:\/\/cloakmyads.com\/fr\/wp-json\/wp\/v2\/product_brand?post=4939"},{"taxonomy":"product_cat","embeddable":true,"href":"https:\/\/cloakmyads.com\/fr\/wp-json\/wp\/v2\/product_cat?post=4939"},{"taxonomy":"product_tag","embeddable":true,"href":"https:\/\/cloakmyads.com\/fr\/wp-json\/wp\/v2\/product_tag?post=4939"}],"curies":[{"name":"wp","href":"https:\/\/api.w.org\/{rel}","templated":true}]}}