{"id":9593,"date":"2025-09-22T15:24:52","date_gmt":"2025-09-22T14:24:52","guid":{"rendered":"https:\/\/cloakmyads.com\/?post_type=product&#038;p=9593"},"modified":"2025-11-08T09:40:30","modified_gmt":"2025-11-08T14:40:30","slug":"juegos-de-azar-apuestas-loteria-anuncios-cloaking","status":"publish","type":"product","link":"https:\/\/cloakmyads.com\/es\/comprar\/juegos-de-azar-apuestas-loteria-anuncios-cloaking\/","title":{"rendered":"Juego Apuestas Loter\u00eda Anuncios Cloaking"},"content":{"rendered":"<p data-start=\"447\" data-end=\"723\">Ejecute anuncios con confianza en Google, Facebook, TikTok y Native sin provocar desaprobaciones o prohibiciones.<\/p>\n<p data-start=\"725\" data-end=\"1015\">Tanto si empujas <strong data-start=\"748\" data-end=\"757\">1xApuesta<\/strong>, <strong data-start=\"759\" data-end=\"769\">Bet365<\/strong>, <strong data-start=\"771\" data-end=\"794\">Embudos Spin-to-Win<\/strong>, o <strong data-start=\"799\" data-end=\"827\">\u201cSorteo \u201dGana un iPhone<\/strong>, nuestro camuflador filtra revisores, bots y actividad sospechosa antes de que llegue a su p\u00e1gina de destino real. Las redirecciones son instant\u00e1neas y personalizables por dispositivo, ubicaci\u00f3n, idioma y m\u00e1s.<\/p>\n<p data-start=\"1017\" data-end=\"1239\">Esta soluci\u00f3n cuenta con la confianza de <strong data-start=\"1045\" data-end=\"1068\">vendedores afiliados<\/strong>, <strong data-start=\"1070\" data-end=\"1085\">principales compradores<\/strong>, y <strong data-start=\"1091\" data-end=\"1103\">agencias<\/strong> que operan en regiones o sectores verticales de alto riesgo. Le permite ampliar las campa\u00f1as sin tener que reconstruir constantemente las cuentas o luchar contra el cumplimiento.<\/p>","protected":false},"excerpt":{"rendered":"<p>Publique anuncios restringidos como casinos, apuestas deportivas, sorteos y loter\u00edas con una ocultaci\u00f3n de alto rendimiento que mantiene sus anuncios activos y sus cuentas seguras.<\/p>","protected":false},"featured_media":9556,"template":"","meta":{"_acf_changed":false},"product_brand":[],"product_cat":[325],"product_tag":[],"class_list":{"0":"post-9593","1":"product","2":"type-product","3":"status-publish","4":"has-post-thumbnail","6":"product_cat-cloaking","8":"first","9":"instock","10":"purchasable","11":"product-type-simple"},"acf":[],"yoast_head":"<!-- This site is optimized with the Yoast SEO Premium plugin v26.6 (Yoast SEO v26.7) - https:\/\/yoast.com\/wordpress\/plugins\/seo\/ -->\n<title>Buy Gambling Ads Cloaking \u2013 Betting &amp; Lottery Safe<\/title>\n<meta name=\"description\" content=\"Buy Betting &amp; Lottery Ads Cloaking to bypass ad policies, hide gambling content, and keep campaigns running without bans.\" \/>\n<meta name=\"robots\" content=\"index, follow, max-snippet:-1, max-image-preview:large, max-video-preview:-1\" \/>\n<link rel=\"canonical\" href=\"https:\/\/cloakmyads.com\/es\/comprar\/juegos-de-azar-apuestas-loteria-anuncios-cloaking\/\" \/>\n<meta property=\"og:locale\" content=\"es_ES\" \/>\n<meta property=\"og:type\" content=\"article\" \/>\n<meta property=\"og:title\" content=\"Gambling Betting Lottery Ads Cloaking\" \/>\n<meta property=\"og:description\" content=\"Buy Betting &amp; Lottery Ads Cloaking to bypass ad policies, hide gambling content, and keep campaigns running without bans.\" \/>\n<meta property=\"og:url\" content=\"https:\/\/cloakmyads.com\/es\/comprar\/juegos-de-azar-apuestas-loteria-anuncios-cloaking\/\" \/>\n<meta property=\"og:site_name\" content=\"CloakMyAds\" \/>\n<meta property=\"article:modified_time\" content=\"2025-11-08T14:40:30+00:00\" \/>\n<meta property=\"og:image\" content=\"https:\/\/cloakmyads.com\/wp-content\/uploads\/2025\/09\/cloaking-ads.jpg\" \/>\n\t<meta property=\"og:image:width\" content=\"605\" \/>\n\t<meta property=\"og:image:height\" content=\"400\" \/>\n\t<meta property=\"og:image:type\" content=\"image\/jpeg\" \/>\n<meta name=\"twitter:card\" content=\"summary_large_image\" \/>\n<meta name=\"twitter:label1\" content=\"Tiempo de lectura\" \/>\n\t<meta name=\"twitter:data1\" content=\"1 minuto\" \/>\n<script type=\"application\/ld+json\" class=\"yoast-schema-graph\">{\"@context\":\"https:\/\/schema.org\",\"@graph\":[{\"@type\":\"WebPage\",\"@id\":\"https:\/\/cloakmyads.com\/buy\/gambling-betting-lottery-ads-cloaking\/\",\"url\":\"https:\/\/cloakmyads.com\/buy\/gambling-betting-lottery-ads-cloaking\/\",\"name\":\"Buy Gambling Ads Cloaking \u2013 Betting & Lottery Safe\",\"isPartOf\":{\"@id\":\"https:\/\/cloakmyads.com\/#website\"},\"primaryImageOfPage\":{\"@id\":\"https:\/\/cloakmyads.com\/buy\/gambling-betting-lottery-ads-cloaking\/#primaryimage\"},\"image\":{\"@id\":\"https:\/\/cloakmyads.com\/buy\/gambling-betting-lottery-ads-cloaking\/#primaryimage\"},\"thumbnailUrl\":\"https:\/\/cloakmyads.com\/wp-content\/uploads\/2025\/09\/cloaking-ads.jpg\",\"datePublished\":\"2025-09-22T14:24:52+00:00\",\"dateModified\":\"2025-11-08T14:40:30+00:00\",\"description\":\"Buy Betting & Lottery Ads Cloaking to bypass ad policies, hide gambling content, and keep campaigns running without bans.\",\"breadcrumb\":{\"@id\":\"https:\/\/cloakmyads.com\/buy\/gambling-betting-lottery-ads-cloaking\/#breadcrumb\"},\"inLanguage\":\"es\",\"potentialAction\":[{\"@type\":\"ReadAction\",\"target\":[\"https:\/\/cloakmyads.com\/buy\/gambling-betting-lottery-ads-cloaking\/\"]}]},{\"@type\":\"ImageObject\",\"inLanguage\":\"es\",\"@id\":\"https:\/\/cloakmyads.com\/buy\/gambling-betting-lottery-ads-cloaking\/#primaryimage\",\"url\":\"https:\/\/cloakmyads.com\/wp-content\/uploads\/2025\/09\/cloaking-ads.jpg\",\"contentUrl\":\"https:\/\/cloakmyads.com\/wp-content\/uploads\/2025\/09\/cloaking-ads.jpg\",\"width\":605,\"height\":400,\"caption\":\"Ads cloaking\"},{\"@type\":\"BreadcrumbList\",\"@id\":\"https:\/\/cloakmyads.com\/buy\/gambling-betting-lottery-ads-cloaking\/#breadcrumb\",\"itemListElement\":[{\"@type\":\"ListItem\",\"position\":1,\"name\":\"Home\",\"item\":\"https:\/\/cloakmyads.com\/\"},{\"@type\":\"ListItem\",\"position\":2,\"name\":\"Shop\",\"item\":\"https:\/\/cloakmyads.com\/ar\/%d9%85%d8%aa%d8%ac%d8%b1\/\"},{\"@type\":\"ListItem\",\"position\":3,\"name\":\"Gambling Betting Lottery Ads Cloaking\"}]},{\"@type\":\"WebSite\",\"@id\":\"https:\/\/cloakmyads.com\/#website\",\"url\":\"https:\/\/cloakmyads.com\/\",\"name\":\"CloakMyAds\",\"description\":\"\",\"publisher\":{\"@id\":\"https:\/\/cloakmyads.com\/#organization\"},\"potentialAction\":[{\"@type\":\"SearchAction\",\"target\":{\"@type\":\"EntryPoint\",\"urlTemplate\":\"https:\/\/cloakmyads.com\/?s={search_term_string}\"},\"query-input\":{\"@type\":\"PropertyValueSpecification\",\"valueRequired\":true,\"valueName\":\"search_term_string\"}}],\"inLanguage\":\"es\"},{\"@type\":\"Organization\",\"@id\":\"https:\/\/cloakmyads.com\/#organization\",\"name\":\"Buy Google Ads Accounts\",\"url\":\"https:\/\/cloakmyads.com\/\",\"logo\":{\"@type\":\"ImageObject\",\"inLanguage\":\"es\",\"@id\":\"https:\/\/cloakmyads.com\/#\/schema\/logo\/image\/\",\"url\":\"https:\/\/cloakmyads.com\/wp-content\/uploads\/2025\/11\/fav-cloak.jpg\",\"contentUrl\":\"https:\/\/cloakmyads.com\/wp-content\/uploads\/2025\/11\/fav-cloak.jpg\",\"width\":512,\"height\":512,\"caption\":\"Buy Google Ads Accounts\"},\"image\":{\"@id\":\"https:\/\/cloakmyads.com\/#\/schema\/logo\/image\/\"}}]}<\/script>\n<!-- \/ Yoast SEO Premium plugin. -->","yoast_head_json":{"title":"Comprar Gambling Ads Cloaking - Apuestas y Loter\u00eda Seguro","description":"Adquiera anuncios de apuestas y loter\u00edas para eludir las pol\u00edticas publicitarias, ocultar el contenido de los juegos de azar y mantener las campa\u00f1as en funcionamiento sin prohibiciones.","robots":{"index":"index","follow":"follow","max-snippet":"max-snippet:-1","max-image-preview":"max-image-preview:large","max-video-preview":"max-video-preview:-1"},"canonical":"https:\/\/cloakmyads.com\/es\/comprar\/juegos-de-azar-apuestas-loteria-anuncios-cloaking\/","og_locale":"es_ES","og_type":"article","og_title":"Gambling Betting Lottery Ads Cloaking","og_description":"Buy Betting & Lottery Ads Cloaking to bypass ad policies, hide gambling content, and keep campaigns running without bans.","og_url":"https:\/\/cloakmyads.com\/es\/comprar\/juegos-de-azar-apuestas-loteria-anuncios-cloaking\/","og_site_name":"CloakMyAds","article_modified_time":"2025-11-08T14:40:30+00:00","og_image":[{"width":605,"height":400,"url":"https:\/\/cloakmyads.com\/wp-content\/uploads\/2025\/09\/cloaking-ads.jpg","type":"image\/jpeg"}],"twitter_card":"summary_large_image","twitter_misc":{"Tiempo de lectura":"1 minuto"},"schema":{"@context":"https:\/\/schema.org","@graph":[{"@type":"WebPage","@id":"https:\/\/cloakmyads.com\/buy\/gambling-betting-lottery-ads-cloaking\/","url":"https:\/\/cloakmyads.com\/buy\/gambling-betting-lottery-ads-cloaking\/","name":"Comprar Gambling Ads Cloaking - Apuestas y Loter\u00eda Seguro","isPartOf":{"@id":"https:\/\/cloakmyads.com\/#website"},"primaryImageOfPage":{"@id":"https:\/\/cloakmyads.com\/buy\/gambling-betting-lottery-ads-cloaking\/#primaryimage"},"image":{"@id":"https:\/\/cloakmyads.com\/buy\/gambling-betting-lottery-ads-cloaking\/#primaryimage"},"thumbnailUrl":"https:\/\/cloakmyads.com\/wp-content\/uploads\/2025\/09\/cloaking-ads.jpg","datePublished":"2025-09-22T14:24:52+00:00","dateModified":"2025-11-08T14:40:30+00:00","description":"Adquiera anuncios de apuestas y loter\u00edas para eludir las pol\u00edticas publicitarias, ocultar el contenido de los juegos de azar y mantener las campa\u00f1as en funcionamiento sin prohibiciones.","breadcrumb":{"@id":"https:\/\/cloakmyads.com\/buy\/gambling-betting-lottery-ads-cloaking\/#breadcrumb"},"inLanguage":"es","potentialAction":[{"@type":"ReadAction","target":["https:\/\/cloakmyads.com\/buy\/gambling-betting-lottery-ads-cloaking\/"]}]},{"@type":"ImageObject","inLanguage":"es","@id":"https:\/\/cloakmyads.com\/buy\/gambling-betting-lottery-ads-cloaking\/#primaryimage","url":"https:\/\/cloakmyads.com\/wp-content\/uploads\/2025\/09\/cloaking-ads.jpg","contentUrl":"https:\/\/cloakmyads.com\/wp-content\/uploads\/2025\/09\/cloaking-ads.jpg","width":605,"height":400,"caption":"Ads cloaking"},{"@type":"BreadcrumbList","@id":"https:\/\/cloakmyads.com\/buy\/gambling-betting-lottery-ads-cloaking\/#breadcrumb","itemListElement":[{"@type":"ListItem","position":1,"name":"Home","item":"https:\/\/cloakmyads.com\/"},{"@type":"ListItem","position":2,"name":"Shop","item":"https:\/\/cloakmyads.com\/ar\/%d9%85%d8%aa%d8%ac%d8%b1\/"},{"@type":"ListItem","position":3,"name":"Gambling Betting Lottery Ads Cloaking"}]},{"@type":"WebSite","@id":"https:\/\/cloakmyads.com\/#website","url":"https:\/\/cloakmyads.com\/","name":"CloakMyAds","description":"","publisher":{"@id":"https:\/\/cloakmyads.com\/#organization"},"potentialAction":[{"@type":"SearchAction","target":{"@type":"EntryPoint","urlTemplate":"https:\/\/cloakmyads.com\/?s={search_term_string}"},"query-input":{"@type":"PropertyValueSpecification","valueRequired":true,"valueName":"search_term_string"}}],"inLanguage":"es"},{"@type":"Organization","@id":"https:\/\/cloakmyads.com\/#organization","name":"Comprar cuentas de Google Ads","url":"https:\/\/cloakmyads.com\/","logo":{"@type":"ImageObject","inLanguage":"es","@id":"https:\/\/cloakmyads.com\/#\/schema\/logo\/image\/","url":"https:\/\/cloakmyads.com\/wp-content\/uploads\/2025\/11\/fav-cloak.jpg","contentUrl":"https:\/\/cloakmyads.com\/wp-content\/uploads\/2025\/11\/fav-cloak.jpg","width":512,"height":512,"caption":"Buy Google Ads Accounts"},"image":{"@id":"https:\/\/cloakmyads.com\/#\/schema\/logo\/image\/"}}]}},"_links":{"self":[{"href":"https:\/\/cloakmyads.com\/es\/wp-json\/wp\/v2\/product\/9593","targetHints":{"allow":["GET"]}}],"collection":[{"href":"https:\/\/cloakmyads.com\/es\/wp-json\/wp\/v2\/product"}],"about":[{"href":"https:\/\/cloakmyads.com\/es\/wp-json\/wp\/v2\/types\/product"}],"version-history":[{"count":3,"href":"https:\/\/cloakmyads.com\/es\/wp-json\/wp\/v2\/product\/9593\/revisions"}],"predecessor-version":[{"id":9856,"href":"https:\/\/cloakmyads.com\/es\/wp-json\/wp\/v2\/product\/9593\/revisions\/9856"}],"wp:featuredmedia":[{"embeddable":true,"href":"https:\/\/cloakmyads.com\/es\/wp-json\/wp\/v2\/media\/9556"}],"wp:attachment":[{"href":"https:\/\/cloakmyads.com\/es\/wp-json\/wp\/v2\/media?parent=9593"}],"wp:term":[{"taxonomy":"product_brand","embeddable":true,"href":"https:\/\/cloakmyads.com\/es\/wp-json\/wp\/v2\/product_brand?post=9593"},{"taxonomy":"product_cat","embeddable":true,"href":"https:\/\/cloakmyads.com\/es\/wp-json\/wp\/v2\/product_cat?post=9593"},{"taxonomy":"product_tag","embeddable":true,"href":"https:\/\/cloakmyads.com\/es\/wp-json\/wp\/v2\/product_tag?post=9593"}],"curies":[{"name":"wp","href":"https:\/\/api.w.org\/{rel}","templated":true}]}}